{"id":1476014,"date":"2025-11-12T17:24:56","date_gmt":"2025-11-12T17:24:56","guid":{"rendered":"https:\/\/talkpal.ai\/exercicios-de-gramatica-uzbeka\/"},"modified":"2025-12-30T13:32:14","modified_gmt":"2025-12-30T13:32:14","slug":"exercicios-de-gramatica-uzbeka","status":"publish","type":"page","link":"https:\/\/talkpal.ai\/gl\/exercicios-de-gramatica-uzbeka\/","title":{"rendered":"Exercicios de gram\u00e1tica uzbeka"},"content":{"rendered":"\r\n\r\n\r\n<section class=\"languageChallengeSection\">\r\n    <div class=\"languageInfoWrapper\">\r\n        \r\n        <h1>Exercicios de gram\u00e1tica uzbeka<\/h1>\r\n        <p>Preparado para mergullarse na <a href=\"https:\/\/talkpal.ai\/uzbek-grammar\/\">gram\u00e1tica uzbeka<\/a>? Practicar uns cantos conceptos b\u00e1sicos axudarache a sentirte c\u00f3modo con esta lingua \u00fanica e fermosa. Proba estes exercicios para ga\u00f1ar confianza e divertirte polo cami\u00f1o!<\/p>\r\n\r\n                            <a class=\"getStartedHidden\" href=\"https:\/\/app.talkpal.ai\/signup?lng=\">Empeza<\/a>\r\n        \r\n    <\/div>\r\n\r\n    <figure>\r\n    <img decoding=\"async\" width=\"768\" height=\"768\" src=\"https:\/\/talkpal.ai\/wp-content\/uploads\/2023\/06\/welsh-768x768.png\" class=\"languageImage no-lazy\" alt=\"Language learning for better cognitive abilities\" fetchpriority=\"high\" sizes=\"(max-width: 768px) 150px, 768px\" srcset=\"https:\/\/talkpal.ai\/wp-content\/uploads\/2023\/06\/welsh-768x768.png 768w, https:\/\/talkpal.ai\/wp-content\/uploads\/2023\/06\/welsh-300x300.png 300w\" \/>\r\n    \r\n\r\n    <\/figure>\r\n\r\n            <a class=\"getStartedVisible\" href=\"https:\/\/app.talkpal.ai\/signup?lng=\">Empeza<\/a>\r\n    \r\n<\/section><section class=\"promotionalBanner\">\r\n    <p class=\"promotionalText\">A forma m\u00e1is eficaz de aprender un idioma<\/p>\r\n    <a class=\"promotionalLink\" href=\"https:\/\/app.talkpal.ai\/signup?lng=\">Proba Talkpal de balde<\/a>\r\n<\/section>\n<div class=\"wp-block-group pageContainerStyle\"><div class=\"wp-block-group__inner-container is-layout-constrained wp-block-group-is-layout-constrained\">\n<h2 class=\"wp-block-heading\" id=\"h-uzbek-grammar-topics\">Temas de gram\u00e1tica uzbeka<\/h2>\n\n\n\n<p><a href=\"https:\/\/talkpal.ai\/gl\/os-maiores-erros-que-hai-que-evitar-ao-aprender-unha-nova-lingua\/\">Aprender un novo idioma<\/a> pode ser un esforzo desafiante pero gratificante. O <a href=\"https:\/\/talkpal.ai\/learn-uzbek\/\">uzbeko<\/a>, unha lingua turca falada principalmente en Uzbekist\u00e1n e rexi\u00f3ns veci\u00f1as, non \u00e9 unha excepci\u00f3n. Coas s\u00faas caracter\u00edsticas e estruturas aglutinantes, <a href=\"https:\/\/talkpal.ai\/gl\/talkpal-para-a-educacion\/\">a aprendizaxe<\/a> do uzbeko require un enfoque sistem\u00e1tico para comprender a s\u00faa gram\u00e1tica. Esta gu\u00eda describe as \u00e1reas clave da <a href=\"https:\/\/talkpal.ai\/gl\/gramatica-uzbeka\/\">gram\u00e1tica uzbeka<\/a> nunha secuencia l\u00f3xica para a <a href=\"https:\/\/talkpal.ai\/gl\/talkpal-para-a-educacion\/\">aprendizaxe de idiomas<\/a>, comezando polos elementos b\u00e1sicos <a href=\"https:\/\/talkpal.ai\/locations\/language-courses-in-como\/\">como<\/a> substantivos e artigos, e avanzando a \u00e1reas m\u00e1is complexas como os tempos e a construci\u00f3n de frases.<\/p>\n\n\n\n<h3 class=\"wp-block-heading\" id=\"h-1-nouns\">1. Substantivos:<\/h3>\n\n\n\n<p>Comeza a t\u00faa viaxe en lingua uzbeka aprendendo os substantivos. Isto incl\u00fae comprender as diferentes categor\u00edas de substantivos, como os nomes com\u00fans e propios, as\u00ed como as s\u00faas formas plurais. Aprende o sufixo plural -lar e as terminaci\u00f3ns de casos principais como -ni, -ga, -da, -dan e -ning.<\/p>\n\n\n\n<h3 class=\"wp-block-heading\" id=\"h-2-articles\">2. Artigos:<\/h3>\n\n\n\n<p>O <a href=\"https:\/\/talkpal.ai\/learn-galician\/\">galego<\/a> non ten artigos. Comprender como se expresa a definici\u00f3n polo contexto, a orde das palabras e o marcador de obxecto directo -ni \u00e9 crucial na construci\u00f3n de frases.<\/p>\n\n\n\n<h3 class=\"wp-block-heading\" id=\"h-3-adjectives\">3. Adxectivos:<\/h3>\n\n\n\n<p>Os adxectivos en uzbeko adoitan preceder aos seus substantivos, a diferenza do <a href=\"https:\/\/talkpal.ai\/es\/locations\/aprende-ingles-en-orange\/\">ingl\u00e9s<\/a> nalg\u00fans casos. Non est\u00e1n de acordo en sexo nin n\u00famero. Aprende a formar comparativos e superlativos usando -roq e eng, e como intensificadores como juda afectan o significado.<\/p>\n\n\n\n<h3 class=\"wp-block-heading\" id=\"h-4-pronouns-determiners\">4. Pronomes\/Determinadores:<\/h3>\n\n\n\n<p>Os pronomes e determinantes son esenciais en uzbeko; substit\u00faen substantivos e proporcionan informaci\u00f3n sobre cantidade, posesi\u00f3n e moito m\u00e1is. Aprende pronomes persoais, demostrativos como bu, shu, u, sufixos posesivos como -im, -ing, -i, e como se combinan con terminaci\u00f3ns de casos para un uso correcto.<\/p>\n\n\n\n<h3 class=\"wp-block-heading\" id=\"h-5-verbs\">5. Verbos:<\/h3>\n\n\n\n<p>Os verbos uzbekos te\u00f1en diferentes formas dependendo do tempo, aspecto, estado de \u00e1nimo e persoa. <a href=\"https:\/\/talkpal.ai\/ko\/ai-%ec%96%b8%ec%96%b4-%ea%b5%90%ec%82%ac\/\">Comezar<\/a> co <a href=\"https:\/\/talkpal.ai\/zh-hans\/grammar_exercises\/presente-%e8%a5%bf%e7%8f%ad%e7%89%99%e8%af%ad%e6%b3%95%e7%bb%83%e4%b9%a0\/\">presente<\/a> habitual -adi e o <a href=\"https:\/\/talkpal.ai\/es\/grammar_exercises\/el-presente-progresivo-en-la-gramatica-inglesa\/\">presente progresivo<\/a> -yapti ou -moqda, despois explorar o pasado simple -di, resultante -gan e expresi\u00f3ns futuras como -adi e -moqchi.<\/p>\n\n\n\n<h3 class=\"wp-block-heading\" id=\"h-6-tenses\">6. Tempos:<\/h3>\n\n\n\n<p>Despois de dominar as formas verbais, profunda nos tempos e aspectos uzbekos. Isto incl\u00fae a comprensi\u00f3n das diferenzas entre o presente habitual, o presente progresivo, o pasado simple, o resultante ou experiencial e as formas futuras, xunto con como se usan en diferentes contextos e rexistros.<\/p>\n\n\n\n<h3 class=\"wp-block-heading\" id=\"h-7-tense-comparison\">7. Comparaci\u00f3n de tempo:<\/h3>\n\n\n\n<p>A comparaci\u00f3n de tempos en uzbeko axuda a comprender a secuencia e o aspecto dos acontecementos. Comparar o mesmo verbo entre as formas habituais, progresivas, pasadas, resultantes e futuras proporcionar\u00e1 unha mellor comprensi\u00f3n da lingua uzbeka.<\/p>\n\n\n\n<h3 class=\"wp-block-heading\" id=\"h-8-progressive\">8. Progresivo:<\/h3>\n\n\n\n<p>O progresista en uzbeko \u00fasase para expresar acci\u00f3ns continuas. F\u00f3rmase cos marcadores -yap- ou -moqda unidos \u00e1 ra\u00edz do verbo, ou cun auxiliar como o yotmoq nas construci\u00f3ns anal\u00edticas.<\/p>\n\n\n\n<h3 class=\"wp-block-heading\" id=\"h-9-perfect-progressive\">9. Perfecto progresivo:<\/h3>\n\n\n\n<p>Isto util\u00edzase para expresar acci\u00f3ns que estiveron en curso ata un momento determinado. En uzbeko, transm\u00edtese con construci\u00f3ns como -ib kelmoq ou -ib turmoq, ou usando unha forma progresiva con edi para establecer un punto de referencia pasado.<\/p>\n\n\n\n<h3 class=\"wp-block-heading\" id=\"h-10-conditionals\">10. Condicionais:<\/h3>\n\n\n\n<p>Os condicionais expresan situaci\u00f3ns hipot\u00e9ticas e os seus posibles resultados. Son unha parte importante da gram\u00e1tica uzbeka e engadir\u00e1n complexidade \u00e1s t\u00faas habilidades ling\u00fc\u00edsticas. Usa o sufixo -sa, a mi\u00fado con agar, e forma contrafactuais con patr\u00f3ns como -gan bo&#8217;lardi ou bo&#8217;lganida.<\/p>\n\n\n\n<h3 class=\"wp-block-heading\" id=\"h-11-adverbs\">11. Adverbios:<\/h3>\n\n\n\n<p>Os adverbios en uzbeko modifican verbos, adxectivos ou outros adverbios. Ofrecen informaci\u00f3n sobre a forma, o lugar, a hora, a titulaci\u00f3n e moito m\u00e1is. Moitos adverbios son l\u00e9xicos e alg\u00fans est\u00e1n formados con sufixos como -cha ou -lab.<\/p>\n\n\n\n<h3 class=\"wp-block-heading\" id=\"h-12-prepositions\">12. Preposici\u00f3ns:<\/h3>\n\n\n\n<p>As preposici\u00f3ns enlazan palabras e frases. En uzbeko, estas relaci\u00f3ns expr\u00e9sanse principalmente con finais de casos e postposici\u00f3ns en lugar de preposici\u00f3ns. Aprende o uso de casos como -da, -dan, -ga e postposici\u00f3ns com\u00fans como uchun, bilan, oldin, keyin, tomon e kabi.<\/p>\n\n\n\n<h3 class=\"wp-block-heading\" id=\"h-13-sentences\">13. Oraci\u00f3ns:<\/h3>\n\n\n\n<p>Por \u00faltimo, practica a construci\u00f3n de frases. Isto implicar\u00e1 o uso de todos os puntos gramaticais aprendidos previamente no contexto, asegurando as\u00ed unha comprensi\u00f3n completa da lingua uzbeka. Preste atenci\u00f3n \u00e1 orde de palabras t\u00edpica de SOV, a part\u00edcula de pregunta mi e a negaci\u00f3n con -ma para verbos e emas para predicados nominais.<\/p>\n<\/div><\/div>\n\r\n<section class=\"learnNavigationSection\">\r\n            \r\n        <a href=\"https:\/\/talkpal.ai\/gl\/aprende-uzbeko\/\">\r\n            <div class=\"learnNavigationWrapper\">\r\n                <div class=\"learnNavigationContent\">\r\n                    <img decoding=\"async\" src=\"https:\/\/talkpal.ai\/wp-content\/uploads\/2025\/11\/Uzbek.png\" alt=\"Uzbek Flag\">\r\n                    <div>\r\n                        <h4>Sobre a aprendizaxe uzbeka<\/h4>\r\n                        <p>Descubre todo sobre a gram\u00e1tica uzbeka.<\/p>\r\n                    <\/div>\r\n                <\/div>\r\n            <\/div>\r\n        <\/a>\r\n\r\n        \r\n        <a href=\"https:\/\/talkpal.ai\/gl\/gramatica-uzbeka\/\">\r\n            <div class=\"learnNavigationWrapper\">\r\n                <div class=\"learnNavigationContent\">\r\n                    <img decoding=\"async\" src=\"https:\/\/talkpal.ai\/wp-content\/uploads\/2025\/11\/Uzbek.png\" alt=\"Uzbek Flag\">\r\n                    <div>\r\n                        <h4>Lecci\u00f3ns de gram\u00e1tica uzbeka<\/h4>\r\n                        <p>Practica a gram\u00e1tica uzbeka.<\/p>\r\n                    <\/div>\r\n                <\/div>\r\n            <\/div>\r\n        <\/a>\r\n\r\n            <\/section>","protected":false},"excerpt":{"rendered":"<p>Temas de gram\u00e1tica uzbeka Aprender un novo idioma pode ser un esforzo desafiante pero gratificante. O uzbeko, unha lingua turca falada principalmente en Uzbekist\u00e1n e rexi\u00f3ns veci\u00f1as, non \u00e9 unha excepci\u00f3n. Coas s\u00faas caracter\u00edsticas e estruturas aglutinantes, a aprendizaxe do uzbeko require un enfoque sistem\u00e1tico para comprender a s\u00faa gram\u00e1tica. Esta gu\u00eda describe as \u00e1reas [&hellip;]<\/p>\n","protected":false},"author":20,"featured_media":0,"parent":0,"menu_order":0,"comment_status":"closed","ping_status":"closed","template":"LearningContentPage.php","meta":{"_acf_changed":false,"footnotes":""},"class_list":["post-1476014","page","type-page","status-publish","hentry"],"acf":[],"yoast_head":"<!-- This site is optimized with the Yoast SEO Premium plugin v27.2 (Yoast SEO v27.2) - https:\/\/yoast.com\/product\/yoast-seo-premium-wordpress\/ -->\n<title>Exercicios de gram\u00e1tica uzbeka - Talkpal<\/title>\n<meta name=\"description\" content=\"Domina a gram\u00e1tica uzbeka con exercicios interactivos que abarcan substantivos, verbos e tempos verbais para mellorar a t\u00faa fluidez na lingua.\" \/>\n<meta name=\"robots\" content=\"index, follow, max-snippet:-1, max-image-preview:large, max-video-preview:-1\" \/>\n<link rel=\"canonical\" href=\"https:\/\/talkpal.ai\/gl\/exercicios-de-gramatica-uzbeka\/\" \/>\n<meta property=\"og:locale\" content=\"gl_ES\" \/>\n<meta property=\"og:type\" content=\"article\" \/>\n<meta property=\"og:title\" content=\"Exercicios de gram\u00e1tica uzbeka\" \/>\n<meta property=\"og:description\" content=\"Temas de gram\u00e1tica uzbeka Aprender un novo idioma pode ser un esforzo desafiante pero gratificante. O uzbeko, unha lingua turca falada principalmente en\" \/>\n<meta property=\"og:url\" content=\"https:\/\/talkpal.ai\/gl\/exercicios-de-gramatica-uzbeka\/\" \/>\n<meta property=\"og:site_name\" content=\"Talkpal\" \/>\n<meta property=\"article:publisher\" content=\"https:\/\/www.facebook.com\/profile.php?id=100090733639311\" \/>\n<meta property=\"article:modified_time\" content=\"2025-12-30T13:32:14+00:00\" \/>\n<meta property=\"og:image\" content=\"https:\/\/talkpal.ai\/wp-content\/uploads\/2025\/02\/Progress-tab-16_9.png\" \/>\n\t<meta property=\"og:image:width\" content=\"2880\" \/>\n\t<meta property=\"og:image:height\" content=\"1620\" \/>\n\t<meta property=\"og:image:type\" content=\"image\/png\" \/>\n<meta name=\"twitter:card\" content=\"summary_large_image\" \/>\n<meta name=\"twitter:site\" content=\"@talkpalai\" \/>\n<meta name=\"twitter:label1\" content=\"Tempo de lectura\" \/>\n\t<meta name=\"twitter:data1\" content=\"4 minutos\" \/>\n<script type=\"application\/ld+json\" class=\"yoast-schema-graph\">{\"@context\":\"https:\/\/schema.org\",\"@graph\":[{\"@type\":\"WebPage\",\"@id\":\"https:\/\/talkpal.ai\/gl\/exercicios-de-gramatica-uzbeka\/\",\"url\":\"https:\/\/talkpal.ai\/gl\/exercicios-de-gramatica-uzbeka\/\",\"name\":\"Exercicios de gram\u00e1tica uzbeka - Talkpal\",\"isPartOf\":{\"@id\":\"https:\/\/talkpal.ai\/gl\/#website\"},\"datePublished\":\"2025-11-12T17:24:56+00:00\",\"dateModified\":\"2025-12-30T13:32:14+00:00\",\"description\":\"Domina a gram\u00e1tica uzbeka con exercicios interactivos que abarcan substantivos, verbos e tempos verbais para mellorar a t\u00faa fluidez na lingua.\",\"breadcrumb\":{\"@id\":\"https:\/\/talkpal.ai\/gl\/exercicios-de-gramatica-uzbeka\/#breadcrumb\"},\"inLanguage\":\"gl-ES\",\"potentialAction\":[{\"@type\":\"ReadAction\",\"target\":[\"https:\/\/talkpal.ai\/gl\/exercicios-de-gramatica-uzbeka\/\"]}]},{\"@type\":\"BreadcrumbList\",\"@id\":\"https:\/\/talkpal.ai\/gl\/exercicios-de-gramatica-uzbeka\/#breadcrumb\",\"itemListElement\":[{\"@type\":\"ListItem\",\"position\":1,\"name\":\"Homepage\",\"item\":\"https:\/\/talkpal.ai\/gl\/\"},{\"@type\":\"ListItem\",\"position\":2,\"name\":\"Exercicios de gram\u00e1tica uzbeka\"}]},{\"@type\":\"WebSite\",\"@id\":\"https:\/\/talkpal.ai\/gl\/#website\",\"url\":\"https:\/\/talkpal.ai\/gl\/\",\"name\":\"Talkpal\",\"description\":\"AI Language Learning\",\"publisher\":{\"@id\":\"https:\/\/talkpal.ai\/gl\/#organization\"},\"alternateName\":\"Talkpal AI\",\"potentialAction\":[{\"@type\":\"SearchAction\",\"target\":{\"@type\":\"EntryPoint\",\"urlTemplate\":\"https:\/\/talkpal.ai\/gl\/?s={search_term_string}\"},\"query-input\":{\"@type\":\"PropertyValueSpecification\",\"valueRequired\":true,\"valueName\":\"search_term_string\"}}],\"inLanguage\":\"gl-ES\"},{\"@type\":\"Organization\",\"@id\":\"https:\/\/talkpal.ai\/gl\/#organization\",\"name\":\"Talkpal, Inc.\",\"alternateName\":\"Talkpal AI\",\"url\":\"https:\/\/talkpal.ai\/gl\/\",\"logo\":{\"@type\":\"ImageObject\",\"inLanguage\":\"gl-ES\",\"@id\":\"https:\/\/talkpal.ai\/gl\/#\/schema\/logo\/image\/\",\"url\":\"https:\/\/talkpal.ai\/wp-content\/uploads\/2024\/03\/Talkpal-Logo-Icon.png\",\"contentUrl\":\"https:\/\/talkpal.ai\/wp-content\/uploads\/2024\/03\/Talkpal-Logo-Icon.png\",\"width\":2880,\"height\":2880,\"caption\":\"Talkpal, Inc.\"},\"image\":{\"@id\":\"https:\/\/talkpal.ai\/gl\/#\/schema\/logo\/image\/\"},\"sameAs\":[\"https:\/\/www.facebook.com\/profile.php?id=100090733639311\",\"https:\/\/x.com\/talkpalai\",\"https:\/\/www.linkedin.com\/company\/talkpal\/\",\"https:\/\/www.youtube.com\/@TalkPal\/\",\"https:\/\/www.tiktok.com\/@talkpal\",\"https:\/\/www.instagram.com\/talkpal_ai\/\",\"https:\/\/www.crunchbase.com\/organization\/talkpal-9cde\",\"https:\/\/www.g2.com\/products\/talkpal-for-business\/\",\"https:\/\/www.trustpilot.com\/review\/talkpal.ai\",\"https:\/\/www.capterra.com\/p\/10006800\/TalkPal\/\"],\"description\":\"Talkpal is a language learning web and mobile education app, powered by the latest AI technologies, that provides engaging experiences to its customers in many different languages to help them improve their language skills. Users can chat about unlimited amount of topics with the app and use other modes to practice their language learning.\",\"email\":\"support@talkpal.ai\",\"legalName\":\"Talkpal, Inc.\",\"foundingDate\":\"2023-04-03\",\"duns\":\"118989042\",\"numberOfEmployees\":{\"@type\":\"QuantitativeValue\",\"minValue\":\"11\",\"maxValue\":\"50\"},\"publishingPrinciples\":\"https:\/\/talkpal.ai\/publishing-principles\/\",\"actionableFeedbackPolicy\":\"https:\/\/talkpal.ai\/actionable-feedback-policy\/\",\"correctionsPolicy\":\"https:\/\/talkpal.ai\/corrections-policy\/\",\"ethicsPolicy\":\"https:\/\/talkpal.ai\/ethics-policy\/\",\"diversityPolicy\":\"https:\/\/talkpal.ai\/diversity-policy\/\",\"diversityStaffingReport\":\"https:\/\/talkpal.ai\/diversity-policy\/\"}]}<\/script>\n<!-- \/ Yoast SEO Premium plugin. -->","yoast_head_json":{"title":"Exercicios de gram\u00e1tica uzbeka - Talkpal","description":"Domina a gram\u00e1tica uzbeka con exercicios interactivos que abarcan substantivos, verbos e tempos verbais para mellorar a t\u00faa fluidez na lingua.","robots":{"index":"index","follow":"follow","max-snippet":"max-snippet:-1","max-image-preview":"max-image-preview:large","max-video-preview":"max-video-preview:-1"},"canonical":"https:\/\/talkpal.ai\/gl\/exercicios-de-gramatica-uzbeka\/","og_locale":"gl_ES","og_type":"article","og_title":"Exercicios de gram\u00e1tica uzbeka","og_description":"Temas de gram\u00e1tica uzbeka Aprender un novo idioma pode ser un esforzo desafiante pero gratificante. O uzbeko, unha lingua turca falada principalmente en","og_url":"https:\/\/talkpal.ai\/gl\/exercicios-de-gramatica-uzbeka\/","og_site_name":"Talkpal","article_publisher":"https:\/\/www.facebook.com\/profile.php?id=100090733639311","article_modified_time":"2025-12-30T13:32:14+00:00","og_image":[{"width":2880,"height":1620,"url":"https:\/\/talkpal.ai\/wp-content\/uploads\/2025\/02\/Progress-tab-16_9.png","type":"image\/png"}],"twitter_card":"summary_large_image","twitter_site":"@talkpalai","twitter_misc":{"Tempo de lectura":"4 minutos"},"schema":{"@context":"https:\/\/schema.org","@graph":[{"@type":"WebPage","@id":"https:\/\/talkpal.ai\/gl\/exercicios-de-gramatica-uzbeka\/","url":"https:\/\/talkpal.ai\/gl\/exercicios-de-gramatica-uzbeka\/","name":"Exercicios de gram\u00e1tica uzbeka - Talkpal","isPartOf":{"@id":"https:\/\/talkpal.ai\/gl\/#website"},"datePublished":"2025-11-12T17:24:56+00:00","dateModified":"2025-12-30T13:32:14+00:00","description":"Domina a gram\u00e1tica uzbeka con exercicios interactivos que abarcan substantivos, verbos e tempos verbais para mellorar a t\u00faa fluidez na lingua.","breadcrumb":{"@id":"https:\/\/talkpal.ai\/gl\/exercicios-de-gramatica-uzbeka\/#breadcrumb"},"inLanguage":"gl-ES","potentialAction":[{"@type":"ReadAction","target":["https:\/\/talkpal.ai\/gl\/exercicios-de-gramatica-uzbeka\/"]}]},{"@type":"BreadcrumbList","@id":"https:\/\/talkpal.ai\/gl\/exercicios-de-gramatica-uzbeka\/#breadcrumb","itemListElement":[{"@type":"ListItem","position":1,"name":"Homepage","item":"https:\/\/talkpal.ai\/gl\/"},{"@type":"ListItem","position":2,"name":"Exercicios de gram\u00e1tica uzbeka"}]},{"@type":"WebSite","@id":"https:\/\/talkpal.ai\/gl\/#website","url":"https:\/\/talkpal.ai\/gl\/","name":"Talkpal","description":"AI Language Learning","publisher":{"@id":"https:\/\/talkpal.ai\/gl\/#organization"},"alternateName":"Talkpal AI","potentialAction":[{"@type":"SearchAction","target":{"@type":"EntryPoint","urlTemplate":"https:\/\/talkpal.ai\/gl\/?s={search_term_string}"},"query-input":{"@type":"PropertyValueSpecification","valueRequired":true,"valueName":"search_term_string"}}],"inLanguage":"gl-ES"},{"@type":"Organization","@id":"https:\/\/talkpal.ai\/gl\/#organization","name":"Talkpal, Inc.","alternateName":"Talkpal AI","url":"https:\/\/talkpal.ai\/gl\/","logo":{"@type":"ImageObject","inLanguage":"gl-ES","@id":"https:\/\/talkpal.ai\/gl\/#\/schema\/logo\/image\/","url":"https:\/\/talkpal.ai\/wp-content\/uploads\/2024\/03\/Talkpal-Logo-Icon.png","contentUrl":"https:\/\/talkpal.ai\/wp-content\/uploads\/2024\/03\/Talkpal-Logo-Icon.png","width":2880,"height":2880,"caption":"Talkpal, Inc."},"image":{"@id":"https:\/\/talkpal.ai\/gl\/#\/schema\/logo\/image\/"},"sameAs":["https:\/\/www.facebook.com\/profile.php?id=100090733639311","https:\/\/x.com\/talkpalai","https:\/\/www.linkedin.com\/company\/talkpal\/","https:\/\/www.youtube.com\/@TalkPal\/","https:\/\/www.tiktok.com\/@talkpal","https:\/\/www.instagram.com\/talkpal_ai\/","https:\/\/www.crunchbase.com\/organization\/talkpal-9cde","https:\/\/www.g2.com\/products\/talkpal-for-business\/","https:\/\/www.trustpilot.com\/review\/talkpal.ai","https:\/\/www.capterra.com\/p\/10006800\/TalkPal\/"],"description":"Talkpal is a language learning web and mobile education app, powered by the latest AI technologies, that provides engaging experiences to its customers in many different languages to help them improve their language skills. Users can chat about unlimited amount of topics with the app and use other modes to practice their language learning.","email":"support@talkpal.ai","legalName":"Talkpal, Inc.","foundingDate":"2023-04-03","duns":"118989042","numberOfEmployees":{"@type":"QuantitativeValue","minValue":"11","maxValue":"50"},"publishingPrinciples":"https:\/\/talkpal.ai\/publishing-principles\/","actionableFeedbackPolicy":"https:\/\/talkpal.ai\/actionable-feedback-policy\/","correctionsPolicy":"https:\/\/talkpal.ai\/corrections-policy\/","ethicsPolicy":"https:\/\/talkpal.ai\/ethics-policy\/","diversityPolicy":"https:\/\/talkpal.ai\/diversity-policy\/","diversityStaffingReport":"https:\/\/talkpal.ai\/diversity-policy\/"}]}},"_links":{"self":[{"href":"https:\/\/talkpal.ai\/gl\/wp-json\/wp\/v2\/pages\/1476014","targetHints":{"allow":["GET"]}}],"collection":[{"href":"https:\/\/talkpal.ai\/gl\/wp-json\/wp\/v2\/pages"}],"about":[{"href":"https:\/\/talkpal.ai\/gl\/wp-json\/wp\/v2\/types\/page"}],"author":[{"embeddable":true,"href":"https:\/\/talkpal.ai\/gl\/wp-json\/wp\/v2\/users\/20"}],"replies":[{"embeddable":true,"href":"https:\/\/talkpal.ai\/gl\/wp-json\/wp\/v2\/comments?post=1476014"}],"version-history":[{"count":0,"href":"https:\/\/talkpal.ai\/gl\/wp-json\/wp\/v2\/pages\/1476014\/revisions"}],"wp:attachment":[{"href":"https:\/\/talkpal.ai\/gl\/wp-json\/wp\/v2\/media?parent=1476014"}],"curies":[{"name":"wp","href":"https:\/\/api.w.org\/{rel}","templated":true}]}}