{"id":1475975,"date":"2025-11-12T17:11:45","date_gmt":"2025-11-12T17:11:45","guid":{"rendered":"https:\/\/talkpal.ai\/gramatica-en-telugu\/"},"modified":"2025-12-30T11:49:09","modified_gmt":"2025-12-30T11:49:09","slug":"gramatica-en-telugu","status":"publish","type":"page","link":"https:\/\/talkpal.ai\/gl\/gramatica-en-telugu\/","title":{"rendered":"Gram\u00e1tica en telugu"},"content":{"rendered":"\r\n\r\n\r\n<section class=\"languageChallengeSection\">\r\n    <div class=\"languageInfoWrapper\">\r\n        \r\n        <h1>Gram\u00e1tica en telugu<\/h1>\r\n        <p>A <a href=\"https:\/\/talkpal.ai\/telugu-grammar\/\">gram\u00e1tica telugu<\/a> pode parecer un desaf\u00edo ao principio, pero as s\u00faas caracter\u00edsticas \u00fanicas fan que a <a href=\"https:\/\/talkpal.ai\/gl\/aprendizaxe\/\">aprendizaxe<\/a> do idioma sexa unha experiencia gratificante. Ao explorar o seu alfabeto, as s\u00faas mutaci\u00f3ns e as s\u00faas regras gramaticais, obter\u00e1s informaci\u00f3n sobre unha rica tradici\u00f3n ling\u00fc\u00edstica. Comeza a t\u00faa viaxe e descobre a beleza de <a href=\"https:\/\/talkpal.ai\/learn-telugu\/\">Telugu<\/a>!<\/p>\r\n\r\n                            <a class=\"getStartedHidden\" href=\"https:\/\/app.talkpal.ai\/signup?lng=\">Empeza<\/a>\r\n        \r\n    <\/div>\r\n\r\n    <figure>\r\n    <img decoding=\"async\" width=\"768\" height=\"768\" src=\"https:\/\/talkpal.ai\/wp-content\/uploads\/2023\/06\/welsh-768x768.png\" class=\"languageImage no-lazy\" alt=\"Language learning for better cognitive abilities\" fetchpriority=\"high\" sizes=\"(max-width: 768px) 150px, 768px\" srcset=\"https:\/\/talkpal.ai\/wp-content\/uploads\/2023\/06\/welsh-768x768.png 768w, https:\/\/talkpal.ai\/wp-content\/uploads\/2023\/06\/welsh-300x300.png 300w\" \/>\r\n    \r\n\r\n    <\/figure>\r\n\r\n            <a class=\"getStartedVisible\" href=\"https:\/\/app.talkpal.ai\/signup?lng=\">Empeza<\/a>\r\n    \r\n<\/section><section class=\"promotionalBanner\">\r\n    <p class=\"promotionalText\">A forma m\u00e1is eficaz de aprender un idioma<\/p>\r\n    <a class=\"promotionalLink\" href=\"https:\/\/app.talkpal.ai\/signup?lng=\">Proba Talkpal de balde<\/a>\r\n<\/section>\n<div class=\"wp-block-group pageContainerStyle\"><div class=\"wp-block-group__inner-container is-layout-constrained wp-block-group-is-layout-constrained\">\n<h2 class=\"wp-block-heading\" id=\"h-navigating-the-intricacies-of-telugu-grammar\">Navegando polas complexidades da gram\u00e1tica telugu<\/h2>\n\n\n\n<p><a href=\"https:\/\/talkpal.ai\/gl\/aprende-telugu\/\">O telugu<\/a>, unha lingua dravidiana cunha vibrante tradici\u00f3n literaria e significado cultural en Andhra Pradesh e Telangana, ofrece unha experiencia ling\u00fc\u00edstica emocionante para aqueles que desexan explorar o seu sistema gramatical \u00fanico. Mentres te aventuras no reino do telugu, non s\u00f3 enriquecer\u00e1s o teu repertorio ling\u00fc\u00edstico, sen\u00f3n que tam\u00e9n abrazar\u00e1s unha fascinante viaxe cultural. A\u00ednda que a gram\u00e1tica telugu pode parecer complicada ao principio, dividila en compo\u00f1entes b\u00e1sicos fai que a aprendizaxe da lingua sexa m\u00e1is accesible. Neste artigo, exploraremos o cativador mundo da gram\u00e1tica telugu e proporcionaremos consellos sobre <a href=\"https:\/\/talkpal.ai\/locations\/language-courses-in-como\/\">como<\/a> dominar as s\u00faas complexidades.<\/p>\n\n\n\n<h3 class=\"wp-block-heading\" id=\"h-1-telugu-alphabet-and-phonetics\">1. Alfabeto telugu e fon\u00e9tica<\/h3>\n\n\n\n<p>A escrita telugu presenta 16 vogais e 36 consoantes, xunto con signos como anusvara e visarga. \u00c9 unha abugida, onde os s\u00edmbolos conson\u00e1nticos levan unha vogal inherente que pode ser modificada por diacr\u00edticos voc\u00e1licos chamados gunintalu. A fon\u00e9tica telugu incl\u00fae contrastes claros de vogais longas-curtas e un conxunto de consoantes retroflexas. Para aprender a gram\u00e1tica telugu, \u00e9 fundamental familiarizarse con este distintivo sistema de escritura practicando a lectura e a escritura en telugu.<\/p>\n\n\n\n<h3 class=\"wp-block-heading\" id=\"h-2-sandhi-and-assimilation-a-notable-telugu-feature\">2. Sandhi e asimilaci\u00f3n: unha caracter\u00edstica notable de Telugu<\/h3>\n\n\n\n<p>Un dos aspectos m\u00e1is rechamantes da gram\u00e1tica telugu \u00e9 o uso do sandhi e a asimilaci\u00f3n fonol\u00f3xica, que fan que os sons cambien nos l\u00edmites das palabras e dos morfemas. As vogais poden fusionarse ou alongarse, e as consoantes poden asimilarse ou xeminarse. Comprender cando e como se producen estes cambios, tanto na fala como na ortograf\u00eda, \u00e9 vital para unha comunicaci\u00f3n precisa en telugu.<\/p>\n\n\n\n<h3 class=\"wp-block-heading\" id=\"h-3-nouns-and-pronouns-gender-and-cases\">3. Substantivos e pronomes: x\u00e9nero e casos<\/h3>\n\n\n\n<p>Os substantivos telugu non est\u00e1n marcados para o x\u00e9nero gramatical do mesmo xeito que algunhas linguas indoeuropeas, pero o acordo refl\u00edctese en verbos e pronomes, que distinguen masculino, feminino e neutro en terceira persoa. Os plurais f\u00f3rmanse comunmente co sufixo -lu, a\u00ednda que os patr\u00f3ns var\u00edan segundo a clase de substantivos. O telugu <a href=\"https:\/\/talkpal.ai\/locations\/learn-english-in-usa\/\">usa<\/a> sufixos de mai\u00fasculas e min\u00fasculas para marcar relaci\u00f3ns, como o acusativo -ni, o dativo -ki ou -ku, o xenitivo -di ou -yokka, o instrumental -to, o locativo -lo e o ablativo -nundi. Os pronomes incl\u00faen persoal (nenu, nuvvu, meeru, atanu, ame, adi), posesivo (naa, nee, maa, me), reflexivo (tanu en varias funci\u00f3ns), demostrativo (idi, adi, ivvi, avi) e interrogativo (emi, evaru, \u0113di). Familiarizarse con estas formas mellorar\u00e1 significativamente a s\u00faa comprensi\u00f3n da gram\u00e1tica telugu.<\/p>\n\n\n\n<h3 class=\"wp-block-heading\" id=\"h-4-verbs-structure-and-conjugation\">4. Verbos: Estrutura e Conxugaci\u00f3n<\/h3>\n\n\n\n<p>Os verbos en telugu son aglutinativos e conxugados para persoa, n\u00famero e a mi\u00fado x\u00e9nero, con marcas adicionais para tempo, aspecto, estado de \u00e1nimo e cortes\u00eda. Os tempos e aspectos com\u00fans incl\u00faen o pasado, o <a href=\"https:\/\/talkpal.ai\/ja\/grammar_exercises\/futuro-%e3%82%b9%e3%83%9a%e3%82%a4%e3%83%b3%e8%aa%9e%e3%81%ae%e6%96%87%e6%b3%95%e3%81%ae%e6%bc%94%e7%bf%92\/\">futuro<\/a> e o <a href=\"https:\/\/talkpal.ai\/es\/grammar_exercises\/el-presente-progresivo-en-la-gramatica-inglesa\/\">presente progresivo<\/a> amplamente utilizado en formas -tunn-. O estado de \u00e1nimo expr\u00e9sase a trav\u00e9s de formas imperativas e condicionais, e os niveis de cortes\u00eda est\u00e1n marcados con finais respectuosos como -andi. Aprender as ra\u00edces verbais e os patr\u00f3ns de conxugaci\u00f3n mellorar\u00e1 a s\u00faa capacidade de comunicarse eficazmente en telugu.<\/p>\n\n\n\n<h3 class=\"wp-block-heading\" id=\"h-5-adjectives-agreement-and-placement\">5. Adxectivos: Acordo e Colocaci\u00f3n<\/h3>\n\n\n\n<p>Na gram\u00e1tica telugu, os adxectivos adoitan preceder ao substantivo que modifican e xeralmente non cambian de forma para o n\u00famero ou o x\u00e9nero. Os adxectivos participiais e certas formas prestadas poden mostrar morfolox\u00eda adicional, e a comparaci\u00f3n a mi\u00fado expr\u00e9sase anal\u00edticamente usando palabras como inka para m\u00e1is e atyantha ou ch\u0101la para a maior\u00eda. Estes patr\u00f3ns son esenciais para aprender a comunicarse de forma m\u00e1is natural.<\/p>\n\n\n\n<p><strong>Exemplos:<\/strong><\/p>\n\n\n\n<p><strong>\u2013 Pedda Prema (Big Love)<\/strong><\/p>\n\n\n\n<p><strong>\u2013 Chinna Pillalu (nenos pequenos)<\/strong><\/p>\n\n\n\n<h3 class=\"wp-block-heading\" id=\"h-6-engaging-with-the-language\">6. Comprometerse coa lingua<\/h3>\n\n\n\n<p>O xeito m\u00e1is eficaz de comprender e interiorizar completamente a gram\u00e1tica telugu \u00e9 involucrarse constantemente coa lingua. Ao ler literatura telugu, ver pel\u00edculas ou series de televisi\u00f3n telugu e comunicarse activamente con falantes nativos, reforzar\u00e1s a t\u00faa comprensi\u00f3n da gram\u00e1tica mentres ampl\u00edas o teu vocabulario.<\/p>\n\n\n\n<h3 class=\"wp-block-heading\" id=\"h-conclusion\">Conclusi\u00f3n<\/h3>\n\n\n\n<p>A\u00ednda que a gram\u00e1tica telugu pode parecer intrincada, podes chegar a ser competente nesta fermosa lingua con dedicaci\u00f3n, pr\u00e1ctica e entusiasmo. Ao centrarse nas regras fundamentais e involucrarse coa lingua en diferentes contextos, mellorar\u00e1 rapidamente as s\u00faas <a href=\"https:\/\/talkpal.ai\/gl\/gramatica\/\">habilidades gramaticais<\/a> en telugu. Shubhakankshalu (os mellores desexos) coa t\u00faa viaxe en lingua telugu e goza desentra\u00f1ando o rico e cativador mundo da gram\u00e1tica telugu!<\/p>\n<\/div><\/div>\n\r\n<section class=\"learnNavigationSection\">\r\n            \r\n        <a href=\"https:\/\/talkpal.ai\/gl\/aprende-telugu\/\">\r\n            <div class=\"learnNavigationWrapper\">\r\n                <div class=\"learnNavigationContent\">\r\n                    <img decoding=\"async\" src=\"https:\/\/talkpal.ai\/wp-content\/uploads\/2025\/11\/Telugu.png\" alt=\"Indian Simplified Flag\">\r\n                    <div>\r\n                        <h4>Sobre a aprendizaxe de Telugu<\/h4>\r\n                        <p>Descubre todo sobre a gram\u00e1tica telugu.<\/p>\r\n                    <\/div>\r\n                <\/div>\r\n            <\/div>\r\n        <\/a>\r\n\r\n        \r\n        <a href=\"https:\/\/talkpal.ai\/gl\/exercicios-de-gramatica-telugu\/\">\r\n            <div class=\"learnNavigationWrapper\">\r\n                <div class=\"learnNavigationContent\">\r\n                    <img decoding=\"async\" src=\"https:\/\/talkpal.ai\/wp-content\/uploads\/2025\/11\/Telugu.png\" alt=\"Indian Simplified Flag\">\r\n                    <div>\r\n                        <h4>Exercicio de gram\u00e1tica telugu<\/h4>\r\n                        <p>Practica a gram\u00e1tica telugu.<\/p>\r\n                    <\/div>\r\n                <\/div>\r\n            <\/div>\r\n        <\/a>\r\n\r\n            <\/section>","protected":false},"excerpt":{"rendered":"<p>Navegando polas complexidades da gram\u00e1tica telugu O telugu, unha lingua dravidiana cunha vibrante tradici\u00f3n literaria e significado cultural en Andhra Pradesh e Telangana, ofrece unha experiencia ling\u00fc\u00edstica emocionante para aqueles que desexan explorar o seu sistema gramatical \u00fanico. Mentres te aventuras no reino do telugu, non s\u00f3 enriquecer\u00e1s o teu repertorio ling\u00fc\u00edstico, sen\u00f3n que tam\u00e9n [&hellip;]<\/p>\n","protected":false},"author":20,"featured_media":0,"parent":0,"menu_order":0,"comment_status":"closed","ping_status":"closed","template":"LearningContentPage.php","meta":{"_acf_changed":false,"footnotes":""},"class_list":["post-1475975","page","type-page","status-publish","hentry"],"acf":[],"yoast_head":"<!-- This site is optimized with the Yoast SEO Premium plugin v27.2 (Yoast SEO v27.2) - https:\/\/yoast.com\/product\/yoast-seo-premium-wordpress\/ -->\n<title>Gram\u00e1tica en telugu - Talkpal<\/title>\n<meta name=\"description\" content=\"Domina as regras gramaticais do telugu, inclu\u00edndo o sandhi, os casos e a conxugaci\u00f3n dos verbos, coa nosa gu\u00eda completa e exercicios interactivos.\" \/>\n<meta name=\"robots\" content=\"index, follow, max-snippet:-1, max-image-preview:large, max-video-preview:-1\" \/>\n<link rel=\"canonical\" href=\"https:\/\/talkpal.ai\/gl\/gramatica-en-telugu\/\" \/>\n<meta property=\"og:locale\" content=\"gl_ES\" \/>\n<meta property=\"og:type\" content=\"article\" \/>\n<meta property=\"og:title\" content=\"Gram\u00e1tica en telugu\" \/>\n<meta property=\"og:description\" content=\"Navegando polas complexidades da gram\u00e1tica telugu O telugu, unha lingua dravidiana cunha vibrante tradici\u00f3n literaria e significado cultural en Andhra\" \/>\n<meta property=\"og:url\" content=\"https:\/\/talkpal.ai\/gl\/gramatica-en-telugu\/\" \/>\n<meta property=\"og:site_name\" content=\"Talkpal\" \/>\n<meta property=\"article:publisher\" content=\"https:\/\/www.facebook.com\/profile.php?id=100090733639311\" \/>\n<meta property=\"article:modified_time\" content=\"2025-12-30T11:49:09+00:00\" \/>\n<meta property=\"og:image\" content=\"https:\/\/talkpal.ai\/wp-content\/uploads\/2025\/02\/Progress-tab-16_9.png\" \/>\n\t<meta property=\"og:image:width\" content=\"2880\" \/>\n\t<meta property=\"og:image:height\" content=\"1620\" \/>\n\t<meta property=\"og:image:type\" content=\"image\/png\" \/>\n<meta name=\"twitter:card\" content=\"summary_large_image\" \/>\n<meta name=\"twitter:site\" content=\"@talkpalai\" \/>\n<meta name=\"twitter:label1\" content=\"Tempo de lectura\" \/>\n\t<meta name=\"twitter:data1\" content=\"4 minutos\" \/>\n<script type=\"application\/ld+json\" class=\"yoast-schema-graph\">{\"@context\":\"https:\/\/schema.org\",\"@graph\":[{\"@type\":\"WebPage\",\"@id\":\"https:\/\/talkpal.ai\/gl\/gramatica-en-telugu\/\",\"url\":\"https:\/\/talkpal.ai\/gl\/gramatica-en-telugu\/\",\"name\":\"Gram\u00e1tica en telugu - Talkpal\",\"isPartOf\":{\"@id\":\"https:\/\/talkpal.ai\/gl\/#website\"},\"datePublished\":\"2025-11-12T17:11:45+00:00\",\"dateModified\":\"2025-12-30T11:49:09+00:00\",\"description\":\"Domina as regras gramaticais do telugu, inclu\u00edndo o sandhi, os casos e a conxugaci\u00f3n dos verbos, coa nosa gu\u00eda completa e exercicios interactivos.\",\"breadcrumb\":{\"@id\":\"https:\/\/talkpal.ai\/gl\/gramatica-en-telugu\/#breadcrumb\"},\"inLanguage\":\"gl-ES\",\"potentialAction\":[{\"@type\":\"ReadAction\",\"target\":[\"https:\/\/talkpal.ai\/gl\/gramatica-en-telugu\/\"]}]},{\"@type\":\"BreadcrumbList\",\"@id\":\"https:\/\/talkpal.ai\/gl\/gramatica-en-telugu\/#breadcrumb\",\"itemListElement\":[{\"@type\":\"ListItem\",\"position\":1,\"name\":\"Homepage\",\"item\":\"https:\/\/talkpal.ai\/gl\/\"},{\"@type\":\"ListItem\",\"position\":2,\"name\":\"Gram\u00e1tica en telugu\"}]},{\"@type\":\"WebSite\",\"@id\":\"https:\/\/talkpal.ai\/gl\/#website\",\"url\":\"https:\/\/talkpal.ai\/gl\/\",\"name\":\"Talkpal\",\"description\":\"AI Language Learning\",\"publisher\":{\"@id\":\"https:\/\/talkpal.ai\/gl\/#organization\"},\"alternateName\":\"Talkpal AI\",\"potentialAction\":[{\"@type\":\"SearchAction\",\"target\":{\"@type\":\"EntryPoint\",\"urlTemplate\":\"https:\/\/talkpal.ai\/gl\/?s={search_term_string}\"},\"query-input\":{\"@type\":\"PropertyValueSpecification\",\"valueRequired\":true,\"valueName\":\"search_term_string\"}}],\"inLanguage\":\"gl-ES\"},{\"@type\":\"Organization\",\"@id\":\"https:\/\/talkpal.ai\/gl\/#organization\",\"name\":\"Talkpal, Inc.\",\"alternateName\":\"Talkpal AI\",\"url\":\"https:\/\/talkpal.ai\/gl\/\",\"logo\":{\"@type\":\"ImageObject\",\"inLanguage\":\"gl-ES\",\"@id\":\"https:\/\/talkpal.ai\/gl\/#\/schema\/logo\/image\/\",\"url\":\"https:\/\/talkpal.ai\/wp-content\/uploads\/2024\/03\/Talkpal-Logo-Icon.png\",\"contentUrl\":\"https:\/\/talkpal.ai\/wp-content\/uploads\/2024\/03\/Talkpal-Logo-Icon.png\",\"width\":2880,\"height\":2880,\"caption\":\"Talkpal, Inc.\"},\"image\":{\"@id\":\"https:\/\/talkpal.ai\/gl\/#\/schema\/logo\/image\/\"},\"sameAs\":[\"https:\/\/www.facebook.com\/profile.php?id=100090733639311\",\"https:\/\/x.com\/talkpalai\",\"https:\/\/www.linkedin.com\/company\/talkpal\/\",\"https:\/\/www.youtube.com\/@TalkPal\/\",\"https:\/\/www.tiktok.com\/@talkpal\",\"https:\/\/www.instagram.com\/talkpal_ai\/\",\"https:\/\/www.crunchbase.com\/organization\/talkpal-9cde\",\"https:\/\/www.g2.com\/products\/talkpal-for-business\/\",\"https:\/\/www.trustpilot.com\/review\/talkpal.ai\",\"https:\/\/www.capterra.com\/p\/10006800\/TalkPal\/\"],\"description\":\"Talkpal is a language learning web and mobile education app, powered by the latest AI technologies, that provides engaging experiences to its customers in many different languages to help them improve their language skills. Users can chat about unlimited amount of topics with the app and use other modes to practice their language learning.\",\"email\":\"support@talkpal.ai\",\"legalName\":\"Talkpal, Inc.\",\"foundingDate\":\"2023-04-03\",\"duns\":\"118989042\",\"numberOfEmployees\":{\"@type\":\"QuantitativeValue\",\"minValue\":\"11\",\"maxValue\":\"50\"},\"publishingPrinciples\":\"https:\/\/talkpal.ai\/publishing-principles\/\",\"actionableFeedbackPolicy\":\"https:\/\/talkpal.ai\/actionable-feedback-policy\/\",\"correctionsPolicy\":\"https:\/\/talkpal.ai\/corrections-policy\/\",\"ethicsPolicy\":\"https:\/\/talkpal.ai\/ethics-policy\/\",\"diversityPolicy\":\"https:\/\/talkpal.ai\/diversity-policy\/\",\"diversityStaffingReport\":\"https:\/\/talkpal.ai\/diversity-policy\/\"}]}<\/script>\n<!-- \/ Yoast SEO Premium plugin. -->","yoast_head_json":{"title":"Gram\u00e1tica en telugu - Talkpal","description":"Domina as regras gramaticais do telugu, inclu\u00edndo o sandhi, os casos e a conxugaci\u00f3n dos verbos, coa nosa gu\u00eda completa e exercicios interactivos.","robots":{"index":"index","follow":"follow","max-snippet":"max-snippet:-1","max-image-preview":"max-image-preview:large","max-video-preview":"max-video-preview:-1"},"canonical":"https:\/\/talkpal.ai\/gl\/gramatica-en-telugu\/","og_locale":"gl_ES","og_type":"article","og_title":"Gram\u00e1tica en telugu","og_description":"Navegando polas complexidades da gram\u00e1tica telugu O telugu, unha lingua dravidiana cunha vibrante tradici\u00f3n literaria e significado cultural en Andhra","og_url":"https:\/\/talkpal.ai\/gl\/gramatica-en-telugu\/","og_site_name":"Talkpal","article_publisher":"https:\/\/www.facebook.com\/profile.php?id=100090733639311","article_modified_time":"2025-12-30T11:49:09+00:00","og_image":[{"width":2880,"height":1620,"url":"https:\/\/talkpal.ai\/wp-content\/uploads\/2025\/02\/Progress-tab-16_9.png","type":"image\/png"}],"twitter_card":"summary_large_image","twitter_site":"@talkpalai","twitter_misc":{"Tempo de lectura":"4 minutos"},"schema":{"@context":"https:\/\/schema.org","@graph":[{"@type":"WebPage","@id":"https:\/\/talkpal.ai\/gl\/gramatica-en-telugu\/","url":"https:\/\/talkpal.ai\/gl\/gramatica-en-telugu\/","name":"Gram\u00e1tica en telugu - Talkpal","isPartOf":{"@id":"https:\/\/talkpal.ai\/gl\/#website"},"datePublished":"2025-11-12T17:11:45+00:00","dateModified":"2025-12-30T11:49:09+00:00","description":"Domina as regras gramaticais do telugu, inclu\u00edndo o sandhi, os casos e a conxugaci\u00f3n dos verbos, coa nosa gu\u00eda completa e exercicios interactivos.","breadcrumb":{"@id":"https:\/\/talkpal.ai\/gl\/gramatica-en-telugu\/#breadcrumb"},"inLanguage":"gl-ES","potentialAction":[{"@type":"ReadAction","target":["https:\/\/talkpal.ai\/gl\/gramatica-en-telugu\/"]}]},{"@type":"BreadcrumbList","@id":"https:\/\/talkpal.ai\/gl\/gramatica-en-telugu\/#breadcrumb","itemListElement":[{"@type":"ListItem","position":1,"name":"Homepage","item":"https:\/\/talkpal.ai\/gl\/"},{"@type":"ListItem","position":2,"name":"Gram\u00e1tica en telugu"}]},{"@type":"WebSite","@id":"https:\/\/talkpal.ai\/gl\/#website","url":"https:\/\/talkpal.ai\/gl\/","name":"Talkpal","description":"AI Language Learning","publisher":{"@id":"https:\/\/talkpal.ai\/gl\/#organization"},"alternateName":"Talkpal AI","potentialAction":[{"@type":"SearchAction","target":{"@type":"EntryPoint","urlTemplate":"https:\/\/talkpal.ai\/gl\/?s={search_term_string}"},"query-input":{"@type":"PropertyValueSpecification","valueRequired":true,"valueName":"search_term_string"}}],"inLanguage":"gl-ES"},{"@type":"Organization","@id":"https:\/\/talkpal.ai\/gl\/#organization","name":"Talkpal, Inc.","alternateName":"Talkpal AI","url":"https:\/\/talkpal.ai\/gl\/","logo":{"@type":"ImageObject","inLanguage":"gl-ES","@id":"https:\/\/talkpal.ai\/gl\/#\/schema\/logo\/image\/","url":"https:\/\/talkpal.ai\/wp-content\/uploads\/2024\/03\/Talkpal-Logo-Icon.png","contentUrl":"https:\/\/talkpal.ai\/wp-content\/uploads\/2024\/03\/Talkpal-Logo-Icon.png","width":2880,"height":2880,"caption":"Talkpal, Inc."},"image":{"@id":"https:\/\/talkpal.ai\/gl\/#\/schema\/logo\/image\/"},"sameAs":["https:\/\/www.facebook.com\/profile.php?id=100090733639311","https:\/\/x.com\/talkpalai","https:\/\/www.linkedin.com\/company\/talkpal\/","https:\/\/www.youtube.com\/@TalkPal\/","https:\/\/www.tiktok.com\/@talkpal","https:\/\/www.instagram.com\/talkpal_ai\/","https:\/\/www.crunchbase.com\/organization\/talkpal-9cde","https:\/\/www.g2.com\/products\/talkpal-for-business\/","https:\/\/www.trustpilot.com\/review\/talkpal.ai","https:\/\/www.capterra.com\/p\/10006800\/TalkPal\/"],"description":"Talkpal is a language learning web and mobile education app, powered by the latest AI technologies, that provides engaging experiences to its customers in many different languages to help them improve their language skills. Users can chat about unlimited amount of topics with the app and use other modes to practice their language learning.","email":"support@talkpal.ai","legalName":"Talkpal, Inc.","foundingDate":"2023-04-03","duns":"118989042","numberOfEmployees":{"@type":"QuantitativeValue","minValue":"11","maxValue":"50"},"publishingPrinciples":"https:\/\/talkpal.ai\/publishing-principles\/","actionableFeedbackPolicy":"https:\/\/talkpal.ai\/actionable-feedback-policy\/","correctionsPolicy":"https:\/\/talkpal.ai\/corrections-policy\/","ethicsPolicy":"https:\/\/talkpal.ai\/ethics-policy\/","diversityPolicy":"https:\/\/talkpal.ai\/diversity-policy\/","diversityStaffingReport":"https:\/\/talkpal.ai\/diversity-policy\/"}]}},"_links":{"self":[{"href":"https:\/\/talkpal.ai\/gl\/wp-json\/wp\/v2\/pages\/1475975","targetHints":{"allow":["GET"]}}],"collection":[{"href":"https:\/\/talkpal.ai\/gl\/wp-json\/wp\/v2\/pages"}],"about":[{"href":"https:\/\/talkpal.ai\/gl\/wp-json\/wp\/v2\/types\/page"}],"author":[{"embeddable":true,"href":"https:\/\/talkpal.ai\/gl\/wp-json\/wp\/v2\/users\/20"}],"replies":[{"embeddable":true,"href":"https:\/\/talkpal.ai\/gl\/wp-json\/wp\/v2\/comments?post=1475975"}],"version-history":[{"count":0,"href":"https:\/\/talkpal.ai\/gl\/wp-json\/wp\/v2\/pages\/1475975\/revisions"}],"wp:attachment":[{"href":"https:\/\/talkpal.ai\/gl\/wp-json\/wp\/v2\/media?parent=1475975"}],"curies":[{"name":"wp","href":"https:\/\/api.w.org\/{rel}","templated":true}]}}