{"id":1475763,"date":"2025-11-12T16:31:52","date_gmt":"2025-11-12T16:31:52","guid":{"rendered":"https:\/\/talkpal.ai\/gramatica-punjabi\/"},"modified":"2025-12-30T11:35:07","modified_gmt":"2025-12-30T11:35:07","slug":"gramatica-punjabi","status":"publish","type":"page","link":"https:\/\/talkpal.ai\/gl\/gramatica-punjabi\/","title":{"rendered":"Gram\u00e1tica punjabi"},"content":{"rendered":"\r\n\r\n\r\n<section class=\"languageChallengeSection\">\r\n    <div class=\"languageInfoWrapper\">\r\n        \r\n        <h1>Gram\u00e1tica punjabi<\/h1>\r\n        <p>A <a href=\"https:\/\/talkpal.ai\/punjabi-grammar\/\">gram\u00e1tica punjabi<\/a> pode parecer un desaf\u00edo ao principio, pero as s\u00faas caracter\u00edsticas \u00fanicas fan que a <a href=\"https:\/\/talkpal.ai\/gl\/aprendizaxe\/\">aprendizaxe<\/a> do idioma sexa unha experiencia gratificante. Ao explorar o seu alfabeto, as s\u00faas mutaci\u00f3ns e as s\u00faas regras gramaticais, obter\u00e1s informaci\u00f3n sobre unha rica tradici\u00f3n ling\u00fc\u00edstica. Comeza a t\u00faa viaxe e descobre a beleza do galego!<\/p>\r\n\r\n                            <a class=\"getStartedHidden\" href=\"https:\/\/app.talkpal.ai\/signup?lng=\">Empeza<\/a>\r\n        \r\n    <\/div>\r\n\r\n    <figure>\r\n    <img decoding=\"async\" width=\"768\" height=\"768\" src=\"https:\/\/talkpal.ai\/wp-content\/uploads\/2023\/06\/welsh-768x768.png\" class=\"languageImage no-lazy\" alt=\"Language learning for better cognitive abilities\" fetchpriority=\"high\" sizes=\"(max-width: 768px) 150px, 768px\" srcset=\"https:\/\/talkpal.ai\/wp-content\/uploads\/2023\/06\/welsh-768x768.png 768w, https:\/\/talkpal.ai\/wp-content\/uploads\/2023\/06\/welsh-300x300.png 300w\" \/>\r\n    \r\n\r\n    <\/figure>\r\n\r\n            <a class=\"getStartedVisible\" href=\"https:\/\/app.talkpal.ai\/signup?lng=\">Empeza<\/a>\r\n    \r\n<\/section><section class=\"promotionalBanner\">\r\n    <p class=\"promotionalText\">A forma m\u00e1is eficaz de aprender un idioma<\/p>\r\n    <a class=\"promotionalLink\" href=\"https:\/\/app.talkpal.ai\/signup?lng=\">Proba Talkpal de balde<\/a>\r\n<\/section>\n<div class=\"wp-block-group pageContainerStyle\"><div class=\"wp-block-group__inner-container is-layout-constrained wp-block-group-is-layout-constrained\">\n<h2 class=\"wp-block-heading\" id=\"h-navigating-the-intricacies-of-punjabi-grammar\">Navegando polas complexidades da gram\u00e1tica punjabi<\/h2>\n\n\n\n<p><a href=\"https:\/\/talkpal.ai\/gl\/aprende-punjabi\/\">O punjabi<\/a>, unha lingua indoaria cunha rica historia e significado cultural, ofrece unha experiencia ling\u00fc\u00edstica emocionante para aqueles que desexan explorar o seu sistema gramatical \u00fanico. A medida que te aventuras no reino do <a href=\"https:\/\/talkpal.ai\/learn-punjabi\/\">punjabi<\/a>, non s\u00f3 enriquecer\u00e1s o teu repertorio ling\u00fc\u00edstico, sen\u00f3n que tam\u00e9n abrazar\u00e1s unha fascinante viaxe cultural. A\u00ednda que a gram\u00e1tica punjabi pode parecer complicada ao principio, dividila en compo\u00f1entes b\u00e1sicos fai que a aprendizaxe da lingua sexa m\u00e1is accesible. Neste artigo, exploraremos o cativador mundo da gram\u00e1tica punjabi e proporcionaremos consellos sobre <a href=\"https:\/\/talkpal.ai\/locations\/language-courses-in-como\/\">como<\/a> dominar as s\u00faas complexidades.<\/p>\n\n\n\n<h3 class=\"wp-block-heading\" id=\"h-1-punjabi-alphabet-and-phonetics\">1. Alfabeto punjabi e fon\u00e9tica<\/h3>\n\n\n\n<p>O sistema de escritura punjabi <a href=\"https:\/\/talkpal.ai\/locations\/learn-english-in-usa\/\">usa<\/a> principalmente a escrita gurmukhi, que incl\u00fae vogais independentes, consoantes, signos voc\u00e1licos chamados matras, marcas de nasalizaci\u00f3n como bind\u012b e \u1e6dipp\u012b, e o addhak que indica a duplicaci\u00f3n de consoantes. O punjabi tam\u00e9n est\u00e1 escrito en escrita Shahmukhi en Paquist\u00e1n. Para aprender a gram\u00e1tica punjabi, \u00e9 fundamental familiarizarse con Gurmukhi practicando a lectura e a escritura en punjabi.<\/p>\n\n\n\n<h3 class=\"wp-block-heading\" id=\"h-2-tones-a-distinctive-punjabi-feature\">2. Tones: unha caracter\u00edstica distintiva do punjabi<\/h3>\n\n\n\n<p>Un dos aspectos m\u00e1is rechamantes do punjabi \u00e9 o seu uso do ton, que pode cambiar o significado das palabras. O punjabi descr\u00edbese comunmente como tendo tres tons, e a mi\u00fado est\u00e1n relacionados con cambios sonoros hist\u00f3ricos que non est\u00e1n directamente marcados na ortograf\u00eda moderna. Comprender como funciona o ton e practicar unha pronuncia precisa \u00e9 vital para unha comunicaci\u00f3n clara e precisa en punjabi.<\/p>\n\n\n\n<h3 class=\"wp-block-heading\" id=\"h-3-nouns-and-pronouns-gender-and-cases\">3. Substantivos e pronomes: x\u00e9nero e casos<\/h3>\n\n\n\n<p>Os substantivos punjabi te\u00f1en x\u00e9nero gramatical, masculino ou feminino, e os plurais seguen patr\u00f3ns que var\u00edan segundo o tipo de substantivo. Moitos substantivos masculinos forman plurais en -e e moitos substantivos femininos en -\u0101\u1e41, a\u00ednda que hai irregularidades. O punjabi usa un caso oblicuo antes das postposici\u00f3ns, que seguen ao substantivo ou pronome. Os pronomes incl\u00faen conxuntos persoais, posesivos, reflexivos, demostrativos e interrogativos, como \u0a2e\u0a48\u0a02, \u0a24\u0a42\u0a70, \u0a09\u0a39, \u0a2e\u0a47\u0a30\u0a3e, \u0a06\u0a2a\u0a23\u0a3e, \u0a07\u0a39, \u0a09\u0a39, \u0a15\u0a4c\u0a23 e \u0a15\u0a40. Familiarizarse con estes pronomes e as s\u00faas formas mellorar\u00e1 significativamente a s\u00faa comprensi\u00f3n da gram\u00e1tica punjabi.<\/p>\n\n\n\n<h3 class=\"wp-block-heading\" id=\"h-4-verbs-structure-and-conjugation\">4. Verbos: Estrutura e Conxugaci\u00f3n<\/h3>\n\n\n\n<p>Os verbos punjabi mostran aspecto e acordo e normalmente usan participios combinados co verbo auxiliar \u0a39\u0a4b\u0a23\u0a3e para expresar o tempo e o estado de \u00e1nimo. As distinci\u00f3ns b\u00e1sicas incl\u00faen o <a href=\"https:\/\/talkpal.ai\/zh-hans\/grammar_exercises\/presente-%e8%a5%bf%e7%8f%ad%e7%89%99%e8%af%ad%e6%b3%95%e7%bb%83%e4%b9%a0\/\">presente<\/a> habitual, o pasado perfecto e o futuro, xunto cos estados de \u00e1nimo condicionais e imperativos. O acordo a mi\u00fado depende do x\u00e9nero e do n\u00famero, e en moitas cl\u00e1usulas transitivas perfectivas o punjabi marca o suxeito con \u0a28\u0a47 mentres que o verbo concorda co obxecto. Aprender os principais patr\u00f3ns de conxugaci\u00f3n e o uso auxiliar mellorar\u00e1 a s\u00faa capacidade de comunicarse eficazmente en punjabi.<\/p>\n\n\n\n<h3 class=\"wp-block-heading\" id=\"h-5-adjectives-agreement-and-placement\">5. Adxectivos: Acordo e Colocaci\u00f3n<\/h3>\n\n\n\n<p>Na gram\u00e1tica punjabi, os adxectivos adoitan preceder ao substantivo que modifican e, cando se marcan, coinciden en x\u00e9nero e n\u00famero co substantivo. Moitos adxectivos son invariables, pero os adxectivos descritivos com\u00fans mostran formas masculinas, femininas e plurais. Os significados comparativos e superlativos adoitan formarse anal\u00edticamente con \u0a39\u0a4b\u0a30 para m\u00e1is e \u0a38\u0a2d \u0a24\u0a4b\u0a02 para a maior\u00eda.<\/p>\n\n\n\n<p><strong>Exemplos:<\/strong><\/p>\n\n\n\n<p><strong>\u2013 \u0a35\u0a71\u0a21\u0a3e \u0a2a\u0a3f\u0a06\u0a30 (gran amor)<\/strong><\/p>\n\n\n\n<p><strong>\u2013 \u0a1b\u0a4b\u0a1f\u0a47 \u0a2c\u0a71\u0a1a\u0a47 (nenos pequenos)<\/strong><\/p>\n\n\n\n<h3 class=\"wp-block-heading\" id=\"h-6-engaging-with-the-language\">6. Comprometerse coa lingua<\/h3>\n\n\n\n<p>O xeito m\u00e1is eficaz de comprender e interiorizar completamente a gram\u00e1tica punjabi \u00e9 involucrarse constantemente coa lingua. Ao ler literatura punjabi, ver pel\u00edculas ou series de televisi\u00f3n punjabi, escoitar m\u00fasica e poes\u00eda e comunicarse activamente con falantes nativos, reforzar\u00e1s a t\u00faa comprensi\u00f3n da gram\u00e1tica mentres ampl\u00edas o teu vocabulario.<\/p>\n\n\n\n<h3 class=\"wp-block-heading\" id=\"h-conclusion\">Conclusi\u00f3n<\/h3>\n\n\n\n<p>A\u00ednda que a gram\u00e1tica punjabi pode parecer intrincada, podes chegar a ser competente nesta fermosa lingua con dedicaci\u00f3n, pr\u00e1ctica e entusiasmo. Ao centrarse nas regras fundamentais e involucrarse coa lingua en diferentes contextos, mellorar\u00e1 rapidamente as s\u00faas <a href=\"https:\/\/talkpal.ai\/gl\/gramatica\/\">habilidades gramaticais<\/a> en punjabi. \u0a38\u0a3c\u0a41\u0a2d \u0a15\u0a3e\u0a2e\u0a28\u0a3e\u0a35\u0a3e\u0a02 (boa sorte) coa t\u00faa viaxe en lingua punjabi e goza desentra\u00f1ando o mundo din\u00e1mico e cativador da gram\u00e1tica punjabi!<\/p>\n<\/div><\/div>\n\r\n<section class=\"learnNavigationSection\">\r\n            \r\n        <a href=\"https:\/\/talkpal.ai\/gl\/aprende-punjabi\/\">\r\n            <div class=\"learnNavigationWrapper\">\r\n                <div class=\"learnNavigationContent\">\r\n                    <img decoding=\"async\" src=\"https:\/\/talkpal.ai\/wp-content\/uploads\/2025\/11\/Punjabi.png\" alt=\"Indian Simplified Flag\">\r\n                    <div>\r\n                        <h4>Sobre a aprendizaxe de Punjabi<\/h4>\r\n                        <p>Descubre todo sobre a gram\u00e1tica punjabi.<\/p>\r\n                    <\/div>\r\n                <\/div>\r\n            <\/div>\r\n        <\/a>\r\n\r\n        \r\n        <a href=\"https:\/\/talkpal.ai\/gl\/exercicios-de-gramatica-punjabi\/\">\r\n            <div class=\"learnNavigationWrapper\">\r\n                <div class=\"learnNavigationContent\">\r\n                    <img decoding=\"async\" src=\"https:\/\/talkpal.ai\/wp-content\/uploads\/2025\/11\/Punjabi.png\" alt=\"Indian Simplified Flag\">\r\n                    <div>\r\n                        <h4>Exercicio de gram\u00e1tica punjabi<\/h4>\r\n                        <p>Practica a gram\u00e1tica punjabi.<\/p>\r\n                    <\/div>\r\n                <\/div>\r\n            <\/div>\r\n        <\/a>\r\n\r\n            <\/section>","protected":false},"excerpt":{"rendered":"<p>Navegando polas complexidades da gram\u00e1tica punjabi O punjabi, unha lingua indoaria cunha rica historia e significado cultural, ofrece unha experiencia ling\u00fc\u00edstica emocionante para aqueles que desexan explorar o seu sistema gramatical \u00fanico. A medida que te aventuras no reino do punjabi, non s\u00f3 enriquecer\u00e1s o teu repertorio ling\u00fc\u00edstico, sen\u00f3n que tam\u00e9n abrazar\u00e1s unha fascinante viaxe [&hellip;]<\/p>\n","protected":false},"author":20,"featured_media":0,"parent":0,"menu_order":0,"comment_status":"closed","ping_status":"closed","template":"LearningContentPage.php","meta":{"_acf_changed":false,"footnotes":""},"class_list":["post-1475763","page","type-page","status-publish","hentry"],"acf":[],"yoast_head":"<!-- This site is optimized with the Yoast SEO Premium plugin v27.2 (Yoast SEO v27.2) - https:\/\/yoast.com\/product\/yoast-seo-premium-wordpress\/ -->\n<title>Gram\u00e1tica punjabi - Talkpal<\/title>\n<meta name=\"description\" content=\"Domina os conceptos esenciais da gram\u00e1tica punjabi coa nosa gu\u00eda completa para mellorar a t\u00faa fluidez ling\u00fc\u00edstica hoxe mesmo.\" \/>\n<meta name=\"robots\" content=\"index, follow, max-snippet:-1, max-image-preview:large, max-video-preview:-1\" \/>\n<link rel=\"canonical\" href=\"https:\/\/talkpal.ai\/gl\/gramatica-punjabi\/\" \/>\n<meta property=\"og:locale\" content=\"gl_ES\" \/>\n<meta property=\"og:type\" content=\"article\" \/>\n<meta property=\"og:title\" content=\"Gram\u00e1tica punjabi\" \/>\n<meta property=\"og:description\" content=\"Navegando polas complexidades da gram\u00e1tica punjabi O punjabi, unha lingua indoaria cunha rica historia e significado cultural, ofrece unha experiencia\" \/>\n<meta property=\"og:url\" content=\"https:\/\/talkpal.ai\/gl\/gramatica-punjabi\/\" \/>\n<meta property=\"og:site_name\" content=\"Talkpal\" \/>\n<meta property=\"article:publisher\" content=\"https:\/\/www.facebook.com\/profile.php?id=100090733639311\" \/>\n<meta property=\"article:modified_time\" content=\"2025-12-30T11:35:07+00:00\" \/>\n<meta property=\"og:image\" content=\"https:\/\/talkpal.ai\/wp-content\/uploads\/2025\/02\/Progress-tab-16_9.png\" \/>\n\t<meta property=\"og:image:width\" content=\"2880\" \/>\n\t<meta property=\"og:image:height\" content=\"1620\" \/>\n\t<meta property=\"og:image:type\" content=\"image\/png\" \/>\n<meta name=\"twitter:card\" content=\"summary_large_image\" \/>\n<meta name=\"twitter:site\" content=\"@talkpalai\" \/>\n<meta name=\"twitter:label1\" content=\"Tempo de lectura\" \/>\n\t<meta name=\"twitter:data1\" content=\"3 minutos\" \/>\n<script type=\"application\/ld+json\" class=\"yoast-schema-graph\">{\"@context\":\"https:\/\/schema.org\",\"@graph\":[{\"@type\":\"WebPage\",\"@id\":\"https:\/\/talkpal.ai\/gl\/gramatica-punjabi\/\",\"url\":\"https:\/\/talkpal.ai\/gl\/gramatica-punjabi\/\",\"name\":\"Gram\u00e1tica punjabi - Talkpal\",\"isPartOf\":{\"@id\":\"https:\/\/talkpal.ai\/gl\/#website\"},\"datePublished\":\"2025-11-12T16:31:52+00:00\",\"dateModified\":\"2025-12-30T11:35:07+00:00\",\"description\":\"Domina os conceptos esenciais da gram\u00e1tica punjabi coa nosa gu\u00eda completa para mellorar a t\u00faa fluidez ling\u00fc\u00edstica hoxe mesmo.\",\"breadcrumb\":{\"@id\":\"https:\/\/talkpal.ai\/gl\/gramatica-punjabi\/#breadcrumb\"},\"inLanguage\":\"gl-ES\",\"potentialAction\":[{\"@type\":\"ReadAction\",\"target\":[\"https:\/\/talkpal.ai\/gl\/gramatica-punjabi\/\"]}]},{\"@type\":\"BreadcrumbList\",\"@id\":\"https:\/\/talkpal.ai\/gl\/gramatica-punjabi\/#breadcrumb\",\"itemListElement\":[{\"@type\":\"ListItem\",\"position\":1,\"name\":\"Homepage\",\"item\":\"https:\/\/talkpal.ai\/gl\/\"},{\"@type\":\"ListItem\",\"position\":2,\"name\":\"Gram\u00e1tica punjabi\"}]},{\"@type\":\"WebSite\",\"@id\":\"https:\/\/talkpal.ai\/gl\/#website\",\"url\":\"https:\/\/talkpal.ai\/gl\/\",\"name\":\"Talkpal\",\"description\":\"AI Language Learning\",\"publisher\":{\"@id\":\"https:\/\/talkpal.ai\/gl\/#organization\"},\"alternateName\":\"Talkpal AI\",\"potentialAction\":[{\"@type\":\"SearchAction\",\"target\":{\"@type\":\"EntryPoint\",\"urlTemplate\":\"https:\/\/talkpal.ai\/gl\/?s={search_term_string}\"},\"query-input\":{\"@type\":\"PropertyValueSpecification\",\"valueRequired\":true,\"valueName\":\"search_term_string\"}}],\"inLanguage\":\"gl-ES\"},{\"@type\":\"Organization\",\"@id\":\"https:\/\/talkpal.ai\/gl\/#organization\",\"name\":\"Talkpal, Inc.\",\"alternateName\":\"Talkpal AI\",\"url\":\"https:\/\/talkpal.ai\/gl\/\",\"logo\":{\"@type\":\"ImageObject\",\"inLanguage\":\"gl-ES\",\"@id\":\"https:\/\/talkpal.ai\/gl\/#\/schema\/logo\/image\/\",\"url\":\"https:\/\/talkpal.ai\/wp-content\/uploads\/2024\/03\/Talkpal-Logo-Icon.png\",\"contentUrl\":\"https:\/\/talkpal.ai\/wp-content\/uploads\/2024\/03\/Talkpal-Logo-Icon.png\",\"width\":2880,\"height\":2880,\"caption\":\"Talkpal, Inc.\"},\"image\":{\"@id\":\"https:\/\/talkpal.ai\/gl\/#\/schema\/logo\/image\/\"},\"sameAs\":[\"https:\/\/www.facebook.com\/profile.php?id=100090733639311\",\"https:\/\/x.com\/talkpalai\",\"https:\/\/www.linkedin.com\/company\/talkpal\/\",\"https:\/\/www.youtube.com\/@TalkPal\/\",\"https:\/\/www.tiktok.com\/@talkpal\",\"https:\/\/www.instagram.com\/talkpal_ai\/\",\"https:\/\/www.crunchbase.com\/organization\/talkpal-9cde\",\"https:\/\/www.g2.com\/products\/talkpal-for-business\/\",\"https:\/\/www.trustpilot.com\/review\/talkpal.ai\",\"https:\/\/www.capterra.com\/p\/10006800\/TalkPal\/\"],\"description\":\"Talkpal is a language learning web and mobile education app, powered by the latest AI technologies, that provides engaging experiences to its customers in many different languages to help them improve their language skills. Users can chat about unlimited amount of topics with the app and use other modes to practice their language learning.\",\"email\":\"support@talkpal.ai\",\"legalName\":\"Talkpal, Inc.\",\"foundingDate\":\"2023-04-03\",\"duns\":\"118989042\",\"numberOfEmployees\":{\"@type\":\"QuantitativeValue\",\"minValue\":\"11\",\"maxValue\":\"50\"},\"publishingPrinciples\":\"https:\/\/talkpal.ai\/publishing-principles\/\",\"actionableFeedbackPolicy\":\"https:\/\/talkpal.ai\/actionable-feedback-policy\/\",\"correctionsPolicy\":\"https:\/\/talkpal.ai\/corrections-policy\/\",\"ethicsPolicy\":\"https:\/\/talkpal.ai\/ethics-policy\/\",\"diversityPolicy\":\"https:\/\/talkpal.ai\/diversity-policy\/\",\"diversityStaffingReport\":\"https:\/\/talkpal.ai\/diversity-policy\/\"}]}<\/script>\n<!-- \/ Yoast SEO Premium plugin. -->","yoast_head_json":{"title":"Gram\u00e1tica punjabi - Talkpal","description":"Domina os conceptos esenciais da gram\u00e1tica punjabi coa nosa gu\u00eda completa para mellorar a t\u00faa fluidez ling\u00fc\u00edstica hoxe mesmo.","robots":{"index":"index","follow":"follow","max-snippet":"max-snippet:-1","max-image-preview":"max-image-preview:large","max-video-preview":"max-video-preview:-1"},"canonical":"https:\/\/talkpal.ai\/gl\/gramatica-punjabi\/","og_locale":"gl_ES","og_type":"article","og_title":"Gram\u00e1tica punjabi","og_description":"Navegando polas complexidades da gram\u00e1tica punjabi O punjabi, unha lingua indoaria cunha rica historia e significado cultural, ofrece unha experiencia","og_url":"https:\/\/talkpal.ai\/gl\/gramatica-punjabi\/","og_site_name":"Talkpal","article_publisher":"https:\/\/www.facebook.com\/profile.php?id=100090733639311","article_modified_time":"2025-12-30T11:35:07+00:00","og_image":[{"width":2880,"height":1620,"url":"https:\/\/talkpal.ai\/wp-content\/uploads\/2025\/02\/Progress-tab-16_9.png","type":"image\/png"}],"twitter_card":"summary_large_image","twitter_site":"@talkpalai","twitter_misc":{"Tempo de lectura":"3 minutos"},"schema":{"@context":"https:\/\/schema.org","@graph":[{"@type":"WebPage","@id":"https:\/\/talkpal.ai\/gl\/gramatica-punjabi\/","url":"https:\/\/talkpal.ai\/gl\/gramatica-punjabi\/","name":"Gram\u00e1tica punjabi - Talkpal","isPartOf":{"@id":"https:\/\/talkpal.ai\/gl\/#website"},"datePublished":"2025-11-12T16:31:52+00:00","dateModified":"2025-12-30T11:35:07+00:00","description":"Domina os conceptos esenciais da gram\u00e1tica punjabi coa nosa gu\u00eda completa para mellorar a t\u00faa fluidez ling\u00fc\u00edstica hoxe mesmo.","breadcrumb":{"@id":"https:\/\/talkpal.ai\/gl\/gramatica-punjabi\/#breadcrumb"},"inLanguage":"gl-ES","potentialAction":[{"@type":"ReadAction","target":["https:\/\/talkpal.ai\/gl\/gramatica-punjabi\/"]}]},{"@type":"BreadcrumbList","@id":"https:\/\/talkpal.ai\/gl\/gramatica-punjabi\/#breadcrumb","itemListElement":[{"@type":"ListItem","position":1,"name":"Homepage","item":"https:\/\/talkpal.ai\/gl\/"},{"@type":"ListItem","position":2,"name":"Gram\u00e1tica punjabi"}]},{"@type":"WebSite","@id":"https:\/\/talkpal.ai\/gl\/#website","url":"https:\/\/talkpal.ai\/gl\/","name":"Talkpal","description":"AI Language Learning","publisher":{"@id":"https:\/\/talkpal.ai\/gl\/#organization"},"alternateName":"Talkpal AI","potentialAction":[{"@type":"SearchAction","target":{"@type":"EntryPoint","urlTemplate":"https:\/\/talkpal.ai\/gl\/?s={search_term_string}"},"query-input":{"@type":"PropertyValueSpecification","valueRequired":true,"valueName":"search_term_string"}}],"inLanguage":"gl-ES"},{"@type":"Organization","@id":"https:\/\/talkpal.ai\/gl\/#organization","name":"Talkpal, Inc.","alternateName":"Talkpal AI","url":"https:\/\/talkpal.ai\/gl\/","logo":{"@type":"ImageObject","inLanguage":"gl-ES","@id":"https:\/\/talkpal.ai\/gl\/#\/schema\/logo\/image\/","url":"https:\/\/talkpal.ai\/wp-content\/uploads\/2024\/03\/Talkpal-Logo-Icon.png","contentUrl":"https:\/\/talkpal.ai\/wp-content\/uploads\/2024\/03\/Talkpal-Logo-Icon.png","width":2880,"height":2880,"caption":"Talkpal, Inc."},"image":{"@id":"https:\/\/talkpal.ai\/gl\/#\/schema\/logo\/image\/"},"sameAs":["https:\/\/www.facebook.com\/profile.php?id=100090733639311","https:\/\/x.com\/talkpalai","https:\/\/www.linkedin.com\/company\/talkpal\/","https:\/\/www.youtube.com\/@TalkPal\/","https:\/\/www.tiktok.com\/@talkpal","https:\/\/www.instagram.com\/talkpal_ai\/","https:\/\/www.crunchbase.com\/organization\/talkpal-9cde","https:\/\/www.g2.com\/products\/talkpal-for-business\/","https:\/\/www.trustpilot.com\/review\/talkpal.ai","https:\/\/www.capterra.com\/p\/10006800\/TalkPal\/"],"description":"Talkpal is a language learning web and mobile education app, powered by the latest AI technologies, that provides engaging experiences to its customers in many different languages to help them improve their language skills. Users can chat about unlimited amount of topics with the app and use other modes to practice their language learning.","email":"support@talkpal.ai","legalName":"Talkpal, Inc.","foundingDate":"2023-04-03","duns":"118989042","numberOfEmployees":{"@type":"QuantitativeValue","minValue":"11","maxValue":"50"},"publishingPrinciples":"https:\/\/talkpal.ai\/publishing-principles\/","actionableFeedbackPolicy":"https:\/\/talkpal.ai\/actionable-feedback-policy\/","correctionsPolicy":"https:\/\/talkpal.ai\/corrections-policy\/","ethicsPolicy":"https:\/\/talkpal.ai\/ethics-policy\/","diversityPolicy":"https:\/\/talkpal.ai\/diversity-policy\/","diversityStaffingReport":"https:\/\/talkpal.ai\/diversity-policy\/"}]}},"_links":{"self":[{"href":"https:\/\/talkpal.ai\/gl\/wp-json\/wp\/v2\/pages\/1475763","targetHints":{"allow":["GET"]}}],"collection":[{"href":"https:\/\/talkpal.ai\/gl\/wp-json\/wp\/v2\/pages"}],"about":[{"href":"https:\/\/talkpal.ai\/gl\/wp-json\/wp\/v2\/types\/page"}],"author":[{"embeddable":true,"href":"https:\/\/talkpal.ai\/gl\/wp-json\/wp\/v2\/users\/20"}],"replies":[{"embeddable":true,"href":"https:\/\/talkpal.ai\/gl\/wp-json\/wp\/v2\/comments?post=1475763"}],"version-history":[{"count":0,"href":"https:\/\/talkpal.ai\/gl\/wp-json\/wp\/v2\/pages\/1475763\/revisions"}],"wp:attachment":[{"href":"https:\/\/talkpal.ai\/gl\/wp-json\/wp\/v2\/media?parent=1475763"}],"curies":[{"name":"wp","href":"https:\/\/api.w.org\/{rel}","templated":true}]}}