{"id":1475623,"date":"2025-11-12T12:26:29","date_gmt":"2025-11-12T12:26:29","guid":{"rendered":"https:\/\/talkpal.ai\/gramatica-malayalam\/"},"modified":"2025-12-30T13:58:51","modified_gmt":"2025-12-30T13:58:51","slug":"gramatica-malayalam","status":"publish","type":"page","link":"https:\/\/talkpal.ai\/gl\/gramatica-malayalam\/","title":{"rendered":"Gram\u00e1tica malayalam"},"content":{"rendered":"\r\n\r\n\r\n<section class=\"languageChallengeSection\">\r\n    <div class=\"languageInfoWrapper\">\r\n        \r\n        <h1>Gram\u00e1tica malayalam<\/h1>\r\n        <p>A <a href=\"https:\/\/talkpal.ai\/malayalam-grammar\/\">gram\u00e1tica malayalam<\/a> pode parecer un desaf\u00edo ao principio, pero as s\u00faas caracter\u00edsticas \u00fanicas fan que a <a href=\"https:\/\/talkpal.ai\/gl\/aprendizaxe\/\">aprendizaxe<\/a> do idioma sexa unha experiencia gratificante. Ao explorar o seu alfabeto, as s\u00faas mutaci\u00f3ns e as s\u00faas regras gramaticais, obter\u00e1s informaci\u00f3n sobre unha rica tradici\u00f3n ling\u00fc\u00edstica. Comeza a t\u00faa viaxe e descobre a beleza do <a href=\"https:\/\/talkpal.ai\/learn-malayalam\/\">malayalam<\/a>!<\/p>\r\n\r\n                            <a class=\"getStartedHidden\" href=\"https:\/\/app.talkpal.ai\/signup?lng=\">Empeza<\/a>\r\n        \r\n    <\/div>\r\n\r\n    <figure>\r\n    <img decoding=\"async\" width=\"768\" height=\"768\" src=\"https:\/\/talkpal.ai\/wp-content\/uploads\/2023\/06\/welsh-768x768.png\" class=\"languageImage no-lazy\" alt=\"Language learning for better cognitive abilities\" fetchpriority=\"high\" sizes=\"(max-width: 768px) 150px, 768px\" srcset=\"https:\/\/talkpal.ai\/wp-content\/uploads\/2023\/06\/welsh-768x768.png 768w, https:\/\/talkpal.ai\/wp-content\/uploads\/2023\/06\/welsh-300x300.png 300w\" \/>\r\n    \r\n\r\n    <\/figure>\r\n\r\n            <a class=\"getStartedVisible\" href=\"https:\/\/app.talkpal.ai\/signup?lng=\">Empeza<\/a>\r\n    \r\n<\/section><section class=\"promotionalBanner\">\r\n    <p class=\"promotionalText\">A forma m\u00e1is eficaz de aprender un idioma<\/p>\r\n    <a class=\"promotionalLink\" href=\"https:\/\/app.talkpal.ai\/signup?lng=\">Proba Talkpal de balde<\/a>\r\n<\/section>\n<div class=\"wp-block-group pageContainerStyle\"><div class=\"wp-block-group__inner-container is-layout-constrained wp-block-group-is-layout-constrained\">\n<h2 class=\"wp-block-heading\" id=\"h-navigating-the-intricacies-of-malayalam-grammar\">Navegando polas complexidades da gram\u00e1tica malayalam<\/h2>\n\n\n\n<p>O <a href=\"https:\/\/talkpal.ai\/gl\/aprende-malayalam\/\">malayalam<\/a>, unha lingua dravidiana cunha rica historia e profundas ra\u00edces culturais en Kerala e a di\u00e1spora, ofrece unha experiencia ling\u00fc\u00edstica emocionante para aqueles que desexan explorar o seu sistema gramatical \u00fanico. A medida que te aventuras no reino do malayalam, non s\u00f3 enriquecer\u00e1s o teu repertorio ling\u00fc\u00edstico, sen\u00f3n que tam\u00e9n abrazar\u00e1s unha fascinante viaxe cultural. A\u00ednda que a gram\u00e1tica malayalam pode parecer complexa ao principio, dividila en compo\u00f1entes b\u00e1sicos fai que a aprendizaxe da lingua sexa m\u00e1is accesible. Neste artigo, exploraremos o cativador mundo da gram\u00e1tica malayalam e proporcionaremos consellos sobre <a href=\"https:\/\/talkpal.ai\/locations\/language-courses-in-como\/\">como<\/a> dominar as s\u00faas complexidades.<\/p>\n\n\n\n<h3 class=\"wp-block-heading\" id=\"h-1-malayalam-alphabet-and-phonetics\">1. Alfabeto malayalam e fon\u00e9tica<\/h3>\n\n\n\n<p>A escrita malayalam \u00e9 unha abugida que presenta vogais independentes, consoantes con vogais inherentes e signos voc\u00e1licos dependentes. Os alumnos deben familiarizarse coas s\u00faas vogais e consoantes, inclu\u00edndo sons distintivos como as consoantes retroflexas e o notable son &#8220;zh&#8221;. Os conceptos clave de escritura incl\u00faen a vogal inherente a, o signo virama chamado chandrakkala para suprimir vogais, consoantes conxuntas e letras chillu especiais. Para aprender a gram\u00e1tica malayalam, \u00e9 fundamental practicar a lectura e a escritura en malayalam.<\/p>\n\n\n\n<h3 class=\"wp-block-heading\" id=\"h-2-sandhi-and-assimilation-a-peculiar-malayalam-feature\">2. Sandhi e asimilaci\u00f3n: unha caracter\u00edstica peculiar do malayalam<\/h3>\n\n\n\n<p>Un dos aspectos m\u00e1is rechamantes da fonolox\u00eda malayalam \u00e9 a prevalencia do sandhi, a asimilaci\u00f3n e a xeminaci\u00f3n conson\u00e1ntica nos l\u00edmites de morfemas e palabras. Os sons poden cambiar cando se engaden sufixos ou cando as palabras se combinan en compostos, e os nasais adoitan asimilarse \u00e1s seguintes consoantes. Comprender cando e como se producen estes cambios \u00e9 vital para a pronuncia natural e a comunicaci\u00f3n precisa en malayalam.<\/p>\n\n\n\n<h3 class=\"wp-block-heading\" id=\"h-3-nouns-and-pronouns-gender-and-cases\">3. Substantivos e pronomes: x\u00e9nero e casos<\/h3>\n\n\n\n<p>Os substantivos malayalam normalmente non marcan o x\u00e9nero gramatical, e a formaci\u00f3n plural adoita usar o sufixo -kal, con algunhas irregularidades e alternativas. As relaci\u00f3ns de casos expr\u00e9sanse con sufixos e postposici\u00f3ns, como o acusativo -e, o dativo -kku ou -inu, o xenitivo -ude, o instrumental -al, o locativo -il, o ablativo -il ninnu, o sociativo -ote e o vocativo -e. Os pronomes en malayalam incl\u00faen pronomes persoais como njan, ni, ningal, nammal, avan, aval e o \u00e1var honor\u00edfico, as\u00ed como formas posesivas a trav\u00e9s do xenitivo, o reflexivo tan ou tanne, demostrativos como i e aa, e interrogativos como aar, entu, evide, e eppol. Familiarizarse con estes pronomes e as s\u00faas formas mellorar\u00e1 significativamente a s\u00faa comprensi\u00f3n da gram\u00e1tica malayalam.<\/p>\n\n\n\n<h3 class=\"wp-block-heading\" id=\"h-4-verbs-structure-and-conjugation\">4. Verbos: Estrutura e Conxugaci\u00f3n<\/h3>\n\n\n\n<p>Os verbos malayalam inflecten principalmente para o tempo, o aspecto, o estado de \u00e1nimo e a polaridade, non para a persoa ou o n\u00famero. As formas do aspecto do tempo <a href=\"https:\/\/talkpal.ai\/locations\/language-courses-in-central\/\">central<\/a> incl\u00faen o <a href=\"https:\/\/talkpal.ai\/es\/grammar_exercises\/el-presente-progresivo-en-la-gramatica-inglesa\/\">presente progresivo<\/a> -unnu, o pasado -i ou -u, e o <a href=\"https:\/\/talkpal.ai\/ja\/grammar_exercises\/futuro-%e3%82%b9%e3%83%9a%e3%82%a4%e3%83%b3%e8%aa%9e%e3%81%ae%e6%96%87%e6%b3%95%e3%81%ae%e6%bc%94%e7%bf%92\/\">futuro<\/a> -um. A negaci\u00f3n f\u00f3rmase comunmente con -illa, e os estados de \u00e1nimo importantes incl\u00faen o imperativo e o condicional, a mi\u00fado constru\u00eddos con conectores como -enkil ou -al. Os verbos e participios auxiliares son centrais na linguaxe, con formas como -unna, -iya e -aya usadas para crear cl\u00e1usulas relativas e construci\u00f3ns perifrasticas. A aprendizaxe destes patr\u00f3ns mellorar\u00e1 a s\u00faa capacidade de comunicarse eficazmente en malayalam.<\/p>\n\n\n\n<h3 class=\"wp-block-heading\" id=\"h-5-adjectives-agreement-and-placement\">5. Adxectivos: Acordo e Colocaci\u00f3n<\/h3>\n\n\n\n<p>Na gram\u00e1tica malayalam, os adxectivos adoitan preceder ao substantivo que modifican e non coinciden en x\u00e9nero ou n\u00famero co substantivo. Moitos significados descritivos expr\u00e9sanse por medio de construci\u00f3ns participiais ou xenitivas, e os comparativos e superlativos adoitan f\u00f3rmanse anal\u00edticamente, por exemplo con kooduthal para comparativo e etavum para superlativo. Comprender estes patr\u00f3ns \u00e9 esencial para comunicarse de forma m\u00e1is natural.<\/p>\n\n\n\n<p><strong>Exemplos:<\/strong><\/p>\n\n\n\n<p><strong>\u2013 Valiya Sneham (Big Love)<\/strong><\/p>\n\n\n\n<p><strong>\u2013 Cheriya Kuttikal (nenos pequenos)<\/strong><\/p>\n\n\n\n<h3 class=\"wp-block-heading\" id=\"h-6-engaging-with-the-language\">6. Comprometerse coa lingua<\/h3>\n\n\n\n<p>O xeito m\u00e1is eficaz de comprender e interiorizar completamente a gram\u00e1tica malayalam \u00e9 involucrarse constantemente coa lingua. Ao ler literatura e xornais malayalam, ver pel\u00edculas ou series de televisi\u00f3n malayalam, escoitar canci\u00f3ns e radio e comunicarse activamente con falantes nativos, reforzar\u00e1s a t\u00faa comprensi\u00f3n da gram\u00e1tica mentres ampl\u00edas o teu vocabulario.<\/p>\n\n\n\n<h3 class=\"wp-block-heading\" id=\"h-conclusion\">Conclusi\u00f3n<\/h3>\n\n\n\n<p>A\u00ednda que a gram\u00e1tica malayalam pode parecer intrincada, podes chegar a ser competente nesta fermosa lingua con dedicaci\u00f3n, pr\u00e1ctica e entusiasmo. Ao centrarse nas regras fundamentais e involucrarse coa lingua en diferentes contextos, mellorar\u00e1 rapidamente as s\u00faas <a href=\"https:\/\/talkpal.ai\/gl\/gramatica\/\">habilidades gramaticais<\/a> malayalam. Ashamsakal (boa sorte) coa t\u00faa viaxe en lingua malayalam e goza desentra\u00f1ando o enigm\u00e1tico pero cativador mundo da gram\u00e1tica malayalam!<\/p>\n<\/div><\/div>\n\r\n<section class=\"learnNavigationSection\">\r\n            \r\n        <a href=\"https:\/\/talkpal.ai\/gl\/aprende-malayalam\/\">\r\n            <div class=\"learnNavigationWrapper\">\r\n                <div class=\"learnNavigationContent\">\r\n                    <img decoding=\"async\" src=\"https:\/\/talkpal.ai\/wp-content\/uploads\/2025\/11\/Malayalam.png\" alt=\"Indian Simplified Flag\">\r\n                    <div>\r\n                        <h4>Sobre a aprendizaxe do malayalam<\/h4>\r\n                        <p>Descubre todo sobre a gram\u00e1tica malayalam.<\/p>\r\n                    <\/div>\r\n                <\/div>\r\n            <\/div>\r\n        <\/a>\r\n\r\n        \r\n        <a href=\"https:\/\/talkpal.ai\/gl\/exercicios-de-gramatica-malayalam\/\">\r\n            <div class=\"learnNavigationWrapper\">\r\n                <div class=\"learnNavigationContent\">\r\n                    <img decoding=\"async\" src=\"https:\/\/talkpal.ai\/wp-content\/uploads\/2025\/11\/Malayalam.png\" alt=\"Indian Simplified Flag\">\r\n                    <div>\r\n                        <h4>Exercicio de gram\u00e1tica malayalam<\/h4>\r\n                        <p>Practica a gram\u00e1tica malayalam.<\/p>\r\n                    <\/div>\r\n                <\/div>\r\n            <\/div>\r\n        <\/a>\r\n\r\n            <\/section>","protected":false},"excerpt":{"rendered":"<p>Navegando polas complexidades da gram\u00e1tica malayalam O malayalam, unha lingua dravidiana cunha rica historia e profundas ra\u00edces culturais en Kerala e a di\u00e1spora, ofrece unha experiencia ling\u00fc\u00edstica emocionante para aqueles que desexan explorar o seu sistema gramatical \u00fanico. A medida que te aventuras no reino do malayalam, non s\u00f3 enriquecer\u00e1s o teu repertorio ling\u00fc\u00edstico, sen\u00f3n [&hellip;]<\/p>\n","protected":false},"author":20,"featured_media":0,"parent":0,"menu_order":0,"comment_status":"closed","ping_status":"closed","template":"LearningContentPage.php","meta":{"_acf_changed":false,"footnotes":""},"class_list":["post-1475623","page","type-page","status-publish","hentry"],"acf":[],"yoast_head":"<!-- This site is optimized with the Yoast SEO Premium plugin v27.2 (Yoast SEO v27.2) - https:\/\/yoast.com\/product\/yoast-seo-premium-wordpress\/ -->\n<title>Gram\u00e1tica malayalam - Talkpal<\/title>\n<meta name=\"description\" content=\"Domina as regras gramaticais do malayalam, inclu\u00edndo o alfabeto, os substantivos e os verbos, coa nosa completa gu\u00eda de aprendizaxe de idiomas con IA.\" \/>\n<meta name=\"robots\" content=\"index, follow, max-snippet:-1, max-image-preview:large, max-video-preview:-1\" \/>\n<link rel=\"canonical\" href=\"https:\/\/talkpal.ai\/gl\/gramatica-malayalam\/\" \/>\n<meta property=\"og:locale\" content=\"gl_ES\" \/>\n<meta property=\"og:type\" content=\"article\" \/>\n<meta property=\"og:title\" content=\"Gram\u00e1tica malayalam\" \/>\n<meta property=\"og:description\" content=\"Navegando polas complexidades da gram\u00e1tica malayalam O malayalam, unha lingua dravidiana cunha rica historia e profundas ra\u00edces culturais en Kerala e a\" \/>\n<meta property=\"og:url\" content=\"https:\/\/talkpal.ai\/gl\/gramatica-malayalam\/\" \/>\n<meta property=\"og:site_name\" content=\"Talkpal\" \/>\n<meta property=\"article:publisher\" content=\"https:\/\/www.facebook.com\/profile.php?id=100090733639311\" \/>\n<meta property=\"article:modified_time\" content=\"2025-12-30T13:58:51+00:00\" \/>\n<meta property=\"og:image\" content=\"https:\/\/talkpal.ai\/wp-content\/uploads\/2025\/02\/Progress-tab-16_9.png\" \/>\n\t<meta property=\"og:image:width\" content=\"2880\" \/>\n\t<meta property=\"og:image:height\" content=\"1620\" \/>\n\t<meta property=\"og:image:type\" content=\"image\/png\" \/>\n<meta name=\"twitter:card\" content=\"summary_large_image\" \/>\n<meta name=\"twitter:site\" content=\"@talkpalai\" \/>\n<meta name=\"twitter:label1\" content=\"Tempo de lectura\" \/>\n\t<meta name=\"twitter:data1\" content=\"4 minutos\" \/>\n<script type=\"application\/ld+json\" class=\"yoast-schema-graph\">{\"@context\":\"https:\/\/schema.org\",\"@graph\":[{\"@type\":\"WebPage\",\"@id\":\"https:\/\/talkpal.ai\/gl\/gramatica-malayalam\/\",\"url\":\"https:\/\/talkpal.ai\/gl\/gramatica-malayalam\/\",\"name\":\"Gram\u00e1tica malayalam - Talkpal\",\"isPartOf\":{\"@id\":\"https:\/\/talkpal.ai\/gl\/#website\"},\"datePublished\":\"2025-11-12T12:26:29+00:00\",\"dateModified\":\"2025-12-30T13:58:51+00:00\",\"description\":\"Domina as regras gramaticais do malayalam, inclu\u00edndo o alfabeto, os substantivos e os verbos, coa nosa completa gu\u00eda de aprendizaxe de idiomas con IA.\",\"breadcrumb\":{\"@id\":\"https:\/\/talkpal.ai\/gl\/gramatica-malayalam\/#breadcrumb\"},\"inLanguage\":\"gl-ES\",\"potentialAction\":[{\"@type\":\"ReadAction\",\"target\":[\"https:\/\/talkpal.ai\/gl\/gramatica-malayalam\/\"]}]},{\"@type\":\"BreadcrumbList\",\"@id\":\"https:\/\/talkpal.ai\/gl\/gramatica-malayalam\/#breadcrumb\",\"itemListElement\":[{\"@type\":\"ListItem\",\"position\":1,\"name\":\"Homepage\",\"item\":\"https:\/\/talkpal.ai\/gl\/\"},{\"@type\":\"ListItem\",\"position\":2,\"name\":\"Gram\u00e1tica malayalam\"}]},{\"@type\":\"WebSite\",\"@id\":\"https:\/\/talkpal.ai\/gl\/#website\",\"url\":\"https:\/\/talkpal.ai\/gl\/\",\"name\":\"Talkpal\",\"description\":\"AI Language Learning\",\"publisher\":{\"@id\":\"https:\/\/talkpal.ai\/gl\/#organization\"},\"alternateName\":\"Talkpal AI\",\"potentialAction\":[{\"@type\":\"SearchAction\",\"target\":{\"@type\":\"EntryPoint\",\"urlTemplate\":\"https:\/\/talkpal.ai\/gl\/?s={search_term_string}\"},\"query-input\":{\"@type\":\"PropertyValueSpecification\",\"valueRequired\":true,\"valueName\":\"search_term_string\"}}],\"inLanguage\":\"gl-ES\"},{\"@type\":\"Organization\",\"@id\":\"https:\/\/talkpal.ai\/gl\/#organization\",\"name\":\"Talkpal, Inc.\",\"alternateName\":\"Talkpal AI\",\"url\":\"https:\/\/talkpal.ai\/gl\/\",\"logo\":{\"@type\":\"ImageObject\",\"inLanguage\":\"gl-ES\",\"@id\":\"https:\/\/talkpal.ai\/gl\/#\/schema\/logo\/image\/\",\"url\":\"https:\/\/talkpal.ai\/wp-content\/uploads\/2024\/03\/Talkpal-Logo-Icon.png\",\"contentUrl\":\"https:\/\/talkpal.ai\/wp-content\/uploads\/2024\/03\/Talkpal-Logo-Icon.png\",\"width\":2880,\"height\":2880,\"caption\":\"Talkpal, Inc.\"},\"image\":{\"@id\":\"https:\/\/talkpal.ai\/gl\/#\/schema\/logo\/image\/\"},\"sameAs\":[\"https:\/\/www.facebook.com\/profile.php?id=100090733639311\",\"https:\/\/x.com\/talkpalai\",\"https:\/\/www.linkedin.com\/company\/talkpal\/\",\"https:\/\/www.youtube.com\/@TalkPal\/\",\"https:\/\/www.tiktok.com\/@talkpal\",\"https:\/\/www.instagram.com\/talkpal_ai\/\",\"https:\/\/www.crunchbase.com\/organization\/talkpal-9cde\",\"https:\/\/www.g2.com\/products\/talkpal-for-business\/\",\"https:\/\/www.trustpilot.com\/review\/talkpal.ai\",\"https:\/\/www.capterra.com\/p\/10006800\/TalkPal\/\"],\"description\":\"Talkpal is a language learning web and mobile education app, powered by the latest AI technologies, that provides engaging experiences to its customers in many different languages to help them improve their language skills. Users can chat about unlimited amount of topics with the app and use other modes to practice their language learning.\",\"email\":\"support@talkpal.ai\",\"legalName\":\"Talkpal, Inc.\",\"foundingDate\":\"2023-04-03\",\"duns\":\"118989042\",\"numberOfEmployees\":{\"@type\":\"QuantitativeValue\",\"minValue\":\"11\",\"maxValue\":\"50\"},\"publishingPrinciples\":\"https:\/\/talkpal.ai\/publishing-principles\/\",\"actionableFeedbackPolicy\":\"https:\/\/talkpal.ai\/actionable-feedback-policy\/\",\"correctionsPolicy\":\"https:\/\/talkpal.ai\/corrections-policy\/\",\"ethicsPolicy\":\"https:\/\/talkpal.ai\/ethics-policy\/\",\"diversityPolicy\":\"https:\/\/talkpal.ai\/diversity-policy\/\",\"diversityStaffingReport\":\"https:\/\/talkpal.ai\/diversity-policy\/\"}]}<\/script>\n<!-- \/ Yoast SEO Premium plugin. -->","yoast_head_json":{"title":"Gram\u00e1tica malayalam - Talkpal","description":"Domina as regras gramaticais do malayalam, inclu\u00edndo o alfabeto, os substantivos e os verbos, coa nosa completa gu\u00eda de aprendizaxe de idiomas con IA.","robots":{"index":"index","follow":"follow","max-snippet":"max-snippet:-1","max-image-preview":"max-image-preview:large","max-video-preview":"max-video-preview:-1"},"canonical":"https:\/\/talkpal.ai\/gl\/gramatica-malayalam\/","og_locale":"gl_ES","og_type":"article","og_title":"Gram\u00e1tica malayalam","og_description":"Navegando polas complexidades da gram\u00e1tica malayalam O malayalam, unha lingua dravidiana cunha rica historia e profundas ra\u00edces culturais en Kerala e a","og_url":"https:\/\/talkpal.ai\/gl\/gramatica-malayalam\/","og_site_name":"Talkpal","article_publisher":"https:\/\/www.facebook.com\/profile.php?id=100090733639311","article_modified_time":"2025-12-30T13:58:51+00:00","og_image":[{"width":2880,"height":1620,"url":"https:\/\/talkpal.ai\/wp-content\/uploads\/2025\/02\/Progress-tab-16_9.png","type":"image\/png"}],"twitter_card":"summary_large_image","twitter_site":"@talkpalai","twitter_misc":{"Tempo de lectura":"4 minutos"},"schema":{"@context":"https:\/\/schema.org","@graph":[{"@type":"WebPage","@id":"https:\/\/talkpal.ai\/gl\/gramatica-malayalam\/","url":"https:\/\/talkpal.ai\/gl\/gramatica-malayalam\/","name":"Gram\u00e1tica malayalam - Talkpal","isPartOf":{"@id":"https:\/\/talkpal.ai\/gl\/#website"},"datePublished":"2025-11-12T12:26:29+00:00","dateModified":"2025-12-30T13:58:51+00:00","description":"Domina as regras gramaticais do malayalam, inclu\u00edndo o alfabeto, os substantivos e os verbos, coa nosa completa gu\u00eda de aprendizaxe de idiomas con IA.","breadcrumb":{"@id":"https:\/\/talkpal.ai\/gl\/gramatica-malayalam\/#breadcrumb"},"inLanguage":"gl-ES","potentialAction":[{"@type":"ReadAction","target":["https:\/\/talkpal.ai\/gl\/gramatica-malayalam\/"]}]},{"@type":"BreadcrumbList","@id":"https:\/\/talkpal.ai\/gl\/gramatica-malayalam\/#breadcrumb","itemListElement":[{"@type":"ListItem","position":1,"name":"Homepage","item":"https:\/\/talkpal.ai\/gl\/"},{"@type":"ListItem","position":2,"name":"Gram\u00e1tica malayalam"}]},{"@type":"WebSite","@id":"https:\/\/talkpal.ai\/gl\/#website","url":"https:\/\/talkpal.ai\/gl\/","name":"Talkpal","description":"AI Language Learning","publisher":{"@id":"https:\/\/talkpal.ai\/gl\/#organization"},"alternateName":"Talkpal AI","potentialAction":[{"@type":"SearchAction","target":{"@type":"EntryPoint","urlTemplate":"https:\/\/talkpal.ai\/gl\/?s={search_term_string}"},"query-input":{"@type":"PropertyValueSpecification","valueRequired":true,"valueName":"search_term_string"}}],"inLanguage":"gl-ES"},{"@type":"Organization","@id":"https:\/\/talkpal.ai\/gl\/#organization","name":"Talkpal, Inc.","alternateName":"Talkpal AI","url":"https:\/\/talkpal.ai\/gl\/","logo":{"@type":"ImageObject","inLanguage":"gl-ES","@id":"https:\/\/talkpal.ai\/gl\/#\/schema\/logo\/image\/","url":"https:\/\/talkpal.ai\/wp-content\/uploads\/2024\/03\/Talkpal-Logo-Icon.png","contentUrl":"https:\/\/talkpal.ai\/wp-content\/uploads\/2024\/03\/Talkpal-Logo-Icon.png","width":2880,"height":2880,"caption":"Talkpal, Inc."},"image":{"@id":"https:\/\/talkpal.ai\/gl\/#\/schema\/logo\/image\/"},"sameAs":["https:\/\/www.facebook.com\/profile.php?id=100090733639311","https:\/\/x.com\/talkpalai","https:\/\/www.linkedin.com\/company\/talkpal\/","https:\/\/www.youtube.com\/@TalkPal\/","https:\/\/www.tiktok.com\/@talkpal","https:\/\/www.instagram.com\/talkpal_ai\/","https:\/\/www.crunchbase.com\/organization\/talkpal-9cde","https:\/\/www.g2.com\/products\/talkpal-for-business\/","https:\/\/www.trustpilot.com\/review\/talkpal.ai","https:\/\/www.capterra.com\/p\/10006800\/TalkPal\/"],"description":"Talkpal is a language learning web and mobile education app, powered by the latest AI technologies, that provides engaging experiences to its customers in many different languages to help them improve their language skills. Users can chat about unlimited amount of topics with the app and use other modes to practice their language learning.","email":"support@talkpal.ai","legalName":"Talkpal, Inc.","foundingDate":"2023-04-03","duns":"118989042","numberOfEmployees":{"@type":"QuantitativeValue","minValue":"11","maxValue":"50"},"publishingPrinciples":"https:\/\/talkpal.ai\/publishing-principles\/","actionableFeedbackPolicy":"https:\/\/talkpal.ai\/actionable-feedback-policy\/","correctionsPolicy":"https:\/\/talkpal.ai\/corrections-policy\/","ethicsPolicy":"https:\/\/talkpal.ai\/ethics-policy\/","diversityPolicy":"https:\/\/talkpal.ai\/diversity-policy\/","diversityStaffingReport":"https:\/\/talkpal.ai\/diversity-policy\/"}]}},"_links":{"self":[{"href":"https:\/\/talkpal.ai\/gl\/wp-json\/wp\/v2\/pages\/1475623","targetHints":{"allow":["GET"]}}],"collection":[{"href":"https:\/\/talkpal.ai\/gl\/wp-json\/wp\/v2\/pages"}],"about":[{"href":"https:\/\/talkpal.ai\/gl\/wp-json\/wp\/v2\/types\/page"}],"author":[{"embeddable":true,"href":"https:\/\/talkpal.ai\/gl\/wp-json\/wp\/v2\/users\/20"}],"replies":[{"embeddable":true,"href":"https:\/\/talkpal.ai\/gl\/wp-json\/wp\/v2\/comments?post=1475623"}],"version-history":[{"count":0,"href":"https:\/\/talkpal.ai\/gl\/wp-json\/wp\/v2\/pages\/1475623\/revisions"}],"wp:attachment":[{"href":"https:\/\/talkpal.ai\/gl\/wp-json\/wp\/v2\/media?parent=1475623"}],"curies":[{"name":"wp","href":"https:\/\/api.w.org\/{rel}","templated":true}]}}