{"id":1475603,"date":"2025-11-12T12:14:54","date_gmt":"2025-11-12T12:14:54","guid":{"rendered":"https:\/\/talkpal.ai\/exercicios-de-gramatica-de-laos\/"},"modified":"2025-12-30T14:07:23","modified_gmt":"2025-12-30T14:07:23","slug":"exercicios-de-gramatica-de-laos","status":"publish","type":"page","link":"https:\/\/talkpal.ai\/gl\/exercicios-de-gramatica-de-laos\/","title":{"rendered":"Exercicios de gram\u00e1tica de Laos"},"content":{"rendered":"\r\n\r\n\r\n<section class=\"languageChallengeSection\">\r\n    <div class=\"languageInfoWrapper\">\r\n        \r\n        <h1>Exercicios de gram\u00e1tica de Laos<\/h1>\r\n        <p>Preparado para mergullarse na gram\u00e1tica de <a href=\"https:\/\/talkpal.ai\/learn-lao\/\">Laos<\/a>? Practicar uns cantos conceptos b\u00e1sicos axudarache a sentirte c\u00f3modo con esta lingua \u00fanica e fermosa. Proba estes exercicios para ga\u00f1ar confianza e divertirte polo cami\u00f1o!<\/p>\r\n\r\n                            <a class=\"getStartedHidden\" href=\"https:\/\/app.talkpal.ai\/signup?lng=\">Empeza<\/a>\r\n        \r\n    <\/div>\r\n\r\n    <figure>\r\n    <img decoding=\"async\" width=\"768\" height=\"768\" src=\"https:\/\/talkpal.ai\/wp-content\/uploads\/2023\/06\/welsh-768x768.png\" class=\"languageImage no-lazy\" alt=\"Language learning for better cognitive abilities\" fetchpriority=\"high\" sizes=\"(max-width: 768px) 150px, 768px\" srcset=\"https:\/\/talkpal.ai\/wp-content\/uploads\/2023\/06\/welsh-768x768.png 768w, https:\/\/talkpal.ai\/wp-content\/uploads\/2023\/06\/welsh-300x300.png 300w\" \/>\r\n    \r\n\r\n    <\/figure>\r\n\r\n            <a class=\"getStartedVisible\" href=\"https:\/\/app.talkpal.ai\/signup?lng=\">Empeza<\/a>\r\n    \r\n<\/section><section class=\"promotionalBanner\">\r\n    <p class=\"promotionalText\">A forma m\u00e1is eficaz de aprender un idioma<\/p>\r\n    <a class=\"promotionalLink\" href=\"https:\/\/app.talkpal.ai\/signup?lng=\">Proba Talkpal de balde<\/a>\r\n<\/section>\n<div class=\"wp-block-group pageContainerStyle\"><div class=\"wp-block-group__inner-container is-layout-constrained wp-block-group-is-layout-constrained\">\n<h2 class=\"wp-block-heading\" id=\"h-lao-grammar-topics\">Temas de gram\u00e1tica de Laos<\/h2>\n\n\n\n<p><a href=\"https:\/\/talkpal.ai\/gl\/os-maiores-erros-que-hai-que-evitar-ao-aprender-unha-nova-lingua\/\">Aprender un novo idioma<\/a> pode ser un esforzo desafiante pero gratificante. O <a href=\"https:\/\/talkpal.ai\/learn-lao\/\">lao<\/a>, unha lingua tai-kadai falada principalmente en Laos, non \u00e9 unha excepci\u00f3n. Coas s\u00faas caracter\u00edsticas e estruturas \u00fanicas, <a href=\"https:\/\/talkpal.ai\/gl\/talkpal-para-a-educacion\/\">a aprendizaxe<\/a> do lao require un enfoque sistem\u00e1tico para comprender <a href=\"https:\/\/talkpal.ai\/locations\/language-courses-in-como\/\">como<\/a> se constr\u00fae o significado con part\u00edculas, orde de palabras e clasificadores en lugar de inflexi\u00f3n. Esta gu\u00eda describe as \u00e1reas clave da <a href=\"https:\/\/talkpal.ai\/gl\/gramatica-de-laos\/\">gram\u00e1tica de Laos<\/a> nunha secuencia l\u00f3xica para a <a href=\"https:\/\/talkpal.ai\/gl\/chatbot-ai-para-a-aprendizaxe-de-idiomas\/\">aprendizaxe de idiomas<\/a>, comezando polos elementos b\u00e1sicos como substantivos e clasificadores, e avanzando a \u00e1reas m\u00e1is complexas como marcadores de aspecto e construci\u00f3n de frases.<\/p>\n\n\n\n<h3 class=\"wp-block-heading\" id=\"h-1-nouns\">1. Substantivos:<\/h3>\n\n\n\n<p>Comeza a t\u00faa viaxe ling\u00fc\u00edstica aprendendo os substantivos. Isto incl\u00fae a comprensi\u00f3n dos substantivos com\u00fans e propios, como se mostra a pluralidade a trav\u00e9s do contexto, os n\u00fameros e as palabras como moitas, as\u00ed como o papel esencial dos clasificadores despois dos n\u00fameros e cuantificadores.<\/p>\n\n\n\n<h3 class=\"wp-block-heading\" id=\"h-2-articles\">2. Artigos:<\/h3>\n\n\n\n<p>Lao non <a href=\"https:\/\/talkpal.ai\/locations\/learn-english-in-usa\/\">usa<\/a> <a href=\"https:\/\/talkpal.ai\/hi\/grammar_exercises\/articulos-%e0%a4%b8%e0%a5%8d%e0%a4%aa%e0%a5%87%e0%a4%a8%e0%a4%bf%e0%a4%b6-%e0%a4%b5%e0%a5%8d%e0%a4%af%e0%a4%be%e0%a4%95%e0%a4%b0%e0%a4%a3-%e0%a4%95%e0%a5%87-%e0%a4%b2%e0%a4%bf%e0%a4%8f-%e0%a4%b5\/\">artigos definidos<\/a> ou indefinidos. Pola contra, a definici\u00f3n e a especificidade expr\u00e9sanse a trav\u00e9s do contexto, demostrativos como este e aquilo, e construci\u00f3ns clasificadoras.<\/p>\n\n\n\n<h3 class=\"wp-block-heading\" id=\"h-3-adjectives\">3. Adxectivos:<\/h3>\n\n\n\n<p>Os adxectivos en lao adoitan seguir os substantivos que modifican. Aprende como os adxectivos tam\u00e9n poden funcionar como predicados e como formar comparaci\u00f3ns usando marcadores para m\u00e1is e que, as\u00ed como superlativos con m\u00e1is.<\/p>\n\n\n\n<h3 class=\"wp-block-heading\" id=\"h-4-pronouns-determiners\">4. Pronomes\/Determinadores:<\/h3>\n\n\n\n<p>Os pronomes e determinantes son esenciais en Laos; Os pronomes var\u00edan segundo a cortes\u00eda, a idade e o contexto social. Os determinantes incl\u00faen demostrativos e cuantificadores, e a posesi\u00f3n adoita estar marcada coa palabra for of entre o posuidor e o substantivo.<\/p>\n\n\n\n<h3 class=\"wp-block-heading\" id=\"h-5-verbs\">5. Verbos:<\/h3>\n\n\n\n<p>Os verbos laotianos non cambian de forma para o tempo, a persoa ou o n\u00famero. O tempo, o aspecto e o estado de \u00e1nimo m\u00f3stranse con part\u00edculas e palabras auxiliares. Comeza con patr\u00f3ns verbais b\u00e1sicos e aprende marcadores com\u00fans para o pasado, a finalizaci\u00f3n, a acci\u00f3n continua e a intenci\u00f3n.<\/p>\n\n\n\n<h3 class=\"wp-block-heading\" id=\"h-6-tenses\">6. Tempos:<\/h3>\n\n\n\n<p>Despois de dominar os patr\u00f3ns verbais b\u00e1sicos, profunda en como Lao expresa o tempo sen tempos flexionados. Isto incl\u00fae o uso de palabras de tempo e marcadores de aspecto para distinguir situaci\u00f3ns presentes, eventos completados e acci\u00f3ns futuras ou intencionadas en diferentes contextos.<\/p>\n\n\n\n<h3 class=\"wp-block-heading\" id=\"h-7-tense-comparison\">7. Comparaci\u00f3n de tempo:<\/h3>\n\n\n\n<p>Comparar o tempo e a marca de aspecto en Laos axuda a comprender a secuencia e o punto de <a href=\"https:\/\/talkpal.ai\/locations\/language-courses-in-vista\/\">vista<\/a> dos acontecementos. Compara a mesma cl\u00e1usula con diferentes part\u00edculas para ver como o significado cambia entre lecturas completas, continuas, habituais e prospectivas.<\/p>\n\n\n\n<h3 class=\"wp-block-heading\" id=\"h-8-progressive\">8. Progresivo:<\/h3>\n\n\n\n<p>O progresista en Laos \u00fasase para expresar acci\u00f3ns continuas. Normalmente f\u00f3rmase cun marcador pre-verbal para in-progress e pode ser reforzado cun marcador final ou post-verbal que indica un estado actual.<\/p>\n\n\n\n<h3 class=\"wp-block-heading\" id=\"h-9-perfect-progressive\">9. Perfecto progresivo:<\/h3>\n\n\n\n<p>Este significado expr\u00e9sase con combinaci\u00f3ns que mostran a duraci\u00f3n ata un punto de referencia. Lao usa marcadores de aspecto, expresi\u00f3ns de tempo e part\u00edculas que indican que xa ou ata agora para transmitir estiveron facendo durante un per\u00edodo.<\/p>\n\n\n\n<h3 class=\"wp-block-heading\" id=\"h-10-conditionals\">10. Condicionais:<\/h3>\n\n\n\n<p>Os condicionais expresan situaci\u00f3ns hipot\u00e9ticas e os seus posibles resultados. F\u00f3rmanse cunha cl\u00e1usula if seguida dunha cl\u00e1usula de resultado, a mi\u00fado usando part\u00edculas modais para indicar probabilidade ou intenci\u00f3n en lugar de cambios de tempo.<\/p>\n\n\n\n<h3 class=\"wp-block-heading\" id=\"h-11-adverbs\">11. Adverbios:<\/h3>\n\n\n\n<p>Os adverbios en laos modifican verbos, adxectivos ou outros adverbios. Normalmente aparecen despois do verbo ou ao final da cl\u00e1usula e proporcionan informaci\u00f3n sobre a maneira, o lugar, o tempo, o grao e moito m\u00e1is.<\/p>\n\n\n\n<h3 class=\"wp-block-heading\" id=\"h-12-prepositions\">12. Preposici\u00f3ns:<\/h3>\n\n\n\n<p>As preposici\u00f3ns enlazan palabras e frases. En Lao moitas destas son coberturas que aparecen antes do substantivo ou en construci\u00f3ns verbais seriadas para expresar relaci\u00f3ns de tempo, lugar, direcci\u00f3n e acompa\u00f1amento.<\/p>\n\n\n\n<h3 class=\"wp-block-heading\" id=\"h-13-sentences\">13. Oraci\u00f3ns:<\/h3>\n\n\n\n<p>Por \u00faltimo, practica a construci\u00f3n de frases. Lao \u00e9 principalmente obxecto verbo suxeito, con <a href=\"https:\/\/talkpal.ai\/zh-hans\/grammar_exercises\/negacion-%e8%a5%bf%e7%8f%ad%e7%89%99%e8%af%ad%e6%b3%95%e7%bb%83%e4%b9%a0\/\">negaci\u00f3n<\/a> antes do verbo e part\u00edculas de pregunta ou palabras de pregunta en posici\u00f3n. Usar todos os puntos gramaticais aprendidos previamente no contexto, inclu\u00edndo clasificadores, marcadores de aspecto e verbos en serie, para asegurar unha comprensi\u00f3n completa da lingua lao.<\/p>\n<\/div><\/div>\n\r\n<section class=\"learnNavigationSection\">\r\n            \r\n        <a href=\"https:\/\/talkpal.ai\/gl\/aprende-lao\/\">\r\n            <div class=\"learnNavigationWrapper\">\r\n                <div class=\"learnNavigationContent\">\r\n                    <img decoding=\"async\" src=\"https:\/\/talkpal.ai\/wp-content\/uploads\/2025\/11\/Lao-1.png\" alt=\"Laotian Flag\">\r\n                    <div>\r\n                        <h4>Sobre a aprendizaxe de Laos<\/h4>\r\n                        <p>Descubre todo sobre a gram\u00e1tica de Laos.<\/p>\r\n                    <\/div>\r\n                <\/div>\r\n            <\/div>\r\n        <\/a>\r\n\r\n        \r\n        <a href=\"https:\/\/talkpal.ai\/gl\/gramatica-de-laos\/\">\r\n            <div class=\"learnNavigationWrapper\">\r\n                <div class=\"learnNavigationContent\">\r\n                    <img decoding=\"async\" src=\"https:\/\/talkpal.ai\/wp-content\/uploads\/2025\/11\/Lao-1.png\" alt=\"Laotian Flag\">\r\n                    <div>\r\n                        <h4>Lecci\u00f3ns de gram\u00e1tica de Laos<\/h4>\r\n                        <p>Practica a gram\u00e1tica de Laos.<\/p>\r\n                    <\/div>\r\n                <\/div>\r\n            <\/div>\r\n        <\/a>\r\n\r\n            <\/section>","protected":false},"excerpt":{"rendered":"<p>Temas de gram\u00e1tica de Laos Aprender un novo idioma pode ser un esforzo desafiante pero gratificante. O lao, unha lingua tai-kadai falada principalmente en Laos, non \u00e9 unha excepci\u00f3n. Coas s\u00faas caracter\u00edsticas e estruturas \u00fanicas, a aprendizaxe do lao require un enfoque sistem\u00e1tico para comprender como se constr\u00fae o significado con part\u00edculas, orde de palabras [&hellip;]<\/p>\n","protected":false},"author":20,"featured_media":0,"parent":0,"menu_order":0,"comment_status":"closed","ping_status":"closed","template":"LearningContentPage.php","meta":{"_acf_changed":false,"footnotes":""},"class_list":["post-1475603","page","type-page","status-publish","hentry"],"acf":[],"yoast_head":"<!-- This site is optimized with the Yoast SEO Premium plugin v27.2 (Yoast SEO v27.2) - https:\/\/yoast.com\/product\/yoast-seo-premium-wordpress\/ -->\n<title>Exercicios de gram\u00e1tica de Laos - Talkpal<\/title>\n<meta name=\"description\" content=\"Domina a gram\u00e1tica laosiana con exercicios interactivos dese\u00f1ados para axudarche a desenvolver fluidez e confianza na lingua.\" \/>\n<meta name=\"robots\" content=\"index, follow, max-snippet:-1, max-image-preview:large, max-video-preview:-1\" \/>\n<link rel=\"canonical\" href=\"https:\/\/talkpal.ai\/gl\/exercicios-de-gramatica-de-laos\/\" \/>\n<meta property=\"og:locale\" content=\"gl_ES\" \/>\n<meta property=\"og:type\" content=\"article\" \/>\n<meta property=\"og:title\" content=\"Exercicios de gram\u00e1tica de Laos\" \/>\n<meta property=\"og:description\" content=\"Temas de gram\u00e1tica de Laos Aprender un novo idioma pode ser un esforzo desafiante pero gratificante. O lao, unha lingua tai-kadai falada principalmente en\" \/>\n<meta property=\"og:url\" content=\"https:\/\/talkpal.ai\/gl\/exercicios-de-gramatica-de-laos\/\" \/>\n<meta property=\"og:site_name\" content=\"Talkpal\" \/>\n<meta property=\"article:publisher\" content=\"https:\/\/www.facebook.com\/profile.php?id=100090733639311\" \/>\n<meta property=\"article:modified_time\" content=\"2025-12-30T14:07:23+00:00\" \/>\n<meta property=\"og:image\" content=\"https:\/\/talkpal.ai\/wp-content\/uploads\/2025\/02\/Progress-tab-16_9.png\" \/>\n\t<meta property=\"og:image:width\" content=\"2880\" \/>\n\t<meta property=\"og:image:height\" content=\"1620\" \/>\n\t<meta property=\"og:image:type\" content=\"image\/png\" \/>\n<meta name=\"twitter:card\" content=\"summary_large_image\" \/>\n<meta name=\"twitter:site\" content=\"@talkpalai\" \/>\n<meta name=\"twitter:label1\" content=\"Tempo de lectura\" \/>\n\t<meta name=\"twitter:data1\" content=\"4 minutos\" \/>\n<script type=\"application\/ld+json\" class=\"yoast-schema-graph\">{\"@context\":\"https:\/\/schema.org\",\"@graph\":[{\"@type\":\"WebPage\",\"@id\":\"https:\/\/talkpal.ai\/gl\/exercicios-de-gramatica-de-laos\/\",\"url\":\"https:\/\/talkpal.ai\/gl\/exercicios-de-gramatica-de-laos\/\",\"name\":\"Exercicios de gram\u00e1tica de Laos - Talkpal\",\"isPartOf\":{\"@id\":\"https:\/\/talkpal.ai\/gl\/#website\"},\"datePublished\":\"2025-11-12T12:14:54+00:00\",\"dateModified\":\"2025-12-30T14:07:23+00:00\",\"description\":\"Domina a gram\u00e1tica laosiana con exercicios interactivos dese\u00f1ados para axudarche a desenvolver fluidez e confianza na lingua.\",\"breadcrumb\":{\"@id\":\"https:\/\/talkpal.ai\/gl\/exercicios-de-gramatica-de-laos\/#breadcrumb\"},\"inLanguage\":\"gl-ES\",\"potentialAction\":[{\"@type\":\"ReadAction\",\"target\":[\"https:\/\/talkpal.ai\/gl\/exercicios-de-gramatica-de-laos\/\"]}]},{\"@type\":\"BreadcrumbList\",\"@id\":\"https:\/\/talkpal.ai\/gl\/exercicios-de-gramatica-de-laos\/#breadcrumb\",\"itemListElement\":[{\"@type\":\"ListItem\",\"position\":1,\"name\":\"Homepage\",\"item\":\"https:\/\/talkpal.ai\/gl\/\"},{\"@type\":\"ListItem\",\"position\":2,\"name\":\"Exercicios de gram\u00e1tica de Laos\"}]},{\"@type\":\"WebSite\",\"@id\":\"https:\/\/talkpal.ai\/gl\/#website\",\"url\":\"https:\/\/talkpal.ai\/gl\/\",\"name\":\"Talkpal\",\"description\":\"AI Language Learning\",\"publisher\":{\"@id\":\"https:\/\/talkpal.ai\/gl\/#organization\"},\"alternateName\":\"Talkpal AI\",\"potentialAction\":[{\"@type\":\"SearchAction\",\"target\":{\"@type\":\"EntryPoint\",\"urlTemplate\":\"https:\/\/talkpal.ai\/gl\/?s={search_term_string}\"},\"query-input\":{\"@type\":\"PropertyValueSpecification\",\"valueRequired\":true,\"valueName\":\"search_term_string\"}}],\"inLanguage\":\"gl-ES\"},{\"@type\":\"Organization\",\"@id\":\"https:\/\/talkpal.ai\/gl\/#organization\",\"name\":\"Talkpal, Inc.\",\"alternateName\":\"Talkpal AI\",\"url\":\"https:\/\/talkpal.ai\/gl\/\",\"logo\":{\"@type\":\"ImageObject\",\"inLanguage\":\"gl-ES\",\"@id\":\"https:\/\/talkpal.ai\/gl\/#\/schema\/logo\/image\/\",\"url\":\"https:\/\/talkpal.ai\/wp-content\/uploads\/2024\/03\/Talkpal-Logo-Icon.png\",\"contentUrl\":\"https:\/\/talkpal.ai\/wp-content\/uploads\/2024\/03\/Talkpal-Logo-Icon.png\",\"width\":2880,\"height\":2880,\"caption\":\"Talkpal, Inc.\"},\"image\":{\"@id\":\"https:\/\/talkpal.ai\/gl\/#\/schema\/logo\/image\/\"},\"sameAs\":[\"https:\/\/www.facebook.com\/profile.php?id=100090733639311\",\"https:\/\/x.com\/talkpalai\",\"https:\/\/www.linkedin.com\/company\/talkpal\/\",\"https:\/\/www.youtube.com\/@TalkPal\/\",\"https:\/\/www.tiktok.com\/@talkpal\",\"https:\/\/www.instagram.com\/talkpal_ai\/\",\"https:\/\/www.crunchbase.com\/organization\/talkpal-9cde\",\"https:\/\/www.g2.com\/products\/talkpal-for-business\/\",\"https:\/\/www.trustpilot.com\/review\/talkpal.ai\",\"https:\/\/www.capterra.com\/p\/10006800\/TalkPal\/\"],\"description\":\"Talkpal is a language learning web and mobile education app, powered by the latest AI technologies, that provides engaging experiences to its customers in many different languages to help them improve their language skills. Users can chat about unlimited amount of topics with the app and use other modes to practice their language learning.\",\"email\":\"support@talkpal.ai\",\"legalName\":\"Talkpal, Inc.\",\"foundingDate\":\"2023-04-03\",\"duns\":\"118989042\",\"numberOfEmployees\":{\"@type\":\"QuantitativeValue\",\"minValue\":\"11\",\"maxValue\":\"50\"},\"publishingPrinciples\":\"https:\/\/talkpal.ai\/publishing-principles\/\",\"actionableFeedbackPolicy\":\"https:\/\/talkpal.ai\/actionable-feedback-policy\/\",\"correctionsPolicy\":\"https:\/\/talkpal.ai\/corrections-policy\/\",\"ethicsPolicy\":\"https:\/\/talkpal.ai\/ethics-policy\/\",\"diversityPolicy\":\"https:\/\/talkpal.ai\/diversity-policy\/\",\"diversityStaffingReport\":\"https:\/\/talkpal.ai\/diversity-policy\/\"}]}<\/script>\n<!-- \/ Yoast SEO Premium plugin. -->","yoast_head_json":{"title":"Exercicios de gram\u00e1tica de Laos - Talkpal","description":"Domina a gram\u00e1tica laosiana con exercicios interactivos dese\u00f1ados para axudarche a desenvolver fluidez e confianza na lingua.","robots":{"index":"index","follow":"follow","max-snippet":"max-snippet:-1","max-image-preview":"max-image-preview:large","max-video-preview":"max-video-preview:-1"},"canonical":"https:\/\/talkpal.ai\/gl\/exercicios-de-gramatica-de-laos\/","og_locale":"gl_ES","og_type":"article","og_title":"Exercicios de gram\u00e1tica de Laos","og_description":"Temas de gram\u00e1tica de Laos Aprender un novo idioma pode ser un esforzo desafiante pero gratificante. O lao, unha lingua tai-kadai falada principalmente en","og_url":"https:\/\/talkpal.ai\/gl\/exercicios-de-gramatica-de-laos\/","og_site_name":"Talkpal","article_publisher":"https:\/\/www.facebook.com\/profile.php?id=100090733639311","article_modified_time":"2025-12-30T14:07:23+00:00","og_image":[{"width":2880,"height":1620,"url":"https:\/\/talkpal.ai\/wp-content\/uploads\/2025\/02\/Progress-tab-16_9.png","type":"image\/png"}],"twitter_card":"summary_large_image","twitter_site":"@talkpalai","twitter_misc":{"Tempo de lectura":"4 minutos"},"schema":{"@context":"https:\/\/schema.org","@graph":[{"@type":"WebPage","@id":"https:\/\/talkpal.ai\/gl\/exercicios-de-gramatica-de-laos\/","url":"https:\/\/talkpal.ai\/gl\/exercicios-de-gramatica-de-laos\/","name":"Exercicios de gram\u00e1tica de Laos - Talkpal","isPartOf":{"@id":"https:\/\/talkpal.ai\/gl\/#website"},"datePublished":"2025-11-12T12:14:54+00:00","dateModified":"2025-12-30T14:07:23+00:00","description":"Domina a gram\u00e1tica laosiana con exercicios interactivos dese\u00f1ados para axudarche a desenvolver fluidez e confianza na lingua.","breadcrumb":{"@id":"https:\/\/talkpal.ai\/gl\/exercicios-de-gramatica-de-laos\/#breadcrumb"},"inLanguage":"gl-ES","potentialAction":[{"@type":"ReadAction","target":["https:\/\/talkpal.ai\/gl\/exercicios-de-gramatica-de-laos\/"]}]},{"@type":"BreadcrumbList","@id":"https:\/\/talkpal.ai\/gl\/exercicios-de-gramatica-de-laos\/#breadcrumb","itemListElement":[{"@type":"ListItem","position":1,"name":"Homepage","item":"https:\/\/talkpal.ai\/gl\/"},{"@type":"ListItem","position":2,"name":"Exercicios de gram\u00e1tica de Laos"}]},{"@type":"WebSite","@id":"https:\/\/talkpal.ai\/gl\/#website","url":"https:\/\/talkpal.ai\/gl\/","name":"Talkpal","description":"AI Language Learning","publisher":{"@id":"https:\/\/talkpal.ai\/gl\/#organization"},"alternateName":"Talkpal AI","potentialAction":[{"@type":"SearchAction","target":{"@type":"EntryPoint","urlTemplate":"https:\/\/talkpal.ai\/gl\/?s={search_term_string}"},"query-input":{"@type":"PropertyValueSpecification","valueRequired":true,"valueName":"search_term_string"}}],"inLanguage":"gl-ES"},{"@type":"Organization","@id":"https:\/\/talkpal.ai\/gl\/#organization","name":"Talkpal, Inc.","alternateName":"Talkpal AI","url":"https:\/\/talkpal.ai\/gl\/","logo":{"@type":"ImageObject","inLanguage":"gl-ES","@id":"https:\/\/talkpal.ai\/gl\/#\/schema\/logo\/image\/","url":"https:\/\/talkpal.ai\/wp-content\/uploads\/2024\/03\/Talkpal-Logo-Icon.png","contentUrl":"https:\/\/talkpal.ai\/wp-content\/uploads\/2024\/03\/Talkpal-Logo-Icon.png","width":2880,"height":2880,"caption":"Talkpal, Inc."},"image":{"@id":"https:\/\/talkpal.ai\/gl\/#\/schema\/logo\/image\/"},"sameAs":["https:\/\/www.facebook.com\/profile.php?id=100090733639311","https:\/\/x.com\/talkpalai","https:\/\/www.linkedin.com\/company\/talkpal\/","https:\/\/www.youtube.com\/@TalkPal\/","https:\/\/www.tiktok.com\/@talkpal","https:\/\/www.instagram.com\/talkpal_ai\/","https:\/\/www.crunchbase.com\/organization\/talkpal-9cde","https:\/\/www.g2.com\/products\/talkpal-for-business\/","https:\/\/www.trustpilot.com\/review\/talkpal.ai","https:\/\/www.capterra.com\/p\/10006800\/TalkPal\/"],"description":"Talkpal is a language learning web and mobile education app, powered by the latest AI technologies, that provides engaging experiences to its customers in many different languages to help them improve their language skills. Users can chat about unlimited amount of topics with the app and use other modes to practice their language learning.","email":"support@talkpal.ai","legalName":"Talkpal, Inc.","foundingDate":"2023-04-03","duns":"118989042","numberOfEmployees":{"@type":"QuantitativeValue","minValue":"11","maxValue":"50"},"publishingPrinciples":"https:\/\/talkpal.ai\/publishing-principles\/","actionableFeedbackPolicy":"https:\/\/talkpal.ai\/actionable-feedback-policy\/","correctionsPolicy":"https:\/\/talkpal.ai\/corrections-policy\/","ethicsPolicy":"https:\/\/talkpal.ai\/ethics-policy\/","diversityPolicy":"https:\/\/talkpal.ai\/diversity-policy\/","diversityStaffingReport":"https:\/\/talkpal.ai\/diversity-policy\/"}]}},"_links":{"self":[{"href":"https:\/\/talkpal.ai\/gl\/wp-json\/wp\/v2\/pages\/1475603","targetHints":{"allow":["GET"]}}],"collection":[{"href":"https:\/\/talkpal.ai\/gl\/wp-json\/wp\/v2\/pages"}],"about":[{"href":"https:\/\/talkpal.ai\/gl\/wp-json\/wp\/v2\/types\/page"}],"author":[{"embeddable":true,"href":"https:\/\/talkpal.ai\/gl\/wp-json\/wp\/v2\/users\/20"}],"replies":[{"embeddable":true,"href":"https:\/\/talkpal.ai\/gl\/wp-json\/wp\/v2\/comments?post=1475603"}],"version-history":[{"count":0,"href":"https:\/\/talkpal.ai\/gl\/wp-json\/wp\/v2\/pages\/1475603\/revisions"}],"wp:attachment":[{"href":"https:\/\/talkpal.ai\/gl\/wp-json\/wp\/v2\/media?parent=1475603"}],"curies":[{"name":"wp","href":"https:\/\/api.w.org\/{rel}","templated":true}]}}