{"id":1475583,"date":"2025-11-12T12:14:52","date_gmt":"2025-11-12T12:14:52","guid":{"rendered":"https:\/\/talkpal.ai\/gramatica-de-laos\/"},"modified":"2025-12-30T14:09:15","modified_gmt":"2025-12-30T14:09:15","slug":"gramatica-de-laos","status":"publish","type":"page","link":"https:\/\/talkpal.ai\/gl\/gramatica-de-laos\/","title":{"rendered":"Gram\u00e1tica de Laos"},"content":{"rendered":"\r\n\r\n\r\n<section class=\"languageChallengeSection\">\r\n    <div class=\"languageInfoWrapper\">\r\n        \r\n        <h1>Gram\u00e1tica de Laos<\/h1>\r\n        <p>A gram\u00e1tica de <a href=\"https:\/\/talkpal.ai\/learn-lao\/\">Laos<\/a> pode parecer un desaf\u00edo ao principio, pero as s\u00faas caracter\u00edsticas \u00fanicas fan que a <a href=\"https:\/\/talkpal.ai\/gl\/aprendizaxe\/\">aprendizaxe<\/a> do idioma sexa unha experiencia gratificante. Ao explorar o seu alfabeto, as s\u00faas mutaci\u00f3ns e as s\u00faas regras gramaticais, obter\u00e1s informaci\u00f3n sobre unha rica tradici\u00f3n ling\u00fc\u00edstica. Comeza a t\u00faa viaxe e descobre a beleza de Laos!<\/p>\r\n\r\n                            <a class=\"getStartedHidden\" href=\"https:\/\/app.talkpal.ai\/signup?lng=\">Empeza<\/a>\r\n        \r\n    <\/div>\r\n\r\n    <figure>\r\n    <img decoding=\"async\" width=\"768\" height=\"768\" src=\"https:\/\/talkpal.ai\/wp-content\/uploads\/2023\/06\/welsh-768x768.png\" class=\"languageImage no-lazy\" alt=\"Language learning for better cognitive abilities\" fetchpriority=\"high\" sizes=\"(max-width: 768px) 150px, 768px\" srcset=\"https:\/\/talkpal.ai\/wp-content\/uploads\/2023\/06\/welsh-768x768.png 768w, https:\/\/talkpal.ai\/wp-content\/uploads\/2023\/06\/welsh-300x300.png 300w\" \/>\r\n    \r\n\r\n    <\/figure>\r\n\r\n            <a class=\"getStartedVisible\" href=\"https:\/\/app.talkpal.ai\/signup?lng=\">Empeza<\/a>\r\n    \r\n<\/section><section class=\"promotionalBanner\">\r\n    <p class=\"promotionalText\">A forma m\u00e1is eficaz de aprender un idioma<\/p>\r\n    <a class=\"promotionalLink\" href=\"https:\/\/app.talkpal.ai\/signup?lng=\">Proba Talkpal de balde<\/a>\r\n<\/section>\n<div class=\"wp-block-group pageContainerStyle\"><div class=\"wp-block-group__inner-container is-layout-constrained wp-block-group-is-layout-constrained\">\n<h2 class=\"wp-block-heading\" id=\"h-navigating-the-intricacies-of-lao-grammar\">Navegando polas complexidades da gram\u00e1tica de Laos<\/h2>\n\n\n\n<p><a href=\"https:\/\/talkpal.ai\/gl\/aprende-lao\/\">Lao<\/a>, unha lingua Tai-Kadai cunha rica historia e significado cultural, ofrece unha experiencia ling\u00fc\u00edstica emocionante para aqueles que desexan explorar o seu sistema gramatical \u00fanico. A medida que te aventuras no reino de Laos, non s\u00f3 enriquecer\u00e1s o teu repertorio ling\u00fc\u00edstico, sen\u00f3n que tam\u00e9n abrazar\u00e1s unha fascinante viaxe cultural. A\u00ednda que a <a href=\"https:\/\/talkpal.ai\/lao-grammar\/\">gram\u00e1tica laosiana<\/a> pode parecer desco\u00f1ecida ao principio, dividila en compo\u00f1entes b\u00e1sicos fai que a aprendizaxe da lingua sexa m\u00e1is accesible. Neste artigo, exploraremos o cativador mundo da gram\u00e1tica de Laos e proporcionaremos consellos sobre <a href=\"https:\/\/talkpal.ai\/locations\/language-courses-in-como\/\">como<\/a> dominar as s\u00faas complexidades.<\/p>\n\n\n\n<h3 class=\"wp-block-heading\" id=\"h-1-lao-alphabet-and-phonetics\">1. Alfabeto laotiano e fon\u00e9tica<\/h3>\n\n\n\n<p>A escrita laosiana <a href=\"https:\/\/talkpal.ai\/locations\/learn-english-in-usa\/\">usa<\/a> 27 letras conso\u00e1nticas, numerosos signos voc\u00e1licos e catro marcas de ton. O lao \u00e9 tonal, con cinco tons no dialecto est\u00e1ndar de Vientiane. Para aprender a gram\u00e1tica de Laos, \u00e9 fundamental familiarizarse con este distintivo sistema de escritura practicando a lectura e a escritura en Laos.<\/p>\n\n\n\n<h3 class=\"wp-block-heading\" id=\"h-2-tone-system-a-defining-lao-feature\">2. Sistema de tons: unha caracter\u00edstica definitoria de Laos<\/h3>\n\n\n\n<p>Un dos aspectos m\u00e1is rechamantes da gram\u00e1tica de Laos \u00e9 o seu sistema de tons. As consoantes agr\u00fapanse en clases altas, medias e baixas, que interaccionan coas marcas de ton, a lonxitude das vogais e o tipo de s\u00edlaba para determinar o ton. Comprender como as clases de consoantes e as marcas de ton conforman a pronuncia \u00e9 vital para unha comunicaci\u00f3n precisa en Laos.<\/p>\n\n\n\n<h3 class=\"wp-block-heading\" id=\"h-3-nouns-and-pronouns-classifiers-and-politeness\">3. Substantivos e pronomes: clasificadores e cortes\u00eda<\/h3>\n\n\n\n<p>Os substantivos laosianos non te\u00f1en x\u00e9nero gramatical nin caso, e os plurais adoitan expresarse con palabras como &#8220;moitos&#8221; ou con clasificadores en lugar de flexi\u00f3n. Os pronomes en lao incl\u00faen formas persoais, posesivas, reflexivas, demostrativas e interrogativas, con moitas opci\u00f3ns moldeadas pola idade, o status e a cortes\u00eda. Familiarizarse con estes pronomes, clasificadores e o marcador posesivo &#8220;khong&#8221; mellorar\u00e1 significativamente a s\u00faa comprensi\u00f3n da gram\u00e1tica de Laos.<\/p>\n\n\n\n<h3 class=\"wp-block-heading\" id=\"h-4-verbs-structure-and-conjugation\">4. Verbos: Estrutura e Conxugaci\u00f3n<\/h3>\n\n\n\n<p>Os verbos laotianos non conxugan para o tempo, o estado de \u00e1nimo ou a persoa. O tempo e o aspecto expr\u00e9sanse con part\u00edculas como &#8220;kamlang&#8221; para progresivo, &#8220;laew&#8221; para acci\u00f3ns completadas e &#8220;si&#8221; para <a href=\"https:\/\/talkpal.ai\/ja\/grammar_exercises\/futuro-%e3%82%b9%e3%83%9a%e3%82%a4%e3%83%b3%e8%aa%9e%e3%81%ae%e6%96%87%e6%b3%95%e3%81%ae%e6%bc%94%e7%bf%92\/\">futuro<\/a>. Os significados condicionais e imperativos f\u00f3rmanse con part\u00edculas e contexto. Aprender como Lao usa part\u00edculas, verbos en serie e c\u00f3pulas como &#8220;pluma&#8221; para a identidade e &#8220;yu&#8221; para a localizaci\u00f3n mellorar\u00e1 a s\u00faa capacidade de comunicarse eficazmente en Laos.<\/p>\n\n\n\n<h3 class=\"wp-block-heading\" id=\"h-5-adjectives-agreement-and-placement\">5. Adxectivos: Acordo e Colocaci\u00f3n<\/h3>\n\n\n\n<p>Na gram\u00e1tica de Laos, os adxectivos adoitan seguir o substantivo que modifican e non coinciden en x\u00e9nero ou n\u00famero. Os comparativos e superlativos constr\u00faense con part\u00edculas como &#8220;kwaa&#8221; para &#8220;m\u00e1is que&#8221; e &#8220;thi sut&#8221; para &#8220;o m\u00e1is&#8221;, que son esenciais para aprender a comunicarse de forma m\u00e1is natural.<\/p>\n\n\n\n<p><strong>Exemplos:<\/strong><\/p>\n\n\n\n<p><strong>\u2013 khw\u0101m hak nyai (gran amor)<\/strong><\/p>\n\n\n\n<p><strong>\u2013 Dek N\u00f2i (Nenos pequenos)<\/strong><\/p>\n\n\n\n<h3 class=\"wp-block-heading\" id=\"h-6-engaging-with-the-language\">6. Comprometerse coa lingua<\/h3>\n\n\n\n<p>O xeito m\u00e1is eficaz de comprender e interiorizar completamente a gram\u00e1tica de Laos \u00e9 involucrarse constantemente coa lingua. Ao ler literatura laotiana, ver pel\u00edculas ou series de televisi\u00f3n laosianas e comunicarse activamente con falantes nativos, reforzar\u00e1s a t\u00faa comprensi\u00f3n da gram\u00e1tica mentres ampl\u00edas o teu vocabulario.<\/p>\n\n\n\n<h3 class=\"wp-block-heading\" id=\"h-conclusion\">Conclusi\u00f3n<\/h3>\n\n\n\n<p>A\u00ednda que a gram\u00e1tica laosiana pode parecer intrincada, podes chegar a ser competente nesta fermosa lingua con dedicaci\u00f3n, pr\u00e1ctica e entusiasmo. Ao centrarse nas regras fundamentais e involucrarse coa lingua en diferentes contextos, mellorar\u00e1 rapidamente as s\u00faas <a href=\"https:\/\/talkpal.ai\/gl\/gramatica\/\">habilidades gramaticais<\/a> de Laos. Sok dii (boa sorte) coa t\u00faa viaxe ling\u00fc\u00edstica en Laos e goza desentra\u00f1ando o enigm\u00e1tico pero cativador mundo da gram\u00e1tica de Laos!<\/p>\n<\/div><\/div>\n\r\n<section class=\"learnNavigationSection\">\r\n            \r\n        <a href=\"https:\/\/talkpal.ai\/gl\/aprende-lao\/\">\r\n            <div class=\"learnNavigationWrapper\">\r\n                <div class=\"learnNavigationContent\">\r\n                    <img decoding=\"async\" src=\"https:\/\/talkpal.ai\/wp-content\/uploads\/2025\/11\/Lao-1.png\" alt=\"Laotian Flag\">\r\n                    <div>\r\n                        <h4>Sobre a aprendizaxe de Laos<\/h4>\r\n                        <p>Descubre todo sobre a gram\u00e1tica de Laos.<\/p>\r\n                    <\/div>\r\n                <\/div>\r\n            <\/div>\r\n        <\/a>\r\n\r\n        \r\n        <a href=\"https:\/\/talkpal.ai\/gl\/exercicios-de-gramatica-de-laos\/\">\r\n            <div class=\"learnNavigationWrapper\">\r\n                <div class=\"learnNavigationContent\">\r\n                    <img decoding=\"async\" src=\"https:\/\/talkpal.ai\/wp-content\/uploads\/2025\/11\/Lao-1.png\" alt=\"Laotian Flag\">\r\n                    <div>\r\n                        <h4>Exercicio de gram\u00e1tica de Laos<\/h4>\r\n                        <p>Practica a gram\u00e1tica de Laos.<\/p>\r\n                    <\/div>\r\n                <\/div>\r\n            <\/div>\r\n        <\/a>\r\n\r\n            <\/section>","protected":false},"excerpt":{"rendered":"<p>Navegando polas complexidades da gram\u00e1tica de Laos Lao, unha lingua Tai-Kadai cunha rica historia e significado cultural, ofrece unha experiencia ling\u00fc\u00edstica emocionante para aqueles que desexan explorar o seu sistema gramatical \u00fanico. A medida que te aventuras no reino de Laos, non s\u00f3 enriquecer\u00e1s o teu repertorio ling\u00fc\u00edstico, sen\u00f3n que tam\u00e9n abrazar\u00e1s unha fascinante viaxe [&hellip;]<\/p>\n","protected":false},"author":20,"featured_media":0,"parent":0,"menu_order":0,"comment_status":"closed","ping_status":"closed","template":"LearningContentPage.php","meta":{"_acf_changed":false,"footnotes":""},"class_list":["post-1475583","page","type-page","status-publish","hentry"],"acf":[],"yoast_head":"<!-- This site is optimized with the Yoast SEO Premium plugin v27.2 (Yoast SEO v27.2) - https:\/\/yoast.com\/product\/yoast-seo-premium-wordpress\/ -->\n<title>Gram\u00e1tica de Laos - Talkpal<\/title>\n<meta name=\"description\" content=\"Domina os fundamentos da gram\u00e1tica laosiana, inclu\u00edndo o sistema de tons e a estrutura das frases, para mellorar o teu dominio do idioma con Talkpal.\" \/>\n<meta name=\"robots\" content=\"index, follow, max-snippet:-1, max-image-preview:large, max-video-preview:-1\" \/>\n<link rel=\"canonical\" href=\"https:\/\/talkpal.ai\/gl\/gramatica-de-laos\/\" \/>\n<meta property=\"og:locale\" content=\"gl_ES\" \/>\n<meta property=\"og:type\" content=\"article\" \/>\n<meta property=\"og:title\" content=\"Gram\u00e1tica de Laos\" \/>\n<meta property=\"og:description\" content=\"Navegando polas complexidades da gram\u00e1tica de Laos Lao, unha lingua Tai-Kadai cunha rica historia e significado cultural, ofrece unha experiencia\" \/>\n<meta property=\"og:url\" content=\"https:\/\/talkpal.ai\/gl\/gramatica-de-laos\/\" \/>\n<meta property=\"og:site_name\" content=\"Talkpal\" \/>\n<meta property=\"article:publisher\" content=\"https:\/\/www.facebook.com\/profile.php?id=100090733639311\" \/>\n<meta property=\"article:modified_time\" content=\"2025-12-30T14:09:15+00:00\" \/>\n<meta property=\"og:image\" content=\"https:\/\/talkpal.ai\/wp-content\/uploads\/2025\/02\/Progress-tab-16_9.png\" \/>\n\t<meta property=\"og:image:width\" content=\"2880\" \/>\n\t<meta property=\"og:image:height\" content=\"1620\" \/>\n\t<meta property=\"og:image:type\" content=\"image\/png\" \/>\n<meta name=\"twitter:card\" content=\"summary_large_image\" \/>\n<meta name=\"twitter:site\" content=\"@talkpalai\" \/>\n<meta name=\"twitter:label1\" content=\"Tempo de lectura\" \/>\n\t<meta name=\"twitter:data1\" content=\"3 minutos\" \/>\n<script type=\"application\/ld+json\" class=\"yoast-schema-graph\">{\"@context\":\"https:\/\/schema.org\",\"@graph\":[{\"@type\":\"WebPage\",\"@id\":\"https:\/\/talkpal.ai\/gl\/gramatica-de-laos\/\",\"url\":\"https:\/\/talkpal.ai\/gl\/gramatica-de-laos\/\",\"name\":\"Gram\u00e1tica de Laos - Talkpal\",\"isPartOf\":{\"@id\":\"https:\/\/talkpal.ai\/gl\/#website\"},\"datePublished\":\"2025-11-12T12:14:52+00:00\",\"dateModified\":\"2025-12-30T14:09:15+00:00\",\"description\":\"Domina os fundamentos da gram\u00e1tica laosiana, inclu\u00edndo o sistema de tons e a estrutura das frases, para mellorar o teu dominio do idioma con Talkpal.\",\"breadcrumb\":{\"@id\":\"https:\/\/talkpal.ai\/gl\/gramatica-de-laos\/#breadcrumb\"},\"inLanguage\":\"gl-ES\",\"potentialAction\":[{\"@type\":\"ReadAction\",\"target\":[\"https:\/\/talkpal.ai\/gl\/gramatica-de-laos\/\"]}]},{\"@type\":\"BreadcrumbList\",\"@id\":\"https:\/\/talkpal.ai\/gl\/gramatica-de-laos\/#breadcrumb\",\"itemListElement\":[{\"@type\":\"ListItem\",\"position\":1,\"name\":\"Homepage\",\"item\":\"https:\/\/talkpal.ai\/gl\/\"},{\"@type\":\"ListItem\",\"position\":2,\"name\":\"Gram\u00e1tica de Laos\"}]},{\"@type\":\"WebSite\",\"@id\":\"https:\/\/talkpal.ai\/gl\/#website\",\"url\":\"https:\/\/talkpal.ai\/gl\/\",\"name\":\"Talkpal\",\"description\":\"AI Language Learning\",\"publisher\":{\"@id\":\"https:\/\/talkpal.ai\/gl\/#organization\"},\"alternateName\":\"Talkpal AI\",\"potentialAction\":[{\"@type\":\"SearchAction\",\"target\":{\"@type\":\"EntryPoint\",\"urlTemplate\":\"https:\/\/talkpal.ai\/gl\/?s={search_term_string}\"},\"query-input\":{\"@type\":\"PropertyValueSpecification\",\"valueRequired\":true,\"valueName\":\"search_term_string\"}}],\"inLanguage\":\"gl-ES\"},{\"@type\":\"Organization\",\"@id\":\"https:\/\/talkpal.ai\/gl\/#organization\",\"name\":\"Talkpal, Inc.\",\"alternateName\":\"Talkpal AI\",\"url\":\"https:\/\/talkpal.ai\/gl\/\",\"logo\":{\"@type\":\"ImageObject\",\"inLanguage\":\"gl-ES\",\"@id\":\"https:\/\/talkpal.ai\/gl\/#\/schema\/logo\/image\/\",\"url\":\"https:\/\/talkpal.ai\/wp-content\/uploads\/2024\/03\/Talkpal-Logo-Icon.png\",\"contentUrl\":\"https:\/\/talkpal.ai\/wp-content\/uploads\/2024\/03\/Talkpal-Logo-Icon.png\",\"width\":2880,\"height\":2880,\"caption\":\"Talkpal, Inc.\"},\"image\":{\"@id\":\"https:\/\/talkpal.ai\/gl\/#\/schema\/logo\/image\/\"},\"sameAs\":[\"https:\/\/www.facebook.com\/profile.php?id=100090733639311\",\"https:\/\/x.com\/talkpalai\",\"https:\/\/www.linkedin.com\/company\/talkpal\/\",\"https:\/\/www.youtube.com\/@TalkPal\/\",\"https:\/\/www.tiktok.com\/@talkpal\",\"https:\/\/www.instagram.com\/talkpal_ai\/\",\"https:\/\/www.crunchbase.com\/organization\/talkpal-9cde\",\"https:\/\/www.g2.com\/products\/talkpal-for-business\/\",\"https:\/\/www.trustpilot.com\/review\/talkpal.ai\",\"https:\/\/www.capterra.com\/p\/10006800\/TalkPal\/\"],\"description\":\"Talkpal is a language learning web and mobile education app, powered by the latest AI technologies, that provides engaging experiences to its customers in many different languages to help them improve their language skills. Users can chat about unlimited amount of topics with the app and use other modes to practice their language learning.\",\"email\":\"support@talkpal.ai\",\"legalName\":\"Talkpal, Inc.\",\"foundingDate\":\"2023-04-03\",\"duns\":\"118989042\",\"numberOfEmployees\":{\"@type\":\"QuantitativeValue\",\"minValue\":\"11\",\"maxValue\":\"50\"},\"publishingPrinciples\":\"https:\/\/talkpal.ai\/publishing-principles\/\",\"actionableFeedbackPolicy\":\"https:\/\/talkpal.ai\/actionable-feedback-policy\/\",\"correctionsPolicy\":\"https:\/\/talkpal.ai\/corrections-policy\/\",\"ethicsPolicy\":\"https:\/\/talkpal.ai\/ethics-policy\/\",\"diversityPolicy\":\"https:\/\/talkpal.ai\/diversity-policy\/\",\"diversityStaffingReport\":\"https:\/\/talkpal.ai\/diversity-policy\/\"}]}<\/script>\n<!-- \/ Yoast SEO Premium plugin. -->","yoast_head_json":{"title":"Gram\u00e1tica de Laos - Talkpal","description":"Domina os fundamentos da gram\u00e1tica laosiana, inclu\u00edndo o sistema de tons e a estrutura das frases, para mellorar o teu dominio do idioma con Talkpal.","robots":{"index":"index","follow":"follow","max-snippet":"max-snippet:-1","max-image-preview":"max-image-preview:large","max-video-preview":"max-video-preview:-1"},"canonical":"https:\/\/talkpal.ai\/gl\/gramatica-de-laos\/","og_locale":"gl_ES","og_type":"article","og_title":"Gram\u00e1tica de Laos","og_description":"Navegando polas complexidades da gram\u00e1tica de Laos Lao, unha lingua Tai-Kadai cunha rica historia e significado cultural, ofrece unha experiencia","og_url":"https:\/\/talkpal.ai\/gl\/gramatica-de-laos\/","og_site_name":"Talkpal","article_publisher":"https:\/\/www.facebook.com\/profile.php?id=100090733639311","article_modified_time":"2025-12-30T14:09:15+00:00","og_image":[{"width":2880,"height":1620,"url":"https:\/\/talkpal.ai\/wp-content\/uploads\/2025\/02\/Progress-tab-16_9.png","type":"image\/png"}],"twitter_card":"summary_large_image","twitter_site":"@talkpalai","twitter_misc":{"Tempo de lectura":"3 minutos"},"schema":{"@context":"https:\/\/schema.org","@graph":[{"@type":"WebPage","@id":"https:\/\/talkpal.ai\/gl\/gramatica-de-laos\/","url":"https:\/\/talkpal.ai\/gl\/gramatica-de-laos\/","name":"Gram\u00e1tica de Laos - Talkpal","isPartOf":{"@id":"https:\/\/talkpal.ai\/gl\/#website"},"datePublished":"2025-11-12T12:14:52+00:00","dateModified":"2025-12-30T14:09:15+00:00","description":"Domina os fundamentos da gram\u00e1tica laosiana, inclu\u00edndo o sistema de tons e a estrutura das frases, para mellorar o teu dominio do idioma con Talkpal.","breadcrumb":{"@id":"https:\/\/talkpal.ai\/gl\/gramatica-de-laos\/#breadcrumb"},"inLanguage":"gl-ES","potentialAction":[{"@type":"ReadAction","target":["https:\/\/talkpal.ai\/gl\/gramatica-de-laos\/"]}]},{"@type":"BreadcrumbList","@id":"https:\/\/talkpal.ai\/gl\/gramatica-de-laos\/#breadcrumb","itemListElement":[{"@type":"ListItem","position":1,"name":"Homepage","item":"https:\/\/talkpal.ai\/gl\/"},{"@type":"ListItem","position":2,"name":"Gram\u00e1tica de Laos"}]},{"@type":"WebSite","@id":"https:\/\/talkpal.ai\/gl\/#website","url":"https:\/\/talkpal.ai\/gl\/","name":"Talkpal","description":"AI Language Learning","publisher":{"@id":"https:\/\/talkpal.ai\/gl\/#organization"},"alternateName":"Talkpal AI","potentialAction":[{"@type":"SearchAction","target":{"@type":"EntryPoint","urlTemplate":"https:\/\/talkpal.ai\/gl\/?s={search_term_string}"},"query-input":{"@type":"PropertyValueSpecification","valueRequired":true,"valueName":"search_term_string"}}],"inLanguage":"gl-ES"},{"@type":"Organization","@id":"https:\/\/talkpal.ai\/gl\/#organization","name":"Talkpal, Inc.","alternateName":"Talkpal AI","url":"https:\/\/talkpal.ai\/gl\/","logo":{"@type":"ImageObject","inLanguage":"gl-ES","@id":"https:\/\/talkpal.ai\/gl\/#\/schema\/logo\/image\/","url":"https:\/\/talkpal.ai\/wp-content\/uploads\/2024\/03\/Talkpal-Logo-Icon.png","contentUrl":"https:\/\/talkpal.ai\/wp-content\/uploads\/2024\/03\/Talkpal-Logo-Icon.png","width":2880,"height":2880,"caption":"Talkpal, Inc."},"image":{"@id":"https:\/\/talkpal.ai\/gl\/#\/schema\/logo\/image\/"},"sameAs":["https:\/\/www.facebook.com\/profile.php?id=100090733639311","https:\/\/x.com\/talkpalai","https:\/\/www.linkedin.com\/company\/talkpal\/","https:\/\/www.youtube.com\/@TalkPal\/","https:\/\/www.tiktok.com\/@talkpal","https:\/\/www.instagram.com\/talkpal_ai\/","https:\/\/www.crunchbase.com\/organization\/talkpal-9cde","https:\/\/www.g2.com\/products\/talkpal-for-business\/","https:\/\/www.trustpilot.com\/review\/talkpal.ai","https:\/\/www.capterra.com\/p\/10006800\/TalkPal\/"],"description":"Talkpal is a language learning web and mobile education app, powered by the latest AI technologies, that provides engaging experiences to its customers in many different languages to help them improve their language skills. Users can chat about unlimited amount of topics with the app and use other modes to practice their language learning.","email":"support@talkpal.ai","legalName":"Talkpal, Inc.","foundingDate":"2023-04-03","duns":"118989042","numberOfEmployees":{"@type":"QuantitativeValue","minValue":"11","maxValue":"50"},"publishingPrinciples":"https:\/\/talkpal.ai\/publishing-principles\/","actionableFeedbackPolicy":"https:\/\/talkpal.ai\/actionable-feedback-policy\/","correctionsPolicy":"https:\/\/talkpal.ai\/corrections-policy\/","ethicsPolicy":"https:\/\/talkpal.ai\/ethics-policy\/","diversityPolicy":"https:\/\/talkpal.ai\/diversity-policy\/","diversityStaffingReport":"https:\/\/talkpal.ai\/diversity-policy\/"}]}},"_links":{"self":[{"href":"https:\/\/talkpal.ai\/gl\/wp-json\/wp\/v2\/pages\/1475583","targetHints":{"allow":["GET"]}}],"collection":[{"href":"https:\/\/talkpal.ai\/gl\/wp-json\/wp\/v2\/pages"}],"about":[{"href":"https:\/\/talkpal.ai\/gl\/wp-json\/wp\/v2\/types\/page"}],"author":[{"embeddable":true,"href":"https:\/\/talkpal.ai\/gl\/wp-json\/wp\/v2\/users\/20"}],"replies":[{"embeddable":true,"href":"https:\/\/talkpal.ai\/gl\/wp-json\/wp\/v2\/comments?post=1475583"}],"version-history":[{"count":0,"href":"https:\/\/talkpal.ai\/gl\/wp-json\/wp\/v2\/pages\/1475583\/revisions"}],"wp:attachment":[{"href":"https:\/\/talkpal.ai\/gl\/wp-json\/wp\/v2\/media?parent=1475583"}],"curies":[{"name":"wp","href":"https:\/\/api.w.org\/{rel}","templated":true}]}}