{"id":1475474,"date":"2025-11-12T09:38:12","date_gmt":"2025-11-12T09:38:12","guid":{"rendered":"https:\/\/talkpal.ai\/exercicios-de-gramatica-gujarati\/"},"modified":"2025-12-30T14:46:32","modified_gmt":"2025-12-30T14:46:32","slug":"exercicios-de-gramatica-gujarati","status":"publish","type":"page","link":"https:\/\/talkpal.ai\/gl\/exercicios-de-gramatica-gujarati\/","title":{"rendered":"Exercicios de gram\u00e1tica gujarati"},"content":{"rendered":"\r\n\r\n\r\n<section class=\"languageChallengeSection\">\r\n    <div class=\"languageInfoWrapper\">\r\n        \r\n        <h1>Exercicios de gram\u00e1tica gujarati<\/h1>\r\n        <p>Preparado para mergullarse na <a href=\"https:\/\/talkpal.ai\/pt-br\/gramatica-gujarati\/\">gram\u00e1tica gujarati<\/a>? Practicar uns cantos conceptos b\u00e1sicos axudarache a sentirte c\u00f3modo con esta lingua \u00fanica e fermosa. Proba estes exercicios para ga\u00f1ar confianza e divertirte polo cami\u00f1o!<\/p>\r\n\r\n                            <a class=\"getStartedHidden\" href=\"https:\/\/app.talkpal.ai\/signup?lng=\">Empeza<\/a>\r\n        \r\n    <\/div>\r\n\r\n    <figure>\r\n    <img decoding=\"async\" width=\"768\" height=\"768\" src=\"https:\/\/talkpal.ai\/wp-content\/uploads\/2023\/06\/welsh-768x768.png\" class=\"languageImage no-lazy\" alt=\"Language learning for better cognitive abilities\" fetchpriority=\"high\" sizes=\"(max-width: 768px) 150px, 768px\" srcset=\"https:\/\/talkpal.ai\/wp-content\/uploads\/2023\/06\/welsh-768x768.png 768w, https:\/\/talkpal.ai\/wp-content\/uploads\/2023\/06\/welsh-300x300.png 300w\" \/>\r\n    \r\n\r\n    <\/figure>\r\n\r\n            <a class=\"getStartedVisible\" href=\"https:\/\/app.talkpal.ai\/signup?lng=\">Empeza<\/a>\r\n    \r\n<\/section><section class=\"promotionalBanner\">\r\n    <p class=\"promotionalText\">A forma m\u00e1is eficaz de aprender un idioma<\/p>\r\n    <a class=\"promotionalLink\" href=\"https:\/\/app.talkpal.ai\/signup?lng=\">Proba Talkpal de balde<\/a>\r\n<\/section>\n<div class=\"wp-block-group pageContainerStyle\"><div class=\"wp-block-group__inner-container is-layout-constrained wp-block-group-is-layout-constrained\">\n<h2 class=\"wp-block-heading\" id=\"h-gujarati-grammar-topics\">Temas de gram\u00e1tica gujarati<\/h2>\n\n\n\n<p><a href=\"https:\/\/talkpal.ai\/gl\/os-maiores-erros-que-hai-que-evitar-ao-aprender-unha-nova-lingua\/\">Aprender un novo idioma<\/a> pode ser un esforzo desafiante pero gratificante. O <a href=\"https:\/\/talkpal.ai\/learn-gujarati\/\">gujarati<\/a>, unha lingua indoaria falada principalmente no estado <a href=\"https:\/\/talkpal.ai\/es\/locations\/cursos-de-idiomas-en-indio\/\">indio<\/a> de Gujarat e polas comunidades da di\u00e1spora en todo o mundo, non \u00e9 unha excepci\u00f3n. Coas s\u00faas caracter\u00edsticas e estruturas \u00fanicas, <a href=\"https:\/\/talkpal.ai\/gl\/talkpal-para-a-educacion\/\">a aprendizaxe<\/a> do gujarati require un enfoque sistem\u00e1tico para comprender a s\u00faa gram\u00e1tica. Esta gu\u00eda describe as \u00e1reas clave da <a href=\"https:\/\/talkpal.ai\/gl\/gramatica-gujarati\/\">gram\u00e1tica gujarati<\/a> nunha secuencia l\u00f3xica para a <a href=\"https:\/\/talkpal.ai\/gl\/chatbot-ai-para-a-aprendizaxe-de-idiomas\/\">aprendizaxe de idiomas<\/a>, comezando polos elementos b\u00e1sicos <a href=\"https:\/\/talkpal.ai\/locations\/language-courses-in-como\/\">como<\/a> substantivos e artigos, e avanzando a \u00e1reas m\u00e1is complexas como tempos e construci\u00f3n de frases.<\/p>\n\n\n\n<h3 class=\"wp-block-heading\" id=\"h-1-nouns\">1. Substantivos:<\/h3>\n\n\n\n<p>Comeza a t\u00faa viaxe ling\u00fc\u00edstica gujarati aprendendo os substantivos. Isto incl\u00fae a comprensi\u00f3n das diferentes categor\u00edas de substantivos, como os substantivos com\u00fans e propios, as s\u00faas categor\u00edas de x\u00e9nero e as s\u00faas formas plurais.<\/p>\n\n\n\n<h3 class=\"wp-block-heading\" id=\"h-2-articles\">2. Artigos:<\/h3>\n\n\n\n<p>Gujarati non <a href=\"https:\/\/talkpal.ai\/locations\/learn-english-in-usa\/\">usa<\/a> <a href=\"https:\/\/talkpal.ai\/hi\/grammar_exercises\/articulos-%e0%a4%b8%e0%a5%8d%e0%a4%aa%e0%a5%87%e0%a4%a8%e0%a4%bf%e0%a4%b6-%e0%a4%b5%e0%a5%8d%e0%a4%af%e0%a4%be%e0%a4%95%e0%a4%b0%e0%a4%a3-%e0%a4%95%e0%a5%87-%e0%a4%b2%e0%a4%bf%e0%a4%8f-%e0%a4%b5\/\">artigos definidos<\/a> ou indefinidos como o fai <a href=\"https:\/\/talkpal.ai\/ai-english-speaking-practice\/\">o ingl\u00e9s<\/a> . A definici\u00f3n adoita transmitirse a trav\u00e9s do contexto ou dos demostrativos, e o n\u00famero ek pode funcionar como un <a href=\"https:\/\/talkpal.ai\/pt-pt\/grammar\/artigo-indefinido-na-gramatica-galesa\/\">artigo indefinido<\/a> nalg\u00fans contextos.<\/p>\n\n\n\n<h3 class=\"wp-block-heading\" id=\"h-3-adjectives\">3. Adxectivos:<\/h3>\n\n\n\n<p>Os adxectivos en gujarati adoitan preceder aos seus substantivos. Aprende como os adxectivos coinciden cos substantivos en x\u00e9nero e n\u00famero cando sexa aplicable, e como formar comparativos e superlativos.<\/p>\n\n\n\n<h3 class=\"wp-block-heading\" id=\"h-4-pronouns-determiners\">4. Pronomes\/Determinadores:<\/h3>\n\n\n\n<p>Os pronomes e determinantes son esenciais en Gujarati; substit\u00faen substantivos e proporcionan informaci\u00f3n sobre cantidade, posesi\u00f3n e moito m\u00e1is. Preste atenci\u00f3n \u00e1s distinci\u00f3ns honor\u00edficas nos pronomes en segunda persoa e \u00e1s formas inclusivas e exclusivas da primeira persoa do plural. O seu uso correcto \u00e9 necesario para unha comunicaci\u00f3n eficaz.<\/p>\n\n\n\n<h3 class=\"wp-block-heading\" id=\"h-5-verbs\">5. Verbos:<\/h3>\n\n\n\n<p>Os verbos gujarati cambian de forma dependendo do tempo, aspecto, estado de \u00e1nimo e acordo. <a href=\"https:\/\/talkpal.ai\/ko\/ai-%ec%96%b8%ec%96%b4-%ea%b5%90%ec%82%ac\/\">Comezar<\/a> coas formas presentes e o verbo auxiliar ser, logo explorar gradualmente as formas pasadas e futuras e como funciona o acordo.<\/p>\n\n\n\n<h3 class=\"wp-block-heading\" id=\"h-6-tenses\">6. Tempos:<\/h3>\n\n\n\n<p>Despois de dominar as formas verbais, profunda no sistema de aspecto temporal gujarati. Isto incl\u00fae a comprensi\u00f3n do presente, o pasado e o futuro, xunto con como interact\u00faan os verbos de aspecto e auxiliares en diferentes contextos.<\/p>\n\n\n\n<h3 class=\"wp-block-heading\" id=\"h-7-tense-comparison\">7. Comparaci\u00f3n de tempo:<\/h3>\n\n\n\n<p>A comparaci\u00f3n de tempos en gujarati axuda a comprender a secuencia de eventos. Comparar o mesmo verbo en varios tempos e aspectos proporcionar\u00e1 unha mellor comprensi\u00f3n da linguaxe.<\/p>\n\n\n\n<h3 class=\"wp-block-heading\" id=\"h-8-progressive\">8. Progresivo:<\/h3>\n\n\n\n<p>O progresista en gujarati \u00fasase para expresar acci\u00f3ns continuas. F\u00f3rmase co verbo principal m\u00e1is o marcador de aspecto baseado en rah, xunto coa forma apropiada do auxiliar a ser, con acordo para o x\u00e9nero e o n\u00famero.<\/p>\n\n\n\n<h3 class=\"wp-block-heading\" id=\"h-9-perfect-progressive\">9. Perfecto progresivo:<\/h3>\n\n\n\n<p>Esta forma util\u00edzase para expresar acci\u00f3ns que estiveron en curso ata un momento determinado. En gujarati, f\u00f3rmase co participio progresivo m\u00e1is o auxiliar para estar no perfecto ou pasado, co acordo axeitado.<\/p>\n\n\n\n<h3 class=\"wp-block-heading\" id=\"h-10-conditionals\">10. Condicionais:<\/h3>\n\n\n\n<p>Os condicionais expresan situaci\u00f3ns hipot\u00e9ticas e os seus posibles resultados. Son unha parte importante da gram\u00e1tica gujarati e engadir\u00e1n complexidade e matices \u00e1s t\u00faas habilidades ling\u00fc\u00edsticas.<\/p>\n\n\n\n<h3 class=\"wp-block-heading\" id=\"h-11-adverbs\">11. Adverbios:<\/h3>\n\n\n\n<p>Os adverbios en gujarati modifican verbos, adxectivos ou outros adverbios. Ofrecen informaci\u00f3n sobre a forma, o lugar, a hora, a titulaci\u00f3n e moito m\u00e1is.<\/p>\n\n\n\n<h3 class=\"wp-block-heading\" id=\"h-12-prepositions\">12. Preposici\u00f3ns:<\/h3>\n\n\n\n<p>Gujarati usa postposici\u00f3ns en lugar de preposici\u00f3ns. Estes seguen o substantivo ou pronome e ligan palabras e frases para expresar relaci\u00f3ns de tempo, lugar, direcci\u00f3n, posesi\u00f3n e moito m\u00e1is.<\/p>\n\n\n\n<h3 class=\"wp-block-heading\" id=\"h-13-sentences\">13. Oraci\u00f3ns:<\/h3>\n\n\n\n<p>Por \u00faltimo, practica a construci\u00f3n de frases. O gujarati adoita seguir unha orde suxeito-obxecto-verbo e fai un uso extensivo de postposici\u00f3ns. Isto implicar\u00e1 o uso de todos os puntos gramaticais aprendidos previamente no contexto, asegurando as\u00ed unha comprensi\u00f3n completa da lingua gujarati.<\/p>\n<\/div><\/div>\n\r\n<section class=\"learnNavigationSection\">\r\n            \r\n        <a href=\"https:\/\/talkpal.ai\/gl\/aprende-gujarati\/\">\r\n            <div class=\"learnNavigationWrapper\">\r\n                <div class=\"learnNavigationContent\">\r\n                    <img decoding=\"async\" src=\"https:\/\/talkpal.ai\/wp-content\/uploads\/2025\/11\/Gujarati.png\" alt=\"Indian Simplified Flag\">\r\n                    <div>\r\n                        <h4>Acerca de Gujarati Learning<\/h4>\r\n                        <p>Descubre todo sobre a gram\u00e1tica de Gujarati.<\/p>\r\n                    <\/div>\r\n                <\/div>\r\n            <\/div>\r\n        <\/a>\r\n\r\n        \r\n        <a href=\"https:\/\/talkpal.ai\/gl\/gramatica-gujarati\/\">\r\n            <div class=\"learnNavigationWrapper\">\r\n                <div class=\"learnNavigationContent\">\r\n                    <img decoding=\"async\" src=\"https:\/\/talkpal.ai\/wp-content\/uploads\/2025\/11\/Gujarati.png\" alt=\"Indian Simplified Flag\">\r\n                    <div>\r\n                        <h4>Lecci\u00f3ns de gram\u00e1tica gujarati<\/h4>\r\n                        <p>Practica a gram\u00e1tica gujarati.<\/p>\r\n                    <\/div>\r\n                <\/div>\r\n            <\/div>\r\n        <\/a>\r\n\r\n            <\/section>","protected":false},"excerpt":{"rendered":"<p>Temas de gram\u00e1tica gujarati Aprender un novo idioma pode ser un esforzo desafiante pero gratificante. O gujarati, unha lingua indoaria falada principalmente no estado indio de Gujarat e polas comunidades da di\u00e1spora en todo o mundo, non \u00e9 unha excepci\u00f3n. Coas s\u00faas caracter\u00edsticas e estruturas \u00fanicas, a aprendizaxe do gujarati require un enfoque sistem\u00e1tico para [&hellip;]<\/p>\n","protected":false},"author":20,"featured_media":0,"parent":0,"menu_order":0,"comment_status":"closed","ping_status":"closed","template":"LearningContentPage.php","meta":{"_acf_changed":false,"footnotes":""},"class_list":["post-1475474","page","type-page","status-publish","hentry"],"acf":[],"yoast_head":"<!-- This site is optimized with the Yoast SEO Premium plugin v27.2 (Yoast SEO v27.2) - https:\/\/yoast.com\/product\/yoast-seo-premium-wordpress\/ -->\n<title>Exercicios de gram\u00e1tica gujarati - Talkpal<\/title>\n<meta name=\"description\" content=\"Domina os conceptos b\u00e1sicos da gram\u00e1tica guxarat\u00ed con exercicios interactivos que abarcan substantivos, verbos e tempos verbais para mellorar a t\u00faa fluidez.\" \/>\n<meta name=\"robots\" content=\"index, follow, max-snippet:-1, max-image-preview:large, max-video-preview:-1\" \/>\n<link rel=\"canonical\" href=\"https:\/\/talkpal.ai\/gl\/exercicios-de-gramatica-gujarati\/\" \/>\n<meta property=\"og:locale\" content=\"gl_ES\" \/>\n<meta property=\"og:type\" content=\"article\" \/>\n<meta property=\"og:title\" content=\"Exercicios de gram\u00e1tica gujarati\" \/>\n<meta property=\"og:description\" content=\"Temas de gram\u00e1tica gujarati Aprender un novo idioma pode ser un esforzo desafiante pero gratificante. O gujarati, unha lingua indoaria falada\" \/>\n<meta property=\"og:url\" content=\"https:\/\/talkpal.ai\/gl\/exercicios-de-gramatica-gujarati\/\" \/>\n<meta property=\"og:site_name\" content=\"Talkpal\" \/>\n<meta property=\"article:publisher\" content=\"https:\/\/www.facebook.com\/profile.php?id=100090733639311\" \/>\n<meta property=\"article:modified_time\" content=\"2025-12-30T14:46:32+00:00\" \/>\n<meta property=\"og:image\" content=\"https:\/\/talkpal.ai\/wp-content\/uploads\/2025\/02\/Progress-tab-16_9.png\" \/>\n\t<meta property=\"og:image:width\" content=\"2880\" \/>\n\t<meta property=\"og:image:height\" content=\"1620\" \/>\n\t<meta property=\"og:image:type\" content=\"image\/png\" \/>\n<meta name=\"twitter:card\" content=\"summary_large_image\" \/>\n<meta name=\"twitter:site\" content=\"@talkpalai\" \/>\n<meta name=\"twitter:label1\" content=\"Tempo de lectura\" \/>\n\t<meta name=\"twitter:data1\" content=\"3 minutos\" \/>\n<script type=\"application\/ld+json\" class=\"yoast-schema-graph\">{\"@context\":\"https:\/\/schema.org\",\"@graph\":[{\"@type\":\"WebPage\",\"@id\":\"https:\/\/talkpal.ai\/gl\/exercicios-de-gramatica-gujarati\/\",\"url\":\"https:\/\/talkpal.ai\/gl\/exercicios-de-gramatica-gujarati\/\",\"name\":\"Exercicios de gram\u00e1tica gujarati - Talkpal\",\"isPartOf\":{\"@id\":\"https:\/\/talkpal.ai\/gl\/#website\"},\"datePublished\":\"2025-11-12T09:38:12+00:00\",\"dateModified\":\"2025-12-30T14:46:32+00:00\",\"description\":\"Domina os conceptos b\u00e1sicos da gram\u00e1tica guxarat\u00ed con exercicios interactivos que abarcan substantivos, verbos e tempos verbais para mellorar a t\u00faa fluidez.\",\"breadcrumb\":{\"@id\":\"https:\/\/talkpal.ai\/gl\/exercicios-de-gramatica-gujarati\/#breadcrumb\"},\"inLanguage\":\"gl-ES\",\"potentialAction\":[{\"@type\":\"ReadAction\",\"target\":[\"https:\/\/talkpal.ai\/gl\/exercicios-de-gramatica-gujarati\/\"]}]},{\"@type\":\"BreadcrumbList\",\"@id\":\"https:\/\/talkpal.ai\/gl\/exercicios-de-gramatica-gujarati\/#breadcrumb\",\"itemListElement\":[{\"@type\":\"ListItem\",\"position\":1,\"name\":\"Homepage\",\"item\":\"https:\/\/talkpal.ai\/gl\/\"},{\"@type\":\"ListItem\",\"position\":2,\"name\":\"Exercicios de gram\u00e1tica gujarati\"}]},{\"@type\":\"WebSite\",\"@id\":\"https:\/\/talkpal.ai\/gl\/#website\",\"url\":\"https:\/\/talkpal.ai\/gl\/\",\"name\":\"Talkpal\",\"description\":\"AI Language Learning\",\"publisher\":{\"@id\":\"https:\/\/talkpal.ai\/gl\/#organization\"},\"alternateName\":\"Talkpal AI\",\"potentialAction\":[{\"@type\":\"SearchAction\",\"target\":{\"@type\":\"EntryPoint\",\"urlTemplate\":\"https:\/\/talkpal.ai\/gl\/?s={search_term_string}\"},\"query-input\":{\"@type\":\"PropertyValueSpecification\",\"valueRequired\":true,\"valueName\":\"search_term_string\"}}],\"inLanguage\":\"gl-ES\"},{\"@type\":\"Organization\",\"@id\":\"https:\/\/talkpal.ai\/gl\/#organization\",\"name\":\"Talkpal, Inc.\",\"alternateName\":\"Talkpal AI\",\"url\":\"https:\/\/talkpal.ai\/gl\/\",\"logo\":{\"@type\":\"ImageObject\",\"inLanguage\":\"gl-ES\",\"@id\":\"https:\/\/talkpal.ai\/gl\/#\/schema\/logo\/image\/\",\"url\":\"https:\/\/talkpal.ai\/wp-content\/uploads\/2024\/03\/Talkpal-Logo-Icon.png\",\"contentUrl\":\"https:\/\/talkpal.ai\/wp-content\/uploads\/2024\/03\/Talkpal-Logo-Icon.png\",\"width\":2880,\"height\":2880,\"caption\":\"Talkpal, Inc.\"},\"image\":{\"@id\":\"https:\/\/talkpal.ai\/gl\/#\/schema\/logo\/image\/\"},\"sameAs\":[\"https:\/\/www.facebook.com\/profile.php?id=100090733639311\",\"https:\/\/x.com\/talkpalai\",\"https:\/\/www.linkedin.com\/company\/talkpal\/\",\"https:\/\/www.youtube.com\/@TalkPal\/\",\"https:\/\/www.tiktok.com\/@talkpal\",\"https:\/\/www.instagram.com\/talkpal_ai\/\",\"https:\/\/www.crunchbase.com\/organization\/talkpal-9cde\",\"https:\/\/www.g2.com\/products\/talkpal-for-business\/\",\"https:\/\/www.trustpilot.com\/review\/talkpal.ai\",\"https:\/\/www.capterra.com\/p\/10006800\/TalkPal\/\"],\"description\":\"Talkpal is a language learning web and mobile education app, powered by the latest AI technologies, that provides engaging experiences to its customers in many different languages to help them improve their language skills. Users can chat about unlimited amount of topics with the app and use other modes to practice their language learning.\",\"email\":\"support@talkpal.ai\",\"legalName\":\"Talkpal, Inc.\",\"foundingDate\":\"2023-04-03\",\"duns\":\"118989042\",\"numberOfEmployees\":{\"@type\":\"QuantitativeValue\",\"minValue\":\"11\",\"maxValue\":\"50\"},\"publishingPrinciples\":\"https:\/\/talkpal.ai\/publishing-principles\/\",\"actionableFeedbackPolicy\":\"https:\/\/talkpal.ai\/actionable-feedback-policy\/\",\"correctionsPolicy\":\"https:\/\/talkpal.ai\/corrections-policy\/\",\"ethicsPolicy\":\"https:\/\/talkpal.ai\/ethics-policy\/\",\"diversityPolicy\":\"https:\/\/talkpal.ai\/diversity-policy\/\",\"diversityStaffingReport\":\"https:\/\/talkpal.ai\/diversity-policy\/\"}]}<\/script>\n<!-- \/ Yoast SEO Premium plugin. -->","yoast_head_json":{"title":"Exercicios de gram\u00e1tica gujarati - Talkpal","description":"Domina os conceptos b\u00e1sicos da gram\u00e1tica guxarat\u00ed con exercicios interactivos que abarcan substantivos, verbos e tempos verbais para mellorar a t\u00faa fluidez.","robots":{"index":"index","follow":"follow","max-snippet":"max-snippet:-1","max-image-preview":"max-image-preview:large","max-video-preview":"max-video-preview:-1"},"canonical":"https:\/\/talkpal.ai\/gl\/exercicios-de-gramatica-gujarati\/","og_locale":"gl_ES","og_type":"article","og_title":"Exercicios de gram\u00e1tica gujarati","og_description":"Temas de gram\u00e1tica gujarati Aprender un novo idioma pode ser un esforzo desafiante pero gratificante. O gujarati, unha lingua indoaria falada","og_url":"https:\/\/talkpal.ai\/gl\/exercicios-de-gramatica-gujarati\/","og_site_name":"Talkpal","article_publisher":"https:\/\/www.facebook.com\/profile.php?id=100090733639311","article_modified_time":"2025-12-30T14:46:32+00:00","og_image":[{"width":2880,"height":1620,"url":"https:\/\/talkpal.ai\/wp-content\/uploads\/2025\/02\/Progress-tab-16_9.png","type":"image\/png"}],"twitter_card":"summary_large_image","twitter_site":"@talkpalai","twitter_misc":{"Tempo de lectura":"3 minutos"},"schema":{"@context":"https:\/\/schema.org","@graph":[{"@type":"WebPage","@id":"https:\/\/talkpal.ai\/gl\/exercicios-de-gramatica-gujarati\/","url":"https:\/\/talkpal.ai\/gl\/exercicios-de-gramatica-gujarati\/","name":"Exercicios de gram\u00e1tica gujarati - Talkpal","isPartOf":{"@id":"https:\/\/talkpal.ai\/gl\/#website"},"datePublished":"2025-11-12T09:38:12+00:00","dateModified":"2025-12-30T14:46:32+00:00","description":"Domina os conceptos b\u00e1sicos da gram\u00e1tica guxarat\u00ed con exercicios interactivos que abarcan substantivos, verbos e tempos verbais para mellorar a t\u00faa fluidez.","breadcrumb":{"@id":"https:\/\/talkpal.ai\/gl\/exercicios-de-gramatica-gujarati\/#breadcrumb"},"inLanguage":"gl-ES","potentialAction":[{"@type":"ReadAction","target":["https:\/\/talkpal.ai\/gl\/exercicios-de-gramatica-gujarati\/"]}]},{"@type":"BreadcrumbList","@id":"https:\/\/talkpal.ai\/gl\/exercicios-de-gramatica-gujarati\/#breadcrumb","itemListElement":[{"@type":"ListItem","position":1,"name":"Homepage","item":"https:\/\/talkpal.ai\/gl\/"},{"@type":"ListItem","position":2,"name":"Exercicios de gram\u00e1tica gujarati"}]},{"@type":"WebSite","@id":"https:\/\/talkpal.ai\/gl\/#website","url":"https:\/\/talkpal.ai\/gl\/","name":"Talkpal","description":"AI Language Learning","publisher":{"@id":"https:\/\/talkpal.ai\/gl\/#organization"},"alternateName":"Talkpal AI","potentialAction":[{"@type":"SearchAction","target":{"@type":"EntryPoint","urlTemplate":"https:\/\/talkpal.ai\/gl\/?s={search_term_string}"},"query-input":{"@type":"PropertyValueSpecification","valueRequired":true,"valueName":"search_term_string"}}],"inLanguage":"gl-ES"},{"@type":"Organization","@id":"https:\/\/talkpal.ai\/gl\/#organization","name":"Talkpal, Inc.","alternateName":"Talkpal AI","url":"https:\/\/talkpal.ai\/gl\/","logo":{"@type":"ImageObject","inLanguage":"gl-ES","@id":"https:\/\/talkpal.ai\/gl\/#\/schema\/logo\/image\/","url":"https:\/\/talkpal.ai\/wp-content\/uploads\/2024\/03\/Talkpal-Logo-Icon.png","contentUrl":"https:\/\/talkpal.ai\/wp-content\/uploads\/2024\/03\/Talkpal-Logo-Icon.png","width":2880,"height":2880,"caption":"Talkpal, Inc."},"image":{"@id":"https:\/\/talkpal.ai\/gl\/#\/schema\/logo\/image\/"},"sameAs":["https:\/\/www.facebook.com\/profile.php?id=100090733639311","https:\/\/x.com\/talkpalai","https:\/\/www.linkedin.com\/company\/talkpal\/","https:\/\/www.youtube.com\/@TalkPal\/","https:\/\/www.tiktok.com\/@talkpal","https:\/\/www.instagram.com\/talkpal_ai\/","https:\/\/www.crunchbase.com\/organization\/talkpal-9cde","https:\/\/www.g2.com\/products\/talkpal-for-business\/","https:\/\/www.trustpilot.com\/review\/talkpal.ai","https:\/\/www.capterra.com\/p\/10006800\/TalkPal\/"],"description":"Talkpal is a language learning web and mobile education app, powered by the latest AI technologies, that provides engaging experiences to its customers in many different languages to help them improve their language skills. Users can chat about unlimited amount of topics with the app and use other modes to practice their language learning.","email":"support@talkpal.ai","legalName":"Talkpal, Inc.","foundingDate":"2023-04-03","duns":"118989042","numberOfEmployees":{"@type":"QuantitativeValue","minValue":"11","maxValue":"50"},"publishingPrinciples":"https:\/\/talkpal.ai\/publishing-principles\/","actionableFeedbackPolicy":"https:\/\/talkpal.ai\/actionable-feedback-policy\/","correctionsPolicy":"https:\/\/talkpal.ai\/corrections-policy\/","ethicsPolicy":"https:\/\/talkpal.ai\/ethics-policy\/","diversityPolicy":"https:\/\/talkpal.ai\/diversity-policy\/","diversityStaffingReport":"https:\/\/talkpal.ai\/diversity-policy\/"}]}},"_links":{"self":[{"href":"https:\/\/talkpal.ai\/gl\/wp-json\/wp\/v2\/pages\/1475474","targetHints":{"allow":["GET"]}}],"collection":[{"href":"https:\/\/talkpal.ai\/gl\/wp-json\/wp\/v2\/pages"}],"about":[{"href":"https:\/\/talkpal.ai\/gl\/wp-json\/wp\/v2\/types\/page"}],"author":[{"embeddable":true,"href":"https:\/\/talkpal.ai\/gl\/wp-json\/wp\/v2\/users\/20"}],"replies":[{"embeddable":true,"href":"https:\/\/talkpal.ai\/gl\/wp-json\/wp\/v2\/comments?post=1475474"}],"version-history":[{"count":0,"href":"https:\/\/talkpal.ai\/gl\/wp-json\/wp\/v2\/pages\/1475474\/revisions"}],"wp:attachment":[{"href":"https:\/\/talkpal.ai\/gl\/wp-json\/wp\/v2\/media?parent=1475474"}],"curies":[{"name":"wp","href":"https:\/\/api.w.org\/{rel}","templated":true}]}}