{"id":1475453,"date":"2025-11-11T17:01:24","date_gmt":"2025-11-11T17:01:24","guid":{"rendered":"https:\/\/talkpal.ai\/exercicios-de-gramatica-xeorxiana\/"},"modified":"2025-12-30T14:55:25","modified_gmt":"2025-12-30T14:55:25","slug":"exercicios-de-gramatica-xeorxiana","status":"publish","type":"page","link":"https:\/\/talkpal.ai\/gl\/exercicios-de-gramatica-xeorxiana\/","title":{"rendered":"Exercicios de gram\u00e1tica xeorxiana"},"content":{"rendered":"\r\n\r\n\r\n<section class=\"languageChallengeSection\">\r\n    <div class=\"languageInfoWrapper\">\r\n        \r\n        <h1>Exercicios de gram\u00e1tica xeorxiana<\/h1>\r\n        <p>Preparado para mergullarse na <a href=\"https:\/\/talkpal.ai\/georgian-grammar\/\">gram\u00e1tica xeorxiana<\/a>? Practicar uns cantos conceptos b\u00e1sicos axudarache a sentirte c\u00f3modo con esta lingua \u00fanica e fermosa. Proba estes exercicios para ga\u00f1ar confianza e divertirte polo cami\u00f1o!<\/p>\r\n\r\n                            <a class=\"getStartedHidden\" href=\"https:\/\/app.talkpal.ai\/signup?lng=\">Empeza<\/a>\r\n        \r\n    <\/div>\r\n\r\n    <figure>\r\n    <img decoding=\"async\" width=\"768\" height=\"768\" src=\"https:\/\/talkpal.ai\/wp-content\/uploads\/2023\/06\/welsh-768x768.png\" class=\"languageImage no-lazy\" alt=\"Language learning for better cognitive abilities\" fetchpriority=\"high\" sizes=\"(max-width: 768px) 150px, 768px\" srcset=\"https:\/\/talkpal.ai\/wp-content\/uploads\/2023\/06\/welsh-768x768.png 768w, https:\/\/talkpal.ai\/wp-content\/uploads\/2023\/06\/welsh-300x300.png 300w\" \/>\r\n    \r\n\r\n    <\/figure>\r\n\r\n            <a class=\"getStartedVisible\" href=\"https:\/\/app.talkpal.ai\/signup?lng=\">Empeza<\/a>\r\n    \r\n<\/section><section class=\"promotionalBanner\">\r\n    <p class=\"promotionalText\">A forma m\u00e1is eficaz de aprender un idioma<\/p>\r\n    <a class=\"promotionalLink\" href=\"https:\/\/app.talkpal.ai\/signup?lng=\">Proba Talkpal de balde<\/a>\r\n<\/section>\n<div class=\"wp-block-group pageContainerStyle\"><div class=\"wp-block-group__inner-container is-layout-constrained wp-block-group-is-layout-constrained\">\n<h2 class=\"wp-block-heading\" id=\"h-georgian-grammar-topics\">Temas de gram\u00e1tica xeorxiana<\/h2>\n\n\n\n<p><a href=\"https:\/\/talkpal.ai\/gl\/os-maiores-erros-que-hai-que-evitar-ao-aprender-unha-nova-lingua\/\">Aprender un novo idioma<\/a> pode ser un esforzo desafiante pero gratificante. O <a href=\"https:\/\/talkpal.ai\/learn-georgian\/\">xeorxiano<\/a>, unha lingua kartveliana falada principalmente en Xeorxia, non \u00e9 unha excepci\u00f3n. Coas s\u00faas caracter\u00edsticas e estruturas \u00fanicas, <a href=\"https:\/\/talkpal.ai\/gl\/talkpal-para-a-educacion\/\">a aprendizaxe<\/a> do xeorxiano require un enfoque sistem\u00e1tico para comprender a s\u00faa complexa gram\u00e1tica. Esta gu\u00eda describe as \u00e1reas clave da <a href=\"https:\/\/talkpal.ai\/gl\/gramatica-xeorxiana\/\">gram\u00e1tica xeorxiana<\/a> nunha secuencia l\u00f3xica para a <a href=\"https:\/\/talkpal.ai\/gl\/chatbot-ai-para-a-aprendizaxe-de-idiomas\/\">aprendizaxe de idiomas<\/a>, comezando polos elementos b\u00e1sicos <a href=\"https:\/\/talkpal.ai\/locations\/language-courses-in-como\/\">como<\/a> substantivos e artigos, e avanzando a \u00e1reas m\u00e1is complexas como os tempos e a construci\u00f3n de frases.<\/p>\n\n\n\n<h3 class=\"wp-block-heading\" id=\"h-1-nouns\">1. Substantivos:<\/h3>\n\n\n\n<p>Comeza a t\u00faa viaxe en lingua xeorxiana aprendendo os substantivos. Isto incl\u00fae a comprensi\u00f3n das diferentes categor\u00edas de substantivos, como os substantivos com\u00fans e propios, as s\u00faas formas plurais e o sistema de casos empregado para marcar as relaci\u00f3ns gramaticais.<\/p>\n\n\n\n<h3 class=\"wp-block-heading\" id=\"h-2-articles\">2. Artigos:<\/h3>\n\n\n\n<p>O xeorxiano non ten <a href=\"https:\/\/talkpal.ai\/hi\/grammar_exercises\/articulos-%e0%a4%b8%e0%a5%8d%e0%a4%aa%e0%a5%87%e0%a4%a8%e0%a4%bf%e0%a4%b6-%e0%a4%b5%e0%a5%8d%e0%a4%af%e0%a4%be%e0%a4%95%e0%a4%b0%e0%a4%a3-%e0%a4%95%e0%a5%87-%e0%a4%b2%e0%a4%bf%e0%a4%8f-%e0%a4%b5\/\">artigos definidos<\/a> ou indefinidos. Comprender como a definici\u00f3n e a indefinici\u00f3n se expresan a trav\u00e9s do contexto ou os demostrativos \u00e9 crucial na construci\u00f3n de frases.<\/p>\n\n\n\n<h3 class=\"wp-block-heading\" id=\"h-3-adjectives\">3. Adxectivos:<\/h3>\n\n\n\n<p>Os adxectivos en xeorxiano adoitan preceder aos seus substantivos e coinciden con eles no caso. Aprende a formar comparativos e superlativos usando palabras como &#8220;upro&#8221; para m\u00e1is e &#8220;qvelaze&#8221; para a maior\u00eda.<\/p>\n\n\n\n<h3 class=\"wp-block-heading\" id=\"h-4-pronouns-determiners\">4. Pronomes\/Determinadores:<\/h3>\n\n\n\n<p>Os pronomes e determinantes son esenciais en xeorxiano; Os pronomes son a mi\u00fado eliminados cando o contexto \u00e9 claro, e as formas posesivas como &#8216;chemi&#8217;, &#8216;sheni&#8217; e &#8216;misi&#8217; modifican os substantivos. Os demostrativos como &#8216;es&#8217;, &#8216;is&#8217; e &#8216;igi&#8217;, os n\u00fameros e os cuantificadores funcionan como determinantes.<\/p>\n\n\n\n<h3 class=\"wp-block-heading\" id=\"h-5-verbs\">5. Verbos:<\/h3>\n\n\n\n<p>Os verbos xeorxianos son ricos en morfolox\u00eda, mostrando acordo con suxeitos e \u00e1s veces obxectos. Comeza coa serie <a href=\"https:\/\/talkpal.ai\/zh-hans\/grammar_exercises\/presente-%e8%a5%bf%e7%8f%ad%e7%89%99%e8%af%ad%e6%b3%95%e7%bb%83%e4%b9%a0\/\">presente<\/a>, logo explora como se forman os futuros con preverbios e pasa a formas pasadas como o aorista e o <a href=\"https:\/\/talkpal.ai\/zh-hans\/grammar_exercises\/imperfecto-%e8%a5%bf%e7%8f%ad%e7%89%99%e8%af%ad%e6%b3%95%e7%bb%83%e4%b9%a0\/\">imperfecto<\/a>.<\/p>\n\n\n\n<h3 class=\"wp-block-heading\" id=\"h-6-tenses\">6. Tempos:<\/h3>\n\n\n\n<p>Despois de dominar as formas verbais b\u00e1sicas, profunda no tempo e aspecto xeorxiano. Aprende como se expresan o tempo presente, pasado e <a href=\"https:\/\/talkpal.ai\/ja\/grammar_exercises\/futuro-%e3%82%b9%e3%83%9a%e3%82%a4%e3%83%b3%e8%aa%9e%e3%81%ae%e6%96%87%e6%b3%95%e3%81%ae%e6%bc%94%e7%bf%92\/\">futuro<\/a> nas tres series principais e cando usar formas imperfectas, aoristas e perfectas en diferentes contextos.<\/p>\n\n\n\n<h3 class=\"wp-block-heading\" id=\"h-7-tense-comparison\">7. Comparaci\u00f3n de tempo:<\/h3>\n\n\n\n<p>Comparar formas entre series axuda a comprender o tempo, o aspecto e o ali\u00f1amento. Mirar o mesmo verbo en varios gritos aclara a secuencia de acontecementos e os patr\u00f3ns de marcaci\u00f3n de casos.<\/p>\n\n\n\n<h3 class=\"wp-block-heading\" id=\"h-8-progressive\">8. Progresivo:<\/h3>\n\n\n\n<p>O xeorxiano non ten un tempo progresivo dedicado. As acci\u00f3ns en curso expr\u00e9sanse co presente ou imperfecto, a mi\u00fado apoiadas por expresi\u00f3ns temporais como &#8216;akhla&#8217; para agora ou contexto.<\/p>\n\n\n\n<h3 class=\"wp-block-heading\" id=\"h-9-perfect-progressive\">9. Perfecto progresivo:<\/h3>\n\n\n\n<p>Non existe un progresista perfecto. As acci\u00f3ns en curso ata un punto son transmitidas a trav\u00e9s da serie perfecta para o significado resultante ou co imperfecto m\u00e1is os sinais contextuais.<\/p>\n\n\n\n<h3 class=\"wp-block-heading\" id=\"h-10-conditionals\">10. Condicionais:<\/h3>\n\n\n\n<p>Os condicionais expresan situaci\u00f3ns hipot\u00e9ticas e os seus posibles resultados. En xeorxiano, f\u00f3rmanse tipicamente con formas subxuntivas e optativas, a mi\u00fado introducidas por &#8216;tu&#8217; que significa se, e poden usar expresi\u00f3ns modais como &#8216;sheidzleba&#8217; \u00e9 posible.<\/p>\n\n\n\n<h3 class=\"wp-block-heading\" id=\"h-11-adverbs\">11. Adverbios:<\/h3>\n\n\n\n<p>Os adverbios en xeorxiano modifican verbos, adxectivos ou outros adverbios. Moitos adverbios de maneira f\u00f3rmanse co sufixo &#8216;-ad&#8217;, e as palabras com\u00fans de grao incl\u00faen &#8216;dzalian&#8217; para moi e &#8216;upro&#8217; para m\u00e1is.<\/p>\n\n\n\n<h3 class=\"wp-block-heading\" id=\"h-12-prepositions\">12. Preposici\u00f3ns:<\/h3>\n\n\n\n<p>O xeorxiano usa postposici\u00f3ns en lugar de preposici\u00f3ns. Estes seguen o substantivo e interact\u00faan con casos espec\u00edficos, e moitos significados relacionais expr\u00e9sanse directamente por terminaci\u00f3ns de casos.<\/p>\n\n\n\n<h3 class=\"wp-block-heading\" id=\"h-13-sentences\">13. Oraci\u00f3ns:<\/h3>\n\n\n\n<p>Por \u00faltimo, practica a construci\u00f3n de frases. Isto implicar\u00e1 usar todos os puntos gramaticais aprendidos previamente no contexto, xestionar unha orde de palabras flexible cunha tendencia SOV, marcar mai\u00fasculas e min\u00fasculas e formas verbais apropiadas.<\/p>\n<\/div><\/div>\n\r\n<section class=\"learnNavigationSection\">\r\n            \r\n        <a href=\"https:\/\/talkpal.ai\/gl\/aprende-gales\/\">\r\n            <div class=\"learnNavigationWrapper\">\r\n                <div class=\"learnNavigationContent\">\r\n                    <img decoding=\"async\" src=\"https:\/\/talkpal.ai\/wp-content\/uploads\/2025\/11\/Georgian.png\" alt=\"Georgian Flag\">\r\n                    <div>\r\n                        <h4>Sobre a aprendizaxe xeorxiana<\/h4>\r\n                        <p>Descubre todo sobre a gram\u00e1tica xeorxiana.<\/p>\r\n                    <\/div>\r\n                <\/div>\r\n            <\/div>\r\n        <\/a>\r\n\r\n        \r\n        <a href=\"https:\/\/talkpal.ai\/gl\/gramatica-galesa\/\">\r\n            <div class=\"learnNavigationWrapper\">\r\n                <div class=\"learnNavigationContent\">\r\n                    <img decoding=\"async\" src=\"https:\/\/talkpal.ai\/wp-content\/uploads\/2025\/11\/Georgian.png\" alt=\"Georgian Flag\">\r\n                    <div>\r\n                        <h4>Lecci\u00f3ns de gram\u00e1tica xeorxiana<\/h4>\r\n                        <p>Practica a gram\u00e1tica xeorxiana.<\/p>\r\n                    <\/div>\r\n                <\/div>\r\n            <\/div>\r\n        <\/a>\r\n\r\n            <\/section>","protected":false},"excerpt":{"rendered":"<p>Temas de gram\u00e1tica xeorxiana Aprender un novo idioma pode ser un esforzo desafiante pero gratificante. O xeorxiano, unha lingua kartveliana falada principalmente en Xeorxia, non \u00e9 unha excepci\u00f3n. Coas s\u00faas caracter\u00edsticas e estruturas \u00fanicas, a aprendizaxe do xeorxiano require un enfoque sistem\u00e1tico para comprender a s\u00faa complexa gram\u00e1tica. Esta gu\u00eda describe as \u00e1reas clave da [&hellip;]<\/p>\n","protected":false},"author":20,"featured_media":0,"parent":0,"menu_order":0,"comment_status":"closed","ping_status":"closed","template":"LearningContentPage.php","meta":{"_acf_changed":false,"footnotes":""},"class_list":["post-1475453","page","type-page","status-publish","hentry"],"acf":[],"yoast_head":"<!-- This site is optimized with the Yoast SEO Premium plugin v27.2 (Yoast SEO v27.2) - https:\/\/yoast.com\/product\/yoast-seo-premium-wordpress\/ -->\n<title>Exercicios de gram\u00e1tica xeorxiana - Talkpal<\/title>\n<meta name=\"description\" content=\"Domina a gram\u00e1tica xeorxiana con exercicios interactivos dese\u00f1ados para axudarche a desenvolver fluidez e confianza na lingua.\" \/>\n<meta name=\"robots\" content=\"index, follow, max-snippet:-1, max-image-preview:large, max-video-preview:-1\" \/>\n<link rel=\"canonical\" href=\"https:\/\/talkpal.ai\/gl\/exercicios-de-gramatica-xeorxiana\/\" \/>\n<meta property=\"og:locale\" content=\"gl_ES\" \/>\n<meta property=\"og:type\" content=\"article\" \/>\n<meta property=\"og:title\" content=\"Exercicios de gram\u00e1tica xeorxiana\" \/>\n<meta property=\"og:description\" content=\"Temas de gram\u00e1tica xeorxiana Aprender un novo idioma pode ser un esforzo desafiante pero gratificante. O xeorxiano, unha lingua kartveliana falada\" \/>\n<meta property=\"og:url\" content=\"https:\/\/talkpal.ai\/gl\/exercicios-de-gramatica-xeorxiana\/\" \/>\n<meta property=\"og:site_name\" content=\"Talkpal\" \/>\n<meta property=\"article:publisher\" content=\"https:\/\/www.facebook.com\/profile.php?id=100090733639311\" \/>\n<meta property=\"article:modified_time\" content=\"2025-12-30T14:55:25+00:00\" \/>\n<meta property=\"og:image\" content=\"https:\/\/talkpal.ai\/wp-content\/uploads\/2025\/02\/Progress-tab-16_9.png\" \/>\n\t<meta property=\"og:image:width\" content=\"2880\" \/>\n\t<meta property=\"og:image:height\" content=\"1620\" \/>\n\t<meta property=\"og:image:type\" content=\"image\/png\" \/>\n<meta name=\"twitter:card\" content=\"summary_large_image\" \/>\n<meta name=\"twitter:site\" content=\"@talkpalai\" \/>\n<meta name=\"twitter:label1\" content=\"Tempo de lectura\" \/>\n\t<meta name=\"twitter:data1\" content=\"3 minutos\" \/>\n<script type=\"application\/ld+json\" class=\"yoast-schema-graph\">{\"@context\":\"https:\/\/schema.org\",\"@graph\":[{\"@type\":\"WebPage\",\"@id\":\"https:\/\/talkpal.ai\/gl\/exercicios-de-gramatica-xeorxiana\/\",\"url\":\"https:\/\/talkpal.ai\/gl\/exercicios-de-gramatica-xeorxiana\/\",\"name\":\"Exercicios de gram\u00e1tica xeorxiana - Talkpal\",\"isPartOf\":{\"@id\":\"https:\/\/talkpal.ai\/gl\/#website\"},\"datePublished\":\"2025-11-11T17:01:24+00:00\",\"dateModified\":\"2025-12-30T14:55:25+00:00\",\"description\":\"Domina a gram\u00e1tica xeorxiana con exercicios interactivos dese\u00f1ados para axudarche a desenvolver fluidez e confianza na lingua.\",\"breadcrumb\":{\"@id\":\"https:\/\/talkpal.ai\/gl\/exercicios-de-gramatica-xeorxiana\/#breadcrumb\"},\"inLanguage\":\"gl-ES\",\"potentialAction\":[{\"@type\":\"ReadAction\",\"target\":[\"https:\/\/talkpal.ai\/gl\/exercicios-de-gramatica-xeorxiana\/\"]}]},{\"@type\":\"BreadcrumbList\",\"@id\":\"https:\/\/talkpal.ai\/gl\/exercicios-de-gramatica-xeorxiana\/#breadcrumb\",\"itemListElement\":[{\"@type\":\"ListItem\",\"position\":1,\"name\":\"Homepage\",\"item\":\"https:\/\/talkpal.ai\/gl\/\"},{\"@type\":\"ListItem\",\"position\":2,\"name\":\"Exercicios de gram\u00e1tica xeorxiana\"}]},{\"@type\":\"WebSite\",\"@id\":\"https:\/\/talkpal.ai\/gl\/#website\",\"url\":\"https:\/\/talkpal.ai\/gl\/\",\"name\":\"Talkpal\",\"description\":\"AI Language Learning\",\"publisher\":{\"@id\":\"https:\/\/talkpal.ai\/gl\/#organization\"},\"alternateName\":\"Talkpal AI\",\"potentialAction\":[{\"@type\":\"SearchAction\",\"target\":{\"@type\":\"EntryPoint\",\"urlTemplate\":\"https:\/\/talkpal.ai\/gl\/?s={search_term_string}\"},\"query-input\":{\"@type\":\"PropertyValueSpecification\",\"valueRequired\":true,\"valueName\":\"search_term_string\"}}],\"inLanguage\":\"gl-ES\"},{\"@type\":\"Organization\",\"@id\":\"https:\/\/talkpal.ai\/gl\/#organization\",\"name\":\"Talkpal, Inc.\",\"alternateName\":\"Talkpal AI\",\"url\":\"https:\/\/talkpal.ai\/gl\/\",\"logo\":{\"@type\":\"ImageObject\",\"inLanguage\":\"gl-ES\",\"@id\":\"https:\/\/talkpal.ai\/gl\/#\/schema\/logo\/image\/\",\"url\":\"https:\/\/talkpal.ai\/wp-content\/uploads\/2024\/03\/Talkpal-Logo-Icon.png\",\"contentUrl\":\"https:\/\/talkpal.ai\/wp-content\/uploads\/2024\/03\/Talkpal-Logo-Icon.png\",\"width\":2880,\"height\":2880,\"caption\":\"Talkpal, Inc.\"},\"image\":{\"@id\":\"https:\/\/talkpal.ai\/gl\/#\/schema\/logo\/image\/\"},\"sameAs\":[\"https:\/\/www.facebook.com\/profile.php?id=100090733639311\",\"https:\/\/x.com\/talkpalai\",\"https:\/\/www.linkedin.com\/company\/talkpal\/\",\"https:\/\/www.youtube.com\/@TalkPal\/\",\"https:\/\/www.tiktok.com\/@talkpal\",\"https:\/\/www.instagram.com\/talkpal_ai\/\",\"https:\/\/www.crunchbase.com\/organization\/talkpal-9cde\",\"https:\/\/www.g2.com\/products\/talkpal-for-business\/\",\"https:\/\/www.trustpilot.com\/review\/talkpal.ai\",\"https:\/\/www.capterra.com\/p\/10006800\/TalkPal\/\"],\"description\":\"Talkpal is a language learning web and mobile education app, powered by the latest AI technologies, that provides engaging experiences to its customers in many different languages to help them improve their language skills. Users can chat about unlimited amount of topics with the app and use other modes to practice their language learning.\",\"email\":\"support@talkpal.ai\",\"legalName\":\"Talkpal, Inc.\",\"foundingDate\":\"2023-04-03\",\"duns\":\"118989042\",\"numberOfEmployees\":{\"@type\":\"QuantitativeValue\",\"minValue\":\"11\",\"maxValue\":\"50\"},\"publishingPrinciples\":\"https:\/\/talkpal.ai\/publishing-principles\/\",\"actionableFeedbackPolicy\":\"https:\/\/talkpal.ai\/actionable-feedback-policy\/\",\"correctionsPolicy\":\"https:\/\/talkpal.ai\/corrections-policy\/\",\"ethicsPolicy\":\"https:\/\/talkpal.ai\/ethics-policy\/\",\"diversityPolicy\":\"https:\/\/talkpal.ai\/diversity-policy\/\",\"diversityStaffingReport\":\"https:\/\/talkpal.ai\/diversity-policy\/\"}]}<\/script>\n<!-- \/ Yoast SEO Premium plugin. -->","yoast_head_json":{"title":"Exercicios de gram\u00e1tica xeorxiana - Talkpal","description":"Domina a gram\u00e1tica xeorxiana con exercicios interactivos dese\u00f1ados para axudarche a desenvolver fluidez e confianza na lingua.","robots":{"index":"index","follow":"follow","max-snippet":"max-snippet:-1","max-image-preview":"max-image-preview:large","max-video-preview":"max-video-preview:-1"},"canonical":"https:\/\/talkpal.ai\/gl\/exercicios-de-gramatica-xeorxiana\/","og_locale":"gl_ES","og_type":"article","og_title":"Exercicios de gram\u00e1tica xeorxiana","og_description":"Temas de gram\u00e1tica xeorxiana Aprender un novo idioma pode ser un esforzo desafiante pero gratificante. O xeorxiano, unha lingua kartveliana falada","og_url":"https:\/\/talkpal.ai\/gl\/exercicios-de-gramatica-xeorxiana\/","og_site_name":"Talkpal","article_publisher":"https:\/\/www.facebook.com\/profile.php?id=100090733639311","article_modified_time":"2025-12-30T14:55:25+00:00","og_image":[{"width":2880,"height":1620,"url":"https:\/\/talkpal.ai\/wp-content\/uploads\/2025\/02\/Progress-tab-16_9.png","type":"image\/png"}],"twitter_card":"summary_large_image","twitter_site":"@talkpalai","twitter_misc":{"Tempo de lectura":"3 minutos"},"schema":{"@context":"https:\/\/schema.org","@graph":[{"@type":"WebPage","@id":"https:\/\/talkpal.ai\/gl\/exercicios-de-gramatica-xeorxiana\/","url":"https:\/\/talkpal.ai\/gl\/exercicios-de-gramatica-xeorxiana\/","name":"Exercicios de gram\u00e1tica xeorxiana - Talkpal","isPartOf":{"@id":"https:\/\/talkpal.ai\/gl\/#website"},"datePublished":"2025-11-11T17:01:24+00:00","dateModified":"2025-12-30T14:55:25+00:00","description":"Domina a gram\u00e1tica xeorxiana con exercicios interactivos dese\u00f1ados para axudarche a desenvolver fluidez e confianza na lingua.","breadcrumb":{"@id":"https:\/\/talkpal.ai\/gl\/exercicios-de-gramatica-xeorxiana\/#breadcrumb"},"inLanguage":"gl-ES","potentialAction":[{"@type":"ReadAction","target":["https:\/\/talkpal.ai\/gl\/exercicios-de-gramatica-xeorxiana\/"]}]},{"@type":"BreadcrumbList","@id":"https:\/\/talkpal.ai\/gl\/exercicios-de-gramatica-xeorxiana\/#breadcrumb","itemListElement":[{"@type":"ListItem","position":1,"name":"Homepage","item":"https:\/\/talkpal.ai\/gl\/"},{"@type":"ListItem","position":2,"name":"Exercicios de gram\u00e1tica xeorxiana"}]},{"@type":"WebSite","@id":"https:\/\/talkpal.ai\/gl\/#website","url":"https:\/\/talkpal.ai\/gl\/","name":"Talkpal","description":"AI Language Learning","publisher":{"@id":"https:\/\/talkpal.ai\/gl\/#organization"},"alternateName":"Talkpal AI","potentialAction":[{"@type":"SearchAction","target":{"@type":"EntryPoint","urlTemplate":"https:\/\/talkpal.ai\/gl\/?s={search_term_string}"},"query-input":{"@type":"PropertyValueSpecification","valueRequired":true,"valueName":"search_term_string"}}],"inLanguage":"gl-ES"},{"@type":"Organization","@id":"https:\/\/talkpal.ai\/gl\/#organization","name":"Talkpal, Inc.","alternateName":"Talkpal AI","url":"https:\/\/talkpal.ai\/gl\/","logo":{"@type":"ImageObject","inLanguage":"gl-ES","@id":"https:\/\/talkpal.ai\/gl\/#\/schema\/logo\/image\/","url":"https:\/\/talkpal.ai\/wp-content\/uploads\/2024\/03\/Talkpal-Logo-Icon.png","contentUrl":"https:\/\/talkpal.ai\/wp-content\/uploads\/2024\/03\/Talkpal-Logo-Icon.png","width":2880,"height":2880,"caption":"Talkpal, Inc."},"image":{"@id":"https:\/\/talkpal.ai\/gl\/#\/schema\/logo\/image\/"},"sameAs":["https:\/\/www.facebook.com\/profile.php?id=100090733639311","https:\/\/x.com\/talkpalai","https:\/\/www.linkedin.com\/company\/talkpal\/","https:\/\/www.youtube.com\/@TalkPal\/","https:\/\/www.tiktok.com\/@talkpal","https:\/\/www.instagram.com\/talkpal_ai\/","https:\/\/www.crunchbase.com\/organization\/talkpal-9cde","https:\/\/www.g2.com\/products\/talkpal-for-business\/","https:\/\/www.trustpilot.com\/review\/talkpal.ai","https:\/\/www.capterra.com\/p\/10006800\/TalkPal\/"],"description":"Talkpal is a language learning web and mobile education app, powered by the latest AI technologies, that provides engaging experiences to its customers in many different languages to help them improve their language skills. Users can chat about unlimited amount of topics with the app and use other modes to practice their language learning.","email":"support@talkpal.ai","legalName":"Talkpal, Inc.","foundingDate":"2023-04-03","duns":"118989042","numberOfEmployees":{"@type":"QuantitativeValue","minValue":"11","maxValue":"50"},"publishingPrinciples":"https:\/\/talkpal.ai\/publishing-principles\/","actionableFeedbackPolicy":"https:\/\/talkpal.ai\/actionable-feedback-policy\/","correctionsPolicy":"https:\/\/talkpal.ai\/corrections-policy\/","ethicsPolicy":"https:\/\/talkpal.ai\/ethics-policy\/","diversityPolicy":"https:\/\/talkpal.ai\/diversity-policy\/","diversityStaffingReport":"https:\/\/talkpal.ai\/diversity-policy\/"}]}},"_links":{"self":[{"href":"https:\/\/talkpal.ai\/gl\/wp-json\/wp\/v2\/pages\/1475453","targetHints":{"allow":["GET"]}}],"collection":[{"href":"https:\/\/talkpal.ai\/gl\/wp-json\/wp\/v2\/pages"}],"about":[{"href":"https:\/\/talkpal.ai\/gl\/wp-json\/wp\/v2\/types\/page"}],"author":[{"embeddable":true,"href":"https:\/\/talkpal.ai\/gl\/wp-json\/wp\/v2\/users\/20"}],"replies":[{"embeddable":true,"href":"https:\/\/talkpal.ai\/gl\/wp-json\/wp\/v2\/comments?post=1475453"}],"version-history":[{"count":0,"href":"https:\/\/talkpal.ai\/gl\/wp-json\/wp\/v2\/pages\/1475453\/revisions"}],"wp:attachment":[{"href":"https:\/\/talkpal.ai\/gl\/wp-json\/wp\/v2\/media?parent=1475453"}],"curies":[{"name":"wp","href":"https:\/\/api.w.org\/{rel}","templated":true}]}}