{"id":147523,"date":"2023-05-14T14:12:07","date_gmt":"2023-05-14T14:12:07","guid":{"rendered":"http:\/\/talkpal.ai\/gramatica-marathi\/"},"modified":"2025-12-12T10:38:04","modified_gmt":"2025-12-12T10:38:04","slug":"gramatica-marathi","status":"publish","type":"page","link":"https:\/\/talkpal.ai\/gl\/gramatica-marathi\/","title":{"rendered":"Gram\u00e1tica Marathi"},"content":{"rendered":"\r\n\r\n\r\n<section class=\"languageChallengeSection\">\r\n    <div class=\"languageInfoWrapper\">\r\n        \r\n        <h1>Gram\u00e1tica Marathi<\/h1>\r\n        <p>Curioso\/a sobre o <a href=\"https:\/\/talkpal.ai\/learn-marathi\/\">marathi<\/a>? Afonda na <a href=\"https:\/\/talkpal.ai\/es\/gramatica-marathi\/\">gram\u00e1tica marathi<\/a>, onde os substantivos con distinci\u00f3n de x\u00e9nero, a estrutura flexible das frases e as conxugaci\u00f3ns verbais expresivas crean unha lingua vibrante e din\u00e1mica. Comeza a t\u00faa viaxe de aprendizaxe hoxe mesmo: dominar a gram\u00e1tica marathi axudarache a comunicarte con confianza e a conectar coas ricas tradici\u00f3ns e cultura de Maharashtra!<\/p>\r\n\r\n                            <a class=\"getStartedHidden\" href=\"https:\/\/app.talkpal.ai\/signup?lng=\">Empeza<\/a>\r\n        \r\n    <\/div>\r\n\r\n    <figure>\r\n    <img decoding=\"async\" width=\"768\" height=\"768\" src=\"https:\/\/talkpal.ai\/wp-content\/uploads\/2023\/06\/marathi-768x768.png\" class=\"languageImage no-lazy\" alt=\"Fun ways to make language learning interesting\" fetchpriority=\"high\" sizes=\"(max-width: 768px) 150px, 768px\" srcset=\"https:\/\/talkpal.ai\/wp-content\/uploads\/2023\/06\/marathi-768x768.png 768w, https:\/\/talkpal.ai\/wp-content\/uploads\/2023\/06\/marathi-300x300.png 300w\" \/>\r\n    \r\n\r\n    <\/figure>\r\n\r\n            <a class=\"getStartedVisible\" href=\"https:\/\/app.talkpal.ai\/signup?lng=\">Empeza<\/a>\r\n    \r\n<\/section>\r\n<section class=\"promotionalBanner\">\r\n    <p class=\"promotionalText\">A forma m\u00e1is eficaz de aprender un idioma<\/p>\r\n    <a class=\"promotionalLink\" href=\"https:\/\/app.talkpal.ai\/signup?lng=\">Proba Talkpal de balde<\/a>\r\n<\/section>\n<div class=\"wp-block-group pageContainerStyle\"><div class=\"wp-block-group__inner-container is-layout-constrained wp-block-group-is-layout-constrained\">\n<h2 class=\"wp-block-heading\" id=\"h-the-allure-of-marathi-grammar-unfolding-its-mysteries-and-intricacies\">O encanto da gram\u00e1tica marathi: revelando os seus misterios e complejidades<\/h2>\n\n\n\n<p>Lembras a viaxe desconcertante de <a href=\"https:\/\/talkpal.ai\/fr\/grammaire\/\">aprender gram\u00e1tica<\/a> inglesa, cargada de regras complexas, excepci\u00f3ns e terminolox\u00eda intrincada? Se agora est\u00e1s pensando en aprender a lingua marathi, prep\u00e1rate para unha exploraci\u00f3n igualmente fascinante da gram\u00e1tica marathi.<\/p>\n\n\n\n<p>O marathi, unha lingua indoaria que se fala predominantemente no estado <a href=\"https:\/\/talkpal.ai\/es\/locations\/cursos-de-idiomas-en-indio\/\">indio<\/a> de Maharashtra, pos\u00fae unha rica tradici\u00f3n e caracter\u00edsticas ling\u00fc\u00edsticas \u00fanicas. Mentres te mergulles na m\u00edstica da gram\u00e1tica marathi, descubrir\u00e1s a fascinante interacci\u00f3n dos seus alfabetos, regras intrincadas e fon\u00e9tica encantadora. Ent\u00f3n, imos desentra\u00f1ar o encanto da gram\u00e1tica marathi xuntos, unha pequena regra \u00e1 vez.<\/p>\n\n\n\n<p>Unha das caracter\u00edsticas m\u00e1is rechamantes da <strong>gram\u00e1tica marathi<\/strong> \u00e9 o seu uso extensivo de flexi\u00f3ns de nomes. Estas flexi\u00f3ns a mi\u00fado axudan a transmitir elementos gramaticais cruciais, <a href=\"https:\/\/talkpal.ai\/locations\/language-courses-in-como\/\">como<\/a> o n\u00famero, o x\u00e9nero e o caso. O marathi ten tres x\u00e9neros: masculino, feminino e neutro, e cada x\u00e9nero pos\u00fae o seu conxunto distintivo de patr\u00f3ns de inflexi\u00f3n. Ademais, a lingua ten dous n\u00fameros &#8211; singular e plural &#8211; que axudan a expresar a cantidade dun substantivo.<\/p>\n\n\n\n<p>Outro <strong>trazo \u00fanico da gram\u00e1tica marathi<\/strong> \u00e9 a forma en que se conxugan os verbos, dependendo do tempo. Ao conxugar verbos en marathi, debes considerar non s\u00f3 o tempo verbal, sen\u00f3n tam\u00e9n o x\u00e9nero e o n\u00famero do suxeito. As formas verbais marathi incl\u00faen o tempo <a href=\"https:\/\/talkpal.ai\/zh-hans\/grammar_exercises\/presente-%e8%a5%bf%e7%8f%ad%e7%89%99%e8%af%ad%e6%b3%95%e7%bb%83%e4%b9%a0\/\">presente<\/a>, o pasado e o <a href=\"https:\/\/talkpal.ai\/ja\/grammar_exercises\/futuro-%e3%82%b9%e3%83%9a%e3%82%a4%e3%83%b3%e8%aa%9e%e3%81%ae%e6%96%87%e6%b3%95%e3%81%ae%e6%bc%94%e7%bf%92\/\">futuro<\/a>, xunto aos imperativos e subxuntivos. Estas extensas conxugaci\u00f3ns engaden profundidade e dinamismo ao marathi, convert\u00e9ndoo nunha lingua verdadeiramente cativadora para explorar.<\/p>\n\n\n\n<p>A lingua marathi tam\u00e9n \u00e9 co\u00f1ecida pola s\u00faa <strong>variedade de pronomes<\/strong> . O marathi ten numerosos pronomes persoais, demostrativos, interrogativos e reflexivos, cada un cos seus respectivos patr\u00f3ns de declinaci\u00f3n. Isto pode parecer desalentador ao principio, pero a medida que profundices na lingua, apreciar\u00e1s a precisi\u00f3n incomparable que ofrece a gram\u00e1tica marathi.<\/p>\n\n\n\n<p>Unha faceta m\u00e1is intrigante da gram\u00e1tica marathi reside na <strong>disposici\u00f3n das palabras nunha frase<\/strong> . A orde das palabras en marathi segue xeralmente a estrutura suxeito-obxecto-verbo (SOV), similar a outras linguas indoarias. Esta estrutura adoita colocar o verbo ao final da frase, o que inicialmente pode resultar un reto para os falantes de <a href=\"https:\/\/talkpal.ai\/es\/locations\/aprende-ingles-en-orange\/\">ingl\u00e9s<\/a>.<\/p>\n\n\n\n<p>Mergullando na <strong>fon\u00e9tica marathi<\/strong> , atopar\u00e1s a fascinante gama de sons, enunciados a trav\u00e9s das 16 vogais (swar) e 36 consoantes (vyanjan). A escritura devanagari, que usa o marathi, engade un toque de encanto a esta lingua xa de por si fascinante.  <\/p>\n\n\n\n<p>Aprender a gram\u00e1tica marathi, coa s\u00faa infinidade de regras e complexidades, pode ser, sen d\u00fabida, unha tarefa desalentadora ao principio. Non obstante, este desaf\u00edo tam\u00e9n \u00e9 o que o fai excepcionalmente estimulante e gratificante. A medida que te mergullas no encantador mundo da gram\u00e1tica marathi, descubrir\u00e1s non s\u00f3 o funcionamento da lingua, sen\u00f3n que tam\u00e9n conseguir\u00e1s unha comprensi\u00f3n m\u00e1is profunda da cultura, historia e sabedor\u00eda que encarna.<\/p>\n\n\n\n<p>Ent\u00f3n, por que non embarcarse nesta aventura ling\u00fc\u00edstica para explorar as profundidades atractivas da gram\u00e1tica marathi e descubrir os seus innumerables misterios e matices \u00e1 espera de ser dominados? A alegr\u00eda de aprender e o deleite de comprender as sutilezas da gram\u00e1tica marathi est\u00e1n a poucos momentos!<\/p>\n<\/div><\/div>\n\r\n<section class=\"learnNavigationSection\">\r\n            \r\n        <a href=\"https:\/\/talkpal.ai\/gl\/aprende-marathi\/\">\r\n            <div class=\"learnNavigationWrapper\">\r\n                <div class=\"learnNavigationContent\">\r\n                    <img decoding=\"async\" src=\"https:\/\/talkpal.ai\/wp-content\/uploads\/2023\/05\/Marathi-india.png\" alt=\"TalkPal Marathi Flag\">\r\n                    <div>\r\n                        <h4>Sobre a aprendizaxe de marathi<\/h4>\r\n                        <p>Descubre todo sobre a gram\u00e1tica marathi.<\/p>\r\n                    <\/div>\r\n                <\/div>\r\n            <\/div>\r\n        <\/a>\r\n\r\n        \r\n        <a href=\"https:\/\/talkpal.ai\/gl\/exercicios-de-gramatica-marathi\/\">\r\n            <div class=\"learnNavigationWrapper\">\r\n                <div class=\"learnNavigationContent\">\r\n                    <img decoding=\"async\" src=\"https:\/\/talkpal.ai\/wp-content\/uploads\/2023\/05\/Marathi-india.png\" alt=\"TalkPal Marathi Flag\">\r\n                    <div>\r\n                        <h4>Exercicio de gram\u00e1tica marathi<\/h4>\r\n                        <p>Practica a gram\u00e1tica marathi .<\/p>\r\n                    <\/div>\r\n                <\/div>\r\n            <\/div>\r\n        <\/a>\r\n\r\n        \r\n        <a href=\"https:\/\/talkpal.ai\/vocabulary_language\/marathi\/\">\r\n            <div class=\"learnNavigationWrapper\">\r\n                <div class=\"learnNavigationContent\">\r\n                    <img decoding=\"async\" src=\"https:\/\/talkpal.ai\/wp-content\/uploads\/2023\/05\/Marathi-india.png\" alt=\"TalkPal Marathi Flag\">\r\n                    <div>\r\n                        <h4>Vocabulario Marathi<\/h4>\r\n                        <p>Ampl\u00eda o teu vocabulario en marathi.<\/p>\r\n                    <\/div>\r\n                <\/div>\r\n            <\/div>\r\n        <\/a>\r\n\r\n            <\/section>","protected":false},"excerpt":{"rendered":"<p>O encanto da gram\u00e1tica marathi: revelando os seus misterios e complejidades Lembras a viaxe desconcertante de aprender gram\u00e1tica inglesa, cargada de regras complexas, excepci\u00f3ns e terminolox\u00eda intrincada? Se agora est\u00e1s pensando en aprender a lingua marathi, prep\u00e1rate para unha exploraci\u00f3n igualmente fascinante da gram\u00e1tica marathi. O marathi, unha lingua indoaria que se fala predominantemente no [&hellip;]<\/p>\n","protected":false},"author":1,"featured_media":116514,"parent":0,"menu_order":0,"comment_status":"closed","ping_status":"closed","template":"LearningContentPage.php","meta":{"_acf_changed":false,"footnotes":""},"class_list":["post-147523","page","type-page","status-publish","has-post-thumbnail","hentry"],"acf":[],"yoast_head":"<!-- This site is optimized with the Yoast SEO Premium plugin v27.2 (Yoast SEO v27.2) - https:\/\/yoast.com\/product\/yoast-seo-premium-wordpress\/ -->\n<title>Gram\u00e1tica Marathi - Talkpal<\/title>\n<meta name=\"description\" content=\"Explora o fascinante mundo da gram\u00e1tica marathi e descubre as s\u00faas regras \u00fanicas, fon\u00e9tica e inflexi\u00f3ns na aprendizaxe da lingua.\" \/>\n<meta name=\"robots\" content=\"index, follow, max-snippet:-1, max-image-preview:large, max-video-preview:-1\" \/>\n<link rel=\"canonical\" href=\"https:\/\/talkpal.ai\/gl\/gramatica-marathi\/\" \/>\n<meta property=\"og:locale\" content=\"gl_ES\" \/>\n<meta property=\"og:type\" content=\"article\" \/>\n<meta property=\"og:title\" content=\"Gram\u00e1tica Marathi\" \/>\n<meta property=\"og:description\" content=\"O encanto da gram\u00e1tica marathi: revelando os seus misterios e complejidades Lembras a viaxe desconcertante de aprender gram\u00e1tica inglesa, cargada de\" \/>\n<meta property=\"og:url\" content=\"https:\/\/talkpal.ai\/gl\/gramatica-marathi\/\" \/>\n<meta property=\"og:site_name\" content=\"Talkpal\" \/>\n<meta property=\"article:publisher\" content=\"https:\/\/www.facebook.com\/profile.php?id=100090733639311\" \/>\n<meta property=\"article:modified_time\" content=\"2025-12-12T10:38:04+00:00\" \/>\n<meta property=\"og:image\" content=\"https:\/\/talkpal.ai\/wp-content\/uploads\/2023\/05\/Marathi-india.png\" \/>\n\t<meta property=\"og:image:width\" content=\"512\" \/>\n\t<meta property=\"og:image:height\" content=\"512\" \/>\n\t<meta property=\"og:image:type\" content=\"image\/png\" \/>\n<meta name=\"twitter:card\" content=\"summary_large_image\" \/>\n<meta name=\"twitter:site\" content=\"@talkpalai\" \/>\n<meta name=\"twitter:label1\" content=\"Tempo de lectura\" \/>\n\t<meta name=\"twitter:data1\" content=\"3 minutos\" \/>\n<script type=\"application\/ld+json\" class=\"yoast-schema-graph\">{\"@context\":\"https:\/\/schema.org\",\"@graph\":[{\"@type\":\"WebPage\",\"@id\":\"https:\/\/talkpal.ai\/gl\/gramatica-marathi\/\",\"url\":\"https:\/\/talkpal.ai\/gl\/gramatica-marathi\/\",\"name\":\"Gram\u00e1tica Marathi - Talkpal\",\"isPartOf\":{\"@id\":\"https:\/\/talkpal.ai\/gl\/#website\"},\"primaryImageOfPage\":{\"@id\":\"https:\/\/talkpal.ai\/gl\/gramatica-marathi\/#primaryimage\"},\"image\":{\"@id\":\"https:\/\/talkpal.ai\/gl\/gramatica-marathi\/#primaryimage\"},\"thumbnailUrl\":\"https:\/\/talkpal.ai\/wp-content\/uploads\/2023\/05\/Marathi-india.png\",\"datePublished\":\"2023-05-14T14:12:07+00:00\",\"dateModified\":\"2025-12-12T10:38:04+00:00\",\"description\":\"Explora o fascinante mundo da gram\u00e1tica marathi e descubre as s\u00faas regras \u00fanicas, fon\u00e9tica e inflexi\u00f3ns na aprendizaxe da lingua.\",\"breadcrumb\":{\"@id\":\"https:\/\/talkpal.ai\/gl\/gramatica-marathi\/#breadcrumb\"},\"inLanguage\":\"gl-ES\",\"potentialAction\":[{\"@type\":\"ReadAction\",\"target\":[\"https:\/\/talkpal.ai\/gl\/gramatica-marathi\/\"]}]},{\"@type\":\"ImageObject\",\"inLanguage\":\"gl-ES\",\"@id\":\"https:\/\/talkpal.ai\/gl\/gramatica-marathi\/#primaryimage\",\"url\":\"https:\/\/talkpal.ai\/wp-content\/uploads\/2023\/05\/Marathi-india.png\",\"contentUrl\":\"https:\/\/talkpal.ai\/wp-content\/uploads\/2023\/05\/Marathi-india.png\",\"width\":512,\"height\":512},{\"@type\":\"BreadcrumbList\",\"@id\":\"https:\/\/talkpal.ai\/gl\/gramatica-marathi\/#breadcrumb\",\"itemListElement\":[{\"@type\":\"ListItem\",\"position\":1,\"name\":\"Homepage\",\"item\":\"https:\/\/talkpal.ai\/gl\/\"},{\"@type\":\"ListItem\",\"position\":2,\"name\":\"Gram\u00e1tica Marathi\"}]},{\"@type\":\"WebSite\",\"@id\":\"https:\/\/talkpal.ai\/gl\/#website\",\"url\":\"https:\/\/talkpal.ai\/gl\/\",\"name\":\"Talkpal\",\"description\":\"AI Language Learning\",\"publisher\":{\"@id\":\"https:\/\/talkpal.ai\/gl\/#organization\"},\"alternateName\":\"Talkpal AI\",\"potentialAction\":[{\"@type\":\"SearchAction\",\"target\":{\"@type\":\"EntryPoint\",\"urlTemplate\":\"https:\/\/talkpal.ai\/gl\/?s={search_term_string}\"},\"query-input\":{\"@type\":\"PropertyValueSpecification\",\"valueRequired\":true,\"valueName\":\"search_term_string\"}}],\"inLanguage\":\"gl-ES\"},{\"@type\":\"Organization\",\"@id\":\"https:\/\/talkpal.ai\/gl\/#organization\",\"name\":\"Talkpal, Inc.\",\"alternateName\":\"Talkpal AI\",\"url\":\"https:\/\/talkpal.ai\/gl\/\",\"logo\":{\"@type\":\"ImageObject\",\"inLanguage\":\"gl-ES\",\"@id\":\"https:\/\/talkpal.ai\/gl\/#\/schema\/logo\/image\/\",\"url\":\"https:\/\/talkpal.ai\/wp-content\/uploads\/2024\/03\/Talkpal-Logo-Icon.png\",\"contentUrl\":\"https:\/\/talkpal.ai\/wp-content\/uploads\/2024\/03\/Talkpal-Logo-Icon.png\",\"width\":2880,\"height\":2880,\"caption\":\"Talkpal, Inc.\"},\"image\":{\"@id\":\"https:\/\/talkpal.ai\/gl\/#\/schema\/logo\/image\/\"},\"sameAs\":[\"https:\/\/www.facebook.com\/profile.php?id=100090733639311\",\"https:\/\/x.com\/talkpalai\",\"https:\/\/www.linkedin.com\/company\/talkpal\/\",\"https:\/\/www.youtube.com\/@TalkPal\/\",\"https:\/\/www.tiktok.com\/@talkpal\",\"https:\/\/www.instagram.com\/talkpal_ai\/\",\"https:\/\/www.crunchbase.com\/organization\/talkpal-9cde\",\"https:\/\/www.g2.com\/products\/talkpal-for-business\/\",\"https:\/\/www.trustpilot.com\/review\/talkpal.ai\",\"https:\/\/www.capterra.com\/p\/10006800\/TalkPal\/\"],\"description\":\"Talkpal is a language learning web and mobile education app, powered by the latest AI technologies, that provides engaging experiences to its customers in many different languages to help them improve their language skills. Users can chat about unlimited amount of topics with the app and use other modes to practice their language learning.\",\"email\":\"support@talkpal.ai\",\"legalName\":\"Talkpal, Inc.\",\"foundingDate\":\"2023-04-03\",\"duns\":\"118989042\",\"numberOfEmployees\":{\"@type\":\"QuantitativeValue\",\"minValue\":\"11\",\"maxValue\":\"50\"},\"publishingPrinciples\":\"https:\/\/talkpal.ai\/publishing-principles\/\",\"actionableFeedbackPolicy\":\"https:\/\/talkpal.ai\/actionable-feedback-policy\/\",\"correctionsPolicy\":\"https:\/\/talkpal.ai\/corrections-policy\/\",\"ethicsPolicy\":\"https:\/\/talkpal.ai\/ethics-policy\/\",\"diversityPolicy\":\"https:\/\/talkpal.ai\/diversity-policy\/\",\"diversityStaffingReport\":\"https:\/\/talkpal.ai\/diversity-policy\/\"}]}<\/script>\n<!-- \/ Yoast SEO Premium plugin. -->","yoast_head_json":{"title":"Gram\u00e1tica Marathi - Talkpal","description":"Explora o fascinante mundo da gram\u00e1tica marathi e descubre as s\u00faas regras \u00fanicas, fon\u00e9tica e inflexi\u00f3ns na aprendizaxe da lingua.","robots":{"index":"index","follow":"follow","max-snippet":"max-snippet:-1","max-image-preview":"max-image-preview:large","max-video-preview":"max-video-preview:-1"},"canonical":"https:\/\/talkpal.ai\/gl\/gramatica-marathi\/","og_locale":"gl_ES","og_type":"article","og_title":"Gram\u00e1tica Marathi","og_description":"O encanto da gram\u00e1tica marathi: revelando os seus misterios e complejidades Lembras a viaxe desconcertante de aprender gram\u00e1tica inglesa, cargada de","og_url":"https:\/\/talkpal.ai\/gl\/gramatica-marathi\/","og_site_name":"Talkpal","article_publisher":"https:\/\/www.facebook.com\/profile.php?id=100090733639311","article_modified_time":"2025-12-12T10:38:04+00:00","og_image":[{"width":512,"height":512,"url":"https:\/\/talkpal.ai\/wp-content\/uploads\/2023\/05\/Marathi-india.png","type":"image\/png"}],"twitter_card":"summary_large_image","twitter_site":"@talkpalai","twitter_misc":{"Tempo de lectura":"3 minutos"},"schema":{"@context":"https:\/\/schema.org","@graph":[{"@type":"WebPage","@id":"https:\/\/talkpal.ai\/gl\/gramatica-marathi\/","url":"https:\/\/talkpal.ai\/gl\/gramatica-marathi\/","name":"Gram\u00e1tica Marathi - Talkpal","isPartOf":{"@id":"https:\/\/talkpal.ai\/gl\/#website"},"primaryImageOfPage":{"@id":"https:\/\/talkpal.ai\/gl\/gramatica-marathi\/#primaryimage"},"image":{"@id":"https:\/\/talkpal.ai\/gl\/gramatica-marathi\/#primaryimage"},"thumbnailUrl":"https:\/\/talkpal.ai\/wp-content\/uploads\/2023\/05\/Marathi-india.png","datePublished":"2023-05-14T14:12:07+00:00","dateModified":"2025-12-12T10:38:04+00:00","description":"Explora o fascinante mundo da gram\u00e1tica marathi e descubre as s\u00faas regras \u00fanicas, fon\u00e9tica e inflexi\u00f3ns na aprendizaxe da lingua.","breadcrumb":{"@id":"https:\/\/talkpal.ai\/gl\/gramatica-marathi\/#breadcrumb"},"inLanguage":"gl-ES","potentialAction":[{"@type":"ReadAction","target":["https:\/\/talkpal.ai\/gl\/gramatica-marathi\/"]}]},{"@type":"ImageObject","inLanguage":"gl-ES","@id":"https:\/\/talkpal.ai\/gl\/gramatica-marathi\/#primaryimage","url":"https:\/\/talkpal.ai\/wp-content\/uploads\/2023\/05\/Marathi-india.png","contentUrl":"https:\/\/talkpal.ai\/wp-content\/uploads\/2023\/05\/Marathi-india.png","width":512,"height":512},{"@type":"BreadcrumbList","@id":"https:\/\/talkpal.ai\/gl\/gramatica-marathi\/#breadcrumb","itemListElement":[{"@type":"ListItem","position":1,"name":"Homepage","item":"https:\/\/talkpal.ai\/gl\/"},{"@type":"ListItem","position":2,"name":"Gram\u00e1tica Marathi"}]},{"@type":"WebSite","@id":"https:\/\/talkpal.ai\/gl\/#website","url":"https:\/\/talkpal.ai\/gl\/","name":"Talkpal","description":"AI Language Learning","publisher":{"@id":"https:\/\/talkpal.ai\/gl\/#organization"},"alternateName":"Talkpal AI","potentialAction":[{"@type":"SearchAction","target":{"@type":"EntryPoint","urlTemplate":"https:\/\/talkpal.ai\/gl\/?s={search_term_string}"},"query-input":{"@type":"PropertyValueSpecification","valueRequired":true,"valueName":"search_term_string"}}],"inLanguage":"gl-ES"},{"@type":"Organization","@id":"https:\/\/talkpal.ai\/gl\/#organization","name":"Talkpal, Inc.","alternateName":"Talkpal AI","url":"https:\/\/talkpal.ai\/gl\/","logo":{"@type":"ImageObject","inLanguage":"gl-ES","@id":"https:\/\/talkpal.ai\/gl\/#\/schema\/logo\/image\/","url":"https:\/\/talkpal.ai\/wp-content\/uploads\/2024\/03\/Talkpal-Logo-Icon.png","contentUrl":"https:\/\/talkpal.ai\/wp-content\/uploads\/2024\/03\/Talkpal-Logo-Icon.png","width":2880,"height":2880,"caption":"Talkpal, Inc."},"image":{"@id":"https:\/\/talkpal.ai\/gl\/#\/schema\/logo\/image\/"},"sameAs":["https:\/\/www.facebook.com\/profile.php?id=100090733639311","https:\/\/x.com\/talkpalai","https:\/\/www.linkedin.com\/company\/talkpal\/","https:\/\/www.youtube.com\/@TalkPal\/","https:\/\/www.tiktok.com\/@talkpal","https:\/\/www.instagram.com\/talkpal_ai\/","https:\/\/www.crunchbase.com\/organization\/talkpal-9cde","https:\/\/www.g2.com\/products\/talkpal-for-business\/","https:\/\/www.trustpilot.com\/review\/talkpal.ai","https:\/\/www.capterra.com\/p\/10006800\/TalkPal\/"],"description":"Talkpal is a language learning web and mobile education app, powered by the latest AI technologies, that provides engaging experiences to its customers in many different languages to help them improve their language skills. Users can chat about unlimited amount of topics with the app and use other modes to practice their language learning.","email":"support@talkpal.ai","legalName":"Talkpal, Inc.","foundingDate":"2023-04-03","duns":"118989042","numberOfEmployees":{"@type":"QuantitativeValue","minValue":"11","maxValue":"50"},"publishingPrinciples":"https:\/\/talkpal.ai\/publishing-principles\/","actionableFeedbackPolicy":"https:\/\/talkpal.ai\/actionable-feedback-policy\/","correctionsPolicy":"https:\/\/talkpal.ai\/corrections-policy\/","ethicsPolicy":"https:\/\/talkpal.ai\/ethics-policy\/","diversityPolicy":"https:\/\/talkpal.ai\/diversity-policy\/","diversityStaffingReport":"https:\/\/talkpal.ai\/diversity-policy\/"}]}},"_links":{"self":[{"href":"https:\/\/talkpal.ai\/gl\/wp-json\/wp\/v2\/pages\/147523","targetHints":{"allow":["GET"]}}],"collection":[{"href":"https:\/\/talkpal.ai\/gl\/wp-json\/wp\/v2\/pages"}],"about":[{"href":"https:\/\/talkpal.ai\/gl\/wp-json\/wp\/v2\/types\/page"}],"author":[{"embeddable":true,"href":"https:\/\/talkpal.ai\/gl\/wp-json\/wp\/v2\/users\/1"}],"replies":[{"embeddable":true,"href":"https:\/\/talkpal.ai\/gl\/wp-json\/wp\/v2\/comments?post=147523"}],"version-history":[{"count":0,"href":"https:\/\/talkpal.ai\/gl\/wp-json\/wp\/v2\/pages\/147523\/revisions"}],"wp:featuredmedia":[{"embeddable":true,"href":"https:\/\/talkpal.ai\/gl\/wp-json\/wp\/v2\/media\/116514"}],"wp:attachment":[{"href":"https:\/\/talkpal.ai\/gl\/wp-json\/wp\/v2\/media?parent=147523"}],"curies":[{"name":"wp","href":"https:\/\/api.w.org\/{rel}","templated":true}]}}