{"id":147261,"date":"2023-05-14T14:11:47","date_gmt":"2023-05-14T14:11:47","guid":{"rendered":"http:\/\/talkpal.ai\/gramatica-malaia\/"},"modified":"2025-12-17T16:41:34","modified_gmt":"2025-12-17T16:41:34","slug":"gramatica-malaia","status":"publish","type":"page","link":"https:\/\/talkpal.ai\/gl\/gramatica-malaia\/","title":{"rendered":"Gram\u00e1tica malaia"},"content":{"rendered":"\r\n\r\n\r\n<section class=\"languageChallengeSection\">\r\n    <div class=\"languageInfoWrapper\">\r\n        \r\n        <h1>Gram\u00e1tica malaia<\/h1>\r\n        <p>Curioso\/a por aprender malaio? Merg\u00fallate na <a href=\"https:\/\/talkpal.ai\/pt-pt\/o-que-ha-de-especial-na-gramatica-malaia\/\">gram\u00e1tica malaia<\/a>, co\u00f1ecida polas s\u00faas regras sinxelas, a falta de conxugaci\u00f3n verbal e o uso de afixos para crear significado. Comeza hoxe mesmo: dominar a <a href=\"https:\/\/talkpal.ai\/pt-pt\/o-que-ha-de-especial-na-gramatica-malaia\/\">gram\u00e1tica malaia<\/a> darache a confianza para comunicarte con facilidade e abrirache as portas \u00e1s diversas e din\u00e1micas culturas do sueste asi\u00e1tico!<\/p>\r\n\r\n                            <a class=\"getStartedHidden\" href=\"https:\/\/app.talkpal.ai\/signup?lng=\">Empeza<\/a>\r\n        \r\n    <\/div>\r\n\r\n    <figure>\r\n    <img decoding=\"async\" width=\"768\" height=\"768\" src=\"https:\/\/talkpal.ai\/wp-content\/uploads\/2023\/06\/malay-768x768.png\" class=\"languageImage no-lazy\" alt=\"Language learning for personal accomplishments\" fetchpriority=\"high\" sizes=\"(max-width: 768px) 150px, 768px\" srcset=\"https:\/\/talkpal.ai\/wp-content\/uploads\/2023\/06\/malay-768x768.png 768w, https:\/\/talkpal.ai\/wp-content\/uploads\/2023\/06\/malay-300x300.png 300w\" \/>\r\n    \r\n\r\n    <\/figure>\r\n\r\n            <a class=\"getStartedVisible\" href=\"https:\/\/app.talkpal.ai\/signup?lng=\">Empeza<\/a>\r\n    \r\n<\/section>\r\n<section class=\"promotionalBanner\">\r\n    <p class=\"promotionalText\">A forma m\u00e1is eficaz de aprender un idioma<\/p>\r\n    <a class=\"promotionalLink\" href=\"https:\/\/app.talkpal.ai\/signup?lng=\">Proba Talkpal de balde<\/a>\r\n<\/section>\n<div class=\"wp-block-group pageContainerStyle\"><div class=\"wp-block-group__inner-container is-layout-constrained wp-block-group-is-layout-constrained\">\n<h2 class=\"wp-block-heading\" id=\"h-malay-grammar-exploring-the-richness-of-bahasa-melayu\">Gram\u00e1tica malaia: explorando a riqueza de Bahasa Melayu<\/h2>\n\n\n\n<p>A lingua malaia, ou <a href=\"https:\/\/talkpal.ai\/ms\/belajar-bahasa-melayu\/\">Bahasa Melayu<\/a>, sit\u00faase entre as <a href=\"https:\/\/talkpal.ai\/the-10-most-spoken-languages-in-the-world\/\">linguas m\u00e1is faladas<\/a> do mundo, unindo os diversos pobos de Malaisia, <a href=\"https:\/\/talkpal.ai\/learn-indonesian\/\">Indonesia<\/a>, Brunei e Singapur. A medida que afondas na <a href=\"https:\/\/talkpal.ai\/gl\/aprendizaxe\/\">aprendizaxe<\/a> do <a href=\"https:\/\/talkpal.ai\/learn-malay\/\">malayo<\/a>, descubrir\u00e1s rapidamente a beleza da s\u00faa gram\u00e1tica e a s\u00faa florecente paisaxe ling\u00fc\u00edstica. Este artigo ten <a href=\"https:\/\/talkpal.ai\/locations\/language-courses-in-como\/\">como<\/a> obxectivo presentarche os principios fundamentais da gram\u00e1tica malaia, gui\u00e1ndote para comprender e apreciar mellor esta lingua vers\u00e1til.<\/p>\n\n\n\n<h3 class=\"wp-block-heading\" id=\"h-1-nouns-simplicity-rules\">1. Substantivos &#8211; Regras de simplicidade<\/h3>\n\n\n\n<p>A diferenza doutras linguas, a gram\u00e1tica malaia non presenta declinaci\u00f3ns nin clasificaci\u00f3ns de x\u00e9nero para os seus substantivos. Pola contra, o uso do substantivo pon un gran \u00e9nfase na sinxeleza. As formas plurales dos substantivos cr\u00e9anse simplemente duplic\u00e1ndoas. Parece f\u00e1cil, non? Por exemplo, &#8220;apple&#8221; \u00e9 &#8220;buah epal&#8221;, polo que &#8220;apples&#8221; pasa a ser &#8220;buah-buah epal&#8221;. Podes eliminar a duplicaci\u00f3n nun discurso informal.<\/p>\n\n\n\n<h3 class=\"wp-block-heading\" id=\"h-2-adjectives-straightforward-descriptions\">2. Adxectivos &#8211; Descrici\u00f3ns sinxelas<\/h3>\n\n\n\n<p>Os adxectivos malaios permanecen inalterados independentemente do substantivo que describan, o que os fai incriblemente f\u00e1ciles de usar, outra proba da sinxeleza da lingua. A colocaci\u00f3n do adxectivo v\u00e9n despois do substantivo, creando un fluxo agradable nas frases. Por exemplo, &#8220;unha casa grande&#8221; \u00e9 &#8220;rumah besar&#8221;, con &#8220;rumah&#8221; refer\u00edndose a &#8220;casa&#8221; e &#8220;besar&#8221; que significa &#8220;grande&#8221;.<\/p>\n\n\n\n<h3 class=\"wp-block-heading\" id=\"h-3-verbs-the-magic-of-prefixes-and-suffixes\">3. Verbos &#8211; A maxia dos prefixos e sufixos<\/h3>\n\n\n\n<p>Os verbos malayos te\u00f1en unha versatilidade emocionante e sinxela. En Bahasa Melayu, os tempos non se transmiten expl\u00edcitamente a trav\u00e9s de formas verbais; en cambio, ind\u00edcanse mediante marcadores de contexto ou tempo. Ademais, o malaio fai un uso extensivo de prefixos e sufixos para expresar diferentes aspectos verbais.<\/p>\n\n\n\n<p>Hai tres prefixos principais: &#8220;meN-&#8220;, &#8220;ber-&#8221; e &#8220;ter-&#8220;. O prefixo &#8220;meN-&#8221; ten unha ampla gama de usos, inclu\u00edndo a formaci\u00f3n de verbos activos e a denotaci\u00f3n de acci\u00f3ns causantes. Mentres tanto, &#8220;ber-&#8221; significa acci\u00f3ns intransitivas e &#8220;ter-&#8221; indica ocorrencias accidentais ou acci\u00f3ns pasivas. \u00c9 importante ter en conta que cada prefixo pode provocar lixeiros cambios ortogr\u00e1ficos no verbo base.<\/p>\n\n\n\n<p>Os sufixos, como &#8220;-kan&#8221; e &#8220;-i&#8221;, axudan a proporcionar m\u00e1is especificidade, mentres que o infixo &#8220;-el-&#8221; inxecta intensidade ao verbo base.<\/p>\n\n\n\n<h3 class=\"wp-block-heading\" id=\"h-4-prepositions-amp-particles-adding-flavor-to-sentences\">4. Preposici\u00f3ns e part\u00edculas &#8211; Engadindo sabor \u00e1s oraci\u00f3ns<\/h3>\n\n\n\n<p>As preposici\u00f3ns e part\u00edculas xogan un papel vital na gram\u00e1tica malaia, actuando como pegamento ling\u00fc\u00edstico e proporcionando contexto esencial. As preposici\u00f3ns, como &#8220;di&#8221; (at), &#8220;ke&#8221; (a) e &#8220;dari&#8221; (de), axudan a establecer relaci\u00f3ns entre as palabras. Por outra banda, as part\u00edculas, como &#8220;lah&#8221;, &#8220;kah&#8221; e &#8220;juego de palabras&#8221;, \u00fasanse para engadir \u00e9nfase, emoci\u00f3n e signos de interrogaci\u00f3n \u00e1s frases.<\/p>\n\n\n\n<p>Por exemplo, a frase &#8220;Kamu pergi sana&#8221;, que significa &#8220;Vas al\u00ed&#8221;, faise m\u00e1is enf\u00e1tica se engades &#8220;lah&#8221; ao final: &#8220;Kamu pergi sana lah&#8221;. Agora significa &#8220;Vas al\u00ed (agora mesmo).&#8221;<\/p>\n\n\n\n<h3 class=\"wp-block-heading\" id=\"h-5-embracing-the-journey\">5. Abrazar a viaxe<\/h3>\n\n\n\n<p>A\u00ednda que a gram\u00e1tica malaia pode parecer sinxela en comparaci\u00f3n con outras linguas, a s\u00faa beleza reside na riqueza e variedade de expresi\u00f3ns conseguidas mediante regras sinxelas. A facilidade para aprender a gram\u00e1tica malaia permitirache interactuar co diverso mundo de fala malaia de forma m\u00e1is eficaz e mergullarche na s\u00faa cultura \u00fanica.<\/p>\n\n\n\n<p>Antes de mergullarse de cabeza no mundo de Bahasa Melayu, lembre que a viaxe pode non ser sempre suave. Mant\u00e9n a mente aberta, interact\u00faa con falantes nativos e, o m\u00e1is importante, goza da experiencia de descubrir os matices desta fermosa lingua. Selamat belajar: feliz aprendizaxe!<\/p>\n<\/div><\/div>\n\r\n<section class=\"learnNavigationSection\">\r\n            \r\n        <a href=\"https:\/\/talkpal.ai\/gl\/aprende-malaio\/\">\r\n            <div class=\"learnNavigationWrapper\">\r\n                <div class=\"learnNavigationContent\">\r\n                    <img decoding=\"async\" src=\"https:\/\/talkpal.ai\/wp-content\/uploads\/2024\/08\/Malay.jpg\" alt=\"Malaysian Flag\">\r\n                    <div>\r\n                        <h4>Sobre a aprendizaxe do malayo<\/h4>\r\n                        <p>Descubre todo sobre a gram\u00e1tica malaia.<\/p>\r\n                    <\/div>\r\n                <\/div>\r\n            <\/div>\r\n        <\/a>\r\n\r\n        \r\n        <a href=\"https:\/\/talkpal.ai\/gl\/exercicios-de-gramatica-malaia\/\">\r\n            <div class=\"learnNavigationWrapper\">\r\n                <div class=\"learnNavigationContent\">\r\n                    <img decoding=\"async\" src=\"https:\/\/talkpal.ai\/wp-content\/uploads\/2024\/08\/Malay.jpg\" alt=\"Malaysian Flag\">\r\n                    <div>\r\n                        <h4>Exercicio de gram\u00e1tica malaia<\/h4>\r\n                        <p>Practica a gram\u00e1tica malaia<\/p>\r\n                    <\/div>\r\n                <\/div>\r\n            <\/div>\r\n        <\/a>\r\n\r\n        \r\n        <a href=\"https:\/\/talkpal.ai\/vocabulary_language\/malay\/\">\r\n            <div class=\"learnNavigationWrapper\">\r\n                <div class=\"learnNavigationContent\">\r\n                    <img decoding=\"async\" src=\"https:\/\/talkpal.ai\/wp-content\/uploads\/2024\/08\/Malay.jpg\" alt=\"Malaysian Flag\">\r\n                    <div>\r\n                        <h4>Vocabulario malaio<\/h4>\r\n                        <p>Ampl\u00eda o teu vocabulario malayo.<\/p>\r\n                    <\/div>\r\n                <\/div>\r\n            <\/div>\r\n        <\/a>\r\n\r\n            <\/section>","protected":false},"excerpt":{"rendered":"<p>Gram\u00e1tica malaia: explorando a riqueza de Bahasa Melayu A lingua malaia, ou Bahasa Melayu, sit\u00faase entre as linguas m\u00e1is faladas do mundo, unindo os diversos pobos de Malaisia, Indonesia, Brunei e Singapur. A medida que afondas na aprendizaxe do malayo, descubrir\u00e1s rapidamente a beleza da s\u00faa gram\u00e1tica e a s\u00faa florecente paisaxe ling\u00fc\u00edstica. Este artigo [&hellip;]<\/p>\n","protected":false},"author":1,"featured_media":115725,"parent":0,"menu_order":0,"comment_status":"closed","ping_status":"closed","template":"LearningContentPage.php","meta":{"_acf_changed":false,"footnotes":""},"class_list":["post-147261","page","type-page","status-publish","has-post-thumbnail","hentry"],"acf":[],"yoast_head":"<!-- This site is optimized with the Yoast SEO Premium plugin v27.2 (Yoast SEO v27.2) - https:\/\/yoast.com\/product\/yoast-seo-premium-wordpress\/ -->\n<title>Gram\u00e1tica malaia - Talkpal<\/title>\n<meta name=\"description\" content=\"Explora a gram\u00e1tica malaia e aprende como a s\u00faa sinxeleza pode mellorar a t\u00faa comprensi\u00f3n da lingua malaia.\" \/>\n<meta name=\"robots\" content=\"index, follow, max-snippet:-1, max-image-preview:large, max-video-preview:-1\" \/>\n<link rel=\"canonical\" href=\"https:\/\/talkpal.ai\/gl\/gramatica-malaia\/\" \/>\n<meta property=\"og:locale\" content=\"gl_ES\" \/>\n<meta property=\"og:type\" content=\"article\" \/>\n<meta property=\"og:title\" content=\"Gram\u00e1tica malaia\" \/>\n<meta property=\"og:description\" content=\"Gram\u00e1tica malaia: explorando a riqueza de Bahasa Melayu A lingua malaia, ou Bahasa Melayu, sit\u00faase entre as linguas m\u00e1is faladas do mundo, unindo os\" \/>\n<meta property=\"og:url\" content=\"https:\/\/talkpal.ai\/gl\/gramatica-malaia\/\" \/>\n<meta property=\"og:site_name\" content=\"Talkpal\" \/>\n<meta property=\"article:publisher\" content=\"https:\/\/www.facebook.com\/profile.php?id=100090733639311\" \/>\n<meta property=\"article:modified_time\" content=\"2025-12-17T16:41:34+00:00\" \/>\n<meta property=\"og:image\" content=\"https:\/\/talkpal.ai\/wp-content\/uploads\/2023\/05\/malaysia.png\" \/>\n\t<meta property=\"og:image:width\" content=\"512\" \/>\n\t<meta property=\"og:image:height\" content=\"512\" \/>\n\t<meta property=\"og:image:type\" content=\"image\/png\" \/>\n<meta name=\"twitter:card\" content=\"summary_large_image\" \/>\n<meta name=\"twitter:site\" content=\"@talkpalai\" \/>\n<meta name=\"twitter:label1\" content=\"Tempo de lectura\" \/>\n\t<meta name=\"twitter:data1\" content=\"3 minutos\" \/>\n<script type=\"application\/ld+json\" class=\"yoast-schema-graph\">{\"@context\":\"https:\/\/schema.org\",\"@graph\":[{\"@type\":\"WebPage\",\"@id\":\"https:\/\/talkpal.ai\/gl\/gramatica-malaia\/\",\"url\":\"https:\/\/talkpal.ai\/gl\/gramatica-malaia\/\",\"name\":\"Gram\u00e1tica malaia - Talkpal\",\"isPartOf\":{\"@id\":\"https:\/\/talkpal.ai\/gl\/#website\"},\"primaryImageOfPage\":{\"@id\":\"https:\/\/talkpal.ai\/gl\/gramatica-malaia\/#primaryimage\"},\"image\":{\"@id\":\"https:\/\/talkpal.ai\/gl\/gramatica-malaia\/#primaryimage\"},\"thumbnailUrl\":\"https:\/\/talkpal.ai\/wp-content\/uploads\/2023\/05\/malaysia.png\",\"datePublished\":\"2023-05-14T14:11:47+00:00\",\"dateModified\":\"2025-12-17T16:41:34+00:00\",\"description\":\"Explora a gram\u00e1tica malaia e aprende como a s\u00faa sinxeleza pode mellorar a t\u00faa comprensi\u00f3n da lingua malaia.\",\"breadcrumb\":{\"@id\":\"https:\/\/talkpal.ai\/gl\/gramatica-malaia\/#breadcrumb\"},\"inLanguage\":\"gl-ES\",\"potentialAction\":[{\"@type\":\"ReadAction\",\"target\":[\"https:\/\/talkpal.ai\/gl\/gramatica-malaia\/\"]}]},{\"@type\":\"ImageObject\",\"inLanguage\":\"gl-ES\",\"@id\":\"https:\/\/talkpal.ai\/gl\/gramatica-malaia\/#primaryimage\",\"url\":\"https:\/\/talkpal.ai\/wp-content\/uploads\/2023\/05\/malaysia.png\",\"contentUrl\":\"https:\/\/talkpal.ai\/wp-content\/uploads\/2023\/05\/malaysia.png\",\"width\":512,\"height\":512},{\"@type\":\"BreadcrumbList\",\"@id\":\"https:\/\/talkpal.ai\/gl\/gramatica-malaia\/#breadcrumb\",\"itemListElement\":[{\"@type\":\"ListItem\",\"position\":1,\"name\":\"Homepage\",\"item\":\"https:\/\/talkpal.ai\/gl\/\"},{\"@type\":\"ListItem\",\"position\":2,\"name\":\"Gram\u00e1tica malaia\"}]},{\"@type\":\"WebSite\",\"@id\":\"https:\/\/talkpal.ai\/gl\/#website\",\"url\":\"https:\/\/talkpal.ai\/gl\/\",\"name\":\"Talkpal\",\"description\":\"AI Language Learning\",\"publisher\":{\"@id\":\"https:\/\/talkpal.ai\/gl\/#organization\"},\"alternateName\":\"Talkpal AI\",\"potentialAction\":[{\"@type\":\"SearchAction\",\"target\":{\"@type\":\"EntryPoint\",\"urlTemplate\":\"https:\/\/talkpal.ai\/gl\/?s={search_term_string}\"},\"query-input\":{\"@type\":\"PropertyValueSpecification\",\"valueRequired\":true,\"valueName\":\"search_term_string\"}}],\"inLanguage\":\"gl-ES\"},{\"@type\":\"Organization\",\"@id\":\"https:\/\/talkpal.ai\/gl\/#organization\",\"name\":\"Talkpal, Inc.\",\"alternateName\":\"Talkpal AI\",\"url\":\"https:\/\/talkpal.ai\/gl\/\",\"logo\":{\"@type\":\"ImageObject\",\"inLanguage\":\"gl-ES\",\"@id\":\"https:\/\/talkpal.ai\/gl\/#\/schema\/logo\/image\/\",\"url\":\"https:\/\/talkpal.ai\/wp-content\/uploads\/2024\/03\/Talkpal-Logo-Icon.png\",\"contentUrl\":\"https:\/\/talkpal.ai\/wp-content\/uploads\/2024\/03\/Talkpal-Logo-Icon.png\",\"width\":2880,\"height\":2880,\"caption\":\"Talkpal, Inc.\"},\"image\":{\"@id\":\"https:\/\/talkpal.ai\/gl\/#\/schema\/logo\/image\/\"},\"sameAs\":[\"https:\/\/www.facebook.com\/profile.php?id=100090733639311\",\"https:\/\/x.com\/talkpalai\",\"https:\/\/www.linkedin.com\/company\/talkpal\/\",\"https:\/\/www.youtube.com\/@TalkPal\/\",\"https:\/\/www.tiktok.com\/@talkpal\",\"https:\/\/www.instagram.com\/talkpal_ai\/\",\"https:\/\/www.crunchbase.com\/organization\/talkpal-9cde\",\"https:\/\/www.g2.com\/products\/talkpal-for-business\/\",\"https:\/\/www.trustpilot.com\/review\/talkpal.ai\",\"https:\/\/www.capterra.com\/p\/10006800\/TalkPal\/\"],\"description\":\"Talkpal is a language learning web and mobile education app, powered by the latest AI technologies, that provides engaging experiences to its customers in many different languages to help them improve their language skills. Users can chat about unlimited amount of topics with the app and use other modes to practice their language learning.\",\"email\":\"support@talkpal.ai\",\"legalName\":\"Talkpal, Inc.\",\"foundingDate\":\"2023-04-03\",\"duns\":\"118989042\",\"numberOfEmployees\":{\"@type\":\"QuantitativeValue\",\"minValue\":\"11\",\"maxValue\":\"50\"},\"publishingPrinciples\":\"https:\/\/talkpal.ai\/publishing-principles\/\",\"actionableFeedbackPolicy\":\"https:\/\/talkpal.ai\/actionable-feedback-policy\/\",\"correctionsPolicy\":\"https:\/\/talkpal.ai\/corrections-policy\/\",\"ethicsPolicy\":\"https:\/\/talkpal.ai\/ethics-policy\/\",\"diversityPolicy\":\"https:\/\/talkpal.ai\/diversity-policy\/\",\"diversityStaffingReport\":\"https:\/\/talkpal.ai\/diversity-policy\/\"}]}<\/script>\n<!-- \/ Yoast SEO Premium plugin. -->","yoast_head_json":{"title":"Gram\u00e1tica malaia - Talkpal","description":"Explora a gram\u00e1tica malaia e aprende como a s\u00faa sinxeleza pode mellorar a t\u00faa comprensi\u00f3n da lingua malaia.","robots":{"index":"index","follow":"follow","max-snippet":"max-snippet:-1","max-image-preview":"max-image-preview:large","max-video-preview":"max-video-preview:-1"},"canonical":"https:\/\/talkpal.ai\/gl\/gramatica-malaia\/","og_locale":"gl_ES","og_type":"article","og_title":"Gram\u00e1tica malaia","og_description":"Gram\u00e1tica malaia: explorando a riqueza de Bahasa Melayu A lingua malaia, ou Bahasa Melayu, sit\u00faase entre as linguas m\u00e1is faladas do mundo, unindo os","og_url":"https:\/\/talkpal.ai\/gl\/gramatica-malaia\/","og_site_name":"Talkpal","article_publisher":"https:\/\/www.facebook.com\/profile.php?id=100090733639311","article_modified_time":"2025-12-17T16:41:34+00:00","og_image":[{"width":512,"height":512,"url":"https:\/\/talkpal.ai\/wp-content\/uploads\/2023\/05\/malaysia.png","type":"image\/png"}],"twitter_card":"summary_large_image","twitter_site":"@talkpalai","twitter_misc":{"Tempo de lectura":"3 minutos"},"schema":{"@context":"https:\/\/schema.org","@graph":[{"@type":"WebPage","@id":"https:\/\/talkpal.ai\/gl\/gramatica-malaia\/","url":"https:\/\/talkpal.ai\/gl\/gramatica-malaia\/","name":"Gram\u00e1tica malaia - Talkpal","isPartOf":{"@id":"https:\/\/talkpal.ai\/gl\/#website"},"primaryImageOfPage":{"@id":"https:\/\/talkpal.ai\/gl\/gramatica-malaia\/#primaryimage"},"image":{"@id":"https:\/\/talkpal.ai\/gl\/gramatica-malaia\/#primaryimage"},"thumbnailUrl":"https:\/\/talkpal.ai\/wp-content\/uploads\/2023\/05\/malaysia.png","datePublished":"2023-05-14T14:11:47+00:00","dateModified":"2025-12-17T16:41:34+00:00","description":"Explora a gram\u00e1tica malaia e aprende como a s\u00faa sinxeleza pode mellorar a t\u00faa comprensi\u00f3n da lingua malaia.","breadcrumb":{"@id":"https:\/\/talkpal.ai\/gl\/gramatica-malaia\/#breadcrumb"},"inLanguage":"gl-ES","potentialAction":[{"@type":"ReadAction","target":["https:\/\/talkpal.ai\/gl\/gramatica-malaia\/"]}]},{"@type":"ImageObject","inLanguage":"gl-ES","@id":"https:\/\/talkpal.ai\/gl\/gramatica-malaia\/#primaryimage","url":"https:\/\/talkpal.ai\/wp-content\/uploads\/2023\/05\/malaysia.png","contentUrl":"https:\/\/talkpal.ai\/wp-content\/uploads\/2023\/05\/malaysia.png","width":512,"height":512},{"@type":"BreadcrumbList","@id":"https:\/\/talkpal.ai\/gl\/gramatica-malaia\/#breadcrumb","itemListElement":[{"@type":"ListItem","position":1,"name":"Homepage","item":"https:\/\/talkpal.ai\/gl\/"},{"@type":"ListItem","position":2,"name":"Gram\u00e1tica malaia"}]},{"@type":"WebSite","@id":"https:\/\/talkpal.ai\/gl\/#website","url":"https:\/\/talkpal.ai\/gl\/","name":"Talkpal","description":"AI Language Learning","publisher":{"@id":"https:\/\/talkpal.ai\/gl\/#organization"},"alternateName":"Talkpal AI","potentialAction":[{"@type":"SearchAction","target":{"@type":"EntryPoint","urlTemplate":"https:\/\/talkpal.ai\/gl\/?s={search_term_string}"},"query-input":{"@type":"PropertyValueSpecification","valueRequired":true,"valueName":"search_term_string"}}],"inLanguage":"gl-ES"},{"@type":"Organization","@id":"https:\/\/talkpal.ai\/gl\/#organization","name":"Talkpal, Inc.","alternateName":"Talkpal AI","url":"https:\/\/talkpal.ai\/gl\/","logo":{"@type":"ImageObject","inLanguage":"gl-ES","@id":"https:\/\/talkpal.ai\/gl\/#\/schema\/logo\/image\/","url":"https:\/\/talkpal.ai\/wp-content\/uploads\/2024\/03\/Talkpal-Logo-Icon.png","contentUrl":"https:\/\/talkpal.ai\/wp-content\/uploads\/2024\/03\/Talkpal-Logo-Icon.png","width":2880,"height":2880,"caption":"Talkpal, Inc."},"image":{"@id":"https:\/\/talkpal.ai\/gl\/#\/schema\/logo\/image\/"},"sameAs":["https:\/\/www.facebook.com\/profile.php?id=100090733639311","https:\/\/x.com\/talkpalai","https:\/\/www.linkedin.com\/company\/talkpal\/","https:\/\/www.youtube.com\/@TalkPal\/","https:\/\/www.tiktok.com\/@talkpal","https:\/\/www.instagram.com\/talkpal_ai\/","https:\/\/www.crunchbase.com\/organization\/talkpal-9cde","https:\/\/www.g2.com\/products\/talkpal-for-business\/","https:\/\/www.trustpilot.com\/review\/talkpal.ai","https:\/\/www.capterra.com\/p\/10006800\/TalkPal\/"],"description":"Talkpal is a language learning web and mobile education app, powered by the latest AI technologies, that provides engaging experiences to its customers in many different languages to help them improve their language skills. Users can chat about unlimited amount of topics with the app and use other modes to practice their language learning.","email":"support@talkpal.ai","legalName":"Talkpal, Inc.","foundingDate":"2023-04-03","duns":"118989042","numberOfEmployees":{"@type":"QuantitativeValue","minValue":"11","maxValue":"50"},"publishingPrinciples":"https:\/\/talkpal.ai\/publishing-principles\/","actionableFeedbackPolicy":"https:\/\/talkpal.ai\/actionable-feedback-policy\/","correctionsPolicy":"https:\/\/talkpal.ai\/corrections-policy\/","ethicsPolicy":"https:\/\/talkpal.ai\/ethics-policy\/","diversityPolicy":"https:\/\/talkpal.ai\/diversity-policy\/","diversityStaffingReport":"https:\/\/talkpal.ai\/diversity-policy\/"}]}},"_links":{"self":[{"href":"https:\/\/talkpal.ai\/gl\/wp-json\/wp\/v2\/pages\/147261","targetHints":{"allow":["GET"]}}],"collection":[{"href":"https:\/\/talkpal.ai\/gl\/wp-json\/wp\/v2\/pages"}],"about":[{"href":"https:\/\/talkpal.ai\/gl\/wp-json\/wp\/v2\/types\/page"}],"author":[{"embeddable":true,"href":"https:\/\/talkpal.ai\/gl\/wp-json\/wp\/v2\/users\/1"}],"replies":[{"embeddable":true,"href":"https:\/\/talkpal.ai\/gl\/wp-json\/wp\/v2\/comments?post=147261"}],"version-history":[{"count":0,"href":"https:\/\/talkpal.ai\/gl\/wp-json\/wp\/v2\/pages\/147261\/revisions"}],"wp:featuredmedia":[{"embeddable":true,"href":"https:\/\/talkpal.ai\/gl\/wp-json\/wp\/v2\/media\/115725"}],"wp:attachment":[{"href":"https:\/\/talkpal.ai\/gl\/wp-json\/wp\/v2\/media?parent=147261"}],"curies":[{"name":"wp","href":"https:\/\/api.w.org\/{rel}","templated":true}]}}