{"id":146881,"date":"2023-05-14T14:11:28","date_gmt":"2023-05-14T14:11:28","guid":{"rendered":"http:\/\/talkpal.ai\/gramatica-macedonia\/"},"modified":"2025-12-17T16:39:27","modified_gmt":"2025-12-17T16:39:27","slug":"gramatica-macedonia","status":"publish","type":"page","link":"https:\/\/talkpal.ai\/gl\/gramatica-macedonia\/","title":{"rendered":"Gram\u00e1tica macedonia"},"content":{"rendered":"\r\n\r\n\r\n<section class=\"languageChallengeSection\">\r\n    <div class=\"languageInfoWrapper\">\r\n        \r\n        <h1>Gram\u00e1tica macedonia<\/h1>\r\n        <p>Merg\u00fallate no fascinante mundo da <a href=\"https:\/\/talkpal.ai\/macedonian-grammar\/\">gram\u00e1tica macedonia<\/a> e descubre a estrutura que se agocha tras esta lingua eslava meridional \u00fanica. Aprender os conceptos b\u00e1sicos da <a href=\"https:\/\/talkpal.ai\/macedonian-grammar\/\">gram\u00e1tica macedonia<\/a> permitirache comunicarte con m\u00e1is confianza e explorar a rica cultura de <a href=\"https:\/\/talkpal.ai\/learn-macedonian\/\">Macedonia<\/a> do Norte. Comeza hoxe mesmo e d\u00e1 o teu primeiro paso para dominar o macedonio!<\/p>\r\n\r\n                            <a class=\"getStartedHidden\" href=\"https:\/\/app.talkpal.ai\/signup?lng=\">Empeza<\/a>\r\n        \r\n    <\/div>\r\n\r\n    <figure>\r\n    <img decoding=\"async\" width=\"768\" height=\"768\" src=\"https:\/\/talkpal.ai\/wp-content\/uploads\/2023\/06\/macedonian-768x768.png\" class=\"languageImage no-lazy\" alt=\"Language learning through conversational practice\" fetchpriority=\"high\" sizes=\"(max-width: 768px) 150px, 768px\" srcset=\"https:\/\/talkpal.ai\/wp-content\/uploads\/2023\/06\/macedonian-768x768.png 768w, https:\/\/talkpal.ai\/wp-content\/uploads\/2023\/06\/macedonian-300x300.png 300w\" \/>\r\n    \r\n\r\n    <\/figure>\r\n\r\n            <a class=\"getStartedVisible\" href=\"https:\/\/app.talkpal.ai\/signup?lng=\">Empeza<\/a>\r\n    \r\n<\/section>\r\n<section class=\"promotionalBanner\">\r\n    <p class=\"promotionalText\">A forma m\u00e1is eficaz de aprender un idioma<\/p>\r\n    <a class=\"promotionalLink\" href=\"https:\/\/app.talkpal.ai\/signup?lng=\">Proba Talkpal de balde<\/a>\r\n<\/section>\n<div class=\"wp-block-group pageContainerStyle\"><div class=\"wp-block-group__inner-container is-layout-constrained wp-block-group-is-layout-constrained\">\n<h2 class=\"wp-block-heading\" id=\"h-unraveling-the-mysteries-of-macedonian-grammar\">Desvelando os misterios da gram\u00e1tica macedonia<\/h2>\n\n\n\n<p>Gram\u00e1tica macedonia: intrincada pero accesible, fascinante pero graciosa, complexa e intrigante. Cando comeza a s\u00faa viaxe ao mundo da lingua macedonia, pode sentir unha mestura de emoci\u00f3n e intimidaci\u00f3n \u00e1 hora de descifrar os seus enigmas gramaticais. Non temas, fervoroso entusiasta da lingua! Estamos aqu\u00ed para apoiarte nesta aventura ling\u00fc\u00edstica!<\/p>\n\n\n\n<p>Neste artigo atractivo, arroxaremos luz sobre aspectos esenciais da gram\u00e1tica macedonia, proporcionando co\u00f1ecementos, explicaci\u00f3ns e exemplos pr\u00e1cticos. Revelaremos que esta fascinante lingua balc\u00e1nica \u00e9 m\u00e1is accesible do que pensas! As\u00ed que abr\u00f3chate o cintur\u00f3n e perm\u00edtenos simplificar e desmitificar a gram\u00e1tica macedonia.<\/p>\n\n\n\n<h3 class=\"wp-block-heading\" id=\"h-1-delightful-declensions-noun-cases-made-easy\">1. Declinaci\u00f3ns deliciosas: os casos de nomes son f\u00e1ciles<\/h3>\n\n\n\n<p><a href=\"https:\/\/talkpal.ai\/locations\/language-courses-in-como\/\">Como<\/a> outras linguas eslavas, o macedonio presenta un complexo sistema de casos nominais, que consta de tres casos: nominativo, acusativo e dativo. A\u00ednda que \u00e9 menos desalentador que as linguas con m\u00e1is casos, dominar estes matices \u00e9 esencial para lograr a fluidez. Estes casos asignan diferentes papeis aos substantivos, pronomes e adxectivos nunha oraci\u00f3n. Aqu\u00ed <a href=\"https:\/\/talkpal.ai\/talkpal-discount-for-test-takers-e-g-toefl-ielts\/\">tes<\/a> unha breve visi\u00f3n xeral:<\/p>\n\n\n\n<p><strong>\u2013 Nominativo: o suxeito da oraci\u00f3n<\/strong><\/p>\n\n\n\n<p><strong>\u2013 Acusativo: o obxecto directo ou o obxectivo dunha acci\u00f3n<\/strong><\/p>\n\n\n\n<p><strong>\u2013 Dativo: o obxecto indirecto, ou que indica a direcci\u00f3n dunha acci\u00f3n<\/strong><\/p>\n\n\n\n<p>Para entender estes casos, a clave \u00e9 a pr\u00e1ctica. Co tempo e a exposici\u00f3n \u00e1 lingua, estas distinci\u00f3ns converteranse nunha segunda natureza.<\/p>\n\n\n\n<h3 class=\"wp-block-heading\" id=\"h-2-amiable-adjectives-agreement-is-everything\">2. Adxectivos amables: o acordo \u00e9 todo<\/h3>\n\n\n\n<p>Os adxectivos na gram\u00e1tica macedonia son conformistas agradables. Concordan co x\u00e9nero, n\u00famero e caso dos substantivos que describen. Isto significa que ter\u00e1s que axustar a forma de cada adxectivo para ali\u00f1arse coas caracter\u00edsticas do substantivo.<\/p>\n\n\n\n<p>Para facer este proceso m\u00e1is suave, c\u00e9ntrase na <a href=\"https:\/\/talkpal.ai\/gl\/aprendizaxe\/\">aprendizaxe<\/a> das formas adxectivas b\u00e1sicas: masculino, feminino e neutro. Coa pr\u00e1ctica regular, o proceso de acordo adxectivo pronto se far\u00e1 intuitivo.<\/p>\n\n\n\n<h3 class=\"wp-block-heading\" id=\"h-3-vigorous-verbs-conjugation-and-aspect-mastery\">3. Verbos vigorosos: conxugaci\u00f3n e dominio de aspectos<\/h3>\n\n\n\n<p>Como ocorre con outras linguas eslavas, os verbos macedonios experimentan variaci\u00f3ns substanciais. A conxugaci\u00f3n depende do tempo, o estado de \u00e1nimo, a persoa, o n\u00famero e, o m\u00e1is importante, o aspecto.<\/p>\n\n\n\n<p>Os verbos macedonios te\u00f1en dous aspectos: perfectivo e imperfectivo. Os verbos perfectos expresan unha acci\u00f3n completa, mentres que os imperfectivos transmiten unha acci\u00f3n continua ou repetitiva. Comprender este concepto \u00e9 fundamental para perfeccionar a t\u00faa experiencia gramatical.<\/p>\n\n\n\n<h3 class=\"wp-block-heading\" id=\"h-4-pitch-perfect-particles-mastering-stress-and-intonation\">4. Part\u00edculas de ton perfecto: dominar o estr\u00e9s e a entoaci\u00f3n<\/h3>\n\n\n\n<p>Un desaf\u00edo exclusivo de macedonio para os <a href=\"https:\/\/talkpal.ai\/talkpal-discount-for-students\/\">estudantes<\/a> de idiomas \u00e9 dominar o sistema distintivo de acento ton que asigna acentuaci\u00f3n e entoaci\u00f3n \u00e1s s\u00edlabas. Este sistema pode afectar directamente o significado e a comprensi\u00f3n.<\/p>\n\n\n\n<p>Para obter precisi\u00f3n na pronuncia e claridade na comunicaci\u00f3n, presta <a href=\"https:\/\/talkpal.ai\/locations\/language-courses-in-moita\/\">moita<\/a> atenci\u00f3n aos patr\u00f3ns de entoaci\u00f3n na fala dos falantes nativos de Macedonia. Como principiante, podes loitar, pero recorda que a pr\u00e1ctica xera confianza e dominio.<\/p>\n\n\n\n<h3 class=\"wp-block-heading\" id=\"h-5-embrace-the-intricacies-persevere-and-prosper\">5. Abrace as complexidades: perseverar e prosperar<\/h3>\n\n\n\n<p>A gram\u00e1tica macedonia, a primeira vista, pode parecer complexa, pero ten en conta que a paciencia, a pr\u00e1ctica e a perseveranza son os segredos do \u00e9xito. Comprometerse coa lingua a trav\u00e9s da lectura, a escritura, a escoita e a expresi\u00f3n oral. Acepta os retos e premia-te coa satisfacci\u00f3n do progreso.<\/p>\n\n\n\n<p>Ent\u00f3n, est\u00e1s preparado para mergullarte no fascinante reino da gram\u00e1tica macedonia? Acepta as s\u00faas peculiaridades e complexidades, saborea as sutilezas e lembra que con dedicaci\u00f3n e entusiasmo podes desbloquear a verdadeira beleza da lingua macedonia. \u0421\u043e \u0441\u0440\u0435\u045c\u0430! (Boa sorte!)<\/p>\n<\/div><\/div>\n\r\n<section class=\"learnNavigationSection\">\r\n            \r\n        <a href=\"https:\/\/talkpal.ai\/gl\/aprende-macedonio\/\">\r\n            <div class=\"learnNavigationWrapper\">\r\n                <div class=\"learnNavigationContent\">\r\n                    <img decoding=\"async\" src=\"https:\/\/talkpal.ai\/wp-content\/uploads\/2024\/08\/Macedonian.jpg\" alt=\"Macedonian Flag\">\r\n                    <div>\r\n                        <h4>Sobre a aprendizaxe do macedonio<\/h4>\r\n                        <p>Descubre todo sobre a gram\u00e1tica macedonia.<\/p>\r\n                    <\/div>\r\n                <\/div>\r\n            <\/div>\r\n        <\/a>\r\n\r\n        \r\n        <a href=\"https:\/\/talkpal.ai\/gl\/exercicios-de-gramatica-macedonio\/\">\r\n            <div class=\"learnNavigationWrapper\">\r\n                <div class=\"learnNavigationContent\">\r\n                    <img decoding=\"async\" src=\"https:\/\/talkpal.ai\/wp-content\/uploads\/2024\/08\/Macedonian.jpg\" alt=\"Macedonian Flag\">\r\n                    <div>\r\n                        <h4>Exercicio de gram\u00e1tica macedonio<\/h4>\r\n                        <p>Practica gram\u00e1tica macedonia.<\/p>\r\n                    <\/div>\r\n                <\/div>\r\n            <\/div>\r\n        <\/a>\r\n\r\n        \r\n        <a href=\"https:\/\/talkpal.ai\/vocabulary_language\/macedonian\/\">\r\n            <div class=\"learnNavigationWrapper\">\r\n                <div class=\"learnNavigationContent\">\r\n                    <img decoding=\"async\" src=\"https:\/\/talkpal.ai\/wp-content\/uploads\/2024\/08\/Macedonian.jpg\" alt=\"Macedonian Flag\">\r\n                    <div>\r\n                        <h4>Vocabulario macedonio<\/h4>\r\n                        <p>Ampl\u00eda o teu vocabulario macedonio.<\/p>\r\n                    <\/div>\r\n                <\/div>\r\n            <\/div>\r\n        <\/a>\r\n\r\n            <\/section>","protected":false},"excerpt":{"rendered":"<p>Desvelando os misterios da gram\u00e1tica macedonia Gram\u00e1tica macedonia: intrincada pero accesible, fascinante pero graciosa, complexa e intrigante. Cando comeza a s\u00faa viaxe ao mundo da lingua macedonia, pode sentir unha mestura de emoci\u00f3n e intimidaci\u00f3n \u00e1 hora de descifrar os seus enigmas gramaticais. Non temas, fervoroso entusiasta da lingua! Estamos aqu\u00ed para apoiarte nesta aventura [&hellip;]<\/p>\n","protected":false},"author":1,"featured_media":115557,"parent":0,"menu_order":0,"comment_status":"closed","ping_status":"closed","template":"LearningContentPage.php","meta":{"_acf_changed":false,"footnotes":""},"class_list":["post-146881","page","type-page","status-publish","has-post-thumbnail","hentry"],"acf":[],"yoast_head":"<!-- This site is optimized with the Yoast SEO Premium plugin v27.2 (Yoast SEO v27.2) - https:\/\/yoast.com\/product\/yoast-seo-premium-wordpress\/ -->\n<title>Gram\u00e1tica macedonia - Talkpal<\/title>\n<meta name=\"description\" content=\"Domina a gram\u00e1tica macedonia sen esforzo con Talkpal , o teu titor de idiomas con IA. Mellora as t\u00faas habilidades gramaticais en macedonio!\" \/>\n<meta name=\"robots\" content=\"index, follow, max-snippet:-1, max-image-preview:large, max-video-preview:-1\" \/>\n<link rel=\"canonical\" href=\"https:\/\/talkpal.ai\/gl\/gramatica-macedonia\/\" \/>\n<meta property=\"og:locale\" content=\"gl_ES\" \/>\n<meta property=\"og:type\" content=\"article\" \/>\n<meta property=\"og:title\" content=\"Gram\u00e1tica macedonia\" \/>\n<meta property=\"og:description\" content=\"Desvelando os misterios da gram\u00e1tica macedonia Gram\u00e1tica macedonia: intrincada pero accesible, fascinante pero graciosa, complexa e intrigante. Cando\" \/>\n<meta property=\"og:url\" content=\"https:\/\/talkpal.ai\/gl\/gramatica-macedonia\/\" \/>\n<meta property=\"og:site_name\" content=\"Talkpal\" \/>\n<meta property=\"article:publisher\" content=\"https:\/\/www.facebook.com\/profile.php?id=100090733639311\" \/>\n<meta property=\"article:modified_time\" content=\"2025-12-17T16:39:27+00:00\" \/>\n<meta property=\"og:image\" content=\"https:\/\/talkpal.ai\/wp-content\/uploads\/2023\/05\/republic-of-macedonia.png\" \/>\n\t<meta property=\"og:image:width\" content=\"512\" \/>\n\t<meta property=\"og:image:height\" content=\"512\" \/>\n\t<meta property=\"og:image:type\" content=\"image\/png\" \/>\n<meta name=\"twitter:card\" content=\"summary_large_image\" \/>\n<meta name=\"twitter:site\" content=\"@talkpalai\" \/>\n<meta name=\"twitter:label1\" content=\"Tempo de lectura\" \/>\n\t<meta name=\"twitter:data1\" content=\"3 minutos\" \/>\n<script type=\"application\/ld+json\" class=\"yoast-schema-graph\">{\"@context\":\"https:\/\/schema.org\",\"@graph\":[{\"@type\":\"WebPage\",\"@id\":\"https:\/\/talkpal.ai\/gl\/gramatica-macedonia\/\",\"url\":\"https:\/\/talkpal.ai\/gl\/gramatica-macedonia\/\",\"name\":\"Gram\u00e1tica macedonia - Talkpal\",\"isPartOf\":{\"@id\":\"https:\/\/talkpal.ai\/gl\/#website\"},\"primaryImageOfPage\":{\"@id\":\"https:\/\/talkpal.ai\/gl\/gramatica-macedonia\/#primaryimage\"},\"image\":{\"@id\":\"https:\/\/talkpal.ai\/gl\/gramatica-macedonia\/#primaryimage\"},\"thumbnailUrl\":\"https:\/\/talkpal.ai\/wp-content\/uploads\/2023\/05\/republic-of-macedonia.png\",\"datePublished\":\"2023-05-14T14:11:28+00:00\",\"dateModified\":\"2025-12-17T16:39:27+00:00\",\"description\":\"Domina a gram\u00e1tica macedonia sen esforzo con Talkpal , o teu titor de idiomas con IA. Mellora as t\u00faas habilidades gramaticais en macedonio!\",\"breadcrumb\":{\"@id\":\"https:\/\/talkpal.ai\/gl\/gramatica-macedonia\/#breadcrumb\"},\"inLanguage\":\"gl-ES\",\"potentialAction\":[{\"@type\":\"ReadAction\",\"target\":[\"https:\/\/talkpal.ai\/gl\/gramatica-macedonia\/\"]}]},{\"@type\":\"ImageObject\",\"inLanguage\":\"gl-ES\",\"@id\":\"https:\/\/talkpal.ai\/gl\/gramatica-macedonia\/#primaryimage\",\"url\":\"https:\/\/talkpal.ai\/wp-content\/uploads\/2023\/05\/republic-of-macedonia.png\",\"contentUrl\":\"https:\/\/talkpal.ai\/wp-content\/uploads\/2023\/05\/republic-of-macedonia.png\",\"width\":512,\"height\":512},{\"@type\":\"BreadcrumbList\",\"@id\":\"https:\/\/talkpal.ai\/gl\/gramatica-macedonia\/#breadcrumb\",\"itemListElement\":[{\"@type\":\"ListItem\",\"position\":1,\"name\":\"Homepage\",\"item\":\"https:\/\/talkpal.ai\/gl\/\"},{\"@type\":\"ListItem\",\"position\":2,\"name\":\"Gram\u00e1tica macedonia\"}]},{\"@type\":\"WebSite\",\"@id\":\"https:\/\/talkpal.ai\/gl\/#website\",\"url\":\"https:\/\/talkpal.ai\/gl\/\",\"name\":\"Talkpal\",\"description\":\"AI Language Learning\",\"publisher\":{\"@id\":\"https:\/\/talkpal.ai\/gl\/#organization\"},\"alternateName\":\"Talkpal AI\",\"potentialAction\":[{\"@type\":\"SearchAction\",\"target\":{\"@type\":\"EntryPoint\",\"urlTemplate\":\"https:\/\/talkpal.ai\/gl\/?s={search_term_string}\"},\"query-input\":{\"@type\":\"PropertyValueSpecification\",\"valueRequired\":true,\"valueName\":\"search_term_string\"}}],\"inLanguage\":\"gl-ES\"},{\"@type\":\"Organization\",\"@id\":\"https:\/\/talkpal.ai\/gl\/#organization\",\"name\":\"Talkpal, Inc.\",\"alternateName\":\"Talkpal AI\",\"url\":\"https:\/\/talkpal.ai\/gl\/\",\"logo\":{\"@type\":\"ImageObject\",\"inLanguage\":\"gl-ES\",\"@id\":\"https:\/\/talkpal.ai\/gl\/#\/schema\/logo\/image\/\",\"url\":\"https:\/\/talkpal.ai\/wp-content\/uploads\/2024\/03\/Talkpal-Logo-Icon.png\",\"contentUrl\":\"https:\/\/talkpal.ai\/wp-content\/uploads\/2024\/03\/Talkpal-Logo-Icon.png\",\"width\":2880,\"height\":2880,\"caption\":\"Talkpal, Inc.\"},\"image\":{\"@id\":\"https:\/\/talkpal.ai\/gl\/#\/schema\/logo\/image\/\"},\"sameAs\":[\"https:\/\/www.facebook.com\/profile.php?id=100090733639311\",\"https:\/\/x.com\/talkpalai\",\"https:\/\/www.linkedin.com\/company\/talkpal\/\",\"https:\/\/www.youtube.com\/@TalkPal\/\",\"https:\/\/www.tiktok.com\/@talkpal\",\"https:\/\/www.instagram.com\/talkpal_ai\/\",\"https:\/\/www.crunchbase.com\/organization\/talkpal-9cde\",\"https:\/\/www.g2.com\/products\/talkpal-for-business\/\",\"https:\/\/www.trustpilot.com\/review\/talkpal.ai\",\"https:\/\/www.capterra.com\/p\/10006800\/TalkPal\/\"],\"description\":\"Talkpal is a language learning web and mobile education app, powered by the latest AI technologies, that provides engaging experiences to its customers in many different languages to help them improve their language skills. Users can chat about unlimited amount of topics with the app and use other modes to practice their language learning.\",\"email\":\"support@talkpal.ai\",\"legalName\":\"Talkpal, Inc.\",\"foundingDate\":\"2023-04-03\",\"duns\":\"118989042\",\"numberOfEmployees\":{\"@type\":\"QuantitativeValue\",\"minValue\":\"11\",\"maxValue\":\"50\"},\"publishingPrinciples\":\"https:\/\/talkpal.ai\/publishing-principles\/\",\"actionableFeedbackPolicy\":\"https:\/\/talkpal.ai\/actionable-feedback-policy\/\",\"correctionsPolicy\":\"https:\/\/talkpal.ai\/corrections-policy\/\",\"ethicsPolicy\":\"https:\/\/talkpal.ai\/ethics-policy\/\",\"diversityPolicy\":\"https:\/\/talkpal.ai\/diversity-policy\/\",\"diversityStaffingReport\":\"https:\/\/talkpal.ai\/diversity-policy\/\"}]}<\/script>\n<!-- \/ Yoast SEO Premium plugin. -->","yoast_head_json":{"title":"Gram\u00e1tica macedonia - Talkpal","description":"Domina a gram\u00e1tica macedonia sen esforzo con Talkpal , o teu titor de idiomas con IA. Mellora as t\u00faas habilidades gramaticais en macedonio!","robots":{"index":"index","follow":"follow","max-snippet":"max-snippet:-1","max-image-preview":"max-image-preview:large","max-video-preview":"max-video-preview:-1"},"canonical":"https:\/\/talkpal.ai\/gl\/gramatica-macedonia\/","og_locale":"gl_ES","og_type":"article","og_title":"Gram\u00e1tica macedonia","og_description":"Desvelando os misterios da gram\u00e1tica macedonia Gram\u00e1tica macedonia: intrincada pero accesible, fascinante pero graciosa, complexa e intrigante. Cando","og_url":"https:\/\/talkpal.ai\/gl\/gramatica-macedonia\/","og_site_name":"Talkpal","article_publisher":"https:\/\/www.facebook.com\/profile.php?id=100090733639311","article_modified_time":"2025-12-17T16:39:27+00:00","og_image":[{"width":512,"height":512,"url":"https:\/\/talkpal.ai\/wp-content\/uploads\/2023\/05\/republic-of-macedonia.png","type":"image\/png"}],"twitter_card":"summary_large_image","twitter_site":"@talkpalai","twitter_misc":{"Tempo de lectura":"3 minutos"},"schema":{"@context":"https:\/\/schema.org","@graph":[{"@type":"WebPage","@id":"https:\/\/talkpal.ai\/gl\/gramatica-macedonia\/","url":"https:\/\/talkpal.ai\/gl\/gramatica-macedonia\/","name":"Gram\u00e1tica macedonia - Talkpal","isPartOf":{"@id":"https:\/\/talkpal.ai\/gl\/#website"},"primaryImageOfPage":{"@id":"https:\/\/talkpal.ai\/gl\/gramatica-macedonia\/#primaryimage"},"image":{"@id":"https:\/\/talkpal.ai\/gl\/gramatica-macedonia\/#primaryimage"},"thumbnailUrl":"https:\/\/talkpal.ai\/wp-content\/uploads\/2023\/05\/republic-of-macedonia.png","datePublished":"2023-05-14T14:11:28+00:00","dateModified":"2025-12-17T16:39:27+00:00","description":"Domina a gram\u00e1tica macedonia sen esforzo con Talkpal , o teu titor de idiomas con IA. Mellora as t\u00faas habilidades gramaticais en macedonio!","breadcrumb":{"@id":"https:\/\/talkpal.ai\/gl\/gramatica-macedonia\/#breadcrumb"},"inLanguage":"gl-ES","potentialAction":[{"@type":"ReadAction","target":["https:\/\/talkpal.ai\/gl\/gramatica-macedonia\/"]}]},{"@type":"ImageObject","inLanguage":"gl-ES","@id":"https:\/\/talkpal.ai\/gl\/gramatica-macedonia\/#primaryimage","url":"https:\/\/talkpal.ai\/wp-content\/uploads\/2023\/05\/republic-of-macedonia.png","contentUrl":"https:\/\/talkpal.ai\/wp-content\/uploads\/2023\/05\/republic-of-macedonia.png","width":512,"height":512},{"@type":"BreadcrumbList","@id":"https:\/\/talkpal.ai\/gl\/gramatica-macedonia\/#breadcrumb","itemListElement":[{"@type":"ListItem","position":1,"name":"Homepage","item":"https:\/\/talkpal.ai\/gl\/"},{"@type":"ListItem","position":2,"name":"Gram\u00e1tica macedonia"}]},{"@type":"WebSite","@id":"https:\/\/talkpal.ai\/gl\/#website","url":"https:\/\/talkpal.ai\/gl\/","name":"Talkpal","description":"AI Language Learning","publisher":{"@id":"https:\/\/talkpal.ai\/gl\/#organization"},"alternateName":"Talkpal AI","potentialAction":[{"@type":"SearchAction","target":{"@type":"EntryPoint","urlTemplate":"https:\/\/talkpal.ai\/gl\/?s={search_term_string}"},"query-input":{"@type":"PropertyValueSpecification","valueRequired":true,"valueName":"search_term_string"}}],"inLanguage":"gl-ES"},{"@type":"Organization","@id":"https:\/\/talkpal.ai\/gl\/#organization","name":"Talkpal, Inc.","alternateName":"Talkpal AI","url":"https:\/\/talkpal.ai\/gl\/","logo":{"@type":"ImageObject","inLanguage":"gl-ES","@id":"https:\/\/talkpal.ai\/gl\/#\/schema\/logo\/image\/","url":"https:\/\/talkpal.ai\/wp-content\/uploads\/2024\/03\/Talkpal-Logo-Icon.png","contentUrl":"https:\/\/talkpal.ai\/wp-content\/uploads\/2024\/03\/Talkpal-Logo-Icon.png","width":2880,"height":2880,"caption":"Talkpal, Inc."},"image":{"@id":"https:\/\/talkpal.ai\/gl\/#\/schema\/logo\/image\/"},"sameAs":["https:\/\/www.facebook.com\/profile.php?id=100090733639311","https:\/\/x.com\/talkpalai","https:\/\/www.linkedin.com\/company\/talkpal\/","https:\/\/www.youtube.com\/@TalkPal\/","https:\/\/www.tiktok.com\/@talkpal","https:\/\/www.instagram.com\/talkpal_ai\/","https:\/\/www.crunchbase.com\/organization\/talkpal-9cde","https:\/\/www.g2.com\/products\/talkpal-for-business\/","https:\/\/www.trustpilot.com\/review\/talkpal.ai","https:\/\/www.capterra.com\/p\/10006800\/TalkPal\/"],"description":"Talkpal is a language learning web and mobile education app, powered by the latest AI technologies, that provides engaging experiences to its customers in many different languages to help them improve their language skills. Users can chat about unlimited amount of topics with the app and use other modes to practice their language learning.","email":"support@talkpal.ai","legalName":"Talkpal, Inc.","foundingDate":"2023-04-03","duns":"118989042","numberOfEmployees":{"@type":"QuantitativeValue","minValue":"11","maxValue":"50"},"publishingPrinciples":"https:\/\/talkpal.ai\/publishing-principles\/","actionableFeedbackPolicy":"https:\/\/talkpal.ai\/actionable-feedback-policy\/","correctionsPolicy":"https:\/\/talkpal.ai\/corrections-policy\/","ethicsPolicy":"https:\/\/talkpal.ai\/ethics-policy\/","diversityPolicy":"https:\/\/talkpal.ai\/diversity-policy\/","diversityStaffingReport":"https:\/\/talkpal.ai\/diversity-policy\/"}]}},"_links":{"self":[{"href":"https:\/\/talkpal.ai\/gl\/wp-json\/wp\/v2\/pages\/146881","targetHints":{"allow":["GET"]}}],"collection":[{"href":"https:\/\/talkpal.ai\/gl\/wp-json\/wp\/v2\/pages"}],"about":[{"href":"https:\/\/talkpal.ai\/gl\/wp-json\/wp\/v2\/types\/page"}],"author":[{"embeddable":true,"href":"https:\/\/talkpal.ai\/gl\/wp-json\/wp\/v2\/users\/1"}],"replies":[{"embeddable":true,"href":"https:\/\/talkpal.ai\/gl\/wp-json\/wp\/v2\/comments?post=146881"}],"version-history":[{"count":0,"href":"https:\/\/talkpal.ai\/gl\/wp-json\/wp\/v2\/pages\/146881\/revisions"}],"wp:featuredmedia":[{"embeddable":true,"href":"https:\/\/talkpal.ai\/gl\/wp-json\/wp\/v2\/media\/115557"}],"wp:attachment":[{"href":"https:\/\/talkpal.ai\/gl\/wp-json\/wp\/v2\/media?parent=146881"}],"curies":[{"name":"wp","href":"https:\/\/api.w.org\/{rel}","templated":true}]}}