{"id":146223,"date":"2023-05-14T14:10:42","date_gmt":"2023-05-14T14:10:42","guid":{"rendered":"http:\/\/talkpal.ai\/gramatica-lituana\/"},"modified":"2025-12-12T10:44:11","modified_gmt":"2025-12-12T10:44:11","slug":"gramatica-lituana","status":"publish","type":"page","link":"https:\/\/talkpal.ai\/gl\/gramatica-lituana\/","title":{"rendered":"Gram\u00e1tica lituana"},"content":{"rendered":"\r\n\r\n\r\n<section class=\"languageChallengeSection\">\r\n    <div class=\"languageInfoWrapper\">\r\n        \r\n        <h1>Gram\u00e1tica lituana<\/h1>\r\n        <p>Comeza a t\u00faa viaxe pola <a href=\"https:\/\/talkpal.ai\/es\/gramatica-lituana\/\">gram\u00e1tica lituana<\/a> e descubre unha das linguas m\u00e1is antigas e fascinantes de Europa. Aprende regras e patr\u00f3ns esenciais para constru\u00edr unha base ling\u00fc\u00edstica s\u00f3lida. Merg\u00fallate agora e comeza a dominar o <a href=\"https:\/\/talkpal.ai\/learn-lithuanian\/\">lituano<\/a> hoxe mesmo!<\/p>\r\n\r\n                            <a class=\"getStartedHidden\" href=\"https:\/\/app.talkpal.ai\/signup?lng=\">Empeza<\/a>\r\n        \r\n    <\/div>\r\n\r\n    <figure>\r\n    <img decoding=\"async\" width=\"768\" height=\"768\" src=\"https:\/\/talkpal.ai\/wp-content\/uploads\/2023\/06\/lithuenian-768x768.png\" class=\"languageImage no-lazy\" alt=\"Language learning for boosting creativity\" fetchpriority=\"high\" sizes=\"(max-width: 768px) 150px, 768px\" srcset=\"https:\/\/talkpal.ai\/wp-content\/uploads\/2023\/06\/lithuenian-768x768.png 768w, https:\/\/talkpal.ai\/wp-content\/uploads\/2023\/06\/lithuenian-300x300.png 300w\" \/>\r\n    \r\n\r\n    <\/figure>\r\n\r\n            <a class=\"getStartedVisible\" href=\"https:\/\/app.talkpal.ai\/signup?lng=\">Empeza<\/a>\r\n    \r\n<\/section>\r\n<section class=\"promotionalBanner\">\r\n    <p class=\"promotionalText\">A forma m\u00e1is eficaz de aprender un idioma<\/p>\r\n    <a class=\"promotionalLink\" href=\"https:\/\/app.talkpal.ai\/signup?lng=\">Proba Talkpal de balde<\/a>\r\n<\/section>\n<div class=\"wp-block-group pageContainerStyle\"><div class=\"wp-block-group__inner-container is-layout-constrained wp-block-group-is-layout-constrained\">\n<h2 class=\"wp-block-heading\" id=\"h-lithuanian-grammar-a-fascinating-journey-through-language\">Gram\u00e1tica lituana: unha viaxe fascinante pola lingua<\/h2>\n\n\n\n<p>Algunha vez pensaches en <a href=\"https:\/\/talkpal.ai\/es\/la-mejor-manera-de-aprender-lituano\/\">aprender lituano<\/a> ou simplemente te interesou a s\u00faa gram\u00e1tica \u00fanica? Ben, est\u00e1s para un <a href=\"https:\/\/talkpal.ai\/locations\/language-courses-in-prato\/\">prato<\/a>! A <a href=\"https:\/\/talkpal.ai\/es\/gramatica-lituana\/\">gram\u00e1tica lituana<\/a> pode parecer peculiar ao principio, pero non nos enganemos: mostra unha l\u00f3xica ling\u00fc\u00edstica exquisita. Neste artigo, desvelaremos os distintos aspectos da gram\u00e1tica lituana, o que lle permitir\u00e1 apreciar o seu encanto.<\/p>\n\n\n\n<p>En primeiro lugar, un breve antecedente: o lituano \u00e9 unha lingua b\u00e1ltica que se fala principalmente en Lituania pero que tam\u00e9n se atopa nos pa\u00edses veci\u00f1os. <a href=\"https:\/\/talkpal.ai\/locations\/language-courses-in-como\/\">Como<\/a> unha das linguas indoeuropeas vivas m\u00e1is antigas, conserva trazos arcaicos, que permiten co\u00f1ecer o desenvolvemento doutras linguas dentro da familia ling\u00fc\u00edstica. Esta importancia hist\u00f3rica fai que o lituano sexa especialmente atractivo para os amantes da lingua.<\/p>\n\n\n\n<p>Imos agora afondar nalg\u00fans aspectos clave da gram\u00e1tica lituana.<\/p>\n\n\n\n<h3 class=\"wp-block-heading\" id=\"h-1-nouns-cases-and-declensions\">1. Substantivos, casos e declinaci\u00f3ns<\/h3>\n\n\n\n<p>Unha das caracter\u00edsticas m\u00e1is destacadas da gram\u00e1tica lituana \u00e9 o seu complexo sistema de casos. Os substantivos adoptan diferentes formas segundo a s\u00faa funci\u00f3n nunha oraci\u00f3n e se reflicten o suxeito, o obxecto ou o destinatario dunha acci\u00f3n. O lituano ten sete casos: nominativo, xenitivo, dativo, acusativo, instrumental, locativo e vocativo.<\/p>\n\n\n\n<p>Tome <a href=\"https:\/\/talkpal.ai\/locations\/language-courses-in-como\/\">como<\/a> exemplo o substantivo &#8220;vaikas&#8221; (neno). P\u00f3dese transformar en &#8220;vaiko&#8221;, &#8220;vaikui&#8221;, &#8220;vaik\u0105&#8221; e as\u00ed por diante segundo o papel que desempe\u00f1a nunha frase. Ademais, as terminaci\u00f3ns est\u00e1n influenciadas polo x\u00e9nero do substantivo (masculino ou feminino) e div\u00eddense en declinaci\u00f3ns, o que fai que a lingua sexa a\u00ednda m\u00e1is vers\u00e1til.<\/p>\n\n\n\n<h3 class=\"wp-block-heading\" id=\"h-2-verb-conjugation-and-tenses\">2. Conxugaci\u00f3n verbal e tempos<\/h3>\n\n\n\n<p>Os verbos lituanos cambian as s\u00faas terminaci\u00f3ns dependendo da persoa e do n\u00famero (singular ou plural) do suxeito. Por exemplo, o verbo \u201ceiti\u201d (ir) pode converterse en \u201ceinu\u201d (eu vou), \u201ceinate\u201d (ti -plural- vas), \u201ceina\u201d (<a href=\"https:\/\/talkpal.ai\/locations\/language-courses-in-van\/\">van<\/a>), entre outras formas.<\/p>\n\n\n\n<p>O lituano ten catro tempos principais: <a href=\"https:\/\/talkpal.ai\/zh-hans\/grammar_exercises\/presente-%e8%a5%bf%e7%8f%ad%e7%89%99%e8%af%ad%e6%b3%95%e7%bb%83%e4%b9%a0\/\">presente<\/a>, pasado, pasado iterativo e futuro. Curiosamente, a linguaxe tam\u00e9n presenta marcadores de aspecto: perfectivo e imperfectivo. Estes marcadores proporcionan informaci\u00f3n adicional sobre se unha acci\u00f3n est\u00e1 completada ou en curso. Por exemplo, &#8220;ne\u0161ti&#8221; (levar &#8211; imperfecto) fronte a &#8220;nat&#8221; (ter levado &#8211; perfecto).<\/p>\n\n\n\n<h3 class=\"wp-block-heading\" id=\"h-3-sentence-structure-and-word-order\">3. Estrutura da oraci\u00f3n e orde das palabras<\/h3>\n\n\n\n<p>A\u00ednda que o lituano xeralmente segue a orde de palabras SVO (suxeito-verbo-obxecto), o seu sistema de mai\u00fasculas permite unha flexibilidade considerable. A diferenza do ingl\u00e9s, onde a orde das palabras adoita definir o significado dunha frase, mover as palabras en lituano non cambia o significado. Por exemplo, &#8220;kat\u0117 valgo \u017euv\u012f&#8221; (o gato come o peixe) tam\u00e9n pode ser &#8220;\u017euv\u012f valgo kat\u0117&#8221; sen perder nin alterar o seu significado.<\/p>\n\n\n\n<p>Esta flexibilidade perm\u00edtelle xogar coa estrutura da frase, enfatizar certos elementos ou xerar matices a medida que vaia adquirindo co\u00f1ecementos na lingua.<\/p>\n\n\n\n<h3 class=\"wp-block-heading\" id=\"h-4-adjectives-adverbs-and-agreement-rules\">4. Adxectivos, adverbios e regras de acordo<\/h3>\n\n\n\n<p>Como moitas linguas, os adxectivos e adverbios en lituano describen substantivos e verbos, pero tam\u00e9n seguen regras espec\u00edficas de acordo. En particular, os adxectivos deben concordar co substantivo que modifican por caso, x\u00e9nero e n\u00famero. Unha vez que comprendas os casos nominais e as conxugaci\u00f3ns verbais, estas regras vir\u00e1n de xeito m\u00e1is natural.<\/p>\n\n\n\n<p>Ent\u00f3n, est\u00e1s preparado para mergullarte na gram\u00e1tica lituana? Con persistencia, dedicaci\u00f3n e recursos axeitados, aprender lituano, rico en historia e patrimonio cultural, \u00e9 unha experiencia inmensamente gratificante. Aborda o idioma paso a paso, practica de forma coherente e mant\u00e9\u00f1ase aberto a aprender dos teus erros. S\u0117km\u0117s! (Boa sorte!)<\/p>\n<\/div><\/div>\n\r\n<section class=\"learnNavigationSection\">\r\n            \r\n        <a href=\"https:\/\/talkpal.ai\/gl\/aprende-lituano\/\">\r\n            <div class=\"learnNavigationWrapper\">\r\n                <div class=\"learnNavigationContent\">\r\n                    <img decoding=\"async\" src=\"https:\/\/talkpal.ai\/wp-content\/uploads\/2024\/08\/Lithuanian.jpg\" alt=\"Lithuanian Flag\">\r\n                    <div>\r\n                        <h4>Sobre a aprendizaxe de lituano<\/h4>\r\n                        <p>Descubre todo sobre a gram\u00e1tica lituana.<\/p>\r\n                    <\/div>\r\n                <\/div>\r\n            <\/div>\r\n        <\/a>\r\n\r\n        \r\n        <a href=\"https:\/\/talkpal.ai\/gl\/exercicios-de-gramatica-lituana\/\">\r\n            <div class=\"learnNavigationWrapper\">\r\n                <div class=\"learnNavigationContent\">\r\n                    <img decoding=\"async\" src=\"https:\/\/talkpal.ai\/wp-content\/uploads\/2024\/08\/Lithuanian.jpg\" alt=\"Lithuanian Flag\">\r\n                    <div>\r\n                        <h4>Exercicio de gram\u00e1tica lituana<\/h4>\r\n                        <p>Practica a gram\u00e1tica lituana.<\/p>\r\n                    <\/div>\r\n                <\/div>\r\n            <\/div>\r\n        <\/a>\r\n\r\n        \r\n        <a href=\"https:\/\/talkpal.ai\/vocabulary_language\/lithuanian\/\">\r\n            <div class=\"learnNavigationWrapper\">\r\n                <div class=\"learnNavigationContent\">\r\n                    <img decoding=\"async\" src=\"https:\/\/talkpal.ai\/wp-content\/uploads\/2024\/08\/Lithuanian.jpg\" alt=\"Lithuanian Flag\">\r\n                    <div>\r\n                        <h4>Vocabulario lituano<\/h4>\r\n                        <p>Ampl\u00eda o teu vocabulario lituano.<\/p>\r\n                    <\/div>\r\n                <\/div>\r\n            <\/div>\r\n        <\/a>\r\n\r\n            <\/section>","protected":false},"excerpt":{"rendered":"<p>Gram\u00e1tica lituana: unha viaxe fascinante pola lingua Algunha vez pensaches en aprender lituano ou simplemente te interesou a s\u00faa gram\u00e1tica \u00fanica? Ben, est\u00e1s para un prato! A gram\u00e1tica lituana pode parecer peculiar ao principio, pero non nos enganemos: mostra unha l\u00f3xica ling\u00fc\u00edstica exquisita. Neste artigo, desvelaremos os distintos aspectos da gram\u00e1tica lituana, o que lle [&hellip;]<\/p>\n","protected":false},"author":1,"featured_media":115158,"parent":0,"menu_order":0,"comment_status":"closed","ping_status":"closed","template":"LearningContentPage.php","meta":{"_acf_changed":false,"footnotes":""},"class_list":["post-146223","page","type-page","status-publish","has-post-thumbnail","hentry"],"acf":[],"yoast_head":"<!-- This site is optimized with the Yoast SEO Premium plugin v27.2 (Yoast SEO v27.2) - https:\/\/yoast.com\/product\/yoast-seo-premium-wordpress\/ -->\n<title>Gram\u00e1tica lituana - Talkpal<\/title>\n<meta name=\"description\" content=\"Descubre como a gram\u00e1tica lituana reflicte a riqueza e a l\u00f3xica hist\u00f3ricas, o que a converte nun estudo perfecto para os amantes das linguas.\" \/>\n<meta name=\"robots\" content=\"index, follow, max-snippet:-1, max-image-preview:large, max-video-preview:-1\" \/>\n<link rel=\"canonical\" href=\"https:\/\/talkpal.ai\/gl\/gramatica-lituana\/\" \/>\n<meta property=\"og:locale\" content=\"gl_ES\" \/>\n<meta property=\"og:type\" content=\"article\" \/>\n<meta property=\"og:title\" content=\"Gram\u00e1tica lituana\" \/>\n<meta property=\"og:description\" content=\"Gram\u00e1tica lituana: unha viaxe fascinante pola lingua Algunha vez pensaches en aprender lituano ou simplemente te interesou a s\u00faa gram\u00e1tica \u00fanica? Ben,\" \/>\n<meta property=\"og:url\" content=\"https:\/\/talkpal.ai\/gl\/gramatica-lituana\/\" \/>\n<meta property=\"og:site_name\" content=\"Talkpal\" \/>\n<meta property=\"article:publisher\" content=\"https:\/\/www.facebook.com\/profile.php?id=100090733639311\" \/>\n<meta property=\"article:modified_time\" content=\"2025-12-12T10:44:11+00:00\" \/>\n<meta property=\"og:image\" content=\"https:\/\/talkpal.ai\/wp-content\/uploads\/2023\/05\/Lithuanian.png\" \/>\n\t<meta property=\"og:image:width\" content=\"512\" \/>\n\t<meta property=\"og:image:height\" content=\"512\" \/>\n\t<meta property=\"og:image:type\" content=\"image\/png\" \/>\n<meta name=\"twitter:card\" content=\"summary_large_image\" \/>\n<meta name=\"twitter:site\" content=\"@talkpalai\" \/>\n<meta name=\"twitter:label1\" content=\"Tempo de lectura\" \/>\n\t<meta name=\"twitter:data1\" content=\"3 minutos\" \/>\n<script type=\"application\/ld+json\" class=\"yoast-schema-graph\">{\"@context\":\"https:\/\/schema.org\",\"@graph\":[{\"@type\":\"WebPage\",\"@id\":\"https:\/\/talkpal.ai\/gl\/gramatica-lituana\/\",\"url\":\"https:\/\/talkpal.ai\/gl\/gramatica-lituana\/\",\"name\":\"Gram\u00e1tica lituana - Talkpal\",\"isPartOf\":{\"@id\":\"https:\/\/talkpal.ai\/gl\/#website\"},\"primaryImageOfPage\":{\"@id\":\"https:\/\/talkpal.ai\/gl\/gramatica-lituana\/#primaryimage\"},\"image\":{\"@id\":\"https:\/\/talkpal.ai\/gl\/gramatica-lituana\/#primaryimage\"},\"thumbnailUrl\":\"https:\/\/talkpal.ai\/wp-content\/uploads\/2023\/05\/Lithuanian.png\",\"datePublished\":\"2023-05-14T14:10:42+00:00\",\"dateModified\":\"2025-12-12T10:44:11+00:00\",\"description\":\"Descubre como a gram\u00e1tica lituana reflicte a riqueza e a l\u00f3xica hist\u00f3ricas, o que a converte nun estudo perfecto para os amantes das linguas.\",\"breadcrumb\":{\"@id\":\"https:\/\/talkpal.ai\/gl\/gramatica-lituana\/#breadcrumb\"},\"inLanguage\":\"gl-ES\",\"potentialAction\":[{\"@type\":\"ReadAction\",\"target\":[\"https:\/\/talkpal.ai\/gl\/gramatica-lituana\/\"]}]},{\"@type\":\"ImageObject\",\"inLanguage\":\"gl-ES\",\"@id\":\"https:\/\/talkpal.ai\/gl\/gramatica-lituana\/#primaryimage\",\"url\":\"https:\/\/talkpal.ai\/wp-content\/uploads\/2023\/05\/Lithuanian.png\",\"contentUrl\":\"https:\/\/talkpal.ai\/wp-content\/uploads\/2023\/05\/Lithuanian.png\",\"width\":512,\"height\":512},{\"@type\":\"BreadcrumbList\",\"@id\":\"https:\/\/talkpal.ai\/gl\/gramatica-lituana\/#breadcrumb\",\"itemListElement\":[{\"@type\":\"ListItem\",\"position\":1,\"name\":\"Homepage\",\"item\":\"https:\/\/talkpal.ai\/gl\/\"},{\"@type\":\"ListItem\",\"position\":2,\"name\":\"Gram\u00e1tica lituana\"}]},{\"@type\":\"WebSite\",\"@id\":\"https:\/\/talkpal.ai\/gl\/#website\",\"url\":\"https:\/\/talkpal.ai\/gl\/\",\"name\":\"Talkpal\",\"description\":\"AI Language Learning\",\"publisher\":{\"@id\":\"https:\/\/talkpal.ai\/gl\/#organization\"},\"alternateName\":\"Talkpal AI\",\"potentialAction\":[{\"@type\":\"SearchAction\",\"target\":{\"@type\":\"EntryPoint\",\"urlTemplate\":\"https:\/\/talkpal.ai\/gl\/?s={search_term_string}\"},\"query-input\":{\"@type\":\"PropertyValueSpecification\",\"valueRequired\":true,\"valueName\":\"search_term_string\"}}],\"inLanguage\":\"gl-ES\"},{\"@type\":\"Organization\",\"@id\":\"https:\/\/talkpal.ai\/gl\/#organization\",\"name\":\"Talkpal, Inc.\",\"alternateName\":\"Talkpal AI\",\"url\":\"https:\/\/talkpal.ai\/gl\/\",\"logo\":{\"@type\":\"ImageObject\",\"inLanguage\":\"gl-ES\",\"@id\":\"https:\/\/talkpal.ai\/gl\/#\/schema\/logo\/image\/\",\"url\":\"https:\/\/talkpal.ai\/wp-content\/uploads\/2024\/03\/Talkpal-Logo-Icon.png\",\"contentUrl\":\"https:\/\/talkpal.ai\/wp-content\/uploads\/2024\/03\/Talkpal-Logo-Icon.png\",\"width\":2880,\"height\":2880,\"caption\":\"Talkpal, Inc.\"},\"image\":{\"@id\":\"https:\/\/talkpal.ai\/gl\/#\/schema\/logo\/image\/\"},\"sameAs\":[\"https:\/\/www.facebook.com\/profile.php?id=100090733639311\",\"https:\/\/x.com\/talkpalai\",\"https:\/\/www.linkedin.com\/company\/talkpal\/\",\"https:\/\/www.youtube.com\/@TalkPal\/\",\"https:\/\/www.tiktok.com\/@talkpal\",\"https:\/\/www.instagram.com\/talkpal_ai\/\",\"https:\/\/www.crunchbase.com\/organization\/talkpal-9cde\",\"https:\/\/www.g2.com\/products\/talkpal-for-business\/\",\"https:\/\/www.trustpilot.com\/review\/talkpal.ai\",\"https:\/\/www.capterra.com\/p\/10006800\/TalkPal\/\"],\"description\":\"Talkpal is a language learning web and mobile education app, powered by the latest AI technologies, that provides engaging experiences to its customers in many different languages to help them improve their language skills. Users can chat about unlimited amount of topics with the app and use other modes to practice their language learning.\",\"email\":\"support@talkpal.ai\",\"legalName\":\"Talkpal, Inc.\",\"foundingDate\":\"2023-04-03\",\"duns\":\"118989042\",\"numberOfEmployees\":{\"@type\":\"QuantitativeValue\",\"minValue\":\"11\",\"maxValue\":\"50\"},\"publishingPrinciples\":\"https:\/\/talkpal.ai\/publishing-principles\/\",\"actionableFeedbackPolicy\":\"https:\/\/talkpal.ai\/actionable-feedback-policy\/\",\"correctionsPolicy\":\"https:\/\/talkpal.ai\/corrections-policy\/\",\"ethicsPolicy\":\"https:\/\/talkpal.ai\/ethics-policy\/\",\"diversityPolicy\":\"https:\/\/talkpal.ai\/diversity-policy\/\",\"diversityStaffingReport\":\"https:\/\/talkpal.ai\/diversity-policy\/\"}]}<\/script>\n<!-- \/ Yoast SEO Premium plugin. -->","yoast_head_json":{"title":"Gram\u00e1tica lituana - Talkpal","description":"Descubre como a gram\u00e1tica lituana reflicte a riqueza e a l\u00f3xica hist\u00f3ricas, o que a converte nun estudo perfecto para os amantes das linguas.","robots":{"index":"index","follow":"follow","max-snippet":"max-snippet:-1","max-image-preview":"max-image-preview:large","max-video-preview":"max-video-preview:-1"},"canonical":"https:\/\/talkpal.ai\/gl\/gramatica-lituana\/","og_locale":"gl_ES","og_type":"article","og_title":"Gram\u00e1tica lituana","og_description":"Gram\u00e1tica lituana: unha viaxe fascinante pola lingua Algunha vez pensaches en aprender lituano ou simplemente te interesou a s\u00faa gram\u00e1tica \u00fanica? Ben,","og_url":"https:\/\/talkpal.ai\/gl\/gramatica-lituana\/","og_site_name":"Talkpal","article_publisher":"https:\/\/www.facebook.com\/profile.php?id=100090733639311","article_modified_time":"2025-12-12T10:44:11+00:00","og_image":[{"width":512,"height":512,"url":"https:\/\/talkpal.ai\/wp-content\/uploads\/2023\/05\/Lithuanian.png","type":"image\/png"}],"twitter_card":"summary_large_image","twitter_site":"@talkpalai","twitter_misc":{"Tempo de lectura":"3 minutos"},"schema":{"@context":"https:\/\/schema.org","@graph":[{"@type":"WebPage","@id":"https:\/\/talkpal.ai\/gl\/gramatica-lituana\/","url":"https:\/\/talkpal.ai\/gl\/gramatica-lituana\/","name":"Gram\u00e1tica lituana - Talkpal","isPartOf":{"@id":"https:\/\/talkpal.ai\/gl\/#website"},"primaryImageOfPage":{"@id":"https:\/\/talkpal.ai\/gl\/gramatica-lituana\/#primaryimage"},"image":{"@id":"https:\/\/talkpal.ai\/gl\/gramatica-lituana\/#primaryimage"},"thumbnailUrl":"https:\/\/talkpal.ai\/wp-content\/uploads\/2023\/05\/Lithuanian.png","datePublished":"2023-05-14T14:10:42+00:00","dateModified":"2025-12-12T10:44:11+00:00","description":"Descubre como a gram\u00e1tica lituana reflicte a riqueza e a l\u00f3xica hist\u00f3ricas, o que a converte nun estudo perfecto para os amantes das linguas.","breadcrumb":{"@id":"https:\/\/talkpal.ai\/gl\/gramatica-lituana\/#breadcrumb"},"inLanguage":"gl-ES","potentialAction":[{"@type":"ReadAction","target":["https:\/\/talkpal.ai\/gl\/gramatica-lituana\/"]}]},{"@type":"ImageObject","inLanguage":"gl-ES","@id":"https:\/\/talkpal.ai\/gl\/gramatica-lituana\/#primaryimage","url":"https:\/\/talkpal.ai\/wp-content\/uploads\/2023\/05\/Lithuanian.png","contentUrl":"https:\/\/talkpal.ai\/wp-content\/uploads\/2023\/05\/Lithuanian.png","width":512,"height":512},{"@type":"BreadcrumbList","@id":"https:\/\/talkpal.ai\/gl\/gramatica-lituana\/#breadcrumb","itemListElement":[{"@type":"ListItem","position":1,"name":"Homepage","item":"https:\/\/talkpal.ai\/gl\/"},{"@type":"ListItem","position":2,"name":"Gram\u00e1tica lituana"}]},{"@type":"WebSite","@id":"https:\/\/talkpal.ai\/gl\/#website","url":"https:\/\/talkpal.ai\/gl\/","name":"Talkpal","description":"AI Language Learning","publisher":{"@id":"https:\/\/talkpal.ai\/gl\/#organization"},"alternateName":"Talkpal AI","potentialAction":[{"@type":"SearchAction","target":{"@type":"EntryPoint","urlTemplate":"https:\/\/talkpal.ai\/gl\/?s={search_term_string}"},"query-input":{"@type":"PropertyValueSpecification","valueRequired":true,"valueName":"search_term_string"}}],"inLanguage":"gl-ES"},{"@type":"Organization","@id":"https:\/\/talkpal.ai\/gl\/#organization","name":"Talkpal, Inc.","alternateName":"Talkpal AI","url":"https:\/\/talkpal.ai\/gl\/","logo":{"@type":"ImageObject","inLanguage":"gl-ES","@id":"https:\/\/talkpal.ai\/gl\/#\/schema\/logo\/image\/","url":"https:\/\/talkpal.ai\/wp-content\/uploads\/2024\/03\/Talkpal-Logo-Icon.png","contentUrl":"https:\/\/talkpal.ai\/wp-content\/uploads\/2024\/03\/Talkpal-Logo-Icon.png","width":2880,"height":2880,"caption":"Talkpal, Inc."},"image":{"@id":"https:\/\/talkpal.ai\/gl\/#\/schema\/logo\/image\/"},"sameAs":["https:\/\/www.facebook.com\/profile.php?id=100090733639311","https:\/\/x.com\/talkpalai","https:\/\/www.linkedin.com\/company\/talkpal\/","https:\/\/www.youtube.com\/@TalkPal\/","https:\/\/www.tiktok.com\/@talkpal","https:\/\/www.instagram.com\/talkpal_ai\/","https:\/\/www.crunchbase.com\/organization\/talkpal-9cde","https:\/\/www.g2.com\/products\/talkpal-for-business\/","https:\/\/www.trustpilot.com\/review\/talkpal.ai","https:\/\/www.capterra.com\/p\/10006800\/TalkPal\/"],"description":"Talkpal is a language learning web and mobile education app, powered by the latest AI technologies, that provides engaging experiences to its customers in many different languages to help them improve their language skills. Users can chat about unlimited amount of topics with the app and use other modes to practice their language learning.","email":"support@talkpal.ai","legalName":"Talkpal, Inc.","foundingDate":"2023-04-03","duns":"118989042","numberOfEmployees":{"@type":"QuantitativeValue","minValue":"11","maxValue":"50"},"publishingPrinciples":"https:\/\/talkpal.ai\/publishing-principles\/","actionableFeedbackPolicy":"https:\/\/talkpal.ai\/actionable-feedback-policy\/","correctionsPolicy":"https:\/\/talkpal.ai\/corrections-policy\/","ethicsPolicy":"https:\/\/talkpal.ai\/ethics-policy\/","diversityPolicy":"https:\/\/talkpal.ai\/diversity-policy\/","diversityStaffingReport":"https:\/\/talkpal.ai\/diversity-policy\/"}]}},"_links":{"self":[{"href":"https:\/\/talkpal.ai\/gl\/wp-json\/wp\/v2\/pages\/146223","targetHints":{"allow":["GET"]}}],"collection":[{"href":"https:\/\/talkpal.ai\/gl\/wp-json\/wp\/v2\/pages"}],"about":[{"href":"https:\/\/talkpal.ai\/gl\/wp-json\/wp\/v2\/types\/page"}],"author":[{"embeddable":true,"href":"https:\/\/talkpal.ai\/gl\/wp-json\/wp\/v2\/users\/1"}],"replies":[{"embeddable":true,"href":"https:\/\/talkpal.ai\/gl\/wp-json\/wp\/v2\/comments?post=146223"}],"version-history":[{"count":0,"href":"https:\/\/talkpal.ai\/gl\/wp-json\/wp\/v2\/pages\/146223\/revisions"}],"wp:featuredmedia":[{"embeddable":true,"href":"https:\/\/talkpal.ai\/gl\/wp-json\/wp\/v2\/media\/115158"}],"wp:attachment":[{"href":"https:\/\/talkpal.ai\/gl\/wp-json\/wp\/v2\/media?parent=146223"}],"curies":[{"name":"wp","href":"https:\/\/api.w.org\/{rel}","templated":true}]}}