{"id":145742,"date":"2023-05-14T14:10:24","date_gmt":"2023-05-14T14:10:24","guid":{"rendered":"http:\/\/talkpal.ai\/gramatica-letona\/"},"modified":"2025-12-17T17:12:51","modified_gmt":"2025-12-17T17:12:51","slug":"gramatica-letona","status":"publish","type":"page","link":"https:\/\/talkpal.ai\/gl\/gramatica-letona\/","title":{"rendered":"Gram\u00e1tica letona"},"content":{"rendered":"\r\n\r\n\r\n<section class=\"languageChallengeSection\">\r\n    <div class=\"languageInfoWrapper\">\r\n        \r\n        <h1>Gram\u00e1tica letona<\/h1>\r\n        <p>Explora o mundo \u00fanico da gram\u00e1tica letoa e descubre a beleza dunha das linguas m\u00e1is vibrantes da rexi\u00f3n b\u00e1ltica. Ao comprender a s\u00faa estrutura e regras, aumentar\u00e1s a t\u00faa confianza e as t\u00faas habilidades de comunicaci\u00f3n. Comeza a aprender <a href=\"https:\/\/talkpal.ai\/latvian-grammar\/\">gram\u00e1tica letona<\/a> hoxe mesmo e d\u00e1 o teu primeiro paso cara \u00e1 fluidez!\n\n<\/p>\r\n\r\n                            <a class=\"getStartedHidden\" href=\"https:\/\/app.talkpal.ai\/signup?lng=\">Empeza<\/a>\r\n        \r\n    <\/div>\r\n\r\n    <figure>\r\n    <img decoding=\"async\" width=\"768\" height=\"768\" src=\"https:\/\/talkpal.ai\/wp-content\/uploads\/2023\/06\/latvian-768x768.png\" class=\"languageImage no-lazy\" alt=\"Language learning to access more cultures\" fetchpriority=\"high\" sizes=\"(max-width: 768px) 150px, 768px\" srcset=\"https:\/\/talkpal.ai\/wp-content\/uploads\/2023\/06\/latvian-768x768.png 768w, https:\/\/talkpal.ai\/wp-content\/uploads\/2023\/06\/latvian-300x300.png 300w\" \/>\r\n    \r\n\r\n    <\/figure>\r\n\r\n            <a class=\"getStartedVisible\" href=\"https:\/\/app.talkpal.ai\/signup?lng=\">Empeza<\/a>\r\n    \r\n<\/section>\r\n<section class=\"promotionalBanner\">\r\n    <p class=\"promotionalText\">A forma m\u00e1is eficaz de aprender un idioma<\/p>\r\n    <a class=\"promotionalLink\" href=\"https:\/\/app.talkpal.ai\/signup?lng=\">Proba Talkpal de balde<\/a>\r\n<\/section>\n<div class=\"wp-block-group pageContainerStyle\"><div class=\"wp-block-group__inner-container is-layout-constrained wp-block-group-is-layout-constrained\">\n<h2 class=\"wp-block-heading\" id=\"h-the-ultimate-guide-to-latvian-grammar-navigating-the-intricacies-of-a-unique-language\">A gu\u00eda definitiva da gram\u00e1tica letona: navegando polas complejidades dunha lingua \u00fanica<\/h2>\n\n\n\n<p>A gram\u00e1tica letona, <a href=\"https:\/\/talkpal.ai\/locations\/language-courses-in-como\/\">como<\/a> a propia lingua, presenta un rico e fascinante tapiz de elementos ling\u00fc\u00edsticos. <a href=\"https:\/\/talkpal.ai\/locations\/language-courses-in-como\/\">Como<\/a> lingua b\u00e1ltica, o <a href=\"https:\/\/talkpal.ai\/learn-latvian\/\">let\u00f3n<\/a> engaiola aos <a href=\"https:\/\/talkpal.ai\/talkpal-discount-for-students\/\">estudantes<\/a> coas s\u00faas diversas caracter\u00edsticas e desaf\u00eda ata aos falantes m\u00e1is competentes. Nesta gu\u00eda, exploraremos os principios fundamentais da gram\u00e1tica letona, desmitificaremos as s\u00faas complexidades e apoiar\u00e9mosche na t\u00faa viaxe para dominar esta lingua cautivadora. Imos <a href=\"https:\/\/talkpal.ai\/ko\/ai-%ec%96%b8%ec%96%b4-%ea%b5%90%ec%82%ac\/\">comezar<\/a>!<\/p>\n\n\n\n<h3 class=\"wp-block-heading\" id=\"h-the-nuts-and-bolts-latvian-sentence-structure\">As porcas e os parafusos: estrutura da oraci\u00f3n letona<\/h3>\n\n\n\n<p>Na s\u00faa esencia, a gram\u00e1tica letona \u00e9 bastante sinxela. A linguaxe xeralmente segue a estrutura de oraci\u00f3ns Suxeito-Verbo-Obxecto (SVO), similar ao <a href=\"https:\/\/talkpal.ai\/es\/locations\/aprende-ingles-en-orange\/\">ingl\u00e9s<\/a> e moitas outras linguas. Por exemplo, a frase &#8220;Como unha maz\u00e1&#8221; trad\u00facese como &#8220;Es \u0113du \u0101bolu&#8221; (Es \u0113du \u0101bolu). Simple, non? Non obstante, a medida que afondamos, atopar\u00e1s algunhas caracter\u00edsticas intrigantes e distintivas da gram\u00e1tica letona.<\/p>\n\n\n\n<h3 class=\"wp-block-heading\" id=\"h-meet-the-family-latvian-nouns-and-their-cases\">Co\u00f1ece a familia: substantivos let\u00f3ns e os seus casos<\/h3>\n\n\n\n<p>Unha das caracter\u00edsticas m\u00e1is desconcertantes da gram\u00e1tica letona para os falantes de ingl\u00e9s \u00e9 a noci\u00f3n de casos gramaticais. En let\u00f3n, hai sete casos: nominativo, xenitivo, dativo, acusativo, locativo, instrumental e vocativo. Cada caso ten a s\u00faa propia funci\u00f3n e incide na forma dos substantivos, adxectivos, pronomes e \u00e1s veces mesmo verbos.<\/p>\n\n\n\n<p>Por exemplo, tomemos a palabra &#8220;\u0101bols&#8221; (\u0101bols) que significa &#8220;maz\u00e1&#8221;:<\/p>\n\n\n\n<p><strong>\u2013 Caso nominativo (usado para materias): \u0101bols<\/strong><\/p>\n\n\n\n<p><strong>\u2013 Caso xenitivo (usado para a posesi\u00f3n): \u0101bola<\/strong><\/p>\n\n\n\n<p><strong>\u2013 Caso dativo (usado para obxectos indirectos): \u0101bolam<\/strong><\/p>\n\n\n\n<p><strong>\u2013 Caso acusativo (usado para obxectos directos): \u0101bolu<\/strong><\/p>\n\n\n\n<p><strong>\u2013 Caso locativo (usado para a localizaci\u00f3n): \u0101bol\u0101<\/strong><\/p>\n\n\n\n<p><strong>\u2013 Caso instrumental (utilizado para o medio polo que se realiza unha acci\u00f3n): \u0101bolu\/-iem<\/strong><\/p>\n\n\n\n<p><strong>\u2013 Caso vocativo (usado para dirixirse a algu\u00e9n ou algo): \u0101bol<\/strong><\/p>\n\n\n\n<p>\u00c9 importante familiarizarse con estes casos, xa que poden cambiar drasticamente o significado das s\u00faas frases.<\/p>\n\n\n\n<h3 class=\"wp-block-heading\" id=\"h-playing-with-numbers-latvian-plurals-and-genders\">Xogando cos n\u00fameros: Plurais e x\u00e9neros let\u00f3ns<\/h3>\n\n\n\n<p>Ao formar plurais en let\u00f3n, \u00e9 esencial ter presente o x\u00e9nero do substantivo. En let\u00f3n, os substantivos te\u00f1en dous x\u00e9neros: masculino e feminino. O x\u00e9nero afecta as terminaci\u00f3ns dos substantivos, adxectivos, numerais e certas formas verbais.<\/p>\n\n\n\n<p>En xeral, os substantivos masculinos no caso nominativo plural rematan en -i, mentres que os femininos rematan en -as. Por exemplo, &#8220;zirgs&#8221; (zirgs, un substantivo masculino que significa &#8220;cabalo&#8221;) pasa a ser &#8220;zirgi&#8221; (zirgi, cabalos) e &#8220;sieviete&#8221; (sieviete, un substantivo feminino que significa &#8220;muller&#8221;) conv\u00e9rtese en &#8220;sievietes&#8221; (sievietes, mulleres). ).<\/p>\n\n\n\n<p>Por suposto, existen algunhas excepci\u00f3ns, polo que \u00e9 esencial aprender os substantivos xunto cos seus x\u00e9neros e ter en conta os plurais irregulares.<\/p>\n\n\n\n<h3 class=\"wp-block-heading\" id=\"h-the-art-of-conjugation-latvian-verbs\">A arte da conxugaci\u00f3n: verbos let\u00f3ns<\/h3>\n\n\n\n<p>Os verbos let\u00f3ns poden parecer inicialmente desalentadores debido aos seus numerosos tempos, estados de \u00e1nimo e conxugaci\u00f3ns. Non obstante, a clave para entendelos \u00e9 reco\u00f1ecer patr\u00f3ns com\u00fans e practicalos con regularidade.<\/p>\n\n\n\n<p>En let\u00f3n, os verbos div\u00eddense en tres grupos segundo as s\u00faas terminaci\u00f3ns de infinitivo, -t, -ties e -ties\/-t. Cada grupo ten regras de conxugaci\u00f3n espec\u00edficas. Tomemos o verbo &#8220;las\u012bt&#8221; (las\u012bt, &#8220;ler&#8221;) como exemplo:<\/p>\n\n\n\n<p><strong>Tempo presente: Es lasu (Es lasu)<\/strong><\/p>\n\n\n\n<p><strong>Pret\u00e9rito: Es las\u012bju (Es las\u012bju, &#8220;Leo&#8221;)<\/strong><\/p>\n\n\n\n<p><strong>Tempo futuro: Es las\u012b\u0161u (Es las\u012b\u0161u, &#8220;vou ler&#8221;)<\/strong><\/p>\n\n\n\n<p>Como podes ver, as terminaci\u00f3ns cambian segundo o tempo. E isto nin sequera rasca a superficie da conxugaci\u00f3n do verbo let\u00f3n! Non obstante, non deixes que te desanime. Con pr\u00e1ctica e paciencia, comezar\u00e1s a reco\u00f1ecer os patr\u00f3ns e superar\u00e1s este desaf\u00edo.<\/p>\n\n\n\n<h3 class=\"wp-block-heading\" id=\"h-the-finishing-touches-latvian-adjectives-adverbs-and-more\">Os toques finais: adxectivos, adverbios let\u00f3ns e m\u00e1is<\/h3>\n\n\n\n<p>Cando se trata de adxectivos e adverbios let\u00f3ns, xogan un papel fundamental para engadir profundidade e complexidade ao teu discurso. Os adxectivos deben concordar cos substantivos que modifican en termos de x\u00e9nero e caso, con desinencias que var\u00edan segundo.<\/p>\n\n\n\n<p>Por exemplo, &#8220;gar\u0161\u012bgs&#8221; (gar\u0161\u012bgs) significa &#8220;delicioso&#8221; e podes velo como &#8220;gar\u0161\u012bgs \u0101bols&#8221; (gar\u0161\u012bgs \u0101bols, &#8220;deliciosa maz\u00e1&#8221;) ou &#8220;gar\u0161\u012bga zupa&#8221; (gar\u0161\u012bga zupa, &#8220;deliciosa sopa&#8221;), con diferentes desinencias para substantivos masculinos e femininos.<\/p>\n\n\n\n<p>Os adverbios adoitan seguir patr\u00f3ns similares, moitas veces derivados de adxectivos. En let\u00f3n, a maior\u00eda dos adverbios rematan en -i, que \u00e9 a mesma forma que o acusativo masculino singular dos adxectivos.<\/p>\n\n\n\n<p>En conclusi\u00f3n, as complexidades e peculiaridades da gram\u00e1tica letona, a\u00ednda que son desafiantes, dan \u00e1 lingua a s\u00faa beleza e car\u00e1cter cativadores. Cunha combinaci\u00f3n de persistencia, curiosidade e aplicaci\u00f3n pr\u00e1ctica, pronto navegar\u00e1s pola gram\u00e1tica letona con facilidade e confianza. Feliz aprendizaxe!<\/p>\n<\/div><\/div>\n\r\n<section class=\"learnNavigationSection\">\r\n            \r\n        <a href=\"https:\/\/talkpal.ai\/gl\/aprende-leton\/\">\r\n            <div class=\"learnNavigationWrapper\">\r\n                <div class=\"learnNavigationContent\">\r\n                    <img decoding=\"async\" src=\"https:\/\/talkpal.ai\/wp-content\/uploads\/2024\/08\/Latvian.jpg\" alt=\"Latvian Flag\">\r\n                    <div>\r\n                        <h4>Sobre a aprendizaxe de let\u00f3n<\/h4>\r\n                        <p>Descubre todo sobre a gram\u00e1tica letona.<\/p>\r\n                    <\/div>\r\n                <\/div>\r\n            <\/div>\r\n        <\/a>\r\n\r\n        \r\n        <a href=\"https:\/\/talkpal.ai\/gl\/exercicios-de-gramatica-leton\/\">\r\n            <div class=\"learnNavigationWrapper\">\r\n                <div class=\"learnNavigationContent\">\r\n                    <img decoding=\"async\" src=\"https:\/\/talkpal.ai\/wp-content\/uploads\/2024\/08\/Latvian.jpg\" alt=\"Latvian Flag\">\r\n                    <div>\r\n                        <h4>Exercicio de gram\u00e1tica letona<\/h4>\r\n                        <p>Practica a gram\u00e1tica letona.<\/p>\r\n                    <\/div>\r\n                <\/div>\r\n            <\/div>\r\n        <\/a>\r\n\r\n        \r\n        <a href=\"https:\/\/talkpal.ai\/vocabulary_language\/latvian\/\">\r\n            <div class=\"learnNavigationWrapper\">\r\n                <div class=\"learnNavigationContent\">\r\n                    <img decoding=\"async\" src=\"https:\/\/talkpal.ai\/wp-content\/uploads\/2024\/08\/Latvian.jpg\" alt=\"Latvian Flag\">\r\n                    <div>\r\n                        <h4>Vocabulario let\u00f3n<\/h4>\r\n                        <p>Ampl\u00eda o teu vocabulario let\u00f3n.<\/p>\r\n                    <\/div>\r\n                <\/div>\r\n            <\/div>\r\n        <\/a>\r\n\r\n            <\/section>","protected":false},"excerpt":{"rendered":"<p>A gu\u00eda definitiva da gram\u00e1tica letona: navegando polas complejidades dunha lingua \u00fanica A gram\u00e1tica letona, como a propia lingua, presenta un rico e fascinante tapiz de elementos ling\u00fc\u00edsticos. Como lingua b\u00e1ltica, o let\u00f3n engaiola aos estudantes coas s\u00faas diversas caracter\u00edsticas e desaf\u00eda ata aos falantes m\u00e1is competentes. Nesta gu\u00eda, exploraremos os principios fundamentais da gram\u00e1tica [&hellip;]<\/p>\n","protected":false},"author":1,"featured_media":114494,"parent":0,"menu_order":0,"comment_status":"closed","ping_status":"closed","template":"LearningContentPage.php","meta":{"_acf_changed":false,"footnotes":""},"class_list":["post-145742","page","type-page","status-publish","has-post-thumbnail","hentry"],"acf":[],"yoast_head":"<!-- This site is optimized with the Yoast SEO Premium plugin v27.2 (Yoast SEO v27.2) - https:\/\/yoast.com\/product\/yoast-seo-premium-wordpress\/ -->\n<title>Gram\u00e1tica letona - Talkpal<\/title>\n<meta name=\"description\" content=\"Domina a gram\u00e1tica letona con confianza: aprende regras, practica o uso e mellora a precisi\u00f3n ling\u00fc\u00edstica facilmente coa gu\u00eda personalizada de IA de Talkpal .\" \/>\n<meta name=\"robots\" content=\"index, follow, max-snippet:-1, max-image-preview:large, max-video-preview:-1\" \/>\n<link rel=\"canonical\" href=\"https:\/\/talkpal.ai\/gl\/gramatica-letona\/\" \/>\n<meta property=\"og:locale\" content=\"gl_ES\" \/>\n<meta property=\"og:type\" content=\"article\" \/>\n<meta property=\"og:title\" content=\"Gram\u00e1tica letona\" \/>\n<meta property=\"og:description\" content=\"A gu\u00eda definitiva da gram\u00e1tica letona: navegando polas complejidades dunha lingua \u00fanica A gram\u00e1tica letona, como a propia lingua, presenta un rico e\" \/>\n<meta property=\"og:url\" content=\"https:\/\/talkpal.ai\/gl\/gramatica-letona\/\" \/>\n<meta property=\"og:site_name\" content=\"Talkpal\" \/>\n<meta property=\"article:publisher\" content=\"https:\/\/www.facebook.com\/profile.php?id=100090733639311\" \/>\n<meta property=\"article:modified_time\" content=\"2025-12-17T17:12:51+00:00\" \/>\n<meta property=\"og:image\" content=\"https:\/\/talkpal.ai\/wp-content\/uploads\/2023\/05\/latvia.png\" \/>\n\t<meta property=\"og:image:width\" content=\"512\" \/>\n\t<meta property=\"og:image:height\" content=\"512\" \/>\n\t<meta property=\"og:image:type\" content=\"image\/png\" \/>\n<meta name=\"twitter:card\" content=\"summary_large_image\" \/>\n<meta name=\"twitter:site\" content=\"@talkpalai\" \/>\n<meta name=\"twitter:label1\" content=\"Tempo de lectura\" \/>\n\t<meta name=\"twitter:data1\" content=\"4 minutos\" \/>\n<script type=\"application\/ld+json\" class=\"yoast-schema-graph\">{\"@context\":\"https:\/\/schema.org\",\"@graph\":[{\"@type\":\"WebPage\",\"@id\":\"https:\/\/talkpal.ai\/gl\/gramatica-letona\/\",\"url\":\"https:\/\/talkpal.ai\/gl\/gramatica-letona\/\",\"name\":\"Gram\u00e1tica letona - Talkpal\",\"isPartOf\":{\"@id\":\"https:\/\/talkpal.ai\/gl\/#website\"},\"primaryImageOfPage\":{\"@id\":\"https:\/\/talkpal.ai\/gl\/gramatica-letona\/#primaryimage\"},\"image\":{\"@id\":\"https:\/\/talkpal.ai\/gl\/gramatica-letona\/#primaryimage\"},\"thumbnailUrl\":\"https:\/\/talkpal.ai\/wp-content\/uploads\/2023\/05\/latvia.png\",\"datePublished\":\"2023-05-14T14:10:24+00:00\",\"dateModified\":\"2025-12-17T17:12:51+00:00\",\"description\":\"Domina a gram\u00e1tica letona con confianza: aprende regras, practica o uso e mellora a precisi\u00f3n ling\u00fc\u00edstica facilmente coa gu\u00eda personalizada de IA de Talkpal .\",\"breadcrumb\":{\"@id\":\"https:\/\/talkpal.ai\/gl\/gramatica-letona\/#breadcrumb\"},\"inLanguage\":\"gl-ES\",\"potentialAction\":[{\"@type\":\"ReadAction\",\"target\":[\"https:\/\/talkpal.ai\/gl\/gramatica-letona\/\"]}]},{\"@type\":\"ImageObject\",\"inLanguage\":\"gl-ES\",\"@id\":\"https:\/\/talkpal.ai\/gl\/gramatica-letona\/#primaryimage\",\"url\":\"https:\/\/talkpal.ai\/wp-content\/uploads\/2023\/05\/latvia.png\",\"contentUrl\":\"https:\/\/talkpal.ai\/wp-content\/uploads\/2023\/05\/latvia.png\",\"width\":512,\"height\":512},{\"@type\":\"BreadcrumbList\",\"@id\":\"https:\/\/talkpal.ai\/gl\/gramatica-letona\/#breadcrumb\",\"itemListElement\":[{\"@type\":\"ListItem\",\"position\":1,\"name\":\"Homepage\",\"item\":\"https:\/\/talkpal.ai\/gl\/\"},{\"@type\":\"ListItem\",\"position\":2,\"name\":\"Gram\u00e1tica letona\"}]},{\"@type\":\"WebSite\",\"@id\":\"https:\/\/talkpal.ai\/gl\/#website\",\"url\":\"https:\/\/talkpal.ai\/gl\/\",\"name\":\"Talkpal\",\"description\":\"AI Language Learning\",\"publisher\":{\"@id\":\"https:\/\/talkpal.ai\/gl\/#organization\"},\"alternateName\":\"Talkpal AI\",\"potentialAction\":[{\"@type\":\"SearchAction\",\"target\":{\"@type\":\"EntryPoint\",\"urlTemplate\":\"https:\/\/talkpal.ai\/gl\/?s={search_term_string}\"},\"query-input\":{\"@type\":\"PropertyValueSpecification\",\"valueRequired\":true,\"valueName\":\"search_term_string\"}}],\"inLanguage\":\"gl-ES\"},{\"@type\":\"Organization\",\"@id\":\"https:\/\/talkpal.ai\/gl\/#organization\",\"name\":\"Talkpal, Inc.\",\"alternateName\":\"Talkpal AI\",\"url\":\"https:\/\/talkpal.ai\/gl\/\",\"logo\":{\"@type\":\"ImageObject\",\"inLanguage\":\"gl-ES\",\"@id\":\"https:\/\/talkpal.ai\/gl\/#\/schema\/logo\/image\/\",\"url\":\"https:\/\/talkpal.ai\/wp-content\/uploads\/2024\/03\/Talkpal-Logo-Icon.png\",\"contentUrl\":\"https:\/\/talkpal.ai\/wp-content\/uploads\/2024\/03\/Talkpal-Logo-Icon.png\",\"width\":2880,\"height\":2880,\"caption\":\"Talkpal, Inc.\"},\"image\":{\"@id\":\"https:\/\/talkpal.ai\/gl\/#\/schema\/logo\/image\/\"},\"sameAs\":[\"https:\/\/www.facebook.com\/profile.php?id=100090733639311\",\"https:\/\/x.com\/talkpalai\",\"https:\/\/www.linkedin.com\/company\/talkpal\/\",\"https:\/\/www.youtube.com\/@TalkPal\/\",\"https:\/\/www.tiktok.com\/@talkpal\",\"https:\/\/www.instagram.com\/talkpal_ai\/\",\"https:\/\/www.crunchbase.com\/organization\/talkpal-9cde\",\"https:\/\/www.g2.com\/products\/talkpal-for-business\/\",\"https:\/\/www.trustpilot.com\/review\/talkpal.ai\",\"https:\/\/www.capterra.com\/p\/10006800\/TalkPal\/\"],\"description\":\"Talkpal is a language learning web and mobile education app, powered by the latest AI technologies, that provides engaging experiences to its customers in many different languages to help them improve their language skills. Users can chat about unlimited amount of topics with the app and use other modes to practice their language learning.\",\"email\":\"support@talkpal.ai\",\"legalName\":\"Talkpal, Inc.\",\"foundingDate\":\"2023-04-03\",\"duns\":\"118989042\",\"numberOfEmployees\":{\"@type\":\"QuantitativeValue\",\"minValue\":\"11\",\"maxValue\":\"50\"},\"publishingPrinciples\":\"https:\/\/talkpal.ai\/publishing-principles\/\",\"actionableFeedbackPolicy\":\"https:\/\/talkpal.ai\/actionable-feedback-policy\/\",\"correctionsPolicy\":\"https:\/\/talkpal.ai\/corrections-policy\/\",\"ethicsPolicy\":\"https:\/\/talkpal.ai\/ethics-policy\/\",\"diversityPolicy\":\"https:\/\/talkpal.ai\/diversity-policy\/\",\"diversityStaffingReport\":\"https:\/\/talkpal.ai\/diversity-policy\/\"}]}<\/script>\n<!-- \/ Yoast SEO Premium plugin. -->","yoast_head_json":{"title":"Gram\u00e1tica letona - Talkpal","description":"Domina a gram\u00e1tica letona con confianza: aprende regras, practica o uso e mellora a precisi\u00f3n ling\u00fc\u00edstica facilmente coa gu\u00eda personalizada de IA de Talkpal .","robots":{"index":"index","follow":"follow","max-snippet":"max-snippet:-1","max-image-preview":"max-image-preview:large","max-video-preview":"max-video-preview:-1"},"canonical":"https:\/\/talkpal.ai\/gl\/gramatica-letona\/","og_locale":"gl_ES","og_type":"article","og_title":"Gram\u00e1tica letona","og_description":"A gu\u00eda definitiva da gram\u00e1tica letona: navegando polas complejidades dunha lingua \u00fanica A gram\u00e1tica letona, como a propia lingua, presenta un rico e","og_url":"https:\/\/talkpal.ai\/gl\/gramatica-letona\/","og_site_name":"Talkpal","article_publisher":"https:\/\/www.facebook.com\/profile.php?id=100090733639311","article_modified_time":"2025-12-17T17:12:51+00:00","og_image":[{"width":512,"height":512,"url":"https:\/\/talkpal.ai\/wp-content\/uploads\/2023\/05\/latvia.png","type":"image\/png"}],"twitter_card":"summary_large_image","twitter_site":"@talkpalai","twitter_misc":{"Tempo de lectura":"4 minutos"},"schema":{"@context":"https:\/\/schema.org","@graph":[{"@type":"WebPage","@id":"https:\/\/talkpal.ai\/gl\/gramatica-letona\/","url":"https:\/\/talkpal.ai\/gl\/gramatica-letona\/","name":"Gram\u00e1tica letona - Talkpal","isPartOf":{"@id":"https:\/\/talkpal.ai\/gl\/#website"},"primaryImageOfPage":{"@id":"https:\/\/talkpal.ai\/gl\/gramatica-letona\/#primaryimage"},"image":{"@id":"https:\/\/talkpal.ai\/gl\/gramatica-letona\/#primaryimage"},"thumbnailUrl":"https:\/\/talkpal.ai\/wp-content\/uploads\/2023\/05\/latvia.png","datePublished":"2023-05-14T14:10:24+00:00","dateModified":"2025-12-17T17:12:51+00:00","description":"Domina a gram\u00e1tica letona con confianza: aprende regras, practica o uso e mellora a precisi\u00f3n ling\u00fc\u00edstica facilmente coa gu\u00eda personalizada de IA de Talkpal .","breadcrumb":{"@id":"https:\/\/talkpal.ai\/gl\/gramatica-letona\/#breadcrumb"},"inLanguage":"gl-ES","potentialAction":[{"@type":"ReadAction","target":["https:\/\/talkpal.ai\/gl\/gramatica-letona\/"]}]},{"@type":"ImageObject","inLanguage":"gl-ES","@id":"https:\/\/talkpal.ai\/gl\/gramatica-letona\/#primaryimage","url":"https:\/\/talkpal.ai\/wp-content\/uploads\/2023\/05\/latvia.png","contentUrl":"https:\/\/talkpal.ai\/wp-content\/uploads\/2023\/05\/latvia.png","width":512,"height":512},{"@type":"BreadcrumbList","@id":"https:\/\/talkpal.ai\/gl\/gramatica-letona\/#breadcrumb","itemListElement":[{"@type":"ListItem","position":1,"name":"Homepage","item":"https:\/\/talkpal.ai\/gl\/"},{"@type":"ListItem","position":2,"name":"Gram\u00e1tica letona"}]},{"@type":"WebSite","@id":"https:\/\/talkpal.ai\/gl\/#website","url":"https:\/\/talkpal.ai\/gl\/","name":"Talkpal","description":"AI Language Learning","publisher":{"@id":"https:\/\/talkpal.ai\/gl\/#organization"},"alternateName":"Talkpal AI","potentialAction":[{"@type":"SearchAction","target":{"@type":"EntryPoint","urlTemplate":"https:\/\/talkpal.ai\/gl\/?s={search_term_string}"},"query-input":{"@type":"PropertyValueSpecification","valueRequired":true,"valueName":"search_term_string"}}],"inLanguage":"gl-ES"},{"@type":"Organization","@id":"https:\/\/talkpal.ai\/gl\/#organization","name":"Talkpal, Inc.","alternateName":"Talkpal AI","url":"https:\/\/talkpal.ai\/gl\/","logo":{"@type":"ImageObject","inLanguage":"gl-ES","@id":"https:\/\/talkpal.ai\/gl\/#\/schema\/logo\/image\/","url":"https:\/\/talkpal.ai\/wp-content\/uploads\/2024\/03\/Talkpal-Logo-Icon.png","contentUrl":"https:\/\/talkpal.ai\/wp-content\/uploads\/2024\/03\/Talkpal-Logo-Icon.png","width":2880,"height":2880,"caption":"Talkpal, Inc."},"image":{"@id":"https:\/\/talkpal.ai\/gl\/#\/schema\/logo\/image\/"},"sameAs":["https:\/\/www.facebook.com\/profile.php?id=100090733639311","https:\/\/x.com\/talkpalai","https:\/\/www.linkedin.com\/company\/talkpal\/","https:\/\/www.youtube.com\/@TalkPal\/","https:\/\/www.tiktok.com\/@talkpal","https:\/\/www.instagram.com\/talkpal_ai\/","https:\/\/www.crunchbase.com\/organization\/talkpal-9cde","https:\/\/www.g2.com\/products\/talkpal-for-business\/","https:\/\/www.trustpilot.com\/review\/talkpal.ai","https:\/\/www.capterra.com\/p\/10006800\/TalkPal\/"],"description":"Talkpal is a language learning web and mobile education app, powered by the latest AI technologies, that provides engaging experiences to its customers in many different languages to help them improve their language skills. Users can chat about unlimited amount of topics with the app and use other modes to practice their language learning.","email":"support@talkpal.ai","legalName":"Talkpal, Inc.","foundingDate":"2023-04-03","duns":"118989042","numberOfEmployees":{"@type":"QuantitativeValue","minValue":"11","maxValue":"50"},"publishingPrinciples":"https:\/\/talkpal.ai\/publishing-principles\/","actionableFeedbackPolicy":"https:\/\/talkpal.ai\/actionable-feedback-policy\/","correctionsPolicy":"https:\/\/talkpal.ai\/corrections-policy\/","ethicsPolicy":"https:\/\/talkpal.ai\/ethics-policy\/","diversityPolicy":"https:\/\/talkpal.ai\/diversity-policy\/","diversityStaffingReport":"https:\/\/talkpal.ai\/diversity-policy\/"}]}},"_links":{"self":[{"href":"https:\/\/talkpal.ai\/gl\/wp-json\/wp\/v2\/pages\/145742","targetHints":{"allow":["GET"]}}],"collection":[{"href":"https:\/\/talkpal.ai\/gl\/wp-json\/wp\/v2\/pages"}],"about":[{"href":"https:\/\/talkpal.ai\/gl\/wp-json\/wp\/v2\/types\/page"}],"author":[{"embeddable":true,"href":"https:\/\/talkpal.ai\/gl\/wp-json\/wp\/v2\/users\/1"}],"replies":[{"embeddable":true,"href":"https:\/\/talkpal.ai\/gl\/wp-json\/wp\/v2\/comments?post=145742"}],"version-history":[{"count":0,"href":"https:\/\/talkpal.ai\/gl\/wp-json\/wp\/v2\/pages\/145742\/revisions"}],"wp:featuredmedia":[{"embeddable":true,"href":"https:\/\/talkpal.ai\/gl\/wp-json\/wp\/v2\/media\/114494"}],"wp:attachment":[{"href":"https:\/\/talkpal.ai\/gl\/wp-json\/wp\/v2\/media?parent=145742"}],"curies":[{"name":"wp","href":"https:\/\/api.w.org\/{rel}","templated":true}]}}