{"id":145223,"date":"2023-05-14T14:09:29","date_gmt":"2023-05-14T14:09:29","guid":{"rendered":"http:\/\/talkpal.ai\/gramatica-indonesia\/"},"modified":"2025-12-13T15:43:55","modified_gmt":"2025-12-13T15:43:55","slug":"gramatica-indonesia","status":"publish","type":"page","link":"https:\/\/talkpal.ai\/gl\/gramatica-indonesia\/","title":{"rendered":"Gram\u00e1tica indonesia"},"content":{"rendered":"\r\n\r\n\r\n<section class=\"languageChallengeSection\">\r\n    <div class=\"languageInfoWrapper\">\r\n        \r\n        <h1>Gram\u00e1tica indonesia<\/h1>\r\n        <p>Interesado en dominar o indonesio? Coa s\u00faa gram\u00e1tica sinxela (sen conxugaci\u00f3ns verbais, sen x\u00e9neros nominais e unha estrutura de frases sinxela), o indonesio \u00e9 unha das linguas m\u00e1is f\u00e1ciles de aprender. Comeza a t\u00faa viaxe hoxe mesmo e descubre <a href=\"https:\/\/talkpal.ai\/locations\/language-courses-in-como\/\">como<\/a> comprender a <a href=\"https:\/\/talkpal.ai\/indonesian-grammar\/\">gram\u00e1tica indonesia<\/a> pode abrir rapidamente un mundo de comunicaci\u00f3n e experiencias culturais vibrantes!<\/p>\r\n\r\n                            <a class=\"getStartedHidden\" href=\"https:\/\/app.talkpal.ai\/signup?lng=\">Empeza<\/a>\r\n        \r\n    <\/div>\r\n\r\n    <figure>\r\n    <img decoding=\"async\" width=\"768\" height=\"768\" src=\"https:\/\/talkpal.ai\/wp-content\/uploads\/2023\/06\/indonesia-768x768.png\" class=\"languageImage no-lazy\" alt=\"Language learning for personal achievement\" fetchpriority=\"high\" sizes=\"(max-width: 768px) 150px, 768px\" srcset=\"https:\/\/talkpal.ai\/wp-content\/uploads\/2023\/06\/indonesia-768x768.png 768w, https:\/\/talkpal.ai\/wp-content\/uploads\/2023\/06\/indonesia-300x300.png 300w\" \/>\r\n    \r\n\r\n    <\/figure>\r\n\r\n            <a class=\"getStartedVisible\" href=\"https:\/\/app.talkpal.ai\/signup?lng=\">Empeza<\/a>\r\n    \r\n<\/section>\r\n<section class=\"promotionalBanner\">\r\n    <p class=\"promotionalText\"><\/p>\r\n    <a class=\"promotionalLink\" href=\"https:\/\/app.talkpal.ai\/signup?lng=\"><\/a>\r\n<\/section>\n<div class=\"wp-block-group pageContainerStyle\"><div class=\"wp-block-group__inner-container is-layout-constrained wp-block-group-is-layout-constrained\">\n<h2 class=\"wp-block-heading\" id=\"h-the-wonders-of-indonesian-grammar-a-guide-for-language-learners\">As marabillas da gram\u00e1tica indonesia: unha gu\u00eda para estudantes de idiomas<\/h2>\n\n\n\n<p><a href=\"https:\/\/talkpal.ai\/indonesian-grammar\/\">Gram\u00e1tica indonesia<\/a>: sinxela pero elegante, acolledora pero atractiva, accesible pero fascinante. Cando emprendas a t\u00faa viaxe para aprender a lingua <a href=\"https:\/\/talkpal.ai\/learn-indonesian\/\">indonesia<\/a>, podes estar seguro de que abrazar a s\u00faa gram\u00e1tica ser\u00e1 unha experiencia agradable. Con este artigo, pretendemos proporcionarche unha comprensi\u00f3n dos aspectos clave da gram\u00e1tica indonesia e axudarche a abrazar a beleza desta lingua do sueste asi\u00e1tico.<\/p>\n\n\n\n<p>Afondemos nos elementos fundamentais da gram\u00e1tica indonesia, con explicaci\u00f3ns e exemplos que fan que as regras e os conceptos sexan deliciosamente claros. Ent\u00f3n, senta, rel\u00e1xate e perm\u00edtenos desvelar os fascinantes segredos da gram\u00e1tica indonesia.<\/p>\n\n\n\n<h3 class=\"wp-block-heading\" id=\"h-1-nouns-no-genders-no-plurals-no-stress\">1. Substantivos: sen x\u00e9neros, sen plurais, sen estr\u00e9s!<\/h3>\n\n\n\n<p>Un dos aspectos m\u00e1is refrescantes da gram\u00e1tica indonesia \u00e9 a sinxeleza do seu sistema nominal. Os substantivos indonesios non te\u00f1en x\u00e9nero ou plural. Isto significa que dis &#8220;anjing&#8221; (can) tanto se te refires a un cachorro como a un grupo de cans adultos.<\/p>\n\n\n\n<p>Para especificar unha forma plural, pode repetir o substantivo (por exemplo, &#8220;anak-anak&#8221; para &#8220;nenos&#8221;) ou usar un termo de cantidade como &#8220;banyak&#8221; (moitos) ou &#8220;beberapa&#8221; (alg\u00fans). Iso \u00e9! Non \u00e9 iso un sopro de aire fresco en comparaci\u00f3n con outras linguas?<\/p>\n\n\n\n<h3 class=\"wp-block-heading\" id=\"h-2-pronouns-staying-humble-and-respectful\">2. Pronomes: Manterse humilde e respectuoso<\/h3>\n\n\n\n<p>A gram\u00e1tica indonesia fai uso de diferentes pronomes baseados en distintos niveis de formalidade. Usar o pronome axeitado cando se dirixe a algu\u00e9n \u00e9 fundamental para mostrar respecto e humildade. Por exemplo, &#8220;aku&#8221; (eu\/eu) \u00e9 casual e \u00edntimo, &#8220;saya&#8221; \u00e9 educado e neutral e &#8220;saya&#8221; \u00e9 formal e humilde. Do mesmo xeito, &#8220;kamu&#8221; (ti) \u00e9 informal, &#8220;Anda&#8221; \u00e9 educado e &#8220;Bapak\/Ibu&#8221; (Se\u00f1or\/Se\u00f1ora) est\u00e1 reservado para situaci\u00f3ns moi formais.<\/p>\n\n\n\n<p>Lembra que sempre \u00e9 unha boa idea errar polo lado da <a href=\"https:\/\/talkpal.ai\/talkpal-for-education\/\">educaci\u00f3n<\/a> en situaci\u00f3ns novas ou incertas.<\/p>\n\n\n\n<h3 class=\"wp-block-heading\" id=\"h-3-verbs-no-conjugations-but-prefixes-and-suffixes-galore\">3. Verbos: sen conxugaci\u00f3ns, sen\u00f3n prefixos e sufixos en abundancia!<\/h3>\n\n\n\n<p>Os verbos indonesios permanecen inalterados independentemente do tempo, estado de \u00e1nimo ou suxeito, o que os fai moito m\u00e1is sinxelos que os verbos de moitas outras linguas. Non obstante, ter\u00e1s que dominar o uso de prefixos e sufixos para modificar o significado do verbo.<\/p>\n\n\n\n<p>Alg\u00fans prefixos com\u00fans incl\u00faen &#8220;me-&#8221; (verbos activos), &#8220;di-&#8221; (verbos pasivos) e &#8220;ber-&#8221; (verbos est\u00e1ticos). Os sufixos com\u00fans incl\u00faen &#8220;-kan&#8221; (verbos causativos) e &#8220;-i&#8221; (verbos transitivos). Por exemplo, &#8220;makan&#8221; significa &#8220;comer&#8221;, &#8220;memakan&#8221; significa &#8220;consumir&#8221; e &#8220;dimakan&#8221; significa &#8220;ser comido&#8221;.<\/p>\n\n\n\n<h3 class=\"wp-block-heading\" id=\"h-4-word-order-subject-verb-object-simplicity\">4. Orde das palabras: Sinxeleza suxeito-verbo-obxecto!<\/h3>\n\n\n\n<p>A gram\u00e1tica indonesia segue unha orde de palabras Suxeito-Verbo-Obxecto (SVO) sinxela, semellante ao <a href=\"https:\/\/talkpal.ai\/es\/locations\/aprende-ingles-en-orange\/\">ingl\u00e9s<\/a>. Isto facilita moito a construci\u00f3n e comprensi\u00f3n de frases para os falantes de ingl\u00e9s. Por exemplo, &#8220;Saya memakan pisang&#8221; trad\u00facese directamente como &#8220;Eu (suxeito) como (verbo) banana (obxecto).&#8221;<\/p>\n\n\n\n<h3 class=\"wp-block-heading\" id=\"h-5-immerse-yourself-in-indonesian-practice-makes-perfect\">5. Merg\u00fallate no indonesio: a pr\u00e1ctica fai perfecto<\/h3>\n\n\n\n<p>A beleza da gram\u00e1tica indonesia reside na s\u00faa sinxeleza e accesibilidade. A pr\u00e1ctica regular a trav\u00e9s da lectura, a escritura, a audici\u00f3n e a expresi\u00f3n oral axudarache a dominar a lingua e a s\u00faa gram\u00e1tica. Acepta os desaf\u00edos, vence as complexidades e desbloquea o verdadeiro encanto da lingua indonesia.<\/p>\n\n\n\n<p>Ent\u00f3n, est\u00e1s preparado para afondar nas marabillas da gram\u00e1tica indonesia? Ach\u00e9gate a el con confianza e curiosidade, e con compromiso e ilusi\u00f3n, pronto poder\u00e1s converterte nun elocuente falante indonesio. Selamat belajar! (Feliz estudando!)<\/p>\n<\/div><\/div>\n\r\n<section class=\"learnNavigationSection\">\r\n            \r\n        <a href=\"https:\/\/talkpal.ai\/gl\/aprende-indonesio\/\">\r\n            <div class=\"learnNavigationWrapper\">\r\n                <div class=\"learnNavigationContent\">\r\n                    <img decoding=\"async\" src=\"https:\/\/talkpal.ai\/wp-content\/uploads\/2024\/08\/Indonesian.jpg\" alt=\"Indonesian Flag\">\r\n                    <div>\r\n                        <h4>Sobre a aprendizaxe do indonesio<\/h4>\r\n                        <p>Descubre todo sobre a gram\u00e1tica indonesia.<\/p>\r\n                    <\/div>\r\n                <\/div>\r\n            <\/div>\r\n        <\/a>\r\n\r\n        \r\n        <a href=\"https:\/\/talkpal.ai\/gl\/exercicios-de-gramatica-indonesia\/\">\r\n            <div class=\"learnNavigationWrapper\">\r\n                <div class=\"learnNavigationContent\">\r\n                    <img decoding=\"async\" src=\"https:\/\/talkpal.ai\/wp-content\/uploads\/2024\/08\/Indonesian.jpg\" alt=\"Indonesian Flag\">\r\n                    <div>\r\n                        <h4>Exercicio de gram\u00e1tica indonesia<\/h4>\r\n                        <p>Practica gram\u00e1tica indonesia.<\/p>\r\n                    <\/div>\r\n                <\/div>\r\n            <\/div>\r\n        <\/a>\r\n\r\n        \r\n        <a href=\"https:\/\/talkpal.ai\/vocabulary_language\/indonesian\/\">\r\n            <div class=\"learnNavigationWrapper\">\r\n                <div class=\"learnNavigationContent\">\r\n                    <img decoding=\"async\" src=\"https:\/\/talkpal.ai\/wp-content\/uploads\/2024\/08\/Indonesian.jpg\" alt=\"Indonesian Flag\">\r\n                    <div>\r\n                        <h4>Vocabulario indonesio<\/h4>\r\n                        <p>Ampl\u00eda o teu vocabulario indonesio.<\/p>\r\n                    <\/div>\r\n                <\/div>\r\n            <\/div>\r\n        <\/a>\r\n\r\n            <\/section>","protected":false},"excerpt":{"rendered":"<p>As marabillas da gram\u00e1tica indonesia: unha gu\u00eda para estudantes de idiomas Gram\u00e1tica indonesia: sinxela pero elegante, acolledora pero atractiva, accesible pero fascinante. Cando emprendas a t\u00faa viaxe para aprender a lingua indonesia, podes estar seguro de que abrazar a s\u00faa gram\u00e1tica ser\u00e1 unha experiencia agradable. Con este artigo, pretendemos proporcionarche unha comprensi\u00f3n dos aspectos clave [&hellip;]<\/p>\n","protected":false},"author":1,"featured_media":114039,"parent":0,"menu_order":0,"comment_status":"closed","ping_status":"closed","template":"LearningContentPage.php","meta":{"_acf_changed":false,"footnotes":""},"class_list":["post-145223","page","type-page","status-publish","has-post-thumbnail","hentry"],"acf":[],"yoast_head":"<!-- This site is optimized with the Yoast SEO Premium plugin v27.2 (Yoast SEO v27.2) - https:\/\/yoast.com\/product\/yoast-seo-premium-wordpress\/ -->\n<title>Gram\u00e1tica indonesia - Talkpal<\/title>\n<meta name=\"description\" content=\"Domina a gram\u00e1tica indonesia sen esforzo coa aplicaci\u00f3n de aprendizaxe de idiomas con IA de Talkpal . Comun\u00edcate con confianza usando a gu\u00eda con IA de Talkpal .\" \/>\n<meta name=\"robots\" content=\"index, follow, max-snippet:-1, max-image-preview:large, max-video-preview:-1\" \/>\n<link rel=\"canonical\" href=\"https:\/\/talkpal.ai\/gl\/gramatica-indonesia\/\" \/>\n<meta property=\"og:locale\" content=\"gl_ES\" \/>\n<meta property=\"og:type\" content=\"article\" \/>\n<meta property=\"og:title\" content=\"Gram\u00e1tica indonesia\" \/>\n<meta property=\"og:description\" content=\"As marabillas da gram\u00e1tica indonesia: unha gu\u00eda para estudantes de idiomas Gram\u00e1tica indonesia: sinxela pero elegante, acolledora pero atractiva,\" \/>\n<meta property=\"og:url\" content=\"https:\/\/talkpal.ai\/gl\/gramatica-indonesia\/\" \/>\n<meta property=\"og:site_name\" content=\"Talkpal\" \/>\n<meta property=\"article:publisher\" content=\"https:\/\/www.facebook.com\/profile.php?id=100090733639311\" \/>\n<meta property=\"article:modified_time\" content=\"2025-12-13T15:43:55+00:00\" \/>\n<meta property=\"og:image\" content=\"https:\/\/talkpal.ai\/wp-content\/uploads\/2023\/05\/indonesia.png\" \/>\n\t<meta property=\"og:image:width\" content=\"512\" \/>\n\t<meta property=\"og:image:height\" content=\"512\" \/>\n\t<meta property=\"og:image:type\" content=\"image\/png\" \/>\n<meta name=\"twitter:card\" content=\"summary_large_image\" \/>\n<meta name=\"twitter:site\" content=\"@talkpalai\" \/>\n<meta name=\"twitter:label1\" content=\"Tempo de lectura\" \/>\n\t<meta name=\"twitter:data1\" content=\"3 minutos\" \/>\n<script type=\"application\/ld+json\" class=\"yoast-schema-graph\">{\"@context\":\"https:\/\/schema.org\",\"@graph\":[{\"@type\":\"WebPage\",\"@id\":\"https:\/\/talkpal.ai\/gl\/gramatica-indonesia\/\",\"url\":\"https:\/\/talkpal.ai\/gl\/gramatica-indonesia\/\",\"name\":\"Gram\u00e1tica indonesia - Talkpal\",\"isPartOf\":{\"@id\":\"https:\/\/talkpal.ai\/gl\/#website\"},\"primaryImageOfPage\":{\"@id\":\"https:\/\/talkpal.ai\/gl\/gramatica-indonesia\/#primaryimage\"},\"image\":{\"@id\":\"https:\/\/talkpal.ai\/gl\/gramatica-indonesia\/#primaryimage\"},\"thumbnailUrl\":\"https:\/\/talkpal.ai\/wp-content\/uploads\/2023\/05\/indonesia.png\",\"datePublished\":\"2023-05-14T14:09:29+00:00\",\"dateModified\":\"2025-12-13T15:43:55+00:00\",\"description\":\"Domina a gram\u00e1tica indonesia sen esforzo coa aplicaci\u00f3n de aprendizaxe de idiomas con IA de Talkpal . Comun\u00edcate con confianza usando a gu\u00eda con IA de Talkpal .\",\"breadcrumb\":{\"@id\":\"https:\/\/talkpal.ai\/gl\/gramatica-indonesia\/#breadcrumb\"},\"inLanguage\":\"gl-ES\",\"potentialAction\":[{\"@type\":\"ReadAction\",\"target\":[\"https:\/\/talkpal.ai\/gl\/gramatica-indonesia\/\"]}]},{\"@type\":\"ImageObject\",\"inLanguage\":\"gl-ES\",\"@id\":\"https:\/\/talkpal.ai\/gl\/gramatica-indonesia\/#primaryimage\",\"url\":\"https:\/\/talkpal.ai\/wp-content\/uploads\/2023\/05\/indonesia.png\",\"contentUrl\":\"https:\/\/talkpal.ai\/wp-content\/uploads\/2023\/05\/indonesia.png\",\"width\":512,\"height\":512},{\"@type\":\"BreadcrumbList\",\"@id\":\"https:\/\/talkpal.ai\/gl\/gramatica-indonesia\/#breadcrumb\",\"itemListElement\":[{\"@type\":\"ListItem\",\"position\":1,\"name\":\"Homepage\",\"item\":\"https:\/\/talkpal.ai\/gl\/\"},{\"@type\":\"ListItem\",\"position\":2,\"name\":\"Gram\u00e1tica indonesia\"}]},{\"@type\":\"WebSite\",\"@id\":\"https:\/\/talkpal.ai\/gl\/#website\",\"url\":\"https:\/\/talkpal.ai\/gl\/\",\"name\":\"Talkpal\",\"description\":\"AI Language Learning\",\"publisher\":{\"@id\":\"https:\/\/talkpal.ai\/gl\/#organization\"},\"alternateName\":\"Talkpal AI\",\"potentialAction\":[{\"@type\":\"SearchAction\",\"target\":{\"@type\":\"EntryPoint\",\"urlTemplate\":\"https:\/\/talkpal.ai\/gl\/?s={search_term_string}\"},\"query-input\":{\"@type\":\"PropertyValueSpecification\",\"valueRequired\":true,\"valueName\":\"search_term_string\"}}],\"inLanguage\":\"gl-ES\"},{\"@type\":\"Organization\",\"@id\":\"https:\/\/talkpal.ai\/gl\/#organization\",\"name\":\"Talkpal, Inc.\",\"alternateName\":\"Talkpal AI\",\"url\":\"https:\/\/talkpal.ai\/gl\/\",\"logo\":{\"@type\":\"ImageObject\",\"inLanguage\":\"gl-ES\",\"@id\":\"https:\/\/talkpal.ai\/gl\/#\/schema\/logo\/image\/\",\"url\":\"https:\/\/talkpal.ai\/wp-content\/uploads\/2024\/03\/Talkpal-Logo-Icon.png\",\"contentUrl\":\"https:\/\/talkpal.ai\/wp-content\/uploads\/2024\/03\/Talkpal-Logo-Icon.png\",\"width\":2880,\"height\":2880,\"caption\":\"Talkpal, Inc.\"},\"image\":{\"@id\":\"https:\/\/talkpal.ai\/gl\/#\/schema\/logo\/image\/\"},\"sameAs\":[\"https:\/\/www.facebook.com\/profile.php?id=100090733639311\",\"https:\/\/x.com\/talkpalai\",\"https:\/\/www.linkedin.com\/company\/talkpal\/\",\"https:\/\/www.youtube.com\/@TalkPal\/\",\"https:\/\/www.tiktok.com\/@talkpal\",\"https:\/\/www.instagram.com\/talkpal_ai\/\",\"https:\/\/www.crunchbase.com\/organization\/talkpal-9cde\",\"https:\/\/www.g2.com\/products\/talkpal-for-business\/\",\"https:\/\/www.trustpilot.com\/review\/talkpal.ai\",\"https:\/\/www.capterra.com\/p\/10006800\/TalkPal\/\"],\"description\":\"Talkpal is a language learning web and mobile education app, powered by the latest AI technologies, that provides engaging experiences to its customers in many different languages to help them improve their language skills. Users can chat about unlimited amount of topics with the app and use other modes to practice their language learning.\",\"email\":\"support@talkpal.ai\",\"legalName\":\"Talkpal, Inc.\",\"foundingDate\":\"2023-04-03\",\"duns\":\"118989042\",\"numberOfEmployees\":{\"@type\":\"QuantitativeValue\",\"minValue\":\"11\",\"maxValue\":\"50\"},\"publishingPrinciples\":\"https:\/\/talkpal.ai\/publishing-principles\/\",\"actionableFeedbackPolicy\":\"https:\/\/talkpal.ai\/actionable-feedback-policy\/\",\"correctionsPolicy\":\"https:\/\/talkpal.ai\/corrections-policy\/\",\"ethicsPolicy\":\"https:\/\/talkpal.ai\/ethics-policy\/\",\"diversityPolicy\":\"https:\/\/talkpal.ai\/diversity-policy\/\",\"diversityStaffingReport\":\"https:\/\/talkpal.ai\/diversity-policy\/\"}]}<\/script>\n<!-- \/ Yoast SEO Premium plugin. -->","yoast_head_json":{"title":"Gram\u00e1tica indonesia - Talkpal","description":"Domina a gram\u00e1tica indonesia sen esforzo coa aplicaci\u00f3n de aprendizaxe de idiomas con IA de Talkpal . Comun\u00edcate con confianza usando a gu\u00eda con IA de Talkpal .","robots":{"index":"index","follow":"follow","max-snippet":"max-snippet:-1","max-image-preview":"max-image-preview:large","max-video-preview":"max-video-preview:-1"},"canonical":"https:\/\/talkpal.ai\/gl\/gramatica-indonesia\/","og_locale":"gl_ES","og_type":"article","og_title":"Gram\u00e1tica indonesia","og_description":"As marabillas da gram\u00e1tica indonesia: unha gu\u00eda para estudantes de idiomas Gram\u00e1tica indonesia: sinxela pero elegante, acolledora pero atractiva,","og_url":"https:\/\/talkpal.ai\/gl\/gramatica-indonesia\/","og_site_name":"Talkpal","article_publisher":"https:\/\/www.facebook.com\/profile.php?id=100090733639311","article_modified_time":"2025-12-13T15:43:55+00:00","og_image":[{"width":512,"height":512,"url":"https:\/\/talkpal.ai\/wp-content\/uploads\/2023\/05\/indonesia.png","type":"image\/png"}],"twitter_card":"summary_large_image","twitter_site":"@talkpalai","twitter_misc":{"Tempo de lectura":"3 minutos"},"schema":{"@context":"https:\/\/schema.org","@graph":[{"@type":"WebPage","@id":"https:\/\/talkpal.ai\/gl\/gramatica-indonesia\/","url":"https:\/\/talkpal.ai\/gl\/gramatica-indonesia\/","name":"Gram\u00e1tica indonesia - Talkpal","isPartOf":{"@id":"https:\/\/talkpal.ai\/gl\/#website"},"primaryImageOfPage":{"@id":"https:\/\/talkpal.ai\/gl\/gramatica-indonesia\/#primaryimage"},"image":{"@id":"https:\/\/talkpal.ai\/gl\/gramatica-indonesia\/#primaryimage"},"thumbnailUrl":"https:\/\/talkpal.ai\/wp-content\/uploads\/2023\/05\/indonesia.png","datePublished":"2023-05-14T14:09:29+00:00","dateModified":"2025-12-13T15:43:55+00:00","description":"Domina a gram\u00e1tica indonesia sen esforzo coa aplicaci\u00f3n de aprendizaxe de idiomas con IA de Talkpal . Comun\u00edcate con confianza usando a gu\u00eda con IA de Talkpal .","breadcrumb":{"@id":"https:\/\/talkpal.ai\/gl\/gramatica-indonesia\/#breadcrumb"},"inLanguage":"gl-ES","potentialAction":[{"@type":"ReadAction","target":["https:\/\/talkpal.ai\/gl\/gramatica-indonesia\/"]}]},{"@type":"ImageObject","inLanguage":"gl-ES","@id":"https:\/\/talkpal.ai\/gl\/gramatica-indonesia\/#primaryimage","url":"https:\/\/talkpal.ai\/wp-content\/uploads\/2023\/05\/indonesia.png","contentUrl":"https:\/\/talkpal.ai\/wp-content\/uploads\/2023\/05\/indonesia.png","width":512,"height":512},{"@type":"BreadcrumbList","@id":"https:\/\/talkpal.ai\/gl\/gramatica-indonesia\/#breadcrumb","itemListElement":[{"@type":"ListItem","position":1,"name":"Homepage","item":"https:\/\/talkpal.ai\/gl\/"},{"@type":"ListItem","position":2,"name":"Gram\u00e1tica indonesia"}]},{"@type":"WebSite","@id":"https:\/\/talkpal.ai\/gl\/#website","url":"https:\/\/talkpal.ai\/gl\/","name":"Talkpal","description":"AI Language Learning","publisher":{"@id":"https:\/\/talkpal.ai\/gl\/#organization"},"alternateName":"Talkpal AI","potentialAction":[{"@type":"SearchAction","target":{"@type":"EntryPoint","urlTemplate":"https:\/\/talkpal.ai\/gl\/?s={search_term_string}"},"query-input":{"@type":"PropertyValueSpecification","valueRequired":true,"valueName":"search_term_string"}}],"inLanguage":"gl-ES"},{"@type":"Organization","@id":"https:\/\/talkpal.ai\/gl\/#organization","name":"Talkpal, Inc.","alternateName":"Talkpal AI","url":"https:\/\/talkpal.ai\/gl\/","logo":{"@type":"ImageObject","inLanguage":"gl-ES","@id":"https:\/\/talkpal.ai\/gl\/#\/schema\/logo\/image\/","url":"https:\/\/talkpal.ai\/wp-content\/uploads\/2024\/03\/Talkpal-Logo-Icon.png","contentUrl":"https:\/\/talkpal.ai\/wp-content\/uploads\/2024\/03\/Talkpal-Logo-Icon.png","width":2880,"height":2880,"caption":"Talkpal, Inc."},"image":{"@id":"https:\/\/talkpal.ai\/gl\/#\/schema\/logo\/image\/"},"sameAs":["https:\/\/www.facebook.com\/profile.php?id=100090733639311","https:\/\/x.com\/talkpalai","https:\/\/www.linkedin.com\/company\/talkpal\/","https:\/\/www.youtube.com\/@TalkPal\/","https:\/\/www.tiktok.com\/@talkpal","https:\/\/www.instagram.com\/talkpal_ai\/","https:\/\/www.crunchbase.com\/organization\/talkpal-9cde","https:\/\/www.g2.com\/products\/talkpal-for-business\/","https:\/\/www.trustpilot.com\/review\/talkpal.ai","https:\/\/www.capterra.com\/p\/10006800\/TalkPal\/"],"description":"Talkpal is a language learning web and mobile education app, powered by the latest AI technologies, that provides engaging experiences to its customers in many different languages to help them improve their language skills. Users can chat about unlimited amount of topics with the app and use other modes to practice their language learning.","email":"support@talkpal.ai","legalName":"Talkpal, Inc.","foundingDate":"2023-04-03","duns":"118989042","numberOfEmployees":{"@type":"QuantitativeValue","minValue":"11","maxValue":"50"},"publishingPrinciples":"https:\/\/talkpal.ai\/publishing-principles\/","actionableFeedbackPolicy":"https:\/\/talkpal.ai\/actionable-feedback-policy\/","correctionsPolicy":"https:\/\/talkpal.ai\/corrections-policy\/","ethicsPolicy":"https:\/\/talkpal.ai\/ethics-policy\/","diversityPolicy":"https:\/\/talkpal.ai\/diversity-policy\/","diversityStaffingReport":"https:\/\/talkpal.ai\/diversity-policy\/"}]}},"_links":{"self":[{"href":"https:\/\/talkpal.ai\/gl\/wp-json\/wp\/v2\/pages\/145223","targetHints":{"allow":["GET"]}}],"collection":[{"href":"https:\/\/talkpal.ai\/gl\/wp-json\/wp\/v2\/pages"}],"about":[{"href":"https:\/\/talkpal.ai\/gl\/wp-json\/wp\/v2\/types\/page"}],"author":[{"embeddable":true,"href":"https:\/\/talkpal.ai\/gl\/wp-json\/wp\/v2\/users\/1"}],"replies":[{"embeddable":true,"href":"https:\/\/talkpal.ai\/gl\/wp-json\/wp\/v2\/comments?post=145223"}],"version-history":[{"count":0,"href":"https:\/\/talkpal.ai\/gl\/wp-json\/wp\/v2\/pages\/145223\/revisions"}],"wp:featuredmedia":[{"embeddable":true,"href":"https:\/\/talkpal.ai\/gl\/wp-json\/wp\/v2\/media\/114039"}],"wp:attachment":[{"href":"https:\/\/talkpal.ai\/gl\/wp-json\/wp\/v2\/media?parent=145223"}],"curies":[{"name":"wp","href":"https:\/\/api.w.org\/{rel}","templated":true}]}}