{"id":144601,"date":"2023-05-14T14:08:53","date_gmt":"2023-05-14T14:08:53","guid":{"rendered":"http:\/\/talkpal.ai\/gramatica-hungara\/"},"modified":"2025-12-12T10:48:39","modified_gmt":"2025-12-12T10:48:39","slug":"gramatica-hungara","status":"publish","type":"page","link":"https:\/\/talkpal.ai\/gl\/gramatica-hungara\/","title":{"rendered":"Gram\u00e1tica h\u00fangara"},"content":{"rendered":"\r\n\r\n\r\n<section class=\"languageChallengeSection\">\r\n    <div class=\"languageInfoWrapper\">\r\n        \r\n        <h1>Gram\u00e1tica h\u00fangara<\/h1>\r\n        <p>Preparado\/a para asumir un reto ling\u00fc\u00edstico verdadeiramente \u00fanico? Merg\u00fallate na <a href=\"https:\/\/talkpal.ai\/es\/gramatica-hungara\/\">gram\u00e1tica h\u00fangara<\/a> e descubre as s\u00faas caracter\u00edsticas m\u00e1is destacables. Comeza a aprender hoxe mesmo e descubre como dominar a gram\u00e1tica h\u00fangara abre as portas a conversas significativas e a unha profunda apreciaci\u00f3n da rica herdanza ling\u00fc\u00edstica de Hungr\u00eda!<\/p>\r\n\r\n                            <a class=\"getStartedHidden\" href=\"https:\/\/app.talkpal.ai\/signup?lng=\">Empeza<\/a>\r\n        \r\n    <\/div>\r\n\r\n    <figure>\r\n    <img decoding=\"async\" width=\"768\" height=\"768\" src=\"https:\/\/talkpal.ai\/wp-content\/uploads\/2023\/06\/hungarian-768x768.png\" class=\"languageImage no-lazy\" alt=\"Language learning strategies for advanced learners\" fetchpriority=\"high\" sizes=\"(max-width: 768px) 150px, 768px\" srcset=\"https:\/\/talkpal.ai\/wp-content\/uploads\/2023\/06\/hungarian-768x768.png 768w, https:\/\/talkpal.ai\/wp-content\/uploads\/2023\/06\/hungarian-300x300.png 300w\" \/>\r\n    \r\n\r\n    <\/figure>\r\n\r\n            <a class=\"getStartedVisible\" href=\"https:\/\/app.talkpal.ai\/signup?lng=\">Empeza<\/a>\r\n    \r\n<\/section>\r\n<section class=\"promotionalBanner\">\r\n    <p class=\"promotionalText\">A forma m\u00e1is eficaz de aprender un idioma<\/p>\r\n    <a class=\"promotionalLink\" href=\"https:\/\/app.talkpal.ai\/signup?lng=\">Proba Talkpal de balde<\/a>\r\n<\/section>\n<div class=\"wp-block-group pageContainerStyle\"><div class=\"wp-block-group__inner-container is-layout-constrained wp-block-group-is-layout-constrained\">\n<h2 class=\"wp-block-heading\" id=\"h-title-unlocking-the-secrets-of-hungarian-grammar\">T\u00edtulo: Desbloqueando os segredos da gram\u00e1tica h\u00fangara<\/h2>\n\n\n\n<p>O <a href=\"https:\/\/talkpal.ai\/learn-hungarian\/\">h\u00fangaro<\/a>, unha lingua ugrofin\u00e9s, destaca polo seu sistema gramatical \u00fanico, polo que \u00e9 un reto apaixonante para os <a href=\"https:\/\/talkpal.ai\/talkpal-discount-for-language-enthusiasts\/\">entusiastas das linguas<\/a>. <a href=\"https:\/\/talkpal.ai\/pt-pt\/aprender-hungaro\/\">Aprender h\u00fangaro<\/a> non s\u00f3 ampl\u00eda os teus co\u00f1ecementos ling\u00fc\u00edsticos, sen\u00f3n que tam\u00e9n che permite afondar na cultura e historia cativadoras de Hungr\u00eda. A\u00ednda que a gram\u00e1tica h\u00fangara pode parecer intimidante inicialmente, dividila en compo\u00f1entes manexables fai que o proceso de <a href=\"https:\/\/talkpal.ai\/gl\/aprendizaxe\/\">aprendizaxe<\/a> sexa m\u00e1is accesible. Neste artigo, present\u00e1mosche o intrigante mundo da gram\u00e1tica h\u00fangara e ofrecer\u00e9mosche orientaci\u00f3ns para dominar as s\u00faas complexidades.<\/p>\n\n\n\n<h3 class=\"wp-block-heading\" id=\"h-1-word-order-a-flexible-feature\">1. Orde de palabras: unha caracter\u00edstica flexible<\/h3>\n\n\n\n<p>A diferenza de moitas outras linguas, o h\u00fangaro ten unha orde de palabras relativamente flexible. A\u00ednda que a oraci\u00f3n t\u00edpica h\u00fangara segue o patr\u00f3n Suxeito-Verbo-Obxecto (SVO), outras ordes de palabras tam\u00e9n son com\u00fans e util\u00edzanse para enfatizar diferentes partes da oraci\u00f3n. Familiarizarse con estas variaci\u00f3ns permitirache comprender e constru\u00edr frases en h\u00fangaro de forma m\u00e1is eficaz.<\/p>\n\n\n\n<h3 class=\"wp-block-heading\" id=\"h-2-nouns-and-cases-the-role-of-suffixes\">2. Substantivos e casos: o papel dos sufixos<\/h3>\n\n\n\n<p>Os substantivos h\u00fangaros non te\u00f1en x\u00e9nero gramatical, o que simplifica a construci\u00f3n da oraci\u00f3n. Non obstante, os substantivos e outras partes do discurso na gram\u00e1tica h\u00fangara utilizan unha infinidade de sufixos para indicar casos, posesi\u00f3n e pluralidade. Aprender estes sufixos e os seus usos mellorar\u00e1 moito a t\u00faa habilidade para comunicarte en h\u00fangaro.<\/p>\n\n\n\n<p>Exemplos:<\/p>\n\n\n\n<p><strong>\u2013 h\u00e1z (casa) \u2013 h\u00e1zak (casas)<\/strong><\/p>\n\n\n\n<p><strong>\u2013 h\u00e1zban (na casa) \u2013 h\u00e1zakban (nas casas)<\/strong><\/p>\n\n\n\n<h3 class=\"wp-block-heading\" id=\"h-3-verbs-conjugation-and-tense\">3. Verbos: Conxugaci\u00f3n e Tempo<\/h3>\n\n\n\n<p>Os verbos h\u00fangaros conx\u00faganse segundo o tempo, o estado de \u00e1nimo, o suxeito e a definici\u00f3n. A\u00ednda que hai varios tempos en h\u00fangaro, aprender os tres tempos primarios (<a href=\"https:\/\/talkpal.ai\/zh-hans\/grammar_exercises\/presente-%e8%a5%bf%e7%8f%ad%e7%89%99%e8%af%ad%e6%b3%95%e7%bb%83%e4%b9%a0\/\">presente<\/a>, pasado e <a href=\"https:\/\/talkpal.ai\/ja\/grammar_exercises\/futuro-%e3%82%b9%e3%83%9a%e3%82%a4%e3%83%b3%e8%aa%9e%e3%81%ae%e6%96%87%e6%b3%95%e3%81%ae%e6%bc%94%e7%bf%92\/\">futuro<\/a>) \u00e9 un bo punto de partida. Familiar\u00edzate cos patr\u00f3ns de conxugaci\u00f3n de verbos regulares e aprende <a href=\"https:\/\/talkpal.ai\/culture\/what-are-the-most-irregular-verbs-in-galician\/\">verbos irregulares<\/a> com\u00fans para mellorar as t\u00faas habilidades de comunicaci\u00f3n verbal.<\/p>\n\n\n\n<h3 class=\"wp-block-heading\" id=\"h-4-adjectives-agreement-and-placement\">4. Adxectivos: Acordo e Colocaci\u00f3n<\/h3>\n\n\n\n<p>Na gram\u00e1tica h\u00fangara, os adxectivos deben coincidir co substantivo que modifican en termos de n\u00famero (singular ou plural). Non obstante, os adxectivos non te\u00f1en que coincidir co substantivo para o caso gramatical. Os adxectivos adoitan preceder ao substantivo, proporcionando contexto descritivo para a oraci\u00f3n.<\/p>\n\n\n\n<p>Exemplos:<\/p>\n\n\n\n<p><strong>&#8211; piros alma (maz\u00e1 vermella)<\/strong><\/p>\n\n\n\n<p><strong>\u2013 sz\u00e9p vir\u00e1gok (flores fermosas)<\/strong><\/p>\n\n\n\n<h3 class=\"wp-block-heading\" id=\"h-5-vowel-harmony-a-unique-feature\">5. Harmon\u00eda voc\u00e1lica: unha caracter\u00edstica \u00fanica<\/h3>\n\n\n\n<p>Un aspecto distintivo da gram\u00e1tica h\u00fangara \u00e9 a harmon\u00eda voc\u00e1lica, que implica o acordo das vogais dentro das palabras. A harmon\u00eda voc\u00e1lica afecta a forma en que os sufixos se forman e se unen \u00e1s palabras. Comprender e practicar a harmon\u00eda voc\u00e1lica far\u00e1 que o teu h\u00fangaro escrito e falado sexa m\u00e1is preciso e natural.<\/p>\n\n\n\n<h3 class=\"wp-block-heading\" id=\"h-6-engaging-with-the-language\">6. Comprometerse coa lingua<\/h3>\n\n\n\n<p>O xeito m\u00e1is eficaz de comprender e interiorizar plenamente a gram\u00e1tica h\u00fangara \u00e9 interactuar de forma coherente coa lingua. Ao ler literatura h\u00fangara, ver pel\u00edculas nativas ou conversar activamente con falantes nativos, reforzar\u00e1s a t\u00faa comprensi\u00f3n da gram\u00e1tica ao tempo que ampliar\u00e1s o teu vocabulario.<\/p>\n\n\n\n<h3 class=\"wp-block-heading\" id=\"h-conclusion\">Conclusi\u00f3n<\/h3>\n\n\n\n<p>A\u00ednda que a gram\u00e1tica h\u00fangara pode parecer complexa, abordala paso a paso e practicala de forma consistente axudarache a ser competente nesta lingua fascinante. Acepta o desaf\u00edo mentres te embarcas na t\u00faa viaxe \u00e1 lingua h\u00fangara e pronto te atopar\u00e1s navegando con confianza polas complejidades da s\u00faa gram\u00e1tica. Feliz estudando e disfruta explorando as marabillas da gram\u00e1tica h\u00fangara!<\/p>\n<\/div><\/div>\n\r\n<section class=\"learnNavigationSection\">\r\n            \r\n        <a href=\"https:\/\/talkpal.ai\/gl\/aprende-hungaro\/\">\r\n            <div class=\"learnNavigationWrapper\">\r\n                <div class=\"learnNavigationContent\">\r\n                    <img decoding=\"async\" src=\"https:\/\/talkpal.ai\/wp-content\/uploads\/2024\/08\/Hungarian.jpg\" alt=\"Hungarian Flag\">\r\n                    <div>\r\n                        <h4>Sobre a aprendizaxe do h\u00fangaro<\/h4>\r\n                        <p>Descubre todo sobre a gram\u00e1tica h\u00fangara.<\/p>\r\n                    <\/div>\r\n                <\/div>\r\n            <\/div>\r\n        <\/a>\r\n\r\n        \r\n        <a href=\"https:\/\/talkpal.ai\/gl\/exercicios-de-gramatica-hungara\/\">\r\n            <div class=\"learnNavigationWrapper\">\r\n                <div class=\"learnNavigationContent\">\r\n                    <img decoding=\"async\" src=\"https:\/\/talkpal.ai\/wp-content\/uploads\/2024\/08\/Hungarian.jpg\" alt=\"Hungarian Flag\">\r\n                    <div>\r\n                        <h4>Exercicio de gram\u00e1tica h\u00fangara<\/h4>\r\n                        <p>Practica a gram\u00e1tica h\u00fangara.<\/p>\r\n                    <\/div>\r\n                <\/div>\r\n            <\/div>\r\n        <\/a>\r\n\r\n        \r\n        <a href=\"https:\/\/talkpal.ai\/vocabulary_language\/hungarian\/\">\r\n            <div class=\"learnNavigationWrapper\">\r\n                <div class=\"learnNavigationContent\">\r\n                    <img decoding=\"async\" src=\"https:\/\/talkpal.ai\/wp-content\/uploads\/2024\/08\/Hungarian.jpg\" alt=\"Hungarian Flag\">\r\n                    <div>\r\n                        <h4>Vocabulario h\u00fangaro<\/h4>\r\n                        <p>Ampl\u00eda o teu vocabulario h\u00fangaro.<\/p>\r\n                    <\/div>\r\n                <\/div>\r\n            <\/div>\r\n        <\/a>\r\n\r\n            <\/section>","protected":false},"excerpt":{"rendered":"<p>T\u00edtulo: Desbloqueando os segredos da gram\u00e1tica h\u00fangara O h\u00fangaro, unha lingua ugrofin\u00e9s, destaca polo seu sistema gramatical \u00fanico, polo que \u00e9 un reto apaixonante para os entusiastas das linguas. Aprender h\u00fangaro non s\u00f3 ampl\u00eda os teus co\u00f1ecementos ling\u00fc\u00edsticos, sen\u00f3n que tam\u00e9n che permite afondar na cultura e historia cativadoras de Hungr\u00eda. A\u00ednda que a gram\u00e1tica [&hellip;]<\/p>\n","protected":false},"author":1,"featured_media":113296,"parent":0,"menu_order":0,"comment_status":"closed","ping_status":"closed","template":"LearningContentPage.php","meta":{"_acf_changed":false,"footnotes":""},"class_list":["post-144601","page","type-page","status-publish","has-post-thumbnail","hentry"],"acf":[],"yoast_head":"<!-- This site is optimized with the Yoast SEO Premium plugin v27.2 (Yoast SEO v27.2) - https:\/\/yoast.com\/product\/yoast-seo-premium-wordpress\/ -->\n<title>Gram\u00e1tica h\u00fangara - Talkpal<\/title>\n<meta name=\"description\" content=\"Domina a gram\u00e1tica h\u00fangara: aprende as regras gramaticais e practica a formaci\u00f3n de frases. Recibe orientaci\u00f3n \u00fatil da IA Talkpal .\" \/>\n<meta name=\"robots\" content=\"index, follow, max-snippet:-1, max-image-preview:large, max-video-preview:-1\" \/>\n<link rel=\"canonical\" href=\"https:\/\/talkpal.ai\/gl\/gramatica-hungara\/\" \/>\n<meta property=\"og:locale\" content=\"gl_ES\" \/>\n<meta property=\"og:type\" content=\"article\" \/>\n<meta property=\"og:title\" content=\"Gram\u00e1tica h\u00fangara\" \/>\n<meta property=\"og:description\" content=\"T\u00edtulo: Desbloqueando os segredos da gram\u00e1tica h\u00fangara O h\u00fangaro, unha lingua ugrofin\u00e9s, destaca polo seu sistema gramatical \u00fanico, polo que \u00e9 un reto\" \/>\n<meta property=\"og:url\" content=\"https:\/\/talkpal.ai\/gl\/gramatica-hungara\/\" \/>\n<meta property=\"og:site_name\" content=\"Talkpal\" \/>\n<meta property=\"article:publisher\" content=\"https:\/\/www.facebook.com\/profile.php?id=100090733639311\" \/>\n<meta property=\"article:modified_time\" content=\"2025-12-12T10:48:39+00:00\" \/>\n<meta property=\"og:image\" content=\"https:\/\/talkpal.ai\/wp-content\/uploads\/2023\/05\/Hungarian.png\" \/>\n\t<meta property=\"og:image:width\" content=\"512\" \/>\n\t<meta property=\"og:image:height\" content=\"512\" \/>\n\t<meta property=\"og:image:type\" content=\"image\/png\" \/>\n<meta name=\"twitter:card\" content=\"summary_large_image\" \/>\n<meta name=\"twitter:site\" content=\"@talkpalai\" \/>\n<meta name=\"twitter:label1\" content=\"Tempo de lectura\" \/>\n\t<meta name=\"twitter:data1\" content=\"3 minutos\" \/>\n<script type=\"application\/ld+json\" class=\"yoast-schema-graph\">{\"@context\":\"https:\/\/schema.org\",\"@graph\":[{\"@type\":\"WebPage\",\"@id\":\"https:\/\/talkpal.ai\/gl\/gramatica-hungara\/\",\"url\":\"https:\/\/talkpal.ai\/gl\/gramatica-hungara\/\",\"name\":\"Gram\u00e1tica h\u00fangara - Talkpal\",\"isPartOf\":{\"@id\":\"https:\/\/talkpal.ai\/gl\/#website\"},\"primaryImageOfPage\":{\"@id\":\"https:\/\/talkpal.ai\/gl\/gramatica-hungara\/#primaryimage\"},\"image\":{\"@id\":\"https:\/\/talkpal.ai\/gl\/gramatica-hungara\/#primaryimage\"},\"thumbnailUrl\":\"https:\/\/talkpal.ai\/wp-content\/uploads\/2023\/05\/Hungarian.png\",\"datePublished\":\"2023-05-14T14:08:53+00:00\",\"dateModified\":\"2025-12-12T10:48:39+00:00\",\"description\":\"Domina a gram\u00e1tica h\u00fangara: aprende as regras gramaticais e practica a formaci\u00f3n de frases. Recibe orientaci\u00f3n \u00fatil da IA Talkpal .\",\"breadcrumb\":{\"@id\":\"https:\/\/talkpal.ai\/gl\/gramatica-hungara\/#breadcrumb\"},\"inLanguage\":\"gl-ES\",\"potentialAction\":[{\"@type\":\"ReadAction\",\"target\":[\"https:\/\/talkpal.ai\/gl\/gramatica-hungara\/\"]}]},{\"@type\":\"ImageObject\",\"inLanguage\":\"gl-ES\",\"@id\":\"https:\/\/talkpal.ai\/gl\/gramatica-hungara\/#primaryimage\",\"url\":\"https:\/\/talkpal.ai\/wp-content\/uploads\/2023\/05\/Hungarian.png\",\"contentUrl\":\"https:\/\/talkpal.ai\/wp-content\/uploads\/2023\/05\/Hungarian.png\",\"width\":512,\"height\":512},{\"@type\":\"BreadcrumbList\",\"@id\":\"https:\/\/talkpal.ai\/gl\/gramatica-hungara\/#breadcrumb\",\"itemListElement\":[{\"@type\":\"ListItem\",\"position\":1,\"name\":\"Homepage\",\"item\":\"https:\/\/talkpal.ai\/gl\/\"},{\"@type\":\"ListItem\",\"position\":2,\"name\":\"Gram\u00e1tica h\u00fangara\"}]},{\"@type\":\"WebSite\",\"@id\":\"https:\/\/talkpal.ai\/gl\/#website\",\"url\":\"https:\/\/talkpal.ai\/gl\/\",\"name\":\"Talkpal\",\"description\":\"AI Language Learning\",\"publisher\":{\"@id\":\"https:\/\/talkpal.ai\/gl\/#organization\"},\"alternateName\":\"Talkpal AI\",\"potentialAction\":[{\"@type\":\"SearchAction\",\"target\":{\"@type\":\"EntryPoint\",\"urlTemplate\":\"https:\/\/talkpal.ai\/gl\/?s={search_term_string}\"},\"query-input\":{\"@type\":\"PropertyValueSpecification\",\"valueRequired\":true,\"valueName\":\"search_term_string\"}}],\"inLanguage\":\"gl-ES\"},{\"@type\":\"Organization\",\"@id\":\"https:\/\/talkpal.ai\/gl\/#organization\",\"name\":\"Talkpal, Inc.\",\"alternateName\":\"Talkpal AI\",\"url\":\"https:\/\/talkpal.ai\/gl\/\",\"logo\":{\"@type\":\"ImageObject\",\"inLanguage\":\"gl-ES\",\"@id\":\"https:\/\/talkpal.ai\/gl\/#\/schema\/logo\/image\/\",\"url\":\"https:\/\/talkpal.ai\/wp-content\/uploads\/2024\/03\/Talkpal-Logo-Icon.png\",\"contentUrl\":\"https:\/\/talkpal.ai\/wp-content\/uploads\/2024\/03\/Talkpal-Logo-Icon.png\",\"width\":2880,\"height\":2880,\"caption\":\"Talkpal, Inc.\"},\"image\":{\"@id\":\"https:\/\/talkpal.ai\/gl\/#\/schema\/logo\/image\/\"},\"sameAs\":[\"https:\/\/www.facebook.com\/profile.php?id=100090733639311\",\"https:\/\/x.com\/talkpalai\",\"https:\/\/www.linkedin.com\/company\/talkpal\/\",\"https:\/\/www.youtube.com\/@TalkPal\/\",\"https:\/\/www.tiktok.com\/@talkpal\",\"https:\/\/www.instagram.com\/talkpal_ai\/\",\"https:\/\/www.crunchbase.com\/organization\/talkpal-9cde\",\"https:\/\/www.g2.com\/products\/talkpal-for-business\/\",\"https:\/\/www.trustpilot.com\/review\/talkpal.ai\",\"https:\/\/www.capterra.com\/p\/10006800\/TalkPal\/\"],\"description\":\"Talkpal is a language learning web and mobile education app, powered by the latest AI technologies, that provides engaging experiences to its customers in many different languages to help them improve their language skills. Users can chat about unlimited amount of topics with the app and use other modes to practice their language learning.\",\"email\":\"support@talkpal.ai\",\"legalName\":\"Talkpal, Inc.\",\"foundingDate\":\"2023-04-03\",\"duns\":\"118989042\",\"numberOfEmployees\":{\"@type\":\"QuantitativeValue\",\"minValue\":\"11\",\"maxValue\":\"50\"},\"publishingPrinciples\":\"https:\/\/talkpal.ai\/publishing-principles\/\",\"actionableFeedbackPolicy\":\"https:\/\/talkpal.ai\/actionable-feedback-policy\/\",\"correctionsPolicy\":\"https:\/\/talkpal.ai\/corrections-policy\/\",\"ethicsPolicy\":\"https:\/\/talkpal.ai\/ethics-policy\/\",\"diversityPolicy\":\"https:\/\/talkpal.ai\/diversity-policy\/\",\"diversityStaffingReport\":\"https:\/\/talkpal.ai\/diversity-policy\/\"}]}<\/script>\n<!-- \/ Yoast SEO Premium plugin. -->","yoast_head_json":{"title":"Gram\u00e1tica h\u00fangara - Talkpal","description":"Domina a gram\u00e1tica h\u00fangara: aprende as regras gramaticais e practica a formaci\u00f3n de frases. Recibe orientaci\u00f3n \u00fatil da IA Talkpal .","robots":{"index":"index","follow":"follow","max-snippet":"max-snippet:-1","max-image-preview":"max-image-preview:large","max-video-preview":"max-video-preview:-1"},"canonical":"https:\/\/talkpal.ai\/gl\/gramatica-hungara\/","og_locale":"gl_ES","og_type":"article","og_title":"Gram\u00e1tica h\u00fangara","og_description":"T\u00edtulo: Desbloqueando os segredos da gram\u00e1tica h\u00fangara O h\u00fangaro, unha lingua ugrofin\u00e9s, destaca polo seu sistema gramatical \u00fanico, polo que \u00e9 un reto","og_url":"https:\/\/talkpal.ai\/gl\/gramatica-hungara\/","og_site_name":"Talkpal","article_publisher":"https:\/\/www.facebook.com\/profile.php?id=100090733639311","article_modified_time":"2025-12-12T10:48:39+00:00","og_image":[{"width":512,"height":512,"url":"https:\/\/talkpal.ai\/wp-content\/uploads\/2023\/05\/Hungarian.png","type":"image\/png"}],"twitter_card":"summary_large_image","twitter_site":"@talkpalai","twitter_misc":{"Tempo de lectura":"3 minutos"},"schema":{"@context":"https:\/\/schema.org","@graph":[{"@type":"WebPage","@id":"https:\/\/talkpal.ai\/gl\/gramatica-hungara\/","url":"https:\/\/talkpal.ai\/gl\/gramatica-hungara\/","name":"Gram\u00e1tica h\u00fangara - Talkpal","isPartOf":{"@id":"https:\/\/talkpal.ai\/gl\/#website"},"primaryImageOfPage":{"@id":"https:\/\/talkpal.ai\/gl\/gramatica-hungara\/#primaryimage"},"image":{"@id":"https:\/\/talkpal.ai\/gl\/gramatica-hungara\/#primaryimage"},"thumbnailUrl":"https:\/\/talkpal.ai\/wp-content\/uploads\/2023\/05\/Hungarian.png","datePublished":"2023-05-14T14:08:53+00:00","dateModified":"2025-12-12T10:48:39+00:00","description":"Domina a gram\u00e1tica h\u00fangara: aprende as regras gramaticais e practica a formaci\u00f3n de frases. Recibe orientaci\u00f3n \u00fatil da IA Talkpal .","breadcrumb":{"@id":"https:\/\/talkpal.ai\/gl\/gramatica-hungara\/#breadcrumb"},"inLanguage":"gl-ES","potentialAction":[{"@type":"ReadAction","target":["https:\/\/talkpal.ai\/gl\/gramatica-hungara\/"]}]},{"@type":"ImageObject","inLanguage":"gl-ES","@id":"https:\/\/talkpal.ai\/gl\/gramatica-hungara\/#primaryimage","url":"https:\/\/talkpal.ai\/wp-content\/uploads\/2023\/05\/Hungarian.png","contentUrl":"https:\/\/talkpal.ai\/wp-content\/uploads\/2023\/05\/Hungarian.png","width":512,"height":512},{"@type":"BreadcrumbList","@id":"https:\/\/talkpal.ai\/gl\/gramatica-hungara\/#breadcrumb","itemListElement":[{"@type":"ListItem","position":1,"name":"Homepage","item":"https:\/\/talkpal.ai\/gl\/"},{"@type":"ListItem","position":2,"name":"Gram\u00e1tica h\u00fangara"}]},{"@type":"WebSite","@id":"https:\/\/talkpal.ai\/gl\/#website","url":"https:\/\/talkpal.ai\/gl\/","name":"Talkpal","description":"AI Language Learning","publisher":{"@id":"https:\/\/talkpal.ai\/gl\/#organization"},"alternateName":"Talkpal AI","potentialAction":[{"@type":"SearchAction","target":{"@type":"EntryPoint","urlTemplate":"https:\/\/talkpal.ai\/gl\/?s={search_term_string}"},"query-input":{"@type":"PropertyValueSpecification","valueRequired":true,"valueName":"search_term_string"}}],"inLanguage":"gl-ES"},{"@type":"Organization","@id":"https:\/\/talkpal.ai\/gl\/#organization","name":"Talkpal, Inc.","alternateName":"Talkpal AI","url":"https:\/\/talkpal.ai\/gl\/","logo":{"@type":"ImageObject","inLanguage":"gl-ES","@id":"https:\/\/talkpal.ai\/gl\/#\/schema\/logo\/image\/","url":"https:\/\/talkpal.ai\/wp-content\/uploads\/2024\/03\/Talkpal-Logo-Icon.png","contentUrl":"https:\/\/talkpal.ai\/wp-content\/uploads\/2024\/03\/Talkpal-Logo-Icon.png","width":2880,"height":2880,"caption":"Talkpal, Inc."},"image":{"@id":"https:\/\/talkpal.ai\/gl\/#\/schema\/logo\/image\/"},"sameAs":["https:\/\/www.facebook.com\/profile.php?id=100090733639311","https:\/\/x.com\/talkpalai","https:\/\/www.linkedin.com\/company\/talkpal\/","https:\/\/www.youtube.com\/@TalkPal\/","https:\/\/www.tiktok.com\/@talkpal","https:\/\/www.instagram.com\/talkpal_ai\/","https:\/\/www.crunchbase.com\/organization\/talkpal-9cde","https:\/\/www.g2.com\/products\/talkpal-for-business\/","https:\/\/www.trustpilot.com\/review\/talkpal.ai","https:\/\/www.capterra.com\/p\/10006800\/TalkPal\/"],"description":"Talkpal is a language learning web and mobile education app, powered by the latest AI technologies, that provides engaging experiences to its customers in many different languages to help them improve their language skills. Users can chat about unlimited amount of topics with the app and use other modes to practice their language learning.","email":"support@talkpal.ai","legalName":"Talkpal, Inc.","foundingDate":"2023-04-03","duns":"118989042","numberOfEmployees":{"@type":"QuantitativeValue","minValue":"11","maxValue":"50"},"publishingPrinciples":"https:\/\/talkpal.ai\/publishing-principles\/","actionableFeedbackPolicy":"https:\/\/talkpal.ai\/actionable-feedback-policy\/","correctionsPolicy":"https:\/\/talkpal.ai\/corrections-policy\/","ethicsPolicy":"https:\/\/talkpal.ai\/ethics-policy\/","diversityPolicy":"https:\/\/talkpal.ai\/diversity-policy\/","diversityStaffingReport":"https:\/\/talkpal.ai\/diversity-policy\/"}]}},"_links":{"self":[{"href":"https:\/\/talkpal.ai\/gl\/wp-json\/wp\/v2\/pages\/144601","targetHints":{"allow":["GET"]}}],"collection":[{"href":"https:\/\/talkpal.ai\/gl\/wp-json\/wp\/v2\/pages"}],"about":[{"href":"https:\/\/talkpal.ai\/gl\/wp-json\/wp\/v2\/types\/page"}],"author":[{"embeddable":true,"href":"https:\/\/talkpal.ai\/gl\/wp-json\/wp\/v2\/users\/1"}],"replies":[{"embeddable":true,"href":"https:\/\/talkpal.ai\/gl\/wp-json\/wp\/v2\/comments?post=144601"}],"version-history":[{"count":0,"href":"https:\/\/talkpal.ai\/gl\/wp-json\/wp\/v2\/pages\/144601\/revisions"}],"wp:featuredmedia":[{"embeddable":true,"href":"https:\/\/talkpal.ai\/gl\/wp-json\/wp\/v2\/media\/113296"}],"wp:attachment":[{"href":"https:\/\/talkpal.ai\/gl\/wp-json\/wp\/v2\/media?parent=144601"}],"curies":[{"name":"wp","href":"https:\/\/api.w.org\/{rel}","templated":true}]}}