{"id":144310,"date":"2023-05-14T14:04:48","date_gmt":"2023-05-14T14:04:48","guid":{"rendered":"http:\/\/talkpal.ai\/gramatica-hebrea\/"},"modified":"2025-12-13T15:39:58","modified_gmt":"2025-12-13T15:39:58","slug":"gramatica-hebrea","status":"publish","type":"page","link":"https:\/\/talkpal.ai\/gl\/gramatica-hebrea\/","title":{"rendered":"Gram\u00e1tica hebrea"},"content":{"rendered":"\r\n\r\n\r\n<section class=\"languageChallengeSection\">\r\n    <div class=\"languageInfoWrapper\">\r\n        \r\n        <h1>Gram\u00e1tica hebrea<\/h1>\r\n        <p>Aprende <a href=\"https:\/\/talkpal.ai\/hebrew-grammar\/\">gram\u00e1tica hebrea<\/a> e descubre os segredos dunha lingua con profundas ra\u00edces hist\u00f3ricas e relevancia moderna. Acepta o reto e conecta cunha cultura vibrante a trav\u00e9s da beleza da gram\u00e1tica hebrea!<\/p>\r\n\r\n                            <a class=\"getStartedHidden\" href=\"https:\/\/app.talkpal.ai\/signup?lng=\">Empeza<\/a>\r\n        \r\n    <\/div>\r\n\r\n    <figure>\r\n    <img decoding=\"async\" width=\"768\" height=\"768\" src=\"https:\/\/talkpal.ai\/wp-content\/uploads\/2023\/06\/hebrew-768x768.png\" class=\"languageImage no-lazy\" alt=\"Language learning for proficient communication\" fetchpriority=\"high\" sizes=\"(max-width: 768px) 150px, 768px\" srcset=\"https:\/\/talkpal.ai\/wp-content\/uploads\/2023\/06\/hebrew-768x768.png 768w, https:\/\/talkpal.ai\/wp-content\/uploads\/2023\/06\/hebrew-300x300.png 300w\" \/>\r\n    \r\n\r\n    <\/figure>\r\n\r\n            <a class=\"getStartedVisible\" href=\"https:\/\/app.talkpal.ai\/signup?lng=\">Empeza<\/a>\r\n    \r\n<\/section>\r\n<section class=\"promotionalBanner\">\r\n    <p class=\"promotionalText\">A forma m\u00e1is eficaz de aprender un idioma<\/p>\r\n    <a class=\"promotionalLink\" href=\"https:\/\/app.talkpal.ai\/signup?lng=\">Proba Talkpal de balde<\/a>\r\n<\/section>\n<div class=\"wp-block-group pageContainerStyle\"><div class=\"wp-block-group__inner-container is-layout-constrained wp-block-group-is-layout-constrained\">\n<h2 class=\"wp-block-heading\" id=\"h-mastering-hebrew-grammar-your-ultimate-guide\">Dominar a gram\u00e1tica hebrea: a t\u00faa gu\u00eda definitiva<\/h2>\n\n\n\n<p>Shalom, entusiastas da lingua! Est\u00e1s preparado para mergullarte no fascinante mundo da gram\u00e1tica hebrea? Chegaches ao lugar indicado. Cheo de informaci\u00f3n f\u00e1cil de entender e un ton conversacional, este artigo guiarache a trav\u00e9s do fascinante reino da gram\u00e1tica hebrea. En breve, poder\u00e1s constru\u00edr frases e participar en conversas significativas con falantes nativos. Ent\u00f3n, imos <a href=\"https:\/\/talkpal.ai\/ko\/ai-%ec%96%b8%ec%96%b4-%ea%b5%90%ec%82%ac\/\">comezar<\/a> a s\u00faa viaxe para dominar a gram\u00e1tica hebrea!<\/p>\n\n\n\n<p><strong>Pero primeiro, por que a gram\u00e1tica hebrea?<\/strong><\/p>\n\n\n\n<p>Se est\u00e1s aprendendo <a href=\"https:\/\/talkpal.ai\/learn-hebrew\/\">hebreo<\/a>, unha base s\u00f3lida de gram\u00e1tica \u00e9 esencial para falar, ler e escribir con fluidez. A\u00ednda que a gram\u00e1tica hebrea pode parecer complexa inicialmente, faise m\u00e1is accesible unha vez dividida en pezas m\u00e1is pequenas e m\u00e1is manexables. Ent\u00f3n, imos embarcarnos nesta emocionante viaxe!<\/p>\n\n\n\n<h3 class=\"wp-block-heading\" id=\"h-1-nouns-gender-and-number\">1. Substantivos, x\u00e9nero e n\u00famero<\/h3>\n\n\n\n<p>Os substantivos hebreos te\u00f1en dous x\u00e9neros, masculino e feminino, e poden ser singulares ou plurales. Identificar o x\u00e9nero dun substantivo constit\u00fae unha base para a correcta construci\u00f3n de frases porque afecta a outras partes da oraci\u00f3n, <a href=\"https:\/\/talkpal.ai\/locations\/language-courses-in-como\/\">como<\/a> os verbos e os adxectivos.  <\/p>\n\n\n\n<p>Unha regra xeral: se un substantivo remata en &#8220;\u05d4&#8221; (hey) ou &#8220;\u05ea&#8221; (tav), normalmente \u00e9 feminino. Non obstante, existen excepci\u00f3ns, polo que \u00e9 fundamental memorizar os x\u00e9neros dos substantivos mentres aprende vocabulario.<\/p>\n\n\n\n<p>Ademais, os substantivos hebreos toman diferentes formas dependendo do n\u00famero. Os substantivos masculinos plural terminan normalmente en &#8220;\u05d9\u05dd&#8221; (yim), mentres que os substantivos femininos plural terminan en &#8220;\u05d5\u05ea&#8221; (ot).<\/p>\n\n\n\n<h3 class=\"wp-block-heading\" id=\"h-2-adjectives-agreement-and-definite-articles\">2. Adxectivos, acordo e artigos determinados<\/h3>\n\n\n\n<p>Os adxectivos en hebreo deben coincidir en x\u00e9nero e n\u00famero co substantivo que modifican. Para facer un adxectivo feminino, engade unha \u201c\u05d4\u201d (hey) ao final se a\u00ednda non o ten. Para facer un plural adxectivo, siga o mesmo principio que os substantivos: engade &#8220;\u05d9\u05dd&#8221; para masculino e &#8220;\u05d5\u05ea&#8221; para feminino.<\/p>\n\n\n\n<p>O artigo definido &#8220;o&#8221; en hebreo \u00e9 &#8220;\u05d4&#8221; (hey) e eng\u00e1dese como prefixo ao substantivo ou adxectivo. Por exemplo, &#8220;\u05d4\u05e1\u05e4\u05e8&#8221; (haSefer &#8211; o libro) ou &#8220;\u05d4\u05db\u05d3\u05d5\u05e8 \u05d4\u05d2\u05d3\u05d5\u05dc&#8221; (hakadur hagadol &#8211; a bola grande).<\/p>\n\n\n\n<h3 class=\"wp-block-heading\" id=\"h-3-verbs-tense-and-conjugation\">3. Verbos, tempo e conxugaci\u00f3n<\/h3>\n\n\n\n<p>Os verbos hebreos xogan un papel crucial na gram\u00e1tica e div\u00eddense en sete grupos de conxugaci\u00f3n chamados &#8220;binyanim&#8221;. Cada binyan afecta o significado e o papel do verbo nunha oraci\u00f3n.<\/p>\n\n\n\n<p>Para darche unha visi\u00f3n xeral r\u00e1pida, imos discutir o tempo <a href=\"https:\/\/talkpal.ai\/zh-hans\/grammar_exercises\/presente-%e8%a5%bf%e7%8f%ad%e7%89%99%e8%af%ad%e6%b3%95%e7%bb%83%e4%b9%a0\/\">presente<\/a> dos verbos regulares:<\/p>\n\n\n\n<p><strong>\u2013 \u05d0\u05e0\u05d9 \u05e7\u05d5\u05e8\u05d0\/\u05ea (ani kore\/et \u2013 lin, masc.\/fem.)<\/strong><\/p>\n\n\n\n<p><strong>\u2013 \u05d0\u05ea\/\u05d4 \u05e7\u05d5\u05e8\u05d0\/\u05ea (ata\/at kore\/et \u2013 le, masc.\/fem.)<\/strong><\/p>\n\n\n\n<p><strong>\u2013 \u05d4\u05d5\u05d0\/\u05d4\u05d9\u05d0 \u05e7\u05d5\u05e8\u05d0\/\u05ea (hu\/hi kore\/et \u2013 el\/ela le)<\/strong><\/p>\n\n\n\n<p>Lembra que isto \u00e9 s\u00f3 o comezo! Moitos outros tempos, <a href=\"https:\/\/talkpal.ai\/culture\/what-are-the-most-irregular-verbs-in-galician\/\">verbos irregulares<\/a> e complexidades binyan xurdir\u00e1n a medida que avances.<\/p>\n\n\n\n<h3 class=\"wp-block-heading\" id=\"h-4-pronouns-prepositions-and-more\">4. Pronomes, preposici\u00f3ns e moito m\u00e1is!<\/h3>\n\n\n\n<p>A gram\u00e1tica hebrea implica outros compo\u00f1entes como pronomes (\u05d0\u05e0\u05d9, \u05d0\u05ea\u05d4, \u05d4\u05d5\u05d0, \u05d4\u05d9\u05d0, etc.), preposici\u00f3ns (\u05d1, \u05dc, \u05de, \u05e2\u05dc, etc.) e expresi\u00f3ns idiom\u00e1ticas. Abordar cada elemento \u00e9 vital para lograr unha fluidez completa en hebreo, as\u00ed que d\u00e1 un paso \u00e1 vez.<\/p>\n\n\n\n<p>En conclusi\u00f3n, non hai atallo para dominar a gram\u00e1tica hebrea. Esixe persistencia, pr\u00e1ctica e paciencia. Non obstante, unha vez que comprendas as s\u00faas complejidades, saborear\u00e1s os matices de conversar en hebreo, explorar\u00e1s a rica cultura e historia e afondar\u00e1s no teu aprecio pola lingua. \u05d1\u05d4\u05e6\u05dc\u05d7\u05d4 (behatzlacha &#8211; <a href=\"https:\/\/talkpal.ai\/culture\/how-do-i-say-good-luck-in-portuguese\/\">boa sorte<\/a>)!<\/p>\n<\/div><\/div>\n\r\n<section class=\"learnNavigationSection\">\r\n            \r\n        <a href=\"https:\/\/talkpal.ai\/gl\/aprende-hebreo\/\">\r\n            <div class=\"learnNavigationWrapper\">\r\n                <div class=\"learnNavigationContent\">\r\n                    <img decoding=\"async\" src=\"https:\/\/talkpal.ai\/wp-content\/uploads\/2024\/08\/Hebrew.jpg\" alt=\"Israel Flag\">\r\n                    <div>\r\n                        <h4>Sobre a aprendizaxe do hebreo<\/h4>\r\n                        <p>Descubre todo sobre a gram\u00e1tica hebrea.<\/p>\r\n                    <\/div>\r\n                <\/div>\r\n            <\/div>\r\n        <\/a>\r\n\r\n        \r\n        <a href=\"https:\/\/talkpal.ai\/gl\/exercicios-de-gramatica-hebrea\/\">\r\n            <div class=\"learnNavigationWrapper\">\r\n                <div class=\"learnNavigationContent\">\r\n                    <img decoding=\"async\" src=\"https:\/\/talkpal.ai\/wp-content\/uploads\/2024\/08\/Hebrew.jpg\" alt=\"Israel Flag\">\r\n                    <div>\r\n                        <h4>Exercicio de gram\u00e1tica hebrea<\/h4>\r\n                        <p>Practica a gram\u00e1tica hebrea.<\/p>\r\n                    <\/div>\r\n                <\/div>\r\n            <\/div>\r\n        <\/a>\r\n\r\n        \r\n        <a href=\"https:\/\/talkpal.ai\/vocabulary_language\/hebrew\/\">\r\n            <div class=\"learnNavigationWrapper\">\r\n                <div class=\"learnNavigationContent\">\r\n                    <img decoding=\"async\" src=\"https:\/\/talkpal.ai\/wp-content\/uploads\/2024\/08\/Hebrew.jpg\" alt=\"Israel Flag\">\r\n                    <div>\r\n                        <h4>Vocabulario hebreo<\/h4>\r\n                        <p>Ampl\u00eda o teu vocabulario hebreo.<\/p>\r\n                    <\/div>\r\n                <\/div>\r\n            <\/div>\r\n        <\/a>\r\n\r\n            <\/section>","protected":false},"excerpt":{"rendered":"<p>Dominar a gram\u00e1tica hebrea: a t\u00faa gu\u00eda definitiva Shalom, entusiastas da lingua! Est\u00e1s preparado para mergullarte no fascinante mundo da gram\u00e1tica hebrea? Chegaches ao lugar indicado. Cheo de informaci\u00f3n f\u00e1cil de entender e un ton conversacional, este artigo guiarache a trav\u00e9s do fascinante reino da gram\u00e1tica hebrea. En breve, poder\u00e1s constru\u00edr frases e participar en [&hellip;]<\/p>\n","protected":false},"author":1,"featured_media":113049,"parent":0,"menu_order":0,"comment_status":"closed","ping_status":"closed","template":"LearningContentPage.php","meta":{"_acf_changed":false,"footnotes":""},"class_list":["post-144310","page","type-page","status-publish","has-post-thumbnail","hentry"],"acf":[],"yoast_head":"<!-- This site is optimized with the Yoast SEO Premium plugin v27.2 (Yoast SEO v27.2) - https:\/\/yoast.com\/product\/yoast-seo-premium-wordpress\/ -->\n<title>Gram\u00e1tica hebrea - Talkpal<\/title>\n<meta name=\"description\" content=\"Mellora a t\u00faa gram\u00e1tica hebrea con confianza: aprende regras clave, forma frases correctas e comun\u00edcate con claridade coas sinxelas lecci\u00f3ns de IA de Talkpal .\" \/>\n<meta name=\"robots\" content=\"index, follow, max-snippet:-1, max-image-preview:large, max-video-preview:-1\" \/>\n<link rel=\"canonical\" href=\"https:\/\/talkpal.ai\/gl\/gramatica-hebrea\/\" \/>\n<meta property=\"og:locale\" content=\"gl_ES\" \/>\n<meta property=\"og:type\" content=\"article\" \/>\n<meta property=\"og:title\" content=\"Gram\u00e1tica hebrea\" \/>\n<meta property=\"og:description\" content=\"Dominar a gram\u00e1tica hebrea: a t\u00faa gu\u00eda definitiva Shalom, entusiastas da lingua! Est\u00e1s preparado para mergullarte no fascinante mundo da gram\u00e1tica hebrea?\" \/>\n<meta property=\"og:url\" content=\"https:\/\/talkpal.ai\/gl\/gramatica-hebrea\/\" \/>\n<meta property=\"og:site_name\" content=\"Talkpal\" \/>\n<meta property=\"article:publisher\" content=\"https:\/\/www.facebook.com\/profile.php?id=100090733639311\" \/>\n<meta property=\"article:modified_time\" content=\"2025-12-13T15:39:58+00:00\" \/>\n<meta property=\"og:image\" content=\"https:\/\/talkpal.ai\/wp-content\/uploads\/2023\/05\/israel.png\" \/>\n\t<meta property=\"og:image:width\" content=\"512\" \/>\n\t<meta property=\"og:image:height\" content=\"512\" \/>\n\t<meta property=\"og:image:type\" content=\"image\/png\" \/>\n<meta name=\"twitter:card\" content=\"summary_large_image\" \/>\n<meta name=\"twitter:site\" content=\"@talkpalai\" \/>\n<meta name=\"twitter:label1\" content=\"Tempo de lectura\" \/>\n\t<meta name=\"twitter:data1\" content=\"3 minutos\" \/>\n<script type=\"application\/ld+json\" class=\"yoast-schema-graph\">{\"@context\":\"https:\/\/schema.org\",\"@graph\":[{\"@type\":\"WebPage\",\"@id\":\"https:\/\/talkpal.ai\/gl\/gramatica-hebrea\/\",\"url\":\"https:\/\/talkpal.ai\/gl\/gramatica-hebrea\/\",\"name\":\"Gram\u00e1tica hebrea - Talkpal\",\"isPartOf\":{\"@id\":\"https:\/\/talkpal.ai\/gl\/#website\"},\"primaryImageOfPage\":{\"@id\":\"https:\/\/talkpal.ai\/gl\/gramatica-hebrea\/#primaryimage\"},\"image\":{\"@id\":\"https:\/\/talkpal.ai\/gl\/gramatica-hebrea\/#primaryimage\"},\"thumbnailUrl\":\"https:\/\/talkpal.ai\/wp-content\/uploads\/2023\/05\/israel.png\",\"datePublished\":\"2023-05-14T14:04:48+00:00\",\"dateModified\":\"2025-12-13T15:39:58+00:00\",\"description\":\"Mellora a t\u00faa gram\u00e1tica hebrea con confianza: aprende regras clave, forma frases correctas e comun\u00edcate con claridade coas sinxelas lecci\u00f3ns de IA de Talkpal .\",\"breadcrumb\":{\"@id\":\"https:\/\/talkpal.ai\/gl\/gramatica-hebrea\/#breadcrumb\"},\"inLanguage\":\"gl-ES\",\"potentialAction\":[{\"@type\":\"ReadAction\",\"target\":[\"https:\/\/talkpal.ai\/gl\/gramatica-hebrea\/\"]}]},{\"@type\":\"ImageObject\",\"inLanguage\":\"gl-ES\",\"@id\":\"https:\/\/talkpal.ai\/gl\/gramatica-hebrea\/#primaryimage\",\"url\":\"https:\/\/talkpal.ai\/wp-content\/uploads\/2023\/05\/israel.png\",\"contentUrl\":\"https:\/\/talkpal.ai\/wp-content\/uploads\/2023\/05\/israel.png\",\"width\":512,\"height\":512},{\"@type\":\"BreadcrumbList\",\"@id\":\"https:\/\/talkpal.ai\/gl\/gramatica-hebrea\/#breadcrumb\",\"itemListElement\":[{\"@type\":\"ListItem\",\"position\":1,\"name\":\"Homepage\",\"item\":\"https:\/\/talkpal.ai\/gl\/\"},{\"@type\":\"ListItem\",\"position\":2,\"name\":\"Gram\u00e1tica hebrea\"}]},{\"@type\":\"WebSite\",\"@id\":\"https:\/\/talkpal.ai\/gl\/#website\",\"url\":\"https:\/\/talkpal.ai\/gl\/\",\"name\":\"Talkpal\",\"description\":\"AI Language Learning\",\"publisher\":{\"@id\":\"https:\/\/talkpal.ai\/gl\/#organization\"},\"alternateName\":\"Talkpal AI\",\"potentialAction\":[{\"@type\":\"SearchAction\",\"target\":{\"@type\":\"EntryPoint\",\"urlTemplate\":\"https:\/\/talkpal.ai\/gl\/?s={search_term_string}\"},\"query-input\":{\"@type\":\"PropertyValueSpecification\",\"valueRequired\":true,\"valueName\":\"search_term_string\"}}],\"inLanguage\":\"gl-ES\"},{\"@type\":\"Organization\",\"@id\":\"https:\/\/talkpal.ai\/gl\/#organization\",\"name\":\"Talkpal, Inc.\",\"alternateName\":\"Talkpal AI\",\"url\":\"https:\/\/talkpal.ai\/gl\/\",\"logo\":{\"@type\":\"ImageObject\",\"inLanguage\":\"gl-ES\",\"@id\":\"https:\/\/talkpal.ai\/gl\/#\/schema\/logo\/image\/\",\"url\":\"https:\/\/talkpal.ai\/wp-content\/uploads\/2024\/03\/Talkpal-Logo-Icon.png\",\"contentUrl\":\"https:\/\/talkpal.ai\/wp-content\/uploads\/2024\/03\/Talkpal-Logo-Icon.png\",\"width\":2880,\"height\":2880,\"caption\":\"Talkpal, Inc.\"},\"image\":{\"@id\":\"https:\/\/talkpal.ai\/gl\/#\/schema\/logo\/image\/\"},\"sameAs\":[\"https:\/\/www.facebook.com\/profile.php?id=100090733639311\",\"https:\/\/x.com\/talkpalai\",\"https:\/\/www.linkedin.com\/company\/talkpal\/\",\"https:\/\/www.youtube.com\/@TalkPal\/\",\"https:\/\/www.tiktok.com\/@talkpal\",\"https:\/\/www.instagram.com\/talkpal_ai\/\",\"https:\/\/www.crunchbase.com\/organization\/talkpal-9cde\",\"https:\/\/www.g2.com\/products\/talkpal-for-business\/\",\"https:\/\/www.trustpilot.com\/review\/talkpal.ai\",\"https:\/\/www.capterra.com\/p\/10006800\/TalkPal\/\"],\"description\":\"Talkpal is a language learning web and mobile education app, powered by the latest AI technologies, that provides engaging experiences to its customers in many different languages to help them improve their language skills. Users can chat about unlimited amount of topics with the app and use other modes to practice their language learning.\",\"email\":\"support@talkpal.ai\",\"legalName\":\"Talkpal, Inc.\",\"foundingDate\":\"2023-04-03\",\"duns\":\"118989042\",\"numberOfEmployees\":{\"@type\":\"QuantitativeValue\",\"minValue\":\"11\",\"maxValue\":\"50\"},\"publishingPrinciples\":\"https:\/\/talkpal.ai\/publishing-principles\/\",\"actionableFeedbackPolicy\":\"https:\/\/talkpal.ai\/actionable-feedback-policy\/\",\"correctionsPolicy\":\"https:\/\/talkpal.ai\/corrections-policy\/\",\"ethicsPolicy\":\"https:\/\/talkpal.ai\/ethics-policy\/\",\"diversityPolicy\":\"https:\/\/talkpal.ai\/diversity-policy\/\",\"diversityStaffingReport\":\"https:\/\/talkpal.ai\/diversity-policy\/\"}]}<\/script>\n<!-- \/ Yoast SEO Premium plugin. -->","yoast_head_json":{"title":"Gram\u00e1tica hebrea - Talkpal","description":"Mellora a t\u00faa gram\u00e1tica hebrea con confianza: aprende regras clave, forma frases correctas e comun\u00edcate con claridade coas sinxelas lecci\u00f3ns de IA de Talkpal .","robots":{"index":"index","follow":"follow","max-snippet":"max-snippet:-1","max-image-preview":"max-image-preview:large","max-video-preview":"max-video-preview:-1"},"canonical":"https:\/\/talkpal.ai\/gl\/gramatica-hebrea\/","og_locale":"gl_ES","og_type":"article","og_title":"Gram\u00e1tica hebrea","og_description":"Dominar a gram\u00e1tica hebrea: a t\u00faa gu\u00eda definitiva Shalom, entusiastas da lingua! Est\u00e1s preparado para mergullarte no fascinante mundo da gram\u00e1tica hebrea?","og_url":"https:\/\/talkpal.ai\/gl\/gramatica-hebrea\/","og_site_name":"Talkpal","article_publisher":"https:\/\/www.facebook.com\/profile.php?id=100090733639311","article_modified_time":"2025-12-13T15:39:58+00:00","og_image":[{"width":512,"height":512,"url":"https:\/\/talkpal.ai\/wp-content\/uploads\/2023\/05\/israel.png","type":"image\/png"}],"twitter_card":"summary_large_image","twitter_site":"@talkpalai","twitter_misc":{"Tempo de lectura":"3 minutos"},"schema":{"@context":"https:\/\/schema.org","@graph":[{"@type":"WebPage","@id":"https:\/\/talkpal.ai\/gl\/gramatica-hebrea\/","url":"https:\/\/talkpal.ai\/gl\/gramatica-hebrea\/","name":"Gram\u00e1tica hebrea - Talkpal","isPartOf":{"@id":"https:\/\/talkpal.ai\/gl\/#website"},"primaryImageOfPage":{"@id":"https:\/\/talkpal.ai\/gl\/gramatica-hebrea\/#primaryimage"},"image":{"@id":"https:\/\/talkpal.ai\/gl\/gramatica-hebrea\/#primaryimage"},"thumbnailUrl":"https:\/\/talkpal.ai\/wp-content\/uploads\/2023\/05\/israel.png","datePublished":"2023-05-14T14:04:48+00:00","dateModified":"2025-12-13T15:39:58+00:00","description":"Mellora a t\u00faa gram\u00e1tica hebrea con confianza: aprende regras clave, forma frases correctas e comun\u00edcate con claridade coas sinxelas lecci\u00f3ns de IA de Talkpal .","breadcrumb":{"@id":"https:\/\/talkpal.ai\/gl\/gramatica-hebrea\/#breadcrumb"},"inLanguage":"gl-ES","potentialAction":[{"@type":"ReadAction","target":["https:\/\/talkpal.ai\/gl\/gramatica-hebrea\/"]}]},{"@type":"ImageObject","inLanguage":"gl-ES","@id":"https:\/\/talkpal.ai\/gl\/gramatica-hebrea\/#primaryimage","url":"https:\/\/talkpal.ai\/wp-content\/uploads\/2023\/05\/israel.png","contentUrl":"https:\/\/talkpal.ai\/wp-content\/uploads\/2023\/05\/israel.png","width":512,"height":512},{"@type":"BreadcrumbList","@id":"https:\/\/talkpal.ai\/gl\/gramatica-hebrea\/#breadcrumb","itemListElement":[{"@type":"ListItem","position":1,"name":"Homepage","item":"https:\/\/talkpal.ai\/gl\/"},{"@type":"ListItem","position":2,"name":"Gram\u00e1tica hebrea"}]},{"@type":"WebSite","@id":"https:\/\/talkpal.ai\/gl\/#website","url":"https:\/\/talkpal.ai\/gl\/","name":"Talkpal","description":"AI Language Learning","publisher":{"@id":"https:\/\/talkpal.ai\/gl\/#organization"},"alternateName":"Talkpal AI","potentialAction":[{"@type":"SearchAction","target":{"@type":"EntryPoint","urlTemplate":"https:\/\/talkpal.ai\/gl\/?s={search_term_string}"},"query-input":{"@type":"PropertyValueSpecification","valueRequired":true,"valueName":"search_term_string"}}],"inLanguage":"gl-ES"},{"@type":"Organization","@id":"https:\/\/talkpal.ai\/gl\/#organization","name":"Talkpal, Inc.","alternateName":"Talkpal AI","url":"https:\/\/talkpal.ai\/gl\/","logo":{"@type":"ImageObject","inLanguage":"gl-ES","@id":"https:\/\/talkpal.ai\/gl\/#\/schema\/logo\/image\/","url":"https:\/\/talkpal.ai\/wp-content\/uploads\/2024\/03\/Talkpal-Logo-Icon.png","contentUrl":"https:\/\/talkpal.ai\/wp-content\/uploads\/2024\/03\/Talkpal-Logo-Icon.png","width":2880,"height":2880,"caption":"Talkpal, Inc."},"image":{"@id":"https:\/\/talkpal.ai\/gl\/#\/schema\/logo\/image\/"},"sameAs":["https:\/\/www.facebook.com\/profile.php?id=100090733639311","https:\/\/x.com\/talkpalai","https:\/\/www.linkedin.com\/company\/talkpal\/","https:\/\/www.youtube.com\/@TalkPal\/","https:\/\/www.tiktok.com\/@talkpal","https:\/\/www.instagram.com\/talkpal_ai\/","https:\/\/www.crunchbase.com\/organization\/talkpal-9cde","https:\/\/www.g2.com\/products\/talkpal-for-business\/","https:\/\/www.trustpilot.com\/review\/talkpal.ai","https:\/\/www.capterra.com\/p\/10006800\/TalkPal\/"],"description":"Talkpal is a language learning web and mobile education app, powered by the latest AI technologies, that provides engaging experiences to its customers in many different languages to help them improve their language skills. Users can chat about unlimited amount of topics with the app and use other modes to practice their language learning.","email":"support@talkpal.ai","legalName":"Talkpal, Inc.","foundingDate":"2023-04-03","duns":"118989042","numberOfEmployees":{"@type":"QuantitativeValue","minValue":"11","maxValue":"50"},"publishingPrinciples":"https:\/\/talkpal.ai\/publishing-principles\/","actionableFeedbackPolicy":"https:\/\/talkpal.ai\/actionable-feedback-policy\/","correctionsPolicy":"https:\/\/talkpal.ai\/corrections-policy\/","ethicsPolicy":"https:\/\/talkpal.ai\/ethics-policy\/","diversityPolicy":"https:\/\/talkpal.ai\/diversity-policy\/","diversityStaffingReport":"https:\/\/talkpal.ai\/diversity-policy\/"}]}},"_links":{"self":[{"href":"https:\/\/talkpal.ai\/gl\/wp-json\/wp\/v2\/pages\/144310","targetHints":{"allow":["GET"]}}],"collection":[{"href":"https:\/\/talkpal.ai\/gl\/wp-json\/wp\/v2\/pages"}],"about":[{"href":"https:\/\/talkpal.ai\/gl\/wp-json\/wp\/v2\/types\/page"}],"author":[{"embeddable":true,"href":"https:\/\/talkpal.ai\/gl\/wp-json\/wp\/v2\/users\/1"}],"replies":[{"embeddable":true,"href":"https:\/\/talkpal.ai\/gl\/wp-json\/wp\/v2\/comments?post=144310"}],"version-history":[{"count":0,"href":"https:\/\/talkpal.ai\/gl\/wp-json\/wp\/v2\/pages\/144310\/revisions"}],"wp:featuredmedia":[{"embeddable":true,"href":"https:\/\/talkpal.ai\/gl\/wp-json\/wp\/v2\/media\/113049"}],"wp:attachment":[{"href":"https:\/\/talkpal.ai\/gl\/wp-json\/wp\/v2\/media?parent=144310"}],"curies":[{"name":"wp","href":"https:\/\/api.w.org\/{rel}","templated":true}]}}