{"id":143619,"date":"2023-05-14T14:03:23","date_gmt":"2023-05-14T14:03:23","guid":{"rendered":"http:\/\/talkpal.ai\/gramatica-danesa\/"},"modified":"2025-12-13T15:27:19","modified_gmt":"2025-12-13T15:27:19","slug":"gramatica-danesa","status":"publish","type":"page","link":"https:\/\/talkpal.ai\/gl\/gramatica-danesa\/","title":{"rendered":"Gram\u00e1tica danesa"},"content":{"rendered":"\r\n\r\n\r\n<section class=\"languageChallengeSection\">\r\n    <div class=\"languageInfoWrapper\">\r\n        \r\n        <h1>Gram\u00e1tica danesa<\/h1>\r\n        <p>Descubra os elementos esenciais da <a href=\"https:\/\/talkpal.ai\/danish-grammar\/\">gram\u00e1tica danesa<\/a> e comece a comunicarse con confianza nesta encantadora lingua escandinava. Ao dominar as regras e estruturas b\u00e1sicas, adquirir\u00e1s as habilidades necesarias para conectar con falantes de dinamarqu\u00e9s e experimentar de primeira man a s\u00faa rica cultura. Comeza a aprender gram\u00e1tica danesa hoxe mesmo e d\u00e1 o teu primeiro paso cara \u00e1 fluidez!\n\n<\/p>\r\n\r\n                            <a class=\"getStartedHidden\" href=\"https:\/\/app.talkpal.ai\/signup?lng=\">Empeza<\/a>\r\n        \r\n    <\/div>\r\n\r\n    <figure>\r\n    <img decoding=\"async\" width=\"768\" height=\"768\" src=\"https:\/\/talkpal.ai\/wp-content\/uploads\/2023\/06\/danish-768x768.png\" class=\"languageImage no-lazy\" alt=\"Language learning for career enhancement\" fetchpriority=\"high\" sizes=\"(max-width: 768px) 150px, 768px\" srcset=\"https:\/\/talkpal.ai\/wp-content\/uploads\/2023\/06\/danish-768x768.png 768w, https:\/\/talkpal.ai\/wp-content\/uploads\/2023\/06\/danish-300x300.png 300w\" \/>\r\n    \r\n\r\n    <\/figure>\r\n\r\n            <a class=\"getStartedVisible\" href=\"https:\/\/app.talkpal.ai\/signup?lng=\">Empeza<\/a>\r\n    \r\n<\/section>\r\n<section class=\"promotionalBanner\">\r\n    <p class=\"promotionalText\">A forma m\u00e1is eficaz de aprender un idioma<\/p>\r\n    <a class=\"promotionalLink\" href=\"https:\/\/app.talkpal.ai\/signup?lng=\">Proba Talkpal de balde<\/a>\r\n<\/section>\n<div class=\"wp-block-group pageContainerStyle\"><div class=\"wp-block-group__inner-container is-layout-constrained wp-block-group-is-layout-constrained\">\n<h2 class=\"wp-block-heading\" id=\"h-delving-into-the-depths-of-danish-grammar-unraveling-its-idiosyncrasies-and-charm\">Afondando nas profundidades da gram\u00e1tica danesa: descubrindo a s\u00faa idiosincrasia e encanto<\/h2>\n\n\n\n<p>Lembras a \u00e9poca na que aprender a <a href=\"https:\/\/talkpal.ai\/pt-pt\/o-que-ha-de-especial-na-gramatica-inglesa\/\">gram\u00e1tica inglesa<\/a> parec\u00eda unha batalla dif\u00edcil coa s\u00faa infinidade de regras, excepci\u00f3ns e terminolox\u00eda intrincada? Se agora est\u00e1s fixando as t\u00faas miras en aprender a lingua danesa, prep\u00e1rate para outro paseo apaixonante polas complexidades e as <a href=\"https:\/\/talkpal.ai\/locations\/language-courses-in-delicias\/\">delicias<\/a> da gram\u00e1tica danesa.<\/p>\n\n\n\n<p>O <a href=\"https:\/\/talkpal.ai\/learn-danish\/\">dan\u00e9s<\/a>, unha lingua xerm\u00e1nica do norte, comparte semellanzas con linguas <a href=\"https:\/\/talkpal.ai\/locations\/language-courses-in-como\/\">como<\/a> o <a href=\"https:\/\/talkpal.ai\/learn-norwegian\/\">noruegu\u00e9s<\/a> e o <a href=\"https:\/\/talkpal.ai\/learn-swedish\/\">sueco<\/a>. Non obstante, ten as s\u00faas propias caracter\u00edsticas \u00fanicas que o converten nunha xoia que vale a pena explorar en profundidade. Comecemos por desvelar as marabillas da gram\u00e1tica danesa, unha regra \u00e1 vez.<\/p>\n\n\n\n<p><strong>Unha caracter\u00edstica sorprendente da gram\u00e1tica danesa<\/strong> \u00e9 a s\u00faa sinxeleza cando se trata da orde das palabras. O dan\u00e9s segue a estrutura suxeito-verbo-obxecto (SVO), como o ingl\u00e9s, polo que \u00e9 relativamente f\u00e1cil de comprender para os falantes de ingl\u00e9s. Non obstante, hai un xiro: o uso da orde de palabras V2 nas cl\u00e1usulas principais, o que significa que o verbo sempre debe ser o segundo elemento. Esta regra engade un toque de singularidade \u00e1 lingua danesa.<\/p>\n\n\n\n<p>Outro aspecto entra\u00f1able da gram\u00e1tica danesa \u00e9 o seu <strong>sistema de dous x\u00e9neros<\/strong> . A\u00ednda que algunhas linguas como o franc\u00e9s ou o espa\u00f1ol consisten en x\u00e9neros separados para masculino e feminino, o dan\u00e9s simplifica isto empregando dous x\u00e9neros principais: com\u00fan e neutro. En dan\u00e9s, a maior\u00eda dos substantivos caen na categor\u00eda &#8220;com\u00fan&#8221;, o que fai que o acordo de x\u00e9nero con adxectivos e artigos sexa relativamente sinxelo de entender.<\/p>\n\n\n\n<p>Afonda no \u00e1mbito da <strong>conxugaci\u00f3n de verbos<\/strong> e descubrir\u00e1s que o dan\u00e9s supera a outras linguas en canto \u00e1 sinxeleza. Os verbos daneses non cambian segundo o suxeito, polo que \u00e9 moi sinxelo memorizar e comprender diferentes formas. Os verbos regulares seguen patr\u00f3ns predicibles, e mesmo os verbos irregulares supo\u00f1en pouco reto xa que as s\u00faas irregularidades son moi sut\u00eds.<\/p>\n\n\n\n<p>A gram\u00e1tica danesa ofrece unha caracter\u00edstica \u00fanica co seu <strong>uso de indefinidos, artigos e demostrativos<\/strong> . O artigo indefinido equivale a &#8220;a&#8221; ou &#8220;an&#8221; en ingl\u00e9s, e en dan\u00e9s pode ser &#8220;en&#8221; para o x\u00e9nero com\u00fan ou &#8220;et&#8221; para os substantivos neutros. O artigo definido, semellante a &#8220;o&#8221; en ingl\u00e9s, eng\u00e1dese ao final do propio substantivo, fusion\u00e1ndose para converterse nunha palabra. Os demostrativos, que indican substantivos espec\u00edficos, tam\u00e9n cambian segundo o x\u00e9nero do substantivo, engadindo un nivel de especificidade e encanto.<\/p>\n\n\n\n<p>Non esquezamos a beleza da <strong>pronuncia danesa<\/strong> , que require familiaridade cos seus sons voc\u00e1licos distintivos e as s\u00faas consoantes suavizadas. O uso de st\u00f8d (unha parada glotal) dist\u00edngueo a\u00ednda m\u00e1is doutras linguas xerm\u00e1nicas, d\u00e1ndolle ao dan\u00e9s o seu son e atractivo \u00fanicos.<\/p>\n\n\n\n<p>Ao mergullarche na gram\u00e1tica danesa, non s\u00f3 aprender\u00e1s un novo idioma, sen\u00f3n que tam\u00e9n enriquecer\u00e1s amplamente o teu co\u00f1ecemento cultural e a comprensi\u00f3n de Dinamarca e da s\u00faa xente. A\u00ednda que \u00e1s veces \u00e9 un reto, a gram\u00e1tica danesa ofrece unha experiencia de aprendizaxe \u00fanica que abre a porta a innumerables encantos e idiosincrasias que a converten nunha lingua irresistible para explorar. Ent\u00f3n, colle os teus libros de idiomas e emb\u00e1rcate nunha aventura de gram\u00e1tica danesa que promete cautivar e inspirarche a cada paso.<\/p>\n<\/div><\/div>\n\r\n<section class=\"learnNavigationSection\">\r\n            \r\n        <a href=\"https:\/\/talkpal.ai\/gl\/aprende-danes\/\">\r\n            <div class=\"learnNavigationWrapper\">\r\n                <div class=\"learnNavigationContent\">\r\n                    <img decoding=\"async\" src=\"https:\/\/talkpal.ai\/wp-content\/uploads\/2024\/08\/Danish.jpg\" alt=\"Danish Flag\">\r\n                    <div>\r\n                        <h4>Sobre a aprendizaxe de dan\u00e9s<\/h4>\r\n                        <p>Descubre todo sobre a gram\u00e1tica danesa.<\/p>\r\n                    <\/div>\r\n                <\/div>\r\n            <\/div>\r\n        <\/a>\r\n\r\n        \r\n        <a href=\"https:\/\/talkpal.ai\/gl\/exercicios-de-gramatica-danesa\/\">\r\n            <div class=\"learnNavigationWrapper\">\r\n                <div class=\"learnNavigationContent\">\r\n                    <img decoding=\"async\" src=\"https:\/\/talkpal.ai\/wp-content\/uploads\/2024\/08\/Danish.jpg\" alt=\"Danish Flag\">\r\n                    <div>\r\n                        <h4>Exercicio de gram\u00e1tica danesa<\/h4>\r\n                        <p>Practica a gram\u00e1tica danesa .<\/p>\r\n                    <\/div>\r\n                <\/div>\r\n            <\/div>\r\n        <\/a>\r\n\r\n        \r\n        <a href=\"https:\/\/talkpal.ai\/vocabulary_language\/danish\/\">\r\n            <div class=\"learnNavigationWrapper\">\r\n                <div class=\"learnNavigationContent\">\r\n                    <img decoding=\"async\" src=\"https:\/\/talkpal.ai\/wp-content\/uploads\/2024\/08\/Danish.jpg\" alt=\"Danish Flag\">\r\n                    <div>\r\n                        <h4>Vocabulario dan\u00e9s<\/h4>\r\n                        <p>Ampl\u00eda o teu vocabulario dan\u00e9s.<\/p>\r\n                    <\/div>\r\n                <\/div>\r\n            <\/div>\r\n        <\/a>\r\n\r\n            <\/section>","protected":false},"excerpt":{"rendered":"<p>Afondando nas profundidades da gram\u00e1tica danesa: descubrindo a s\u00faa idiosincrasia e encanto Lembras a \u00e9poca na que aprender a gram\u00e1tica inglesa parec\u00eda unha batalla dif\u00edcil coa s\u00faa infinidade de regras, excepci\u00f3ns e terminolox\u00eda intrincada? Se agora est\u00e1s fixando as t\u00faas miras en aprender a lingua danesa, prep\u00e1rate para outro paseo apaixonante polas complexidades e as [&hellip;]<\/p>\n","protected":false},"author":1,"featured_media":110994,"parent":0,"menu_order":0,"comment_status":"closed","ping_status":"closed","template":"LearningContentPage.php","meta":{"_acf_changed":false,"footnotes":""},"class_list":["post-143619","page","type-page","status-publish","has-post-thumbnail","hentry"],"acf":[],"yoast_head":"<!-- This site is optimized with the Yoast SEO Premium plugin v27.2 (Yoast SEO v27.2) - https:\/\/yoast.com\/product\/yoast-seo-premium-wordpress\/ -->\n<title>Gram\u00e1tica danesa - Talkpal<\/title>\n<meta name=\"description\" content=\"Explora as complexidades da gram\u00e1tica danesa e descubre as s\u00faas regras e caracter\u00edsticas \u00fanicas. Aprende a navegar polo idioma sen esforzo.\" \/>\n<meta name=\"robots\" content=\"index, follow, max-snippet:-1, max-image-preview:large, max-video-preview:-1\" \/>\n<link rel=\"canonical\" href=\"https:\/\/talkpal.ai\/gl\/gramatica-danesa\/\" \/>\n<meta property=\"og:locale\" content=\"gl_ES\" \/>\n<meta property=\"og:type\" content=\"article\" \/>\n<meta property=\"og:title\" content=\"Gram\u00e1tica danesa\" \/>\n<meta property=\"og:description\" content=\"Afondando nas profundidades da gram\u00e1tica danesa: descubrindo a s\u00faa idiosincrasia e encanto Lembras a \u00e9poca na que aprender a gram\u00e1tica inglesa parec\u00eda\" \/>\n<meta property=\"og:url\" content=\"https:\/\/talkpal.ai\/gl\/gramatica-danesa\/\" \/>\n<meta property=\"og:site_name\" content=\"Talkpal\" \/>\n<meta property=\"article:publisher\" content=\"https:\/\/www.facebook.com\/profile.php?id=100090733639311\" \/>\n<meta property=\"article:modified_time\" content=\"2025-12-13T15:27:19+00:00\" \/>\n<meta property=\"og:image\" content=\"https:\/\/talkpal.ai\/wp-content\/uploads\/2023\/05\/denmark.png\" \/>\n\t<meta property=\"og:image:width\" content=\"512\" \/>\n\t<meta property=\"og:image:height\" content=\"512\" \/>\n\t<meta property=\"og:image:type\" content=\"image\/png\" \/>\n<meta name=\"twitter:card\" content=\"summary_large_image\" \/>\n<meta name=\"twitter:site\" content=\"@talkpalai\" \/>\n<meta name=\"twitter:label1\" content=\"Tempo de lectura\" \/>\n\t<meta name=\"twitter:data1\" content=\"3 minutos\" \/>\n<script type=\"application\/ld+json\" class=\"yoast-schema-graph\">{\"@context\":\"https:\/\/schema.org\",\"@graph\":[{\"@type\":\"WebPage\",\"@id\":\"https:\/\/talkpal.ai\/gl\/gramatica-danesa\/\",\"url\":\"https:\/\/talkpal.ai\/gl\/gramatica-danesa\/\",\"name\":\"Gram\u00e1tica danesa - Talkpal\",\"isPartOf\":{\"@id\":\"https:\/\/talkpal.ai\/gl\/#website\"},\"primaryImageOfPage\":{\"@id\":\"https:\/\/talkpal.ai\/gl\/gramatica-danesa\/#primaryimage\"},\"image\":{\"@id\":\"https:\/\/talkpal.ai\/gl\/gramatica-danesa\/#primaryimage\"},\"thumbnailUrl\":\"https:\/\/talkpal.ai\/wp-content\/uploads\/2023\/05\/denmark.png\",\"datePublished\":\"2023-05-14T14:03:23+00:00\",\"dateModified\":\"2025-12-13T15:27:19+00:00\",\"description\":\"Explora as complexidades da gram\u00e1tica danesa e descubre as s\u00faas regras e caracter\u00edsticas \u00fanicas. Aprende a navegar polo idioma sen esforzo.\",\"breadcrumb\":{\"@id\":\"https:\/\/talkpal.ai\/gl\/gramatica-danesa\/#breadcrumb\"},\"inLanguage\":\"gl-ES\",\"potentialAction\":[{\"@type\":\"ReadAction\",\"target\":[\"https:\/\/talkpal.ai\/gl\/gramatica-danesa\/\"]}]},{\"@type\":\"ImageObject\",\"inLanguage\":\"gl-ES\",\"@id\":\"https:\/\/talkpal.ai\/gl\/gramatica-danesa\/#primaryimage\",\"url\":\"https:\/\/talkpal.ai\/wp-content\/uploads\/2023\/05\/denmark.png\",\"contentUrl\":\"https:\/\/talkpal.ai\/wp-content\/uploads\/2023\/05\/denmark.png\",\"width\":512,\"height\":512},{\"@type\":\"BreadcrumbList\",\"@id\":\"https:\/\/talkpal.ai\/gl\/gramatica-danesa\/#breadcrumb\",\"itemListElement\":[{\"@type\":\"ListItem\",\"position\":1,\"name\":\"Homepage\",\"item\":\"https:\/\/talkpal.ai\/gl\/\"},{\"@type\":\"ListItem\",\"position\":2,\"name\":\"Gram\u00e1tica danesa\"}]},{\"@type\":\"WebSite\",\"@id\":\"https:\/\/talkpal.ai\/gl\/#website\",\"url\":\"https:\/\/talkpal.ai\/gl\/\",\"name\":\"Talkpal\",\"description\":\"AI Language Learning\",\"publisher\":{\"@id\":\"https:\/\/talkpal.ai\/gl\/#organization\"},\"alternateName\":\"Talkpal AI\",\"potentialAction\":[{\"@type\":\"SearchAction\",\"target\":{\"@type\":\"EntryPoint\",\"urlTemplate\":\"https:\/\/talkpal.ai\/gl\/?s={search_term_string}\"},\"query-input\":{\"@type\":\"PropertyValueSpecification\",\"valueRequired\":true,\"valueName\":\"search_term_string\"}}],\"inLanguage\":\"gl-ES\"},{\"@type\":\"Organization\",\"@id\":\"https:\/\/talkpal.ai\/gl\/#organization\",\"name\":\"Talkpal, Inc.\",\"alternateName\":\"Talkpal AI\",\"url\":\"https:\/\/talkpal.ai\/gl\/\",\"logo\":{\"@type\":\"ImageObject\",\"inLanguage\":\"gl-ES\",\"@id\":\"https:\/\/talkpal.ai\/gl\/#\/schema\/logo\/image\/\",\"url\":\"https:\/\/talkpal.ai\/wp-content\/uploads\/2024\/03\/Talkpal-Logo-Icon.png\",\"contentUrl\":\"https:\/\/talkpal.ai\/wp-content\/uploads\/2024\/03\/Talkpal-Logo-Icon.png\",\"width\":2880,\"height\":2880,\"caption\":\"Talkpal, Inc.\"},\"image\":{\"@id\":\"https:\/\/talkpal.ai\/gl\/#\/schema\/logo\/image\/\"},\"sameAs\":[\"https:\/\/www.facebook.com\/profile.php?id=100090733639311\",\"https:\/\/x.com\/talkpalai\",\"https:\/\/www.linkedin.com\/company\/talkpal\/\",\"https:\/\/www.youtube.com\/@TalkPal\/\",\"https:\/\/www.tiktok.com\/@talkpal\",\"https:\/\/www.instagram.com\/talkpal_ai\/\",\"https:\/\/www.crunchbase.com\/organization\/talkpal-9cde\",\"https:\/\/www.g2.com\/products\/talkpal-for-business\/\",\"https:\/\/www.trustpilot.com\/review\/talkpal.ai\",\"https:\/\/www.capterra.com\/p\/10006800\/TalkPal\/\"],\"description\":\"Talkpal is a language learning web and mobile education app, powered by the latest AI technologies, that provides engaging experiences to its customers in many different languages to help them improve their language skills. Users can chat about unlimited amount of topics with the app and use other modes to practice their language learning.\",\"email\":\"support@talkpal.ai\",\"legalName\":\"Talkpal, Inc.\",\"foundingDate\":\"2023-04-03\",\"duns\":\"118989042\",\"numberOfEmployees\":{\"@type\":\"QuantitativeValue\",\"minValue\":\"11\",\"maxValue\":\"50\"},\"publishingPrinciples\":\"https:\/\/talkpal.ai\/publishing-principles\/\",\"actionableFeedbackPolicy\":\"https:\/\/talkpal.ai\/actionable-feedback-policy\/\",\"correctionsPolicy\":\"https:\/\/talkpal.ai\/corrections-policy\/\",\"ethicsPolicy\":\"https:\/\/talkpal.ai\/ethics-policy\/\",\"diversityPolicy\":\"https:\/\/talkpal.ai\/diversity-policy\/\",\"diversityStaffingReport\":\"https:\/\/talkpal.ai\/diversity-policy\/\"}]}<\/script>\n<!-- \/ Yoast SEO Premium plugin. -->","yoast_head_json":{"title":"Gram\u00e1tica danesa - Talkpal","description":"Explora as complexidades da gram\u00e1tica danesa e descubre as s\u00faas regras e caracter\u00edsticas \u00fanicas. Aprende a navegar polo idioma sen esforzo.","robots":{"index":"index","follow":"follow","max-snippet":"max-snippet:-1","max-image-preview":"max-image-preview:large","max-video-preview":"max-video-preview:-1"},"canonical":"https:\/\/talkpal.ai\/gl\/gramatica-danesa\/","og_locale":"gl_ES","og_type":"article","og_title":"Gram\u00e1tica danesa","og_description":"Afondando nas profundidades da gram\u00e1tica danesa: descubrindo a s\u00faa idiosincrasia e encanto Lembras a \u00e9poca na que aprender a gram\u00e1tica inglesa parec\u00eda","og_url":"https:\/\/talkpal.ai\/gl\/gramatica-danesa\/","og_site_name":"Talkpal","article_publisher":"https:\/\/www.facebook.com\/profile.php?id=100090733639311","article_modified_time":"2025-12-13T15:27:19+00:00","og_image":[{"width":512,"height":512,"url":"https:\/\/talkpal.ai\/wp-content\/uploads\/2023\/05\/denmark.png","type":"image\/png"}],"twitter_card":"summary_large_image","twitter_site":"@talkpalai","twitter_misc":{"Tempo de lectura":"3 minutos"},"schema":{"@context":"https:\/\/schema.org","@graph":[{"@type":"WebPage","@id":"https:\/\/talkpal.ai\/gl\/gramatica-danesa\/","url":"https:\/\/talkpal.ai\/gl\/gramatica-danesa\/","name":"Gram\u00e1tica danesa - Talkpal","isPartOf":{"@id":"https:\/\/talkpal.ai\/gl\/#website"},"primaryImageOfPage":{"@id":"https:\/\/talkpal.ai\/gl\/gramatica-danesa\/#primaryimage"},"image":{"@id":"https:\/\/talkpal.ai\/gl\/gramatica-danesa\/#primaryimage"},"thumbnailUrl":"https:\/\/talkpal.ai\/wp-content\/uploads\/2023\/05\/denmark.png","datePublished":"2023-05-14T14:03:23+00:00","dateModified":"2025-12-13T15:27:19+00:00","description":"Explora as complexidades da gram\u00e1tica danesa e descubre as s\u00faas regras e caracter\u00edsticas \u00fanicas. Aprende a navegar polo idioma sen esforzo.","breadcrumb":{"@id":"https:\/\/talkpal.ai\/gl\/gramatica-danesa\/#breadcrumb"},"inLanguage":"gl-ES","potentialAction":[{"@type":"ReadAction","target":["https:\/\/talkpal.ai\/gl\/gramatica-danesa\/"]}]},{"@type":"ImageObject","inLanguage":"gl-ES","@id":"https:\/\/talkpal.ai\/gl\/gramatica-danesa\/#primaryimage","url":"https:\/\/talkpal.ai\/wp-content\/uploads\/2023\/05\/denmark.png","contentUrl":"https:\/\/talkpal.ai\/wp-content\/uploads\/2023\/05\/denmark.png","width":512,"height":512},{"@type":"BreadcrumbList","@id":"https:\/\/talkpal.ai\/gl\/gramatica-danesa\/#breadcrumb","itemListElement":[{"@type":"ListItem","position":1,"name":"Homepage","item":"https:\/\/talkpal.ai\/gl\/"},{"@type":"ListItem","position":2,"name":"Gram\u00e1tica danesa"}]},{"@type":"WebSite","@id":"https:\/\/talkpal.ai\/gl\/#website","url":"https:\/\/talkpal.ai\/gl\/","name":"Talkpal","description":"AI Language Learning","publisher":{"@id":"https:\/\/talkpal.ai\/gl\/#organization"},"alternateName":"Talkpal AI","potentialAction":[{"@type":"SearchAction","target":{"@type":"EntryPoint","urlTemplate":"https:\/\/talkpal.ai\/gl\/?s={search_term_string}"},"query-input":{"@type":"PropertyValueSpecification","valueRequired":true,"valueName":"search_term_string"}}],"inLanguage":"gl-ES"},{"@type":"Organization","@id":"https:\/\/talkpal.ai\/gl\/#organization","name":"Talkpal, Inc.","alternateName":"Talkpal AI","url":"https:\/\/talkpal.ai\/gl\/","logo":{"@type":"ImageObject","inLanguage":"gl-ES","@id":"https:\/\/talkpal.ai\/gl\/#\/schema\/logo\/image\/","url":"https:\/\/talkpal.ai\/wp-content\/uploads\/2024\/03\/Talkpal-Logo-Icon.png","contentUrl":"https:\/\/talkpal.ai\/wp-content\/uploads\/2024\/03\/Talkpal-Logo-Icon.png","width":2880,"height":2880,"caption":"Talkpal, Inc."},"image":{"@id":"https:\/\/talkpal.ai\/gl\/#\/schema\/logo\/image\/"},"sameAs":["https:\/\/www.facebook.com\/profile.php?id=100090733639311","https:\/\/x.com\/talkpalai","https:\/\/www.linkedin.com\/company\/talkpal\/","https:\/\/www.youtube.com\/@TalkPal\/","https:\/\/www.tiktok.com\/@talkpal","https:\/\/www.instagram.com\/talkpal_ai\/","https:\/\/www.crunchbase.com\/organization\/talkpal-9cde","https:\/\/www.g2.com\/products\/talkpal-for-business\/","https:\/\/www.trustpilot.com\/review\/talkpal.ai","https:\/\/www.capterra.com\/p\/10006800\/TalkPal\/"],"description":"Talkpal is a language learning web and mobile education app, powered by the latest AI technologies, that provides engaging experiences to its customers in many different languages to help them improve their language skills. Users can chat about unlimited amount of topics with the app and use other modes to practice their language learning.","email":"support@talkpal.ai","legalName":"Talkpal, Inc.","foundingDate":"2023-04-03","duns":"118989042","numberOfEmployees":{"@type":"QuantitativeValue","minValue":"11","maxValue":"50"},"publishingPrinciples":"https:\/\/talkpal.ai\/publishing-principles\/","actionableFeedbackPolicy":"https:\/\/talkpal.ai\/actionable-feedback-policy\/","correctionsPolicy":"https:\/\/talkpal.ai\/corrections-policy\/","ethicsPolicy":"https:\/\/talkpal.ai\/ethics-policy\/","diversityPolicy":"https:\/\/talkpal.ai\/diversity-policy\/","diversityStaffingReport":"https:\/\/talkpal.ai\/diversity-policy\/"}]}},"_links":{"self":[{"href":"https:\/\/talkpal.ai\/gl\/wp-json\/wp\/v2\/pages\/143619","targetHints":{"allow":["GET"]}}],"collection":[{"href":"https:\/\/talkpal.ai\/gl\/wp-json\/wp\/v2\/pages"}],"about":[{"href":"https:\/\/talkpal.ai\/gl\/wp-json\/wp\/v2\/types\/page"}],"author":[{"embeddable":true,"href":"https:\/\/talkpal.ai\/gl\/wp-json\/wp\/v2\/users\/1"}],"replies":[{"embeddable":true,"href":"https:\/\/talkpal.ai\/gl\/wp-json\/wp\/v2\/comments?post=143619"}],"version-history":[{"count":0,"href":"https:\/\/talkpal.ai\/gl\/wp-json\/wp\/v2\/pages\/143619\/revisions"}],"wp:featuredmedia":[{"embeddable":true,"href":"https:\/\/talkpal.ai\/gl\/wp-json\/wp\/v2\/media\/110994"}],"wp:attachment":[{"href":"https:\/\/talkpal.ai\/gl\/wp-json\/wp\/v2\/media?parent=143619"}],"curies":[{"name":"wp","href":"https:\/\/api.w.org\/{rel}","templated":true}]}}