{"id":143297,"date":"2023-05-14T14:03:07","date_gmt":"2023-05-14T14:03:07","guid":{"rendered":"http:\/\/talkpal.ai\/gramatica-checa\/"},"modified":"2025-12-13T15:23:30","modified_gmt":"2025-12-13T15:23:30","slug":"gramatica-checa","status":"publish","type":"page","link":"https:\/\/talkpal.ai\/gl\/gramatica-checa\/","title":{"rendered":"Gram\u00e1tica Checa"},"content":{"rendered":"\r\n\r\n\r\n<section class=\"languageChallengeSection\">\r\n    <div class=\"languageInfoWrapper\">\r\n        \r\n        <h1>Gram\u00e1tica Checa<\/h1>\r\n        <p>Explora as complexidades da <a href=\"https:\/\/talkpal.ai\/czech-grammar\/\">gram\u00e1tica checa<\/a> e abre a porta \u00e1 comprensi\u00f3n desta lingua centroeuropea. Ao dominar as regras e os patr\u00f3ns esenciais, comunicaraste de forma m\u00e1is eficaz e obter\u00e1s unha visi\u00f3n m\u00e1is profunda da cultura checa. Comeza a aprender <a href=\"https:\/\/talkpal.ai\/czech-grammar\/\">gram\u00e1tica checa<\/a> hoxe mesmo e d\u00e1 o teu primeiro paso cara \u00e1 fluidez!<\/p>\r\n\r\n                            <a class=\"getStartedHidden\" href=\"https:\/\/app.talkpal.ai\/signup?lng=\">Empeza<\/a>\r\n        \r\n    <\/div>\r\n\r\n    <figure>\r\n    <img decoding=\"async\" width=\"768\" height=\"768\" src=\"https:\/\/talkpal.ai\/wp-content\/uploads\/2023\/06\/Czech-768x768.png\" class=\"languageImage no-lazy\" alt=\"Language learning for intellectual development\" fetchpriority=\"high\" sizes=\"(max-width: 768px) 150px, 768px\" srcset=\"https:\/\/talkpal.ai\/wp-content\/uploads\/2023\/06\/Czech-768x768.png 768w, https:\/\/talkpal.ai\/wp-content\/uploads\/2023\/06\/Czech-300x300.png 300w\" \/>\r\n    \r\n\r\n    <\/figure>\r\n\r\n            <a class=\"getStartedVisible\" href=\"https:\/\/app.talkpal.ai\/signup?lng=\">Empeza<\/a>\r\n    \r\n<\/section>\r\n<section class=\"promotionalBanner\">\r\n    <p class=\"promotionalText\">A forma m\u00e1is eficaz de aprender un idioma<\/p>\r\n    <a class=\"promotionalLink\" href=\"https:\/\/app.talkpal.ai\/signup?lng=\">Proba Talkpal de balde<\/a>\r\n<\/section>\n<div class=\"wp-block-group pageContainerStyle\"><div class=\"wp-block-group__inner-container is-layout-constrained wp-block-group-is-layout-constrained\">\n<h2 class=\"wp-block-heading\" id=\"h-czech-grammar-making-sense-of-the-czech-language-s-unique-structure\">Gram\u00e1tica checa: dar sentido \u00e1 estrutura \u00fanica da lingua checa<\/h2>\n\n\n\n<p>Se algunha vez intentaches <a href=\"https:\/\/talkpal.ai\/es\/como-aprender-checo-en-6-meses\/\">aprender checo<\/a>, ou incluso s\u00f3 leches un artigo ou libro <a href=\"https:\/\/talkpal.ai\/learn-czech\/\">checo<\/a>, probablemente te\u00f1as notado que a s\u00faa gram\u00e1tica pode ser bastante desafiante. Considerada amplamente <a href=\"https:\/\/talkpal.ai\/locations\/language-courses-in-como\/\">como<\/a> un dos sistemas ling\u00fc\u00edsticos m\u00e1is complexos, a gram\u00e1tica checa deixou perplexos a moitos <a href=\"https:\/\/talkpal.ai\/talkpal-discount-for-students\/\">estudantes<\/a> estranxeiros. Pero non deixes que iso te intimide! As peculiaridades da gram\u00e1tica checa son as que a fan fascinante e \u00fanica. Neste artigo, desmitificaremos alg\u00fans elementos clave da gram\u00e1tica checa dunha forma conversacional, axud\u00e1ndoche a comprender m\u00e1is profundamente esta fermosa lingua.<\/p>\n\n\n\n<h3 class=\"wp-block-heading\" id=\"h-1-nouns-declensions-and-cases-galore\">1. Substantivos &#8211; Declinaci\u00f3ns e casos en abundancia!<\/h3>\n\n\n\n<p>Unha das primeiras cousas que notar\u00e1s sobre a gram\u00e1tica checa son as declinaci\u00f3ns dos substantivos. Unha declinaci\u00f3n \u00e9 un grupo de substantivos con caracter\u00edsticas gramaticais similares, e o checo ten ata 14 declinaci\u00f3ns distintas. <a href=\"https:\/\/talkpal.ai\/locations\/language-courses-in-como\/\">Como<\/a> \u00e9 iso para a variedade? Cada declinaci\u00f3n ten un patr\u00f3n espec\u00edfico para representar formas nominais singulares e plurales.<\/p>\n\n\n\n<p>Os substantivos checos tam\u00e9n te\u00f1en sete casos diferentes: nominativo, xenitivo, dativo, acusativo, vocativo, locativo e instrumental. A\u00ednda que tal n\u00famero pode parecer desalentador, \u00e9 esencial co\u00f1ecer estes casos porque son fundamentais para transmitir significado. Por exemplo, en checo, a orde das palabras non \u00e9 tan cr\u00edtica como en <a href=\"https:\/\/talkpal.ai\/es\/locations\/aprende-ingles-en-orange\/\">ingl\u00e9s<\/a>; son os casos os que indican relaci\u00f3ns entre as palabras.<\/p>\n\n\n\n<h3 class=\"wp-block-heading\" id=\"h-2-adjectives-agreeing-with-nouns\">2. Adxectivos \u2013 Concordando cos substantivos<\/h3>\n\n\n\n<p>Os adxectivos checos te\u00f1en un deber especial: deben concordar cos substantivos que modifican en x\u00e9nero, n\u00famero e caso. Pense nel como un d\u00fao din\u00e1mico, o tango gramatical, onde unha metade ax\u00fastase con gracia para complementar a outra. Este acordo axuda a crear harmon\u00eda nas frases e aumenta a claridade.<\/p>\n\n\n\n<p>Por exemplo, a palabra para &#8220;fermoso&#8221; en checo \u00e9 &#8220;kr\u00e1sn\u00fd&#8221;. Se est\u00e1s describindo unha fermosa casa (d\u016fm), que \u00e9 masculino, empregar\u00e1s &#8220;kr\u00e1sn\u00fd d\u016fm&#8221;. Para unha rapaza fermosa (d\u00edvka), que \u00e9 feminino, conv\u00e9rtese en &#8220;kr\u00e1sn\u00e1 d\u00edvka&#8221;. E para un fermoso d\u00eda (den), que \u00e9 neutro, dir\u00e1s &#8220;kr\u00e1sn\u00fd den&#8221;. <a href=\"https:\/\/talkpal.ai\/locations\/language-courses-in-mira\/\">Mira<\/a> como baila o adxectivo xunto co substantivo?<\/p>\n\n\n\n<h3 class=\"wp-block-heading\" id=\"h-3-verbs-the-art-of-conjugation\">3. Verbos &#8211; A arte da conxugaci\u00f3n<\/h3>\n\n\n\n<p>En checo, a arte da conxugaci\u00f3n, \u00e9 dicir, cambiar as formas verbais en funci\u00f3n do tempo, o estado de \u00e1nimo e a persoa, cobra vida propia. Os verbos checos div\u00eddense en d\u00faas categor\u00edas: perfectivos e imperfectivos. Os verbos perfectos indican que unha acci\u00f3n foi completada, mentres que os verbos imperfectivos suxiren acci\u00f3ns en curso ou habituais.  <\/p>\n\n\n\n<p>A gram\u00e1tica checa ten algunhas peculiaridades interesantes cando se trata de verbos. Por exemplo, o tempo futuro s\u00f3 se forma regularmente para os verbos imperfectivos. Para os verbos perfectivos, f\u00fandese co tempo presente! Ademais, en lugar de ter unha voz pasiva espec\u00edfica, o checo incorpora construci\u00f3ns pasivas mediante verbos auxiliares. Non esquezamos os verbos reflexivos do checo, onde as acci\u00f3ns rebotan cara ao suxeito, engadindo outra capa de matiz a esta intrigante linguaxe.<\/p>\n\n\n\n<h3 class=\"wp-block-heading\" id=\"h-4-pronouns-the-mirror-of-linguistic-diversity\">4. Os pronomes: O espello da diversidade ling\u00fc\u00edstica<\/h3>\n\n\n\n<p>Os pronomes da gram\u00e1tica checa -estamos a falar de pronomes persoais, posesivos, demostrativos, interrogativos e relativos- mostran todos a mesma diversidade que outras partes do discurso. Eles tam\u00e9n deben concordar en x\u00e9nero, n\u00famero e caso cos substantivos aos que substit\u00faen ou se refiren.<\/p>\n\n\n\n<p>Por exemplo, se est\u00e1s a falar dun libro que che gusta, dir\u00edas &#8220;M\u00e1m r\u00e1d tu knihu&#8221; (g\u00fastame ese libro). Aqu\u00ed, &#8220;tu&#8221; \u00e9 a forma feminina do pronome demostrativo &#8220;que&#8221;, coincidindo con &#8220;kniha&#8221; (libro), que tam\u00e9n \u00e9 feminino.<\/p>\n\n\n\n<h3 class=\"wp-block-heading\" id=\"h-5-embracing-the-challenge\">5. Asumir o reto<\/h3>\n\n\n\n<p>A gram\u00e1tica checa pode resultar desconcertante e intimidante, pero tam\u00e9n \u00e9 o que fai que esta lingua fascinante destaque. Non te afastes ante o reto! Lembra que non se trata de dominar todo \u00e1 vez, sen\u00f3n de progresar paso a paso. T\u00f3mate o tempo para comprender o sistema \u00fanico da gram\u00e1tica checa e estar\u00e1s no cami\u00f1o de dominar esta fermosa e complexa linguaxe. E, mentres abrazas o delicioso matices que ofrece a gram\u00e1tica checa, sen d\u00fabida descubrir\u00e1s un novo aprecio polas s\u00faas complexidades. Feliz aprendizaxe!<\/p>\n<\/div><\/div>\n\r\n<section class=\"learnNavigationSection\">\r\n            \r\n        <a href=\"https:\/\/talkpal.ai\/gl\/aprende-checo\/\">\r\n            <div class=\"learnNavigationWrapper\">\r\n                <div class=\"learnNavigationContent\">\r\n                    <img decoding=\"async\" src=\"https:\/\/talkpal.ai\/wp-content\/uploads\/2024\/08\/Czech.jpg\" alt=\"Czech Flag\">\r\n                    <div>\r\n                        <h4>Sobre a aprendizaxe do checo<\/h4>\r\n                        <p>Descubre todo sobre a gram\u00e1tica checa.<\/p>\r\n                    <\/div>\r\n                <\/div>\r\n            <\/div>\r\n        <\/a>\r\n\r\n        \r\n        <a href=\"https:\/\/talkpal.ai\/gl\/exercicios-de-gramatica-checa\/\">\r\n            <div class=\"learnNavigationWrapper\">\r\n                <div class=\"learnNavigationContent\">\r\n                    <img decoding=\"async\" src=\"https:\/\/talkpal.ai\/wp-content\/uploads\/2024\/08\/Czech.jpg\" alt=\"Czech Flag\">\r\n                    <div>\r\n                        <h4>Exercicio de gram\u00e1tica checa<\/h4>\r\n                        <p>Practica a gram\u00e1tica checa.<\/p>\r\n                    <\/div>\r\n                <\/div>\r\n            <\/div>\r\n        <\/a>\r\n\r\n        \r\n        <a href=\"https:\/\/talkpal.ai\/vocabulary_language\/czech\/\">\r\n            <div class=\"learnNavigationWrapper\">\r\n                <div class=\"learnNavigationContent\">\r\n                    <img decoding=\"async\" src=\"https:\/\/talkpal.ai\/wp-content\/uploads\/2024\/08\/Czech.jpg\" alt=\"Czech Flag\">\r\n                    <div>\r\n                        <h4>Vocabulario checo<\/h4>\r\n                        <p>Ampl\u00eda o teu vocabulario checo.<\/p>\r\n                    <\/div>\r\n                <\/div>\r\n            <\/div>\r\n        <\/a>\r\n\r\n            <\/section>","protected":false},"excerpt":{"rendered":"<p>Gram\u00e1tica checa: dar sentido \u00e1 estrutura \u00fanica da lingua checa Se algunha vez intentaches aprender checo, ou incluso s\u00f3 leches un artigo ou libro checo, probablemente te\u00f1as notado que a s\u00faa gram\u00e1tica pode ser bastante desafiante. Considerada amplamente como un dos sistemas ling\u00fc\u00edsticos m\u00e1is complexos, a gram\u00e1tica checa deixou perplexos a moitos estudantes estranxeiros. Pero [&hellip;]<\/p>\n","protected":false},"author":1,"featured_media":111600,"parent":0,"menu_order":0,"comment_status":"closed","ping_status":"closed","template":"LearningContentPage.php","meta":{"_acf_changed":false,"footnotes":""},"class_list":["post-143297","page","type-page","status-publish","has-post-thumbnail","hentry"],"acf":[],"yoast_head":"<!-- This site is optimized with the Yoast SEO Premium plugin v27.2 (Yoast SEO v27.2) - https:\/\/yoast.com\/product\/yoast-seo-premium-wordpress\/ -->\n<title>Gram\u00e1tica Checa - Talkpal<\/title>\n<meta name=\"description\" content=\"Desvela os segredos da gram\u00e1tica checa. Aprende sobre a s\u00faa complexidade \u00fanica e como dominar as declinaci\u00f3ns dos substantivos de forma eficaz.\" \/>\n<meta name=\"robots\" content=\"index, follow, max-snippet:-1, max-image-preview:large, max-video-preview:-1\" \/>\n<link rel=\"canonical\" href=\"https:\/\/talkpal.ai\/gl\/gramatica-checa\/\" \/>\n<meta property=\"og:locale\" content=\"gl_ES\" \/>\n<meta property=\"og:type\" content=\"article\" \/>\n<meta property=\"og:title\" content=\"Gram\u00e1tica Checa\" \/>\n<meta property=\"og:description\" content=\"Gram\u00e1tica checa: dar sentido \u00e1 estrutura \u00fanica da lingua checa Se algunha vez intentaches aprender checo, ou incluso s\u00f3 leches un artigo ou libro checo,\" \/>\n<meta property=\"og:url\" content=\"https:\/\/talkpal.ai\/gl\/gramatica-checa\/\" \/>\n<meta property=\"og:site_name\" content=\"Talkpal\" \/>\n<meta property=\"article:publisher\" content=\"https:\/\/www.facebook.com\/profile.php?id=100090733639311\" \/>\n<meta property=\"article:modified_time\" content=\"2025-12-13T15:23:30+00:00\" \/>\n<meta property=\"og:image\" content=\"https:\/\/talkpal.ai\/wp-content\/uploads\/2023\/05\/czech-republic.png\" \/>\n\t<meta property=\"og:image:width\" content=\"512\" \/>\n\t<meta property=\"og:image:height\" content=\"512\" \/>\n\t<meta property=\"og:image:type\" content=\"image\/png\" \/>\n<meta name=\"twitter:card\" content=\"summary_large_image\" \/>\n<meta name=\"twitter:site\" content=\"@talkpalai\" \/>\n<meta name=\"twitter:label1\" content=\"Tempo de lectura\" \/>\n\t<meta name=\"twitter:data1\" content=\"4 minutos\" \/>\n<script type=\"application\/ld+json\" class=\"yoast-schema-graph\">{\"@context\":\"https:\/\/schema.org\",\"@graph\":[{\"@type\":\"WebPage\",\"@id\":\"https:\/\/talkpal.ai\/gl\/gramatica-checa\/\",\"url\":\"https:\/\/talkpal.ai\/gl\/gramatica-checa\/\",\"name\":\"Gram\u00e1tica Checa - Talkpal\",\"isPartOf\":{\"@id\":\"https:\/\/talkpal.ai\/gl\/#website\"},\"primaryImageOfPage\":{\"@id\":\"https:\/\/talkpal.ai\/gl\/gramatica-checa\/#primaryimage\"},\"image\":{\"@id\":\"https:\/\/talkpal.ai\/gl\/gramatica-checa\/#primaryimage\"},\"thumbnailUrl\":\"https:\/\/talkpal.ai\/wp-content\/uploads\/2023\/05\/czech-republic.png\",\"datePublished\":\"2023-05-14T14:03:07+00:00\",\"dateModified\":\"2025-12-13T15:23:30+00:00\",\"description\":\"Desvela os segredos da gram\u00e1tica checa. Aprende sobre a s\u00faa complexidade \u00fanica e como dominar as declinaci\u00f3ns dos substantivos de forma eficaz.\",\"breadcrumb\":{\"@id\":\"https:\/\/talkpal.ai\/gl\/gramatica-checa\/#breadcrumb\"},\"inLanguage\":\"gl-ES\",\"potentialAction\":[{\"@type\":\"ReadAction\",\"target\":[\"https:\/\/talkpal.ai\/gl\/gramatica-checa\/\"]}]},{\"@type\":\"ImageObject\",\"inLanguage\":\"gl-ES\",\"@id\":\"https:\/\/talkpal.ai\/gl\/gramatica-checa\/#primaryimage\",\"url\":\"https:\/\/talkpal.ai\/wp-content\/uploads\/2023\/05\/czech-republic.png\",\"contentUrl\":\"https:\/\/talkpal.ai\/wp-content\/uploads\/2023\/05\/czech-republic.png\",\"width\":512,\"height\":512},{\"@type\":\"BreadcrumbList\",\"@id\":\"https:\/\/talkpal.ai\/gl\/gramatica-checa\/#breadcrumb\",\"itemListElement\":[{\"@type\":\"ListItem\",\"position\":1,\"name\":\"Homepage\",\"item\":\"https:\/\/talkpal.ai\/gl\/\"},{\"@type\":\"ListItem\",\"position\":2,\"name\":\"Gram\u00e1tica Checa\"}]},{\"@type\":\"WebSite\",\"@id\":\"https:\/\/talkpal.ai\/gl\/#website\",\"url\":\"https:\/\/talkpal.ai\/gl\/\",\"name\":\"Talkpal\",\"description\":\"AI Language Learning\",\"publisher\":{\"@id\":\"https:\/\/talkpal.ai\/gl\/#organization\"},\"alternateName\":\"Talkpal AI\",\"potentialAction\":[{\"@type\":\"SearchAction\",\"target\":{\"@type\":\"EntryPoint\",\"urlTemplate\":\"https:\/\/talkpal.ai\/gl\/?s={search_term_string}\"},\"query-input\":{\"@type\":\"PropertyValueSpecification\",\"valueRequired\":true,\"valueName\":\"search_term_string\"}}],\"inLanguage\":\"gl-ES\"},{\"@type\":\"Organization\",\"@id\":\"https:\/\/talkpal.ai\/gl\/#organization\",\"name\":\"Talkpal, Inc.\",\"alternateName\":\"Talkpal AI\",\"url\":\"https:\/\/talkpal.ai\/gl\/\",\"logo\":{\"@type\":\"ImageObject\",\"inLanguage\":\"gl-ES\",\"@id\":\"https:\/\/talkpal.ai\/gl\/#\/schema\/logo\/image\/\",\"url\":\"https:\/\/talkpal.ai\/wp-content\/uploads\/2024\/03\/Talkpal-Logo-Icon.png\",\"contentUrl\":\"https:\/\/talkpal.ai\/wp-content\/uploads\/2024\/03\/Talkpal-Logo-Icon.png\",\"width\":2880,\"height\":2880,\"caption\":\"Talkpal, Inc.\"},\"image\":{\"@id\":\"https:\/\/talkpal.ai\/gl\/#\/schema\/logo\/image\/\"},\"sameAs\":[\"https:\/\/www.facebook.com\/profile.php?id=100090733639311\",\"https:\/\/x.com\/talkpalai\",\"https:\/\/www.linkedin.com\/company\/talkpal\/\",\"https:\/\/www.youtube.com\/@TalkPal\/\",\"https:\/\/www.tiktok.com\/@talkpal\",\"https:\/\/www.instagram.com\/talkpal_ai\/\",\"https:\/\/www.crunchbase.com\/organization\/talkpal-9cde\",\"https:\/\/www.g2.com\/products\/talkpal-for-business\/\",\"https:\/\/www.trustpilot.com\/review\/talkpal.ai\",\"https:\/\/www.capterra.com\/p\/10006800\/TalkPal\/\"],\"description\":\"Talkpal is a language learning web and mobile education app, powered by the latest AI technologies, that provides engaging experiences to its customers in many different languages to help them improve their language skills. Users can chat about unlimited amount of topics with the app and use other modes to practice their language learning.\",\"email\":\"support@talkpal.ai\",\"legalName\":\"Talkpal, Inc.\",\"foundingDate\":\"2023-04-03\",\"duns\":\"118989042\",\"numberOfEmployees\":{\"@type\":\"QuantitativeValue\",\"minValue\":\"11\",\"maxValue\":\"50\"},\"publishingPrinciples\":\"https:\/\/talkpal.ai\/publishing-principles\/\",\"actionableFeedbackPolicy\":\"https:\/\/talkpal.ai\/actionable-feedback-policy\/\",\"correctionsPolicy\":\"https:\/\/talkpal.ai\/corrections-policy\/\",\"ethicsPolicy\":\"https:\/\/talkpal.ai\/ethics-policy\/\",\"diversityPolicy\":\"https:\/\/talkpal.ai\/diversity-policy\/\",\"diversityStaffingReport\":\"https:\/\/talkpal.ai\/diversity-policy\/\"}]}<\/script>\n<!-- \/ Yoast SEO Premium plugin. -->","yoast_head_json":{"title":"Gram\u00e1tica Checa - Talkpal","description":"Desvela os segredos da gram\u00e1tica checa. Aprende sobre a s\u00faa complexidade \u00fanica e como dominar as declinaci\u00f3ns dos substantivos de forma eficaz.","robots":{"index":"index","follow":"follow","max-snippet":"max-snippet:-1","max-image-preview":"max-image-preview:large","max-video-preview":"max-video-preview:-1"},"canonical":"https:\/\/talkpal.ai\/gl\/gramatica-checa\/","og_locale":"gl_ES","og_type":"article","og_title":"Gram\u00e1tica Checa","og_description":"Gram\u00e1tica checa: dar sentido \u00e1 estrutura \u00fanica da lingua checa Se algunha vez intentaches aprender checo, ou incluso s\u00f3 leches un artigo ou libro checo,","og_url":"https:\/\/talkpal.ai\/gl\/gramatica-checa\/","og_site_name":"Talkpal","article_publisher":"https:\/\/www.facebook.com\/profile.php?id=100090733639311","article_modified_time":"2025-12-13T15:23:30+00:00","og_image":[{"width":512,"height":512,"url":"https:\/\/talkpal.ai\/wp-content\/uploads\/2023\/05\/czech-republic.png","type":"image\/png"}],"twitter_card":"summary_large_image","twitter_site":"@talkpalai","twitter_misc":{"Tempo de lectura":"4 minutos"},"schema":{"@context":"https:\/\/schema.org","@graph":[{"@type":"WebPage","@id":"https:\/\/talkpal.ai\/gl\/gramatica-checa\/","url":"https:\/\/talkpal.ai\/gl\/gramatica-checa\/","name":"Gram\u00e1tica Checa - Talkpal","isPartOf":{"@id":"https:\/\/talkpal.ai\/gl\/#website"},"primaryImageOfPage":{"@id":"https:\/\/talkpal.ai\/gl\/gramatica-checa\/#primaryimage"},"image":{"@id":"https:\/\/talkpal.ai\/gl\/gramatica-checa\/#primaryimage"},"thumbnailUrl":"https:\/\/talkpal.ai\/wp-content\/uploads\/2023\/05\/czech-republic.png","datePublished":"2023-05-14T14:03:07+00:00","dateModified":"2025-12-13T15:23:30+00:00","description":"Desvela os segredos da gram\u00e1tica checa. Aprende sobre a s\u00faa complexidade \u00fanica e como dominar as declinaci\u00f3ns dos substantivos de forma eficaz.","breadcrumb":{"@id":"https:\/\/talkpal.ai\/gl\/gramatica-checa\/#breadcrumb"},"inLanguage":"gl-ES","potentialAction":[{"@type":"ReadAction","target":["https:\/\/talkpal.ai\/gl\/gramatica-checa\/"]}]},{"@type":"ImageObject","inLanguage":"gl-ES","@id":"https:\/\/talkpal.ai\/gl\/gramatica-checa\/#primaryimage","url":"https:\/\/talkpal.ai\/wp-content\/uploads\/2023\/05\/czech-republic.png","contentUrl":"https:\/\/talkpal.ai\/wp-content\/uploads\/2023\/05\/czech-republic.png","width":512,"height":512},{"@type":"BreadcrumbList","@id":"https:\/\/talkpal.ai\/gl\/gramatica-checa\/#breadcrumb","itemListElement":[{"@type":"ListItem","position":1,"name":"Homepage","item":"https:\/\/talkpal.ai\/gl\/"},{"@type":"ListItem","position":2,"name":"Gram\u00e1tica Checa"}]},{"@type":"WebSite","@id":"https:\/\/talkpal.ai\/gl\/#website","url":"https:\/\/talkpal.ai\/gl\/","name":"Talkpal","description":"AI Language Learning","publisher":{"@id":"https:\/\/talkpal.ai\/gl\/#organization"},"alternateName":"Talkpal AI","potentialAction":[{"@type":"SearchAction","target":{"@type":"EntryPoint","urlTemplate":"https:\/\/talkpal.ai\/gl\/?s={search_term_string}"},"query-input":{"@type":"PropertyValueSpecification","valueRequired":true,"valueName":"search_term_string"}}],"inLanguage":"gl-ES"},{"@type":"Organization","@id":"https:\/\/talkpal.ai\/gl\/#organization","name":"Talkpal, Inc.","alternateName":"Talkpal AI","url":"https:\/\/talkpal.ai\/gl\/","logo":{"@type":"ImageObject","inLanguage":"gl-ES","@id":"https:\/\/talkpal.ai\/gl\/#\/schema\/logo\/image\/","url":"https:\/\/talkpal.ai\/wp-content\/uploads\/2024\/03\/Talkpal-Logo-Icon.png","contentUrl":"https:\/\/talkpal.ai\/wp-content\/uploads\/2024\/03\/Talkpal-Logo-Icon.png","width":2880,"height":2880,"caption":"Talkpal, Inc."},"image":{"@id":"https:\/\/talkpal.ai\/gl\/#\/schema\/logo\/image\/"},"sameAs":["https:\/\/www.facebook.com\/profile.php?id=100090733639311","https:\/\/x.com\/talkpalai","https:\/\/www.linkedin.com\/company\/talkpal\/","https:\/\/www.youtube.com\/@TalkPal\/","https:\/\/www.tiktok.com\/@talkpal","https:\/\/www.instagram.com\/talkpal_ai\/","https:\/\/www.crunchbase.com\/organization\/talkpal-9cde","https:\/\/www.g2.com\/products\/talkpal-for-business\/","https:\/\/www.trustpilot.com\/review\/talkpal.ai","https:\/\/www.capterra.com\/p\/10006800\/TalkPal\/"],"description":"Talkpal is a language learning web and mobile education app, powered by the latest AI technologies, that provides engaging experiences to its customers in many different languages to help them improve their language skills. Users can chat about unlimited amount of topics with the app and use other modes to practice their language learning.","email":"support@talkpal.ai","legalName":"Talkpal, Inc.","foundingDate":"2023-04-03","duns":"118989042","numberOfEmployees":{"@type":"QuantitativeValue","minValue":"11","maxValue":"50"},"publishingPrinciples":"https:\/\/talkpal.ai\/publishing-principles\/","actionableFeedbackPolicy":"https:\/\/talkpal.ai\/actionable-feedback-policy\/","correctionsPolicy":"https:\/\/talkpal.ai\/corrections-policy\/","ethicsPolicy":"https:\/\/talkpal.ai\/ethics-policy\/","diversityPolicy":"https:\/\/talkpal.ai\/diversity-policy\/","diversityStaffingReport":"https:\/\/talkpal.ai\/diversity-policy\/"}]}},"_links":{"self":[{"href":"https:\/\/talkpal.ai\/gl\/wp-json\/wp\/v2\/pages\/143297","targetHints":{"allow":["GET"]}}],"collection":[{"href":"https:\/\/talkpal.ai\/gl\/wp-json\/wp\/v2\/pages"}],"about":[{"href":"https:\/\/talkpal.ai\/gl\/wp-json\/wp\/v2\/types\/page"}],"author":[{"embeddable":true,"href":"https:\/\/talkpal.ai\/gl\/wp-json\/wp\/v2\/users\/1"}],"replies":[{"embeddable":true,"href":"https:\/\/talkpal.ai\/gl\/wp-json\/wp\/v2\/comments?post=143297"}],"version-history":[{"count":0,"href":"https:\/\/talkpal.ai\/gl\/wp-json\/wp\/v2\/pages\/143297\/revisions"}],"wp:featuredmedia":[{"embeddable":true,"href":"https:\/\/talkpal.ai\/gl\/wp-json\/wp\/v2\/media\/111600"}],"wp:attachment":[{"href":"https:\/\/talkpal.ai\/gl\/wp-json\/wp\/v2\/media?parent=143297"}],"curies":[{"name":"wp","href":"https:\/\/api.w.org\/{rel}","templated":true}]}}