{"id":143207,"date":"2023-05-14T14:02:30","date_gmt":"2023-05-14T14:02:30","guid":{"rendered":"http:\/\/talkpal.ai\/gramatica-grega\/"},"modified":"2025-12-13T15:13:38","modified_gmt":"2025-12-13T15:13:38","slug":"gramatica-grega","status":"publish","type":"page","link":"https:\/\/talkpal.ai\/gl\/gramatica-grega\/","title":{"rendered":"Gram\u00e1tica grega"},"content":{"rendered":"\r\n\r\n\r\n<section class=\"languageChallengeSection\">\r\n    <div class=\"languageInfoWrapper\">\r\n        \r\n        <h1>Gram\u00e1tica grega<\/h1>\r\n        <p>Aprende <a href=\"https:\/\/talkpal.ai\/greek-grammar\/\">gram\u00e1tica grega<\/a> e afonda no mundo dunha das linguas m\u00e1is antigas e influentes da humanidade. O <a href=\"https:\/\/talkpal.ai\/learn-greek\/\">grego<\/a> pres\u00e9ntache o seu alfabeto \u00fanico, as expresivas conxugaci\u00f3ns verbais e un sistema de casos nominais que configuran o significado. A medida que exploras, descubrir\u00e1s as ra\u00edces de moitas palabras inglesas e conectar\u00e1s cunha rica herdanza cultural. Merg\u00fallate e goza do gratificante desaf\u00edo de aprender gram\u00e1tica grega!<\/p>\r\n\r\n                            <a class=\"getStartedHidden\" href=\"https:\/\/app.talkpal.ai\/signup?lng=\">Empeza<\/a>\r\n        \r\n    <\/div>\r\n\r\n    <figure>\r\n    <img decoding=\"async\" width=\"768\" height=\"768\" src=\"https:\/\/talkpal.ai\/wp-content\/uploads\/2023\/06\/greek-768x768.png\" class=\"languageImage no-lazy\" alt=\"Language learning to boost personal capability\" fetchpriority=\"high\" sizes=\"(max-width: 768px) 150px, 768px\" srcset=\"https:\/\/talkpal.ai\/wp-content\/uploads\/2023\/06\/greek-768x768.png 768w, https:\/\/talkpal.ai\/wp-content\/uploads\/2023\/06\/greek-300x300.png 300w\" \/>\r\n    \r\n\r\n    <\/figure>\r\n\r\n            <a class=\"getStartedVisible\" href=\"https:\/\/app.talkpal.ai\/signup?lng=\">Empeza<\/a>\r\n    \r\n<\/section>\r\n<section class=\"promotionalBanner\">\r\n    <p class=\"promotionalText\">A forma m\u00e1is eficaz de aprender un idioma<\/p>\r\n    <a class=\"promotionalLink\" href=\"https:\/\/app.talkpal.ai\/signup?lng=\">Proba Talkpal de balde<\/a>\r\n<\/section>\n<div class=\"wp-block-group pageContainerStyle\"><div class=\"wp-block-group__inner-container is-layout-constrained wp-block-group-is-layout-constrained\">\n<h2 class=\"wp-block-heading\" id=\"h-demystifying-greek-grammar-a-comprehensive-guide\">Desmitificaci\u00f3n da gram\u00e1tica grega: unha gu\u00eda completa<\/h2>\n\n\n\n<p>O grego, unha lingua elegante e antiga, ocupa un lugar especial na <a href=\"https:\/\/talkpal.ai\/es\/culture\/la-historia-de-la-catedral-de-santiago-y-su-relevancia-linguistica\/\">historia ling\u00fc\u00edstica<\/a> e segue sendo influente na actualidade. Cunha base s\u00f3lida na gram\u00e1tica grega, ter\u00e1s acceso a unha gran cantidade de recursos culturais e hist\u00f3ricos mentres desbloqueas outra capa de significado no <a href=\"https:\/\/talkpal.ai\/english-vocabulary\/\">vocabulario ingl\u00e9s<\/a>. Ao contrario da crenza popular, a gram\u00e1tica grega non \u00e9 tan intimidante <a href=\"https:\/\/talkpal.ai\/locations\/language-courses-in-como\/\">como<\/a> parece inicialmente. Neste artigo, axudar\u00e9mosche a navegar polos compo\u00f1entes esenciais da gram\u00e1tica grega <a href=\"https:\/\/talkpal.ai\/culture\/how-do-i-use-para-que-correctly\/\">para que<\/a> te achegues a esta lingua con confianza e entusiasmo.<\/p>\n\n\n\n<h3 class=\"wp-block-heading\" id=\"h-1-understanding-greek-nouns-cases-and-articles\">1. Comprensi\u00f3n de substantivos gregos, casos e artigos<\/h3>\n\n\n\n<p>Os substantivos gregos clasif\u00edcanse en tres x\u00e9neros: masculino, feminino e neutro. Cada substantivo pertence a unha das tres declinaci\u00f3ns, que determinan as terminaci\u00f3ns do substantivo en funci\u00f3n do seu x\u00e9nero, n\u00famero (singular ou plural) e caso. Na lingua grega, hai cinco casos: nominativo, xenitivo, dativo, acusativo e vocativo.<\/p>\n\n\n\n<p>Un aspecto esencial da gram\u00e1tica grega xira arredor do artigo. Do mesmo xeito que o <a href=\"https:\/\/talkpal.ai\/es\/locations\/aprende-ingles-en-orange\/\">ingl\u00e9s<\/a> &#8220;the&#8221;, o artigo definido grego \u00e9 crucial para comprender os textos gregos. O artigo grego debe concordar co substantivo en x\u00e9nero, n\u00famero e caso. O grego tam\u00e9n ten un <a href=\"https:\/\/talkpal.ai\/pt-pt\/grammar\/artigo-indefinido-na-gramatica-galesa\/\">artigo indefinido<\/a> que funciona como &#8216;a&#8217; ou &#8216;an&#8217; en ingl\u00e9s.<\/p>\n\n\n\n<h3 class=\"wp-block-heading\" id=\"h-2-tackling-greek-verbs-conjugation-and-moods\">2. Abordar os verbos gregos: conxugaci\u00f3n e estados de \u00e1nimo<\/h3>\n\n\n\n<p>Os verbos gregos caracter\u00edzanse polo seu tempo, voz, estado de \u00e1nimo, persoa e n\u00famero. Os verbos en lingua grega conx\u00faganse segundo o seu tempo, que indica cando se produce unha acci\u00f3n. Hai sete partes principais dun verbo grego, cada unha correspondente a un tempo:<\/p>\n\n\n\n<p><strong>\u2013 Presente<\/strong><\/p>\n\n\n\n<p><strong>\u2013 Futuro<\/strong><\/p>\n\n\n\n<p><strong>&#8211; Aoristo (pret\u00e9rito simple)<\/strong><\/p>\n\n\n\n<p><strong>\u2013 Perfecto<\/strong><\/p>\n\n\n\n<p><strong>&#8211; Futuro perfecto<\/strong><\/p>\n\n\n\n<p><strong>\u2013 Pluperfecto<\/strong><\/p>\n\n\n\n<p><strong>\u2013 Aoristo pasivo<\/strong><\/p>\n\n\n\n<p>Ademais, os verbos gregos te\u00f1en varios estados de \u00e1nimo que expresan a actitude do falante ante a acci\u00f3n. Estes modos son imperativos, indicativos e subxuntivos.<\/p>\n\n\n\n<h3 class=\"wp-block-heading\" id=\"h-3-crafting-expressive-sentences-with-greek-adjectives-and-adverbs\">3. Elaboraci\u00f3n de frases expresivas con adxectivos e adverbios gregos<\/h3>\n\n\n\n<p>Os adxectivos gregos engaden cor e descrici\u00f3n \u00e1s t\u00faas frases. Do mesmo xeito que os substantivos, os adxectivos en grego deben coincidir en x\u00e9nero, n\u00famero e caso co substantivo que describen. Ademais, os adxectivos pertencen a unha das tres declinaci\u00f3ns, que determina as s\u00faas terminaci\u00f3ns.<\/p>\n\n\n\n<p>Os adverbios gregos modifican verbos, adxectivos ou outros adverbios. Expresan como, cando, onde ou ata que punto se est\u00e1 a realizar unha acci\u00f3n. A diferenza dos adxectivos, os adverbios non precisan coincidir cos substantivos en x\u00e9nero, n\u00famero ou caso. En moitos casos, os adverbios f\u00f3rmanse engadindo desinencias espec\u00edficas \u00e1s ra\u00edces adxectivas.<\/p>\n\n\n\n<h3 class=\"wp-block-heading\" id=\"h-4-exploring-greek-pronouns-and-greek-sentence-structure\">4. Explorando os pronomes gregos e a estrutura da oraci\u00f3n grega<\/h3>\n\n\n\n<p>Os pronomes xogan un papel importante na gram\u00e1tica grega, xa que substit\u00faen aos substantivos e deben concordar co substantivo que representan en x\u00e9nero, n\u00famero e caso. En grego hai pronomes persoais, reflexivos, demostrativos, relativos, interrogativos e indefinidos.<\/p>\n\n\n\n<p>A estrutura da oraci\u00f3n grega segue principalmente a orde suxeito-verbo-obxecto (SVO). Non obstante, debido \u00e1 s\u00faa natureza altamente flexionada, o grego ofrece m\u00e1is flexibilidade na orde das palabras, o que permite a \u00e9nfase e a expresi\u00f3n po\u00e9tica. Esta flexibilidade pode parecer un reto ao principio, pero faise m\u00e1is accesible a medida que se familiariza cos matices da lingua.<\/p>\n\n\n\n<h3 class=\"wp-block-heading\" id=\"h-conclusion\">Conclusi\u00f3n<\/h3>\n\n\n\n<p>Mentres te embarcas na t\u00faa viaxe para dominar a gram\u00e1tica grega, lembra que a pr\u00e1ctica e a perseveranza son fundamentais para o \u00e9xito. T\u00f3mese o seu tempo para desentra\u00f1ar as complexidades dos substantivos, verbos, adxectivos, adverbios e estrutura das oraci\u00f3ns gregos. A medida que afondas nesta lingua fascinante, descubrir\u00e1s que a gram\u00e1tica grega faise m\u00e1is familiar e menos intimidante. Boa sorte, e \u03ba\u03b1\u03bb\u03ae \u03b5\u03c0\u03b9\u03c4\u03c5\u03c7\u03af\u03b1!<\/p>\n<\/div><\/div>\n\r\n<section class=\"learnNavigationSection\">\r\n            \r\n        <a href=\"https:\/\/talkpal.ai\/gl\/aprende-grego\/\">\r\n            <div class=\"learnNavigationWrapper\">\r\n                <div class=\"learnNavigationContent\">\r\n                    <img decoding=\"async\" src=\"https:\/\/talkpal.ai\/wp-content\/uploads\/2024\/08\/Greek.jpg\" alt=\"Greek Flag\">\r\n                    <div>\r\n                        <h4>Sobre a aprendizaxe do grego<\/h4>\r\n                        <p>Descubra todo sobre a gram\u00e1tica grega.<\/p>\r\n                    <\/div>\r\n                <\/div>\r\n            <\/div>\r\n        <\/a>\r\n\r\n        \r\n        <a href=\"https:\/\/talkpal.ai\/gl\/exercicios-de-gramatica-grega\/\">\r\n            <div class=\"learnNavigationWrapper\">\r\n                <div class=\"learnNavigationContent\">\r\n                    <img decoding=\"async\" src=\"https:\/\/talkpal.ai\/wp-content\/uploads\/2024\/08\/Greek.jpg\" alt=\"Greek Flag\">\r\n                    <div>\r\n                        <h4>Exercicio de gram\u00e1tica grega<\/h4>\r\n                        <p>Practica a gram\u00e1tica grega.<\/p>\r\n                    <\/div>\r\n                <\/div>\r\n            <\/div>\r\n        <\/a>\r\n\r\n        \r\n        <a href=\"https:\/\/talkpal.ai\/vocabulary_language\/greek\/\">\r\n            <div class=\"learnNavigationWrapper\">\r\n                <div class=\"learnNavigationContent\">\r\n                    <img decoding=\"async\" src=\"https:\/\/talkpal.ai\/wp-content\/uploads\/2024\/08\/Greek.jpg\" alt=\"Greek Flag\">\r\n                    <div>\r\n                        <h4>Vocabulario grego<\/h4>\r\n                        <p>Ampl\u00eda o teu vocabulario grego.<\/p>\r\n                    <\/div>\r\n                <\/div>\r\n            <\/div>\r\n        <\/a>\r\n\r\n            <\/section>","protected":false},"excerpt":{"rendered":"<p>Desmitificaci\u00f3n da gram\u00e1tica grega: unha gu\u00eda completa O grego, unha lingua elegante e antiga, ocupa un lugar especial na historia ling\u00fc\u00edstica e segue sendo influente na actualidade. Cunha base s\u00f3lida na gram\u00e1tica grega, ter\u00e1s acceso a unha gran cantidade de recursos culturais e hist\u00f3ricos mentres desbloqueas outra capa de significado no vocabulario ingl\u00e9s. Ao contrario [&hellip;]<\/p>\n","protected":false},"author":1,"featured_media":143208,"parent":0,"menu_order":0,"comment_status":"closed","ping_status":"closed","template":"LearningContentPage.php","meta":{"_acf_changed":false,"footnotes":""},"class_list":["post-143207","page","type-page","status-publish","has-post-thumbnail","hentry"],"acf":[],"yoast_head":"<!-- This site is optimized with the Yoast SEO Premium plugin v27.2 (Yoast SEO v27.2) - https:\/\/yoast.com\/product\/yoast-seo-premium-wordpress\/ -->\n<title>Gram\u00e1tica grega - Talkpal<\/title>\n<meta name=\"description\" content=\"Domina a gram\u00e1tica grega con confianza: aprende regras importantes, practica a formaci\u00f3n de frases e fortalece as t\u00faas habilidades rapidamente coa IA Talkpal .\" \/>\n<meta name=\"robots\" content=\"index, follow, max-snippet:-1, max-image-preview:large, max-video-preview:-1\" \/>\n<link rel=\"canonical\" href=\"https:\/\/talkpal.ai\/gl\/gramatica-grega\/\" \/>\n<meta property=\"og:locale\" content=\"gl_ES\" \/>\n<meta property=\"og:type\" content=\"article\" \/>\n<meta property=\"og:title\" content=\"Gram\u00e1tica grega\" \/>\n<meta property=\"og:description\" content=\"Desmitificaci\u00f3n da gram\u00e1tica grega: unha gu\u00eda completa O grego, unha lingua elegante e antiga, ocupa un lugar especial na historia ling\u00fc\u00edstica e segue\" \/>\n<meta property=\"og:url\" content=\"https:\/\/talkpal.ai\/gl\/gramatica-grega\/\" \/>\n<meta property=\"og:site_name\" content=\"Talkpal\" \/>\n<meta property=\"article:publisher\" content=\"https:\/\/www.facebook.com\/profile.php?id=100090733639311\" \/>\n<meta property=\"article:modified_time\" content=\"2025-12-13T15:13:38+00:00\" \/>\n<meta property=\"og:image\" content=\"https:\/\/talkpal.ai\/wp-content\/uploads\/2023\/05\/greece.png\" \/>\n\t<meta property=\"og:image:width\" content=\"512\" \/>\n\t<meta property=\"og:image:height\" content=\"512\" \/>\n\t<meta property=\"og:image:type\" content=\"image\/png\" \/>\n<meta name=\"twitter:card\" content=\"summary_large_image\" \/>\n<meta name=\"twitter:site\" content=\"@talkpalai\" \/>\n<meta name=\"twitter:label1\" content=\"Tempo de lectura\" \/>\n\t<meta name=\"twitter:data1\" content=\"3 minutos\" \/>\n<script type=\"application\/ld+json\" class=\"yoast-schema-graph\">{\"@context\":\"https:\/\/schema.org\",\"@graph\":[{\"@type\":\"WebPage\",\"@id\":\"https:\/\/talkpal.ai\/gl\/gramatica-grega\/\",\"url\":\"https:\/\/talkpal.ai\/gl\/gramatica-grega\/\",\"name\":\"Gram\u00e1tica grega - Talkpal\",\"isPartOf\":{\"@id\":\"https:\/\/talkpal.ai\/gl\/#website\"},\"primaryImageOfPage\":{\"@id\":\"https:\/\/talkpal.ai\/gl\/gramatica-grega\/#primaryimage\"},\"image\":{\"@id\":\"https:\/\/talkpal.ai\/gl\/gramatica-grega\/#primaryimage\"},\"thumbnailUrl\":\"https:\/\/talkpal.ai\/wp-content\/uploads\/2023\/05\/greece.png\",\"datePublished\":\"2023-05-14T14:02:30+00:00\",\"dateModified\":\"2025-12-13T15:13:38+00:00\",\"description\":\"Domina a gram\u00e1tica grega con confianza: aprende regras importantes, practica a formaci\u00f3n de frases e fortalece as t\u00faas habilidades rapidamente coa IA Talkpal .\",\"breadcrumb\":{\"@id\":\"https:\/\/talkpal.ai\/gl\/gramatica-grega\/#breadcrumb\"},\"inLanguage\":\"gl-ES\",\"potentialAction\":[{\"@type\":\"ReadAction\",\"target\":[\"https:\/\/talkpal.ai\/gl\/gramatica-grega\/\"]}]},{\"@type\":\"ImageObject\",\"inLanguage\":\"gl-ES\",\"@id\":\"https:\/\/talkpal.ai\/gl\/gramatica-grega\/#primaryimage\",\"url\":\"https:\/\/talkpal.ai\/wp-content\/uploads\/2023\/05\/greece.png\",\"contentUrl\":\"https:\/\/talkpal.ai\/wp-content\/uploads\/2023\/05\/greece.png\",\"width\":512,\"height\":512},{\"@type\":\"BreadcrumbList\",\"@id\":\"https:\/\/talkpal.ai\/gl\/gramatica-grega\/#breadcrumb\",\"itemListElement\":[{\"@type\":\"ListItem\",\"position\":1,\"name\":\"Homepage\",\"item\":\"https:\/\/talkpal.ai\/gl\/\"},{\"@type\":\"ListItem\",\"position\":2,\"name\":\"Gram\u00e1tica grega\"}]},{\"@type\":\"WebSite\",\"@id\":\"https:\/\/talkpal.ai\/gl\/#website\",\"url\":\"https:\/\/talkpal.ai\/gl\/\",\"name\":\"Talkpal\",\"description\":\"AI Language Learning\",\"publisher\":{\"@id\":\"https:\/\/talkpal.ai\/gl\/#organization\"},\"alternateName\":\"Talkpal AI\",\"potentialAction\":[{\"@type\":\"SearchAction\",\"target\":{\"@type\":\"EntryPoint\",\"urlTemplate\":\"https:\/\/talkpal.ai\/gl\/?s={search_term_string}\"},\"query-input\":{\"@type\":\"PropertyValueSpecification\",\"valueRequired\":true,\"valueName\":\"search_term_string\"}}],\"inLanguage\":\"gl-ES\"},{\"@type\":\"Organization\",\"@id\":\"https:\/\/talkpal.ai\/gl\/#organization\",\"name\":\"Talkpal, Inc.\",\"alternateName\":\"Talkpal AI\",\"url\":\"https:\/\/talkpal.ai\/gl\/\",\"logo\":{\"@type\":\"ImageObject\",\"inLanguage\":\"gl-ES\",\"@id\":\"https:\/\/talkpal.ai\/gl\/#\/schema\/logo\/image\/\",\"url\":\"https:\/\/talkpal.ai\/wp-content\/uploads\/2024\/03\/Talkpal-Logo-Icon.png\",\"contentUrl\":\"https:\/\/talkpal.ai\/wp-content\/uploads\/2024\/03\/Talkpal-Logo-Icon.png\",\"width\":2880,\"height\":2880,\"caption\":\"Talkpal, Inc.\"},\"image\":{\"@id\":\"https:\/\/talkpal.ai\/gl\/#\/schema\/logo\/image\/\"},\"sameAs\":[\"https:\/\/www.facebook.com\/profile.php?id=100090733639311\",\"https:\/\/x.com\/talkpalai\",\"https:\/\/www.linkedin.com\/company\/talkpal\/\",\"https:\/\/www.youtube.com\/@TalkPal\/\",\"https:\/\/www.tiktok.com\/@talkpal\",\"https:\/\/www.instagram.com\/talkpal_ai\/\",\"https:\/\/www.crunchbase.com\/organization\/talkpal-9cde\",\"https:\/\/www.g2.com\/products\/talkpal-for-business\/\",\"https:\/\/www.trustpilot.com\/review\/talkpal.ai\",\"https:\/\/www.capterra.com\/p\/10006800\/TalkPal\/\"],\"description\":\"Talkpal is a language learning web and mobile education app, powered by the latest AI technologies, that provides engaging experiences to its customers in many different languages to help them improve their language skills. Users can chat about unlimited amount of topics with the app and use other modes to practice their language learning.\",\"email\":\"support@talkpal.ai\",\"legalName\":\"Talkpal, Inc.\",\"foundingDate\":\"2023-04-03\",\"duns\":\"118989042\",\"numberOfEmployees\":{\"@type\":\"QuantitativeValue\",\"minValue\":\"11\",\"maxValue\":\"50\"},\"publishingPrinciples\":\"https:\/\/talkpal.ai\/publishing-principles\/\",\"actionableFeedbackPolicy\":\"https:\/\/talkpal.ai\/actionable-feedback-policy\/\",\"correctionsPolicy\":\"https:\/\/talkpal.ai\/corrections-policy\/\",\"ethicsPolicy\":\"https:\/\/talkpal.ai\/ethics-policy\/\",\"diversityPolicy\":\"https:\/\/talkpal.ai\/diversity-policy\/\",\"diversityStaffingReport\":\"https:\/\/talkpal.ai\/diversity-policy\/\"}]}<\/script>\n<!-- \/ Yoast SEO Premium plugin. -->","yoast_head_json":{"title":"Gram\u00e1tica grega - Talkpal","description":"Domina a gram\u00e1tica grega con confianza: aprende regras importantes, practica a formaci\u00f3n de frases e fortalece as t\u00faas habilidades rapidamente coa IA Talkpal .","robots":{"index":"index","follow":"follow","max-snippet":"max-snippet:-1","max-image-preview":"max-image-preview:large","max-video-preview":"max-video-preview:-1"},"canonical":"https:\/\/talkpal.ai\/gl\/gramatica-grega\/","og_locale":"gl_ES","og_type":"article","og_title":"Gram\u00e1tica grega","og_description":"Desmitificaci\u00f3n da gram\u00e1tica grega: unha gu\u00eda completa O grego, unha lingua elegante e antiga, ocupa un lugar especial na historia ling\u00fc\u00edstica e segue","og_url":"https:\/\/talkpal.ai\/gl\/gramatica-grega\/","og_site_name":"Talkpal","article_publisher":"https:\/\/www.facebook.com\/profile.php?id=100090733639311","article_modified_time":"2025-12-13T15:13:38+00:00","og_image":[{"width":512,"height":512,"url":"https:\/\/talkpal.ai\/wp-content\/uploads\/2023\/05\/greece.png","type":"image\/png"}],"twitter_card":"summary_large_image","twitter_site":"@talkpalai","twitter_misc":{"Tempo de lectura":"3 minutos"},"schema":{"@context":"https:\/\/schema.org","@graph":[{"@type":"WebPage","@id":"https:\/\/talkpal.ai\/gl\/gramatica-grega\/","url":"https:\/\/talkpal.ai\/gl\/gramatica-grega\/","name":"Gram\u00e1tica grega - Talkpal","isPartOf":{"@id":"https:\/\/talkpal.ai\/gl\/#website"},"primaryImageOfPage":{"@id":"https:\/\/talkpal.ai\/gl\/gramatica-grega\/#primaryimage"},"image":{"@id":"https:\/\/talkpal.ai\/gl\/gramatica-grega\/#primaryimage"},"thumbnailUrl":"https:\/\/talkpal.ai\/wp-content\/uploads\/2023\/05\/greece.png","datePublished":"2023-05-14T14:02:30+00:00","dateModified":"2025-12-13T15:13:38+00:00","description":"Domina a gram\u00e1tica grega con confianza: aprende regras importantes, practica a formaci\u00f3n de frases e fortalece as t\u00faas habilidades rapidamente coa IA Talkpal .","breadcrumb":{"@id":"https:\/\/talkpal.ai\/gl\/gramatica-grega\/#breadcrumb"},"inLanguage":"gl-ES","potentialAction":[{"@type":"ReadAction","target":["https:\/\/talkpal.ai\/gl\/gramatica-grega\/"]}]},{"@type":"ImageObject","inLanguage":"gl-ES","@id":"https:\/\/talkpal.ai\/gl\/gramatica-grega\/#primaryimage","url":"https:\/\/talkpal.ai\/wp-content\/uploads\/2023\/05\/greece.png","contentUrl":"https:\/\/talkpal.ai\/wp-content\/uploads\/2023\/05\/greece.png","width":512,"height":512},{"@type":"BreadcrumbList","@id":"https:\/\/talkpal.ai\/gl\/gramatica-grega\/#breadcrumb","itemListElement":[{"@type":"ListItem","position":1,"name":"Homepage","item":"https:\/\/talkpal.ai\/gl\/"},{"@type":"ListItem","position":2,"name":"Gram\u00e1tica grega"}]},{"@type":"WebSite","@id":"https:\/\/talkpal.ai\/gl\/#website","url":"https:\/\/talkpal.ai\/gl\/","name":"Talkpal","description":"AI Language Learning","publisher":{"@id":"https:\/\/talkpal.ai\/gl\/#organization"},"alternateName":"Talkpal AI","potentialAction":[{"@type":"SearchAction","target":{"@type":"EntryPoint","urlTemplate":"https:\/\/talkpal.ai\/gl\/?s={search_term_string}"},"query-input":{"@type":"PropertyValueSpecification","valueRequired":true,"valueName":"search_term_string"}}],"inLanguage":"gl-ES"},{"@type":"Organization","@id":"https:\/\/talkpal.ai\/gl\/#organization","name":"Talkpal, Inc.","alternateName":"Talkpal AI","url":"https:\/\/talkpal.ai\/gl\/","logo":{"@type":"ImageObject","inLanguage":"gl-ES","@id":"https:\/\/talkpal.ai\/gl\/#\/schema\/logo\/image\/","url":"https:\/\/talkpal.ai\/wp-content\/uploads\/2024\/03\/Talkpal-Logo-Icon.png","contentUrl":"https:\/\/talkpal.ai\/wp-content\/uploads\/2024\/03\/Talkpal-Logo-Icon.png","width":2880,"height":2880,"caption":"Talkpal, Inc."},"image":{"@id":"https:\/\/talkpal.ai\/gl\/#\/schema\/logo\/image\/"},"sameAs":["https:\/\/www.facebook.com\/profile.php?id=100090733639311","https:\/\/x.com\/talkpalai","https:\/\/www.linkedin.com\/company\/talkpal\/","https:\/\/www.youtube.com\/@TalkPal\/","https:\/\/www.tiktok.com\/@talkpal","https:\/\/www.instagram.com\/talkpal_ai\/","https:\/\/www.crunchbase.com\/organization\/talkpal-9cde","https:\/\/www.g2.com\/products\/talkpal-for-business\/","https:\/\/www.trustpilot.com\/review\/talkpal.ai","https:\/\/www.capterra.com\/p\/10006800\/TalkPal\/"],"description":"Talkpal is a language learning web and mobile education app, powered by the latest AI technologies, that provides engaging experiences to its customers in many different languages to help them improve their language skills. Users can chat about unlimited amount of topics with the app and use other modes to practice their language learning.","email":"support@talkpal.ai","legalName":"Talkpal, Inc.","foundingDate":"2023-04-03","duns":"118989042","numberOfEmployees":{"@type":"QuantitativeValue","minValue":"11","maxValue":"50"},"publishingPrinciples":"https:\/\/talkpal.ai\/publishing-principles\/","actionableFeedbackPolicy":"https:\/\/talkpal.ai\/actionable-feedback-policy\/","correctionsPolicy":"https:\/\/talkpal.ai\/corrections-policy\/","ethicsPolicy":"https:\/\/talkpal.ai\/ethics-policy\/","diversityPolicy":"https:\/\/talkpal.ai\/diversity-policy\/","diversityStaffingReport":"https:\/\/talkpal.ai\/diversity-policy\/"}]}},"_links":{"self":[{"href":"https:\/\/talkpal.ai\/gl\/wp-json\/wp\/v2\/pages\/143207","targetHints":{"allow":["GET"]}}],"collection":[{"href":"https:\/\/talkpal.ai\/gl\/wp-json\/wp\/v2\/pages"}],"about":[{"href":"https:\/\/talkpal.ai\/gl\/wp-json\/wp\/v2\/types\/page"}],"author":[{"embeddable":true,"href":"https:\/\/talkpal.ai\/gl\/wp-json\/wp\/v2\/users\/1"}],"replies":[{"embeddable":true,"href":"https:\/\/talkpal.ai\/gl\/wp-json\/wp\/v2\/comments?post=143207"}],"version-history":[{"count":0,"href":"https:\/\/talkpal.ai\/gl\/wp-json\/wp\/v2\/pages\/143207\/revisions"}],"wp:featuredmedia":[{"embeddable":true,"href":"https:\/\/talkpal.ai\/gl\/wp-json\/wp\/v2\/media\/143208"}],"wp:attachment":[{"href":"https:\/\/talkpal.ai\/gl\/wp-json\/wp\/v2\/media?parent=143207"}],"curies":[{"name":"wp","href":"https:\/\/api.w.org\/{rel}","templated":true}]}}