{"id":142357,"date":"2023-05-14T14:01:16","date_gmt":"2023-05-14T14:01:16","guid":{"rendered":"http:\/\/talkpal.ai\/gramatica-croata\/"},"modified":"2025-12-11T16:41:18","modified_gmt":"2025-12-11T16:41:18","slug":"gramatica-croata","status":"publish","type":"page","link":"https:\/\/talkpal.ai\/gl\/gramatica-croata\/","title":{"rendered":"Gram\u00e1tica croata"},"content":{"rendered":"\r\n\r\n\r\n<section class=\"languageChallengeSection\">\r\n    <div class=\"languageInfoWrapper\">\r\n        \r\n        <h1>Gram\u00e1tica croata<\/h1>\r\n        <p>Descubre a fascinante estrutura do <a href=\"https:\/\/talkpal.ai\/learn-croatian\/\">croata<\/a> aprendendo as s\u00faas regras gramaticais esenciais. Dominar a <a href=\"https:\/\/talkpal.ai\/es\/gramatica-croata\/\">gram\u00e1tica croata<\/a> abrirache novas oportunidades de comunicaci\u00f3n e axudarache a experimentar mellor a cultura e o patrimonio do pa\u00eds. Comeza a aprender <a href=\"https:\/\/talkpal.ai\/es\/gramatica-croata\/\">gram\u00e1tica croata<\/a> hoxe mesmo e d\u00e1 o teu primeiro paso cara \u00e1 fluidez!<\/p>\r\n\r\n                            <a class=\"getStartedHidden\" href=\"https:\/\/app.talkpal.ai\/signup?lng=\">Empeza<\/a>\r\n        \r\n    <\/div>\r\n\r\n    <figure>\r\n    <img decoding=\"async\" width=\"768\" height=\"768\" src=\"https:\/\/talkpal.ai\/wp-content\/uploads\/2023\/06\/croatian-768x768.png\" class=\"languageImage no-lazy\" alt=\"Language learning for successful interaction\" fetchpriority=\"high\" sizes=\"(max-width: 768px) 150px, 768px\" srcset=\"https:\/\/talkpal.ai\/wp-content\/uploads\/2023\/06\/croatian-768x768.png 768w, https:\/\/talkpal.ai\/wp-content\/uploads\/2023\/06\/croatian-300x300.png 300w\" \/>\r\n    \r\n\r\n    <\/figure>\r\n\r\n            <a class=\"getStartedVisible\" href=\"https:\/\/app.talkpal.ai\/signup?lng=\">Empeza<\/a>\r\n    \r\n<\/section>\r\n<section class=\"promotionalBanner\">\r\n    <p class=\"promotionalText\">A forma m\u00e1is eficaz de aprender un idioma<\/p>\r\n    <a class=\"promotionalLink\" href=\"https:\/\/app.talkpal.ai\/signup?lng=\">Proba Talkpal de balde<\/a>\r\n<\/section>\n<div class=\"wp-block-group pageContainerStyle\"><div class=\"wp-block-group__inner-container is-layout-constrained wp-block-group-is-layout-constrained\">\n<h2 class=\"wp-block-heading\" id=\"h-a-journey-through-croatian-grammar-unraveling-the-complexities-made-easy\">Unha viaxe pola gram\u00e1tica croata: Desentra\u00f1ando as complexidades facilmente<\/h2>\n\n\n\n<p>Gram\u00e1tica croata: atractiva e intimidante, sinxela e intrincada, misteriosa e fascinante. Mentres te embarcas na viaxe de <a href=\"https:\/\/talkpal.ai\/gl\/aprendizaxe\/\">aprendizaxe<\/a> da lingua croata, podes sentirte abrumado pola idea de comprender as s\u00faas complexidades gramaticais. Pero non temas, intr\u00e9pido ling\u00fcista, porque estamos aqu\u00ed para guiarte en cada paso do cami\u00f1o!<\/p>\n\n\n\n<p>Neste artigo, proporcionaremos unha comprensi\u00f3n b\u00e1sica dos conceptos gramaticais croatas e proporcionaremos consellos e trucos para dominar esta fermosa lingua eslava. Senta, rel\u00e1xate e simplifiquemos este asunto aparentemente complicado!<\/p>\n\n\n\n<h3 class=\"wp-block-heading\" id=\"h-1-heavenly-nouns-declining-in-style\">1. Substantivos celestes: estilo decrecente<\/h3>\n\n\n\n<p>Se est\u00e1s familiarizado con idiomas <a href=\"https:\/\/talkpal.ai\/locations\/language-courses-in-como\/\">como<\/a> o lat\u00edn ou o <a href=\"https:\/\/talkpal.ai\/learn-german\/\">alem\u00e1n<\/a>, o concepto de declinaci\u00f3n do substantivo non ser\u00e1 <a href=\"https:\/\/talkpal.ai\/talkpal-new-years-discount\/\">novo<\/a> para ti. A gram\u00e1tica croata est\u00e1 constru\u00edda sobre unha base de declinaci\u00f3n, cun total de sete casos. Si, escoitaches ben! Cada substantivo en croata pode ter ata sete formas diferentes, dependendo do seu papel na oraci\u00f3n. Pero por que tanto ru\u00eddo, preguntas? Ben, reduce a necesidade de preposici\u00f3ns, facendo a lingua m\u00e1is precisa.  <\/p>\n\n\n\n<p>Aqu\u00ed <a href=\"https:\/\/talkpal.ai\/talkpal-discount-for-test-takers-e-g-toefl-ielts\/\">tes<\/a> un resumo r\u00e1pido dos casos:<\/p>\n\n\n\n<p><strong>\u2013 Nominativo:<\/strong> o suxeito dunha oraci\u00f3n<\/p>\n\n\n\n<p><strong>\u2013 Xenitivo:<\/strong> indica posesi\u00f3n ou orixe<\/p>\n\n\n\n<p><strong>\u2013 Dativo:<\/strong> o obxecto ou destino indirecto<\/p>\n\n\n\n<p><strong>\u2013 Acusativo:<\/strong> o obxecto directo ou meta<\/p>\n\n\n\n<p><strong>\u2013 Vocativo:<\/strong> \u00dasase para dirixirse ou chamar a algu\u00e9n<\/p>\n\n\n\n<p><strong>\u2013 Locativo:<\/strong> indica a localizaci\u00f3n<\/p>\n\n\n\n<p><strong>\u2013 Instrumental:<\/strong> Describe medios, modo ou acompa\u00f1amento<\/p>\n\n\n\n<p>Agora, antes de <a href=\"https:\/\/talkpal.ai\/ko\/ai-%ec%96%b8%ec%96%b4-%ea%b5%90%ec%82%ac\/\">comezar<\/a> a entrar en p\u00e1nico, recorda que a pr\u00e1ctica fai a perfecci\u00f3n. A exposici\u00f3n regular e o uso da lingua axudarache a dominar gradualmente estas declinaci\u00f3ns e converterte nun xenio da gram\u00e1tica croata.<\/p>\n\n\n\n<h3 class=\"wp-block-heading\" id=\"h-2-adorable-adjectives-agreements-galore\">2. Adxectivos adorables: acordos en abundancia<\/h3>\n\n\n\n<p>No mundo da gram\u00e1tica croata, os adxectivos g\u00fastalles ser agradables. Cambian segundo o x\u00e9nero, o n\u00famero e o caso do substantivo que modifican. Isto significa que ter\u00e1s que axustar a forma do adxectivo dependendo de se o substantivo \u00e9 masculino, feminino ou neutro, as\u00ed como de se \u00e9 singular ou plural.<\/p>\n\n\n\n<p>Loitando co acordo? Aqu\u00ed tes un pequeno consello: c\u00e9ntrate en aprender a ra\u00edz dun adxectivo e o resto quedar\u00e1 no seu lugar. Por exemplo, o adxectivo ra\u00edz de &#8220;bonito&#8221; \u00e9 &#8220;lijep-&#8221; e podes crear formas como &#8220;lijepa&#8221; (feminino, nominativo) ou &#8220;lijepim&#8221; (masculino\/neutro, instrumental) usando varias terminaci\u00f3ns.<\/p>\n\n\n\n<h3 class=\"wp-block-heading\" id=\"h-3-vibrant-verbs-conjugating-to-perfection\">3. Verbos vibrantes: conxugando \u00e1 perfecci\u00f3n<\/h3>\n\n\n\n<p>Empezas a ver un patr\u00f3n aqu\u00ed? Do mesmo xeito que os substantivos e os adxectivos, os verbos croatas tam\u00e9n est\u00e1n cheos de variaci\u00f3ns. Nesta lingua, os verbos sofren a conxugaci\u00f3n baseada no tempo, o modo, o aspecto, a persoa e o n\u00famero.<\/p>\n\n\n\n<p>Hai tres tempos principais en croata: pasado, presente e futuro. A\u00ednda que o tempo presente pode parecer relativamente f\u00e1cil de entender, os tempos pasados \u200b\u200be futuros poden ser complicados. Pero non te preocupes! A pr\u00e1ctica e a exposici\u00f3n \u00e1 lingua axudarache a superar estes obst\u00e1culos en pouco tempo.<\/p>\n\n\n\n<h3 class=\"wp-block-heading\" id=\"h-4-prepositions-cases-dynamic-duo\">4. Preposici\u00f3ns + Casos = D\u00fao Din\u00e1mico!<\/h3>\n\n\n\n<p>As preposici\u00f3ns croatas poden ser un pouco complicadas, xa que est\u00e1n intimamente relacionadas cos casos nominais. Por exemplo, a preposici\u00f3n &#8220;u&#8221; (en, dentro) \u00fasase co caso acusativo se denota movemento ou direcci\u00f3n, pero se representa localizaci\u00f3n, ent\u00f3n funciona co caso locativo.<\/p>\n\n\n\n<p>Para evitar confusi\u00f3ns, asocia unha preposici\u00f3n co caso que require. Por exemplo, recorda &#8220;u + locativo = en&#8221; e &#8220;u + acusativo = dentro&#8221;.<\/p>\n\n\n\n<h3 class=\"wp-block-heading\" id=\"h-5-tame-the-complexities-practice-makes-perfect\">5. Doma as complexidades: a pr\u00e1ctica fai a perfecci\u00f3n<\/h3>\n\n\n\n<p>A primeira vista, a gram\u00e1tica croata pode parecer un labirinto, pero ten en conta que a pr\u00e1ctica \u00e9 o ingrediente secreto do \u00e9xito. Merg\u00fallate na lingua lendo, escribindo, escoitando e conversando. Converte os desaf\u00edos en triunfos permitindo que o teu cerebro absorba e se adapte ao novo ambiente ling\u00fc\u00edstico.<\/p>\n\n\n\n<p>Ent\u00f3n, agora que mergullas os dedos dos p\u00e9s nas encantadoras augas da gram\u00e1tica croata, est\u00e1s preparado para mergullar m\u00e1is a fondo? Acepta as complexidades, saborea os matices e lembra que con persistencia e paix\u00f3n podes desbloquear a verdadeira beleza da lingua croata. Sretno! (Boa sorte!)<\/p>\n<\/div><\/div>\n\r\n<section class=\"learnNavigationSection\">\r\n            \r\n        <a href=\"https:\/\/talkpal.ai\/gl\/aprende-croata\/\">\r\n            <div class=\"learnNavigationWrapper\">\r\n                <div class=\"learnNavigationContent\">\r\n                    <img decoding=\"async\" src=\"https:\/\/talkpal.ai\/wp-content\/uploads\/2024\/08\/Croatian.jpg\" alt=\"Croatian Flag\">\r\n                    <div>\r\n                        <h4>Sobre a aprendizaxe de croata<\/h4>\r\n                        <p>Descubre todo sobre a gram\u00e1tica croata.<\/p>\r\n                    <\/div>\r\n                <\/div>\r\n            <\/div>\r\n        <\/a>\r\n\r\n        \r\n        <a href=\"https:\/\/talkpal.ai\/gl\/exercicios-de-gramatica-croata\/\">\r\n            <div class=\"learnNavigationWrapper\">\r\n                <div class=\"learnNavigationContent\">\r\n                    <img decoding=\"async\" src=\"https:\/\/talkpal.ai\/wp-content\/uploads\/2024\/08\/Croatian.jpg\" alt=\"Croatian Flag\">\r\n                    <div>\r\n                        <h4>Exercicio de gram\u00e1tica croata<\/h4>\r\n                        <p>Practica a gram\u00e1tica croata .<\/p>\r\n                    <\/div>\r\n                <\/div>\r\n            <\/div>\r\n        <\/a>\r\n\r\n        \r\n        <a href=\"https:\/\/talkpal.ai\/vocabulary_language\/croatian\/\">\r\n            <div class=\"learnNavigationWrapper\">\r\n                <div class=\"learnNavigationContent\">\r\n                    <img decoding=\"async\" src=\"https:\/\/talkpal.ai\/wp-content\/uploads\/2024\/08\/Croatian.jpg\" alt=\"Croatian Flag\">\r\n                    <div>\r\n                        <h4>Vocabulario croata<\/h4>\r\n                        <p>Ampl\u00eda o teu vocabulario croata.<\/p>\r\n                    <\/div>\r\n                <\/div>\r\n            <\/div>\r\n        <\/a>\r\n\r\n            <\/section>","protected":false},"excerpt":{"rendered":"<p>Unha viaxe pola gram\u00e1tica croata: Desentra\u00f1ando as complexidades facilmente Gram\u00e1tica croata: atractiva e intimidante, sinxela e intrincada, misteriosa e fascinante. Mentres te embarcas na viaxe de aprendizaxe da lingua croata, podes sentirte abrumado pola idea de comprender as s\u00faas complexidades gramaticais. Pero non temas, intr\u00e9pido ling\u00fcista, porque estamos aqu\u00ed para guiarte en cada paso do [&hellip;]<\/p>\n","protected":false},"author":1,"featured_media":110259,"parent":0,"menu_order":0,"comment_status":"closed","ping_status":"closed","template":"LearningContentPage.php","meta":{"_acf_changed":false,"footnotes":""},"class_list":["post-142357","page","type-page","status-publish","has-post-thumbnail","hentry"],"acf":[],"yoast_head":"<!-- This site is optimized with the Yoast SEO Premium plugin v27.2 (Yoast SEO v27.2) - https:\/\/yoast.com\/product\/yoast-seo-premium-wordpress\/ -->\n<title>Gram\u00e1tica croata - Talkpal<\/title>\n<meta name=\"description\" content=\"Explora a gram\u00e1tica croata e mellora a t\u00faa comprensi\u00f3n da lingua con consellos e recursos esenciais.\" \/>\n<meta name=\"robots\" content=\"index, follow, max-snippet:-1, max-image-preview:large, max-video-preview:-1\" \/>\n<link rel=\"canonical\" href=\"https:\/\/talkpal.ai\/gl\/gramatica-croata\/\" \/>\n<meta property=\"og:locale\" content=\"gl_ES\" \/>\n<meta property=\"og:type\" content=\"article\" \/>\n<meta property=\"og:title\" content=\"Gram\u00e1tica croata\" \/>\n<meta property=\"og:description\" content=\"Unha viaxe pola gram\u00e1tica croata: Desentra\u00f1ando as complexidades facilmente Gram\u00e1tica croata: atractiva e intimidante, sinxela e intrincada, misteriosa e\" \/>\n<meta property=\"og:url\" content=\"https:\/\/talkpal.ai\/gl\/gramatica-croata\/\" \/>\n<meta property=\"og:site_name\" content=\"Talkpal\" \/>\n<meta property=\"article:publisher\" content=\"https:\/\/www.facebook.com\/profile.php?id=100090733639311\" \/>\n<meta property=\"article:modified_time\" content=\"2025-12-11T16:41:18+00:00\" \/>\n<meta property=\"og:image\" content=\"https:\/\/talkpal.ai\/wp-content\/uploads\/2023\/05\/croatia.png\" \/>\n\t<meta property=\"og:image:width\" content=\"512\" \/>\n\t<meta property=\"og:image:height\" content=\"512\" \/>\n\t<meta property=\"og:image:type\" content=\"image\/png\" \/>\n<meta name=\"twitter:card\" content=\"summary_large_image\" \/>\n<meta name=\"twitter:site\" content=\"@talkpalai\" \/>\n<meta name=\"twitter:label1\" content=\"Tempo de lectura\" \/>\n\t<meta name=\"twitter:data1\" content=\"3 minutos\" \/>\n<script type=\"application\/ld+json\" class=\"yoast-schema-graph\">{\"@context\":\"https:\/\/schema.org\",\"@graph\":[{\"@type\":\"WebPage\",\"@id\":\"https:\/\/talkpal.ai\/gl\/gramatica-croata\/\",\"url\":\"https:\/\/talkpal.ai\/gl\/gramatica-croata\/\",\"name\":\"Gram\u00e1tica croata - Talkpal\",\"isPartOf\":{\"@id\":\"https:\/\/talkpal.ai\/gl\/#website\"},\"primaryImageOfPage\":{\"@id\":\"https:\/\/talkpal.ai\/gl\/gramatica-croata\/#primaryimage\"},\"image\":{\"@id\":\"https:\/\/talkpal.ai\/gl\/gramatica-croata\/#primaryimage\"},\"thumbnailUrl\":\"https:\/\/talkpal.ai\/wp-content\/uploads\/2023\/05\/croatia.png\",\"datePublished\":\"2023-05-14T14:01:16+00:00\",\"dateModified\":\"2025-12-11T16:41:18+00:00\",\"description\":\"Explora a gram\u00e1tica croata e mellora a t\u00faa comprensi\u00f3n da lingua con consellos e recursos esenciais.\",\"breadcrumb\":{\"@id\":\"https:\/\/talkpal.ai\/gl\/gramatica-croata\/#breadcrumb\"},\"inLanguage\":\"gl-ES\",\"potentialAction\":[{\"@type\":\"ReadAction\",\"target\":[\"https:\/\/talkpal.ai\/gl\/gramatica-croata\/\"]}]},{\"@type\":\"ImageObject\",\"inLanguage\":\"gl-ES\",\"@id\":\"https:\/\/talkpal.ai\/gl\/gramatica-croata\/#primaryimage\",\"url\":\"https:\/\/talkpal.ai\/wp-content\/uploads\/2023\/05\/croatia.png\",\"contentUrl\":\"https:\/\/talkpal.ai\/wp-content\/uploads\/2023\/05\/croatia.png\",\"width\":512,\"height\":512},{\"@type\":\"BreadcrumbList\",\"@id\":\"https:\/\/talkpal.ai\/gl\/gramatica-croata\/#breadcrumb\",\"itemListElement\":[{\"@type\":\"ListItem\",\"position\":1,\"name\":\"Homepage\",\"item\":\"https:\/\/talkpal.ai\/gl\/\"},{\"@type\":\"ListItem\",\"position\":2,\"name\":\"Gram\u00e1tica croata\"}]},{\"@type\":\"WebSite\",\"@id\":\"https:\/\/talkpal.ai\/gl\/#website\",\"url\":\"https:\/\/talkpal.ai\/gl\/\",\"name\":\"Talkpal\",\"description\":\"AI Language Learning\",\"publisher\":{\"@id\":\"https:\/\/talkpal.ai\/gl\/#organization\"},\"alternateName\":\"Talkpal AI\",\"potentialAction\":[{\"@type\":\"SearchAction\",\"target\":{\"@type\":\"EntryPoint\",\"urlTemplate\":\"https:\/\/talkpal.ai\/gl\/?s={search_term_string}\"},\"query-input\":{\"@type\":\"PropertyValueSpecification\",\"valueRequired\":true,\"valueName\":\"search_term_string\"}}],\"inLanguage\":\"gl-ES\"},{\"@type\":\"Organization\",\"@id\":\"https:\/\/talkpal.ai\/gl\/#organization\",\"name\":\"Talkpal, Inc.\",\"alternateName\":\"Talkpal AI\",\"url\":\"https:\/\/talkpal.ai\/gl\/\",\"logo\":{\"@type\":\"ImageObject\",\"inLanguage\":\"gl-ES\",\"@id\":\"https:\/\/talkpal.ai\/gl\/#\/schema\/logo\/image\/\",\"url\":\"https:\/\/talkpal.ai\/wp-content\/uploads\/2024\/03\/Talkpal-Logo-Icon.png\",\"contentUrl\":\"https:\/\/talkpal.ai\/wp-content\/uploads\/2024\/03\/Talkpal-Logo-Icon.png\",\"width\":2880,\"height\":2880,\"caption\":\"Talkpal, Inc.\"},\"image\":{\"@id\":\"https:\/\/talkpal.ai\/gl\/#\/schema\/logo\/image\/\"},\"sameAs\":[\"https:\/\/www.facebook.com\/profile.php?id=100090733639311\",\"https:\/\/x.com\/talkpalai\",\"https:\/\/www.linkedin.com\/company\/talkpal\/\",\"https:\/\/www.youtube.com\/@TalkPal\/\",\"https:\/\/www.tiktok.com\/@talkpal\",\"https:\/\/www.instagram.com\/talkpal_ai\/\",\"https:\/\/www.crunchbase.com\/organization\/talkpal-9cde\",\"https:\/\/www.g2.com\/products\/talkpal-for-business\/\",\"https:\/\/www.trustpilot.com\/review\/talkpal.ai\",\"https:\/\/www.capterra.com\/p\/10006800\/TalkPal\/\"],\"description\":\"Talkpal is a language learning web and mobile education app, powered by the latest AI technologies, that provides engaging experiences to its customers in many different languages to help them improve their language skills. Users can chat about unlimited amount of topics with the app and use other modes to practice their language learning.\",\"email\":\"support@talkpal.ai\",\"legalName\":\"Talkpal, Inc.\",\"foundingDate\":\"2023-04-03\",\"duns\":\"118989042\",\"numberOfEmployees\":{\"@type\":\"QuantitativeValue\",\"minValue\":\"11\",\"maxValue\":\"50\"},\"publishingPrinciples\":\"https:\/\/talkpal.ai\/publishing-principles\/\",\"actionableFeedbackPolicy\":\"https:\/\/talkpal.ai\/actionable-feedback-policy\/\",\"correctionsPolicy\":\"https:\/\/talkpal.ai\/corrections-policy\/\",\"ethicsPolicy\":\"https:\/\/talkpal.ai\/ethics-policy\/\",\"diversityPolicy\":\"https:\/\/talkpal.ai\/diversity-policy\/\",\"diversityStaffingReport\":\"https:\/\/talkpal.ai\/diversity-policy\/\"}]}<\/script>\n<!-- \/ Yoast SEO Premium plugin. -->","yoast_head_json":{"title":"Gram\u00e1tica croata - Talkpal","description":"Explora a gram\u00e1tica croata e mellora a t\u00faa comprensi\u00f3n da lingua con consellos e recursos esenciais.","robots":{"index":"index","follow":"follow","max-snippet":"max-snippet:-1","max-image-preview":"max-image-preview:large","max-video-preview":"max-video-preview:-1"},"canonical":"https:\/\/talkpal.ai\/gl\/gramatica-croata\/","og_locale":"gl_ES","og_type":"article","og_title":"Gram\u00e1tica croata","og_description":"Unha viaxe pola gram\u00e1tica croata: Desentra\u00f1ando as complexidades facilmente Gram\u00e1tica croata: atractiva e intimidante, sinxela e intrincada, misteriosa e","og_url":"https:\/\/talkpal.ai\/gl\/gramatica-croata\/","og_site_name":"Talkpal","article_publisher":"https:\/\/www.facebook.com\/profile.php?id=100090733639311","article_modified_time":"2025-12-11T16:41:18+00:00","og_image":[{"width":512,"height":512,"url":"https:\/\/talkpal.ai\/wp-content\/uploads\/2023\/05\/croatia.png","type":"image\/png"}],"twitter_card":"summary_large_image","twitter_site":"@talkpalai","twitter_misc":{"Tempo de lectura":"3 minutos"},"schema":{"@context":"https:\/\/schema.org","@graph":[{"@type":"WebPage","@id":"https:\/\/talkpal.ai\/gl\/gramatica-croata\/","url":"https:\/\/talkpal.ai\/gl\/gramatica-croata\/","name":"Gram\u00e1tica croata - Talkpal","isPartOf":{"@id":"https:\/\/talkpal.ai\/gl\/#website"},"primaryImageOfPage":{"@id":"https:\/\/talkpal.ai\/gl\/gramatica-croata\/#primaryimage"},"image":{"@id":"https:\/\/talkpal.ai\/gl\/gramatica-croata\/#primaryimage"},"thumbnailUrl":"https:\/\/talkpal.ai\/wp-content\/uploads\/2023\/05\/croatia.png","datePublished":"2023-05-14T14:01:16+00:00","dateModified":"2025-12-11T16:41:18+00:00","description":"Explora a gram\u00e1tica croata e mellora a t\u00faa comprensi\u00f3n da lingua con consellos e recursos esenciais.","breadcrumb":{"@id":"https:\/\/talkpal.ai\/gl\/gramatica-croata\/#breadcrumb"},"inLanguage":"gl-ES","potentialAction":[{"@type":"ReadAction","target":["https:\/\/talkpal.ai\/gl\/gramatica-croata\/"]}]},{"@type":"ImageObject","inLanguage":"gl-ES","@id":"https:\/\/talkpal.ai\/gl\/gramatica-croata\/#primaryimage","url":"https:\/\/talkpal.ai\/wp-content\/uploads\/2023\/05\/croatia.png","contentUrl":"https:\/\/talkpal.ai\/wp-content\/uploads\/2023\/05\/croatia.png","width":512,"height":512},{"@type":"BreadcrumbList","@id":"https:\/\/talkpal.ai\/gl\/gramatica-croata\/#breadcrumb","itemListElement":[{"@type":"ListItem","position":1,"name":"Homepage","item":"https:\/\/talkpal.ai\/gl\/"},{"@type":"ListItem","position":2,"name":"Gram\u00e1tica croata"}]},{"@type":"WebSite","@id":"https:\/\/talkpal.ai\/gl\/#website","url":"https:\/\/talkpal.ai\/gl\/","name":"Talkpal","description":"AI Language Learning","publisher":{"@id":"https:\/\/talkpal.ai\/gl\/#organization"},"alternateName":"Talkpal AI","potentialAction":[{"@type":"SearchAction","target":{"@type":"EntryPoint","urlTemplate":"https:\/\/talkpal.ai\/gl\/?s={search_term_string}"},"query-input":{"@type":"PropertyValueSpecification","valueRequired":true,"valueName":"search_term_string"}}],"inLanguage":"gl-ES"},{"@type":"Organization","@id":"https:\/\/talkpal.ai\/gl\/#organization","name":"Talkpal, Inc.","alternateName":"Talkpal AI","url":"https:\/\/talkpal.ai\/gl\/","logo":{"@type":"ImageObject","inLanguage":"gl-ES","@id":"https:\/\/talkpal.ai\/gl\/#\/schema\/logo\/image\/","url":"https:\/\/talkpal.ai\/wp-content\/uploads\/2024\/03\/Talkpal-Logo-Icon.png","contentUrl":"https:\/\/talkpal.ai\/wp-content\/uploads\/2024\/03\/Talkpal-Logo-Icon.png","width":2880,"height":2880,"caption":"Talkpal, Inc."},"image":{"@id":"https:\/\/talkpal.ai\/gl\/#\/schema\/logo\/image\/"},"sameAs":["https:\/\/www.facebook.com\/profile.php?id=100090733639311","https:\/\/x.com\/talkpalai","https:\/\/www.linkedin.com\/company\/talkpal\/","https:\/\/www.youtube.com\/@TalkPal\/","https:\/\/www.tiktok.com\/@talkpal","https:\/\/www.instagram.com\/talkpal_ai\/","https:\/\/www.crunchbase.com\/organization\/talkpal-9cde","https:\/\/www.g2.com\/products\/talkpal-for-business\/","https:\/\/www.trustpilot.com\/review\/talkpal.ai","https:\/\/www.capterra.com\/p\/10006800\/TalkPal\/"],"description":"Talkpal is a language learning web and mobile education app, powered by the latest AI technologies, that provides engaging experiences to its customers in many different languages to help them improve their language skills. Users can chat about unlimited amount of topics with the app and use other modes to practice their language learning.","email":"support@talkpal.ai","legalName":"Talkpal, Inc.","foundingDate":"2023-04-03","duns":"118989042","numberOfEmployees":{"@type":"QuantitativeValue","minValue":"11","maxValue":"50"},"publishingPrinciples":"https:\/\/talkpal.ai\/publishing-principles\/","actionableFeedbackPolicy":"https:\/\/talkpal.ai\/actionable-feedback-policy\/","correctionsPolicy":"https:\/\/talkpal.ai\/corrections-policy\/","ethicsPolicy":"https:\/\/talkpal.ai\/ethics-policy\/","diversityPolicy":"https:\/\/talkpal.ai\/diversity-policy\/","diversityStaffingReport":"https:\/\/talkpal.ai\/diversity-policy\/"}]}},"_links":{"self":[{"href":"https:\/\/talkpal.ai\/gl\/wp-json\/wp\/v2\/pages\/142357","targetHints":{"allow":["GET"]}}],"collection":[{"href":"https:\/\/talkpal.ai\/gl\/wp-json\/wp\/v2\/pages"}],"about":[{"href":"https:\/\/talkpal.ai\/gl\/wp-json\/wp\/v2\/types\/page"}],"author":[{"embeddable":true,"href":"https:\/\/talkpal.ai\/gl\/wp-json\/wp\/v2\/users\/1"}],"replies":[{"embeddable":true,"href":"https:\/\/talkpal.ai\/gl\/wp-json\/wp\/v2\/comments?post=142357"}],"version-history":[{"count":0,"href":"https:\/\/talkpal.ai\/gl\/wp-json\/wp\/v2\/pages\/142357\/revisions"}],"wp:featuredmedia":[{"embeddable":true,"href":"https:\/\/talkpal.ai\/gl\/wp-json\/wp\/v2\/media\/110259"}],"wp:attachment":[{"href":"https:\/\/talkpal.ai\/gl\/wp-json\/wp\/v2\/media?parent=142357"}],"curies":[{"name":"wp","href":"https:\/\/api.w.org\/{rel}","templated":true}]}}