{"id":142101,"date":"2023-05-14T14:00:56","date_gmt":"2023-05-14T14:00:56","guid":{"rendered":"http:\/\/talkpal.ai\/gramatica-catala\/"},"modified":"2025-05-22T18:36:18","modified_gmt":"2025-05-22T18:36:18","slug":"gramatica-catala","status":"publish","type":"page","link":"https:\/\/talkpal.ai\/gl\/gramatica-catala\/","title":{"rendered":"Gram\u00e1tica catal\u00e1"},"content":{"rendered":"\r\n\r\n\r\n<section class=\"languageChallengeSection\">\r\n    <div class=\"languageInfoWrapper\">\r\n        \r\n        <h1>Gram\u00e1tica catal\u00e1<\/h1>\r\n        <p>Merg\u00fallate no mundo da <a href=\"https:\/\/talkpal.ai\/catalan-grammar\/\">gram\u00e1tica catal\u00e1<\/a> e descubre a estrutura \u00fanica desta vibrante lingua rom\u00e1nica. Dominar os conceptos b\u00e1sicos axudarache a comunicarte de forma m\u00e1is eficaz e a conectar coa cultura catal\u00e1 a un nivel m\u00e1is profundo. Comeza a aprender <a href=\"https:\/\/talkpal.ai\/catalan-grammar\/\">gram\u00e1tica catal\u00e1<\/a> hoxe mesmo e d\u00e1 o teu primeiro paso cara \u00e1 fluidez!\n\n<\/p>\r\n\r\n                            <a class=\"getStartedHidden\" href=\"https:\/\/app.talkpal.ai\/signup?lng=\">Empeza<\/a>\r\n        \r\n    <\/div>\r\n\r\n    <figure>\r\n    <img decoding=\"async\" width=\"768\" height=\"768\" src=\"https:\/\/talkpal.ai\/wp-content\/uploads\/2023\/06\/catalan-768x768.png\" class=\"languageImage no-lazy\" alt=\"Language learning techniques for fast learning\" fetchpriority=\"high\" sizes=\"(max-width: 768px) 150px, 768px\" srcset=\"https:\/\/talkpal.ai\/wp-content\/uploads\/2023\/06\/catalan-768x768.png 768w, https:\/\/talkpal.ai\/wp-content\/uploads\/2023\/06\/catalan-300x300.png 300w\" \/>\r\n    \r\n\r\n    <\/figure>\r\n\r\n            <a class=\"getStartedVisible\" href=\"https:\/\/app.talkpal.ai\/signup?lng=\">Empeza<\/a>\r\n    \r\n<\/section>\r\n<section class=\"promotionalBanner\">\r\n    <p class=\"promotionalText\">A forma m\u00e1is eficaz de aprender un idioma<\/p>\r\n    <a class=\"promotionalLink\" href=\"https:\/\/app.talkpal.ai\/signup?lng=\">Proba Talkpal de balde<\/a>\r\n<\/section>\n<div class=\"wp-block-group pageContainerStyle\"><div class=\"wp-block-group__inner-container is-layout-constrained wp-block-group-is-layout-constrained\">\n<h2 class=\"wp-block-heading\" id=\"h-catalan-grammar-a-quick-guide-for-language-enthusiasts\">Gram\u00e1tica catal\u00e1: Unha gu\u00eda r\u00e1pida para os entusiastas da lingua<\/h2>\n\n\n\n<p>Est\u00e1s pensando en <a href=\"https:\/\/talkpal.ai\/es\/como-autoaprender-la-lengua-catalana\/\">aprender catal\u00e1n<\/a> ou simplemente <a href=\"https:\/\/talkpal.ai\/talkpal-discount-for-test-takers-e-g-toefl-ielts\/\">tes<\/a> curiosidade por esta fermosa lingua rom\u00e1nica? Non busques m\u00e1is! Estamos aqu\u00ed para facerte un percorrido r\u00e1pido pola gram\u00e1tica catal\u00e1 e equiparte cos conceptos b\u00e1sicos. Mergull\u00e9monos nesta lingua encantadora e exploremos <a href=\"https:\/\/talkpal.ai\/locations\/language-courses-in-como\/\">como<\/a> funciona a nivel gramatical.<\/p>\n\n\n\n<p>O <a href=\"https:\/\/talkpal.ai\/learn-catalan\/\">catal\u00e1n<\/a>, falado por preto de 10 mill\u00f3ns de persoas predominantemente en Catalu\u00f1a, <a href=\"https:\/\/talkpal.ai\/locations\/language-courses-in-valencia\/\">Valencia<\/a> e Baleares, ten unha mestura \u00fanica de influencias do lat\u00edn, do <a href=\"https:\/\/talkpal.ai\/es\/locations\/aprende-espanol-leyendo\/\">espa\u00f1ol<\/a> e do <a href=\"https:\/\/talkpal.ai\/es\/locations\/aprende-frances-leyendo\/\">franc\u00e9s<\/a>. Do mesmo xeito que ti e eu, as linguas enriqu\u00e9cense a\u00ednda m\u00e1is tomando diferentes matices entre si ao longo do tempo. Que emocionante!<\/p>\n\n\n\n<p><strong>Agora, imos aprender alg\u00fans aspectos b\u00e1sicos da gram\u00e1tica catal\u00e1:<\/strong><\/p>\n\n\n\n<h3 class=\"wp-block-heading\" id=\"h-1-nouns-and-gender\">1. Substantivos e x\u00e9nero:<\/h3>\n\n\n\n<p>Canta comigo: &#8220;\u00a1Cada substantivo ten o poder!&#8221; Do mesmo xeito que noutras linguas romances, os substantivos catal\u00e1ns son masculinos ou femininos, e este &#8220;x\u00e9nero&#8221; afecta a forma en que se usan con artigos e adxectivos. Non te preocupes, por\u00e9n! Na maior\u00eda das veces, os substantivos que rematan en &#8216;-a&#8217; son femininos, mentres que os que rematan en &#8216;-o&#8217; (ou outras consoantes) son masculinos. Non obstante, te\u00f1a en conta as excepci\u00f3ns: enc\u00e1ntalles achegarse a ti!<\/p>\n\n\n\n<h3 class=\"wp-block-heading\" id=\"h-2-articles\">2. Artigos:<\/h3>\n\n\n\n<p>A vida ser\u00eda aburrida sen artigos, non si? En catal\u00e1n, temos artigos definidos para sinalar cousas ou persoas espec\u00edficas (como \u201co can\u201d ou \u201co libro\u201d) e artigos indefinidos para referencias xerais (como \u201cun can\u201d ou \u201cun libro\u201d).  <\/p>\n\n\n\n<p>Os artigos definidos en catal\u00e1n son &#8220;el&#8221; para substantivos masculinos singulares, &#8220;la&#8221; para substantivos femininos singulares, &#8220;els&#8221; para substantivos masculinos plurais e &#8220;les&#8221; para substantivos femininos en plural. Os artigos indefinidos, pola contra, son &#8220;un&#8221; para os nomes masculinos singulares e &#8220;una&#8221; para os femininos singulares. Na forma plural, non hai artigos indefinidos espec\u00edficos. F\u00e1cil, non?<\/p>\n\n\n\n<h3 class=\"wp-block-heading\" id=\"h-3-adjectives\">3. Adxectivos:<\/h3>\n\n\n\n<p>Os adxectivos danlle sabor \u00e1s t\u00faas frases ao describir substantivos e, en catal\u00e1n, concordan en x\u00e9nero e n\u00famero cos substantivos que modifican. Na maior\u00eda dos casos, os adxectivos que rematan en \u201c-o\u201d son masculinos, e os que rematan en \u201c-a\u201d son femininos. Para formar o plural, cambia \u201c-o\u201d por \u201c-os\u201d (masculino) e \u201c-a\u201d por \u201c-es\u201d (feminino). Te\u00f1a en conta que alg\u00fans adxectivos te\u00f1en unha forma \u00fanica para ambos os x\u00e9neros e s\u00f3 cambia o marcador de plural. Parece divertido, non?<\/p>\n\n\n\n<h3 class=\"wp-block-heading\" id=\"h-4-verbs-and-conjugation\">4. Verbos e conxugaci\u00f3n:<\/h3>\n\n\n\n<p>O coraz\u00f3n de cada lingua! Os verbos en catal\u00e1n clasif\u00edcanse en tres grupos segundo as s\u00faas terminaci\u00f3ns de infinitivo: &#8220;-ar&#8221;, &#8220;-er&#8221; e &#8220;-ir&#8221;. Cada grupo ten o seu patr\u00f3n de conxugaci\u00f3n distinto para diferentes tempos, estados de \u00e1nimo e pronomes, como bailar a diferentes ritmos. O catal\u00e1n tam\u00e9n ten verbos auxiliares (como &#8220;ter&#8221; e &#8220;ser&#8221;) que se combinan con outros verbos para crear tempos compostos e voz pasiva. Ent\u00f3n, ponte os teus zapatos de baile e comeza a explorar o animado mundo dos verbos catal\u00e1ns.<\/p>\n\n\n\n<h3 class=\"wp-block-heading\" id=\"h-5-word-order\">5. Orde das palabras:<\/h3>\n\n\n\n<p>Coloquemos esas palabras na secuencia correcta! O catal\u00e1n adoita seguir unha orde de palabras suxeito-verbo-obxecto (SVO), igual que o ingl\u00e9s. Non obstante, perm\u00edtese flexibilidade na orde das palabras con fins de \u00e9nfase ou estil\u00edsticos. Os adxectivos adoitan vir despois do substantivo que describen, pero podes velos antes do substantivo para subli\u00f1ar a s\u00faa importancia. Lembra que a pr\u00e1ctica \u00e9 perfecta cando se trata de dominar a orde das palabras en catal\u00e1n.<\/p>\n\n\n\n<h3 class=\"wp-block-heading\" id=\"h-6-pronouns-and-prepositions\">6. Pronomes e preposici\u00f3ns:<\/h3>\n\n\n\n<p>Por \u00faltimo, pero non menos importante! O catal\u00e1n ten pronomes suxeito (eu, ti, el, ela, etc.) e pronomes obxecto (eu, ti, el, ela, etc.), que poden sufrir diferentes cambios segundo a s\u00faa funci\u00f3n dentro dunha oraci\u00f3n. Ademais, as preposici\u00f3ns catal\u00e1s (como &#8220;a&#8221;, &#8220;de&#8221;, &#8220;en&#8221;, &#8220;amb&#8221;) ax\u00fadanche a conectar palabras e frases e mostrar relaci\u00f3ns entre elas.<\/p>\n\n\n\n<p>Vaia! Agora tes os conceptos b\u00e1sicos da gram\u00e1tica catal\u00e1 no teu cinto. Sigue explorando, facendo preguntas e practicando este idioma tan bonito. Lembra que aprender un novo idioma \u00e9 como emprender unha viaxe emocionante. Ter\u00e1s os teus altibaixos, pero as recompensas pagan a pena o esforzo. Bo viaxe!<\/p>\n<\/div><\/div>\n\r\n<section class=\"learnNavigationSection\">\r\n            \r\n        <a href=\"https:\/\/talkpal.ai\/gl\/aprende-catalan\/\">\r\n            <div class=\"learnNavigationWrapper\">\r\n                <div class=\"learnNavigationContent\">\r\n                    <img decoding=\"async\" src=\"https:\/\/talkpal.ai\/wp-content\/uploads\/2024\/08\/Catalan.jpg\" alt=\"Catalan Flag\">\r\n                    <div>\r\n                        <h4>Sobre a aprendizaxe do catal\u00e1n<\/h4>\r\n                        <p>Descubre todo sobre a gram\u00e1tica catal\u00e1.<\/p>\r\n                    <\/div>\r\n                <\/div>\r\n            <\/div>\r\n        <\/a>\r\n\r\n        \r\n        <a href=\"https:\/\/talkpal.ai\/gl\/exercicios-de-gramatica-catala\/\">\r\n            <div class=\"learnNavigationWrapper\">\r\n                <div class=\"learnNavigationContent\">\r\n                    <img decoding=\"async\" src=\"https:\/\/talkpal.ai\/wp-content\/uploads\/2024\/08\/Catalan.jpg\" alt=\"Catalan Flag\">\r\n                    <div>\r\n                        <h4>Exercicio de gram\u00e1tica catal\u00e1<\/h4>\r\n                        <p>Practicar a gram\u00e1tica catal\u00e1.<\/p>\r\n                    <\/div>\r\n                <\/div>\r\n            <\/div>\r\n        <\/a>\r\n\r\n        \r\n        <a href=\"https:\/\/talkpal.ai\/vocabulary_language\/catalan\/\">\r\n            <div class=\"learnNavigationWrapper\">\r\n                <div class=\"learnNavigationContent\">\r\n                    <img decoding=\"async\" src=\"https:\/\/talkpal.ai\/wp-content\/uploads\/2024\/08\/Catalan.jpg\" alt=\"Catalan Flag\">\r\n                    <div>\r\n                        <h4>Vocabulario catal\u00e1n<\/h4>\r\n                        <p>Ampl\u00eda o teu vocabulario catal\u00e1n.<\/p>\r\n                    <\/div>\r\n                <\/div>\r\n            <\/div>\r\n        <\/a>\r\n\r\n            <\/section>","protected":false},"excerpt":{"rendered":"<p>Gram\u00e1tica catal\u00e1: Unha gu\u00eda r\u00e1pida para os entusiastas da lingua Est\u00e1s pensando en aprender catal\u00e1n ou simplemente tes curiosidade por esta fermosa lingua rom\u00e1nica? Non busques m\u00e1is! Estamos aqu\u00ed para facerte un percorrido r\u00e1pido pola gram\u00e1tica catal\u00e1 e equiparte cos conceptos b\u00e1sicos. Mergull\u00e9monos nesta lingua encantadora e exploremos como funciona a nivel gramatical. O catal\u00e1n, [&hellip;]<\/p>\n","protected":false},"author":1,"featured_media":142109,"parent":0,"menu_order":0,"comment_status":"closed","ping_status":"closed","template":"LearningContentPage.php","meta":{"_acf_changed":false,"footnotes":""},"class_list":["post-142101","page","type-page","status-publish","has-post-thumbnail","hentry"],"acf":[],"yoast_head":"<!-- This site is optimized with the Yoast SEO Premium plugin v27.2 (Yoast SEO v27.2) - https:\/\/yoast.com\/product\/yoast-seo-premium-wordpress\/ -->\n<title>Gram\u00e1tica catal\u00e1 - Talkpal<\/title>\n<meta name=\"description\" content=\"Descubre os fundamentos da gram\u00e1tica catal\u00e1 e comeza hoxe mesmo a t\u00faa viaxe por esta fermosa lingua rom\u00e1nica!\" \/>\n<meta name=\"robots\" content=\"index, follow, max-snippet:-1, max-image-preview:large, max-video-preview:-1\" \/>\n<link rel=\"canonical\" href=\"https:\/\/talkpal.ai\/gl\/gramatica-catala\/\" \/>\n<meta property=\"og:locale\" content=\"gl_ES\" \/>\n<meta property=\"og:type\" content=\"article\" \/>\n<meta property=\"og:title\" content=\"Gram\u00e1tica catal\u00e1\" \/>\n<meta property=\"og:description\" content=\"Gram\u00e1tica catal\u00e1: Unha gu\u00eda r\u00e1pida para os entusiastas da lingua Est\u00e1s pensando en aprender catal\u00e1n ou simplemente tes curiosidade por esta fermosa lingua\" \/>\n<meta property=\"og:url\" content=\"https:\/\/talkpal.ai\/gl\/gramatica-catala\/\" \/>\n<meta property=\"og:site_name\" content=\"Talkpal\" \/>\n<meta property=\"article:publisher\" content=\"https:\/\/www.facebook.com\/profile.php?id=100090733639311\" \/>\n<meta property=\"article:modified_time\" content=\"2025-05-22T18:36:18+00:00\" \/>\n<meta property=\"og:image\" content=\"https:\/\/talkpal.ai\/wp-content\/uploads\/2023\/08\/Catalan.png\" \/>\n\t<meta property=\"og:image:width\" content=\"479\" \/>\n\t<meta property=\"og:image:height\" content=\"479\" \/>\n\t<meta property=\"og:image:type\" content=\"image\/png\" \/>\n<meta name=\"twitter:card\" content=\"summary_large_image\" \/>\n<meta name=\"twitter:site\" content=\"@talkpalai\" \/>\n<meta name=\"twitter:label1\" content=\"Tempo de lectura\" \/>\n\t<meta name=\"twitter:data1\" content=\"4 minutos\" \/>\n<script type=\"application\/ld+json\" class=\"yoast-schema-graph\">{\"@context\":\"https:\/\/schema.org\",\"@graph\":[{\"@type\":\"WebPage\",\"@id\":\"https:\/\/talkpal.ai\/gl\/gramatica-catala\/\",\"url\":\"https:\/\/talkpal.ai\/gl\/gramatica-catala\/\",\"name\":\"Gram\u00e1tica catal\u00e1 - Talkpal\",\"isPartOf\":{\"@id\":\"https:\/\/talkpal.ai\/gl\/#website\"},\"primaryImageOfPage\":{\"@id\":\"https:\/\/talkpal.ai\/gl\/gramatica-catala\/#primaryimage\"},\"image\":{\"@id\":\"https:\/\/talkpal.ai\/gl\/gramatica-catala\/#primaryimage\"},\"thumbnailUrl\":\"https:\/\/talkpal.ai\/wp-content\/uploads\/2023\/08\/Catalan.png\",\"datePublished\":\"2023-05-14T14:00:56+00:00\",\"dateModified\":\"2025-05-22T18:36:18+00:00\",\"description\":\"Descubre os fundamentos da gram\u00e1tica catal\u00e1 e comeza hoxe mesmo a t\u00faa viaxe por esta fermosa lingua rom\u00e1nica!\",\"breadcrumb\":{\"@id\":\"https:\/\/talkpal.ai\/gl\/gramatica-catala\/#breadcrumb\"},\"inLanguage\":\"gl-ES\",\"potentialAction\":[{\"@type\":\"ReadAction\",\"target\":[\"https:\/\/talkpal.ai\/gl\/gramatica-catala\/\"]}]},{\"@type\":\"ImageObject\",\"inLanguage\":\"gl-ES\",\"@id\":\"https:\/\/talkpal.ai\/gl\/gramatica-catala\/#primaryimage\",\"url\":\"https:\/\/talkpal.ai\/wp-content\/uploads\/2023\/08\/Catalan.png\",\"contentUrl\":\"https:\/\/talkpal.ai\/wp-content\/uploads\/2023\/08\/Catalan.png\",\"width\":479,\"height\":479},{\"@type\":\"BreadcrumbList\",\"@id\":\"https:\/\/talkpal.ai\/gl\/gramatica-catala\/#breadcrumb\",\"itemListElement\":[{\"@type\":\"ListItem\",\"position\":1,\"name\":\"Homepage\",\"item\":\"https:\/\/talkpal.ai\/gl\/\"},{\"@type\":\"ListItem\",\"position\":2,\"name\":\"Gram\u00e1tica catal\u00e1\"}]},{\"@type\":\"WebSite\",\"@id\":\"https:\/\/talkpal.ai\/gl\/#website\",\"url\":\"https:\/\/talkpal.ai\/gl\/\",\"name\":\"Talkpal\",\"description\":\"AI Language Learning\",\"publisher\":{\"@id\":\"https:\/\/talkpal.ai\/gl\/#organization\"},\"alternateName\":\"Talkpal AI\",\"potentialAction\":[{\"@type\":\"SearchAction\",\"target\":{\"@type\":\"EntryPoint\",\"urlTemplate\":\"https:\/\/talkpal.ai\/gl\/?s={search_term_string}\"},\"query-input\":{\"@type\":\"PropertyValueSpecification\",\"valueRequired\":true,\"valueName\":\"search_term_string\"}}],\"inLanguage\":\"gl-ES\"},{\"@type\":\"Organization\",\"@id\":\"https:\/\/talkpal.ai\/gl\/#organization\",\"name\":\"Talkpal, Inc.\",\"alternateName\":\"Talkpal AI\",\"url\":\"https:\/\/talkpal.ai\/gl\/\",\"logo\":{\"@type\":\"ImageObject\",\"inLanguage\":\"gl-ES\",\"@id\":\"https:\/\/talkpal.ai\/gl\/#\/schema\/logo\/image\/\",\"url\":\"https:\/\/talkpal.ai\/wp-content\/uploads\/2024\/03\/Talkpal-Logo-Icon.png\",\"contentUrl\":\"https:\/\/talkpal.ai\/wp-content\/uploads\/2024\/03\/Talkpal-Logo-Icon.png\",\"width\":2880,\"height\":2880,\"caption\":\"Talkpal, Inc.\"},\"image\":{\"@id\":\"https:\/\/talkpal.ai\/gl\/#\/schema\/logo\/image\/\"},\"sameAs\":[\"https:\/\/www.facebook.com\/profile.php?id=100090733639311\",\"https:\/\/x.com\/talkpalai\",\"https:\/\/www.linkedin.com\/company\/talkpal\/\",\"https:\/\/www.youtube.com\/@TalkPal\/\",\"https:\/\/www.tiktok.com\/@talkpal\",\"https:\/\/www.instagram.com\/talkpal_ai\/\",\"https:\/\/www.crunchbase.com\/organization\/talkpal-9cde\",\"https:\/\/www.g2.com\/products\/talkpal-for-business\/\",\"https:\/\/www.trustpilot.com\/review\/talkpal.ai\",\"https:\/\/www.capterra.com\/p\/10006800\/TalkPal\/\"],\"description\":\"Talkpal is a language learning web and mobile education app, powered by the latest AI technologies, that provides engaging experiences to its customers in many different languages to help them improve their language skills. Users can chat about unlimited amount of topics with the app and use other modes to practice their language learning.\",\"email\":\"support@talkpal.ai\",\"legalName\":\"Talkpal, Inc.\",\"foundingDate\":\"2023-04-03\",\"duns\":\"118989042\",\"numberOfEmployees\":{\"@type\":\"QuantitativeValue\",\"minValue\":\"11\",\"maxValue\":\"50\"},\"publishingPrinciples\":\"https:\/\/talkpal.ai\/publishing-principles\/\",\"actionableFeedbackPolicy\":\"https:\/\/talkpal.ai\/actionable-feedback-policy\/\",\"correctionsPolicy\":\"https:\/\/talkpal.ai\/corrections-policy\/\",\"ethicsPolicy\":\"https:\/\/talkpal.ai\/ethics-policy\/\",\"diversityPolicy\":\"https:\/\/talkpal.ai\/diversity-policy\/\",\"diversityStaffingReport\":\"https:\/\/talkpal.ai\/diversity-policy\/\"}]}<\/script>\n<!-- \/ Yoast SEO Premium plugin. -->","yoast_head_json":{"title":"Gram\u00e1tica catal\u00e1 - Talkpal","description":"Descubre os fundamentos da gram\u00e1tica catal\u00e1 e comeza hoxe mesmo a t\u00faa viaxe por esta fermosa lingua rom\u00e1nica!","robots":{"index":"index","follow":"follow","max-snippet":"max-snippet:-1","max-image-preview":"max-image-preview:large","max-video-preview":"max-video-preview:-1"},"canonical":"https:\/\/talkpal.ai\/gl\/gramatica-catala\/","og_locale":"gl_ES","og_type":"article","og_title":"Gram\u00e1tica catal\u00e1","og_description":"Gram\u00e1tica catal\u00e1: Unha gu\u00eda r\u00e1pida para os entusiastas da lingua Est\u00e1s pensando en aprender catal\u00e1n ou simplemente tes curiosidade por esta fermosa lingua","og_url":"https:\/\/talkpal.ai\/gl\/gramatica-catala\/","og_site_name":"Talkpal","article_publisher":"https:\/\/www.facebook.com\/profile.php?id=100090733639311","article_modified_time":"2025-05-22T18:36:18+00:00","og_image":[{"width":479,"height":479,"url":"https:\/\/talkpal.ai\/wp-content\/uploads\/2023\/08\/Catalan.png","type":"image\/png"}],"twitter_card":"summary_large_image","twitter_site":"@talkpalai","twitter_misc":{"Tempo de lectura":"4 minutos"},"schema":{"@context":"https:\/\/schema.org","@graph":[{"@type":"WebPage","@id":"https:\/\/talkpal.ai\/gl\/gramatica-catala\/","url":"https:\/\/talkpal.ai\/gl\/gramatica-catala\/","name":"Gram\u00e1tica catal\u00e1 - Talkpal","isPartOf":{"@id":"https:\/\/talkpal.ai\/gl\/#website"},"primaryImageOfPage":{"@id":"https:\/\/talkpal.ai\/gl\/gramatica-catala\/#primaryimage"},"image":{"@id":"https:\/\/talkpal.ai\/gl\/gramatica-catala\/#primaryimage"},"thumbnailUrl":"https:\/\/talkpal.ai\/wp-content\/uploads\/2023\/08\/Catalan.png","datePublished":"2023-05-14T14:00:56+00:00","dateModified":"2025-05-22T18:36:18+00:00","description":"Descubre os fundamentos da gram\u00e1tica catal\u00e1 e comeza hoxe mesmo a t\u00faa viaxe por esta fermosa lingua rom\u00e1nica!","breadcrumb":{"@id":"https:\/\/talkpal.ai\/gl\/gramatica-catala\/#breadcrumb"},"inLanguage":"gl-ES","potentialAction":[{"@type":"ReadAction","target":["https:\/\/talkpal.ai\/gl\/gramatica-catala\/"]}]},{"@type":"ImageObject","inLanguage":"gl-ES","@id":"https:\/\/talkpal.ai\/gl\/gramatica-catala\/#primaryimage","url":"https:\/\/talkpal.ai\/wp-content\/uploads\/2023\/08\/Catalan.png","contentUrl":"https:\/\/talkpal.ai\/wp-content\/uploads\/2023\/08\/Catalan.png","width":479,"height":479},{"@type":"BreadcrumbList","@id":"https:\/\/talkpal.ai\/gl\/gramatica-catala\/#breadcrumb","itemListElement":[{"@type":"ListItem","position":1,"name":"Homepage","item":"https:\/\/talkpal.ai\/gl\/"},{"@type":"ListItem","position":2,"name":"Gram\u00e1tica catal\u00e1"}]},{"@type":"WebSite","@id":"https:\/\/talkpal.ai\/gl\/#website","url":"https:\/\/talkpal.ai\/gl\/","name":"Talkpal","description":"AI Language Learning","publisher":{"@id":"https:\/\/talkpal.ai\/gl\/#organization"},"alternateName":"Talkpal AI","potentialAction":[{"@type":"SearchAction","target":{"@type":"EntryPoint","urlTemplate":"https:\/\/talkpal.ai\/gl\/?s={search_term_string}"},"query-input":{"@type":"PropertyValueSpecification","valueRequired":true,"valueName":"search_term_string"}}],"inLanguage":"gl-ES"},{"@type":"Organization","@id":"https:\/\/talkpal.ai\/gl\/#organization","name":"Talkpal, Inc.","alternateName":"Talkpal AI","url":"https:\/\/talkpal.ai\/gl\/","logo":{"@type":"ImageObject","inLanguage":"gl-ES","@id":"https:\/\/talkpal.ai\/gl\/#\/schema\/logo\/image\/","url":"https:\/\/talkpal.ai\/wp-content\/uploads\/2024\/03\/Talkpal-Logo-Icon.png","contentUrl":"https:\/\/talkpal.ai\/wp-content\/uploads\/2024\/03\/Talkpal-Logo-Icon.png","width":2880,"height":2880,"caption":"Talkpal, Inc."},"image":{"@id":"https:\/\/talkpal.ai\/gl\/#\/schema\/logo\/image\/"},"sameAs":["https:\/\/www.facebook.com\/profile.php?id=100090733639311","https:\/\/x.com\/talkpalai","https:\/\/www.linkedin.com\/company\/talkpal\/","https:\/\/www.youtube.com\/@TalkPal\/","https:\/\/www.tiktok.com\/@talkpal","https:\/\/www.instagram.com\/talkpal_ai\/","https:\/\/www.crunchbase.com\/organization\/talkpal-9cde","https:\/\/www.g2.com\/products\/talkpal-for-business\/","https:\/\/www.trustpilot.com\/review\/talkpal.ai","https:\/\/www.capterra.com\/p\/10006800\/TalkPal\/"],"description":"Talkpal is a language learning web and mobile education app, powered by the latest AI technologies, that provides engaging experiences to its customers in many different languages to help them improve their language skills. Users can chat about unlimited amount of topics with the app and use other modes to practice their language learning.","email":"support@talkpal.ai","legalName":"Talkpal, Inc.","foundingDate":"2023-04-03","duns":"118989042","numberOfEmployees":{"@type":"QuantitativeValue","minValue":"11","maxValue":"50"},"publishingPrinciples":"https:\/\/talkpal.ai\/publishing-principles\/","actionableFeedbackPolicy":"https:\/\/talkpal.ai\/actionable-feedback-policy\/","correctionsPolicy":"https:\/\/talkpal.ai\/corrections-policy\/","ethicsPolicy":"https:\/\/talkpal.ai\/ethics-policy\/","diversityPolicy":"https:\/\/talkpal.ai\/diversity-policy\/","diversityStaffingReport":"https:\/\/talkpal.ai\/diversity-policy\/"}]}},"_links":{"self":[{"href":"https:\/\/talkpal.ai\/gl\/wp-json\/wp\/v2\/pages\/142101","targetHints":{"allow":["GET"]}}],"collection":[{"href":"https:\/\/talkpal.ai\/gl\/wp-json\/wp\/v2\/pages"}],"about":[{"href":"https:\/\/talkpal.ai\/gl\/wp-json\/wp\/v2\/types\/page"}],"author":[{"embeddable":true,"href":"https:\/\/talkpal.ai\/gl\/wp-json\/wp\/v2\/users\/1"}],"replies":[{"embeddable":true,"href":"https:\/\/talkpal.ai\/gl\/wp-json\/wp\/v2\/comments?post=142101"}],"version-history":[{"count":0,"href":"https:\/\/talkpal.ai\/gl\/wp-json\/wp\/v2\/pages\/142101\/revisions"}],"wp:featuredmedia":[{"embeddable":true,"href":"https:\/\/talkpal.ai\/gl\/wp-json\/wp\/v2\/media\/142109"}],"wp:attachment":[{"href":"https:\/\/talkpal.ai\/gl\/wp-json\/wp\/v2\/media?parent=142101"}],"curies":[{"name":"wp","href":"https:\/\/api.w.org\/{rel}","templated":true}]}}