{"id":141682,"date":"2023-05-14T14:00:39","date_gmt":"2023-05-14T14:00:39","guid":{"rendered":"http:\/\/talkpal.ai\/gramatica-bulgara\/"},"modified":"2025-05-22T14:36:23","modified_gmt":"2025-05-22T14:36:23","slug":"gramatica-bulgara","status":"publish","type":"page","link":"https:\/\/talkpal.ai\/gl\/gramatica-bulgara\/","title":{"rendered":"Gram\u00e1tica b\u00falgara"},"content":{"rendered":"\r\n\r\n\r\n<section class=\"languageChallengeSection\">\r\n    <div class=\"languageInfoWrapper\">\r\n        \r\n        <h1>Gram\u00e1tica b\u00falgara<\/h1>\r\n        <p>Explora as caracter\u00edsticas \u00fanicas da <a href=\"https:\/\/talkpal.ai\/bulgarian-grammar\/\">gram\u00e1tica b\u00falgara<\/a> e obt\u00e9n as ferramentas para comunicarte con confianza nesta vibrante lingua eslava. Ao comprender as s\u00faas regras b\u00e1sicas, mellorar\u00e1s a t\u00faa capacidade para conectar con falantes nativos e afondar na rica herdanza de Bulgaria. Comeza hoxe a t\u00faa viaxe pola gram\u00e1tica b\u00falgara e d\u00e1 o primeiro paso para dominar o idioma!<\/p>\r\n\r\n                            <a class=\"getStartedHidden\" href=\"https:\/\/app.talkpal.ai\/signup?lng=\">Empeza<\/a>\r\n        \r\n    <\/div>\r\n\r\n    <figure>\r\n    <img decoding=\"async\" width=\"768\" height=\"768\" src=\"https:\/\/talkpal.ai\/wp-content\/uploads\/2023\/06\/bulgarian-768x768.png\" class=\"languageImage no-lazy\" alt=\"Language learning for deeper cultural understanding\" fetchpriority=\"high\" sizes=\"(max-width: 768px) 150px, 768px\" srcset=\"https:\/\/talkpal.ai\/wp-content\/uploads\/2023\/06\/bulgarian-768x768.png 768w, https:\/\/talkpal.ai\/wp-content\/uploads\/2023\/06\/bulgarian-300x300.png 300w\" \/>\r\n    \r\n\r\n    <\/figure>\r\n\r\n            <a class=\"getStartedVisible\" href=\"https:\/\/app.talkpal.ai\/signup?lng=\">Empeza<\/a>\r\n    \r\n<\/section>\r\n<section class=\"promotionalBanner\">\r\n    <p class=\"promotionalText\">A forma m\u00e1is eficaz de aprender un idioma<\/p>\r\n    <a class=\"promotionalLink\" href=\"https:\/\/app.talkpal.ai\/signup?lng=\">Proba Talkpal de balde<\/a>\r\n<\/section>\n<div class=\"wp-block-group pageContainerStyle\"><div class=\"wp-block-group__inner-container is-layout-constrained wp-block-group-is-layout-constrained\">\n<h2 class=\"wp-block-heading\" id=\"h-the-ultimate-guide-to-bulgarian-grammar-navigating-the-intricacies-of-a-rich-language\">A gu\u00eda definitiva da gram\u00e1tica b\u00falgara: navegando polas complejidades dunha lingua rica<\/h2>\n\n\n\n<p>A gram\u00e1tica b\u00falgara, <a href=\"https:\/\/talkpal.ai\/locations\/language-courses-in-como\/\">como<\/a> a propia lingua, \u00e9 unha mestura fascinante de sinxeleza, complexidade e rica historia cultural. <a href=\"https:\/\/talkpal.ai\/locations\/language-courses-in-como\/\">Como<\/a> unha das linguas eslavas m\u00e1is antigas, o b\u00falgaro ofrece emoci\u00f3ns ling\u00fc\u00edsticas aos <a href=\"https:\/\/talkpal.ai\/talkpal-discount-for-students\/\">estudantes<\/a> e desaf\u00eda incluso aos falantes m\u00e1is competentes. Nesta gu\u00eda, exploraremos os principios fundamentais da gram\u00e1tica b\u00falgara, desmitificaremos as s\u00faas complexidades e axudar\u00e9mosche na t\u00faa viaxe para dominar esta fermosa lingua. Mergull\u00e9monos!<\/p>\n\n\n\n<h2 class=\"wp-block-heading\" id=\"h-the-nuts-and-bolts-bulgarian-sentence-structure\">As porcas e os parafusos: estrutura da oraci\u00f3n b\u00falgara<\/h2>\n\n\n\n<p>Na s\u00faa esencia, a gram\u00e1tica b\u00falgara \u00e9 bastante sinxela. O idioma segue a estrutura de oraci\u00f3ns Suxeito-Verbo-Obxecto (SVO), similar ao <a href=\"https:\/\/talkpal.ai\/es\/locations\/aprende-ingles-en-orange\/\">ingl\u00e9s<\/a> e a moitos outros idiomas. Por exemplo, a frase &#8220;Como unha maz\u00e1&#8221; trad\u00facese como &#8220;\u0410\u0437 \u044f\u043c \u044f\u0431\u044a\u043b\u043a\u0430&#8221; (Az yam yabalka). Simple, non? Non obstante, a medida que afondamos, descubrir\u00e1s que a gram\u00e1tica b\u00falgara est\u00e1 chea de sorpresas e caracter\u00edsticas \u00fanicas.<\/p>\n\n\n\n<h3 class=\"wp-block-heading\" id=\"h-meet-the-family-bulgarian-nouns-and-their-genders\">Co\u00f1ece a familia: substantivos b\u00falgaros e os seus x\u00e9neros<\/h3>\n\n\n\n<p>Un dos aspectos m\u00e1is desconcertantes da gram\u00e1tica b\u00falgara para os falantes de ingl\u00e9s \u00e9 a noci\u00f3n de x\u00e9nero gramatical. En b\u00falgaro, cada substantivo est\u00e1 asignado a un dos tres x\u00e9neros: masculino, feminino e neutro. \u00c9 esencial reco\u00f1ecer o x\u00e9nero dun substantivo xa que incide na forma dos adxectivos e pronomes e na conxugaci\u00f3n dos verbos que seguen.<\/p>\n\n\n\n<p>Ent\u00f3n, como se determina o x\u00e9nero dun substantivo? Xeralmente, tr\u00e1tase do final:<\/p>\n\n\n\n<p><strong>\u2013 Os substantivos masculinos adoitan rematar en consoante.<\/strong><\/p>\n\n\n\n<p><strong>\u2013 Os substantivos femininos normalmente rematan en -\u0430 (-a) ou -\u044f (-ya).<\/strong><\/p>\n\n\n\n<p><strong>\u2013 Os substantivos neutros adoitan terminar en -\u043e (-o) ou -\u0435 (-\u0435).<\/strong><\/p>\n\n\n\n<p>Por exemplo, &#8220;\u043c\u044a\u0436&#8221; (mazh) significa &#8220;home&#8221; e \u00e9 masculino, &#8220;\u0436\u0435\u043d\u0430&#8221; (zhena) significa &#8220;muller&#8221; e \u00e9 feminino e &#8220;\u0434\u0435\u0442\u0435&#8221; (dete) significa &#8220;neno&#8221; e \u00e9 neutro.<\/p>\n\n\n\n<p>Por suposto, hai excepci\u00f3ns, polo que \u00e9 fundamental aprender os substantivos xunto cos seus x\u00e9neros.<\/p>\n\n\n\n<h3 class=\"wp-block-heading\" id=\"h-playing-with-numbers-bulgarian-plurals\">Xogando cos n\u00fameros: Plurais b\u00falgaros<\/h3>\n\n\n\n<p>Unha vez que dominas o x\u00e9nero dos substantivos b\u00falgaros, \u00e9 hora de tratar cos seus plurais. En xeral, formas plurais engadindo desinencias espec\u00edficas que se corresponden co x\u00e9nero do substantivo:<\/p>\n\n\n\n<p><strong>\u2013 Os substantivos masculinos cambian a \u00faltima consoante a -\u0438 (-i) ou engaden -\u043e\u0432\u0435 (-ove).<\/strong><\/p>\n\n\n\n<p><strong>\u2013 Os substantivos femininos substit\u00faen -\u0430 ou \u200b\u200b-\u044f por -\u0438 ou -\u0435.<\/strong><\/p>\n\n\n\n<p><strong>\u2013 Os substantivos neutros substit\u00faen -\u043e ou -\u0435 por -\u0430.<\/strong><\/p>\n\n\n\n<p>Por exemplo, &#8220;\u0443\u0447\u0435\u043d\u0438\u043a&#8221; (uchenik, masculino) pasa a ser &#8220;\u0443\u0447\u0435\u043d\u0438\u0446\u0438&#8221; (uchenici, estudantes) e &#8220;\u043a\u043d\u0438\u0433\u0430&#8221; (kniga, feminino) pasa a ser &#8220;\u043a\u043d\u0438\u0433\u0438&#8221; (knigi, libros).<\/p>\n\n\n\n<p>Esta regra ten excepci\u00f3ns, as\u00ed que estea atento aos plurais irregulares e ampl\u00eda o seu vocabulario en consecuencia.<\/p>\n\n\n\n<h3 class=\"wp-block-heading\" id=\"h-the-art-of-conjugation-bulgarian-verbs\">A arte da conxugaci\u00f3n: verbos b\u00falgaros<\/h3>\n\n\n\n<p>Os verbos b\u00falgaros poden ser intimidantes debido ao seu gran n\u00famero de tempos, estados de \u00e1nimo e conxugaci\u00f3ns. Non obstante, a clave para descifralos \u00e9 reco\u00f1ecer patr\u00f3ns e practicar regularmente.<\/p>\n\n\n\n<p>En b\u00falgaro, os verbos div\u00eddense en tres grupos segundo a s\u00faa terminaci\u00f3n de <a href=\"https:\/\/talkpal.ai\/hi\/grammar_exercises\/infinitivo-%e0%a4%b8%e0%a5%8d%e0%a4%aa%e0%a5%87%e0%a4%a8%e0%a4%bf%e0%a4%b6-%e0%a4%b5%e0%a5%8d%e0%a4%af%e0%a4%be%e0%a4%95%e0%a4%b0%e0%a4%a3-%e0%a4%95%e0%a5%87-%e0%a4%b2%e0%a4%bf%e0%a4%8f-%e0%a4%b5\/\">infinitivo<\/a>, -\u0430 (-a), -\u0435 (-\u0435) ou -\u0438 (-i). Cada grupo ten as s\u00faas regras de conxugaci\u00f3n espec\u00edficas. Por exemplo, tomemos o verbo &#8220;\u043f\u0438\u0448\u0430&#8221; (pisha, &#8220;escribir&#8221;):<\/p>\n\n\n\n<p><strong>Tempo presente: \u0410\u0437 \u043f\u0438\u0448\u0430 (Az pisha, &#8220;Escribo&#8221;)<\/strong><\/p>\n\n\n\n<p><strong>Pret\u00e9rito: \u0410\u0437 \u043f\u0438\u0441\u0430\u0445 (Az pisah, &#8220;Escrib\u00edn&#8221;)<\/strong><\/p>\n\n\n\n<p><strong>Tempo futuro: \u0410\u0437 \u0449\u0435 \u043f\u0438\u0448\u0430 (Az shte pisha, &#8220;Escribirei&#8221;)<\/strong><\/p>\n\n\n\n<p>Como podes ver, as terminaci\u00f3ns cambian segundo o tempo. E isto nin sequera rasca a superficie da conxugaci\u00f3n do verbo b\u00falgaro! Non obstante, non deixes que te abrume. Con pr\u00e1ctica e paciencia, comezar\u00e1s a reco\u00f1ecer os patr\u00f3ns e superar\u00e1s este desaf\u00edo.<\/p>\n\n\n\n<h3 class=\"wp-block-heading\" id=\"h-the-finishing-touches-bulgarian-adjectives-adverbs-and-more\">Os toques finais: adxectivos b\u00falgaros, adverbios e m\u00e1is<\/h3>\n\n\n\n<p>Cando se trata de adxectivos e adverbios b\u00falgaros, desempe\u00f1an un papel crucial para engadir profundidade e complexidade ao teu discurso. Os adxectivos deben coincidir cos substantivos que modifican en termos de x\u00e9nero, e normalmente atopar\u00e1s 3 formas: masculino, feminino e neutro.<\/p>\n\n\n\n<p>Por exemplo, &#8220;\u0434\u043e\u0431\u044a\u0440&#8221; (dobur) significa &#8220;bo&#8221; e aparece como &#8220;\u0434\u043e\u0431\u044a\u0440 \u043c\u044a\u0436&#8221; (dobur mazh, &#8220;home bo&#8221;), &#8220;\u0434\u043e\u0431\u0440\u0430 \u0436\u0435\u043d\u0430&#8221; (dobra zhena, &#8220;boa muller&#8221;) e &#8220;\u0434\u043e\u0431\u0440\u043e \u0434\u0435\u0442\u0435&#8221; ( dobro dete, \u201cneno bo\u201d). Os adverbios seguen patr\u00f3ns similares, moitas veces derivados de adxectivos.<\/p>\n\n\n\n<p>En conclusi\u00f3n, os complexos e peculiaridades da gram\u00e1tica b\u00falgara, a\u00ednda que son complexos, dan \u00e1 lingua a s\u00faa beleza e car\u00e1cter cativadores. Cunha combinaci\u00f3n de persistencia, curiosidade e aplicaci\u00f3n pr\u00e1ctica, pronto navegar\u00e1s pola gram\u00e1tica b\u00falgara con facilidade e confianza. Feliz aprendizaxe!<\/p>\n<\/div><\/div>\n\r\n<section class=\"learnNavigationSection\">\r\n            \r\n        <a href=\"https:\/\/talkpal.ai\/gl\/aprende-bulgaro\/\">\r\n            <div class=\"learnNavigationWrapper\">\r\n                <div class=\"learnNavigationContent\">\r\n                    <img decoding=\"async\" src=\"https:\/\/talkpal.ai\/wp-content\/uploads\/2024\/08\/Bulgarian.jpg\" alt=\"Bulgarian Flag\">\r\n                    <div>\r\n                        <h4>Sobre a aprendizaxe do b\u00falgaro<\/h4>\r\n                        <p>Descubre todo sobre a gram\u00e1tica b\u00falgara.<\/p>\r\n                    <\/div>\r\n                <\/div>\r\n            <\/div>\r\n        <\/a>\r\n\r\n        \r\n        <a href=\"https:\/\/talkpal.ai\/gl\/exercicios-de-gramatica-bulgara\/\">\r\n            <div class=\"learnNavigationWrapper\">\r\n                <div class=\"learnNavigationContent\">\r\n                    <img decoding=\"async\" src=\"https:\/\/talkpal.ai\/wp-content\/uploads\/2024\/08\/Bulgarian.jpg\" alt=\"Bulgarian Flag\">\r\n                    <div>\r\n                        <h4>Exercicio de gram\u00e1tica b\u00falgara<\/h4>\r\n                        <p>Practica a gram\u00e1tica b\u00falgara.<\/p>\r\n                    <\/div>\r\n                <\/div>\r\n            <\/div>\r\n        <\/a>\r\n\r\n        \r\n        <a href=\"https:\/\/talkpal.ai\/vocabulary_language\/bulgarian\/\">\r\n            <div class=\"learnNavigationWrapper\">\r\n                <div class=\"learnNavigationContent\">\r\n                    <img decoding=\"async\" src=\"https:\/\/talkpal.ai\/wp-content\/uploads\/2024\/08\/Bulgarian.jpg\" alt=\"Bulgarian Flag\">\r\n                    <div>\r\n                        <h4>Vocabulario b\u00falgaro<\/h4>\r\n                        <p>Ampl\u00eda o teu vocabulario b\u00falgaro.<\/p>\r\n                    <\/div>\r\n                <\/div>\r\n            <\/div>\r\n        <\/a>\r\n\r\n            <\/section>","protected":false},"excerpt":{"rendered":"<p>A gu\u00eda definitiva da gram\u00e1tica b\u00falgara: navegando polas complejidades dunha lingua rica A gram\u00e1tica b\u00falgara, como a propia lingua, \u00e9 unha mestura fascinante de sinxeleza, complexidade e rica historia cultural. Como unha das linguas eslavas m\u00e1is antigas, o b\u00falgaro ofrece emoci\u00f3ns ling\u00fc\u00edsticas aos estudantes e desaf\u00eda incluso aos falantes m\u00e1is competentes. Nesta gu\u00eda, exploraremos os [&hellip;]<\/p>\n","protected":false},"author":1,"featured_media":111287,"parent":0,"menu_order":0,"comment_status":"closed","ping_status":"closed","template":"LearningContentPage.php","meta":{"_acf_changed":false,"footnotes":""},"class_list":["post-141682","page","type-page","status-publish","has-post-thumbnail","hentry"],"acf":[],"yoast_head":"<!-- This site is optimized with the Yoast SEO Premium plugin v27.2 (Yoast SEO v27.2) - https:\/\/yoast.com\/product\/yoast-seo-premium-wordpress\/ -->\n<title>Gram\u00e1tica b\u00falgara - Talkpal<\/title>\n<meta name=\"description\" content=\"Explora os elementos esenciais da gram\u00e1tica b\u00falgara para unha mellor comprensi\u00f3n da lingua e as habilidades de comunicaci\u00f3n.\" \/>\n<meta name=\"robots\" content=\"index, follow, max-snippet:-1, max-image-preview:large, max-video-preview:-1\" \/>\n<link rel=\"canonical\" href=\"https:\/\/talkpal.ai\/gl\/gramatica-bulgara\/\" \/>\n<meta property=\"og:locale\" content=\"gl_ES\" \/>\n<meta property=\"og:type\" content=\"article\" \/>\n<meta property=\"og:title\" content=\"Gram\u00e1tica b\u00falgara\" \/>\n<meta property=\"og:description\" content=\"A gu\u00eda definitiva da gram\u00e1tica b\u00falgara: navegando polas complejidades dunha lingua rica A gram\u00e1tica b\u00falgara, como a propia lingua, \u00e9 unha mestura\" \/>\n<meta property=\"og:url\" content=\"https:\/\/talkpal.ai\/gl\/gramatica-bulgara\/\" \/>\n<meta property=\"og:site_name\" content=\"Talkpal\" \/>\n<meta property=\"article:publisher\" content=\"https:\/\/www.facebook.com\/profile.php?id=100090733639311\" \/>\n<meta property=\"article:modified_time\" content=\"2025-05-22T14:36:23+00:00\" \/>\n<meta property=\"og:image\" content=\"https:\/\/talkpal.ai\/wp-content\/uploads\/2023\/05\/bulgaria.png\" \/>\n\t<meta property=\"og:image:width\" content=\"512\" \/>\n\t<meta property=\"og:image:height\" content=\"512\" \/>\n\t<meta property=\"og:image:type\" content=\"image\/png\" \/>\n<meta name=\"twitter:card\" content=\"summary_large_image\" \/>\n<meta name=\"twitter:site\" content=\"@talkpalai\" \/>\n<meta name=\"twitter:label1\" content=\"Tempo de lectura\" \/>\n\t<meta name=\"twitter:data1\" content=\"4 minutos\" \/>\n<script type=\"application\/ld+json\" class=\"yoast-schema-graph\">{\"@context\":\"https:\/\/schema.org\",\"@graph\":[{\"@type\":\"WebPage\",\"@id\":\"https:\/\/talkpal.ai\/gl\/gramatica-bulgara\/\",\"url\":\"https:\/\/talkpal.ai\/gl\/gramatica-bulgara\/\",\"name\":\"Gram\u00e1tica b\u00falgara - Talkpal\",\"isPartOf\":{\"@id\":\"https:\/\/talkpal.ai\/gl\/#website\"},\"primaryImageOfPage\":{\"@id\":\"https:\/\/talkpal.ai\/gl\/gramatica-bulgara\/#primaryimage\"},\"image\":{\"@id\":\"https:\/\/talkpal.ai\/gl\/gramatica-bulgara\/#primaryimage\"},\"thumbnailUrl\":\"https:\/\/talkpal.ai\/wp-content\/uploads\/2023\/05\/bulgaria.png\",\"datePublished\":\"2023-05-14T14:00:39+00:00\",\"dateModified\":\"2025-05-22T14:36:23+00:00\",\"description\":\"Explora os elementos esenciais da gram\u00e1tica b\u00falgara para unha mellor comprensi\u00f3n da lingua e as habilidades de comunicaci\u00f3n.\",\"breadcrumb\":{\"@id\":\"https:\/\/talkpal.ai\/gl\/gramatica-bulgara\/#breadcrumb\"},\"inLanguage\":\"gl-ES\",\"potentialAction\":[{\"@type\":\"ReadAction\",\"target\":[\"https:\/\/talkpal.ai\/gl\/gramatica-bulgara\/\"]}]},{\"@type\":\"ImageObject\",\"inLanguage\":\"gl-ES\",\"@id\":\"https:\/\/talkpal.ai\/gl\/gramatica-bulgara\/#primaryimage\",\"url\":\"https:\/\/talkpal.ai\/wp-content\/uploads\/2023\/05\/bulgaria.png\",\"contentUrl\":\"https:\/\/talkpal.ai\/wp-content\/uploads\/2023\/05\/bulgaria.png\",\"width\":512,\"height\":512},{\"@type\":\"BreadcrumbList\",\"@id\":\"https:\/\/talkpal.ai\/gl\/gramatica-bulgara\/#breadcrumb\",\"itemListElement\":[{\"@type\":\"ListItem\",\"position\":1,\"name\":\"Homepage\",\"item\":\"https:\/\/talkpal.ai\/gl\/\"},{\"@type\":\"ListItem\",\"position\":2,\"name\":\"Gram\u00e1tica b\u00falgara\"}]},{\"@type\":\"WebSite\",\"@id\":\"https:\/\/talkpal.ai\/gl\/#website\",\"url\":\"https:\/\/talkpal.ai\/gl\/\",\"name\":\"Talkpal\",\"description\":\"AI Language Learning\",\"publisher\":{\"@id\":\"https:\/\/talkpal.ai\/gl\/#organization\"},\"alternateName\":\"Talkpal AI\",\"potentialAction\":[{\"@type\":\"SearchAction\",\"target\":{\"@type\":\"EntryPoint\",\"urlTemplate\":\"https:\/\/talkpal.ai\/gl\/?s={search_term_string}\"},\"query-input\":{\"@type\":\"PropertyValueSpecification\",\"valueRequired\":true,\"valueName\":\"search_term_string\"}}],\"inLanguage\":\"gl-ES\"},{\"@type\":\"Organization\",\"@id\":\"https:\/\/talkpal.ai\/gl\/#organization\",\"name\":\"Talkpal, Inc.\",\"alternateName\":\"Talkpal AI\",\"url\":\"https:\/\/talkpal.ai\/gl\/\",\"logo\":{\"@type\":\"ImageObject\",\"inLanguage\":\"gl-ES\",\"@id\":\"https:\/\/talkpal.ai\/gl\/#\/schema\/logo\/image\/\",\"url\":\"https:\/\/talkpal.ai\/wp-content\/uploads\/2024\/03\/Talkpal-Logo-Icon.png\",\"contentUrl\":\"https:\/\/talkpal.ai\/wp-content\/uploads\/2024\/03\/Talkpal-Logo-Icon.png\",\"width\":2880,\"height\":2880,\"caption\":\"Talkpal, Inc.\"},\"image\":{\"@id\":\"https:\/\/talkpal.ai\/gl\/#\/schema\/logo\/image\/\"},\"sameAs\":[\"https:\/\/www.facebook.com\/profile.php?id=100090733639311\",\"https:\/\/x.com\/talkpalai\",\"https:\/\/www.linkedin.com\/company\/talkpal\/\",\"https:\/\/www.youtube.com\/@TalkPal\/\",\"https:\/\/www.tiktok.com\/@talkpal\",\"https:\/\/www.instagram.com\/talkpal_ai\/\",\"https:\/\/www.crunchbase.com\/organization\/talkpal-9cde\",\"https:\/\/www.g2.com\/products\/talkpal-for-business\/\",\"https:\/\/www.trustpilot.com\/review\/talkpal.ai\",\"https:\/\/www.capterra.com\/p\/10006800\/TalkPal\/\"],\"description\":\"Talkpal is a language learning web and mobile education app, powered by the latest AI technologies, that provides engaging experiences to its customers in many different languages to help them improve their language skills. Users can chat about unlimited amount of topics with the app and use other modes to practice their language learning.\",\"email\":\"support@talkpal.ai\",\"legalName\":\"Talkpal, Inc.\",\"foundingDate\":\"2023-04-03\",\"duns\":\"118989042\",\"numberOfEmployees\":{\"@type\":\"QuantitativeValue\",\"minValue\":\"11\",\"maxValue\":\"50\"},\"publishingPrinciples\":\"https:\/\/talkpal.ai\/publishing-principles\/\",\"actionableFeedbackPolicy\":\"https:\/\/talkpal.ai\/actionable-feedback-policy\/\",\"correctionsPolicy\":\"https:\/\/talkpal.ai\/corrections-policy\/\",\"ethicsPolicy\":\"https:\/\/talkpal.ai\/ethics-policy\/\",\"diversityPolicy\":\"https:\/\/talkpal.ai\/diversity-policy\/\",\"diversityStaffingReport\":\"https:\/\/talkpal.ai\/diversity-policy\/\"}]}<\/script>\n<!-- \/ Yoast SEO Premium plugin. -->","yoast_head_json":{"title":"Gram\u00e1tica b\u00falgara - Talkpal","description":"Explora os elementos esenciais da gram\u00e1tica b\u00falgara para unha mellor comprensi\u00f3n da lingua e as habilidades de comunicaci\u00f3n.","robots":{"index":"index","follow":"follow","max-snippet":"max-snippet:-1","max-image-preview":"max-image-preview:large","max-video-preview":"max-video-preview:-1"},"canonical":"https:\/\/talkpal.ai\/gl\/gramatica-bulgara\/","og_locale":"gl_ES","og_type":"article","og_title":"Gram\u00e1tica b\u00falgara","og_description":"A gu\u00eda definitiva da gram\u00e1tica b\u00falgara: navegando polas complejidades dunha lingua rica A gram\u00e1tica b\u00falgara, como a propia lingua, \u00e9 unha mestura","og_url":"https:\/\/talkpal.ai\/gl\/gramatica-bulgara\/","og_site_name":"Talkpal","article_publisher":"https:\/\/www.facebook.com\/profile.php?id=100090733639311","article_modified_time":"2025-05-22T14:36:23+00:00","og_image":[{"width":512,"height":512,"url":"https:\/\/talkpal.ai\/wp-content\/uploads\/2023\/05\/bulgaria.png","type":"image\/png"}],"twitter_card":"summary_large_image","twitter_site":"@talkpalai","twitter_misc":{"Tempo de lectura":"4 minutos"},"schema":{"@context":"https:\/\/schema.org","@graph":[{"@type":"WebPage","@id":"https:\/\/talkpal.ai\/gl\/gramatica-bulgara\/","url":"https:\/\/talkpal.ai\/gl\/gramatica-bulgara\/","name":"Gram\u00e1tica b\u00falgara - Talkpal","isPartOf":{"@id":"https:\/\/talkpal.ai\/gl\/#website"},"primaryImageOfPage":{"@id":"https:\/\/talkpal.ai\/gl\/gramatica-bulgara\/#primaryimage"},"image":{"@id":"https:\/\/talkpal.ai\/gl\/gramatica-bulgara\/#primaryimage"},"thumbnailUrl":"https:\/\/talkpal.ai\/wp-content\/uploads\/2023\/05\/bulgaria.png","datePublished":"2023-05-14T14:00:39+00:00","dateModified":"2025-05-22T14:36:23+00:00","description":"Explora os elementos esenciais da gram\u00e1tica b\u00falgara para unha mellor comprensi\u00f3n da lingua e as habilidades de comunicaci\u00f3n.","breadcrumb":{"@id":"https:\/\/talkpal.ai\/gl\/gramatica-bulgara\/#breadcrumb"},"inLanguage":"gl-ES","potentialAction":[{"@type":"ReadAction","target":["https:\/\/talkpal.ai\/gl\/gramatica-bulgara\/"]}]},{"@type":"ImageObject","inLanguage":"gl-ES","@id":"https:\/\/talkpal.ai\/gl\/gramatica-bulgara\/#primaryimage","url":"https:\/\/talkpal.ai\/wp-content\/uploads\/2023\/05\/bulgaria.png","contentUrl":"https:\/\/talkpal.ai\/wp-content\/uploads\/2023\/05\/bulgaria.png","width":512,"height":512},{"@type":"BreadcrumbList","@id":"https:\/\/talkpal.ai\/gl\/gramatica-bulgara\/#breadcrumb","itemListElement":[{"@type":"ListItem","position":1,"name":"Homepage","item":"https:\/\/talkpal.ai\/gl\/"},{"@type":"ListItem","position":2,"name":"Gram\u00e1tica b\u00falgara"}]},{"@type":"WebSite","@id":"https:\/\/talkpal.ai\/gl\/#website","url":"https:\/\/talkpal.ai\/gl\/","name":"Talkpal","description":"AI Language Learning","publisher":{"@id":"https:\/\/talkpal.ai\/gl\/#organization"},"alternateName":"Talkpal AI","potentialAction":[{"@type":"SearchAction","target":{"@type":"EntryPoint","urlTemplate":"https:\/\/talkpal.ai\/gl\/?s={search_term_string}"},"query-input":{"@type":"PropertyValueSpecification","valueRequired":true,"valueName":"search_term_string"}}],"inLanguage":"gl-ES"},{"@type":"Organization","@id":"https:\/\/talkpal.ai\/gl\/#organization","name":"Talkpal, Inc.","alternateName":"Talkpal AI","url":"https:\/\/talkpal.ai\/gl\/","logo":{"@type":"ImageObject","inLanguage":"gl-ES","@id":"https:\/\/talkpal.ai\/gl\/#\/schema\/logo\/image\/","url":"https:\/\/talkpal.ai\/wp-content\/uploads\/2024\/03\/Talkpal-Logo-Icon.png","contentUrl":"https:\/\/talkpal.ai\/wp-content\/uploads\/2024\/03\/Talkpal-Logo-Icon.png","width":2880,"height":2880,"caption":"Talkpal, Inc."},"image":{"@id":"https:\/\/talkpal.ai\/gl\/#\/schema\/logo\/image\/"},"sameAs":["https:\/\/www.facebook.com\/profile.php?id=100090733639311","https:\/\/x.com\/talkpalai","https:\/\/www.linkedin.com\/company\/talkpal\/","https:\/\/www.youtube.com\/@TalkPal\/","https:\/\/www.tiktok.com\/@talkpal","https:\/\/www.instagram.com\/talkpal_ai\/","https:\/\/www.crunchbase.com\/organization\/talkpal-9cde","https:\/\/www.g2.com\/products\/talkpal-for-business\/","https:\/\/www.trustpilot.com\/review\/talkpal.ai","https:\/\/www.capterra.com\/p\/10006800\/TalkPal\/"],"description":"Talkpal is a language learning web and mobile education app, powered by the latest AI technologies, that provides engaging experiences to its customers in many different languages to help them improve their language skills. Users can chat about unlimited amount of topics with the app and use other modes to practice their language learning.","email":"support@talkpal.ai","legalName":"Talkpal, Inc.","foundingDate":"2023-04-03","duns":"118989042","numberOfEmployees":{"@type":"QuantitativeValue","minValue":"11","maxValue":"50"},"publishingPrinciples":"https:\/\/talkpal.ai\/publishing-principles\/","actionableFeedbackPolicy":"https:\/\/talkpal.ai\/actionable-feedback-policy\/","correctionsPolicy":"https:\/\/talkpal.ai\/corrections-policy\/","ethicsPolicy":"https:\/\/talkpal.ai\/ethics-policy\/","diversityPolicy":"https:\/\/talkpal.ai\/diversity-policy\/","diversityStaffingReport":"https:\/\/talkpal.ai\/diversity-policy\/"}]}},"_links":{"self":[{"href":"https:\/\/talkpal.ai\/gl\/wp-json\/wp\/v2\/pages\/141682","targetHints":{"allow":["GET"]}}],"collection":[{"href":"https:\/\/talkpal.ai\/gl\/wp-json\/wp\/v2\/pages"}],"about":[{"href":"https:\/\/talkpal.ai\/gl\/wp-json\/wp\/v2\/types\/page"}],"author":[{"embeddable":true,"href":"https:\/\/talkpal.ai\/gl\/wp-json\/wp\/v2\/users\/1"}],"replies":[{"embeddable":true,"href":"https:\/\/talkpal.ai\/gl\/wp-json\/wp\/v2\/comments?post=141682"}],"version-history":[{"count":0,"href":"https:\/\/talkpal.ai\/gl\/wp-json\/wp\/v2\/pages\/141682\/revisions"}],"wp:featuredmedia":[{"embeddable":true,"href":"https:\/\/talkpal.ai\/gl\/wp-json\/wp\/v2\/media\/111287"}],"wp:attachment":[{"href":"https:\/\/talkpal.ai\/gl\/wp-json\/wp\/v2\/media?parent=141682"}],"curies":[{"name":"wp","href":"https:\/\/api.w.org\/{rel}","templated":true}]}}