{"id":141348,"date":"2023-05-14T14:00:03","date_gmt":"2023-05-14T14:00:03","guid":{"rendered":"http:\/\/talkpal.ai\/gramatica-bosniaca\/"},"modified":"2025-05-22T14:41:36","modified_gmt":"2025-05-22T14:41:36","slug":"gramatica-bosniaca","status":"publish","type":"page","link":"https:\/\/talkpal.ai\/gl\/gramatica-bosniaca\/","title":{"rendered":"Gram\u00e1tica bosn\u00edaca"},"content":{"rendered":"\r\n\r\n\r\n<section class=\"languageChallengeSection\">\r\n    <div class=\"languageInfoWrapper\">\r\n        \r\n        <h1>Gram\u00e1tica bosn\u00edaca<\/h1>\r\n        <p>Descubra o rico e expresivo mundo da lingua bosn\u00edaca dominando os seus fundamentos gramaticais. Un s\u00f3lido co\u00f1ecemento da <a href=\"https:\/\/talkpal.ai\/bosnian-grammar\/\">gram\u00e1tica bosn\u00edaca<\/a> axudarache a comunicarte con confianza e a apreciar a cultura m\u00e1is profundamente. Comeza a aprender <a href=\"https:\/\/talkpal.ai\/bosnian-grammar\/\">gram\u00e1tica bosn\u00edaca<\/a> hoxe mesmo e d\u00e1 o teu primeiro paso cara \u00e1 fluidez!<\/p>\r\n\r\n                            <a class=\"getStartedHidden\" href=\"https:\/\/app.talkpal.ai\/signup?lng=\">Empeza<\/a>\r\n        \r\n    <\/div>\r\n\r\n    <figure>\r\n    <img decoding=\"async\" width=\"768\" height=\"768\" src=\"https:\/\/talkpal.ai\/wp-content\/uploads\/2023\/06\/bosinian-768x768.png\" class=\"languageImage no-lazy\" alt=\"Language learning for increasing employability\" fetchpriority=\"high\" sizes=\"(max-width: 768px) 150px, 768px\" srcset=\"https:\/\/talkpal.ai\/wp-content\/uploads\/2023\/06\/bosinian-768x768.png 768w, https:\/\/talkpal.ai\/wp-content\/uploads\/2023\/06\/bosinian-300x300.png 300w\" \/>\r\n    \r\n\r\n    <\/figure>\r\n\r\n            <a class=\"getStartedVisible\" href=\"https:\/\/app.talkpal.ai\/signup?lng=\">Empeza<\/a>\r\n    \r\n<\/section>\r\n<section class=\"promotionalBanner\">\r\n    <p class=\"promotionalText\">A forma m\u00e1is eficaz de aprender un idioma<\/p>\r\n    <a class=\"promotionalLink\" href=\"https:\/\/app.talkpal.ai\/signup?lng=\">Proba Talkpal de balde<\/a>\r\n<\/section>\n<div class=\"wp-block-group pageContainerStyle\"><div class=\"wp-block-group__inner-container is-layout-constrained wp-block-group-is-layout-constrained\">\n<h2 class=\"wp-block-heading\" id=\"h-bosnian-grammar-a-guide-to-understanding-its-unique-features\">Gram\u00e1tica bosn\u00edaca: unha gu\u00eda para comprender as s\u00faas caracter\u00edsticas \u00fanicas<\/h2>\n\n\n\n<p>Est\u00e1s aprendendo <a href=\"https:\/\/talkpal.ai\/learn-bosnian\/\">bosnio<\/a> e est\u00e1s desconcertado pola gram\u00e1tica da lingua? Non te\u00f1as medo! Neste artigo, mergullar\u00e9monos nos misterios da gram\u00e1tica bosn\u00edaca e axudar\u00e9mosche a comprender as s\u00faas caracter\u00edsticas \u00fanicas, mentres que \u00e9 sinxela e atractiva. Listo para emprender esta emocionante viaxe ling\u00fc\u00edstica? Imos <a href=\"https:\/\/talkpal.ai\/ko\/ai-%ec%96%b8%ec%96%b4-%ea%b5%90%ec%82%ac\/\">comezar<\/a>!<\/p>\n\n\n\n<h3 class=\"wp-block-heading\" id=\"h-the-fundamentals-nouns-and-pronouns\">Fundamentos: substantivos e pronomes<\/h3>\n\n\n\n<p>Primeiro de todo, \u00e9 esencial saber que o bosnio, <a href=\"https:\/\/talkpal.ai\/locations\/language-courses-in-como\/\">como<\/a> outras linguas eslavas, ten tres x\u00e9neros gramaticais: masculino, feminino e neutro. <a href=\"https:\/\/talkpal.ai\/locations\/language-courses-in-como\/\">Como<\/a> podes saber a que x\u00e9nero pertence un substantivo? Iso \u00e9 doado! Todo \u00e9 sobre o final. Aqu\u00ed <a href=\"https:\/\/talkpal.ai\/talkpal-discount-for-test-takers-e-g-toefl-ielts\/\">tes<\/a> unha gu\u00eda r\u00e1pida:<\/p>\n\n\n\n<p><strong>&#8211; Os substantivos masculinos normalmente rematan en consoante,<\/strong><\/p>\n\n\n\n<p><strong>\u2013 Os substantivos femininos normalmente rematan en -a,<\/strong><\/p>\n\n\n\n<p><strong>\u2013 Os substantivos neutros rematan a maior\u00eda das veces en -o ou -e.<\/strong><\/p>\n\n\n\n<p>Te\u00f1a en conta que estas son regras xerais e que pode haber excepci\u00f3ns. Agora imos falar dos pronomes. Os pronomes persoais en bosn\u00edaco cambian segundo o x\u00e9nero, o n\u00famero (singular ou plural) e o caso do substantivo (m\u00e1is detalles sobre casos m\u00e1is adiante). Hai sete pronomes persoais en bosn\u00edaco: ja (eu), ti (ti, singular\/informal), on (el), ona (ela), <a href=\"https:\/\/talkpal.ai\/locations\/language-courses-in-ono\/\">ono<\/a> (it), mi (n\u00f3s) e vi (ti, plural\/formal). ). Lembra que o bosn\u00edaco ten un xeito informal e formal de dirixirse \u00e1 xente, as\u00ed que aseg\u00farate de usar o pronome correcto cando falas con algu\u00e9n.<\/p>\n\n\n\n<h3 class=\"wp-block-heading\" id=\"h-next-up-verb-conjugation\">Seguinte: conxugaci\u00f3n verbal<\/h3>\n\n\n\n<p>Os verbos son a columna vertebral de calquera lingua, e o bosnio non \u00e9 diferente. Os verbos bosn\u00edacos te\u00f1en dous patr\u00f3ns de conxugaci\u00f3n principais: un para os verbos que rematan en -ti (primeira conxugaci\u00f3n) e outro para os que rematan en -\u0107i (segunda conxugaci\u00f3n). En ambos os casos, as terminaci\u00f3ns verbais cambian segundo o x\u00e9nero, o n\u00famero e o tempo do suxeito.<\/p>\n\n\n\n<p>Falando de tempos, o bosnio ten tres tempos simples: <a href=\"https:\/\/talkpal.ai\/zh-hans\/grammar_exercises\/presente-%e8%a5%bf%e7%8f%ad%e7%89%99%e8%af%ad%e6%b3%95%e7%bb%83%e4%b9%a0\/\">presente<\/a>, pasado e futuro. O tempo presente f\u00f3rmase engadindo desinencias espec\u00edficas \u00e1 ra\u00edz do verbo. O pret\u00e9rito, pola s\u00faa banda, f\u00f3rmase mediante o verbo auxiliar \u201cbiti\u201d (ser) en forma de infinitivo \u201cbio\u201d e o participio pasado. Finalmente, o tempo futuro cr\u00e9ase combinando o verbo auxiliar &#8220;htjeti&#8221; (vore) e a forma de infinitivo do verbo principal.<\/p>\n\n\n\n<h3 class=\"wp-block-heading\" id=\"h-the-magic-of-cases\">A maxia dos casos<\/h3>\n\n\n\n<p>A gram\u00e1tica bosn\u00edaca emprega un sistema de casos, o que significa que os substantivos, os pronomes, os adxectivos e \u00e1s veces incluso os verbos cambian as s\u00faas formas segundo a s\u00faa funci\u00f3n nunha oraci\u00f3n. Hai sete casos en bosn\u00edaco: nominativo, xenitivo, dativo, acusativo, vocativo, instrumental e locativo.<\/p>\n\n\n\n<p>Agora, non deixes que estes termos te intimiden. \u00c9 s\u00f3 cuesti\u00f3n de pr\u00e1ctica. Cada caso ten un prop\u00f3sito particular e responde a preguntas espec\u00edficas:<\/p>\n\n\n\n<p><strong>1. Nominativo:<\/strong> o suxeito da oraci\u00f3n. Quen ou que est\u00e1 a facer a acci\u00f3n?<\/p>\n\n\n\n<p><strong>2. Xenitivo:<\/strong> indica posesi\u00f3n, orixe ou parte de algo. De quen ou de que?<\/p>\n\n\n\n<p><strong>3. Dativo:<\/strong> o obxecto indirecto: a quen ou para quen se lle d\u00e1 ou se fai algo?<\/p>\n\n\n\n<p><strong>4. Acusativo:<\/strong> o obxecto directo: quen ou que est\u00e1 a recibir a acci\u00f3n?<\/p>\n\n\n\n<p><strong>5. Vocativo:<\/strong> \u00dasase para dirixirse a algu\u00e9n ou algo directamente &#8211; \u00a1Eh, ti!<\/p>\n\n\n\n<p><strong>6. Instrumental:<\/strong> representa o medio ou o m\u00e9todo da acci\u00f3n: con que ou por quen?<\/p>\n\n\n\n<p><strong>7. Locativo:<\/strong> demostra a localizaci\u00f3n ou posici\u00f3n de algo: onde ou en que?<\/p>\n\n\n\n<h3 class=\"wp-block-heading\" id=\"h-loving-the-adjectives\">Amando os adxectivos<\/h3>\n\n\n\n<p>Os adxectivos en bosn\u00edaco coinciden co substantivo que modifican en termos de x\u00e9nero, n\u00famero e caso. Isto significa que os adxectivos, ao igual que os substantivos e os pronomes, te\u00f1en diferentes formas dependendo do substantivo que describen.<\/p>\n\n\n\n<p>Por exemplo, se queres dicir &#8220;casa grande&#8221; en bosnio (que \u00e9 un substantivo feminino), dir\u00edas &#8220;velika ku\u0107a&#8221;. Non obstante, se est\u00e1s a falar dun &#8220;coche grande&#8221; (substantivo masculino), dir\u00edas &#8220;veliki auto&#8221;.<\/p>\n\n\n\n<h3 class=\"wp-block-heading\" id=\"h-final-thoughts\">Pensamentos finais<\/h3>\n\n\n\n<p>A gram\u00e1tica bosn\u00edaca, co seu x\u00e9nero, casos e conxugaci\u00f3n verbal, pode parecer complexa nun principio, pero lembra: a pr\u00e1ctica fai a perfecci\u00f3n! Tr\u00e1tase de comprender o sistema e utilizalo en situaci\u00f3ns da vida real. Ten paciencia, segue practicando e, en breve, descubrir\u00e1s que dominas a fermosa lingua de Bosnia. Sretno! (Boa sorte!)<\/p>\n<\/div><\/div>\n\r\n<section class=\"learnNavigationSection\">\r\n            \r\n        <a href=\"https:\/\/talkpal.ai\/gl\/aprende-bosnio\/\">\r\n            <div class=\"learnNavigationWrapper\">\r\n                <div class=\"learnNavigationContent\">\r\n                    <img decoding=\"async\" src=\"https:\/\/talkpal.ai\/wp-content\/uploads\/2024\/08\/Bosnian.jpg\" alt=\"Bosnian Flag\">\r\n                    <div>\r\n                        <h4>Sobre a aprendizaxe do bosnio<\/h4>\r\n                        <p>Descubre todo sobre a gram\u00e1tica bosn\u00edaca.<\/p>\r\n                    <\/div>\r\n                <\/div>\r\n            <\/div>\r\n        <\/a>\r\n\r\n        \r\n        <a href=\"https:\/\/talkpal.ai\/gl\/exercicios-de-gramatica-bosniaca\/\">\r\n            <div class=\"learnNavigationWrapper\">\r\n                <div class=\"learnNavigationContent\">\r\n                    <img decoding=\"async\" src=\"https:\/\/talkpal.ai\/wp-content\/uploads\/2024\/08\/Bosnian.jpg\" alt=\"Bosnian Flag\">\r\n                    <div>\r\n                        <h4>Exercicio de gram\u00e1tica bosn\u00edaca<\/h4>\r\n                        <p>Practica a gram\u00e1tica bosn\u00edaca.<\/p>\r\n                    <\/div>\r\n                <\/div>\r\n            <\/div>\r\n        <\/a>\r\n\r\n        \r\n        <a href=\"https:\/\/talkpal.ai\/vocabulary_language\/bosnian\/\">\r\n            <div class=\"learnNavigationWrapper\">\r\n                <div class=\"learnNavigationContent\">\r\n                    <img decoding=\"async\" src=\"https:\/\/talkpal.ai\/wp-content\/uploads\/2024\/08\/Bosnian.jpg\" alt=\"Bosnian Flag\">\r\n                    <div>\r\n                        <h4>Vocabulario bosnio<\/h4>\r\n                        <p>Ampl\u00eda o teu vocabulario bosnio.<\/p>\r\n                    <\/div>\r\n                <\/div>\r\n            <\/div>\r\n        <\/a>\r\n\r\n            <\/section>","protected":false},"excerpt":{"rendered":"<p>Gram\u00e1tica bosn\u00edaca: unha gu\u00eda para comprender as s\u00faas caracter\u00edsticas \u00fanicas Est\u00e1s aprendendo bosnio e est\u00e1s desconcertado pola gram\u00e1tica da lingua? Non te\u00f1as medo! Neste artigo, mergullar\u00e9monos nos misterios da gram\u00e1tica bosn\u00edaca e axudar\u00e9mosche a comprender as s\u00faas caracter\u00edsticas \u00fanicas, mentres que \u00e9 sinxela e atractiva. Listo para emprender esta emocionante viaxe ling\u00fc\u00edstica? Imos comezar! Fundamentos: [&hellip;]<\/p>\n","protected":false},"author":1,"featured_media":111502,"parent":0,"menu_order":0,"comment_status":"closed","ping_status":"closed","template":"LearningContentPage.php","meta":{"_acf_changed":false,"footnotes":""},"class_list":["post-141348","page","type-page","status-publish","has-post-thumbnail","hentry"],"acf":[],"yoast_head":"<!-- This site is optimized with the Yoast SEO Premium plugin v27.2 (Yoast SEO v27.2) - https:\/\/yoast.com\/product\/yoast-seo-premium-wordpress\/ -->\n<title>Gram\u00e1tica bosn\u00edaca - Talkpal<\/title>\n<meta name=\"description\" content=\"Domina a gram\u00e1tica bosn\u00edaca sen esforzo con Talkpal , o teu titor de idiomas con IA. Descubre explicaci\u00f3ns sinxelas, consellos pr\u00e1cticos e exercicios interactivos!\" \/>\n<meta name=\"robots\" content=\"index, follow, max-snippet:-1, max-image-preview:large, max-video-preview:-1\" \/>\n<link rel=\"canonical\" href=\"https:\/\/talkpal.ai\/gl\/gramatica-bosniaca\/\" \/>\n<meta property=\"og:locale\" content=\"gl_ES\" \/>\n<meta property=\"og:type\" content=\"article\" \/>\n<meta property=\"og:title\" content=\"Gram\u00e1tica bosn\u00edaca\" \/>\n<meta property=\"og:description\" content=\"Gram\u00e1tica bosn\u00edaca: unha gu\u00eda para comprender as s\u00faas caracter\u00edsticas \u00fanicas Est\u00e1s aprendendo bosnio e est\u00e1s desconcertado pola gram\u00e1tica da lingua? Non\" \/>\n<meta property=\"og:url\" content=\"https:\/\/talkpal.ai\/gl\/gramatica-bosniaca\/\" \/>\n<meta property=\"og:site_name\" content=\"Talkpal\" \/>\n<meta property=\"article:publisher\" content=\"https:\/\/www.facebook.com\/profile.php?id=100090733639311\" \/>\n<meta property=\"article:modified_time\" content=\"2025-05-22T14:41:36+00:00\" \/>\n<meta property=\"og:image\" content=\"https:\/\/talkpal.ai\/wp-content\/uploads\/2023\/05\/bosnia-and-herzegovina.png\" \/>\n\t<meta property=\"og:image:width\" content=\"512\" \/>\n\t<meta property=\"og:image:height\" content=\"512\" \/>\n\t<meta property=\"og:image:type\" content=\"image\/png\" \/>\n<meta name=\"twitter:card\" content=\"summary_large_image\" \/>\n<meta name=\"twitter:site\" content=\"@talkpalai\" \/>\n<meta name=\"twitter:label1\" content=\"Tempo de lectura\" \/>\n\t<meta name=\"twitter:data1\" content=\"4 minutos\" \/>\n<script type=\"application\/ld+json\" class=\"yoast-schema-graph\">{\"@context\":\"https:\/\/schema.org\",\"@graph\":[{\"@type\":\"WebPage\",\"@id\":\"https:\/\/talkpal.ai\/gl\/gramatica-bosniaca\/\",\"url\":\"https:\/\/talkpal.ai\/gl\/gramatica-bosniaca\/\",\"name\":\"Gram\u00e1tica bosn\u00edaca - Talkpal\",\"isPartOf\":{\"@id\":\"https:\/\/talkpal.ai\/gl\/#website\"},\"primaryImageOfPage\":{\"@id\":\"https:\/\/talkpal.ai\/gl\/gramatica-bosniaca\/#primaryimage\"},\"image\":{\"@id\":\"https:\/\/talkpal.ai\/gl\/gramatica-bosniaca\/#primaryimage\"},\"thumbnailUrl\":\"https:\/\/talkpal.ai\/wp-content\/uploads\/2023\/05\/bosnia-and-herzegovina.png\",\"datePublished\":\"2023-05-14T14:00:03+00:00\",\"dateModified\":\"2025-05-22T14:41:36+00:00\",\"description\":\"Domina a gram\u00e1tica bosn\u00edaca sen esforzo con Talkpal , o teu titor de idiomas con IA. Descubre explicaci\u00f3ns sinxelas, consellos pr\u00e1cticos e exercicios interactivos!\",\"breadcrumb\":{\"@id\":\"https:\/\/talkpal.ai\/gl\/gramatica-bosniaca\/#breadcrumb\"},\"inLanguage\":\"gl-ES\",\"potentialAction\":[{\"@type\":\"ReadAction\",\"target\":[\"https:\/\/talkpal.ai\/gl\/gramatica-bosniaca\/\"]}]},{\"@type\":\"ImageObject\",\"inLanguage\":\"gl-ES\",\"@id\":\"https:\/\/talkpal.ai\/gl\/gramatica-bosniaca\/#primaryimage\",\"url\":\"https:\/\/talkpal.ai\/wp-content\/uploads\/2023\/05\/bosnia-and-herzegovina.png\",\"contentUrl\":\"https:\/\/talkpal.ai\/wp-content\/uploads\/2023\/05\/bosnia-and-herzegovina.png\",\"width\":512,\"height\":512},{\"@type\":\"BreadcrumbList\",\"@id\":\"https:\/\/talkpal.ai\/gl\/gramatica-bosniaca\/#breadcrumb\",\"itemListElement\":[{\"@type\":\"ListItem\",\"position\":1,\"name\":\"Homepage\",\"item\":\"https:\/\/talkpal.ai\/gl\/\"},{\"@type\":\"ListItem\",\"position\":2,\"name\":\"Gram\u00e1tica bosn\u00edaca\"}]},{\"@type\":\"WebSite\",\"@id\":\"https:\/\/talkpal.ai\/gl\/#website\",\"url\":\"https:\/\/talkpal.ai\/gl\/\",\"name\":\"Talkpal\",\"description\":\"AI Language Learning\",\"publisher\":{\"@id\":\"https:\/\/talkpal.ai\/gl\/#organization\"},\"alternateName\":\"Talkpal AI\",\"potentialAction\":[{\"@type\":\"SearchAction\",\"target\":{\"@type\":\"EntryPoint\",\"urlTemplate\":\"https:\/\/talkpal.ai\/gl\/?s={search_term_string}\"},\"query-input\":{\"@type\":\"PropertyValueSpecification\",\"valueRequired\":true,\"valueName\":\"search_term_string\"}}],\"inLanguage\":\"gl-ES\"},{\"@type\":\"Organization\",\"@id\":\"https:\/\/talkpal.ai\/gl\/#organization\",\"name\":\"Talkpal, Inc.\",\"alternateName\":\"Talkpal AI\",\"url\":\"https:\/\/talkpal.ai\/gl\/\",\"logo\":{\"@type\":\"ImageObject\",\"inLanguage\":\"gl-ES\",\"@id\":\"https:\/\/talkpal.ai\/gl\/#\/schema\/logo\/image\/\",\"url\":\"https:\/\/talkpal.ai\/wp-content\/uploads\/2024\/03\/Talkpal-Logo-Icon.png\",\"contentUrl\":\"https:\/\/talkpal.ai\/wp-content\/uploads\/2024\/03\/Talkpal-Logo-Icon.png\",\"width\":2880,\"height\":2880,\"caption\":\"Talkpal, Inc.\"},\"image\":{\"@id\":\"https:\/\/talkpal.ai\/gl\/#\/schema\/logo\/image\/\"},\"sameAs\":[\"https:\/\/www.facebook.com\/profile.php?id=100090733639311\",\"https:\/\/x.com\/talkpalai\",\"https:\/\/www.linkedin.com\/company\/talkpal\/\",\"https:\/\/www.youtube.com\/@TalkPal\/\",\"https:\/\/www.tiktok.com\/@talkpal\",\"https:\/\/www.instagram.com\/talkpal_ai\/\",\"https:\/\/www.crunchbase.com\/organization\/talkpal-9cde\",\"https:\/\/www.g2.com\/products\/talkpal-for-business\/\",\"https:\/\/www.trustpilot.com\/review\/talkpal.ai\",\"https:\/\/www.capterra.com\/p\/10006800\/TalkPal\/\"],\"description\":\"Talkpal is a language learning web and mobile education app, powered by the latest AI technologies, that provides engaging experiences to its customers in many different languages to help them improve their language skills. Users can chat about unlimited amount of topics with the app and use other modes to practice their language learning.\",\"email\":\"support@talkpal.ai\",\"legalName\":\"Talkpal, Inc.\",\"foundingDate\":\"2023-04-03\",\"duns\":\"118989042\",\"numberOfEmployees\":{\"@type\":\"QuantitativeValue\",\"minValue\":\"11\",\"maxValue\":\"50\"},\"publishingPrinciples\":\"https:\/\/talkpal.ai\/publishing-principles\/\",\"actionableFeedbackPolicy\":\"https:\/\/talkpal.ai\/actionable-feedback-policy\/\",\"correctionsPolicy\":\"https:\/\/talkpal.ai\/corrections-policy\/\",\"ethicsPolicy\":\"https:\/\/talkpal.ai\/ethics-policy\/\",\"diversityPolicy\":\"https:\/\/talkpal.ai\/diversity-policy\/\",\"diversityStaffingReport\":\"https:\/\/talkpal.ai\/diversity-policy\/\"}]}<\/script>\n<!-- \/ Yoast SEO Premium plugin. -->","yoast_head_json":{"title":"Gram\u00e1tica bosn\u00edaca - Talkpal","description":"Domina a gram\u00e1tica bosn\u00edaca sen esforzo con Talkpal , o teu titor de idiomas con IA. Descubre explicaci\u00f3ns sinxelas, consellos pr\u00e1cticos e exercicios interactivos!","robots":{"index":"index","follow":"follow","max-snippet":"max-snippet:-1","max-image-preview":"max-image-preview:large","max-video-preview":"max-video-preview:-1"},"canonical":"https:\/\/talkpal.ai\/gl\/gramatica-bosniaca\/","og_locale":"gl_ES","og_type":"article","og_title":"Gram\u00e1tica bosn\u00edaca","og_description":"Gram\u00e1tica bosn\u00edaca: unha gu\u00eda para comprender as s\u00faas caracter\u00edsticas \u00fanicas Est\u00e1s aprendendo bosnio e est\u00e1s desconcertado pola gram\u00e1tica da lingua? Non","og_url":"https:\/\/talkpal.ai\/gl\/gramatica-bosniaca\/","og_site_name":"Talkpal","article_publisher":"https:\/\/www.facebook.com\/profile.php?id=100090733639311","article_modified_time":"2025-05-22T14:41:36+00:00","og_image":[{"width":512,"height":512,"url":"https:\/\/talkpal.ai\/wp-content\/uploads\/2023\/05\/bosnia-and-herzegovina.png","type":"image\/png"}],"twitter_card":"summary_large_image","twitter_site":"@talkpalai","twitter_misc":{"Tempo de lectura":"4 minutos"},"schema":{"@context":"https:\/\/schema.org","@graph":[{"@type":"WebPage","@id":"https:\/\/talkpal.ai\/gl\/gramatica-bosniaca\/","url":"https:\/\/talkpal.ai\/gl\/gramatica-bosniaca\/","name":"Gram\u00e1tica bosn\u00edaca - Talkpal","isPartOf":{"@id":"https:\/\/talkpal.ai\/gl\/#website"},"primaryImageOfPage":{"@id":"https:\/\/talkpal.ai\/gl\/gramatica-bosniaca\/#primaryimage"},"image":{"@id":"https:\/\/talkpal.ai\/gl\/gramatica-bosniaca\/#primaryimage"},"thumbnailUrl":"https:\/\/talkpal.ai\/wp-content\/uploads\/2023\/05\/bosnia-and-herzegovina.png","datePublished":"2023-05-14T14:00:03+00:00","dateModified":"2025-05-22T14:41:36+00:00","description":"Domina a gram\u00e1tica bosn\u00edaca sen esforzo con Talkpal , o teu titor de idiomas con IA. Descubre explicaci\u00f3ns sinxelas, consellos pr\u00e1cticos e exercicios interactivos!","breadcrumb":{"@id":"https:\/\/talkpal.ai\/gl\/gramatica-bosniaca\/#breadcrumb"},"inLanguage":"gl-ES","potentialAction":[{"@type":"ReadAction","target":["https:\/\/talkpal.ai\/gl\/gramatica-bosniaca\/"]}]},{"@type":"ImageObject","inLanguage":"gl-ES","@id":"https:\/\/talkpal.ai\/gl\/gramatica-bosniaca\/#primaryimage","url":"https:\/\/talkpal.ai\/wp-content\/uploads\/2023\/05\/bosnia-and-herzegovina.png","contentUrl":"https:\/\/talkpal.ai\/wp-content\/uploads\/2023\/05\/bosnia-and-herzegovina.png","width":512,"height":512},{"@type":"BreadcrumbList","@id":"https:\/\/talkpal.ai\/gl\/gramatica-bosniaca\/#breadcrumb","itemListElement":[{"@type":"ListItem","position":1,"name":"Homepage","item":"https:\/\/talkpal.ai\/gl\/"},{"@type":"ListItem","position":2,"name":"Gram\u00e1tica bosn\u00edaca"}]},{"@type":"WebSite","@id":"https:\/\/talkpal.ai\/gl\/#website","url":"https:\/\/talkpal.ai\/gl\/","name":"Talkpal","description":"AI Language Learning","publisher":{"@id":"https:\/\/talkpal.ai\/gl\/#organization"},"alternateName":"Talkpal AI","potentialAction":[{"@type":"SearchAction","target":{"@type":"EntryPoint","urlTemplate":"https:\/\/talkpal.ai\/gl\/?s={search_term_string}"},"query-input":{"@type":"PropertyValueSpecification","valueRequired":true,"valueName":"search_term_string"}}],"inLanguage":"gl-ES"},{"@type":"Organization","@id":"https:\/\/talkpal.ai\/gl\/#organization","name":"Talkpal, Inc.","alternateName":"Talkpal AI","url":"https:\/\/talkpal.ai\/gl\/","logo":{"@type":"ImageObject","inLanguage":"gl-ES","@id":"https:\/\/talkpal.ai\/gl\/#\/schema\/logo\/image\/","url":"https:\/\/talkpal.ai\/wp-content\/uploads\/2024\/03\/Talkpal-Logo-Icon.png","contentUrl":"https:\/\/talkpal.ai\/wp-content\/uploads\/2024\/03\/Talkpal-Logo-Icon.png","width":2880,"height":2880,"caption":"Talkpal, Inc."},"image":{"@id":"https:\/\/talkpal.ai\/gl\/#\/schema\/logo\/image\/"},"sameAs":["https:\/\/www.facebook.com\/profile.php?id=100090733639311","https:\/\/x.com\/talkpalai","https:\/\/www.linkedin.com\/company\/talkpal\/","https:\/\/www.youtube.com\/@TalkPal\/","https:\/\/www.tiktok.com\/@talkpal","https:\/\/www.instagram.com\/talkpal_ai\/","https:\/\/www.crunchbase.com\/organization\/talkpal-9cde","https:\/\/www.g2.com\/products\/talkpal-for-business\/","https:\/\/www.trustpilot.com\/review\/talkpal.ai","https:\/\/www.capterra.com\/p\/10006800\/TalkPal\/"],"description":"Talkpal is a language learning web and mobile education app, powered by the latest AI technologies, that provides engaging experiences to its customers in many different languages to help them improve their language skills. Users can chat about unlimited amount of topics with the app and use other modes to practice their language learning.","email":"support@talkpal.ai","legalName":"Talkpal, Inc.","foundingDate":"2023-04-03","duns":"118989042","numberOfEmployees":{"@type":"QuantitativeValue","minValue":"11","maxValue":"50"},"publishingPrinciples":"https:\/\/talkpal.ai\/publishing-principles\/","actionableFeedbackPolicy":"https:\/\/talkpal.ai\/actionable-feedback-policy\/","correctionsPolicy":"https:\/\/talkpal.ai\/corrections-policy\/","ethicsPolicy":"https:\/\/talkpal.ai\/ethics-policy\/","diversityPolicy":"https:\/\/talkpal.ai\/diversity-policy\/","diversityStaffingReport":"https:\/\/talkpal.ai\/diversity-policy\/"}]}},"_links":{"self":[{"href":"https:\/\/talkpal.ai\/gl\/wp-json\/wp\/v2\/pages\/141348","targetHints":{"allow":["GET"]}}],"collection":[{"href":"https:\/\/talkpal.ai\/gl\/wp-json\/wp\/v2\/pages"}],"about":[{"href":"https:\/\/talkpal.ai\/gl\/wp-json\/wp\/v2\/types\/page"}],"author":[{"embeddable":true,"href":"https:\/\/talkpal.ai\/gl\/wp-json\/wp\/v2\/users\/1"}],"replies":[{"embeddable":true,"href":"https:\/\/talkpal.ai\/gl\/wp-json\/wp\/v2\/comments?post=141348"}],"version-history":[{"count":0,"href":"https:\/\/talkpal.ai\/gl\/wp-json\/wp\/v2\/pages\/141348\/revisions"}],"wp:featuredmedia":[{"embeddable":true,"href":"https:\/\/talkpal.ai\/gl\/wp-json\/wp\/v2\/media\/111502"}],"wp:attachment":[{"href":"https:\/\/talkpal.ai\/gl\/wp-json\/wp\/v2\/media?parent=141348"}],"curies":[{"name":"wp","href":"https:\/\/api.w.org\/{rel}","templated":true}]}}