{"id":140794,"date":"2023-05-14T13:59:24","date_gmt":"2023-05-14T13:59:24","guid":{"rendered":"http:\/\/talkpal.ai\/gramatica-afrikaans\/"},"modified":"2025-05-22T19:04:50","modified_gmt":"2025-05-22T19:04:50","slug":"gramatica-afrikaans","status":"publish","type":"page","link":"https:\/\/talkpal.ai\/gl\/gramatica-afrikaans\/","title":{"rendered":"Gram\u00e1tica afrik\u00e1ans"},"content":{"rendered":"\r\n\r\n\r\n<section class=\"languageChallengeSection\">\r\n    <div class=\"languageInfoWrapper\">\r\n        \r\n        <h1>Gram\u00e1tica afrik\u00e1ans<\/h1>\r\n        <p>Descubre a beleza directa do afrik\u00e1ans aprendendo as s\u00faas regras gramaticais esenciais. Dominar a gram\u00e1tica do afrik\u00e1ans permitirache comunicarte eficazmente e gozar da rica cultura dos seus falantes. Comeza hoxe mesmo a t\u00faa viaxe gramatical en afrik\u00e1ans e d\u00e1 o teu primeiro paso cara \u00e1 fluidez!<\/p>\r\n\r\n                            <a class=\"getStartedHidden\" href=\"https:\/\/app.talkpal.ai\/signup?lng=\">Empeza<\/a>\r\n        \r\n    <\/div>\r\n\r\n    <figure>\r\n    <img decoding=\"async\" width=\"768\" height=\"768\" src=\"https:\/\/talkpal.ai\/wp-content\/uploads\/2023\/06\/TalkPal-Afrikaans-768x768.png\" class=\"languageImage no-lazy\" alt=\"Language learning for global awareness\" fetchpriority=\"high\" sizes=\"(max-width: 768px) 150px, 768px\" srcset=\"https:\/\/talkpal.ai\/wp-content\/uploads\/2023\/06\/TalkPal-Afrikaans-768x768.png 768w, https:\/\/talkpal.ai\/wp-content\/uploads\/2023\/06\/TalkPal-Afrikaans-300x300.png 300w\" \/>\r\n    \r\n\r\n    <\/figure>\r\n\r\n            <a class=\"getStartedVisible\" href=\"https:\/\/app.talkpal.ai\/signup?lng=\">Empeza<\/a>\r\n    \r\n<\/section>\r\n<section class=\"promotionalBanner\">\r\n    <p class=\"promotionalText\">A forma m\u00e1is eficaz de aprender un idioma<\/p>\r\n    <a class=\"promotionalLink\" href=\"https:\/\/app.talkpal.ai\/signup?lng=\">Proba Talkpal de balde<\/a>\r\n<\/section>\n<div class=\"wp-block-group pageContainerStyle\"><div class=\"wp-block-group__inner-container is-layout-constrained wp-block-group-is-layout-constrained\">\n<h2 class=\"wp-block-heading\" id=\"h-mastering-afrikaans-grammar-your-ultimate-guide\">Dominando a gram\u00e1tica afrik\u00e1ans: a t\u00faa gu\u00eda definitiva<\/h2>\n\n\n\n<p><strong>Goeie dag<\/strong> , entusiastas da lingua! Est\u00e1s preparado para emprender unha viaxe ao mundo da <a href=\"https:\/\/talkpal.ai\/es\/gramatica-afrikaans\/\">gram\u00e1tica afrik\u00e1ans<\/a>? Chegaches ao lugar indicado. Cheo de informaci\u00f3n f\u00e1cil de entender e un ton conversacional, este artigo guiarache polo fascinante \u00e1mbito da gram\u00e1tica afrik\u00e1ans. En breve, poder\u00e1s constru\u00edr frases e manter conversas significativas con falantes nativos. Ent\u00f3n, imos <a href=\"https:\/\/talkpal.ai\/ko\/ai-%ec%96%b8%ec%96%b4-%ea%b5%90%ec%82%ac\/\">comezar<\/a>!<\/p>\n\n\n\n<p><strong>Pero primeiro, por que a gram\u00e1tica afrik\u00e1ans?<\/strong><\/p>\n\n\n\n<p>Se est\u00e1s aprendendo <a href=\"https:\/\/talkpal.ai\/learn-afrikaans\/\">afrikaans<\/a>, unha base s\u00f3lida na gram\u00e1tica \u00e9 fundamental para falar, ler e escribir con fluidez. A\u00ednda que a gram\u00e1tica afrik\u00e1ans pode parecer complexa ao principio, \u00e9 relativamente sinxela unha vez que a divides en pezas m\u00e1is pequenas e m\u00e1is manexables. Ent\u00f3n, imos comezar a s\u00faa viaxe para dominar a gram\u00e1tica afrik\u00e1ans!<\/p>\n\n\n\n<h3 class=\"wp-block-heading\" id=\"h-1-nouns-gender-and-articles\">1. Substantivos, x\u00e9nero e artigos<\/h3>\n\n\n\n<p>A diferenza de moitas outras linguas, os substantivos afrik\u00e1ans non te\u00f1en x\u00e9nero, polo que son m\u00e1is sinxelos de aprender. O artigo definido &#8220;die&#8221; (the) \u00fasase para todos os substantivos, mentres que os artigos indefinidos &#8220;&#8216;n&#8221; ou &#8220;een&#8221; (a\/an) tam\u00e9n son de x\u00e9nero neutro.  <\/p>\n\n\n\n<p>Por exemplo:<\/p>\n\n\n\n<p>&#8211; die hond (o can)<\/p>\n\n\n\n<p>&#8211; &#8216;n hond (un can)<\/p>\n\n\n\n<h3 class=\"wp-block-heading\" id=\"h-2-adjectives\">2. Adxectivos<\/h3>\n\n\n\n<p>En afrik\u00e1ans, os adxectivos normalmente preceden ao substantivo que modifican e coinciden co substantivo en n\u00famero. Os adxectivos non te\u00f1en acordo de x\u00e9nero. Por exemplo:<\/p>\n\n\n\n<p>\u2013 &#8216;n groot huis (unha <a href=\"https:\/\/talkpal.ai\/locations\/language-courses-in-casa-grande\/\">casa grande<\/a>)<\/p>\n\n\n\n<p>\u2013 twee groot huise (d\u00faas casas grandes)<\/p>\n\n\n\n<p>Alg\u00fans adxectivos requiren un &#8220;-e&#8221; adicional ao describir un substantivo plural:<\/p>\n\n\n\n<p>\u2013 &#8216;n ou man (un vello)<\/p>\n\n\n\n<p>\u2013 twee ou manne (dous vellos)<\/p>\n\n\n\n<h3 class=\"wp-block-heading\" id=\"h-3-verbs-and-tense\">3. Verbos e tempo<\/h3>\n\n\n\n<p>Os verbos afrik\u00e1ans son relativamente f\u00e1ciles de aprender xa que non se conxugan en funci\u00f3n do suxeito da oraci\u00f3n. Ademais, o afrik\u00e1ans ten menos tempos que moitas outras linguas. Para darche unha idea dos verbos afrik\u00e1ans, imos discutir verbos regulares en tempo <a href=\"https:\/\/talkpal.ai\/zh-hans\/grammar_exercises\/presente-%e8%a5%bf%e7%8f%ad%e7%89%99%e8%af%ad%e6%b3%95%e7%bb%83%e4%b9%a0\/\">presente<\/a>:<\/p>\n\n\n\n<p>\u2013 Ek <a href=\"https:\/\/talkpal.ai\/locations\/language-courses-in-leer\/\">leer<\/a> (Eu aprendo)<\/p>\n\n\n\n<p>\u2013 Jy\/u leer (aprendes, informal\/formal)<\/p>\n\n\n\n<p>\u2013 Hy\/sy\/dit leer (el\/ela\/ela aprende)<\/p>\n\n\n\n<p>\u2013 Ons\/julle leer (n\u00f3s\/todos aprendedes)<\/p>\n\n\n\n<p>\u2013 Hulle leer (aprenden)<\/p>\n\n\n\n<p>Lembra que esta \u00e9 s\u00f3 a punta do iceberg! A medida que avanzas nos teus estudos, atopar\u00e1s outros tempos e alg\u00fans <a href=\"https:\/\/talkpal.ai\/culture\/what-are-the-most-irregular-verbs-in-galician\/\">verbos irregulares<\/a>.<\/p>\n\n\n\n<h3 class=\"wp-block-heading\" id=\"h-4-pronouns-prepositions-and-more\">4. Pronomes, preposici\u00f3ns e moito m\u00e1is!<\/h3>\n\n\n\n<p>A gram\u00e1tica afrik\u00e1ans engloba outros compo\u00f1entes como os pronomes (ek, jy, hy, sy, etc.), as preposici\u00f3ns (in, op, met, etc.) e as expresi\u00f3ns idiom\u00e1ticas. A medida que aprendes o idioma, ter\u00e1s que dominar cada un destes elementos para obter unha fluidez completa.<\/p>\n\n\n\n<p>En conclusi\u00f3n, dominar a gram\u00e1tica afrik\u00e1ans require persistencia, pr\u00e1ctica e paciencia. Pero unha vez que comprendas as complejidades da lingua, estar\u00e1s ben encami\u00f1ado para conversar con falantes nativos, experimentar a rica cultura e historia do mundo de fala afrik\u00e1ans e profundizar o teu amor pola lingua. Sterkte (boa sorte)!<\/p>\n<\/div><\/div>\n\r\n<section class=\"learnNavigationSection\">\r\n            \r\n        <a href=\"https:\/\/talkpal.ai\/gl\/aprende-afrikaans\/\">\r\n            <div class=\"learnNavigationWrapper\">\r\n                <div class=\"learnNavigationContent\">\r\n                    <img decoding=\"async\" src=\"https:\/\/talkpal.ai\/wp-content\/uploads\/2024\/08\/Afrikaans.jpg\" alt=\"South Africa Flag\">\r\n                    <div>\r\n                        <h4>Acerca de Afrikaans Learning<\/h4>\r\n                        <p>Descubre todo sobre a gram\u00e1tica afrik\u00e1ans.<\/p>\r\n                    <\/div>\r\n                <\/div>\r\n            <\/div>\r\n        <\/a>\r\n\r\n        \r\n        <a href=\"https:\/\/talkpal.ai\/gl\/exercicios-de-gramatica-afrikaans\/\">\r\n            <div class=\"learnNavigationWrapper\">\r\n                <div class=\"learnNavigationContent\">\r\n                    <img decoding=\"async\" src=\"https:\/\/talkpal.ai\/wp-content\/uploads\/2024\/08\/Afrikaans.jpg\" alt=\"South Africa Flag\">\r\n                    <div>\r\n                        <h4>Exercicio de gram\u00e1tica afrik\u00e1ans<\/h4>\r\n                        <p>Practica a gram\u00e1tica afrik\u00e1ans.<\/p>\r\n                    <\/div>\r\n                <\/div>\r\n            <\/div>\r\n        <\/a>\r\n\r\n        \r\n        <a href=\"https:\/\/talkpal.ai\/vocabulary_language\/afrikaans\/\">\r\n            <div class=\"learnNavigationWrapper\">\r\n                <div class=\"learnNavigationContent\">\r\n                    <img decoding=\"async\" src=\"https:\/\/talkpal.ai\/wp-content\/uploads\/2024\/08\/Afrikaans.jpg\" alt=\"South Africa Flag\">\r\n                    <div>\r\n                        <h4>Vocabulario afrik\u00e1ans<\/h4>\r\n                        <p>Ampl\u00eda o teu vocabulario afrik\u00e1ans.<\/p>\r\n                    <\/div>\r\n                <\/div>\r\n            <\/div>\r\n        <\/a>\r\n\r\n            <\/section>","protected":false},"excerpt":{"rendered":"<p>Dominando a gram\u00e1tica afrik\u00e1ans: a t\u00faa gu\u00eda definitiva Goeie dag , entusiastas da lingua! Est\u00e1s preparado para emprender unha viaxe ao mundo da gram\u00e1tica afrik\u00e1ans? Chegaches ao lugar indicado. Cheo de informaci\u00f3n f\u00e1cil de entender e un ton conversacional, este artigo guiarache polo fascinante \u00e1mbito da gram\u00e1tica afrik\u00e1ans. En breve, poder\u00e1s constru\u00edr frases e manter [&hellip;]<\/p>\n","protected":false},"author":1,"featured_media":109021,"parent":0,"menu_order":0,"comment_status":"closed","ping_status":"closed","template":"LearningContentPage.php","meta":{"_acf_changed":false,"footnotes":""},"class_list":["post-140794","page","type-page","status-publish","has-post-thumbnail","hentry"],"acf":[],"yoast_head":"<!-- This site is optimized with the Yoast SEO Premium plugin v27.2 (Yoast SEO v27.2) - https:\/\/yoast.com\/product\/yoast-seo-premium-wordpress\/ -->\n<title>Gram\u00e1tica afrik\u00e1ans - Talkpal<\/title>\n<meta name=\"description\" content=\"Explora a gram\u00e1tica do afrik\u00e1ans coa nosa gu\u00eda para principiantes. Domina a construci\u00f3n de frases e mellora as t\u00faas habilidades conversacionais.\" \/>\n<meta name=\"robots\" content=\"index, follow, max-snippet:-1, max-image-preview:large, max-video-preview:-1\" \/>\n<link rel=\"canonical\" href=\"https:\/\/talkpal.ai\/gl\/gramatica-afrikaans\/\" \/>\n<meta property=\"og:locale\" content=\"gl_ES\" \/>\n<meta property=\"og:type\" content=\"article\" \/>\n<meta property=\"og:title\" content=\"Gram\u00e1tica afrik\u00e1ans\" \/>\n<meta property=\"og:description\" content=\"Dominando a gram\u00e1tica afrik\u00e1ans: a t\u00faa gu\u00eda definitiva Goeie dag , entusiastas da lingua! Est\u00e1s preparado para emprender unha viaxe ao mundo da gram\u00e1tica\" \/>\n<meta property=\"og:url\" content=\"https:\/\/talkpal.ai\/gl\/gramatica-afrikaans\/\" \/>\n<meta property=\"og:site_name\" content=\"Talkpal\" \/>\n<meta property=\"article:publisher\" content=\"https:\/\/www.facebook.com\/profile.php?id=100090733639311\" \/>\n<meta property=\"article:modified_time\" content=\"2025-05-22T19:04:50+00:00\" \/>\n<meta property=\"og:image\" content=\"https:\/\/talkpal.ai\/wp-content\/uploads\/2023\/05\/south-africa.png\" \/>\n\t<meta property=\"og:image:width\" content=\"512\" \/>\n\t<meta property=\"og:image:height\" content=\"512\" \/>\n\t<meta property=\"og:image:type\" content=\"image\/png\" \/>\n<meta name=\"twitter:card\" content=\"summary_large_image\" \/>\n<meta name=\"twitter:site\" content=\"@talkpalai\" \/>\n<meta name=\"twitter:label1\" content=\"Tempo de lectura\" \/>\n\t<meta name=\"twitter:data1\" content=\"2 minutos\" \/>\n<script type=\"application\/ld+json\" class=\"yoast-schema-graph\">{\"@context\":\"https:\/\/schema.org\",\"@graph\":[{\"@type\":\"WebPage\",\"@id\":\"https:\/\/talkpal.ai\/gl\/gramatica-afrikaans\/\",\"url\":\"https:\/\/talkpal.ai\/gl\/gramatica-afrikaans\/\",\"name\":\"Gram\u00e1tica afrik\u00e1ans - Talkpal\",\"isPartOf\":{\"@id\":\"https:\/\/talkpal.ai\/gl\/#website\"},\"primaryImageOfPage\":{\"@id\":\"https:\/\/talkpal.ai\/gl\/gramatica-afrikaans\/#primaryimage\"},\"image\":{\"@id\":\"https:\/\/talkpal.ai\/gl\/gramatica-afrikaans\/#primaryimage\"},\"thumbnailUrl\":\"https:\/\/talkpal.ai\/wp-content\/uploads\/2023\/05\/south-africa.png\",\"datePublished\":\"2023-05-14T13:59:24+00:00\",\"dateModified\":\"2025-05-22T19:04:50+00:00\",\"description\":\"Explora a gram\u00e1tica do afrik\u00e1ans coa nosa gu\u00eda para principiantes. Domina a construci\u00f3n de frases e mellora as t\u00faas habilidades conversacionais.\",\"breadcrumb\":{\"@id\":\"https:\/\/talkpal.ai\/gl\/gramatica-afrikaans\/#breadcrumb\"},\"inLanguage\":\"gl-ES\",\"potentialAction\":[{\"@type\":\"ReadAction\",\"target\":[\"https:\/\/talkpal.ai\/gl\/gramatica-afrikaans\/\"]}]},{\"@type\":\"ImageObject\",\"inLanguage\":\"gl-ES\",\"@id\":\"https:\/\/talkpal.ai\/gl\/gramatica-afrikaans\/#primaryimage\",\"url\":\"https:\/\/talkpal.ai\/wp-content\/uploads\/2023\/05\/south-africa.png\",\"contentUrl\":\"https:\/\/talkpal.ai\/wp-content\/uploads\/2023\/05\/south-africa.png\",\"width\":512,\"height\":512},{\"@type\":\"BreadcrumbList\",\"@id\":\"https:\/\/talkpal.ai\/gl\/gramatica-afrikaans\/#breadcrumb\",\"itemListElement\":[{\"@type\":\"ListItem\",\"position\":1,\"name\":\"Homepage\",\"item\":\"https:\/\/talkpal.ai\/gl\/\"},{\"@type\":\"ListItem\",\"position\":2,\"name\":\"Gram\u00e1tica afrik\u00e1ans\"}]},{\"@type\":\"WebSite\",\"@id\":\"https:\/\/talkpal.ai\/gl\/#website\",\"url\":\"https:\/\/talkpal.ai\/gl\/\",\"name\":\"Talkpal\",\"description\":\"AI Language Learning\",\"publisher\":{\"@id\":\"https:\/\/talkpal.ai\/gl\/#organization\"},\"alternateName\":\"Talkpal AI\",\"potentialAction\":[{\"@type\":\"SearchAction\",\"target\":{\"@type\":\"EntryPoint\",\"urlTemplate\":\"https:\/\/talkpal.ai\/gl\/?s={search_term_string}\"},\"query-input\":{\"@type\":\"PropertyValueSpecification\",\"valueRequired\":true,\"valueName\":\"search_term_string\"}}],\"inLanguage\":\"gl-ES\"},{\"@type\":\"Organization\",\"@id\":\"https:\/\/talkpal.ai\/gl\/#organization\",\"name\":\"Talkpal, Inc.\",\"alternateName\":\"Talkpal AI\",\"url\":\"https:\/\/talkpal.ai\/gl\/\",\"logo\":{\"@type\":\"ImageObject\",\"inLanguage\":\"gl-ES\",\"@id\":\"https:\/\/talkpal.ai\/gl\/#\/schema\/logo\/image\/\",\"url\":\"https:\/\/talkpal.ai\/wp-content\/uploads\/2024\/03\/Talkpal-Logo-Icon.png\",\"contentUrl\":\"https:\/\/talkpal.ai\/wp-content\/uploads\/2024\/03\/Talkpal-Logo-Icon.png\",\"width\":2880,\"height\":2880,\"caption\":\"Talkpal, Inc.\"},\"image\":{\"@id\":\"https:\/\/talkpal.ai\/gl\/#\/schema\/logo\/image\/\"},\"sameAs\":[\"https:\/\/www.facebook.com\/profile.php?id=100090733639311\",\"https:\/\/x.com\/talkpalai\",\"https:\/\/www.linkedin.com\/company\/talkpal\/\",\"https:\/\/www.youtube.com\/@TalkPal\/\",\"https:\/\/www.tiktok.com\/@talkpal\",\"https:\/\/www.instagram.com\/talkpal_ai\/\",\"https:\/\/www.crunchbase.com\/organization\/talkpal-9cde\",\"https:\/\/www.g2.com\/products\/talkpal-for-business\/\",\"https:\/\/www.trustpilot.com\/review\/talkpal.ai\",\"https:\/\/www.capterra.com\/p\/10006800\/TalkPal\/\"],\"description\":\"Talkpal is a language learning web and mobile education app, powered by the latest AI technologies, that provides engaging experiences to its customers in many different languages to help them improve their language skills. Users can chat about unlimited amount of topics with the app and use other modes to practice their language learning.\",\"email\":\"support@talkpal.ai\",\"legalName\":\"Talkpal, Inc.\",\"foundingDate\":\"2023-04-03\",\"duns\":\"118989042\",\"numberOfEmployees\":{\"@type\":\"QuantitativeValue\",\"minValue\":\"11\",\"maxValue\":\"50\"},\"publishingPrinciples\":\"https:\/\/talkpal.ai\/publishing-principles\/\",\"actionableFeedbackPolicy\":\"https:\/\/talkpal.ai\/actionable-feedback-policy\/\",\"correctionsPolicy\":\"https:\/\/talkpal.ai\/corrections-policy\/\",\"ethicsPolicy\":\"https:\/\/talkpal.ai\/ethics-policy\/\",\"diversityPolicy\":\"https:\/\/talkpal.ai\/diversity-policy\/\",\"diversityStaffingReport\":\"https:\/\/talkpal.ai\/diversity-policy\/\"}]}<\/script>\n<!-- \/ Yoast SEO Premium plugin. -->","yoast_head_json":{"title":"Gram\u00e1tica afrik\u00e1ans - Talkpal","description":"Explora a gram\u00e1tica do afrik\u00e1ans coa nosa gu\u00eda para principiantes. Domina a construci\u00f3n de frases e mellora as t\u00faas habilidades conversacionais.","robots":{"index":"index","follow":"follow","max-snippet":"max-snippet:-1","max-image-preview":"max-image-preview:large","max-video-preview":"max-video-preview:-1"},"canonical":"https:\/\/talkpal.ai\/gl\/gramatica-afrikaans\/","og_locale":"gl_ES","og_type":"article","og_title":"Gram\u00e1tica afrik\u00e1ans","og_description":"Dominando a gram\u00e1tica afrik\u00e1ans: a t\u00faa gu\u00eda definitiva Goeie dag , entusiastas da lingua! Est\u00e1s preparado para emprender unha viaxe ao mundo da gram\u00e1tica","og_url":"https:\/\/talkpal.ai\/gl\/gramatica-afrikaans\/","og_site_name":"Talkpal","article_publisher":"https:\/\/www.facebook.com\/profile.php?id=100090733639311","article_modified_time":"2025-05-22T19:04:50+00:00","og_image":[{"width":512,"height":512,"url":"https:\/\/talkpal.ai\/wp-content\/uploads\/2023\/05\/south-africa.png","type":"image\/png"}],"twitter_card":"summary_large_image","twitter_site":"@talkpalai","twitter_misc":{"Tempo de lectura":"2 minutos"},"schema":{"@context":"https:\/\/schema.org","@graph":[{"@type":"WebPage","@id":"https:\/\/talkpal.ai\/gl\/gramatica-afrikaans\/","url":"https:\/\/talkpal.ai\/gl\/gramatica-afrikaans\/","name":"Gram\u00e1tica afrik\u00e1ans - Talkpal","isPartOf":{"@id":"https:\/\/talkpal.ai\/gl\/#website"},"primaryImageOfPage":{"@id":"https:\/\/talkpal.ai\/gl\/gramatica-afrikaans\/#primaryimage"},"image":{"@id":"https:\/\/talkpal.ai\/gl\/gramatica-afrikaans\/#primaryimage"},"thumbnailUrl":"https:\/\/talkpal.ai\/wp-content\/uploads\/2023\/05\/south-africa.png","datePublished":"2023-05-14T13:59:24+00:00","dateModified":"2025-05-22T19:04:50+00:00","description":"Explora a gram\u00e1tica do afrik\u00e1ans coa nosa gu\u00eda para principiantes. Domina a construci\u00f3n de frases e mellora as t\u00faas habilidades conversacionais.","breadcrumb":{"@id":"https:\/\/talkpal.ai\/gl\/gramatica-afrikaans\/#breadcrumb"},"inLanguage":"gl-ES","potentialAction":[{"@type":"ReadAction","target":["https:\/\/talkpal.ai\/gl\/gramatica-afrikaans\/"]}]},{"@type":"ImageObject","inLanguage":"gl-ES","@id":"https:\/\/talkpal.ai\/gl\/gramatica-afrikaans\/#primaryimage","url":"https:\/\/talkpal.ai\/wp-content\/uploads\/2023\/05\/south-africa.png","contentUrl":"https:\/\/talkpal.ai\/wp-content\/uploads\/2023\/05\/south-africa.png","width":512,"height":512},{"@type":"BreadcrumbList","@id":"https:\/\/talkpal.ai\/gl\/gramatica-afrikaans\/#breadcrumb","itemListElement":[{"@type":"ListItem","position":1,"name":"Homepage","item":"https:\/\/talkpal.ai\/gl\/"},{"@type":"ListItem","position":2,"name":"Gram\u00e1tica afrik\u00e1ans"}]},{"@type":"WebSite","@id":"https:\/\/talkpal.ai\/gl\/#website","url":"https:\/\/talkpal.ai\/gl\/","name":"Talkpal","description":"AI Language Learning","publisher":{"@id":"https:\/\/talkpal.ai\/gl\/#organization"},"alternateName":"Talkpal AI","potentialAction":[{"@type":"SearchAction","target":{"@type":"EntryPoint","urlTemplate":"https:\/\/talkpal.ai\/gl\/?s={search_term_string}"},"query-input":{"@type":"PropertyValueSpecification","valueRequired":true,"valueName":"search_term_string"}}],"inLanguage":"gl-ES"},{"@type":"Organization","@id":"https:\/\/talkpal.ai\/gl\/#organization","name":"Talkpal, Inc.","alternateName":"Talkpal AI","url":"https:\/\/talkpal.ai\/gl\/","logo":{"@type":"ImageObject","inLanguage":"gl-ES","@id":"https:\/\/talkpal.ai\/gl\/#\/schema\/logo\/image\/","url":"https:\/\/talkpal.ai\/wp-content\/uploads\/2024\/03\/Talkpal-Logo-Icon.png","contentUrl":"https:\/\/talkpal.ai\/wp-content\/uploads\/2024\/03\/Talkpal-Logo-Icon.png","width":2880,"height":2880,"caption":"Talkpal, Inc."},"image":{"@id":"https:\/\/talkpal.ai\/gl\/#\/schema\/logo\/image\/"},"sameAs":["https:\/\/www.facebook.com\/profile.php?id=100090733639311","https:\/\/x.com\/talkpalai","https:\/\/www.linkedin.com\/company\/talkpal\/","https:\/\/www.youtube.com\/@TalkPal\/","https:\/\/www.tiktok.com\/@talkpal","https:\/\/www.instagram.com\/talkpal_ai\/","https:\/\/www.crunchbase.com\/organization\/talkpal-9cde","https:\/\/www.g2.com\/products\/talkpal-for-business\/","https:\/\/www.trustpilot.com\/review\/talkpal.ai","https:\/\/www.capterra.com\/p\/10006800\/TalkPal\/"],"description":"Talkpal is a language learning web and mobile education app, powered by the latest AI technologies, that provides engaging experiences to its customers in many different languages to help them improve their language skills. Users can chat about unlimited amount of topics with the app and use other modes to practice their language learning.","email":"support@talkpal.ai","legalName":"Talkpal, Inc.","foundingDate":"2023-04-03","duns":"118989042","numberOfEmployees":{"@type":"QuantitativeValue","minValue":"11","maxValue":"50"},"publishingPrinciples":"https:\/\/talkpal.ai\/publishing-principles\/","actionableFeedbackPolicy":"https:\/\/talkpal.ai\/actionable-feedback-policy\/","correctionsPolicy":"https:\/\/talkpal.ai\/corrections-policy\/","ethicsPolicy":"https:\/\/talkpal.ai\/ethics-policy\/","diversityPolicy":"https:\/\/talkpal.ai\/diversity-policy\/","diversityStaffingReport":"https:\/\/talkpal.ai\/diversity-policy\/"}]}},"_links":{"self":[{"href":"https:\/\/talkpal.ai\/gl\/wp-json\/wp\/v2\/pages\/140794","targetHints":{"allow":["GET"]}}],"collection":[{"href":"https:\/\/talkpal.ai\/gl\/wp-json\/wp\/v2\/pages"}],"about":[{"href":"https:\/\/talkpal.ai\/gl\/wp-json\/wp\/v2\/types\/page"}],"author":[{"embeddable":true,"href":"https:\/\/talkpal.ai\/gl\/wp-json\/wp\/v2\/users\/1"}],"replies":[{"embeddable":true,"href":"https:\/\/talkpal.ai\/gl\/wp-json\/wp\/v2\/comments?post=140794"}],"version-history":[{"count":0,"href":"https:\/\/talkpal.ai\/gl\/wp-json\/wp\/v2\/pages\/140794\/revisions"}],"wp:featuredmedia":[{"embeddable":true,"href":"https:\/\/talkpal.ai\/gl\/wp-json\/wp\/v2\/media\/109021"}],"wp:attachment":[{"href":"https:\/\/talkpal.ai\/gl\/wp-json\/wp\/v2\/media?parent=140794"}],"curies":[{"name":"wp","href":"https:\/\/api.w.org\/{rel}","templated":true}]}}