{"id":140138,"date":"2023-05-14T13:53:48","date_gmt":"2023-05-14T13:53:48","guid":{"rendered":"http:\/\/talkpal.ai\/gramatica-azerbaiyana\/"},"modified":"2025-05-22T08:24:39","modified_gmt":"2025-05-22T08:24:39","slug":"gramatica-azerbaiyana","status":"publish","type":"page","link":"https:\/\/talkpal.ai\/gl\/gramatica-azerbaiyana\/","title":{"rendered":"Gram\u00e1tica azerbaiyana"},"content":{"rendered":"\r\n\r\n\r\n<section class=\"languageChallengeSection\">\r\n    <div class=\"languageInfoWrapper\">\r\n        \r\n        <h1>Gram\u00e1tica azerbaiyana<\/h1>\r\n        <p>Preparado\/a para desbloquear a beleza da lingua acerbaixana? Merg\u00fallate na gram\u00e1tica azerbaixana e descubre a s\u00faa estrutura \u00fanica, desde a harmon\u00eda voc\u00e1lica ata as formas verbais expresivas. Comeza a aprender hoxe mesmo e experimenta <a href=\"https:\/\/talkpal.ai\/locations\/language-courses-in-como\/\">como<\/a> dominar a gram\u00e1tica che abre o cami\u00f1o cara a unha conversa flu\u00edda e unha comprensi\u00f3n m\u00e1is profunda da cultura acerbaixana!<\/p>\r\n\r\n                            <a class=\"getStartedHidden\" href=\"https:\/\/app.talkpal.ai\/signup?lng=\">Empeza<\/a>\r\n        \r\n    <\/div>\r\n\r\n    <figure>\r\n    <img decoding=\"async\" width=\"768\" height=\"768\" src=\"https:\/\/talkpal.ai\/wp-content\/uploads\/2023\/06\/azerbaijani-768x768.png\" class=\"languageImage no-lazy\" alt=\"Language learning for enhanced cognitive skills\" fetchpriority=\"high\" sizes=\"(max-width: 768px) 150px, 768px\" srcset=\"https:\/\/talkpal.ai\/wp-content\/uploads\/2023\/06\/azerbaijani-768x768.png 768w, https:\/\/talkpal.ai\/wp-content\/uploads\/2023\/06\/azerbaijani-300x300.png 300w\" \/>\r\n    \r\n\r\n    <\/figure>\r\n\r\n            <a class=\"getStartedVisible\" href=\"https:\/\/app.talkpal.ai\/signup?lng=\">Empeza<\/a>\r\n    \r\n<\/section>\r\n<section class=\"promotionalBanner\">\r\n    <p class=\"promotionalText\">A forma m\u00e1is eficaz de aprender un idioma<\/p>\r\n    <a class=\"promotionalLink\" href=\"https:\/\/app.talkpal.ai\/signup?lng=\">Proba Talkpal de balde<\/a>\r\n<\/section>\n<div class=\"wp-block-group pageContainerStyle\"><div class=\"wp-block-group__inner-container is-layout-constrained wp-block-group-is-layout-constrained\">\n<h2 class=\"wp-block-heading\" id=\"h-a-comprehensive-guide-to-azerbaijani-grammar\">Unha gu\u00eda completa da gram\u00e1tica azerbaiyana<\/h2>\n\n\n\n<p>Algunha vez pensaches en aprender azerbaiano? <a href=\"https:\/\/talkpal.ai\/locations\/language-courses-in-como\/\">Como<\/a> lingua oficial de Acerbaix\u00e1n e falada por mill\u00f3ns de persoas na rexi\u00f3n do <a href=\"https:\/\/talkpal.ai\/es\/locations\/cursos-de-idiomas-en-caucaso\/\">C\u00e1ucaso<\/a>, o <a href=\"https:\/\/talkpal.ai\/learn-azerbaijani\/\">azerbaiyano<\/a> \u00e9 unha lingua \u00fanica e fascinante. Cunha rica historia, cultura diversa e unha mestura de influencias das linguas turcas, rusas e persas, o azerbaiano ofrece unha experiencia ling\u00fc\u00edstica \u00fanica. Pero non te\u00f1as medo, meu amigo! Neste artigo, imos descubrir as marabillas da <a href=\"https:\/\/talkpal.ai\/azerbaijani-grammar\/\">gram\u00e1tica azerbaiyana<\/a>, fac\u00e9ndoa accesible, e atr\u00e9vome a dicir, agradable para os entusiastas da lingua coma ti.<\/p>\n\n\n\n<p><strong>Imos comezar, imos?<\/strong><\/p>\n\n\n\n<h3 class=\"wp-block-heading\" id=\"h-1-the-azerbaijani-alphabet-a-fusion-of-beauty-and-simplicity\">1. O alfabeto azerbaiyano: unha fusi\u00f3n de beleza e sinxeleza<\/h3>\n\n\n\n<p>O alfabeto azerbaiyano bas\u00e9ase na escritura <a href=\"https:\/\/talkpal.ai\/locations\/language-courses-in-latina\/\">latina<\/a>, que consta de 32 letras. Non te preocupes, non ter\u00e1s que descifrar caracteres cr\u00edpticos, xa que se asemella moito ao alfabeto <a href=\"https:\/\/talkpal.ai\/es\/locations\/aprende-ingles-en-orange\/\">ingl\u00e9s<\/a>. Non obstante, algunhas letras pos\u00faen acentos \u00fanicos e signos diacr\u00edticos para representar sons espec\u00edficos de azerbaiyano. Cal \u00e9 a clave para levar? Dominar o alfabeto \u00e9 o primeiro paso pequeno pero esencial para aprender a lingua.<\/p>\n\n\n\n<h3 class=\"wp-block-heading\" id=\"h-2-word-order-simple-as-s-o-v\">2. Orde das palabras: simple como SOV!<\/h3>\n\n\n\n<p>A diferenza do ingl\u00e9s, que segue unha orde de palabras suxeito-verbo-obxecto (SVO), o azerbaiano \u00e9 unha lingua SOV. Isto significa que normalmente atopar\u00e1s o suxeito ao comezo dunha oraci\u00f3n, seguido do obxecto e rematando co verbo. Isto pode parecer un pouco raro ao principio, pero cr\u00e9ame, entender\u00e1-lo en pouco tempo! Por exemplo, en ingl\u00e9s, dicimos &#8220;I love Azerbaijan&#8221;. En azerbaiyano, a frase ser\u00eda &#8220;M\u0259n Az\u0259rbaycan\u0131 sevir\u0259m&#8221; (literalmente, &#8220;Eu amo a Azerbaijan&#8221;). Pedazo de bolo, non?<\/p>\n\n\n\n<h3 class=\"wp-block-heading\" id=\"h-3-noun-cases-a-colorful-display-of-linguistic-variety\">3. Casos substantivos: unha mostra colorida da variedade ling\u00fc\u00edstica<\/h3>\n\n\n\n<p>Unha das caracter\u00edsticas m\u00e1is rechamantes da gram\u00e1tica azerbaiyana son os seus nominais. A lingua conta con seis casos distintos, cada un cumprindo unha funci\u00f3n espec\u00edfica. Estes son: nominativo, xenitivo, dativo, acusativo, locativo e ablativo. Agora, iso pode parecer intimidante, pero non te\u00f1as medo! Do mesmo xeito que pintar unha imaxe con cores diferentes, estes casos engaden profundidade e significado \u00e1s t\u00faas frases. Por exemplo, &#8220;kitab&#8221; (libro) pode transformarse en &#8220;kitab\u0131n&#8221; (do libro) para transmitir a posesi\u00f3n. A medida que te vaias familiarizando con estes casos, comezar\u00e1s a apreciar a s\u00faa importancia na lingua.<\/p>\n\n\n\n<h3 class=\"wp-block-heading\" id=\"h-4-verb-conjugation-express-yourself-with-ease\">4. Conxugaci\u00f3n verbal: expr\u00e9sate con facilidade<\/h3>\n\n\n\n<p>Os verbos azerbaiyanos son ricos e expresivos, o que lle permite transmitir unha ampla gama de acci\u00f3ns, emoci\u00f3ns, intenci\u00f3ns e moito m\u00e1is. A clave para dominar a conxugaci\u00f3n do verbo azerbaiyano reside na comprensi\u00f3n da forma infinitiva (a forma b\u00e1sica e non conxugada do verbo) e varios sufixos que indican tempo, persoa e n\u00famero. Por exemplo, o infinitivo \u201cg\u00f6rm\u0259k\u201d (ver) pode converterse en \u201cg\u00f6r\u00fcr\u0259m\u201d (vexo) ou \u201cg\u00f6rd\u00fcm\u201d (vin) a trav\u00e9s da maxia da conxugaci\u00f3n. A pr\u00e1ctica fai a perfecci\u00f3n, as\u00ed que segue as\u00ed e ser\u00e1s un xenio da conxugaci\u00f3n de verbos en pouco tempo!<\/p>\n\n\n\n<h3 class=\"wp-block-heading\" id=\"h-5-it-s-all-about-the-context-dig-deep-into-the-azerbaijani-mindset\">5. Todo \u00e9 sobre o contexto: afonda na mentalidade de Azerbaiy\u00e1n!<\/h3>\n\n\n\n<p>Cando comeces a xuntar frases e mergullo na lingua azerbaiyana, ten sempre en conta que o contexto \u00e9 crucial. A cultura, a historia e a visi\u00f3n do mundo de Azerbaiy\u00e1n xogan un papel importante na configuraci\u00f3n da lingua. Polo tanto, como din, &#8220;cando esteas en Roma, fai como fan os romanos&#8221;. Merg\u00fallate na mentalidade de Azerbaiy\u00e1n para ter un verdadeiro sentido da lingua. Interact\u00faa con falantes nativos, explora a literatura local e abraza a idiosincrasia da lingua. Conf\u00eda en min, non s\u00f3 mellorar\u00e1s a t\u00faa competencia ling\u00fc\u00edstica, sen\u00f3n que tam\u00e9n conseguir\u00e1s experiencias e recordos inesquecibles.<\/p>\n\n\n\n<p>En conclusi\u00f3n, a gram\u00e1tica azerbaiyana pode parecer un reto ao principio, pero con dedicaci\u00f3n, pr\u00e1ctica e un gran interese pola cultura, ser\u00e1s un profesional en pouco tempo. Ent\u00f3n, por que esperar? D\u00e1 o paso e emb\u00e1rcate nesta emocionante aventura ling\u00fc\u00edstica que che deixar\u00e1 abraiado pola beleza e profundidade da lingua azerbaiyana.<\/p>\n<\/div><\/div>\n\r\n<section class=\"learnNavigationSection\">\r\n            \r\n        <a href=\"https:\/\/talkpal.ai\/gl\/aprende-azerbaiano\/\">\r\n            <div class=\"learnNavigationWrapper\">\r\n                <div class=\"learnNavigationContent\">\r\n                    <img decoding=\"async\" src=\"https:\/\/talkpal.ai\/wp-content\/uploads\/2024\/08\/Azerbaijani.jpg\" alt=\"Azerbaijani Flag\">\r\n                    <div>\r\n                        <h4>Sobre a aprendizaxe do azerbaiano<\/h4>\r\n                        <p>Descubre todo sobre a gram\u00e1tica azerbaiyana.<\/p>\r\n                    <\/div>\r\n                <\/div>\r\n            <\/div>\r\n        <\/a>\r\n\r\n        \r\n        <a href=\"https:\/\/talkpal.ai\/gl\/exercicios-de-gramatica-azerbaiyana\/\">\r\n            <div class=\"learnNavigationWrapper\">\r\n                <div class=\"learnNavigationContent\">\r\n                    <img decoding=\"async\" src=\"https:\/\/talkpal.ai\/wp-content\/uploads\/2024\/08\/Azerbaijani.jpg\" alt=\"Azerbaijani Flag\">\r\n                    <div>\r\n                        <h4>Exercicio de gram\u00e1tica azerbaiyana<\/h4>\r\n                        <p>Practica a gram\u00e1tica azerbaiyana.<\/p>\r\n                    <\/div>\r\n                <\/div>\r\n            <\/div>\r\n        <\/a>\r\n\r\n        \r\n        <a href=\"https:\/\/talkpal.ai\/vocabulary_language\/azerbaijani\/\">\r\n            <div class=\"learnNavigationWrapper\">\r\n                <div class=\"learnNavigationContent\">\r\n                    <img decoding=\"async\" src=\"https:\/\/talkpal.ai\/wp-content\/uploads\/2024\/08\/Azerbaijani.jpg\" alt=\"Azerbaijani Flag\">\r\n                    <div>\r\n                        <h4>Vocabulario azerbaiyano<\/h4>\r\n                        <p>Ampl\u00eda o teu vocabulario azerbaiano.<\/p>\r\n                    <\/div>\r\n                <\/div>\r\n            <\/div>\r\n        <\/a>\r\n\r\n            <\/section>","protected":false},"excerpt":{"rendered":"<p>Unha gu\u00eda completa da gram\u00e1tica azerbaiyana Algunha vez pensaches en aprender azerbaiano? Como lingua oficial de Acerbaix\u00e1n e falada por mill\u00f3ns de persoas na rexi\u00f3n do C\u00e1ucaso, o azerbaiyano \u00e9 unha lingua \u00fanica e fascinante. Cunha rica historia, cultura diversa e unha mestura de influencias das linguas turcas, rusas e persas, o azerbaiano ofrece unha [&hellip;]<\/p>\n","protected":false},"author":1,"featured_media":109500,"parent":0,"menu_order":0,"comment_status":"closed","ping_status":"closed","template":"LearningContentPage.php","meta":{"_acf_changed":false,"footnotes":""},"class_list":["post-140138","page","type-page","status-publish","has-post-thumbnail","hentry"],"acf":[],"yoast_head":"<!-- This site is optimized with the Yoast SEO Premium plugin v27.2 (Yoast SEO v27.2) - https:\/\/yoast.com\/product\/yoast-seo-premium-wordpress\/ -->\n<title>Gram\u00e1tica azerbaiyana - Talkpal<\/title>\n<meta name=\"description\" content=\"Domina a gram\u00e1tica azerbaixana sen esforzo con Talkpal , o teu titor con intelixencia artificial. Descubre explicaci\u00f3ns sinxelas, exercicios interactivos e consellos pr\u00e1cticos\" \/>\n<meta name=\"robots\" content=\"index, follow, max-snippet:-1, max-image-preview:large, max-video-preview:-1\" \/>\n<link rel=\"canonical\" href=\"https:\/\/talkpal.ai\/gl\/gramatica-azerbaiyana\/\" \/>\n<meta property=\"og:locale\" content=\"gl_ES\" \/>\n<meta property=\"og:type\" content=\"article\" \/>\n<meta property=\"og:title\" content=\"Gram\u00e1tica azerbaiyana\" \/>\n<meta property=\"og:description\" content=\"Unha gu\u00eda completa da gram\u00e1tica azerbaiyana Algunha vez pensaches en aprender azerbaiano? Como lingua oficial de Acerbaix\u00e1n e falada por mill\u00f3ns de\" \/>\n<meta property=\"og:url\" content=\"https:\/\/talkpal.ai\/gl\/gramatica-azerbaiyana\/\" \/>\n<meta property=\"og:site_name\" content=\"Talkpal\" \/>\n<meta property=\"article:publisher\" content=\"https:\/\/www.facebook.com\/profile.php?id=100090733639311\" \/>\n<meta property=\"article:modified_time\" content=\"2025-05-22T08:24:39+00:00\" \/>\n<meta property=\"og:image\" content=\"https:\/\/talkpal.ai\/wp-content\/uploads\/2023\/05\/azerbaijan.png\" \/>\n\t<meta property=\"og:image:width\" content=\"512\" \/>\n\t<meta property=\"og:image:height\" content=\"512\" \/>\n\t<meta property=\"og:image:type\" content=\"image\/png\" \/>\n<meta name=\"twitter:card\" content=\"summary_large_image\" \/>\n<meta name=\"twitter:site\" content=\"@talkpalai\" \/>\n<meta name=\"twitter:label1\" content=\"Tempo de lectura\" \/>\n\t<meta name=\"twitter:data1\" content=\"3 minutos\" \/>\n<script type=\"application\/ld+json\" class=\"yoast-schema-graph\">{\"@context\":\"https:\/\/schema.org\",\"@graph\":[{\"@type\":\"WebPage\",\"@id\":\"https:\/\/talkpal.ai\/gl\/gramatica-azerbaiyana\/\",\"url\":\"https:\/\/talkpal.ai\/gl\/gramatica-azerbaiyana\/\",\"name\":\"Gram\u00e1tica azerbaiyana - Talkpal\",\"isPartOf\":{\"@id\":\"https:\/\/talkpal.ai\/gl\/#website\"},\"primaryImageOfPage\":{\"@id\":\"https:\/\/talkpal.ai\/gl\/gramatica-azerbaiyana\/#primaryimage\"},\"image\":{\"@id\":\"https:\/\/talkpal.ai\/gl\/gramatica-azerbaiyana\/#primaryimage\"},\"thumbnailUrl\":\"https:\/\/talkpal.ai\/wp-content\/uploads\/2023\/05\/azerbaijan.png\",\"datePublished\":\"2023-05-14T13:53:48+00:00\",\"dateModified\":\"2025-05-22T08:24:39+00:00\",\"description\":\"Domina a gram\u00e1tica azerbaixana sen esforzo con Talkpal , o teu titor con intelixencia artificial. Descubre explicaci\u00f3ns sinxelas, exercicios interactivos e consellos pr\u00e1cticos\",\"breadcrumb\":{\"@id\":\"https:\/\/talkpal.ai\/gl\/gramatica-azerbaiyana\/#breadcrumb\"},\"inLanguage\":\"gl-ES\",\"potentialAction\":[{\"@type\":\"ReadAction\",\"target\":[\"https:\/\/talkpal.ai\/gl\/gramatica-azerbaiyana\/\"]}]},{\"@type\":\"ImageObject\",\"inLanguage\":\"gl-ES\",\"@id\":\"https:\/\/talkpal.ai\/gl\/gramatica-azerbaiyana\/#primaryimage\",\"url\":\"https:\/\/talkpal.ai\/wp-content\/uploads\/2023\/05\/azerbaijan.png\",\"contentUrl\":\"https:\/\/talkpal.ai\/wp-content\/uploads\/2023\/05\/azerbaijan.png\",\"width\":512,\"height\":512},{\"@type\":\"BreadcrumbList\",\"@id\":\"https:\/\/talkpal.ai\/gl\/gramatica-azerbaiyana\/#breadcrumb\",\"itemListElement\":[{\"@type\":\"ListItem\",\"position\":1,\"name\":\"Homepage\",\"item\":\"https:\/\/talkpal.ai\/gl\/\"},{\"@type\":\"ListItem\",\"position\":2,\"name\":\"Gram\u00e1tica azerbaiyana\"}]},{\"@type\":\"WebSite\",\"@id\":\"https:\/\/talkpal.ai\/gl\/#website\",\"url\":\"https:\/\/talkpal.ai\/gl\/\",\"name\":\"Talkpal\",\"description\":\"AI Language Learning\",\"publisher\":{\"@id\":\"https:\/\/talkpal.ai\/gl\/#organization\"},\"alternateName\":\"Talkpal AI\",\"potentialAction\":[{\"@type\":\"SearchAction\",\"target\":{\"@type\":\"EntryPoint\",\"urlTemplate\":\"https:\/\/talkpal.ai\/gl\/?s={search_term_string}\"},\"query-input\":{\"@type\":\"PropertyValueSpecification\",\"valueRequired\":true,\"valueName\":\"search_term_string\"}}],\"inLanguage\":\"gl-ES\"},{\"@type\":\"Organization\",\"@id\":\"https:\/\/talkpal.ai\/gl\/#organization\",\"name\":\"Talkpal, Inc.\",\"alternateName\":\"Talkpal AI\",\"url\":\"https:\/\/talkpal.ai\/gl\/\",\"logo\":{\"@type\":\"ImageObject\",\"inLanguage\":\"gl-ES\",\"@id\":\"https:\/\/talkpal.ai\/gl\/#\/schema\/logo\/image\/\",\"url\":\"https:\/\/talkpal.ai\/wp-content\/uploads\/2024\/03\/Talkpal-Logo-Icon.png\",\"contentUrl\":\"https:\/\/talkpal.ai\/wp-content\/uploads\/2024\/03\/Talkpal-Logo-Icon.png\",\"width\":2880,\"height\":2880,\"caption\":\"Talkpal, Inc.\"},\"image\":{\"@id\":\"https:\/\/talkpal.ai\/gl\/#\/schema\/logo\/image\/\"},\"sameAs\":[\"https:\/\/www.facebook.com\/profile.php?id=100090733639311\",\"https:\/\/x.com\/talkpalai\",\"https:\/\/www.linkedin.com\/company\/talkpal\/\",\"https:\/\/www.youtube.com\/@TalkPal\/\",\"https:\/\/www.tiktok.com\/@talkpal\",\"https:\/\/www.instagram.com\/talkpal_ai\/\",\"https:\/\/www.crunchbase.com\/organization\/talkpal-9cde\",\"https:\/\/www.g2.com\/products\/talkpal-for-business\/\",\"https:\/\/www.trustpilot.com\/review\/talkpal.ai\",\"https:\/\/www.capterra.com\/p\/10006800\/TalkPal\/\"],\"description\":\"Talkpal is a language learning web and mobile education app, powered by the latest AI technologies, that provides engaging experiences to its customers in many different languages to help them improve their language skills. Users can chat about unlimited amount of topics with the app and use other modes to practice their language learning.\",\"email\":\"support@talkpal.ai\",\"legalName\":\"Talkpal, Inc.\",\"foundingDate\":\"2023-04-03\",\"duns\":\"118989042\",\"numberOfEmployees\":{\"@type\":\"QuantitativeValue\",\"minValue\":\"11\",\"maxValue\":\"50\"},\"publishingPrinciples\":\"https:\/\/talkpal.ai\/publishing-principles\/\",\"actionableFeedbackPolicy\":\"https:\/\/talkpal.ai\/actionable-feedback-policy\/\",\"correctionsPolicy\":\"https:\/\/talkpal.ai\/corrections-policy\/\",\"ethicsPolicy\":\"https:\/\/talkpal.ai\/ethics-policy\/\",\"diversityPolicy\":\"https:\/\/talkpal.ai\/diversity-policy\/\",\"diversityStaffingReport\":\"https:\/\/talkpal.ai\/diversity-policy\/\"}]}<\/script>\n<!-- \/ Yoast SEO Premium plugin. -->","yoast_head_json":{"title":"Gram\u00e1tica azerbaiyana - Talkpal","description":"Domina a gram\u00e1tica azerbaixana sen esforzo con Talkpal , o teu titor con intelixencia artificial. Descubre explicaci\u00f3ns sinxelas, exercicios interactivos e consellos pr\u00e1cticos","robots":{"index":"index","follow":"follow","max-snippet":"max-snippet:-1","max-image-preview":"max-image-preview:large","max-video-preview":"max-video-preview:-1"},"canonical":"https:\/\/talkpal.ai\/gl\/gramatica-azerbaiyana\/","og_locale":"gl_ES","og_type":"article","og_title":"Gram\u00e1tica azerbaiyana","og_description":"Unha gu\u00eda completa da gram\u00e1tica azerbaiyana Algunha vez pensaches en aprender azerbaiano? Como lingua oficial de Acerbaix\u00e1n e falada por mill\u00f3ns de","og_url":"https:\/\/talkpal.ai\/gl\/gramatica-azerbaiyana\/","og_site_name":"Talkpal","article_publisher":"https:\/\/www.facebook.com\/profile.php?id=100090733639311","article_modified_time":"2025-05-22T08:24:39+00:00","og_image":[{"width":512,"height":512,"url":"https:\/\/talkpal.ai\/wp-content\/uploads\/2023\/05\/azerbaijan.png","type":"image\/png"}],"twitter_card":"summary_large_image","twitter_site":"@talkpalai","twitter_misc":{"Tempo de lectura":"3 minutos"},"schema":{"@context":"https:\/\/schema.org","@graph":[{"@type":"WebPage","@id":"https:\/\/talkpal.ai\/gl\/gramatica-azerbaiyana\/","url":"https:\/\/talkpal.ai\/gl\/gramatica-azerbaiyana\/","name":"Gram\u00e1tica azerbaiyana - Talkpal","isPartOf":{"@id":"https:\/\/talkpal.ai\/gl\/#website"},"primaryImageOfPage":{"@id":"https:\/\/talkpal.ai\/gl\/gramatica-azerbaiyana\/#primaryimage"},"image":{"@id":"https:\/\/talkpal.ai\/gl\/gramatica-azerbaiyana\/#primaryimage"},"thumbnailUrl":"https:\/\/talkpal.ai\/wp-content\/uploads\/2023\/05\/azerbaijan.png","datePublished":"2023-05-14T13:53:48+00:00","dateModified":"2025-05-22T08:24:39+00:00","description":"Domina a gram\u00e1tica azerbaixana sen esforzo con Talkpal , o teu titor con intelixencia artificial. Descubre explicaci\u00f3ns sinxelas, exercicios interactivos e consellos pr\u00e1cticos","breadcrumb":{"@id":"https:\/\/talkpal.ai\/gl\/gramatica-azerbaiyana\/#breadcrumb"},"inLanguage":"gl-ES","potentialAction":[{"@type":"ReadAction","target":["https:\/\/talkpal.ai\/gl\/gramatica-azerbaiyana\/"]}]},{"@type":"ImageObject","inLanguage":"gl-ES","@id":"https:\/\/talkpal.ai\/gl\/gramatica-azerbaiyana\/#primaryimage","url":"https:\/\/talkpal.ai\/wp-content\/uploads\/2023\/05\/azerbaijan.png","contentUrl":"https:\/\/talkpal.ai\/wp-content\/uploads\/2023\/05\/azerbaijan.png","width":512,"height":512},{"@type":"BreadcrumbList","@id":"https:\/\/talkpal.ai\/gl\/gramatica-azerbaiyana\/#breadcrumb","itemListElement":[{"@type":"ListItem","position":1,"name":"Homepage","item":"https:\/\/talkpal.ai\/gl\/"},{"@type":"ListItem","position":2,"name":"Gram\u00e1tica azerbaiyana"}]},{"@type":"WebSite","@id":"https:\/\/talkpal.ai\/gl\/#website","url":"https:\/\/talkpal.ai\/gl\/","name":"Talkpal","description":"AI Language Learning","publisher":{"@id":"https:\/\/talkpal.ai\/gl\/#organization"},"alternateName":"Talkpal AI","potentialAction":[{"@type":"SearchAction","target":{"@type":"EntryPoint","urlTemplate":"https:\/\/talkpal.ai\/gl\/?s={search_term_string}"},"query-input":{"@type":"PropertyValueSpecification","valueRequired":true,"valueName":"search_term_string"}}],"inLanguage":"gl-ES"},{"@type":"Organization","@id":"https:\/\/talkpal.ai\/gl\/#organization","name":"Talkpal, Inc.","alternateName":"Talkpal AI","url":"https:\/\/talkpal.ai\/gl\/","logo":{"@type":"ImageObject","inLanguage":"gl-ES","@id":"https:\/\/talkpal.ai\/gl\/#\/schema\/logo\/image\/","url":"https:\/\/talkpal.ai\/wp-content\/uploads\/2024\/03\/Talkpal-Logo-Icon.png","contentUrl":"https:\/\/talkpal.ai\/wp-content\/uploads\/2024\/03\/Talkpal-Logo-Icon.png","width":2880,"height":2880,"caption":"Talkpal, Inc."},"image":{"@id":"https:\/\/talkpal.ai\/gl\/#\/schema\/logo\/image\/"},"sameAs":["https:\/\/www.facebook.com\/profile.php?id=100090733639311","https:\/\/x.com\/talkpalai","https:\/\/www.linkedin.com\/company\/talkpal\/","https:\/\/www.youtube.com\/@TalkPal\/","https:\/\/www.tiktok.com\/@talkpal","https:\/\/www.instagram.com\/talkpal_ai\/","https:\/\/www.crunchbase.com\/organization\/talkpal-9cde","https:\/\/www.g2.com\/products\/talkpal-for-business\/","https:\/\/www.trustpilot.com\/review\/talkpal.ai","https:\/\/www.capterra.com\/p\/10006800\/TalkPal\/"],"description":"Talkpal is a language learning web and mobile education app, powered by the latest AI technologies, that provides engaging experiences to its customers in many different languages to help them improve their language skills. Users can chat about unlimited amount of topics with the app and use other modes to practice their language learning.","email":"support@talkpal.ai","legalName":"Talkpal, Inc.","foundingDate":"2023-04-03","duns":"118989042","numberOfEmployees":{"@type":"QuantitativeValue","minValue":"11","maxValue":"50"},"publishingPrinciples":"https:\/\/talkpal.ai\/publishing-principles\/","actionableFeedbackPolicy":"https:\/\/talkpal.ai\/actionable-feedback-policy\/","correctionsPolicy":"https:\/\/talkpal.ai\/corrections-policy\/","ethicsPolicy":"https:\/\/talkpal.ai\/ethics-policy\/","diversityPolicy":"https:\/\/talkpal.ai\/diversity-policy\/","diversityStaffingReport":"https:\/\/talkpal.ai\/diversity-policy\/"}]}},"_links":{"self":[{"href":"https:\/\/talkpal.ai\/gl\/wp-json\/wp\/v2\/pages\/140138","targetHints":{"allow":["GET"]}}],"collection":[{"href":"https:\/\/talkpal.ai\/gl\/wp-json\/wp\/v2\/pages"}],"about":[{"href":"https:\/\/talkpal.ai\/gl\/wp-json\/wp\/v2\/types\/page"}],"author":[{"embeddable":true,"href":"https:\/\/talkpal.ai\/gl\/wp-json\/wp\/v2\/users\/1"}],"replies":[{"embeddable":true,"href":"https:\/\/talkpal.ai\/gl\/wp-json\/wp\/v2\/comments?post=140138"}],"version-history":[{"count":0,"href":"https:\/\/talkpal.ai\/gl\/wp-json\/wp\/v2\/pages\/140138\/revisions"}],"wp:featuredmedia":[{"embeddable":true,"href":"https:\/\/talkpal.ai\/gl\/wp-json\/wp\/v2\/media\/109500"}],"wp:attachment":[{"href":"https:\/\/talkpal.ai\/gl\/wp-json\/wp\/v2\/media?parent=140138"}],"curies":[{"name":"wp","href":"https:\/\/api.w.org\/{rel}","templated":true}]}}