{"id":139876,"date":"2023-05-14T13:52:49","date_gmt":"2023-05-14T13:52:49","guid":{"rendered":"http:\/\/talkpal.ai\/gramatica-rusa\/"},"modified":"2025-12-13T15:17:29","modified_gmt":"2025-12-13T15:17:29","slug":"gramatica-rusa","status":"publish","type":"page","link":"https:\/\/talkpal.ai\/gl\/gramatica-rusa\/","title":{"rendered":"Gram\u00e1tica Rusa"},"content":{"rendered":"\r\n\r\n\r\n<section class=\"languageChallengeSection\">\r\n    <div class=\"languageInfoWrapper\">\r\n        \r\n        <h1>Gram\u00e1tica Rusa<\/h1>\r\n        <p>Comeza a t\u00faa aventura na lingua rusa e \u00e1breche as portas a unha rica cultura e historia. Dominar a gram\u00e1tica e o vocabulario rusos mellorar\u00e1 as t\u00faas oportunidades de viaxe, carreira e comunicaci\u00f3n. Comeza a aprender <a href=\"https:\/\/talkpal.ai\/learn-russian\/\">ruso<\/a> hoxe mesmo e d\u00e1 o primeiro paso cara \u00e1 fluidez!\n\n<\/p>\r\n\r\n                            <a class=\"getStartedHidden\" href=\"https:\/\/app.talkpal.ai\/signup?lng=\">Empeza<\/a>\r\n        \r\n    <\/div>\r\n\r\n    <figure>\r\n    <img decoding=\"async\" width=\"768\" height=\"768\" src=\"https:\/\/talkpal.ai\/wp-content\/uploads\/2023\/06\/russian-768x768.png\" class=\"languageImage no-lazy\" alt=\"Language learning for multicultural understanding\" fetchpriority=\"high\" sizes=\"(max-width: 768px) 150px, 768px\" srcset=\"https:\/\/talkpal.ai\/wp-content\/uploads\/2023\/06\/russian-768x768.png 768w, https:\/\/talkpal.ai\/wp-content\/uploads\/2023\/06\/russian-300x300.png 300w\" \/>\r\n    \r\n\r\n    <\/figure>\r\n\r\n            <a class=\"getStartedVisible\" href=\"https:\/\/app.talkpal.ai\/signup?lng=\">Empeza<\/a>\r\n    \r\n<\/section>\r\n<section class=\"promotionalBanner\">\r\n    <p class=\"promotionalText\">A forma m\u00e1is eficaz de aprender un idioma<\/p>\r\n    <a class=\"promotionalLink\" href=\"https:\/\/app.talkpal.ai\/signup?lng=\">Proba Talkpal de balde<\/a>\r\n<\/section>\n<div class=\"wp-block-group pageContainerStyle\"><div class=\"wp-block-group__inner-container is-layout-constrained wp-block-group-is-layout-constrained\">\n<h1 class=\"wp-block-heading\" id=\"h-russian-grammar-unlock-the-secrets-to-mastering-russian\">Gram\u00e1tica rusa: Desbloquea os segredos para dominar o ruso<\/h1>\n\n\n\n<p>Parab\u00e9ns por dar o paso audaz para <a href=\"https:\/\/talkpal.ai\/learn-russian\/\">aprender ruso<\/a>! Con m\u00e1is de 258 mill\u00f3ns de falantes en todo o mundo, o ruso \u00e9 unha lingua fascinante e gratificante que ofrece informaci\u00f3n sobre unha rica cultura e historia. Cando se trata de <a href=\"https:\/\/talkpal.ai\/russian-grammar\/\">gram\u00e1tica rusa<\/a>, pode parecer intimidante, pero non te\u00f1as medo! Esta gu\u00eda amigable para principiantes est\u00e1 aqu\u00ed para desglosar os elementos b\u00e1sicos da <a href=\"https:\/\/talkpal.ai\/russian-grammar\/\">gram\u00e1tica rusa<\/a> dun xeito sinxelo e atractivo.<\/p>\n\n\n\n<h3 class=\"wp-block-heading\" id=\"h-1-the-russian-alphabet-your-starting-point\">1. O alfabeto ruso: o teu punto de partida<\/h3>\n\n\n\n<p>A clave para navegar pola gram\u00e1tica rusa \u00e9 dominar o alfabeto cir\u00edlico. Con 33 letras, 10 vogais e 21 consoantes, constit\u00fae a base para ler, escribir e comprender a lingua. Familiarizarse co alfabeto crear\u00e1 unha base s\u00f3lida para desenvolver as s\u00faas habilidades gramaticais rusas.<\/p>\n\n\n\n<h3 class=\"wp-block-heading\" id=\"h-2-nouns-and-cases-the-core-of-russian-grammar\">2. Substantivos e casos: o n\u00facleo da gram\u00e1tica rusa<\/h3>\n\n\n\n<p>A gram\u00e1tica rusa enfatiza o uso de casos para transmitir significado e contexto. Con seis casos (nominativo, xenitivo, dativo, acusativo, instrumental e preposicional) os substantivos rusos cambian as s\u00faas terminaci\u00f3ns para mostrar a s\u00faa funci\u00f3n nunha oraci\u00f3n. Polo tanto, a orde das palabras faise menos cr\u00edtica que en <a href=\"https:\/\/talkpal.ai\/es\/locations\/aprende-ingles-en-orange\/\">ingl\u00e9s<\/a>. Por exemplo:<\/p>\n\n\n\n<p><a href=\"https:\/\/talkpal.ai\/es\/locations\/aprende-ingles-en-orange\/\">Ingl\u00e9s<\/a>: D\u00e1lle un libro a un amigo.<\/p>\n\n\n\n<p>Ruso: \u042f \u0434\u0430\u044e \u0434\u0440\u0443\u0433\u0443 \u043a\u043d\u0438\u0433\u0443 (Ya dayu drugu knigu)<\/p>\n\n\n\n<p>Aqu\u00ed, &#8220;\u0434\u0440\u0443\u0433\u0443&#8221; (a un amigo) e &#8220;\u043a\u043d\u0438\u0433\u0443&#8221; (libro) est\u00e1n nos casos dativo e acusativo, respectivamente.<\/p>\n\n\n\n<h3 class=\"wp-block-heading\" id=\"h-3-mastering-gender-and-plurals\">3. Dominar o x\u00e9nero e os plurais<\/h3>\n\n\n\n<p>Na gram\u00e1tica rusa, os substantivos te\u00f1en un dos tres x\u00e9neros: masculino, feminino ou neutro. A terminaci\u00f3n dun substantivo normalmente indica o seu x\u00e9nero:<\/p>\n\n\n\n<p>\u2013 Masculino: remata con consoante ou \u201c-\u0439\u201d<\/p>\n\n\n\n<p>\u2013 Feminino: remata con \u201c-\u0430\u201d ou \u201c-\u044f\u201d<\/p>\n\n\n\n<p>\u2013 Neutro: remata con \u201c-\u043e\u201d ou \u201c-\u0435\u201d<\/p>\n\n\n\n<p>Para formar plurais, as terminaci\u00f3ns dos substantivos cambian segundo o seu x\u00e9nero e o caso no que estean.<\/p>\n\n\n\n<h3 class=\"wp-block-heading\" id=\"h-4-conquer-verb-conjugation\">4. Conquistar a conxugaci\u00f3n verbal<\/h3>\n\n\n\n<p><a href=\"https:\/\/talkpal.ai\/locations\/language-courses-in-como\/\">Como<\/a> moitas linguas, os verbos rusos cambian de forma (conxugaci\u00f3n) segundo o tempo, a persoa e o n\u00famero. Os verbos rusos tam\u00e9n te\u00f1en dous aspectos: perfecto e imperfectivo. O <a href=\"https:\/\/talkpal.ai\/es\/grammar\/aspecto-perfectivo-en-gramatica-china\/\">aspecto perfectivo<\/a> sinala unha acci\u00f3n completada, mentres que o aspecto <a href=\"https:\/\/talkpal.ai\/zh-hans\/grammar_exercises\/imperfecto-%e8%a5%bf%e7%8f%ad%e7%89%99%e8%af%ad%e6%b3%95%e7%bb%83%e4%b9%a0\/\">imperfecto<\/a> ref\u00edrese a acci\u00f3ns en curso ou habituais.<\/p>\n\n\n\n<p>Para <a href=\"https:\/\/talkpal.ai\/ko\/ai-%ec%96%b8%ec%96%b4-%ea%b5%90%ec%82%ac\/\">comezar<\/a>, c\u00e9ntrase na comprensi\u00f3n da conxugaci\u00f3n do presente para os verbos imperfectivos e do pasado para ambos os aspectos. Por exemplo:<\/p>\n\n\n\n<p>Tempo presente (Imperfectivo): \u042f \u0447\u0438\u0442\u0430\u044e (Ya chitayu) &#8211; &#8220;Leo&#8221; ou &#8220;Estou lendo&#8221;<\/p>\n\n\n\n<p>Pret\u00e9rito (Imperfectivo): \u042f \u0447\u0438\u0442\u0430\u043b (Ya chital) &#8211; &#8220;Estaba lendo&#8221;<\/p>\n\n\n\n<p>Pret\u00e9rito (Perfecto): \u042f \u043f\u0440\u043e\u0447\u0438\u0442\u0430\u043b (Ya prochital) &#8211; &#8220;Lin&#8221; ou &#8220;Lin (e rematei)&#8221;<\/p>\n\n\n\n<h3 class=\"wp-block-heading\" id=\"h-5-embrace-russian-pronouns\">5. Abrace os pronomes rusos<\/h3>\n\n\n\n<p>Os pronomes na gram\u00e1tica rusa substit\u00faen aos substantivos e son cruciais para a fala flu\u00edda. Merg\u00fallate na aprendizaxe de pronomes persoais e posesivos, como:<\/p>\n\n\n\n<p>Pronomes persoais: \u044f (eu), \u0442\u044b (ti, informal), \u043e\u043d\/\u043e\u043d\u0430\/\u043e\u043d\u043e (el\/ela\/it), \u0432\u044b (ti, formal ou plural), \u043c\u044b (n\u00f3s), \u043e\u043d\u0438 (eles)<\/p>\n\n\n\n<p>Pronomes posesivos: \u043c\u043e\u0439\/\u043c\u043e\u044f\/\u043c\u043e\u0451 (meu), \u0442\u0432\u043e\u0439\/\u0442\u0432\u043e\u044f\/\u0442\u0432\u043e\u0451 (o teu, informal), \u0435\u0433\u043e\/\u0435\u0451\/\u0438\u0445 (a s\u00faa\/a), \u0432\u0430\u0448\/\u0432\u0430\u0448\u0430\/\u0432\u0430\u0448\u0435 (o teu, formal ou plural), \u043d\u0430\u0448 \/\u043d\u0430\u0448\u0430\/\u043d\u0430\u0448\u0435 (o noso)<\/p>\n\n\n\n<p>Non esquezas que os pronomes rusos deben coincidir co x\u00e9nero e o caso do substantivo que substit\u00faen.<\/p>\n\n\n\n<p>Parab\u00e9ns! Deches os primeiros pasos para dominar as complejidades da gram\u00e1tica rusa. Lembra que a pr\u00e1ctica \u00e9 fundamental, as\u00ed que afonda no idioma, interact\u00faa con falantes nativos e reforza a t\u00faa base de aprendizaxe. \u00a1As\u00ed! (Boa sorte!)<\/p>\n<\/div><\/div>\n\r\n<section class=\"learnNavigationSection\">\r\n            \r\n        <a href=\"https:\/\/talkpal.ai\/gl\/aprende-ruso\/\">\r\n            <div class=\"learnNavigationWrapper\">\r\n                <div class=\"learnNavigationContent\">\r\n                    <img decoding=\"async\" src=\"https:\/\/talkpal.ai\/wp-content\/uploads\/2024\/08\/Russian.jpg\" alt=\"Russian Flag\">\r\n                    <div>\r\n                        <h4>Sobre a aprendizaxe do ruso<\/h4>\r\n                        <p>Descubre todo sobre a gram\u00e1tica rusa.<\/p>\r\n                    <\/div>\r\n                <\/div>\r\n            <\/div>\r\n        <\/a>\r\n\r\n        \r\n        <a href=\"https:\/\/talkpal.ai\/gl\/exercicios-de-gramatica-rusa\/\">\r\n            <div class=\"learnNavigationWrapper\">\r\n                <div class=\"learnNavigationContent\">\r\n                    <img decoding=\"async\" src=\"https:\/\/talkpal.ai\/wp-content\/uploads\/2024\/08\/Russian.jpg\" alt=\"Russian Flag\">\r\n                    <div>\r\n                        <h4>Exercicio de gram\u00e1tica rusa<\/h4>\r\n                        <p>Practica a gram\u00e1tica rusa.<\/p>\r\n                    <\/div>\r\n                <\/div>\r\n            <\/div>\r\n        <\/a>\r\n\r\n        \r\n        <a href=\"https:\/\/talkpal.ai\/vocabulary_language\/russian\/\">\r\n            <div class=\"learnNavigationWrapper\">\r\n                <div class=\"learnNavigationContent\">\r\n                    <img decoding=\"async\" src=\"https:\/\/talkpal.ai\/wp-content\/uploads\/2024\/08\/Russian.jpg\" alt=\"Russian Flag\">\r\n                    <div>\r\n                        <h4>Vocabulario ruso<\/h4>\r\n                        <p>Ampl\u00eda o teu vocabulario ruso.<\/p>\r\n                    <\/div>\r\n                <\/div>\r\n            <\/div>\r\n        <\/a>\r\n\r\n            <\/section>","protected":false},"excerpt":{"rendered":"<p>Gram\u00e1tica rusa: Desbloquea os segredos para dominar o ruso Parab\u00e9ns por dar o paso audaz para aprender ruso! Con m\u00e1is de 258 mill\u00f3ns de falantes en todo o mundo, o ruso \u00e9 unha lingua fascinante e gratificante que ofrece informaci\u00f3n sobre unha rica cultura e historia. Cando se trata de gram\u00e1tica rusa, pode parecer intimidante, [&hellip;]<\/p>\n","protected":false},"author":1,"featured_media":108151,"parent":0,"menu_order":0,"comment_status":"closed","ping_status":"closed","template":"LearningContentPage.php","meta":{"_acf_changed":false,"footnotes":""},"class_list":["post-139876","page","type-page","status-publish","has-post-thumbnail","hentry"],"acf":[],"yoast_head":"<!-- This site is optimized with the Yoast SEO Premium plugin v27.2 (Yoast SEO v27.2) - https:\/\/yoast.com\/product\/yoast-seo-premium-wordpress\/ -->\n<title>Gram\u00e1tica Rusa - Talkpal<\/title>\n<meta name=\"description\" content=\"Desbloquea o mundo da gram\u00e1tica rusa coa nosa gu\u00eda para principiantes. Domina o alfabeto cir\u00edlico e mellora as t\u00faas habilidades ling\u00fc\u00edsticas.\" \/>\n<meta name=\"robots\" content=\"index, follow, max-snippet:-1, max-image-preview:large, max-video-preview:-1\" \/>\n<link rel=\"canonical\" href=\"https:\/\/talkpal.ai\/gl\/gramatica-rusa\/\" \/>\n<meta property=\"og:locale\" content=\"gl_ES\" \/>\n<meta property=\"og:type\" content=\"article\" \/>\n<meta property=\"og:title\" content=\"Gram\u00e1tica Rusa\" \/>\n<meta property=\"og:description\" content=\"Gram\u00e1tica rusa: Desbloquea os segredos para dominar o ruso Parab\u00e9ns por dar o paso audaz para aprender ruso! Con m\u00e1is de 258 mill\u00f3ns de falantes en todo o\" \/>\n<meta property=\"og:url\" content=\"https:\/\/talkpal.ai\/gl\/gramatica-rusa\/\" \/>\n<meta property=\"og:site_name\" content=\"Talkpal\" \/>\n<meta property=\"article:publisher\" content=\"https:\/\/www.facebook.com\/profile.php?id=100090733639311\" \/>\n<meta property=\"article:modified_time\" content=\"2025-12-13T15:17:29+00:00\" \/>\n<meta property=\"og:image\" content=\"https:\/\/talkpal.ai\/wp-content\/uploads\/2023\/04\/rusia.png\" \/>\n\t<meta property=\"og:image:width\" content=\"512\" \/>\n\t<meta property=\"og:image:height\" content=\"512\" \/>\n\t<meta property=\"og:image:type\" content=\"image\/png\" \/>\n<meta name=\"twitter:card\" content=\"summary_large_image\" \/>\n<meta name=\"twitter:site\" content=\"@talkpalai\" \/>\n<meta name=\"twitter:label1\" content=\"Tempo de lectura\" \/>\n\t<meta name=\"twitter:data1\" content=\"3 minutos\" \/>\n<script type=\"application\/ld+json\" class=\"yoast-schema-graph\">{\"@context\":\"https:\/\/schema.org\",\"@graph\":[{\"@type\":\"WebPage\",\"@id\":\"https:\/\/talkpal.ai\/gl\/gramatica-rusa\/\",\"url\":\"https:\/\/talkpal.ai\/gl\/gramatica-rusa\/\",\"name\":\"Gram\u00e1tica Rusa - Talkpal\",\"isPartOf\":{\"@id\":\"https:\/\/talkpal.ai\/gl\/#website\"},\"primaryImageOfPage\":{\"@id\":\"https:\/\/talkpal.ai\/gl\/gramatica-rusa\/#primaryimage\"},\"image\":{\"@id\":\"https:\/\/talkpal.ai\/gl\/gramatica-rusa\/#primaryimage\"},\"thumbnailUrl\":\"https:\/\/talkpal.ai\/wp-content\/uploads\/2023\/04\/rusia.png\",\"datePublished\":\"2023-05-14T13:52:49+00:00\",\"dateModified\":\"2025-12-13T15:17:29+00:00\",\"description\":\"Desbloquea o mundo da gram\u00e1tica rusa coa nosa gu\u00eda para principiantes. Domina o alfabeto cir\u00edlico e mellora as t\u00faas habilidades ling\u00fc\u00edsticas.\",\"breadcrumb\":{\"@id\":\"https:\/\/talkpal.ai\/gl\/gramatica-rusa\/#breadcrumb\"},\"inLanguage\":\"gl-ES\",\"potentialAction\":[{\"@type\":\"ReadAction\",\"target\":[\"https:\/\/talkpal.ai\/gl\/gramatica-rusa\/\"]}]},{\"@type\":\"ImageObject\",\"inLanguage\":\"gl-ES\",\"@id\":\"https:\/\/talkpal.ai\/gl\/gramatica-rusa\/#primaryimage\",\"url\":\"https:\/\/talkpal.ai\/wp-content\/uploads\/2023\/04\/rusia.png\",\"contentUrl\":\"https:\/\/talkpal.ai\/wp-content\/uploads\/2023\/04\/rusia.png\",\"width\":512,\"height\":512},{\"@type\":\"BreadcrumbList\",\"@id\":\"https:\/\/talkpal.ai\/gl\/gramatica-rusa\/#breadcrumb\",\"itemListElement\":[{\"@type\":\"ListItem\",\"position\":1,\"name\":\"Homepage\",\"item\":\"https:\/\/talkpal.ai\/gl\/\"},{\"@type\":\"ListItem\",\"position\":2,\"name\":\"Gram\u00e1tica Rusa\"}]},{\"@type\":\"WebSite\",\"@id\":\"https:\/\/talkpal.ai\/gl\/#website\",\"url\":\"https:\/\/talkpal.ai\/gl\/\",\"name\":\"Talkpal\",\"description\":\"AI Language Learning\",\"publisher\":{\"@id\":\"https:\/\/talkpal.ai\/gl\/#organization\"},\"alternateName\":\"Talkpal AI\",\"potentialAction\":[{\"@type\":\"SearchAction\",\"target\":{\"@type\":\"EntryPoint\",\"urlTemplate\":\"https:\/\/talkpal.ai\/gl\/?s={search_term_string}\"},\"query-input\":{\"@type\":\"PropertyValueSpecification\",\"valueRequired\":true,\"valueName\":\"search_term_string\"}}],\"inLanguage\":\"gl-ES\"},{\"@type\":\"Organization\",\"@id\":\"https:\/\/talkpal.ai\/gl\/#organization\",\"name\":\"Talkpal, Inc.\",\"alternateName\":\"Talkpal AI\",\"url\":\"https:\/\/talkpal.ai\/gl\/\",\"logo\":{\"@type\":\"ImageObject\",\"inLanguage\":\"gl-ES\",\"@id\":\"https:\/\/talkpal.ai\/gl\/#\/schema\/logo\/image\/\",\"url\":\"https:\/\/talkpal.ai\/wp-content\/uploads\/2024\/03\/Talkpal-Logo-Icon.png\",\"contentUrl\":\"https:\/\/talkpal.ai\/wp-content\/uploads\/2024\/03\/Talkpal-Logo-Icon.png\",\"width\":2880,\"height\":2880,\"caption\":\"Talkpal, Inc.\"},\"image\":{\"@id\":\"https:\/\/talkpal.ai\/gl\/#\/schema\/logo\/image\/\"},\"sameAs\":[\"https:\/\/www.facebook.com\/profile.php?id=100090733639311\",\"https:\/\/x.com\/talkpalai\",\"https:\/\/www.linkedin.com\/company\/talkpal\/\",\"https:\/\/www.youtube.com\/@TalkPal\/\",\"https:\/\/www.tiktok.com\/@talkpal\",\"https:\/\/www.instagram.com\/talkpal_ai\/\",\"https:\/\/www.crunchbase.com\/organization\/talkpal-9cde\",\"https:\/\/www.g2.com\/products\/talkpal-for-business\/\",\"https:\/\/www.trustpilot.com\/review\/talkpal.ai\",\"https:\/\/www.capterra.com\/p\/10006800\/TalkPal\/\"],\"description\":\"Talkpal is a language learning web and mobile education app, powered by the latest AI technologies, that provides engaging experiences to its customers in many different languages to help them improve their language skills. Users can chat about unlimited amount of topics with the app and use other modes to practice their language learning.\",\"email\":\"support@talkpal.ai\",\"legalName\":\"Talkpal, Inc.\",\"foundingDate\":\"2023-04-03\",\"duns\":\"118989042\",\"numberOfEmployees\":{\"@type\":\"QuantitativeValue\",\"minValue\":\"11\",\"maxValue\":\"50\"},\"publishingPrinciples\":\"https:\/\/talkpal.ai\/publishing-principles\/\",\"actionableFeedbackPolicy\":\"https:\/\/talkpal.ai\/actionable-feedback-policy\/\",\"correctionsPolicy\":\"https:\/\/talkpal.ai\/corrections-policy\/\",\"ethicsPolicy\":\"https:\/\/talkpal.ai\/ethics-policy\/\",\"diversityPolicy\":\"https:\/\/talkpal.ai\/diversity-policy\/\",\"diversityStaffingReport\":\"https:\/\/talkpal.ai\/diversity-policy\/\"}]}<\/script>\n<!-- \/ Yoast SEO Premium plugin. -->","yoast_head_json":{"title":"Gram\u00e1tica Rusa - Talkpal","description":"Desbloquea o mundo da gram\u00e1tica rusa coa nosa gu\u00eda para principiantes. Domina o alfabeto cir\u00edlico e mellora as t\u00faas habilidades ling\u00fc\u00edsticas.","robots":{"index":"index","follow":"follow","max-snippet":"max-snippet:-1","max-image-preview":"max-image-preview:large","max-video-preview":"max-video-preview:-1"},"canonical":"https:\/\/talkpal.ai\/gl\/gramatica-rusa\/","og_locale":"gl_ES","og_type":"article","og_title":"Gram\u00e1tica Rusa","og_description":"Gram\u00e1tica rusa: Desbloquea os segredos para dominar o ruso Parab\u00e9ns por dar o paso audaz para aprender ruso! Con m\u00e1is de 258 mill\u00f3ns de falantes en todo o","og_url":"https:\/\/talkpal.ai\/gl\/gramatica-rusa\/","og_site_name":"Talkpal","article_publisher":"https:\/\/www.facebook.com\/profile.php?id=100090733639311","article_modified_time":"2025-12-13T15:17:29+00:00","og_image":[{"width":512,"height":512,"url":"https:\/\/talkpal.ai\/wp-content\/uploads\/2023\/04\/rusia.png","type":"image\/png"}],"twitter_card":"summary_large_image","twitter_site":"@talkpalai","twitter_misc":{"Tempo de lectura":"3 minutos"},"schema":{"@context":"https:\/\/schema.org","@graph":[{"@type":"WebPage","@id":"https:\/\/talkpal.ai\/gl\/gramatica-rusa\/","url":"https:\/\/talkpal.ai\/gl\/gramatica-rusa\/","name":"Gram\u00e1tica Rusa - Talkpal","isPartOf":{"@id":"https:\/\/talkpal.ai\/gl\/#website"},"primaryImageOfPage":{"@id":"https:\/\/talkpal.ai\/gl\/gramatica-rusa\/#primaryimage"},"image":{"@id":"https:\/\/talkpal.ai\/gl\/gramatica-rusa\/#primaryimage"},"thumbnailUrl":"https:\/\/talkpal.ai\/wp-content\/uploads\/2023\/04\/rusia.png","datePublished":"2023-05-14T13:52:49+00:00","dateModified":"2025-12-13T15:17:29+00:00","description":"Desbloquea o mundo da gram\u00e1tica rusa coa nosa gu\u00eda para principiantes. Domina o alfabeto cir\u00edlico e mellora as t\u00faas habilidades ling\u00fc\u00edsticas.","breadcrumb":{"@id":"https:\/\/talkpal.ai\/gl\/gramatica-rusa\/#breadcrumb"},"inLanguage":"gl-ES","potentialAction":[{"@type":"ReadAction","target":["https:\/\/talkpal.ai\/gl\/gramatica-rusa\/"]}]},{"@type":"ImageObject","inLanguage":"gl-ES","@id":"https:\/\/talkpal.ai\/gl\/gramatica-rusa\/#primaryimage","url":"https:\/\/talkpal.ai\/wp-content\/uploads\/2023\/04\/rusia.png","contentUrl":"https:\/\/talkpal.ai\/wp-content\/uploads\/2023\/04\/rusia.png","width":512,"height":512},{"@type":"BreadcrumbList","@id":"https:\/\/talkpal.ai\/gl\/gramatica-rusa\/#breadcrumb","itemListElement":[{"@type":"ListItem","position":1,"name":"Homepage","item":"https:\/\/talkpal.ai\/gl\/"},{"@type":"ListItem","position":2,"name":"Gram\u00e1tica Rusa"}]},{"@type":"WebSite","@id":"https:\/\/talkpal.ai\/gl\/#website","url":"https:\/\/talkpal.ai\/gl\/","name":"Talkpal","description":"AI Language Learning","publisher":{"@id":"https:\/\/talkpal.ai\/gl\/#organization"},"alternateName":"Talkpal AI","potentialAction":[{"@type":"SearchAction","target":{"@type":"EntryPoint","urlTemplate":"https:\/\/talkpal.ai\/gl\/?s={search_term_string}"},"query-input":{"@type":"PropertyValueSpecification","valueRequired":true,"valueName":"search_term_string"}}],"inLanguage":"gl-ES"},{"@type":"Organization","@id":"https:\/\/talkpal.ai\/gl\/#organization","name":"Talkpal, Inc.","alternateName":"Talkpal AI","url":"https:\/\/talkpal.ai\/gl\/","logo":{"@type":"ImageObject","inLanguage":"gl-ES","@id":"https:\/\/talkpal.ai\/gl\/#\/schema\/logo\/image\/","url":"https:\/\/talkpal.ai\/wp-content\/uploads\/2024\/03\/Talkpal-Logo-Icon.png","contentUrl":"https:\/\/talkpal.ai\/wp-content\/uploads\/2024\/03\/Talkpal-Logo-Icon.png","width":2880,"height":2880,"caption":"Talkpal, Inc."},"image":{"@id":"https:\/\/talkpal.ai\/gl\/#\/schema\/logo\/image\/"},"sameAs":["https:\/\/www.facebook.com\/profile.php?id=100090733639311","https:\/\/x.com\/talkpalai","https:\/\/www.linkedin.com\/company\/talkpal\/","https:\/\/www.youtube.com\/@TalkPal\/","https:\/\/www.tiktok.com\/@talkpal","https:\/\/www.instagram.com\/talkpal_ai\/","https:\/\/www.crunchbase.com\/organization\/talkpal-9cde","https:\/\/www.g2.com\/products\/talkpal-for-business\/","https:\/\/www.trustpilot.com\/review\/talkpal.ai","https:\/\/www.capterra.com\/p\/10006800\/TalkPal\/"],"description":"Talkpal is a language learning web and mobile education app, powered by the latest AI technologies, that provides engaging experiences to its customers in many different languages to help them improve their language skills. Users can chat about unlimited amount of topics with the app and use other modes to practice their language learning.","email":"support@talkpal.ai","legalName":"Talkpal, Inc.","foundingDate":"2023-04-03","duns":"118989042","numberOfEmployees":{"@type":"QuantitativeValue","minValue":"11","maxValue":"50"},"publishingPrinciples":"https:\/\/talkpal.ai\/publishing-principles\/","actionableFeedbackPolicy":"https:\/\/talkpal.ai\/actionable-feedback-policy\/","correctionsPolicy":"https:\/\/talkpal.ai\/corrections-policy\/","ethicsPolicy":"https:\/\/talkpal.ai\/ethics-policy\/","diversityPolicy":"https:\/\/talkpal.ai\/diversity-policy\/","diversityStaffingReport":"https:\/\/talkpal.ai\/diversity-policy\/"}]}},"_links":{"self":[{"href":"https:\/\/talkpal.ai\/gl\/wp-json\/wp\/v2\/pages\/139876","targetHints":{"allow":["GET"]}}],"collection":[{"href":"https:\/\/talkpal.ai\/gl\/wp-json\/wp\/v2\/pages"}],"about":[{"href":"https:\/\/talkpal.ai\/gl\/wp-json\/wp\/v2\/types\/page"}],"author":[{"embeddable":true,"href":"https:\/\/talkpal.ai\/gl\/wp-json\/wp\/v2\/users\/1"}],"replies":[{"embeddable":true,"href":"https:\/\/talkpal.ai\/gl\/wp-json\/wp\/v2\/comments?post=139876"}],"version-history":[{"count":0,"href":"https:\/\/talkpal.ai\/gl\/wp-json\/wp\/v2\/pages\/139876\/revisions"}],"wp:featuredmedia":[{"embeddable":true,"href":"https:\/\/talkpal.ai\/gl\/wp-json\/wp\/v2\/media\/108151"}],"wp:attachment":[{"href":"https:\/\/talkpal.ai\/gl\/wp-json\/wp\/v2\/media?parent=139876"}],"curies":[{"name":"wp","href":"https:\/\/api.w.org\/{rel}","templated":true}]}}