{"id":135840,"date":"2023-06-16T10:51:16","date_gmt":"2023-06-16T10:51:16","guid":{"rendered":"http:\/\/talkpal.ai\/exercicios-de-gramatica-ucraina\/"},"modified":"2025-12-17T16:22:04","modified_gmt":"2025-12-17T16:22:04","slug":"exercicios-de-gramatica-ucraina","status":"publish","type":"page","link":"https:\/\/talkpal.ai\/gl\/exercicios-de-gramatica-ucraina\/","title":{"rendered":"Exercicios de gram\u00e1tica ucra\u00edna"},"content":{"rendered":"\r\n\r\n\r\n<section class=\"languageChallengeSection\">\r\n    <div class=\"languageInfoWrapper\">\r\n        \r\n        <h1>Exercicios de gram\u00e1tica ucra\u00edna<\/h1>\r\n        <p>Queres levar as t\u00faas habilidades en <a href=\"https:\/\/talkpal.ai\/learn-ukrainian\/\">ucra\u00edno<\/a> ao seguinte nivel? Practicar exercicios de gram\u00e1tica \u00e9 unha forma fundamental de dominar a estrutura das frases, as formas verbais e os patr\u00f3ns \u00fanicos da lingua ucra\u00edna. Comeza a traballar a <a href=\"https:\/\/talkpal.ai\/ukrainian-grammar\/\">gram\u00e1tica ucra\u00edna<\/a> hoxe mesmo e observa <a href=\"https:\/\/talkpal.ai\/locations\/language-courses-in-como\/\">como<\/a> a t\u00faa confianza e fluidez medran con cada exercicio!<\/p>\r\n\r\n                            <a class=\"getStartedHidden\" href=\"https:\/\/app.talkpal.ai\/signup?lng=\">Empeza<\/a>\r\n        \r\n    <\/div>\r\n\r\n    <figure>\r\n    <img decoding=\"async\" width=\"768\" height=\"768\" src=\"https:\/\/talkpal.ai\/wp-content\/uploads\/2023\/06\/Ukrainian-768x768.png\" class=\"languageImage no-lazy\" alt=\"Language learning - Your doorway to the world\" fetchpriority=\"high\" sizes=\"(max-width: 768px) 150px, 768px\" srcset=\"https:\/\/talkpal.ai\/wp-content\/uploads\/2023\/06\/Ukrainian-768x768.png 768w, https:\/\/talkpal.ai\/wp-content\/uploads\/2023\/06\/Ukrainian-300x300.png 300w\" \/>\r\n    \r\n\r\n    <\/figure>\r\n\r\n            <a class=\"getStartedVisible\" href=\"https:\/\/app.talkpal.ai\/signup?lng=\">Empeza<\/a>\r\n    \r\n<\/section>\r\n\r\n\r\n<!-- <section class=\"grammarSection\">\r\n    <div class=\"grammarLinks\">\r\n            <\/div>\r\n<\/section> -->\r\n\r\n\r\n\r\n\r\n<section class=\"promotionalBanner\">\r\n    <p class=\"promotionalText\">A forma m\u00e1is eficaz de aprender un idioma<\/p>\r\n    <a class=\"promotionalLink\" href=\"https:\/\/app.talkpal.ai\/signup?lng=\">Proba Talkpal de balde<\/a>\r\n<\/section>\n<div class=\"wp-block-group pageContainerStyle\"><div class=\"wp-block-group__inner-container is-layout-constrained wp-block-group-is-layout-constrained\">\n<h2 class=\"wp-block-heading\" id=\"h-ukrainian-grammar-topics\">Temas de gram\u00e1tica ucra\u00edna<\/h2>\n\n\n\n<p>Aprender un <a href=\"https:\/\/talkpal.ai\/talkpal-new-years-discount\/\">novo<\/a> idioma pode ser un esforzo emocionante pero desafiante, e a lingua ucra\u00edna non \u00e9 unha excepci\u00f3n. O ucra\u00edno, unha lingua eslava oriental, \u00e9 a lingua oficial de Ucra\u00edna e pos\u00fae unha rica historia e unha estrutura gramatical diversa. Mentres te embarcas na t\u00faa viaxe para ser competente en ucra\u00edno, hai varios temas gramaticais clave que ter\u00e1s que dominar, inclu\u00edndo tempos, verbos, substantivos, artigos, pronomes, adxectivos, adverbios, preposici\u00f3ns e estrutura da frase. Comprender e aplicar correctamente estas regras gramaticais mellorar\u00e1 significativamente a s\u00faa fluidez na lingua. Ent\u00f3n, mergull\u00e9monos en cada tema e exploremos a secuencia na que deber\u00edas aprendelos.<\/p>\n\n\n\n<h3 class=\"wp-block-heading\" id=\"h-1-nouns\">1. Substantivos:<\/h3>\n\n\n\n<p>Comeza aprendendo substantivos ucra\u00ednos xa que son a base da lingua. Familiarizarse co seu x\u00e9nero (masculino, feminino e neutro) e as s\u00faas formas plurais. Comprender as declinaci\u00f3ns de nomes (casos) \u00e9 fundamental para a formaci\u00f3n adecuada das oraci\u00f3ns.<\/p>\n\n\n\n<h3 class=\"wp-block-heading\" id=\"h-2-pronouns\">2. Pronomes:<\/h3>\n\n\n\n<p>A continuaci\u00f3n, aprende os pronomes: palabras que substit\u00faen os substantivos nunha oraci\u00f3n. Tam\u00e9n te\u00f1en distinci\u00f3ns de x\u00e9nero e caso, polo que \u00e9 esencial aprender as formas adecuadas para usar dependendo do substantivo que estean substitu\u00edndo.<\/p>\n\n\n\n<h3 class=\"wp-block-heading\" id=\"h-3-verbs\">3. Verbos:<\/h3>\n\n\n\n<p>Os verbos son as palabras de acci\u00f3n nunha oraci\u00f3n. En ucra\u00edno, os verbos te\u00f1en diferentes formas baseadas no tempo, o estado de \u00e1nimo e o aspecto. Comeza aprendendo as formas presentes de indicativo dos verbos, que che axudar\u00e1n a comprender a estrutura b\u00e1sica das oraci\u00f3ns.<\/p>\n\n\n\n<h3 class=\"wp-block-heading\" id=\"h-4-tenses-indicative\">4. Tempos de indicativo:<\/h3>\n\n\n\n<p>Unha vez que esteas c\u00f3modo cos verbos en tempo <a href=\"https:\/\/talkpal.ai\/zh-hans\/grammar_exercises\/presente-%e8%a5%bf%e7%8f%ad%e7%89%99%e8%af%ad%e6%b3%95%e7%bb%83%e4%b9%a0\/\">presente<\/a>, pasa a aprender os tempos pasados \u200b\u200be futuros en modo indicativo. Isto permitirache comunicar sobre eventos que xa ocorreron ou ocorrer\u00e1n no <a href=\"https:\/\/talkpal.ai\/ja\/grammar_exercises\/futuro-%e3%82%b9%e3%83%9a%e3%82%a4%e3%83%b3%e8%aa%9e%e3%81%ae%e6%96%87%e6%b3%95%e3%81%ae%e6%bc%94%e7%bf%92\/\">futuro<\/a>.<\/p>\n\n\n\n<h3 class=\"wp-block-heading\" id=\"h-5-tenses-subjunctive\">5. Tempos Subxuntivo:<\/h3>\n\n\n\n<p>Despois de dominar o modo indicativo, explora o modo subxuntivo, que expresa situaci\u00f3ns hipot\u00e9ticas, desexos ou suxesti\u00f3ns. O modo de subxuntivo ocorre principalmente nos tempos pasados \u200b\u200be futuros en ucra\u00edno.<\/p>\n\n\n\n<h3 class=\"wp-block-heading\" id=\"h-6-tense-comparison\">6. Comparaci\u00f3n de tempo:<\/h3>\n\n\n\n<p>Aprende a comparar tempos en ucra\u00edno para expresar diferentes graos de certeza ou posibilidade. Isto axudarache a comprender e crear frases m\u00e1is complexas.<\/p>\n\n\n\n<h3 class=\"wp-block-heading\" id=\"h-7-adjectives\">7. Adxectivos:<\/h3>\n\n\n\n<p>Os adxectivos describen as calidades dos substantivos. Concordan en x\u00e9nero, n\u00famero e mai\u00fasculas co substantivo que modifican. Aprender adxectivos axudarache a engadir m\u00e1is detalles \u00e1s t\u00faas frases.<\/p>\n\n\n\n<h3 class=\"wp-block-heading\" id=\"h-8-adverbs\">8. Adverbios:<\/h3>\n\n\n\n<p>Os adverbios describen o modo, o lugar ou o tempo dunha acci\u00f3n. Non declinan como os adxectivos, pero xogan un papel crucial para facer que as t\u00faas frases sexan m\u00e1is informativas e atractivas.<\/p>\n\n\n\n<h3 class=\"wp-block-heading\" id=\"h-9-prepositions\">9. Preposici\u00f3ns:<\/h3>\n\n\n\n<p>As preposici\u00f3ns mostran a relaci\u00f3n entre as palabras dunha oraci\u00f3n (por exemplo, localizaci\u00f3n, direcci\u00f3n ou tempo). Aprende a usar as preposici\u00f3ns correctamente para evitar confusi\u00f3ns e transmitir o significado que pretendes.<\/p>\n\n\n\n<h3 class=\"wp-block-heading\" id=\"h-10-sentence-structure\">10. Estrutura da oraci\u00f3n:<\/h3>\n\n\n\n<p>Finalmente, familiar\u00edzase coa estrutura da frase ucra\u00edna. Isto incl\u00fae comprender a orde de palabras suxeito-verbo-obxecto (SVO) e como usar casos e outros elementos gramaticais para formar frases claras e coherentes.<\/p>\n\n\n\n<h3 class=\"wp-block-heading\" id=\"h-11-articles\">11. Artigos:<\/h3>\n\n\n\n<p>O ucra\u00edno non ten artigos como &#8220;o&#8221; ou &#8220;a&#8221; en <a href=\"https:\/\/talkpal.ai\/es\/locations\/aprende-ingles-en-orange\/\">ingl\u00e9s<\/a>, pero \u00e9 esencial comprender como se transmiten a definici\u00f3n e a indefinici\u00f3n na lingua, normalmente mediante o uso de <a href=\"https:\/\/talkpal.ai\/culture\/what-are-the-demonstrative-pronouns-in-galician\/\">pronomes demostrativos<\/a> ou contexto.<\/p>\n\n\n\n<p>Ao aprender estes temas gramaticais na secuencia suxerida, ir\u00e1s constru\u00edndo gradualmente unha base s\u00f3lida en ucra\u00edno e progresar\u00e1s cara \u00e1 fluidez na lingua.<\/p>\n<\/div><\/div>\n\r\n<section class=\"learnNavigationSection\">\r\n            \r\n        <a href=\"https:\/\/talkpal.ai\/gl\/aprende-ucraino\/\">\r\n            <div class=\"learnNavigationWrapper\">\r\n                <div class=\"learnNavigationContent\">\r\n                    <img decoding=\"async\" src=\"https:\/\/talkpal.ai\/wp-content\/uploads\/2024\/08\/Ukrainian.jpg\" alt=\"Ukrainian Flag\">\r\n                    <div>\r\n                        <h4>Sobre a aprendizaxe de ucra\u00edno<\/h4>\r\n                        <p>Descubre todo sobre a gram\u00e1tica ucra\u00edna.<\/p>\r\n                    <\/div>\r\n                <\/div>\r\n            <\/div>\r\n        <\/a>\r\n\r\n        \r\n        <a href=\"https:\/\/talkpal.ai\/gl\/gramatica-ucraina\/\">\r\n            <div class=\"learnNavigationWrapper\">\r\n                <div class=\"learnNavigationContent\">\r\n                    <img decoding=\"async\" src=\"https:\/\/talkpal.ai\/wp-content\/uploads\/2024\/08\/Ukrainian.jpg\" alt=\"Ukrainian Flag\">\r\n                    <div>\r\n                        <h4>Clases de gram\u00e1tica ucra\u00edna<\/h4>\r\n                        <p>Practica a gram\u00e1tica ucra\u00edna.<\/p>\r\n                    <\/div>\r\n                <\/div>\r\n            <\/div>\r\n        <\/a>\r\n\r\n        \r\n        <a href=\"https:\/\/talkpal.ai\/vocabulary_language\/ukrainian\/\">\r\n            <div class=\"learnNavigationWrapper\">\r\n                <div class=\"learnNavigationContent\">\r\n                    <img decoding=\"async\" src=\"https:\/\/talkpal.ai\/wp-content\/uploads\/2024\/08\/Ukrainian.jpg\" alt=\"Ukrainian Flag\">\r\n                    <div>\r\n                        <h4>Vocabulario ucra\u00edno<\/h4>\r\n                        <p>Ampl\u00eda o teu vocabulario ucra\u00edno.<\/p>\r\n                    <\/div>\r\n                <\/div>\r\n            <\/div>\r\n        <\/a>\r\n\r\n            <\/section>","protected":false},"excerpt":{"rendered":"<p>Temas de gram\u00e1tica ucra\u00edna Aprender un novo idioma pode ser un esforzo emocionante pero desafiante, e a lingua ucra\u00edna non \u00e9 unha excepci\u00f3n. O ucra\u00edno, unha lingua eslava oriental, \u00e9 a lingua oficial de Ucra\u00edna e pos\u00fae unha rica historia e unha estrutura gramatical diversa. Mentres te embarcas na t\u00faa viaxe para ser competente en [&hellip;]<\/p>\n","protected":false},"author":6,"featured_media":108740,"parent":0,"menu_order":0,"comment_status":"closed","ping_status":"closed","template":"LearningContentPage.php","meta":{"_acf_changed":false,"footnotes":""},"class_list":["post-135840","page","type-page","status-publish","has-post-thumbnail","hentry"],"acf":[],"yoast_head":"<!-- This site is optimized with the Yoast SEO Premium plugin v27.2 (Yoast SEO v27.2) - https:\/\/yoast.com\/product\/yoast-seo-premium-wordpress\/ -->\n<title>Exercicios de gram\u00e1tica ucra\u00edna - Talkpal<\/title>\n<meta name=\"description\" content=\"Mellora as t\u00faas habilidades en ucra\u00edno con interesantes exercicios de gram\u00e1tica ucra\u00edna que abarcan temas gramaticais esenciais para a fluidez.\" \/>\n<meta name=\"robots\" content=\"index, follow, max-snippet:-1, max-image-preview:large, max-video-preview:-1\" \/>\n<link rel=\"canonical\" href=\"https:\/\/talkpal.ai\/gl\/exercicios-de-gramatica-ucraina\/\" \/>\n<meta property=\"og:locale\" content=\"gl_ES\" \/>\n<meta property=\"og:type\" content=\"article\" \/>\n<meta property=\"og:title\" content=\"Exercicios de gram\u00e1tica ucra\u00edna\" \/>\n<meta property=\"og:description\" content=\"Temas de gram\u00e1tica ucra\u00edna Aprender un novo idioma pode ser un esforzo emocionante pero desafiante, e a lingua ucra\u00edna non \u00e9 unha excepci\u00f3n. O ucra\u00edno,\" \/>\n<meta property=\"og:url\" content=\"https:\/\/talkpal.ai\/gl\/exercicios-de-gramatica-ucraina\/\" \/>\n<meta property=\"og:site_name\" content=\"Talkpal\" \/>\n<meta property=\"article:publisher\" content=\"https:\/\/www.facebook.com\/profile.php?id=100090733639311\" \/>\n<meta property=\"article:modified_time\" content=\"2025-12-17T16:22:04+00:00\" \/>\n<meta property=\"og:image\" content=\"https:\/\/talkpal.ai\/wp-content\/uploads\/2023\/04\/ukraine.png\" \/>\n\t<meta property=\"og:image:width\" content=\"512\" \/>\n\t<meta property=\"og:image:height\" content=\"512\" \/>\n\t<meta property=\"og:image:type\" content=\"image\/png\" \/>\n<meta name=\"twitter:card\" content=\"summary_large_image\" \/>\n<meta name=\"twitter:site\" content=\"@talkpalai\" \/>\n<meta name=\"twitter:label1\" content=\"Tempo de lectura\" \/>\n\t<meta name=\"twitter:data1\" content=\"3 minutos\" \/>\n<script type=\"application\/ld+json\" class=\"yoast-schema-graph\">{\"@context\":\"https:\/\/schema.org\",\"@graph\":[{\"@type\":\"WebPage\",\"@id\":\"https:\/\/talkpal.ai\/gl\/exercicios-de-gramatica-ucraina\/\",\"url\":\"https:\/\/talkpal.ai\/gl\/exercicios-de-gramatica-ucraina\/\",\"name\":\"Exercicios de gram\u00e1tica ucra\u00edna - Talkpal\",\"isPartOf\":{\"@id\":\"https:\/\/talkpal.ai\/gl\/#website\"},\"primaryImageOfPage\":{\"@id\":\"https:\/\/talkpal.ai\/gl\/exercicios-de-gramatica-ucraina\/#primaryimage\"},\"image\":{\"@id\":\"https:\/\/talkpal.ai\/gl\/exercicios-de-gramatica-ucraina\/#primaryimage\"},\"thumbnailUrl\":\"https:\/\/talkpal.ai\/wp-content\/uploads\/2023\/04\/ukraine.png\",\"datePublished\":\"2023-06-16T10:51:16+00:00\",\"dateModified\":\"2025-12-17T16:22:04+00:00\",\"description\":\"Mellora as t\u00faas habilidades en ucra\u00edno con interesantes exercicios de gram\u00e1tica ucra\u00edna que abarcan temas gramaticais esenciais para a fluidez.\",\"breadcrumb\":{\"@id\":\"https:\/\/talkpal.ai\/gl\/exercicios-de-gramatica-ucraina\/#breadcrumb\"},\"inLanguage\":\"gl-ES\",\"potentialAction\":[{\"@type\":\"ReadAction\",\"target\":[\"https:\/\/talkpal.ai\/gl\/exercicios-de-gramatica-ucraina\/\"]}]},{\"@type\":\"ImageObject\",\"inLanguage\":\"gl-ES\",\"@id\":\"https:\/\/talkpal.ai\/gl\/exercicios-de-gramatica-ucraina\/#primaryimage\",\"url\":\"https:\/\/talkpal.ai\/wp-content\/uploads\/2023\/04\/ukraine.png\",\"contentUrl\":\"https:\/\/talkpal.ai\/wp-content\/uploads\/2023\/04\/ukraine.png\",\"width\":512,\"height\":512,\"caption\":\"TalkPal Ukrainian Flag\"},{\"@type\":\"BreadcrumbList\",\"@id\":\"https:\/\/talkpal.ai\/gl\/exercicios-de-gramatica-ucraina\/#breadcrumb\",\"itemListElement\":[{\"@type\":\"ListItem\",\"position\":1,\"name\":\"Homepage\",\"item\":\"https:\/\/talkpal.ai\/gl\/\"},{\"@type\":\"ListItem\",\"position\":2,\"name\":\"Exercicios de gram\u00e1tica ucra\u00edna\"}]},{\"@type\":\"WebSite\",\"@id\":\"https:\/\/talkpal.ai\/gl\/#website\",\"url\":\"https:\/\/talkpal.ai\/gl\/\",\"name\":\"Talkpal\",\"description\":\"AI Language Learning\",\"publisher\":{\"@id\":\"https:\/\/talkpal.ai\/gl\/#organization\"},\"alternateName\":\"Talkpal AI\",\"potentialAction\":[{\"@type\":\"SearchAction\",\"target\":{\"@type\":\"EntryPoint\",\"urlTemplate\":\"https:\/\/talkpal.ai\/gl\/?s={search_term_string}\"},\"query-input\":{\"@type\":\"PropertyValueSpecification\",\"valueRequired\":true,\"valueName\":\"search_term_string\"}}],\"inLanguage\":\"gl-ES\"},{\"@type\":\"Organization\",\"@id\":\"https:\/\/talkpal.ai\/gl\/#organization\",\"name\":\"Talkpal, Inc.\",\"alternateName\":\"Talkpal AI\",\"url\":\"https:\/\/talkpal.ai\/gl\/\",\"logo\":{\"@type\":\"ImageObject\",\"inLanguage\":\"gl-ES\",\"@id\":\"https:\/\/talkpal.ai\/gl\/#\/schema\/logo\/image\/\",\"url\":\"https:\/\/talkpal.ai\/wp-content\/uploads\/2024\/03\/Talkpal-Logo-Icon.png\",\"contentUrl\":\"https:\/\/talkpal.ai\/wp-content\/uploads\/2024\/03\/Talkpal-Logo-Icon.png\",\"width\":2880,\"height\":2880,\"caption\":\"Talkpal, Inc.\"},\"image\":{\"@id\":\"https:\/\/talkpal.ai\/gl\/#\/schema\/logo\/image\/\"},\"sameAs\":[\"https:\/\/www.facebook.com\/profile.php?id=100090733639311\",\"https:\/\/x.com\/talkpalai\",\"https:\/\/www.linkedin.com\/company\/talkpal\/\",\"https:\/\/www.youtube.com\/@TalkPal\/\",\"https:\/\/www.tiktok.com\/@talkpal\",\"https:\/\/www.instagram.com\/talkpal_ai\/\",\"https:\/\/www.crunchbase.com\/organization\/talkpal-9cde\",\"https:\/\/www.g2.com\/products\/talkpal-for-business\/\",\"https:\/\/www.trustpilot.com\/review\/talkpal.ai\",\"https:\/\/www.capterra.com\/p\/10006800\/TalkPal\/\"],\"description\":\"Talkpal is a language learning web and mobile education app, powered by the latest AI technologies, that provides engaging experiences to its customers in many different languages to help them improve their language skills. Users can chat about unlimited amount of topics with the app and use other modes to practice their language learning.\",\"email\":\"support@talkpal.ai\",\"legalName\":\"Talkpal, Inc.\",\"foundingDate\":\"2023-04-03\",\"duns\":\"118989042\",\"numberOfEmployees\":{\"@type\":\"QuantitativeValue\",\"minValue\":\"11\",\"maxValue\":\"50\"},\"publishingPrinciples\":\"https:\/\/talkpal.ai\/publishing-principles\/\",\"actionableFeedbackPolicy\":\"https:\/\/talkpal.ai\/actionable-feedback-policy\/\",\"correctionsPolicy\":\"https:\/\/talkpal.ai\/corrections-policy\/\",\"ethicsPolicy\":\"https:\/\/talkpal.ai\/ethics-policy\/\",\"diversityPolicy\":\"https:\/\/talkpal.ai\/diversity-policy\/\",\"diversityStaffingReport\":\"https:\/\/talkpal.ai\/diversity-policy\/\"}]}<\/script>\n<!-- \/ Yoast SEO Premium plugin. -->","yoast_head_json":{"title":"Exercicios de gram\u00e1tica ucra\u00edna - Talkpal","description":"Mellora as t\u00faas habilidades en ucra\u00edno con interesantes exercicios de gram\u00e1tica ucra\u00edna que abarcan temas gramaticais esenciais para a fluidez.","robots":{"index":"index","follow":"follow","max-snippet":"max-snippet:-1","max-image-preview":"max-image-preview:large","max-video-preview":"max-video-preview:-1"},"canonical":"https:\/\/talkpal.ai\/gl\/exercicios-de-gramatica-ucraina\/","og_locale":"gl_ES","og_type":"article","og_title":"Exercicios de gram\u00e1tica ucra\u00edna","og_description":"Temas de gram\u00e1tica ucra\u00edna Aprender un novo idioma pode ser un esforzo emocionante pero desafiante, e a lingua ucra\u00edna non \u00e9 unha excepci\u00f3n. O ucra\u00edno,","og_url":"https:\/\/talkpal.ai\/gl\/exercicios-de-gramatica-ucraina\/","og_site_name":"Talkpal","article_publisher":"https:\/\/www.facebook.com\/profile.php?id=100090733639311","article_modified_time":"2025-12-17T16:22:04+00:00","og_image":[{"width":512,"height":512,"url":"https:\/\/talkpal.ai\/wp-content\/uploads\/2023\/04\/ukraine.png","type":"image\/png"}],"twitter_card":"summary_large_image","twitter_site":"@talkpalai","twitter_misc":{"Tempo de lectura":"3 minutos"},"schema":{"@context":"https:\/\/schema.org","@graph":[{"@type":"WebPage","@id":"https:\/\/talkpal.ai\/gl\/exercicios-de-gramatica-ucraina\/","url":"https:\/\/talkpal.ai\/gl\/exercicios-de-gramatica-ucraina\/","name":"Exercicios de gram\u00e1tica ucra\u00edna - Talkpal","isPartOf":{"@id":"https:\/\/talkpal.ai\/gl\/#website"},"primaryImageOfPage":{"@id":"https:\/\/talkpal.ai\/gl\/exercicios-de-gramatica-ucraina\/#primaryimage"},"image":{"@id":"https:\/\/talkpal.ai\/gl\/exercicios-de-gramatica-ucraina\/#primaryimage"},"thumbnailUrl":"https:\/\/talkpal.ai\/wp-content\/uploads\/2023\/04\/ukraine.png","datePublished":"2023-06-16T10:51:16+00:00","dateModified":"2025-12-17T16:22:04+00:00","description":"Mellora as t\u00faas habilidades en ucra\u00edno con interesantes exercicios de gram\u00e1tica ucra\u00edna que abarcan temas gramaticais esenciais para a fluidez.","breadcrumb":{"@id":"https:\/\/talkpal.ai\/gl\/exercicios-de-gramatica-ucraina\/#breadcrumb"},"inLanguage":"gl-ES","potentialAction":[{"@type":"ReadAction","target":["https:\/\/talkpal.ai\/gl\/exercicios-de-gramatica-ucraina\/"]}]},{"@type":"ImageObject","inLanguage":"gl-ES","@id":"https:\/\/talkpal.ai\/gl\/exercicios-de-gramatica-ucraina\/#primaryimage","url":"https:\/\/talkpal.ai\/wp-content\/uploads\/2023\/04\/ukraine.png","contentUrl":"https:\/\/talkpal.ai\/wp-content\/uploads\/2023\/04\/ukraine.png","width":512,"height":512,"caption":"TalkPal Ukrainian Flag"},{"@type":"BreadcrumbList","@id":"https:\/\/talkpal.ai\/gl\/exercicios-de-gramatica-ucraina\/#breadcrumb","itemListElement":[{"@type":"ListItem","position":1,"name":"Homepage","item":"https:\/\/talkpal.ai\/gl\/"},{"@type":"ListItem","position":2,"name":"Exercicios de gram\u00e1tica ucra\u00edna"}]},{"@type":"WebSite","@id":"https:\/\/talkpal.ai\/gl\/#website","url":"https:\/\/talkpal.ai\/gl\/","name":"Talkpal","description":"AI Language Learning","publisher":{"@id":"https:\/\/talkpal.ai\/gl\/#organization"},"alternateName":"Talkpal AI","potentialAction":[{"@type":"SearchAction","target":{"@type":"EntryPoint","urlTemplate":"https:\/\/talkpal.ai\/gl\/?s={search_term_string}"},"query-input":{"@type":"PropertyValueSpecification","valueRequired":true,"valueName":"search_term_string"}}],"inLanguage":"gl-ES"},{"@type":"Organization","@id":"https:\/\/talkpal.ai\/gl\/#organization","name":"Talkpal, Inc.","alternateName":"Talkpal AI","url":"https:\/\/talkpal.ai\/gl\/","logo":{"@type":"ImageObject","inLanguage":"gl-ES","@id":"https:\/\/talkpal.ai\/gl\/#\/schema\/logo\/image\/","url":"https:\/\/talkpal.ai\/wp-content\/uploads\/2024\/03\/Talkpal-Logo-Icon.png","contentUrl":"https:\/\/talkpal.ai\/wp-content\/uploads\/2024\/03\/Talkpal-Logo-Icon.png","width":2880,"height":2880,"caption":"Talkpal, Inc."},"image":{"@id":"https:\/\/talkpal.ai\/gl\/#\/schema\/logo\/image\/"},"sameAs":["https:\/\/www.facebook.com\/profile.php?id=100090733639311","https:\/\/x.com\/talkpalai","https:\/\/www.linkedin.com\/company\/talkpal\/","https:\/\/www.youtube.com\/@TalkPal\/","https:\/\/www.tiktok.com\/@talkpal","https:\/\/www.instagram.com\/talkpal_ai\/","https:\/\/www.crunchbase.com\/organization\/talkpal-9cde","https:\/\/www.g2.com\/products\/talkpal-for-business\/","https:\/\/www.trustpilot.com\/review\/talkpal.ai","https:\/\/www.capterra.com\/p\/10006800\/TalkPal\/"],"description":"Talkpal is a language learning web and mobile education app, powered by the latest AI technologies, that provides engaging experiences to its customers in many different languages to help them improve their language skills. Users can chat about unlimited amount of topics with the app and use other modes to practice their language learning.","email":"support@talkpal.ai","legalName":"Talkpal, Inc.","foundingDate":"2023-04-03","duns":"118989042","numberOfEmployees":{"@type":"QuantitativeValue","minValue":"11","maxValue":"50"},"publishingPrinciples":"https:\/\/talkpal.ai\/publishing-principles\/","actionableFeedbackPolicy":"https:\/\/talkpal.ai\/actionable-feedback-policy\/","correctionsPolicy":"https:\/\/talkpal.ai\/corrections-policy\/","ethicsPolicy":"https:\/\/talkpal.ai\/ethics-policy\/","diversityPolicy":"https:\/\/talkpal.ai\/diversity-policy\/","diversityStaffingReport":"https:\/\/talkpal.ai\/diversity-policy\/"}]}},"_links":{"self":[{"href":"https:\/\/talkpal.ai\/gl\/wp-json\/wp\/v2\/pages\/135840","targetHints":{"allow":["GET"]}}],"collection":[{"href":"https:\/\/talkpal.ai\/gl\/wp-json\/wp\/v2\/pages"}],"about":[{"href":"https:\/\/talkpal.ai\/gl\/wp-json\/wp\/v2\/types\/page"}],"author":[{"embeddable":true,"href":"https:\/\/talkpal.ai\/gl\/wp-json\/wp\/v2\/users\/6"}],"replies":[{"embeddable":true,"href":"https:\/\/talkpal.ai\/gl\/wp-json\/wp\/v2\/comments?post=135840"}],"version-history":[{"count":0,"href":"https:\/\/talkpal.ai\/gl\/wp-json\/wp\/v2\/pages\/135840\/revisions"}],"wp:featuredmedia":[{"embeddable":true,"href":"https:\/\/talkpal.ai\/gl\/wp-json\/wp\/v2\/media\/108740"}],"wp:attachment":[{"href":"https:\/\/talkpal.ai\/gl\/wp-json\/wp\/v2\/media?parent=135840"}],"curies":[{"name":"wp","href":"https:\/\/api.w.org\/{rel}","templated":true}]}}