{"id":134444,"date":"2023-06-16T10:15:21","date_gmt":"2023-06-16T10:15:21","guid":{"rendered":"http:\/\/talkpal.ai\/exercicios-de-gramatica-hindi\/"},"modified":"2025-12-17T16:18:44","modified_gmt":"2025-12-17T16:18:44","slug":"exercicios-de-gramatica-hindi","status":"publish","type":"page","link":"https:\/\/talkpal.ai\/gl\/exercicios-de-gramatica-hindi\/","title":{"rendered":"Exercicios de gram\u00e1tica hindi"},"content":{"rendered":"\r\n\r\n\r\n<section class=\"languageChallengeSection\">\r\n    <div class=\"languageInfoWrapper\">\r\n        \r\n        <h1>Exercicios de gram\u00e1tica hindi<\/h1>\r\n        <p>Queres ga\u00f1ar m\u00e1is confianza en <a href=\"https:\/\/talkpal.ai\/learn-hindi\/\">hindi<\/a>? Practicar exercicios de gram\u00e1tica \u00e9 unha boa maneira de dominar a estrutura das frases, as formas verbais e os patr\u00f3ns \u00fanicos da lingua hindi. Comeza a traballar na <a href=\"https:\/\/talkpal.ai\/es\/gramatica-hindi\/\">gram\u00e1tica hindi<\/a> hoxe mesmo e observa como a t\u00faa comprensi\u00f3n e fluidez medran con cada exercicio!\n\n<\/p>\r\n\r\n                            <a class=\"getStartedHidden\" href=\"https:\/\/app.talkpal.ai\/signup?lng=\">Empeza<\/a>\r\n        \r\n    <\/div>\r\n\r\n    <figure>\r\n    <img decoding=\"async\" width=\"768\" height=\"768\" src=\"https:\/\/talkpal.ai\/wp-content\/uploads\/2023\/06\/hindi-768x768.png\" class=\"languageImage no-lazy\" alt=\"Language learning for mental agility\" fetchpriority=\"high\" sizes=\"(max-width: 768px) 150px, 768px\" srcset=\"https:\/\/talkpal.ai\/wp-content\/uploads\/2023\/06\/hindi-768x768.png 768w, https:\/\/talkpal.ai\/wp-content\/uploads\/2023\/06\/hindi-300x300.png 300w\" \/>\r\n    \r\n\r\n    <\/figure>\r\n\r\n            <a class=\"getStartedVisible\" href=\"https:\/\/app.talkpal.ai\/signup?lng=\">Empeza<\/a>\r\n    \r\n<\/section>\r\n\r\n\r\n<!-- <section class=\"grammarSection\">\r\n    <div class=\"grammarLinks\">\r\n            <\/div>\r\n<\/section> -->\r\n\r\n\r\n\r\n\r\n<section class=\"promotionalBanner\">\r\n    <p class=\"promotionalText\">A forma m\u00e1is eficaz de aprender un idioma<\/p>\r\n    <a class=\"promotionalLink\" href=\"https:\/\/app.talkpal.ai\/signup?lng=\">Proba Talkpal de balde<\/a>\r\n<\/section>\n<div class=\"wp-block-group pageContainerStyle\"><div class=\"wp-block-group__inner-container is-layout-constrained wp-block-group-is-layout-constrained\">\n<h2 class=\"wp-block-heading\" id=\"h-hindi-grammar-topics\">Temas de gram\u00e1tica hindi<\/h2>\n\n\n\n<p>Aprender un <a href=\"https:\/\/talkpal.ai\/talkpal-new-years-discount\/\">novo<\/a> idioma pode ser unha experiencia estimulante pero desafiante, especialmente cando se trata de comprender e dominar a s\u00faa gram\u00e1tica. O hindi, sendo unha das <a href=\"https:\/\/talkpal.ai\/the-10-most-spoken-languages-in-the-world\/\">linguas m\u00e1is faladas<\/a> do mundo, ofrece unha experiencia ling\u00fc\u00edstica \u00fanica e rica. Mentres te embarcas na t\u00faa viaxe para <a href=\"https:\/\/talkpal.ai\/pt-pt\/aprender-hindi\/\">aprender hindi<\/a>, \u00e9 esencial comprender os temas gramaticais fundamentais que sentar\u00e1n unha base s\u00f3lida para as t\u00faas habilidades ling\u00fc\u00edsticas. Esta gu\u00eda presentarache os temas clave de gram\u00e1tica hindi, agrupados nunha secuencia que facilitar\u00e1 o teu proceso de <a href=\"https:\/\/talkpal.ai\/gl\/aprendizaxe\/\">aprendizaxe<\/a>.<\/p>\n\n\n\n<h3 class=\"wp-block-heading\" id=\"h-1-nouns\">1. Substantivos:<\/h3>\n\n\n\n<p>Comeza a t\u00faa viaxe de aprendizaxe en hindi cos substantivos, xa que son os bloques de construci\u00f3n de calquera lingua. En hindi, os substantivos clasif\u00edcanse en dous x\u00e9neros (masculino e feminino) e poden ser singular ou plural. Comprender os conceptos b\u00e1sicos dos substantivos hindi axudar\u00e1 a formar frases e frases sinxelas.<\/p>\n\n\n\n<h3 class=\"wp-block-heading\" id=\"h-2-pronouns\">2. Pronomes:<\/h3>\n\n\n\n<p>Os pronomes substit\u00faen os substantivos nunha oraci\u00f3n e axudan a evitar a repetici\u00f3n. Os pronomes hindi div\u00eddense en tres categor\u00edas: persoais, demostrativos e interrogativos. Familiarizarse coas diferentes formas de pronomes para mellorar as s\u00faas habilidades comunicativas.<\/p>\n\n\n\n<h3 class=\"wp-block-heading\" id=\"h-3-adjectives\">3. Adxectivos:<\/h3>\n\n\n\n<p>Os adxectivos describen as calidades dos substantivos e dos pronomes. En hindi, os adxectivos coinciden co substantivo que describen en x\u00e9nero e n\u00famero. Aprender adxectivos permitirache expresar os teus pensamentos e opini\u00f3ns de forma m\u00e1is viva.<\/p>\n\n\n\n<h3 class=\"wp-block-heading\" id=\"h-4-verbs\">4. Verbos:<\/h3>\n\n\n\n<p>Os verbos denotan acci\u00f3ns ou estados de ser. Os verbos hindi te\u00f1en tres tempos principais: pasado, <a href=\"https:\/\/talkpal.ai\/zh-hans\/grammar_exercises\/presente-%e8%a5%bf%e7%8f%ad%e7%89%99%e8%af%ad%e6%b3%95%e7%bb%83%e4%b9%a0\/\">presente<\/a> e futuro, e poden ser indicativos ou subxuntivos. Adquirir unha comprensi\u00f3n s\u00f3lida dos verbos hindi e das s\u00faas conxugaci\u00f3ns permitirache expresar acci\u00f3ns e eventos con precisi\u00f3n.<\/p>\n\n\n\n<h3 class=\"wp-block-heading\" id=\"h-5-tenses-indicative\">5. Tempos de indicativo:<\/h3>\n\n\n\n<p>Os tempos indicativos en hindi expresan feitos ou certezas e \u00fasanse nas conversas coti\u00e1s. Aprende as regras e as conxugaci\u00f3ns dos tempos de indicativo pasado, presente e futuro para comunicarse con claridade e eficacia.<\/p>\n\n\n\n<h3 class=\"wp-block-heading\" id=\"h-6-tenses-subjunctive\">6. Tempos Subxuntivo:<\/h3>\n\n\n\n<p>Os tempos subxuntivos en hindi representan acci\u00f3ns ou acontecementos que son incertos, hipot\u00e9ticos ou contrarios aos feitos. Dominar o modo de subxuntivo permitirache expresar d\u00fabidas, posibilidades e desexos.<\/p>\n\n\n\n<h3 class=\"wp-block-heading\" id=\"h-7-tense-comparison\">7. Comparaci\u00f3n de tempo:<\/h3>\n\n\n\n<p>Comparar diferentes tempos en hindi ax\u00fadache a comprender as relaci\u00f3ns entre acci\u00f3ns e acontecementos no tempo. Practicar a formaci\u00f3n de oraci\u00f3ns utilizando diversos tempos para desenvolver unha comprensi\u00f3n completa das relaci\u00f3ns temporais.<\/p>\n\n\n\n<h3 class=\"wp-block-heading\" id=\"h-8-adverbs\">8. Adverbios:<\/h3>\n\n\n\n<p>Os adverbios modifican verbos, adxectivos ou outros adverbios e proporcionan informaci\u00f3n adicional sobre acci\u00f3ns ou calidades. Aprende adverbios hindi com\u00fans e a s\u00faa colocaci\u00f3n nas frases para mellorar as t\u00faas habilidades descritivas.<\/p>\n\n\n\n<h3 class=\"wp-block-heading\" id=\"h-9-prepositions\">9. Preposici\u00f3ns:<\/h3>\n\n\n\n<p>As preposici\u00f3ns en hindi conectan substantivos, pronomes ou frases con outras palabras nunha oraci\u00f3n. Indican relaci\u00f3ns como localizaci\u00f3n, tempo e direcci\u00f3n. Familiar\u00edcese coas preposici\u00f3ns hindi e o seu uso para crear frases m\u00e1is complexas.<\/p>\n\n\n\n<h3 class=\"wp-block-heading\" id=\"h-10-articles\">10. Artigos:<\/h3>\n\n\n\n<p>O hindi non ten artigos como o ingl\u00e9s (the, a, an), pero usa posposici\u00f3ns para transmitir significados similares. Comprender o uso das posposici\u00f3ns en hindi axudarache a transmitir correctamente a definici\u00f3n e a indefinici\u00f3n das t\u00faas frases.<\/p>\n\n\n\n<h3 class=\"wp-block-heading\" id=\"h-11-sentence-structure\">11. Estrutura da oraci\u00f3n:<\/h3>\n\n\n\n<p>Finalmente, aprende a estrutura b\u00e1sica da frase en hindi, que segue un patr\u00f3n suxeito-obxecto-verbo (SOV). Comprender a estrutura das frases en hindi permitirache comunicarte de forma eficaz e con claridade.<\/p>\n\n\n\n<p>Seguindo esta secuencia de temas gramaticais hindi, estar\u00e1s ben equipado para comprender, falar e escribir en hindi, o que che permitir\u00e1 mergullarche por completo na rica cultura e tradici\u00f3ns das rexi\u00f3ns de fala hindi.<\/p>\n<\/div><\/div>\n\r\n<section class=\"learnNavigationSection\">\r\n            \r\n        <a href=\"https:\/\/talkpal.ai\/gl\/aprende-hindi\/\">\r\n            <div class=\"learnNavigationWrapper\">\r\n                <div class=\"learnNavigationContent\">\r\n                    <img decoding=\"async\" src=\"https:\/\/talkpal.ai\/wp-content\/uploads\/2024\/08\/Hindi.jpg\" alt=\"Indian Flag\">\r\n                    <div>\r\n                        <h4>Sobre a aprendizaxe do hindi<\/h4>\r\n                        <p>Descubre todo sobre a gram\u00e1tica hindi.<\/p>\r\n                    <\/div>\r\n                <\/div>\r\n            <\/div>\r\n        <\/a>\r\n\r\n        \r\n        <a href=\"https:\/\/talkpal.ai\/gl\/gramatica-hindi\/\">\r\n            <div class=\"learnNavigationWrapper\">\r\n                <div class=\"learnNavigationContent\">\r\n                    <img decoding=\"async\" src=\"https:\/\/talkpal.ai\/wp-content\/uploads\/2024\/08\/Hindi.jpg\" alt=\"Indian Flag\">\r\n                    <div>\r\n                        <h4>Clases de gram\u00e1tica hindi<\/h4>\r\n                        <p>Practica a gram\u00e1tica hindi .<\/p>\r\n                    <\/div>\r\n                <\/div>\r\n            <\/div>\r\n        <\/a>\r\n\r\n        \r\n        <a href=\"https:\/\/talkpal.ai\/vocabulary_language\/hindi\/\">\r\n            <div class=\"learnNavigationWrapper\">\r\n                <div class=\"learnNavigationContent\">\r\n                    <img decoding=\"async\" src=\"https:\/\/talkpal.ai\/wp-content\/uploads\/2024\/08\/Hindi.jpg\" alt=\"Indian Flag\">\r\n                    <div>\r\n                        <h4>Vocabulario hindi<\/h4>\r\n                        <p>Ampl\u00eda o teu vocabulario hindi.<\/p>\r\n                    <\/div>\r\n                <\/div>\r\n            <\/div>\r\n        <\/a>\r\n\r\n            <\/section>","protected":false},"excerpt":{"rendered":"<p>Temas de gram\u00e1tica hindi Aprender un novo idioma pode ser unha experiencia estimulante pero desafiante, especialmente cando se trata de comprender e dominar a s\u00faa gram\u00e1tica. O hindi, sendo unha das linguas m\u00e1is faladas do mundo, ofrece unha experiencia ling\u00fc\u00edstica \u00fanica e rica. Mentres te embarcas na t\u00faa viaxe para aprender hindi, \u00e9 esencial comprender [&hellip;]<\/p>\n","protected":false},"author":6,"featured_media":188206,"parent":0,"menu_order":0,"comment_status":"closed","ping_status":"closed","template":"LearningContentPage.php","meta":{"_acf_changed":false,"footnotes":""},"class_list":["post-134444","page","type-page","status-publish","has-post-thumbnail","hentry"],"acf":[],"yoast_head":"<!-- This site is optimized with the Yoast SEO Premium plugin v27.2 (Yoast SEO v27.2) - https:\/\/yoast.com\/product\/yoast-seo-premium-wordpress\/ -->\n<title>Exercicios de gram\u00e1tica hindi - Talkpal<\/title>\n<meta name=\"description\" content=\"Practica a gram\u00e1tica hindi facilmente: proba exercicios interactivos para mellorar as t\u00faas habilidades e aprender m\u00e1is r\u00e1pido con Talkpal AI.\" \/>\n<meta name=\"robots\" content=\"index, follow, max-snippet:-1, max-image-preview:large, max-video-preview:-1\" \/>\n<link rel=\"canonical\" href=\"https:\/\/talkpal.ai\/gl\/exercicios-de-gramatica-hindi\/\" \/>\n<meta property=\"og:locale\" content=\"gl_ES\" \/>\n<meta property=\"og:type\" content=\"article\" \/>\n<meta property=\"og:title\" content=\"Exercicios de gram\u00e1tica hindi\" \/>\n<meta property=\"og:description\" content=\"Temas de gram\u00e1tica hindi Aprender un novo idioma pode ser unha experiencia estimulante pero desafiante, especialmente cando se trata de comprender e\" \/>\n<meta property=\"og:url\" content=\"https:\/\/talkpal.ai\/gl\/exercicios-de-gramatica-hindi\/\" \/>\n<meta property=\"og:site_name\" content=\"Talkpal\" \/>\n<meta property=\"article:publisher\" content=\"https:\/\/www.facebook.com\/profile.php?id=100090733639311\" \/>\n<meta property=\"article:modified_time\" content=\"2025-12-17T16:18:44+00:00\" \/>\n<meta property=\"og:image\" content=\"https:\/\/talkpal.ai\/wp-content\/uploads\/2024\/02\/india.png\" \/>\n\t<meta property=\"og:image:width\" content=\"517\" \/>\n\t<meta property=\"og:image:height\" content=\"517\" \/>\n\t<meta property=\"og:image:type\" content=\"image\/png\" \/>\n<meta name=\"twitter:card\" content=\"summary_large_image\" \/>\n<meta name=\"twitter:site\" content=\"@talkpalai\" \/>\n<meta name=\"twitter:label1\" content=\"Tempo de lectura\" \/>\n\t<meta name=\"twitter:data1\" content=\"3 minutos\" \/>\n<script type=\"application\/ld+json\" class=\"yoast-schema-graph\">{\"@context\":\"https:\/\/schema.org\",\"@graph\":[{\"@type\":\"WebPage\",\"@id\":\"https:\/\/talkpal.ai\/gl\/exercicios-de-gramatica-hindi\/\",\"url\":\"https:\/\/talkpal.ai\/gl\/exercicios-de-gramatica-hindi\/\",\"name\":\"Exercicios de gram\u00e1tica hindi - Talkpal\",\"isPartOf\":{\"@id\":\"https:\/\/talkpal.ai\/gl\/#website\"},\"primaryImageOfPage\":{\"@id\":\"https:\/\/talkpal.ai\/gl\/exercicios-de-gramatica-hindi\/#primaryimage\"},\"image\":{\"@id\":\"https:\/\/talkpal.ai\/gl\/exercicios-de-gramatica-hindi\/#primaryimage\"},\"thumbnailUrl\":\"https:\/\/talkpal.ai\/wp-content\/uploads\/2024\/02\/india.png\",\"datePublished\":\"2023-06-16T10:15:21+00:00\",\"dateModified\":\"2025-12-17T16:18:44+00:00\",\"description\":\"Practica a gram\u00e1tica hindi facilmente: proba exercicios interactivos para mellorar as t\u00faas habilidades e aprender m\u00e1is r\u00e1pido con Talkpal AI.\",\"breadcrumb\":{\"@id\":\"https:\/\/talkpal.ai\/gl\/exercicios-de-gramatica-hindi\/#breadcrumb\"},\"inLanguage\":\"gl-ES\",\"potentialAction\":[{\"@type\":\"ReadAction\",\"target\":[\"https:\/\/talkpal.ai\/gl\/exercicios-de-gramatica-hindi\/\"]}]},{\"@type\":\"ImageObject\",\"inLanguage\":\"gl-ES\",\"@id\":\"https:\/\/talkpal.ai\/gl\/exercicios-de-gramatica-hindi\/#primaryimage\",\"url\":\"https:\/\/talkpal.ai\/wp-content\/uploads\/2024\/02\/india.png\",\"contentUrl\":\"https:\/\/talkpal.ai\/wp-content\/uploads\/2024\/02\/india.png\",\"width\":517,\"height\":517,\"caption\":\"TalkPal Indian Flag\"},{\"@type\":\"BreadcrumbList\",\"@id\":\"https:\/\/talkpal.ai\/gl\/exercicios-de-gramatica-hindi\/#breadcrumb\",\"itemListElement\":[{\"@type\":\"ListItem\",\"position\":1,\"name\":\"Homepage\",\"item\":\"https:\/\/talkpal.ai\/gl\/\"},{\"@type\":\"ListItem\",\"position\":2,\"name\":\"Exercicios de gram\u00e1tica hindi\"}]},{\"@type\":\"WebSite\",\"@id\":\"https:\/\/talkpal.ai\/gl\/#website\",\"url\":\"https:\/\/talkpal.ai\/gl\/\",\"name\":\"Talkpal\",\"description\":\"AI Language Learning\",\"publisher\":{\"@id\":\"https:\/\/talkpal.ai\/gl\/#organization\"},\"alternateName\":\"Talkpal AI\",\"potentialAction\":[{\"@type\":\"SearchAction\",\"target\":{\"@type\":\"EntryPoint\",\"urlTemplate\":\"https:\/\/talkpal.ai\/gl\/?s={search_term_string}\"},\"query-input\":{\"@type\":\"PropertyValueSpecification\",\"valueRequired\":true,\"valueName\":\"search_term_string\"}}],\"inLanguage\":\"gl-ES\"},{\"@type\":\"Organization\",\"@id\":\"https:\/\/talkpal.ai\/gl\/#organization\",\"name\":\"Talkpal, Inc.\",\"alternateName\":\"Talkpal AI\",\"url\":\"https:\/\/talkpal.ai\/gl\/\",\"logo\":{\"@type\":\"ImageObject\",\"inLanguage\":\"gl-ES\",\"@id\":\"https:\/\/talkpal.ai\/gl\/#\/schema\/logo\/image\/\",\"url\":\"https:\/\/talkpal.ai\/wp-content\/uploads\/2024\/03\/Talkpal-Logo-Icon.png\",\"contentUrl\":\"https:\/\/talkpal.ai\/wp-content\/uploads\/2024\/03\/Talkpal-Logo-Icon.png\",\"width\":2880,\"height\":2880,\"caption\":\"Talkpal, Inc.\"},\"image\":{\"@id\":\"https:\/\/talkpal.ai\/gl\/#\/schema\/logo\/image\/\"},\"sameAs\":[\"https:\/\/www.facebook.com\/profile.php?id=100090733639311\",\"https:\/\/x.com\/talkpalai\",\"https:\/\/www.linkedin.com\/company\/talkpal\/\",\"https:\/\/www.youtube.com\/@TalkPal\/\",\"https:\/\/www.tiktok.com\/@talkpal\",\"https:\/\/www.instagram.com\/talkpal_ai\/\",\"https:\/\/www.crunchbase.com\/organization\/talkpal-9cde\",\"https:\/\/www.g2.com\/products\/talkpal-for-business\/\",\"https:\/\/www.trustpilot.com\/review\/talkpal.ai\",\"https:\/\/www.capterra.com\/p\/10006800\/TalkPal\/\"],\"description\":\"Talkpal is a language learning web and mobile education app, powered by the latest AI technologies, that provides engaging experiences to its customers in many different languages to help them improve their language skills. Users can chat about unlimited amount of topics with the app and use other modes to practice their language learning.\",\"email\":\"support@talkpal.ai\",\"legalName\":\"Talkpal, Inc.\",\"foundingDate\":\"2023-04-03\",\"duns\":\"118989042\",\"numberOfEmployees\":{\"@type\":\"QuantitativeValue\",\"minValue\":\"11\",\"maxValue\":\"50\"},\"publishingPrinciples\":\"https:\/\/talkpal.ai\/publishing-principles\/\",\"actionableFeedbackPolicy\":\"https:\/\/talkpal.ai\/actionable-feedback-policy\/\",\"correctionsPolicy\":\"https:\/\/talkpal.ai\/corrections-policy\/\",\"ethicsPolicy\":\"https:\/\/talkpal.ai\/ethics-policy\/\",\"diversityPolicy\":\"https:\/\/talkpal.ai\/diversity-policy\/\",\"diversityStaffingReport\":\"https:\/\/talkpal.ai\/diversity-policy\/\"}]}<\/script>\n<!-- \/ Yoast SEO Premium plugin. -->","yoast_head_json":{"title":"Exercicios de gram\u00e1tica hindi - Talkpal","description":"Practica a gram\u00e1tica hindi facilmente: proba exercicios interactivos para mellorar as t\u00faas habilidades e aprender m\u00e1is r\u00e1pido con Talkpal AI.","robots":{"index":"index","follow":"follow","max-snippet":"max-snippet:-1","max-image-preview":"max-image-preview:large","max-video-preview":"max-video-preview:-1"},"canonical":"https:\/\/talkpal.ai\/gl\/exercicios-de-gramatica-hindi\/","og_locale":"gl_ES","og_type":"article","og_title":"Exercicios de gram\u00e1tica hindi","og_description":"Temas de gram\u00e1tica hindi Aprender un novo idioma pode ser unha experiencia estimulante pero desafiante, especialmente cando se trata de comprender e","og_url":"https:\/\/talkpal.ai\/gl\/exercicios-de-gramatica-hindi\/","og_site_name":"Talkpal","article_publisher":"https:\/\/www.facebook.com\/profile.php?id=100090733639311","article_modified_time":"2025-12-17T16:18:44+00:00","og_image":[{"width":517,"height":517,"url":"https:\/\/talkpal.ai\/wp-content\/uploads\/2024\/02\/india.png","type":"image\/png"}],"twitter_card":"summary_large_image","twitter_site":"@talkpalai","twitter_misc":{"Tempo de lectura":"3 minutos"},"schema":{"@context":"https:\/\/schema.org","@graph":[{"@type":"WebPage","@id":"https:\/\/talkpal.ai\/gl\/exercicios-de-gramatica-hindi\/","url":"https:\/\/talkpal.ai\/gl\/exercicios-de-gramatica-hindi\/","name":"Exercicios de gram\u00e1tica hindi - Talkpal","isPartOf":{"@id":"https:\/\/talkpal.ai\/gl\/#website"},"primaryImageOfPage":{"@id":"https:\/\/talkpal.ai\/gl\/exercicios-de-gramatica-hindi\/#primaryimage"},"image":{"@id":"https:\/\/talkpal.ai\/gl\/exercicios-de-gramatica-hindi\/#primaryimage"},"thumbnailUrl":"https:\/\/talkpal.ai\/wp-content\/uploads\/2024\/02\/india.png","datePublished":"2023-06-16T10:15:21+00:00","dateModified":"2025-12-17T16:18:44+00:00","description":"Practica a gram\u00e1tica hindi facilmente: proba exercicios interactivos para mellorar as t\u00faas habilidades e aprender m\u00e1is r\u00e1pido con Talkpal AI.","breadcrumb":{"@id":"https:\/\/talkpal.ai\/gl\/exercicios-de-gramatica-hindi\/#breadcrumb"},"inLanguage":"gl-ES","potentialAction":[{"@type":"ReadAction","target":["https:\/\/talkpal.ai\/gl\/exercicios-de-gramatica-hindi\/"]}]},{"@type":"ImageObject","inLanguage":"gl-ES","@id":"https:\/\/talkpal.ai\/gl\/exercicios-de-gramatica-hindi\/#primaryimage","url":"https:\/\/talkpal.ai\/wp-content\/uploads\/2024\/02\/india.png","contentUrl":"https:\/\/talkpal.ai\/wp-content\/uploads\/2024\/02\/india.png","width":517,"height":517,"caption":"TalkPal Indian Flag"},{"@type":"BreadcrumbList","@id":"https:\/\/talkpal.ai\/gl\/exercicios-de-gramatica-hindi\/#breadcrumb","itemListElement":[{"@type":"ListItem","position":1,"name":"Homepage","item":"https:\/\/talkpal.ai\/gl\/"},{"@type":"ListItem","position":2,"name":"Exercicios de gram\u00e1tica hindi"}]},{"@type":"WebSite","@id":"https:\/\/talkpal.ai\/gl\/#website","url":"https:\/\/talkpal.ai\/gl\/","name":"Talkpal","description":"AI Language Learning","publisher":{"@id":"https:\/\/talkpal.ai\/gl\/#organization"},"alternateName":"Talkpal AI","potentialAction":[{"@type":"SearchAction","target":{"@type":"EntryPoint","urlTemplate":"https:\/\/talkpal.ai\/gl\/?s={search_term_string}"},"query-input":{"@type":"PropertyValueSpecification","valueRequired":true,"valueName":"search_term_string"}}],"inLanguage":"gl-ES"},{"@type":"Organization","@id":"https:\/\/talkpal.ai\/gl\/#organization","name":"Talkpal, Inc.","alternateName":"Talkpal AI","url":"https:\/\/talkpal.ai\/gl\/","logo":{"@type":"ImageObject","inLanguage":"gl-ES","@id":"https:\/\/talkpal.ai\/gl\/#\/schema\/logo\/image\/","url":"https:\/\/talkpal.ai\/wp-content\/uploads\/2024\/03\/Talkpal-Logo-Icon.png","contentUrl":"https:\/\/talkpal.ai\/wp-content\/uploads\/2024\/03\/Talkpal-Logo-Icon.png","width":2880,"height":2880,"caption":"Talkpal, Inc."},"image":{"@id":"https:\/\/talkpal.ai\/gl\/#\/schema\/logo\/image\/"},"sameAs":["https:\/\/www.facebook.com\/profile.php?id=100090733639311","https:\/\/x.com\/talkpalai","https:\/\/www.linkedin.com\/company\/talkpal\/","https:\/\/www.youtube.com\/@TalkPal\/","https:\/\/www.tiktok.com\/@talkpal","https:\/\/www.instagram.com\/talkpal_ai\/","https:\/\/www.crunchbase.com\/organization\/talkpal-9cde","https:\/\/www.g2.com\/products\/talkpal-for-business\/","https:\/\/www.trustpilot.com\/review\/talkpal.ai","https:\/\/www.capterra.com\/p\/10006800\/TalkPal\/"],"description":"Talkpal is a language learning web and mobile education app, powered by the latest AI technologies, that provides engaging experiences to its customers in many different languages to help them improve their language skills. Users can chat about unlimited amount of topics with the app and use other modes to practice their language learning.","email":"support@talkpal.ai","legalName":"Talkpal, Inc.","foundingDate":"2023-04-03","duns":"118989042","numberOfEmployees":{"@type":"QuantitativeValue","minValue":"11","maxValue":"50"},"publishingPrinciples":"https:\/\/talkpal.ai\/publishing-principles\/","actionableFeedbackPolicy":"https:\/\/talkpal.ai\/actionable-feedback-policy\/","correctionsPolicy":"https:\/\/talkpal.ai\/corrections-policy\/","ethicsPolicy":"https:\/\/talkpal.ai\/ethics-policy\/","diversityPolicy":"https:\/\/talkpal.ai\/diversity-policy\/","diversityStaffingReport":"https:\/\/talkpal.ai\/diversity-policy\/"}]}},"_links":{"self":[{"href":"https:\/\/talkpal.ai\/gl\/wp-json\/wp\/v2\/pages\/134444","targetHints":{"allow":["GET"]}}],"collection":[{"href":"https:\/\/talkpal.ai\/gl\/wp-json\/wp\/v2\/pages"}],"about":[{"href":"https:\/\/talkpal.ai\/gl\/wp-json\/wp\/v2\/types\/page"}],"author":[{"embeddable":true,"href":"https:\/\/talkpal.ai\/gl\/wp-json\/wp\/v2\/users\/6"}],"replies":[{"embeddable":true,"href":"https:\/\/talkpal.ai\/gl\/wp-json\/wp\/v2\/comments?post=134444"}],"version-history":[{"count":0,"href":"https:\/\/talkpal.ai\/gl\/wp-json\/wp\/v2\/pages\/134444\/revisions"}],"wp:featuredmedia":[{"embeddable":true,"href":"https:\/\/talkpal.ai\/gl\/wp-json\/wp\/v2\/media\/188206"}],"wp:attachment":[{"href":"https:\/\/talkpal.ai\/gl\/wp-json\/wp\/v2\/media?parent=134444"}],"curies":[{"name":"wp","href":"https:\/\/api.w.org\/{rel}","templated":true}]}}