{"id":133184,"date":"2023-06-16T09:41:10","date_gmt":"2023-06-16T09:41:10","guid":{"rendered":"http:\/\/talkpal.ai\/exercicios-de-gramatica-holandesa\/"},"modified":"2025-12-17T15:28:40","modified_gmt":"2025-12-17T15:28:40","slug":"exercicios-de-gramatica-holandesa","status":"publish","type":"page","link":"https:\/\/talkpal.ai\/gl\/exercicios-de-gramatica-holandesa\/","title":{"rendered":"Exercicios de gram\u00e1tica holandesa"},"content":{"rendered":"\r\n\r\n\r\n<section class=\"languageChallengeSection\">\r\n    <div class=\"languageInfoWrapper\">\r\n        \r\n        <h1>Exercicios de gram\u00e1tica holandesa<\/h1>\r\n        <p>Queres ga\u00f1ar m\u00e1is confianza en neerland\u00e9s? Practicar exercicios de gram\u00e1tica \u00e9 unha boa maneira de dominar a estrutura das frases, as conxugaci\u00f3ns verbais e os patr\u00f3ns \u00fanicos da lingua neerlandesa. Comeza a traballar a gram\u00e1tica neerlandesa hoxe mesmo e observa <a href=\"https:\/\/talkpal.ai\/locations\/language-courses-in-como\/\">como<\/a> as t\u00faas habilidades e fluidez medran con cada exercicio!\n\n<\/p>\r\n\r\n                            <a class=\"getStartedHidden\" href=\"https:\/\/app.talkpal.ai\/signup?lng=\">Empeza<\/a>\r\n        \r\n    <\/div>\r\n\r\n    <figure>\r\n    <img decoding=\"async\" width=\"768\" height=\"768\" src=\"https:\/\/talkpal.ai\/wp-content\/uploads\/2023\/06\/Dutch-768x768.png\" class=\"languageImage no-lazy\" alt=\"Developing skills through language learning\" fetchpriority=\"high\" sizes=\"(max-width: 768px) 150px, 768px\" srcset=\"https:\/\/talkpal.ai\/wp-content\/uploads\/2023\/06\/Dutch-768x768.png 768w, https:\/\/talkpal.ai\/wp-content\/uploads\/2023\/06\/Dutch-300x300.png 300w\" \/>\r\n    \r\n\r\n    <\/figure>\r\n\r\n            <a class=\"getStartedVisible\" href=\"https:\/\/app.talkpal.ai\/signup?lng=\">Empeza<\/a>\r\n    \r\n<\/section>\r\n\r\n\r\n<!-- <section class=\"grammarSection\">\r\n    <div class=\"grammarLinks\">\r\n            <\/div>\r\n<\/section> -->\r\n\r\n\r\n\r\n\r\n<section class=\"promotionalBanner\">\r\n    <p class=\"promotionalText\">A forma m\u00e1is eficaz de aprender un idioma<\/p>\r\n    <a class=\"promotionalLink\" href=\"https:\/\/app.talkpal.ai\/signup?lng=\">Proba Talkpal de balde<\/a>\r\n<\/section>\n<div class=\"wp-block-group pageContainerStyle\"><div class=\"wp-block-group__inner-container is-layout-constrained wp-block-group-is-layout-constrained\">\n<h2 class=\"wp-block-heading\" id=\"h-dutch-grammar-topics\">Temas de gram\u00e1tica holandesa<\/h2>\n\n\n\n<p><a href=\"https:\/\/talkpal.ai\/es\/las-mejores-apps-para-aprender-holandes-gratis-y-facilmente\/\">Aprender holand\u00e9s<\/a> pode ser unha experiencia emocionante e gratificante, xa que abre a porta a unha rica cultura, historia e oportunidades de crecemento persoal e profesional. A lingua holandesa, a\u00ednda que est\u00e1 moi relacionada co <a href=\"https:\/\/talkpal.ai\/es\/locations\/aprende-ingles-en-orange\/\">ingl\u00e9s<\/a> e o <a href=\"https:\/\/talkpal.ai\/learn-german\/\">alem\u00e1n<\/a>, ten as s\u00faas propias regras gramaticais e estruturas \u00fanicas, o que pode parecer un desaf\u00edo ao principio. Non obstante, con dedicaci\u00f3n e o enfoque correcto, pode dominar o idioma <a href=\"https:\/\/talkpal.ai\/learn-dutch\/\">holand\u00e9s<\/a> e comunicarse con fluidez con falantes nativos. Nesta gu\u00eda, exploraremos alg\u00fans temas esenciais de <a href=\"https:\/\/talkpal.ai\/es\/gramatica-holandesa\/\">gram\u00e1tica holandesa<\/a>, agrupados nunha secuencia que che axudar\u00e1 a aprender a lingua de forma sistem\u00e1tica e eficiente.<\/p>\n\n\n\n<h3 class=\"wp-block-heading\" id=\"h-1-nouns-and-articles\">1. Substantivos e artigos:<\/h3>\n\n\n\n<p>Comeza familiariz\u00e1ndose cos substantivos holandeses e a s\u00faa clasificaci\u00f3n de x\u00e9nero (com\u00fan e neutro). Co\u00f1ecer os artigos determinados e indefinidos que os acompa\u00f1an, as\u00ed como as formas do plural e as terminaci\u00f3ns do diminutivo.<\/p>\n\n\n\n<h3 class=\"wp-block-heading\" id=\"h-2-adjectives\">2. Adxectivos:<\/h3>\n\n\n\n<p>A continuaci\u00f3n, estuda as regras para a concordancia dos adxectivos cos substantivos en termos de x\u00e9nero, n\u00famero e presenza de <a href=\"https:\/\/talkpal.ai\/hi\/grammar_exercises\/articulos-%e0%a4%b8%e0%a5%8d%e0%a4%aa%e0%a5%87%e0%a4%a8%e0%a4%bf%e0%a4%b6-%e0%a4%b5%e0%a5%8d%e0%a4%af%e0%a4%be%e0%a4%95%e0%a4%b0%e0%a4%a3-%e0%a4%95%e0%a5%87-%e0%a4%b2%e0%a4%bf%e0%a4%8f-%e0%a4%b5\/\">artigos definidos<\/a>. Aprende como se flexionan os adxectivos en funci\u00f3n destes factores e como usar as <a href=\"https:\/\/talkpal.ai\/ar\/grammar_exercises\/formas-comparativas-%d8%aa%d9%85%d8%a7%d8%b1%d9%8a%d9%86-%d9%84%d9%82%d9%88%d8%a7%d8%b9%d8%af-%d8%a7%d9%84%d9%84%d8%ba%d8%a9-%d8%a7%d9%84%d8%a5%d8%b3%d8%a8%d8%a7%d9%86%d9%8a%d8%a9\/\">formas comparativas<\/a> e superlativas.<\/p>\n\n\n\n<h3 class=\"wp-block-heading\" id=\"h-3-pronouns\">3. Pronomes:<\/h3>\n\n\n\n<p>Merg\u00fallate no mundo dos pronomes holandeses, inclu\u00eddos os pronomes persoais, posesivos, demostrativos, reflexivos e relativos. Comprender como substit\u00faen os substantivos e como concordan con eles en canto a x\u00e9nero e n\u00famero.<\/p>\n\n\n\n<h3 class=\"wp-block-heading\" id=\"h-4-verbs\">4. Verbos:<\/h3>\n\n\n\n<p>Agora, c\u00e9ntrase nos verbos holandeses e nos seus patr\u00f3ns de conxugaci\u00f3n en tempo presente, pasado e futuro. Aprende a diferenza entre verbos fortes, d\u00e9biles e irregulares, e familiar\u00edzate coas regras para formar os tempos perfectos e superperfectos.<\/p>\n\n\n\n<h3 class=\"wp-block-heading\" id=\"h-5-tenses-indicative\">5. Tempos de indicativo:<\/h3>\n\n\n\n<p>Estudar o modo indicativo en holand\u00e9s, que se usa para expresar afirmaci\u00f3ns de feito e probabilidade. Aprende a conxugar verbos en presente, pasado e futuro neste modo, as\u00ed como as formas condicionais e imperativas.<\/p>\n\n\n\n<h3 class=\"wp-block-heading\" id=\"h-6-tenses-subjunctive\">6. Tempos Subxuntivo:<\/h3>\n\n\n\n<p>A\u00ednda que \u00e9 menos com\u00fan no holand\u00e9s moderno, o modo subxuntivo \u00e9 esencial para comprender os textos m\u00e1is antigos e a linguaxe formal. Aprende a formar o modo de subxuntivo en holand\u00e9s e cando usalo.<\/p>\n\n\n\n<h3 class=\"wp-block-heading\" id=\"h-7-tense-comparison\">7. Comparaci\u00f3n de tempo:<\/h3>\n\n\n\n<p>Despois de dominar os distintos tempos, c\u00e9ntrase en comprender as diferenzas e semellanzas entre eles. Aprende a usar correctamente cada tempo no contexto e como interact\u00faan entre si.<\/p>\n\n\n\n<h3 class=\"wp-block-heading\" id=\"h-8-adverbs\">8. Adverbios:<\/h3>\n\n\n\n<p>Estudar os adverbios holandeses e as s\u00faas diversas funci\u00f3ns nas oraci\u00f3ns. Aprende a formar adverbios a partir de adxectivos e a utilizalos para modificar verbos, adxectivos e outros adverbios.<\/p>\n\n\n\n<h3 class=\"wp-block-heading\" id=\"h-9-prepositions\">9. Preposici\u00f3ns:<\/h3>\n\n\n\n<p>Desenvolver unha boa comprensi\u00f3n das preposici\u00f3ns holandesas e do seu uso con substantivos, pronomes e verbos. Aprende como expresan as relaci\u00f3ns no tempo, no espazo e noutros contextos.<\/p>\n\n\n\n<h3 class=\"wp-block-heading\" id=\"h-10-sentence-structure\">10. Estrutura da oraci\u00f3n:<\/h3>\n\n\n\n<p>Finalmente, re\u00faneo todo estudando a estrutura das frases e a orde das palabras en holand\u00e9s. Aprender as regras para constru\u00edr oraci\u00f3ns sinxelas e complexas, inclu\u00edndo oraci\u00f3ns declarativas, interrogativas, imperativas e exclamativas.<\/p>\n\n\n\n<p>Seguindo esta secuencia de temas gramaticais e dedicando tempo a practicar e repasar, estar\u00e1s no cami\u00f1o de dominar a lingua holandesa. Lembra que a coherencia e a paciencia son fundamentais para aprender calquera novo idioma. Moita sorte, e a gozar da viaxe!<\/p>\n<\/div><\/div>\n\r\n<section class=\"learnNavigationSection\">\r\n            \r\n        <a href=\"https:\/\/talkpal.ai\/gl\/aprende-holandes\/\">\r\n            <div class=\"learnNavigationWrapper\">\r\n                <div class=\"learnNavigationContent\">\r\n                    <img decoding=\"async\" src=\"https:\/\/talkpal.ai\/wp-content\/uploads\/2024\/08\/Dutch.jpg\" alt=\"Netherlands Flag\">\r\n                    <div>\r\n                        <h4>Sobre a aprendizaxe do holand\u00e9s<\/h4>\r\n                        <p>Descubre todo sobre a gram\u00e1tica holandesa.<\/p>\r\n                    <\/div>\r\n                <\/div>\r\n            <\/div>\r\n        <\/a>\r\n\r\n        \r\n        <a href=\"https:\/\/talkpal.ai\/gl\/gramatica-holandesa\/\">\r\n            <div class=\"learnNavigationWrapper\">\r\n                <div class=\"learnNavigationContent\">\r\n                    <img decoding=\"async\" src=\"https:\/\/talkpal.ai\/wp-content\/uploads\/2024\/08\/Dutch.jpg\" alt=\"Netherlands Flag\">\r\n                    <div>\r\n                        <h4>Clases de gram\u00e1tica holandesa<\/h4>\r\n                        <p>Practica a gram\u00e1tica holandesa.<\/p>\r\n                    <\/div>\r\n                <\/div>\r\n            <\/div>\r\n        <\/a>\r\n\r\n        \r\n        <a href=\"https:\/\/talkpal.ai\/vocabulary_language\/dutch\/\">\r\n            <div class=\"learnNavigationWrapper\">\r\n                <div class=\"learnNavigationContent\">\r\n                    <img decoding=\"async\" src=\"https:\/\/talkpal.ai\/wp-content\/uploads\/2024\/08\/Dutch.jpg\" alt=\"Netherlands Flag\">\r\n                    <div>\r\n                        <h4>Vocabulario holand\u00e9s<\/h4>\r\n                        <p>Ampl\u00eda o teu vocabulario holand\u00e9s.<\/p>\r\n                    <\/div>\r\n                <\/div>\r\n            <\/div>\r\n        <\/a>\r\n\r\n            <\/section>","protected":false},"excerpt":{"rendered":"<p>Temas de gram\u00e1tica holandesa Aprender holand\u00e9s pode ser unha experiencia emocionante e gratificante, xa que abre a porta a unha rica cultura, historia e oportunidades de crecemento persoal e profesional. A lingua holandesa, a\u00ednda que est\u00e1 moi relacionada co ingl\u00e9s e o alem\u00e1n, ten as s\u00faas propias regras gramaticais e estruturas \u00fanicas, o que pode [&hellip;]<\/p>\n","protected":false},"author":6,"featured_media":106456,"parent":0,"menu_order":0,"comment_status":"closed","ping_status":"closed","template":"LearningContentPage.php","meta":{"_acf_changed":false,"footnotes":""},"class_list":["post-133184","page","type-page","status-publish","has-post-thumbnail","hentry"],"acf":[],"yoast_head":"<!-- This site is optimized with the Yoast SEO Premium plugin v27.2 (Yoast SEO v27.2) - https:\/\/yoast.com\/product\/yoast-seo-premium-wordpress\/ -->\n<title>Exercicios de gram\u00e1tica holandesa - Talkpal<\/title>\n<meta name=\"description\" content=\"Mellora as t\u00faas habilidades ling\u00fc\u00edsticas con exercicios interactivos de gram\u00e1tica neerlandesa de Talkpal , o teu titor de idiomas con IA.\" \/>\n<meta name=\"robots\" content=\"index, follow, max-snippet:-1, max-image-preview:large, max-video-preview:-1\" \/>\n<link rel=\"canonical\" href=\"https:\/\/talkpal.ai\/gl\/exercicios-de-gramatica-holandesa\/\" \/>\n<meta property=\"og:locale\" content=\"gl_ES\" \/>\n<meta property=\"og:type\" content=\"article\" \/>\n<meta property=\"og:title\" content=\"Exercicios de gram\u00e1tica holandesa\" \/>\n<meta property=\"og:description\" content=\"Temas de gram\u00e1tica holandesa Aprender holand\u00e9s pode ser unha experiencia emocionante e gratificante, xa que abre a porta a unha rica cultura, historia e\" \/>\n<meta property=\"og:url\" content=\"https:\/\/talkpal.ai\/gl\/exercicios-de-gramatica-holandesa\/\" \/>\n<meta property=\"og:site_name\" content=\"Talkpal\" \/>\n<meta property=\"article:publisher\" content=\"https:\/\/www.facebook.com\/profile.php?id=100090733639311\" \/>\n<meta property=\"article:modified_time\" content=\"2025-12-17T15:28:40+00:00\" \/>\n<meta property=\"og:image\" content=\"https:\/\/talkpal.ai\/wp-content\/uploads\/2023\/04\/netherlands-dutch.png\" \/>\n\t<meta property=\"og:image:width\" content=\"512\" \/>\n\t<meta property=\"og:image:height\" content=\"512\" \/>\n\t<meta property=\"og:image:type\" content=\"image\/png\" \/>\n<meta name=\"twitter:card\" content=\"summary_large_image\" \/>\n<meta name=\"twitter:site\" content=\"@talkpalai\" \/>\n<meta name=\"twitter:label1\" content=\"Tempo de lectura\" \/>\n\t<meta name=\"twitter:data1\" content=\"3 minutos\" \/>\n<script type=\"application\/ld+json\" class=\"yoast-schema-graph\">{\"@context\":\"https:\/\/schema.org\",\"@graph\":[{\"@type\":\"WebPage\",\"@id\":\"https:\/\/talkpal.ai\/gl\/exercicios-de-gramatica-holandesa\/\",\"url\":\"https:\/\/talkpal.ai\/gl\/exercicios-de-gramatica-holandesa\/\",\"name\":\"Exercicios de gram\u00e1tica holandesa - Talkpal\",\"isPartOf\":{\"@id\":\"https:\/\/talkpal.ai\/gl\/#website\"},\"primaryImageOfPage\":{\"@id\":\"https:\/\/talkpal.ai\/gl\/exercicios-de-gramatica-holandesa\/#primaryimage\"},\"image\":{\"@id\":\"https:\/\/talkpal.ai\/gl\/exercicios-de-gramatica-holandesa\/#primaryimage\"},\"thumbnailUrl\":\"https:\/\/talkpal.ai\/wp-content\/uploads\/2023\/04\/netherlands-dutch.png\",\"datePublished\":\"2023-06-16T09:41:10+00:00\",\"dateModified\":\"2025-12-17T15:28:40+00:00\",\"description\":\"Mellora as t\u00faas habilidades ling\u00fc\u00edsticas con exercicios interactivos de gram\u00e1tica neerlandesa de Talkpal , o teu titor de idiomas con IA.\",\"breadcrumb\":{\"@id\":\"https:\/\/talkpal.ai\/gl\/exercicios-de-gramatica-holandesa\/#breadcrumb\"},\"inLanguage\":\"gl-ES\",\"potentialAction\":[{\"@type\":\"ReadAction\",\"target\":[\"https:\/\/talkpal.ai\/gl\/exercicios-de-gramatica-holandesa\/\"]}]},{\"@type\":\"ImageObject\",\"inLanguage\":\"gl-ES\",\"@id\":\"https:\/\/talkpal.ai\/gl\/exercicios-de-gramatica-holandesa\/#primaryimage\",\"url\":\"https:\/\/talkpal.ai\/wp-content\/uploads\/2023\/04\/netherlands-dutch.png\",\"contentUrl\":\"https:\/\/talkpal.ai\/wp-content\/uploads\/2023\/04\/netherlands-dutch.png\",\"width\":512,\"height\":512},{\"@type\":\"BreadcrumbList\",\"@id\":\"https:\/\/talkpal.ai\/gl\/exercicios-de-gramatica-holandesa\/#breadcrumb\",\"itemListElement\":[{\"@type\":\"ListItem\",\"position\":1,\"name\":\"Homepage\",\"item\":\"https:\/\/talkpal.ai\/gl\/\"},{\"@type\":\"ListItem\",\"position\":2,\"name\":\"Exercicios de gram\u00e1tica holandesa\"}]},{\"@type\":\"WebSite\",\"@id\":\"https:\/\/talkpal.ai\/gl\/#website\",\"url\":\"https:\/\/talkpal.ai\/gl\/\",\"name\":\"Talkpal\",\"description\":\"AI Language Learning\",\"publisher\":{\"@id\":\"https:\/\/talkpal.ai\/gl\/#organization\"},\"alternateName\":\"Talkpal AI\",\"potentialAction\":[{\"@type\":\"SearchAction\",\"target\":{\"@type\":\"EntryPoint\",\"urlTemplate\":\"https:\/\/talkpal.ai\/gl\/?s={search_term_string}\"},\"query-input\":{\"@type\":\"PropertyValueSpecification\",\"valueRequired\":true,\"valueName\":\"search_term_string\"}}],\"inLanguage\":\"gl-ES\"},{\"@type\":\"Organization\",\"@id\":\"https:\/\/talkpal.ai\/gl\/#organization\",\"name\":\"Talkpal, Inc.\",\"alternateName\":\"Talkpal AI\",\"url\":\"https:\/\/talkpal.ai\/gl\/\",\"logo\":{\"@type\":\"ImageObject\",\"inLanguage\":\"gl-ES\",\"@id\":\"https:\/\/talkpal.ai\/gl\/#\/schema\/logo\/image\/\",\"url\":\"https:\/\/talkpal.ai\/wp-content\/uploads\/2024\/03\/Talkpal-Logo-Icon.png\",\"contentUrl\":\"https:\/\/talkpal.ai\/wp-content\/uploads\/2024\/03\/Talkpal-Logo-Icon.png\",\"width\":2880,\"height\":2880,\"caption\":\"Talkpal, Inc.\"},\"image\":{\"@id\":\"https:\/\/talkpal.ai\/gl\/#\/schema\/logo\/image\/\"},\"sameAs\":[\"https:\/\/www.facebook.com\/profile.php?id=100090733639311\",\"https:\/\/x.com\/talkpalai\",\"https:\/\/www.linkedin.com\/company\/talkpal\/\",\"https:\/\/www.youtube.com\/@TalkPal\/\",\"https:\/\/www.tiktok.com\/@talkpal\",\"https:\/\/www.instagram.com\/talkpal_ai\/\",\"https:\/\/www.crunchbase.com\/organization\/talkpal-9cde\",\"https:\/\/www.g2.com\/products\/talkpal-for-business\/\",\"https:\/\/www.trustpilot.com\/review\/talkpal.ai\",\"https:\/\/www.capterra.com\/p\/10006800\/TalkPal\/\"],\"description\":\"Talkpal is a language learning web and mobile education app, powered by the latest AI technologies, that provides engaging experiences to its customers in many different languages to help them improve their language skills. Users can chat about unlimited amount of topics with the app and use other modes to practice their language learning.\",\"email\":\"support@talkpal.ai\",\"legalName\":\"Talkpal, Inc.\",\"foundingDate\":\"2023-04-03\",\"duns\":\"118989042\",\"numberOfEmployees\":{\"@type\":\"QuantitativeValue\",\"minValue\":\"11\",\"maxValue\":\"50\"},\"publishingPrinciples\":\"https:\/\/talkpal.ai\/publishing-principles\/\",\"actionableFeedbackPolicy\":\"https:\/\/talkpal.ai\/actionable-feedback-policy\/\",\"correctionsPolicy\":\"https:\/\/talkpal.ai\/corrections-policy\/\",\"ethicsPolicy\":\"https:\/\/talkpal.ai\/ethics-policy\/\",\"diversityPolicy\":\"https:\/\/talkpal.ai\/diversity-policy\/\",\"diversityStaffingReport\":\"https:\/\/talkpal.ai\/diversity-policy\/\"}]}<\/script>\n<!-- \/ Yoast SEO Premium plugin. -->","yoast_head_json":{"title":"Exercicios de gram\u00e1tica holandesa - Talkpal","description":"Mellora as t\u00faas habilidades ling\u00fc\u00edsticas con exercicios interactivos de gram\u00e1tica neerlandesa de Talkpal , o teu titor de idiomas con IA.","robots":{"index":"index","follow":"follow","max-snippet":"max-snippet:-1","max-image-preview":"max-image-preview:large","max-video-preview":"max-video-preview:-1"},"canonical":"https:\/\/talkpal.ai\/gl\/exercicios-de-gramatica-holandesa\/","og_locale":"gl_ES","og_type":"article","og_title":"Exercicios de gram\u00e1tica holandesa","og_description":"Temas de gram\u00e1tica holandesa Aprender holand\u00e9s pode ser unha experiencia emocionante e gratificante, xa que abre a porta a unha rica cultura, historia e","og_url":"https:\/\/talkpal.ai\/gl\/exercicios-de-gramatica-holandesa\/","og_site_name":"Talkpal","article_publisher":"https:\/\/www.facebook.com\/profile.php?id=100090733639311","article_modified_time":"2025-12-17T15:28:40+00:00","og_image":[{"width":512,"height":512,"url":"https:\/\/talkpal.ai\/wp-content\/uploads\/2023\/04\/netherlands-dutch.png","type":"image\/png"}],"twitter_card":"summary_large_image","twitter_site":"@talkpalai","twitter_misc":{"Tempo de lectura":"3 minutos"},"schema":{"@context":"https:\/\/schema.org","@graph":[{"@type":"WebPage","@id":"https:\/\/talkpal.ai\/gl\/exercicios-de-gramatica-holandesa\/","url":"https:\/\/talkpal.ai\/gl\/exercicios-de-gramatica-holandesa\/","name":"Exercicios de gram\u00e1tica holandesa - Talkpal","isPartOf":{"@id":"https:\/\/talkpal.ai\/gl\/#website"},"primaryImageOfPage":{"@id":"https:\/\/talkpal.ai\/gl\/exercicios-de-gramatica-holandesa\/#primaryimage"},"image":{"@id":"https:\/\/talkpal.ai\/gl\/exercicios-de-gramatica-holandesa\/#primaryimage"},"thumbnailUrl":"https:\/\/talkpal.ai\/wp-content\/uploads\/2023\/04\/netherlands-dutch.png","datePublished":"2023-06-16T09:41:10+00:00","dateModified":"2025-12-17T15:28:40+00:00","description":"Mellora as t\u00faas habilidades ling\u00fc\u00edsticas con exercicios interactivos de gram\u00e1tica neerlandesa de Talkpal , o teu titor de idiomas con IA.","breadcrumb":{"@id":"https:\/\/talkpal.ai\/gl\/exercicios-de-gramatica-holandesa\/#breadcrumb"},"inLanguage":"gl-ES","potentialAction":[{"@type":"ReadAction","target":["https:\/\/talkpal.ai\/gl\/exercicios-de-gramatica-holandesa\/"]}]},{"@type":"ImageObject","inLanguage":"gl-ES","@id":"https:\/\/talkpal.ai\/gl\/exercicios-de-gramatica-holandesa\/#primaryimage","url":"https:\/\/talkpal.ai\/wp-content\/uploads\/2023\/04\/netherlands-dutch.png","contentUrl":"https:\/\/talkpal.ai\/wp-content\/uploads\/2023\/04\/netherlands-dutch.png","width":512,"height":512},{"@type":"BreadcrumbList","@id":"https:\/\/talkpal.ai\/gl\/exercicios-de-gramatica-holandesa\/#breadcrumb","itemListElement":[{"@type":"ListItem","position":1,"name":"Homepage","item":"https:\/\/talkpal.ai\/gl\/"},{"@type":"ListItem","position":2,"name":"Exercicios de gram\u00e1tica holandesa"}]},{"@type":"WebSite","@id":"https:\/\/talkpal.ai\/gl\/#website","url":"https:\/\/talkpal.ai\/gl\/","name":"Talkpal","description":"AI Language Learning","publisher":{"@id":"https:\/\/talkpal.ai\/gl\/#organization"},"alternateName":"Talkpal AI","potentialAction":[{"@type":"SearchAction","target":{"@type":"EntryPoint","urlTemplate":"https:\/\/talkpal.ai\/gl\/?s={search_term_string}"},"query-input":{"@type":"PropertyValueSpecification","valueRequired":true,"valueName":"search_term_string"}}],"inLanguage":"gl-ES"},{"@type":"Organization","@id":"https:\/\/talkpal.ai\/gl\/#organization","name":"Talkpal, Inc.","alternateName":"Talkpal AI","url":"https:\/\/talkpal.ai\/gl\/","logo":{"@type":"ImageObject","inLanguage":"gl-ES","@id":"https:\/\/talkpal.ai\/gl\/#\/schema\/logo\/image\/","url":"https:\/\/talkpal.ai\/wp-content\/uploads\/2024\/03\/Talkpal-Logo-Icon.png","contentUrl":"https:\/\/talkpal.ai\/wp-content\/uploads\/2024\/03\/Talkpal-Logo-Icon.png","width":2880,"height":2880,"caption":"Talkpal, Inc."},"image":{"@id":"https:\/\/talkpal.ai\/gl\/#\/schema\/logo\/image\/"},"sameAs":["https:\/\/www.facebook.com\/profile.php?id=100090733639311","https:\/\/x.com\/talkpalai","https:\/\/www.linkedin.com\/company\/talkpal\/","https:\/\/www.youtube.com\/@TalkPal\/","https:\/\/www.tiktok.com\/@talkpal","https:\/\/www.instagram.com\/talkpal_ai\/","https:\/\/www.crunchbase.com\/organization\/talkpal-9cde","https:\/\/www.g2.com\/products\/talkpal-for-business\/","https:\/\/www.trustpilot.com\/review\/talkpal.ai","https:\/\/www.capterra.com\/p\/10006800\/TalkPal\/"],"description":"Talkpal is a language learning web and mobile education app, powered by the latest AI technologies, that provides engaging experiences to its customers in many different languages to help them improve their language skills. Users can chat about unlimited amount of topics with the app and use other modes to practice their language learning.","email":"support@talkpal.ai","legalName":"Talkpal, Inc.","foundingDate":"2023-04-03","duns":"118989042","numberOfEmployees":{"@type":"QuantitativeValue","minValue":"11","maxValue":"50"},"publishingPrinciples":"https:\/\/talkpal.ai\/publishing-principles\/","actionableFeedbackPolicy":"https:\/\/talkpal.ai\/actionable-feedback-policy\/","correctionsPolicy":"https:\/\/talkpal.ai\/corrections-policy\/","ethicsPolicy":"https:\/\/talkpal.ai\/ethics-policy\/","diversityPolicy":"https:\/\/talkpal.ai\/diversity-policy\/","diversityStaffingReport":"https:\/\/talkpal.ai\/diversity-policy\/"}]}},"_links":{"self":[{"href":"https:\/\/talkpal.ai\/gl\/wp-json\/wp\/v2\/pages\/133184","targetHints":{"allow":["GET"]}}],"collection":[{"href":"https:\/\/talkpal.ai\/gl\/wp-json\/wp\/v2\/pages"}],"about":[{"href":"https:\/\/talkpal.ai\/gl\/wp-json\/wp\/v2\/types\/page"}],"author":[{"embeddable":true,"href":"https:\/\/talkpal.ai\/gl\/wp-json\/wp\/v2\/users\/6"}],"replies":[{"embeddable":true,"href":"https:\/\/talkpal.ai\/gl\/wp-json\/wp\/v2\/comments?post=133184"}],"version-history":[{"count":0,"href":"https:\/\/talkpal.ai\/gl\/wp-json\/wp\/v2\/pages\/133184\/revisions"}],"wp:featuredmedia":[{"embeddable":true,"href":"https:\/\/talkpal.ai\/gl\/wp-json\/wp\/v2\/media\/106456"}],"wp:attachment":[{"href":"https:\/\/talkpal.ai\/gl\/wp-json\/wp\/v2\/media?parent=133184"}],"curies":[{"name":"wp","href":"https:\/\/api.w.org\/{rel}","templated":true}]}}