{"id":131570,"date":"2023-06-15T07:00:21","date_gmt":"2023-06-15T07:00:21","guid":{"rendered":"http:\/\/talkpal.ai\/exercicios-de-gramatica-espanola\/"},"modified":"2025-12-17T16:37:47","modified_gmt":"2025-12-17T16:37:47","slug":"exercicios-de-gramatica-espanola","status":"publish","type":"page","link":"https:\/\/talkpal.ai\/gl\/exercicios-de-gramatica-espanola\/","title":{"rendered":"Exercicios de gram\u00e1tica espa\u00f1ola"},"content":{"rendered":"\r\n\r\n\r\n<section class=\"languageChallengeSection\">\r\n    <div class=\"languageInfoWrapper\">\r\n        \r\n        <h1>Exercicios de gram\u00e1tica espa\u00f1ola<\/h1>\r\n        <p>Listo\/a para mellorar o teu <a href=\"https:\/\/talkpal.ai\/es\/locations\/aprende-espanol-leyendo\/\">espa\u00f1ol<\/a>? Practicar exercicios de gram\u00e1tica \u00e9 unha boa maneira de dominar a estrutura das frases, as conxugaci\u00f3ns verbais e os patr\u00f3ns \u00fanicos da lingua espa\u00f1ola. Comeza a traballar a <a href=\"https:\/\/talkpal.ai\/spanish-grammar\/\">gram\u00e1tica espa\u00f1ola<\/a> hoxe mesmo e ver\u00e1s <a href=\"https:\/\/talkpal.ai\/locations\/language-courses-in-como\/\">como<\/a> a t\u00faa confianza e fluidez medran con cada exercicio!\n\n<\/p>\r\n\r\n                            <a class=\"getStartedHidden\" href=\"https:\/\/app.talkpal.ai\/signup?lng=\">Empeza<\/a>\r\n        \r\n    <\/div>\r\n\r\n    <figure>\r\n    <img decoding=\"async\" width=\"768\" height=\"768\" src=\"https:\/\/talkpal.ai\/wp-content\/uploads\/2023\/06\/Spanish-768x768.png\" class=\"languageImage no-lazy\" alt=\"Practical application of language learning\" fetchpriority=\"high\" sizes=\"(max-width: 768px) 150px, 768px\" srcset=\"https:\/\/talkpal.ai\/wp-content\/uploads\/2023\/06\/Spanish-768x768.png 768w, https:\/\/talkpal.ai\/wp-content\/uploads\/2023\/06\/Spanish-300x300.png 300w\" \/>\r\n    \r\n\r\n    <\/figure>\r\n\r\n            <a class=\"getStartedVisible\" href=\"https:\/\/app.talkpal.ai\/signup?lng=\">Empeza<\/a>\r\n    \r\n<\/section>\r\n\r\n\r\n<!-- <section class=\"grammarSection\">\r\n    <div class=\"grammarLinks\">\r\n            <\/div>\r\n<\/section> -->\r\n\r\n\r\n\r\n\r\n<section class=\"promotionalBanner\">\r\n    <p class=\"promotionalText\">A forma m\u00e1is eficaz de aprender un idioma<\/p>\r\n    <a class=\"promotionalLink\" href=\"https:\/\/app.talkpal.ai\/signup?lng=\">Proba Talkpal de balde<\/a>\r\n<\/section>\n<div class=\"wp-block-group pageContainerStyle\"><div class=\"wp-block-group__inner-container is-layout-constrained wp-block-group-is-layout-constrained\">\n<h2 class=\"wp-block-heading\" id=\"h-spanish-grammar-topics\">Temas de gram\u00e1tica espa\u00f1ola<\/h2>\n\n\n\n<p>Aprender un <a href=\"https:\/\/talkpal.ai\/talkpal-new-years-discount\/\">novo<\/a> idioma pode ser un esforzo emocionante e gratificante, e o espa\u00f1ol non \u00e9 unha excepci\u00f3n. <a href=\"https:\/\/talkpal.ai\/locations\/language-courses-in-como\/\">Como<\/a> a segunda lingua m\u00e1is falada do mundo, pode abrir novas oportunidades de viaxes, traballo e intercambio cultural. Tanto se es un principiante como se busca mellorar as s\u00faas habilidades existentes, comprender e dominar a gram\u00e1tica espa\u00f1ola \u00e9 esencial. Desde os tempos e os verbos ata a estrutura da frase e as preposici\u00f3ns, cada aspecto da lingua xoga un papel crucial na t\u00faa capacidade de comunicarte de forma eficaz. Nesta gu\u00eda, exploraremos temas importantes de gram\u00e1tica espa\u00f1ola, present\u00e1ndoos nunha secuencia l\u00f3xica para axudarche a aprender a lingua con facilidade.<\/p>\n\n\n\n<h3 class=\"wp-block-heading\" id=\"h-1-nouns-and-articles\">1. Substantivos e artigos:<\/h3>\n\n\n\n<p>Comeza familiariz\u00e1ndose cos substantivos espa\u00f1ois e o seu x\u00e9nero, as\u00ed como cos artigos determinados e indefinidos. Estes bloques b\u00e1sicos axudar\u00e1n a comprender e formar frases e frases sinxelas.<\/p>\n\n\n\n<h3 class=\"wp-block-heading\" id=\"h-2-adjectives\">2. Adxectivos:<\/h3>\n\n\n\n<p>Os adxectivos son esenciais para describir substantivos, e en castel\u00e1n, deben concordar en x\u00e9nero e n\u00famero co substantivo que modifican. Aprender as regras de colocaci\u00f3n e acordo de adxectivos mellorar\u00e1 moito a t\u00faa capacidade para expresarte en espa\u00f1ol.<\/p>\n\n\n\n<h3 class=\"wp-block-heading\" id=\"h-3-pronouns\">3. Pronomes:<\/h3>\n\n\n\n<p>Os pronomes substit\u00faen aos substantivos e son vitais <a href=\"https:\/\/talkpal.ai\/culture\/how-do-i-use-para-que-correctly\/\">para que<\/a> a conversa sexa m\u00e1is flu\u00edda e natural. Conc\u00e9ntrase nos pronomes suxeitos, os pronomes de obxecto directos e indirectos e os <a href=\"https:\/\/talkpal.ai\/grammar\/pronomes-reflexivos-in-portuguese-grammar\/\">pronomes reflexivos<\/a>, asegur\u00e1ndose de comprender o seu uso e a s\u00faa colocaci\u00f3n nas oraci\u00f3ns.<\/p>\n\n\n\n<h3 class=\"wp-block-heading\" id=\"h-4-verbs\">4. Verbos:<\/h3>\n\n\n\n<p>Os verbos son a columna vertebral de calquera lingua, e o castel\u00e1n non \u00e9 diferente. Comeza aprendendo os verbos regulares e irregulares m\u00e1is com\u00fans, as\u00ed como as s\u00faas conxugaci\u00f3ns en tempo <a href=\"https:\/\/talkpal.ai\/zh-hans\/grammar_exercises\/presente-%e8%a5%bf%e7%8f%ad%e7%89%99%e8%af%ad%e6%b3%95%e7%bb%83%e4%b9%a0\/\">presente<\/a> de indicativo.<\/p>\n\n\n\n<h3 class=\"wp-block-heading\" id=\"h-5-tenses-indicative\">5. Tempos de indicativo:<\/h3>\n\n\n\n<p>Unha vez que te\u00f1as unha comprensi\u00f3n da conxugaci\u00f3n b\u00e1sica dos verbos, ampl\u00eda os teus co\u00f1ecementos para inclu\u00edr outros tempos indicativos, como o pret\u00e9rito, o imperfecto, o futuro e os tempos condicionais. Isto permitirache expresar acci\u00f3ns e eventos en diferentes per\u00edodos de tempo.<\/p>\n\n\n\n<h3 class=\"wp-block-heading\" id=\"h-6-adverbs\">6. Adverbios:<\/h3>\n\n\n\n<p>Os adverbios proporcionan informaci\u00f3n adicional sobre verbos, adxectivos ou outros adverbios. Aprende os diferentes tipos de adverbios e a s\u00faa colocaci\u00f3n nas frases para engadir m\u00e1is detalles e matices ao teu discurso.<\/p>\n\n\n\n<h3 class=\"wp-block-heading\" id=\"h-7-prepositions\">7. Preposici\u00f3ns:<\/h3>\n\n\n\n<p>As preposici\u00f3ns son esenciais para expresar relaci\u00f3ns entre palabras, como localizaci\u00f3n, direcci\u00f3n ou tempo. Familiarizarse coas preposici\u00f3ns espa\u00f1olas m\u00e1is com\u00fans e o seu uso en diversos contextos.<\/p>\n\n\n\n<h3 class=\"wp-block-heading\" id=\"h-8-tenses-subjunctive\">8. Tempos Subxuntivo:<\/h3>\n\n\n\n<p>O modo de subxuntivo \u00fasase para expresar d\u00fabidas, incertezas ou situaci\u00f3ns hipot\u00e9ticas. Estude as regras de conxugaci\u00f3n dos verbos regulares e irregulares nos tempos de subxuntivo presente, pasado e futuro para ampliar as s\u00faas capacidades expresivas.<\/p>\n\n\n\n<h3 class=\"wp-block-heading\" id=\"h-9-tense-comparison\">9. Comparaci\u00f3n de tempo:<\/h3>\n\n\n\n<p>Comprender os matices entre os diferentes tempos e estados de \u00e1nimo axudarache a escoller a forma adecuada para transmitir o significado que pretendes. Pr\u00e1ctica de comparar e contrastar os tempos de indicativo e subxuntivo, as\u00ed como os distintos tempos pasados, para adquirir un maior dominio da lingua.<\/p>\n\n\n\n<h3 class=\"wp-block-heading\" id=\"h-10-sentence-structure\">10. Estrutura da oraci\u00f3n:<\/h3>\n\n\n\n<p>Finalmente, explora diferentes estruturas de oraci\u00f3ns, inclu\u00edndo oraci\u00f3ns simples, compostas e complexas. Aprende a usar as conxunci\u00f3ns de coordinaci\u00f3n e subordinaci\u00f3n para crear ideas m\u00e1is complexas e desenvolver a t\u00faa habilidade para comunicarte eficazmente en espa\u00f1ol.<\/p>\n<\/div><\/div>\n\r\n<section class=\"learnNavigationSection\">\r\n            \r\n        <a href=\"https:\/\/talkpal.ai\/gl\/aprende-espanol\/\">\r\n            <div class=\"learnNavigationWrapper\">\r\n                <div class=\"learnNavigationContent\">\r\n                    <img decoding=\"async\" src=\"https:\/\/talkpal.ai\/wp-content\/uploads\/2024\/08\/Spanish.jpg\" alt=\"Spanish Flag\">\r\n                    <div>\r\n                        <h4>Sobre a aprendizaxe do espa\u00f1ol<\/h4>\r\n                        <p>Descubre todo sobre a gram\u00e1tica espa\u00f1ola.<\/p>\r\n                    <\/div>\r\n                <\/div>\r\n            <\/div>\r\n        <\/a>\r\n\r\n        \r\n        <a href=\"https:\/\/talkpal.ai\/gl\/gramatica-espanola\/\">\r\n            <div class=\"learnNavigationWrapper\">\r\n                <div class=\"learnNavigationContent\">\r\n                    <img decoding=\"async\" src=\"https:\/\/talkpal.ai\/wp-content\/uploads\/2024\/08\/Spanish.jpg\" alt=\"Spanish Flag\">\r\n                    <div>\r\n                        <h4>Clases de gram\u00e1tica espa\u00f1ola<\/h4>\r\n                        <p>Practica a gram\u00e1tica espa\u00f1ola.<\/p>\r\n                    <\/div>\r\n                <\/div>\r\n            <\/div>\r\n        <\/a>\r\n\r\n        \r\n        <a href=\"https:\/\/talkpal.ai\/vocabulary_language\/spanish\/\">\r\n            <div class=\"learnNavigationWrapper\">\r\n                <div class=\"learnNavigationContent\">\r\n                    <img decoding=\"async\" src=\"https:\/\/talkpal.ai\/wp-content\/uploads\/2024\/08\/Spanish.jpg\" alt=\"Spanish Flag\">\r\n                    <div>\r\n                        <h4>Vocabulario espa\u00f1ol<\/h4>\r\n                        <p>Ampl\u00eda o teu vocabulario espa\u00f1ol.<\/p>\r\n                    <\/div>\r\n                <\/div>\r\n            <\/div>\r\n        <\/a>\r\n\r\n            <\/section>","protected":false},"excerpt":{"rendered":"<p>Temas de gram\u00e1tica espa\u00f1ola Aprender un novo idioma pode ser un esforzo emocionante e gratificante, e o espa\u00f1ol non \u00e9 unha excepci\u00f3n. Como a segunda lingua m\u00e1is falada do mundo, pode abrir novas oportunidades de viaxes, traballo e intercambio cultural. Tanto se es un principiante como se busca mellorar as s\u00faas habilidades existentes, comprender e [&hellip;]<\/p>\n","protected":false},"author":1,"featured_media":75431,"parent":0,"menu_order":0,"comment_status":"closed","ping_status":"closed","template":"LearningContentPage.php","meta":{"_acf_changed":false,"footnotes":""},"class_list":["post-131570","page","type-page","status-publish","has-post-thumbnail","hentry"],"acf":[],"yoast_head":"<!-- This site is optimized with the Yoast SEO Premium plugin v27.2 (Yoast SEO v27.2) - https:\/\/yoast.com\/product\/yoast-seo-premium-wordpress\/ -->\n<title>Exercicios de gram\u00e1tica espa\u00f1ola - Talkpal<\/title>\n<meta name=\"description\" content=\"Mellora a t\u00faa gram\u00e1tica espa\u00f1ola con exercicios interactivos dese\u00f1ados para todos os niveis. Practica verbos, estrutura de frases, vocabulario e moito m\u00e1is!\" \/>\n<meta name=\"robots\" content=\"index, follow, max-snippet:-1, max-image-preview:large, max-video-preview:-1\" \/>\n<link rel=\"canonical\" href=\"https:\/\/talkpal.ai\/gl\/exercicios-de-gramatica-espanola\/\" \/>\n<meta property=\"og:locale\" content=\"gl_ES\" \/>\n<meta property=\"og:type\" content=\"article\" \/>\n<meta property=\"og:title\" content=\"Exercicios de gram\u00e1tica espa\u00f1ola\" \/>\n<meta property=\"og:description\" content=\"Temas de gram\u00e1tica espa\u00f1ola Aprender un novo idioma pode ser un esforzo emocionante e gratificante, e o espa\u00f1ol non \u00e9 unha excepci\u00f3n. Como a segunda\" \/>\n<meta property=\"og:url\" content=\"https:\/\/talkpal.ai\/gl\/exercicios-de-gramatica-espanola\/\" \/>\n<meta property=\"og:site_name\" content=\"Talkpal\" \/>\n<meta property=\"article:publisher\" content=\"https:\/\/www.facebook.com\/profile.php?id=100090733639311\" \/>\n<meta property=\"article:modified_time\" content=\"2025-12-17T16:37:47+00:00\" \/>\n<meta property=\"og:image\" content=\"https:\/\/talkpal.ai\/wp-content\/uploads\/2023\/03\/spain.png\" \/>\n\t<meta property=\"og:image:width\" content=\"512\" \/>\n\t<meta property=\"og:image:height\" content=\"512\" \/>\n\t<meta property=\"og:image:type\" content=\"image\/png\" \/>\n<meta name=\"twitter:card\" content=\"summary_large_image\" \/>\n<meta name=\"twitter:site\" content=\"@talkpalai\" \/>\n<meta name=\"twitter:label1\" content=\"Tempo de lectura\" \/>\n\t<meta name=\"twitter:data1\" content=\"3 minutos\" \/>\n<script type=\"application\/ld+json\" class=\"yoast-schema-graph\">{\"@context\":\"https:\/\/schema.org\",\"@graph\":[{\"@type\":\"WebPage\",\"@id\":\"https:\/\/talkpal.ai\/gl\/exercicios-de-gramatica-espanola\/\",\"url\":\"https:\/\/talkpal.ai\/gl\/exercicios-de-gramatica-espanola\/\",\"name\":\"Exercicios de gram\u00e1tica espa\u00f1ola - Talkpal\",\"isPartOf\":{\"@id\":\"https:\/\/talkpal.ai\/gl\/#website\"},\"primaryImageOfPage\":{\"@id\":\"https:\/\/talkpal.ai\/gl\/exercicios-de-gramatica-espanola\/#primaryimage\"},\"image\":{\"@id\":\"https:\/\/talkpal.ai\/gl\/exercicios-de-gramatica-espanola\/#primaryimage\"},\"thumbnailUrl\":\"https:\/\/talkpal.ai\/wp-content\/uploads\/2023\/03\/spain.png\",\"datePublished\":\"2023-06-15T07:00:21+00:00\",\"dateModified\":\"2025-12-17T16:37:47+00:00\",\"description\":\"Mellora a t\u00faa gram\u00e1tica espa\u00f1ola con exercicios interactivos dese\u00f1ados para todos os niveis. Practica verbos, estrutura de frases, vocabulario e moito m\u00e1is!\",\"breadcrumb\":{\"@id\":\"https:\/\/talkpal.ai\/gl\/exercicios-de-gramatica-espanola\/#breadcrumb\"},\"inLanguage\":\"gl-ES\",\"potentialAction\":[{\"@type\":\"ReadAction\",\"target\":[\"https:\/\/talkpal.ai\/gl\/exercicios-de-gramatica-espanola\/\"]}]},{\"@type\":\"ImageObject\",\"inLanguage\":\"gl-ES\",\"@id\":\"https:\/\/talkpal.ai\/gl\/exercicios-de-gramatica-espanola\/#primaryimage\",\"url\":\"https:\/\/talkpal.ai\/wp-content\/uploads\/2023\/03\/spain.png\",\"contentUrl\":\"https:\/\/talkpal.ai\/wp-content\/uploads\/2023\/03\/spain.png\",\"width\":512,\"height\":512,\"caption\":\"TalkPal AI learn Spanish\"},{\"@type\":\"BreadcrumbList\",\"@id\":\"https:\/\/talkpal.ai\/gl\/exercicios-de-gramatica-espanola\/#breadcrumb\",\"itemListElement\":[{\"@type\":\"ListItem\",\"position\":1,\"name\":\"Homepage\",\"item\":\"https:\/\/talkpal.ai\/gl\/\"},{\"@type\":\"ListItem\",\"position\":2,\"name\":\"Exercicios de gram\u00e1tica espa\u00f1ola\"}]},{\"@type\":\"WebSite\",\"@id\":\"https:\/\/talkpal.ai\/gl\/#website\",\"url\":\"https:\/\/talkpal.ai\/gl\/\",\"name\":\"Talkpal\",\"description\":\"AI Language Learning\",\"publisher\":{\"@id\":\"https:\/\/talkpal.ai\/gl\/#organization\"},\"alternateName\":\"Talkpal AI\",\"potentialAction\":[{\"@type\":\"SearchAction\",\"target\":{\"@type\":\"EntryPoint\",\"urlTemplate\":\"https:\/\/talkpal.ai\/gl\/?s={search_term_string}\"},\"query-input\":{\"@type\":\"PropertyValueSpecification\",\"valueRequired\":true,\"valueName\":\"search_term_string\"}}],\"inLanguage\":\"gl-ES\"},{\"@type\":\"Organization\",\"@id\":\"https:\/\/talkpal.ai\/gl\/#organization\",\"name\":\"Talkpal, Inc.\",\"alternateName\":\"Talkpal AI\",\"url\":\"https:\/\/talkpal.ai\/gl\/\",\"logo\":{\"@type\":\"ImageObject\",\"inLanguage\":\"gl-ES\",\"@id\":\"https:\/\/talkpal.ai\/gl\/#\/schema\/logo\/image\/\",\"url\":\"https:\/\/talkpal.ai\/wp-content\/uploads\/2024\/03\/Talkpal-Logo-Icon.png\",\"contentUrl\":\"https:\/\/talkpal.ai\/wp-content\/uploads\/2024\/03\/Talkpal-Logo-Icon.png\",\"width\":2880,\"height\":2880,\"caption\":\"Talkpal, Inc.\"},\"image\":{\"@id\":\"https:\/\/talkpal.ai\/gl\/#\/schema\/logo\/image\/\"},\"sameAs\":[\"https:\/\/www.facebook.com\/profile.php?id=100090733639311\",\"https:\/\/x.com\/talkpalai\",\"https:\/\/www.linkedin.com\/company\/talkpal\/\",\"https:\/\/www.youtube.com\/@TalkPal\/\",\"https:\/\/www.tiktok.com\/@talkpal\",\"https:\/\/www.instagram.com\/talkpal_ai\/\",\"https:\/\/www.crunchbase.com\/organization\/talkpal-9cde\",\"https:\/\/www.g2.com\/products\/talkpal-for-business\/\",\"https:\/\/www.trustpilot.com\/review\/talkpal.ai\",\"https:\/\/www.capterra.com\/p\/10006800\/TalkPal\/\"],\"description\":\"Talkpal is a language learning web and mobile education app, powered by the latest AI technologies, that provides engaging experiences to its customers in many different languages to help them improve their language skills. Users can chat about unlimited amount of topics with the app and use other modes to practice their language learning.\",\"email\":\"support@talkpal.ai\",\"legalName\":\"Talkpal, Inc.\",\"foundingDate\":\"2023-04-03\",\"duns\":\"118989042\",\"numberOfEmployees\":{\"@type\":\"QuantitativeValue\",\"minValue\":\"11\",\"maxValue\":\"50\"},\"publishingPrinciples\":\"https:\/\/talkpal.ai\/publishing-principles\/\",\"actionableFeedbackPolicy\":\"https:\/\/talkpal.ai\/actionable-feedback-policy\/\",\"correctionsPolicy\":\"https:\/\/talkpal.ai\/corrections-policy\/\",\"ethicsPolicy\":\"https:\/\/talkpal.ai\/ethics-policy\/\",\"diversityPolicy\":\"https:\/\/talkpal.ai\/diversity-policy\/\",\"diversityStaffingReport\":\"https:\/\/talkpal.ai\/diversity-policy\/\"}]}<\/script>\n<!-- \/ Yoast SEO Premium plugin. -->","yoast_head_json":{"title":"Exercicios de gram\u00e1tica espa\u00f1ola - Talkpal","description":"Mellora a t\u00faa gram\u00e1tica espa\u00f1ola con exercicios interactivos dese\u00f1ados para todos os niveis. Practica verbos, estrutura de frases, vocabulario e moito m\u00e1is!","robots":{"index":"index","follow":"follow","max-snippet":"max-snippet:-1","max-image-preview":"max-image-preview:large","max-video-preview":"max-video-preview:-1"},"canonical":"https:\/\/talkpal.ai\/gl\/exercicios-de-gramatica-espanola\/","og_locale":"gl_ES","og_type":"article","og_title":"Exercicios de gram\u00e1tica espa\u00f1ola","og_description":"Temas de gram\u00e1tica espa\u00f1ola Aprender un novo idioma pode ser un esforzo emocionante e gratificante, e o espa\u00f1ol non \u00e9 unha excepci\u00f3n. Como a segunda","og_url":"https:\/\/talkpal.ai\/gl\/exercicios-de-gramatica-espanola\/","og_site_name":"Talkpal","article_publisher":"https:\/\/www.facebook.com\/profile.php?id=100090733639311","article_modified_time":"2025-12-17T16:37:47+00:00","og_image":[{"width":512,"height":512,"url":"https:\/\/talkpal.ai\/wp-content\/uploads\/2023\/03\/spain.png","type":"image\/png"}],"twitter_card":"summary_large_image","twitter_site":"@talkpalai","twitter_misc":{"Tempo de lectura":"3 minutos"},"schema":{"@context":"https:\/\/schema.org","@graph":[{"@type":"WebPage","@id":"https:\/\/talkpal.ai\/gl\/exercicios-de-gramatica-espanola\/","url":"https:\/\/talkpal.ai\/gl\/exercicios-de-gramatica-espanola\/","name":"Exercicios de gram\u00e1tica espa\u00f1ola - Talkpal","isPartOf":{"@id":"https:\/\/talkpal.ai\/gl\/#website"},"primaryImageOfPage":{"@id":"https:\/\/talkpal.ai\/gl\/exercicios-de-gramatica-espanola\/#primaryimage"},"image":{"@id":"https:\/\/talkpal.ai\/gl\/exercicios-de-gramatica-espanola\/#primaryimage"},"thumbnailUrl":"https:\/\/talkpal.ai\/wp-content\/uploads\/2023\/03\/spain.png","datePublished":"2023-06-15T07:00:21+00:00","dateModified":"2025-12-17T16:37:47+00:00","description":"Mellora a t\u00faa gram\u00e1tica espa\u00f1ola con exercicios interactivos dese\u00f1ados para todos os niveis. Practica verbos, estrutura de frases, vocabulario e moito m\u00e1is!","breadcrumb":{"@id":"https:\/\/talkpal.ai\/gl\/exercicios-de-gramatica-espanola\/#breadcrumb"},"inLanguage":"gl-ES","potentialAction":[{"@type":"ReadAction","target":["https:\/\/talkpal.ai\/gl\/exercicios-de-gramatica-espanola\/"]}]},{"@type":"ImageObject","inLanguage":"gl-ES","@id":"https:\/\/talkpal.ai\/gl\/exercicios-de-gramatica-espanola\/#primaryimage","url":"https:\/\/talkpal.ai\/wp-content\/uploads\/2023\/03\/spain.png","contentUrl":"https:\/\/talkpal.ai\/wp-content\/uploads\/2023\/03\/spain.png","width":512,"height":512,"caption":"TalkPal AI learn Spanish"},{"@type":"BreadcrumbList","@id":"https:\/\/talkpal.ai\/gl\/exercicios-de-gramatica-espanola\/#breadcrumb","itemListElement":[{"@type":"ListItem","position":1,"name":"Homepage","item":"https:\/\/talkpal.ai\/gl\/"},{"@type":"ListItem","position":2,"name":"Exercicios de gram\u00e1tica espa\u00f1ola"}]},{"@type":"WebSite","@id":"https:\/\/talkpal.ai\/gl\/#website","url":"https:\/\/talkpal.ai\/gl\/","name":"Talkpal","description":"AI Language Learning","publisher":{"@id":"https:\/\/talkpal.ai\/gl\/#organization"},"alternateName":"Talkpal AI","potentialAction":[{"@type":"SearchAction","target":{"@type":"EntryPoint","urlTemplate":"https:\/\/talkpal.ai\/gl\/?s={search_term_string}"},"query-input":{"@type":"PropertyValueSpecification","valueRequired":true,"valueName":"search_term_string"}}],"inLanguage":"gl-ES"},{"@type":"Organization","@id":"https:\/\/talkpal.ai\/gl\/#organization","name":"Talkpal, Inc.","alternateName":"Talkpal AI","url":"https:\/\/talkpal.ai\/gl\/","logo":{"@type":"ImageObject","inLanguage":"gl-ES","@id":"https:\/\/talkpal.ai\/gl\/#\/schema\/logo\/image\/","url":"https:\/\/talkpal.ai\/wp-content\/uploads\/2024\/03\/Talkpal-Logo-Icon.png","contentUrl":"https:\/\/talkpal.ai\/wp-content\/uploads\/2024\/03\/Talkpal-Logo-Icon.png","width":2880,"height":2880,"caption":"Talkpal, Inc."},"image":{"@id":"https:\/\/talkpal.ai\/gl\/#\/schema\/logo\/image\/"},"sameAs":["https:\/\/www.facebook.com\/profile.php?id=100090733639311","https:\/\/x.com\/talkpalai","https:\/\/www.linkedin.com\/company\/talkpal\/","https:\/\/www.youtube.com\/@TalkPal\/","https:\/\/www.tiktok.com\/@talkpal","https:\/\/www.instagram.com\/talkpal_ai\/","https:\/\/www.crunchbase.com\/organization\/talkpal-9cde","https:\/\/www.g2.com\/products\/talkpal-for-business\/","https:\/\/www.trustpilot.com\/review\/talkpal.ai","https:\/\/www.capterra.com\/p\/10006800\/TalkPal\/"],"description":"Talkpal is a language learning web and mobile education app, powered by the latest AI technologies, that provides engaging experiences to its customers in many different languages to help them improve their language skills. Users can chat about unlimited amount of topics with the app and use other modes to practice their language learning.","email":"support@talkpal.ai","legalName":"Talkpal, Inc.","foundingDate":"2023-04-03","duns":"118989042","numberOfEmployees":{"@type":"QuantitativeValue","minValue":"11","maxValue":"50"},"publishingPrinciples":"https:\/\/talkpal.ai\/publishing-principles\/","actionableFeedbackPolicy":"https:\/\/talkpal.ai\/actionable-feedback-policy\/","correctionsPolicy":"https:\/\/talkpal.ai\/corrections-policy\/","ethicsPolicy":"https:\/\/talkpal.ai\/ethics-policy\/","diversityPolicy":"https:\/\/talkpal.ai\/diversity-policy\/","diversityStaffingReport":"https:\/\/talkpal.ai\/diversity-policy\/"}]}},"_links":{"self":[{"href":"https:\/\/talkpal.ai\/gl\/wp-json\/wp\/v2\/pages\/131570","targetHints":{"allow":["GET"]}}],"collection":[{"href":"https:\/\/talkpal.ai\/gl\/wp-json\/wp\/v2\/pages"}],"about":[{"href":"https:\/\/talkpal.ai\/gl\/wp-json\/wp\/v2\/types\/page"}],"author":[{"embeddable":true,"href":"https:\/\/talkpal.ai\/gl\/wp-json\/wp\/v2\/users\/1"}],"replies":[{"embeddable":true,"href":"https:\/\/talkpal.ai\/gl\/wp-json\/wp\/v2\/comments?post=131570"}],"version-history":[{"count":0,"href":"https:\/\/talkpal.ai\/gl\/wp-json\/wp\/v2\/pages\/131570\/revisions"}],"wp:featuredmedia":[{"embeddable":true,"href":"https:\/\/talkpal.ai\/gl\/wp-json\/wp\/v2\/media\/75431"}],"wp:attachment":[{"href":"https:\/\/talkpal.ai\/gl\/wp-json\/wp\/v2\/media?parent=131570"}],"curies":[{"name":"wp","href":"https:\/\/api.w.org\/{rel}","templated":true}]}}