{"id":131167,"date":"2023-05-14T13:53:24","date_gmt":"2023-05-14T13:53:24","guid":{"rendered":"http:\/\/talkpal.ai\/gramatica-ucraina\/"},"modified":"2025-12-11T16:37:33","modified_gmt":"2025-12-11T16:37:33","slug":"gramatica-ucraina","status":"publish","type":"page","link":"https:\/\/talkpal.ai\/gl\/gramatica-ucraina\/","title":{"rendered":"Gram\u00e1tica ucra\u00edna"},"content":{"rendered":"\r\n\r\n\r\n<section class=\"languageChallengeSection\">\r\n    <div class=\"languageInfoWrapper\">\r\n        \r\n        <h1>Gram\u00e1tica ucra\u00edna<\/h1>\r\n        <p>Explora a estrutura da lingua ucra\u00edna aprendendo as s\u00faas regras gramaticais esenciais. Dominar a <a href=\"https:\/\/talkpal.ai\/ukrainian-grammar\/\">gram\u00e1tica ucra\u00edna<\/a> axudarache a comunicarte con confianza e a conectar m\u00e1is profundamente coa cultura e a herdanza ucra\u00ednas. Comeza hoxe mesmo a t\u00faa viaxe gramatical en <a href=\"https:\/\/talkpal.ai\/learn-ukrainian\/\">ucra\u00edno<\/a> e d\u00e1 o primeiro paso cara \u00e1 fluidez!<\/p>\r\n\r\n                            <a class=\"getStartedHidden\" href=\"https:\/\/app.talkpal.ai\/signup?lng=\">Empeza<\/a>\r\n        \r\n    <\/div>\r\n\r\n    <figure>\r\n    <img decoding=\"async\" width=\"768\" height=\"768\" src=\"https:\/\/talkpal.ai\/wp-content\/uploads\/2023\/06\/Ukrainian-768x768.png\" class=\"languageImage no-lazy\" alt=\"Language learning - Your doorway to the world\" fetchpriority=\"high\" sizes=\"(max-width: 768px) 150px, 768px\" srcset=\"https:\/\/talkpal.ai\/wp-content\/uploads\/2023\/06\/Ukrainian-768x768.png 768w, https:\/\/talkpal.ai\/wp-content\/uploads\/2023\/06\/Ukrainian-300x300.png 300w\" \/>\r\n    \r\n\r\n    <\/figure>\r\n\r\n            <a class=\"getStartedVisible\" href=\"https:\/\/app.talkpal.ai\/signup?lng=\">Empeza<\/a>\r\n    \r\n<\/section>\r\n<section class=\"promotionalBanner\">\r\n    <p class=\"promotionalText\">A forma m\u00e1is eficaz de aprender un idioma<\/p>\r\n    <a class=\"promotionalLink\" href=\"https:\/\/app.talkpal.ai\/signup?lng=\">Proba Talkpal de balde<\/a>\r\n<\/section>\n<div class=\"wp-block-group pageContainerStyle\"><div class=\"wp-block-group__inner-container is-layout-constrained wp-block-group-is-layout-constrained\">\n<h2 class=\"wp-block-heading\" id=\"h-a-comprehensive-guide-to-mastering-ukrainian-grammar\">Unha gu\u00eda completa para dominar a gram\u00e1tica ucra\u00edna<\/h2>\n\n\n\n<p>O ucra\u00edno, unha lingua fermosa e mel\u00f3dica, suscita un crecente interese por parte dos <a href=\"https:\/\/talkpal.ai\/talkpal-discount-for-language-enthusiasts\/\">entusiastas das linguas<\/a> de todo o mundo. Aprender ucra\u00edno d\u00e1che acceso a un rico patrimonio cultural e perm\u00edteche comunicarte con mill\u00f3ns de persoas en Ucra\u00edna e pa\u00edses veci\u00f1os. A\u00ednda que mergullo na gram\u00e1tica ucra\u00edna pode resultar desalentador ao principio, ter unha base s\u00f3lida nela permitirache explorar os matices da lingua e apreciar plenamente a s\u00faa beleza. Este artigo guiarache paso a paso a trav\u00e9s dos elementos esenciais da gram\u00e1tica ucra\u00edna, equip\u00e1ndote para <a href=\"https:\/\/talkpal.ai\/ko\/ai-%ec%96%b8%ec%96%b4-%ea%b5%90%ec%82%ac\/\">comezar<\/a> con confianza a t\u00faa viaxe ling\u00fc\u00edstica.<\/p>\n\n\n\n<h3 class=\"wp-block-heading\" id=\"h-1-mastering-ukrainian-nouns-and-cases\">1. Dominar os substantivos e casos ucra\u00ednos<\/h3>\n\n\n\n<p>Unha caracter\u00edstica <a href=\"https:\/\/talkpal.ai\/locations\/language-courses-in-central\/\">central<\/a> da gram\u00e1tica ucra\u00edna \u00e9 o seu sistema de casos. Cando se usan substantivos, c\u00f3mpre co\u00f1ecer o seu x\u00e9nero (masculino, feminino ou neutro) e ter en conta o contexto que pode requirir un cambio nas s\u00faas terminaci\u00f3ns. A lingua ucra\u00edna ten sete casos:<\/p>\n\n\n\n<p>\u2013 Nominativo: o suxeito dunha oraci\u00f3n<\/p>\n\n\n\n<p>\u2013 Xenitivo: indica posesi\u00f3n, cantidade e <a href=\"https:\/\/talkpal.ai\/zh-hans\/grammar_exercises\/negacion-%e8%a5%bf%e7%8f%ad%e7%89%99%e8%af%ad%e6%b3%95%e7%bb%83%e4%b9%a0\/\">negaci\u00f3n<\/a><\/p>\n\n\n\n<p>\u2013 Dativo: obxecto indirecto ou movemento cara a unha meta<\/p>\n\n\n\n<p>\u2013 Acusativo: obxecto directo ou movemento dirixido a algo<\/p>\n\n\n\n<p>\u2013 Instrumental: denota medio ou instrumento de acci\u00f3n<\/p>\n\n\n\n<p>\u2013 Locativo: indica localizaci\u00f3n<\/p>\n\n\n\n<p>\u2013 Vocativo: \u00fasase para dirixirse ou chamar a algu\u00e9n<\/p>\n\n\n\n<p>Deber\u00e1s prestar atenci\u00f3n \u00e1s terminaci\u00f3ns e declinaci\u00f3ns dos substantivos, xa que cambian segundo o caso empregado e o x\u00e9nero e o n\u00famero do substantivo.<\/p>\n\n\n\n<h3 class=\"wp-block-heading\" id=\"h-2-navigating-the-ukrainian-verb-system\">2. Navegando polo sistema verbal ucra\u00edno<\/h3>\n\n\n\n<p>Os verbos ucra\u00ednos conx\u00faganse segundo a persoa, o n\u00famero, o tempo, o estado de \u00e1nimo e a voz. En ucra\u00edno, hai catro aspectos dos verbos: perfecto, imperfectivo, iterativo e inceptivo:<\/p>\n\n\n\n<p>\u2013 Perfectiva: indica acci\u00f3ns completadas<\/p>\n\n\n\n<p>\u2013 Imperfectivo: describe acci\u00f3ns en curso, habituais ou repetidas<\/p>\n\n\n\n<p>\u2013 Iterativo: transmite acci\u00f3ns repetidas nun intervalo especificado<\/p>\n\n\n\n<p>\u2013 Inceptivo: indica o inicio dunha acci\u00f3n<\/p>\n\n\n\n<p>Para navegar polo sistema verbal ucra\u00edno, debes familiarizarte coas tres conxugaci\u00f3ns verbais b\u00e1sicas. O proceso de conxugaci\u00f3n implica cambiar as terminaci\u00f3ns da ra\u00edz verbal segundo o tempo, o estado de \u00e1nimo e o suxeito.<\/p>\n\n\n\n<h3 class=\"wp-block-heading\" id=\"h-3-perfecting-ukrainian-adjectives-and-pronouns\">3. Perfeccionamento dos adxectivos e pronomes ucra\u00ednos<\/h3>\n\n\n\n<p>Os adxectivos en ucra\u00edno deben coincidir co substantivo que describen, en x\u00e9nero, n\u00famero e caso. Isto significa que ao usar un adxectivo, c\u00f3mpre estar atento \u00e1s s\u00faas terminaci\u00f3ns, xa que cambiar\u00e1n para ali\u00f1arse co substantivo. Ademais, os adxectivos en ucra\u00edno poden ser longas ou curtas, e cada un ten o seu uso dependendo do contexto.<\/p>\n\n\n\n<p>Os pronomes util\u00edzanse en lugar dos substantivos e tam\u00e9n deben concordar co substantivo que substit\u00faen, en x\u00e9nero, n\u00famero e caso. Os pronomes persoais en ucra\u00edno incl\u00faen &#8220;\u044f&#8221; (eu), &#8220;\u0442\u0438&#8221; (ti, singular), &#8220;\u0432\u0456\u043d\/\u0432\u043e\u043d\u0430\/\u0432\u043e\u043d\u043e&#8221; (el\/ela\/it), &#8220;\u043c\u0438&#8221; (n\u00f3s), &#8220;\u0432\u0438&#8221; (ti, plural ou formal), e &#8220;\u0432\u043e\u043d\u0438&#8221; (eles). Tam\u00e9n hai pronomes posesivos, demostrativos e relativos en ucra\u00edno.<\/p>\n\n\n\n<h3 class=\"wp-block-heading\" id=\"h-4-putting-it-all-together-sentence-structure\">4. Xuntando todo: estrutura da oraci\u00f3n<\/h3>\n\n\n\n<p>O ucra\u00edno segue a estrutura da oraci\u00f3n suxeito-verbo-obxecto (SVO), similar ao <a href=\"https:\/\/talkpal.ai\/es\/locations\/aprende-ingles-en-orange\/\">ingl\u00e9s<\/a>. Non obstante, a diferenza do ingl\u00e9s, o ucra\u00edno ten m\u00e1is flexibilidade na orde das palabras debido ao seu sistema de casos. Esta flexibilidade permite aos falantes enfatizar palabras ou ideas espec\u00edficas coloc\u00e1ndoas en varias posici\u00f3ns dentro dunha frase. A\u00ednda que dominar esta versatilidade pode levar tempo, perm\u00edteche expresarte de forma m\u00e1is art\u00edstica e flu\u00edda en ucra\u00edno.<\/p>\n\n\n\n<h3 class=\"wp-block-heading\" id=\"h-conclusion\">Conclusi\u00f3n<\/h3>\n\n\n\n<p>Mentres te embarcas na t\u00faa viaxe pola lingua ucra\u00edna, recorda que dominar a gram\u00e1tica require pr\u00e1ctica e persistencia. Familiarizarse gradualmente cos distintos aspectos da gram\u00e1tica ucra\u00edna, desde substantivos e casos ata verbos e estrutura de oraci\u00f3ns. Goza do proceso de aprendizaxe e goza da beleza e expresividade da lingua ucra\u00edna. Ben! (Boa sorte!)<\/p>\n<\/div><\/div>\n\r\n<section class=\"learnNavigationSection\">\r\n            \r\n        <a href=\"https:\/\/talkpal.ai\/gl\/aprende-ucraino\/\">\r\n            <div class=\"learnNavigationWrapper\">\r\n                <div class=\"learnNavigationContent\">\r\n                    <img decoding=\"async\" src=\"https:\/\/talkpal.ai\/wp-content\/uploads\/2024\/08\/Ukrainian.jpg\" alt=\"Ukrainian Flag\">\r\n                    <div>\r\n                        <h4>Sobre a aprendizaxe de ucra\u00edno<\/h4>\r\n                        <p>Descubre todo sobre a gram\u00e1tica ucra\u00edna.<\/p>\r\n                    <\/div>\r\n                <\/div>\r\n            <\/div>\r\n        <\/a>\r\n\r\n        \r\n        <a href=\"https:\/\/talkpal.ai\/gl\/exercicios-de-gramatica-ucraina\/\">\r\n            <div class=\"learnNavigationWrapper\">\r\n                <div class=\"learnNavigationContent\">\r\n                    <img decoding=\"async\" src=\"https:\/\/talkpal.ai\/wp-content\/uploads\/2024\/08\/Ukrainian.jpg\" alt=\"Ukrainian Flag\">\r\n                    <div>\r\n                        <h4>Exercicio de gram\u00e1tica ucra\u00edna<\/h4>\r\n                        <p>Practica a gram\u00e1tica ucra\u00edna.<\/p>\r\n                    <\/div>\r\n                <\/div>\r\n            <\/div>\r\n        <\/a>\r\n\r\n        \r\n        <a href=\"https:\/\/talkpal.ai\/vocabulary_language\/ukrainian\/\">\r\n            <div class=\"learnNavigationWrapper\">\r\n                <div class=\"learnNavigationContent\">\r\n                    <img decoding=\"async\" src=\"https:\/\/talkpal.ai\/wp-content\/uploads\/2024\/08\/Ukrainian.jpg\" alt=\"Ukrainian Flag\">\r\n                    <div>\r\n                        <h4>Vocabulario ucra\u00edno<\/h4>\r\n                        <p>Ampl\u00eda o teu vocabulario ucra\u00edno.<\/p>\r\n                    <\/div>\r\n                <\/div>\r\n            <\/div>\r\n        <\/a>\r\n\r\n            <\/section>","protected":false},"excerpt":{"rendered":"<p>Unha gu\u00eda completa para dominar a gram\u00e1tica ucra\u00edna O ucra\u00edno, unha lingua fermosa e mel\u00f3dica, suscita un crecente interese por parte dos entusiastas das linguas de todo o mundo. Aprender ucra\u00edno d\u00e1che acceso a un rico patrimonio cultural e perm\u00edteche comunicarte con mill\u00f3ns de persoas en Ucra\u00edna e pa\u00edses veci\u00f1os. A\u00ednda que mergullo na gram\u00e1tica [&hellip;]<\/p>\n","protected":false},"author":1,"featured_media":108740,"parent":0,"menu_order":0,"comment_status":"closed","ping_status":"closed","template":"LearningContentPage.php","meta":{"_acf_changed":false,"footnotes":""},"class_list":["post-131167","page","type-page","status-publish","has-post-thumbnail","hentry"],"acf":[],"yoast_head":"<!-- This site is optimized with the Yoast SEO Premium plugin v27.2 (Yoast SEO v27.2) - https:\/\/yoast.com\/product\/yoast-seo-premium-wordpress\/ -->\n<title>Gram\u00e1tica ucra\u00edna - Talkpal<\/title>\n<meta name=\"description\" content=\"Descubra a beleza da gram\u00e1tica ucra\u00edna con consellos e co\u00f1ecementos esenciais para mellorar a s\u00faa experiencia de aprendizaxe de idiomas.\" \/>\n<meta name=\"robots\" content=\"index, follow, max-snippet:-1, max-image-preview:large, max-video-preview:-1\" \/>\n<link rel=\"canonical\" href=\"https:\/\/talkpal.ai\/gl\/gramatica-ucraina\/\" \/>\n<meta property=\"og:locale\" content=\"gl_ES\" \/>\n<meta property=\"og:type\" content=\"article\" \/>\n<meta property=\"og:title\" content=\"Gram\u00e1tica ucra\u00edna\" \/>\n<meta property=\"og:description\" content=\"Unha gu\u00eda completa para dominar a gram\u00e1tica ucra\u00edna O ucra\u00edno, unha lingua fermosa e mel\u00f3dica, suscita un crecente interese por parte dos entusiastas das\" \/>\n<meta property=\"og:url\" content=\"https:\/\/talkpal.ai\/gl\/gramatica-ucraina\/\" \/>\n<meta property=\"og:site_name\" content=\"Talkpal\" \/>\n<meta property=\"article:publisher\" content=\"https:\/\/www.facebook.com\/profile.php?id=100090733639311\" \/>\n<meta property=\"article:modified_time\" content=\"2025-12-11T16:37:33+00:00\" \/>\n<meta property=\"og:image\" content=\"https:\/\/talkpal.ai\/wp-content\/uploads\/2023\/04\/ukraine.png\" \/>\n\t<meta property=\"og:image:width\" content=\"512\" \/>\n\t<meta property=\"og:image:height\" content=\"512\" \/>\n\t<meta property=\"og:image:type\" content=\"image\/png\" \/>\n<meta name=\"twitter:card\" content=\"summary_large_image\" \/>\n<meta name=\"twitter:site\" content=\"@talkpalai\" \/>\n<meta name=\"twitter:label1\" content=\"Tempo de lectura\" \/>\n\t<meta name=\"twitter:data1\" content=\"3 minutos\" \/>\n<script type=\"application\/ld+json\" class=\"yoast-schema-graph\">{\"@context\":\"https:\/\/schema.org\",\"@graph\":[{\"@type\":\"WebPage\",\"@id\":\"https:\/\/talkpal.ai\/gl\/gramatica-ucraina\/\",\"url\":\"https:\/\/talkpal.ai\/gl\/gramatica-ucraina\/\",\"name\":\"Gram\u00e1tica ucra\u00edna - Talkpal\",\"isPartOf\":{\"@id\":\"https:\/\/talkpal.ai\/gl\/#website\"},\"primaryImageOfPage\":{\"@id\":\"https:\/\/talkpal.ai\/gl\/gramatica-ucraina\/#primaryimage\"},\"image\":{\"@id\":\"https:\/\/talkpal.ai\/gl\/gramatica-ucraina\/#primaryimage\"},\"thumbnailUrl\":\"https:\/\/talkpal.ai\/wp-content\/uploads\/2023\/04\/ukraine.png\",\"datePublished\":\"2023-05-14T13:53:24+00:00\",\"dateModified\":\"2025-12-11T16:37:33+00:00\",\"description\":\"Descubra a beleza da gram\u00e1tica ucra\u00edna con consellos e co\u00f1ecementos esenciais para mellorar a s\u00faa experiencia de aprendizaxe de idiomas.\",\"breadcrumb\":{\"@id\":\"https:\/\/talkpal.ai\/gl\/gramatica-ucraina\/#breadcrumb\"},\"inLanguage\":\"gl-ES\",\"potentialAction\":[{\"@type\":\"ReadAction\",\"target\":[\"https:\/\/talkpal.ai\/gl\/gramatica-ucraina\/\"]}]},{\"@type\":\"ImageObject\",\"inLanguage\":\"gl-ES\",\"@id\":\"https:\/\/talkpal.ai\/gl\/gramatica-ucraina\/#primaryimage\",\"url\":\"https:\/\/talkpal.ai\/wp-content\/uploads\/2023\/04\/ukraine.png\",\"contentUrl\":\"https:\/\/talkpal.ai\/wp-content\/uploads\/2023\/04\/ukraine.png\",\"width\":512,\"height\":512,\"caption\":\"TalkPal Ukrainian Flag\"},{\"@type\":\"BreadcrumbList\",\"@id\":\"https:\/\/talkpal.ai\/gl\/gramatica-ucraina\/#breadcrumb\",\"itemListElement\":[{\"@type\":\"ListItem\",\"position\":1,\"name\":\"Homepage\",\"item\":\"https:\/\/talkpal.ai\/gl\/\"},{\"@type\":\"ListItem\",\"position\":2,\"name\":\"Gram\u00e1tica ucra\u00edna\"}]},{\"@type\":\"WebSite\",\"@id\":\"https:\/\/talkpal.ai\/gl\/#website\",\"url\":\"https:\/\/talkpal.ai\/gl\/\",\"name\":\"Talkpal\",\"description\":\"AI Language Learning\",\"publisher\":{\"@id\":\"https:\/\/talkpal.ai\/gl\/#organization\"},\"alternateName\":\"Talkpal AI\",\"potentialAction\":[{\"@type\":\"SearchAction\",\"target\":{\"@type\":\"EntryPoint\",\"urlTemplate\":\"https:\/\/talkpal.ai\/gl\/?s={search_term_string}\"},\"query-input\":{\"@type\":\"PropertyValueSpecification\",\"valueRequired\":true,\"valueName\":\"search_term_string\"}}],\"inLanguage\":\"gl-ES\"},{\"@type\":\"Organization\",\"@id\":\"https:\/\/talkpal.ai\/gl\/#organization\",\"name\":\"Talkpal, Inc.\",\"alternateName\":\"Talkpal AI\",\"url\":\"https:\/\/talkpal.ai\/gl\/\",\"logo\":{\"@type\":\"ImageObject\",\"inLanguage\":\"gl-ES\",\"@id\":\"https:\/\/talkpal.ai\/gl\/#\/schema\/logo\/image\/\",\"url\":\"https:\/\/talkpal.ai\/wp-content\/uploads\/2024\/03\/Talkpal-Logo-Icon.png\",\"contentUrl\":\"https:\/\/talkpal.ai\/wp-content\/uploads\/2024\/03\/Talkpal-Logo-Icon.png\",\"width\":2880,\"height\":2880,\"caption\":\"Talkpal, Inc.\"},\"image\":{\"@id\":\"https:\/\/talkpal.ai\/gl\/#\/schema\/logo\/image\/\"},\"sameAs\":[\"https:\/\/www.facebook.com\/profile.php?id=100090733639311\",\"https:\/\/x.com\/talkpalai\",\"https:\/\/www.linkedin.com\/company\/talkpal\/\",\"https:\/\/www.youtube.com\/@TalkPal\/\",\"https:\/\/www.tiktok.com\/@talkpal\",\"https:\/\/www.instagram.com\/talkpal_ai\/\",\"https:\/\/www.crunchbase.com\/organization\/talkpal-9cde\",\"https:\/\/www.g2.com\/products\/talkpal-for-business\/\",\"https:\/\/www.trustpilot.com\/review\/talkpal.ai\",\"https:\/\/www.capterra.com\/p\/10006800\/TalkPal\/\"],\"description\":\"Talkpal is a language learning web and mobile education app, powered by the latest AI technologies, that provides engaging experiences to its customers in many different languages to help them improve their language skills. Users can chat about unlimited amount of topics with the app and use other modes to practice their language learning.\",\"email\":\"support@talkpal.ai\",\"legalName\":\"Talkpal, Inc.\",\"foundingDate\":\"2023-04-03\",\"duns\":\"118989042\",\"numberOfEmployees\":{\"@type\":\"QuantitativeValue\",\"minValue\":\"11\",\"maxValue\":\"50\"},\"publishingPrinciples\":\"https:\/\/talkpal.ai\/publishing-principles\/\",\"actionableFeedbackPolicy\":\"https:\/\/talkpal.ai\/actionable-feedback-policy\/\",\"correctionsPolicy\":\"https:\/\/talkpal.ai\/corrections-policy\/\",\"ethicsPolicy\":\"https:\/\/talkpal.ai\/ethics-policy\/\",\"diversityPolicy\":\"https:\/\/talkpal.ai\/diversity-policy\/\",\"diversityStaffingReport\":\"https:\/\/talkpal.ai\/diversity-policy\/\"}]}<\/script>\n<!-- \/ Yoast SEO Premium plugin. -->","yoast_head_json":{"title":"Gram\u00e1tica ucra\u00edna - Talkpal","description":"Descubra a beleza da gram\u00e1tica ucra\u00edna con consellos e co\u00f1ecementos esenciais para mellorar a s\u00faa experiencia de aprendizaxe de idiomas.","robots":{"index":"index","follow":"follow","max-snippet":"max-snippet:-1","max-image-preview":"max-image-preview:large","max-video-preview":"max-video-preview:-1"},"canonical":"https:\/\/talkpal.ai\/gl\/gramatica-ucraina\/","og_locale":"gl_ES","og_type":"article","og_title":"Gram\u00e1tica ucra\u00edna","og_description":"Unha gu\u00eda completa para dominar a gram\u00e1tica ucra\u00edna O ucra\u00edno, unha lingua fermosa e mel\u00f3dica, suscita un crecente interese por parte dos entusiastas das","og_url":"https:\/\/talkpal.ai\/gl\/gramatica-ucraina\/","og_site_name":"Talkpal","article_publisher":"https:\/\/www.facebook.com\/profile.php?id=100090733639311","article_modified_time":"2025-12-11T16:37:33+00:00","og_image":[{"width":512,"height":512,"url":"https:\/\/talkpal.ai\/wp-content\/uploads\/2023\/04\/ukraine.png","type":"image\/png"}],"twitter_card":"summary_large_image","twitter_site":"@talkpalai","twitter_misc":{"Tempo de lectura":"3 minutos"},"schema":{"@context":"https:\/\/schema.org","@graph":[{"@type":"WebPage","@id":"https:\/\/talkpal.ai\/gl\/gramatica-ucraina\/","url":"https:\/\/talkpal.ai\/gl\/gramatica-ucraina\/","name":"Gram\u00e1tica ucra\u00edna - Talkpal","isPartOf":{"@id":"https:\/\/talkpal.ai\/gl\/#website"},"primaryImageOfPage":{"@id":"https:\/\/talkpal.ai\/gl\/gramatica-ucraina\/#primaryimage"},"image":{"@id":"https:\/\/talkpal.ai\/gl\/gramatica-ucraina\/#primaryimage"},"thumbnailUrl":"https:\/\/talkpal.ai\/wp-content\/uploads\/2023\/04\/ukraine.png","datePublished":"2023-05-14T13:53:24+00:00","dateModified":"2025-12-11T16:37:33+00:00","description":"Descubra a beleza da gram\u00e1tica ucra\u00edna con consellos e co\u00f1ecementos esenciais para mellorar a s\u00faa experiencia de aprendizaxe de idiomas.","breadcrumb":{"@id":"https:\/\/talkpal.ai\/gl\/gramatica-ucraina\/#breadcrumb"},"inLanguage":"gl-ES","potentialAction":[{"@type":"ReadAction","target":["https:\/\/talkpal.ai\/gl\/gramatica-ucraina\/"]}]},{"@type":"ImageObject","inLanguage":"gl-ES","@id":"https:\/\/talkpal.ai\/gl\/gramatica-ucraina\/#primaryimage","url":"https:\/\/talkpal.ai\/wp-content\/uploads\/2023\/04\/ukraine.png","contentUrl":"https:\/\/talkpal.ai\/wp-content\/uploads\/2023\/04\/ukraine.png","width":512,"height":512,"caption":"TalkPal Ukrainian Flag"},{"@type":"BreadcrumbList","@id":"https:\/\/talkpal.ai\/gl\/gramatica-ucraina\/#breadcrumb","itemListElement":[{"@type":"ListItem","position":1,"name":"Homepage","item":"https:\/\/talkpal.ai\/gl\/"},{"@type":"ListItem","position":2,"name":"Gram\u00e1tica ucra\u00edna"}]},{"@type":"WebSite","@id":"https:\/\/talkpal.ai\/gl\/#website","url":"https:\/\/talkpal.ai\/gl\/","name":"Talkpal","description":"AI Language Learning","publisher":{"@id":"https:\/\/talkpal.ai\/gl\/#organization"},"alternateName":"Talkpal AI","potentialAction":[{"@type":"SearchAction","target":{"@type":"EntryPoint","urlTemplate":"https:\/\/talkpal.ai\/gl\/?s={search_term_string}"},"query-input":{"@type":"PropertyValueSpecification","valueRequired":true,"valueName":"search_term_string"}}],"inLanguage":"gl-ES"},{"@type":"Organization","@id":"https:\/\/talkpal.ai\/gl\/#organization","name":"Talkpal, Inc.","alternateName":"Talkpal AI","url":"https:\/\/talkpal.ai\/gl\/","logo":{"@type":"ImageObject","inLanguage":"gl-ES","@id":"https:\/\/talkpal.ai\/gl\/#\/schema\/logo\/image\/","url":"https:\/\/talkpal.ai\/wp-content\/uploads\/2024\/03\/Talkpal-Logo-Icon.png","contentUrl":"https:\/\/talkpal.ai\/wp-content\/uploads\/2024\/03\/Talkpal-Logo-Icon.png","width":2880,"height":2880,"caption":"Talkpal, Inc."},"image":{"@id":"https:\/\/talkpal.ai\/gl\/#\/schema\/logo\/image\/"},"sameAs":["https:\/\/www.facebook.com\/profile.php?id=100090733639311","https:\/\/x.com\/talkpalai","https:\/\/www.linkedin.com\/company\/talkpal\/","https:\/\/www.youtube.com\/@TalkPal\/","https:\/\/www.tiktok.com\/@talkpal","https:\/\/www.instagram.com\/talkpal_ai\/","https:\/\/www.crunchbase.com\/organization\/talkpal-9cde","https:\/\/www.g2.com\/products\/talkpal-for-business\/","https:\/\/www.trustpilot.com\/review\/talkpal.ai","https:\/\/www.capterra.com\/p\/10006800\/TalkPal\/"],"description":"Talkpal is a language learning web and mobile education app, powered by the latest AI technologies, that provides engaging experiences to its customers in many different languages to help them improve their language skills. Users can chat about unlimited amount of topics with the app and use other modes to practice their language learning.","email":"support@talkpal.ai","legalName":"Talkpal, Inc.","foundingDate":"2023-04-03","duns":"118989042","numberOfEmployees":{"@type":"QuantitativeValue","minValue":"11","maxValue":"50"},"publishingPrinciples":"https:\/\/talkpal.ai\/publishing-principles\/","actionableFeedbackPolicy":"https:\/\/talkpal.ai\/actionable-feedback-policy\/","correctionsPolicy":"https:\/\/talkpal.ai\/corrections-policy\/","ethicsPolicy":"https:\/\/talkpal.ai\/ethics-policy\/","diversityPolicy":"https:\/\/talkpal.ai\/diversity-policy\/","diversityStaffingReport":"https:\/\/talkpal.ai\/diversity-policy\/"}]}},"_links":{"self":[{"href":"https:\/\/talkpal.ai\/gl\/wp-json\/wp\/v2\/pages\/131167","targetHints":{"allow":["GET"]}}],"collection":[{"href":"https:\/\/talkpal.ai\/gl\/wp-json\/wp\/v2\/pages"}],"about":[{"href":"https:\/\/talkpal.ai\/gl\/wp-json\/wp\/v2\/types\/page"}],"author":[{"embeddable":true,"href":"https:\/\/talkpal.ai\/gl\/wp-json\/wp\/v2\/users\/1"}],"replies":[{"embeddable":true,"href":"https:\/\/talkpal.ai\/gl\/wp-json\/wp\/v2\/comments?post=131167"}],"version-history":[{"count":0,"href":"https:\/\/talkpal.ai\/gl\/wp-json\/wp\/v2\/pages\/131167\/revisions"}],"wp:featuredmedia":[{"embeddable":true,"href":"https:\/\/talkpal.ai\/gl\/wp-json\/wp\/v2\/media\/108740"}],"wp:attachment":[{"href":"https:\/\/talkpal.ai\/gl\/wp-json\/wp\/v2\/media?parent=131167"}],"curies":[{"name":"wp","href":"https:\/\/api.w.org\/{rel}","templated":true}]}}