{"id":130780,"date":"2023-05-14T13:53:07","date_gmt":"2023-05-14T13:53:07","guid":{"rendered":"http:\/\/talkpal.ai\/gramatica-sueca\/"},"modified":"2025-12-11T16:33:34","modified_gmt":"2025-12-11T16:33:34","slug":"gramatica-sueca","status":"publish","type":"page","link":"https:\/\/talkpal.ai\/gl\/gramatica-sueca\/","title":{"rendered":"Gram\u00e1tica sueca"},"content":{"rendered":"\r\n\r\n\r\n<section class=\"languageChallengeSection\">\r\n    <div class=\"languageInfoWrapper\">\r\n        \r\n        <h1>Gram\u00e1tica sueca<\/h1>\r\n        <p>Descubra a beleza da lingua <a href=\"https:\/\/talkpal.ai\/locations\/language-courses-in-sueca\/\">sueca<\/a> dominando as s\u00faas regras gramaticais esenciais. Un s\u00f3lido co\u00f1ecemento da <a href=\"https:\/\/talkpal.ai\/es\/gramatica-sueca\/\">gram\u00e1tica sueca<\/a> permitirache comunicarte con confianza e conectar coa cultura sueca. Comeza a aprender gram\u00e1tica sueca hoxe mesmo e d\u00e1 o teu primeiro paso cara \u00e1 fluidez!<\/p>\r\n\r\n                            <a class=\"getStartedHidden\" href=\"https:\/\/app.talkpal.ai\/signup?lng=\">Empeza<\/a>\r\n        \r\n    <\/div>\r\n\r\n    <figure>\r\n    <img decoding=\"async\" width=\"768\" height=\"768\" src=\"https:\/\/talkpal.ai\/wp-content\/uploads\/2023\/06\/swedish-768x768.png\" class=\"languageImage no-lazy\" alt=\"Language learning for improved concentration\" fetchpriority=\"high\" sizes=\"(max-width: 768px) 150px, 768px\" srcset=\"https:\/\/talkpal.ai\/wp-content\/uploads\/2023\/06\/swedish-768x768.png 768w, https:\/\/talkpal.ai\/wp-content\/uploads\/2023\/06\/swedish-300x300.png 300w\" \/>\r\n    \r\n\r\n    <\/figure>\r\n\r\n            <a class=\"getStartedVisible\" href=\"https:\/\/app.talkpal.ai\/signup?lng=\">Empeza<\/a>\r\n    \r\n<\/section>\r\n<section class=\"promotionalBanner\">\r\n    <p class=\"promotionalText\">A forma m\u00e1is eficaz de aprender un idioma<\/p>\r\n    <a class=\"promotionalLink\" href=\"https:\/\/app.talkpal.ai\/signup?lng=\">Proba Talkpal de balde<\/a>\r\n<\/section>\n<div class=\"wp-block-group pageContainerStyle\"><div class=\"wp-block-group__inner-container is-layout-constrained wp-block-group-is-layout-constrained\">\n<h2 class=\"wp-block-heading\" id=\"h-demystifying-swedish-grammar-a-comprehensive-guide-to-master-its-rules-and-nuances\">Desmitificando a gram\u00e1tica sueca: unha gu\u00eda completa para dominar as s\u00faas regras e matices<\/h2>\n\n\n\n<p>O <a href=\"https:\/\/talkpal.ai\/learn-swedish\/\">sueco<\/a>, falado por aproximadamente 10 mill\u00f3ns de persoas, \u00e9 unha lingua rica e mel\u00f3dica pertencente \u00e1 familia xerm\u00e1nica do norte. A\u00ednda que a gram\u00e1tica sueca \u00e9 relativamente sinxela en comparaci\u00f3n con outras linguas, comprender as s\u00faas regras e estrutura \u00e9 fundamental para mellorar a s\u00faa <a href=\"https:\/\/talkpal.ai\/es\/como-los-programas-de-intercambio-cultural-pueden-enriquecer-tu-competencia-linguistica\/\">competencia ling\u00fc\u00edstica<\/a>. Neste artigo, guiar\u00e9mosche a trav\u00e9s dos aspectos fundamentais da gram\u00e1tica sueca e proporcionar\u00e9mosche consellos \u00fatiles para mellorar as t\u00faas habilidades en sueco.<\/p>\n\n\n\n<h3 class=\"wp-block-heading\" id=\"h-essential-components-of-swedish-grammar\">Compo\u00f1entes esenciais da gram\u00e1tica sueca:<\/h3>\n\n\n\n<p>A gram\u00e1tica sueca comparte semellanzas coa <a href=\"https:\/\/talkpal.ai\/pt-pt\/o-que-ha-de-especial-na-gramatica-inglesa\/\">gram\u00e1tica inglesa<\/a>, polo que \u00e9 m\u00e1is doado para os falantes de <a href=\"https:\/\/talkpal.ai\/es\/locations\/aprende-ingles-en-orange\/\">ingl\u00e9s<\/a>. Aqu\u00ed <a href=\"https:\/\/talkpal.ai\/talkpal-discount-for-test-takers-e-g-toefl-ielts\/\">tes<\/a> alg\u00fans aspectos cr\u00edticos da gram\u00e1tica sueca que mereces familiarizarte:<\/p>\n\n\n\n<p><strong>1. Substantivos:<\/strong> os substantivos suecos div\u00eddense en dous x\u00e9neros gramaticais: com\u00fan (en) e neutro (ett). Cada substantivo pertence a unha destas categor\u00edas, o que \u00e9 importante ter en conta cando se usan artigos indefinidos e determinados. Os substantivos suecos tam\u00e9n te\u00f1en formas plurais, con varios patr\u00f3ns distintos para lembrar.<\/p>\n\n\n\n<p><strong>2. Adxectivos:<\/strong> os adxectivos en sueco concordan co x\u00e9nero do substantivo. Segundo o x\u00e9nero do substantivo, hai tres formas de adxectivos: positivo, comparativo e superlativo. Os adxectivos tam\u00e9n coinciden en n\u00famero (singular ou plural).<\/p>\n\n\n\n<p><strong>3. Verbos:<\/strong> os verbos suecos clasif\u00edcanse en catro grupos, cada un co seu patr\u00f3n de conxugaci\u00f3n. Os verbos conx\u00faganse en funci\u00f3n do tempo (presente, pasado ou futuro) pero non se conxugan segundo o suxeito, como en ingl\u00e9s. Pola contra, as formas verbais suecas permanecen consistentes independentemente do suxeito. Ademais, os verbos suecos non te\u00f1en formas continuas (\u00e9 dicir, -ing) como en ingl\u00e9s.<\/p>\n\n\n\n<p><strong>4. Estrutura da oraci\u00f3n:<\/strong> a estrutura da oraci\u00f3n sueca adoita ser Suxeito-Verbo-Obxecto (SVO), moi parecido ao ingl\u00e9s. Non obstante, o sueco adoita empregar a regra da orde de palabras V2, onde o verbo aparece en segunda posici\u00f3n en oraci\u00f3ns e preguntas declarativas.<\/p>\n\n\n\n<h3 class=\"wp-block-heading\" id=\"h-tips-for-learning-swedish-grammar\">Consellos para aprender a gram\u00e1tica sueca:<\/h3>\n\n\n\n<p>Para facilitar a t\u00faa viaxe de aprendizaxe da gram\u00e1tica sueca, aqu\u00ed tes alg\u00fans consellos pr\u00e1cticos a seguir:<\/p>\n\n\n\n<p><strong>1. Practica con regularidade:<\/strong> a coherencia \u00e9 fundamental. Asignar tempo cada d\u00eda ou semana para practicar exercicios gramaticais, ler e escribir en sueco.<\/p>\n\n\n\n<p><strong>2. Usa recursos nativos:<\/strong> merg\u00fallate en materiais suecos nativos como literatura, artigos de noticias e podcasts. Isto non s\u00f3 axudarache a comprender a gram\u00e1tica sueca en contexto, sen\u00f3n que tam\u00e9n mellorar\u00e1 as t\u00faas habilidades de lectura e escoita.<\/p>\n\n\n\n<p><strong>3. Aprende x\u00e9neros e plurais dos substantivos:<\/strong> \u00e9 fundamental memorizar o x\u00e9nero (en ou ett) e as formas plurais dos substantivos suecos. Practicar ao longo do tempo axudarache a interiorizar estas regras.<\/p>\n\n\n\n<p><strong>4. Conecta con falantes nativos:<\/strong> participar en conversas con falantes nativos suecos permitirache practicar a gram\u00e1tica e recibir comentarios valiosos. Considera unirte a grupos de intercambio ling\u00fc\u00edstico ou a foros en li\u00f1a para conectar con persoas de fala sueca.<\/p>\n\n\n\n<p><strong>5. Sexa paciente e persistente:<\/strong> Lembra que aprender gram\u00e1tica \u00e9 un proceso. Mantente comprometido, segue practicando e celebra o progreso ao longo do cami\u00f1o.<\/p>\n\n\n\n<h2 class=\"wp-block-heading\" id=\"h-conclusion\">Conclusi\u00f3n:<\/h2>\n\n\n\n<p>A gram\u00e1tica sueca, a\u00ednda que aparentemente complexa, p\u00f3dese dominar con dedicaci\u00f3n e entendendo os seus compo\u00f1entes integrais. Seguindo as nosas suxesti\u00f3ns e mergull\u00e1ndote no idioma, ver\u00e1s unha mellora constante das t\u00faas habilidades en sueco. Acepta o reto e goza da viaxe cara ao dominio gramatical sueco!<\/p>\n<\/div><\/div>\n\r\n<section class=\"learnNavigationSection\">\r\n            \r\n        <a href=\"https:\/\/talkpal.ai\/gl\/aprende-sueco\/\">\r\n            <div class=\"learnNavigationWrapper\">\r\n                <div class=\"learnNavigationContent\">\r\n                    <img decoding=\"async\" src=\"https:\/\/talkpal.ai\/wp-content\/uploads\/2024\/08\/Swedish.jpg\" alt=\"Swedish Flag\">\r\n                    <div>\r\n                        <h4>Sobre a aprendizaxe do sueco<\/h4>\r\n                        <p>Descubre todo sobre a gram\u00e1tica sueca.<\/p>\r\n                    <\/div>\r\n                <\/div>\r\n            <\/div>\r\n        <\/a>\r\n\r\n        \r\n        <a href=\"https:\/\/talkpal.ai\/gl\/exercicios-de-gramatica-sueca\/\">\r\n            <div class=\"learnNavigationWrapper\">\r\n                <div class=\"learnNavigationContent\">\r\n                    <img decoding=\"async\" src=\"https:\/\/talkpal.ai\/wp-content\/uploads\/2024\/08\/Swedish.jpg\" alt=\"Swedish Flag\">\r\n                    <div>\r\n                        <h4>Exercicio de gram\u00e1tica sueca<\/h4>\r\n                        <p>Practica a gram\u00e1tica sueca.<\/p>\r\n                    <\/div>\r\n                <\/div>\r\n            <\/div>\r\n        <\/a>\r\n\r\n        \r\n        <a href=\"https:\/\/talkpal.ai\/vocabulary_language\/swedish\/\">\r\n            <div class=\"learnNavigationWrapper\">\r\n                <div class=\"learnNavigationContent\">\r\n                    <img decoding=\"async\" src=\"https:\/\/talkpal.ai\/wp-content\/uploads\/2024\/08\/Swedish.jpg\" alt=\"Swedish Flag\">\r\n                    <div>\r\n                        <h4>Vocabulario sueco<\/h4>\r\n                        <p>Ampl\u00eda o teu vocabulario sueco.<\/p>\r\n                    <\/div>\r\n                <\/div>\r\n            <\/div>\r\n        <\/a>\r\n\r\n            <\/section>","protected":false},"excerpt":{"rendered":"<p>Desmitificando a gram\u00e1tica sueca: unha gu\u00eda completa para dominar as s\u00faas regras e matices O sueco, falado por aproximadamente 10 mill\u00f3ns de persoas, \u00e9 unha lingua rica e mel\u00f3dica pertencente \u00e1 familia xerm\u00e1nica do norte. A\u00ednda que a gram\u00e1tica sueca \u00e9 relativamente sinxela en comparaci\u00f3n con outras linguas, comprender as s\u00faas regras e estrutura \u00e9 [&hellip;]<\/p>\n","protected":false},"author":1,"featured_media":108433,"parent":0,"menu_order":0,"comment_status":"closed","ping_status":"closed","template":"LearningContentPage.php","meta":{"_acf_changed":false,"footnotes":""},"class_list":["post-130780","page","type-page","status-publish","has-post-thumbnail","hentry"],"acf":[],"yoast_head":"<!-- This site is optimized with the Yoast SEO Premium plugin v27.2 (Yoast SEO v27.2) - https:\/\/yoast.com\/product\/yoast-seo-premium-wordpress\/ -->\n<title>Gram\u00e1tica sueca - Talkpal<\/title>\n<meta name=\"description\" content=\"Desvela os segredos da gram\u00e1tica sueca para mellorar as t\u00faas habilidades ling\u00fc\u00edsticas con regras fundamentais e consellos \u00fatiles.\" \/>\n<meta name=\"robots\" content=\"index, follow, max-snippet:-1, max-image-preview:large, max-video-preview:-1\" \/>\n<link rel=\"canonical\" href=\"https:\/\/talkpal.ai\/gl\/gramatica-sueca\/\" \/>\n<meta property=\"og:locale\" content=\"gl_ES\" \/>\n<meta property=\"og:type\" content=\"article\" \/>\n<meta property=\"og:title\" content=\"Gram\u00e1tica sueca\" \/>\n<meta property=\"og:description\" content=\"Desmitificando a gram\u00e1tica sueca: unha gu\u00eda completa para dominar as s\u00faas regras e matices O sueco, falado por aproximadamente 10 mill\u00f3ns de persoas, \u00e9\" \/>\n<meta property=\"og:url\" content=\"https:\/\/talkpal.ai\/gl\/gramatica-sueca\/\" \/>\n<meta property=\"og:site_name\" content=\"Talkpal\" \/>\n<meta property=\"article:publisher\" content=\"https:\/\/www.facebook.com\/profile.php?id=100090733639311\" \/>\n<meta property=\"article:modified_time\" content=\"2025-12-11T16:33:34+00:00\" \/>\n<meta property=\"og:image\" content=\"https:\/\/talkpal.ai\/wp-content\/uploads\/2023\/04\/sweden.png\" \/>\n\t<meta property=\"og:image:width\" content=\"512\" \/>\n\t<meta property=\"og:image:height\" content=\"512\" \/>\n\t<meta property=\"og:image:type\" content=\"image\/png\" \/>\n<meta name=\"twitter:card\" content=\"summary_large_image\" \/>\n<meta name=\"twitter:site\" content=\"@talkpalai\" \/>\n<meta name=\"twitter:label1\" content=\"Tempo de lectura\" \/>\n\t<meta name=\"twitter:data1\" content=\"3 minutos\" \/>\n<script type=\"application\/ld+json\" class=\"yoast-schema-graph\">{\"@context\":\"https:\/\/schema.org\",\"@graph\":[{\"@type\":\"WebPage\",\"@id\":\"https:\/\/talkpal.ai\/gl\/gramatica-sueca\/\",\"url\":\"https:\/\/talkpal.ai\/gl\/gramatica-sueca\/\",\"name\":\"Gram\u00e1tica sueca - Talkpal\",\"isPartOf\":{\"@id\":\"https:\/\/talkpal.ai\/gl\/#website\"},\"primaryImageOfPage\":{\"@id\":\"https:\/\/talkpal.ai\/gl\/gramatica-sueca\/#primaryimage\"},\"image\":{\"@id\":\"https:\/\/talkpal.ai\/gl\/gramatica-sueca\/#primaryimage\"},\"thumbnailUrl\":\"https:\/\/talkpal.ai\/wp-content\/uploads\/2023\/04\/sweden.png\",\"datePublished\":\"2023-05-14T13:53:07+00:00\",\"dateModified\":\"2025-12-11T16:33:34+00:00\",\"description\":\"Desvela os segredos da gram\u00e1tica sueca para mellorar as t\u00faas habilidades ling\u00fc\u00edsticas con regras fundamentais e consellos \u00fatiles.\",\"breadcrumb\":{\"@id\":\"https:\/\/talkpal.ai\/gl\/gramatica-sueca\/#breadcrumb\"},\"inLanguage\":\"gl-ES\",\"potentialAction\":[{\"@type\":\"ReadAction\",\"target\":[\"https:\/\/talkpal.ai\/gl\/gramatica-sueca\/\"]}]},{\"@type\":\"ImageObject\",\"inLanguage\":\"gl-ES\",\"@id\":\"https:\/\/talkpal.ai\/gl\/gramatica-sueca\/#primaryimage\",\"url\":\"https:\/\/talkpal.ai\/wp-content\/uploads\/2023\/04\/sweden.png\",\"contentUrl\":\"https:\/\/talkpal.ai\/wp-content\/uploads\/2023\/04\/sweden.png\",\"width\":512,\"height\":512},{\"@type\":\"BreadcrumbList\",\"@id\":\"https:\/\/talkpal.ai\/gl\/gramatica-sueca\/#breadcrumb\",\"itemListElement\":[{\"@type\":\"ListItem\",\"position\":1,\"name\":\"Homepage\",\"item\":\"https:\/\/talkpal.ai\/gl\/\"},{\"@type\":\"ListItem\",\"position\":2,\"name\":\"Gram\u00e1tica sueca\"}]},{\"@type\":\"WebSite\",\"@id\":\"https:\/\/talkpal.ai\/gl\/#website\",\"url\":\"https:\/\/talkpal.ai\/gl\/\",\"name\":\"Talkpal\",\"description\":\"AI Language Learning\",\"publisher\":{\"@id\":\"https:\/\/talkpal.ai\/gl\/#organization\"},\"alternateName\":\"Talkpal AI\",\"potentialAction\":[{\"@type\":\"SearchAction\",\"target\":{\"@type\":\"EntryPoint\",\"urlTemplate\":\"https:\/\/talkpal.ai\/gl\/?s={search_term_string}\"},\"query-input\":{\"@type\":\"PropertyValueSpecification\",\"valueRequired\":true,\"valueName\":\"search_term_string\"}}],\"inLanguage\":\"gl-ES\"},{\"@type\":\"Organization\",\"@id\":\"https:\/\/talkpal.ai\/gl\/#organization\",\"name\":\"Talkpal, Inc.\",\"alternateName\":\"Talkpal AI\",\"url\":\"https:\/\/talkpal.ai\/gl\/\",\"logo\":{\"@type\":\"ImageObject\",\"inLanguage\":\"gl-ES\",\"@id\":\"https:\/\/talkpal.ai\/gl\/#\/schema\/logo\/image\/\",\"url\":\"https:\/\/talkpal.ai\/wp-content\/uploads\/2024\/03\/Talkpal-Logo-Icon.png\",\"contentUrl\":\"https:\/\/talkpal.ai\/wp-content\/uploads\/2024\/03\/Talkpal-Logo-Icon.png\",\"width\":2880,\"height\":2880,\"caption\":\"Talkpal, Inc.\"},\"image\":{\"@id\":\"https:\/\/talkpal.ai\/gl\/#\/schema\/logo\/image\/\"},\"sameAs\":[\"https:\/\/www.facebook.com\/profile.php?id=100090733639311\",\"https:\/\/x.com\/talkpalai\",\"https:\/\/www.linkedin.com\/company\/talkpal\/\",\"https:\/\/www.youtube.com\/@TalkPal\/\",\"https:\/\/www.tiktok.com\/@talkpal\",\"https:\/\/www.instagram.com\/talkpal_ai\/\",\"https:\/\/www.crunchbase.com\/organization\/talkpal-9cde\",\"https:\/\/www.g2.com\/products\/talkpal-for-business\/\",\"https:\/\/www.trustpilot.com\/review\/talkpal.ai\",\"https:\/\/www.capterra.com\/p\/10006800\/TalkPal\/\"],\"description\":\"Talkpal is a language learning web and mobile education app, powered by the latest AI technologies, that provides engaging experiences to its customers in many different languages to help them improve their language skills. Users can chat about unlimited amount of topics with the app and use other modes to practice their language learning.\",\"email\":\"support@talkpal.ai\",\"legalName\":\"Talkpal, Inc.\",\"foundingDate\":\"2023-04-03\",\"duns\":\"118989042\",\"numberOfEmployees\":{\"@type\":\"QuantitativeValue\",\"minValue\":\"11\",\"maxValue\":\"50\"},\"publishingPrinciples\":\"https:\/\/talkpal.ai\/publishing-principles\/\",\"actionableFeedbackPolicy\":\"https:\/\/talkpal.ai\/actionable-feedback-policy\/\",\"correctionsPolicy\":\"https:\/\/talkpal.ai\/corrections-policy\/\",\"ethicsPolicy\":\"https:\/\/talkpal.ai\/ethics-policy\/\",\"diversityPolicy\":\"https:\/\/talkpal.ai\/diversity-policy\/\",\"diversityStaffingReport\":\"https:\/\/talkpal.ai\/diversity-policy\/\"}]}<\/script>\n<!-- \/ Yoast SEO Premium plugin. -->","yoast_head_json":{"title":"Gram\u00e1tica sueca - Talkpal","description":"Desvela os segredos da gram\u00e1tica sueca para mellorar as t\u00faas habilidades ling\u00fc\u00edsticas con regras fundamentais e consellos \u00fatiles.","robots":{"index":"index","follow":"follow","max-snippet":"max-snippet:-1","max-image-preview":"max-image-preview:large","max-video-preview":"max-video-preview:-1"},"canonical":"https:\/\/talkpal.ai\/gl\/gramatica-sueca\/","og_locale":"gl_ES","og_type":"article","og_title":"Gram\u00e1tica sueca","og_description":"Desmitificando a gram\u00e1tica sueca: unha gu\u00eda completa para dominar as s\u00faas regras e matices O sueco, falado por aproximadamente 10 mill\u00f3ns de persoas, \u00e9","og_url":"https:\/\/talkpal.ai\/gl\/gramatica-sueca\/","og_site_name":"Talkpal","article_publisher":"https:\/\/www.facebook.com\/profile.php?id=100090733639311","article_modified_time":"2025-12-11T16:33:34+00:00","og_image":[{"width":512,"height":512,"url":"https:\/\/talkpal.ai\/wp-content\/uploads\/2023\/04\/sweden.png","type":"image\/png"}],"twitter_card":"summary_large_image","twitter_site":"@talkpalai","twitter_misc":{"Tempo de lectura":"3 minutos"},"schema":{"@context":"https:\/\/schema.org","@graph":[{"@type":"WebPage","@id":"https:\/\/talkpal.ai\/gl\/gramatica-sueca\/","url":"https:\/\/talkpal.ai\/gl\/gramatica-sueca\/","name":"Gram\u00e1tica sueca - Talkpal","isPartOf":{"@id":"https:\/\/talkpal.ai\/gl\/#website"},"primaryImageOfPage":{"@id":"https:\/\/talkpal.ai\/gl\/gramatica-sueca\/#primaryimage"},"image":{"@id":"https:\/\/talkpal.ai\/gl\/gramatica-sueca\/#primaryimage"},"thumbnailUrl":"https:\/\/talkpal.ai\/wp-content\/uploads\/2023\/04\/sweden.png","datePublished":"2023-05-14T13:53:07+00:00","dateModified":"2025-12-11T16:33:34+00:00","description":"Desvela os segredos da gram\u00e1tica sueca para mellorar as t\u00faas habilidades ling\u00fc\u00edsticas con regras fundamentais e consellos \u00fatiles.","breadcrumb":{"@id":"https:\/\/talkpal.ai\/gl\/gramatica-sueca\/#breadcrumb"},"inLanguage":"gl-ES","potentialAction":[{"@type":"ReadAction","target":["https:\/\/talkpal.ai\/gl\/gramatica-sueca\/"]}]},{"@type":"ImageObject","inLanguage":"gl-ES","@id":"https:\/\/talkpal.ai\/gl\/gramatica-sueca\/#primaryimage","url":"https:\/\/talkpal.ai\/wp-content\/uploads\/2023\/04\/sweden.png","contentUrl":"https:\/\/talkpal.ai\/wp-content\/uploads\/2023\/04\/sweden.png","width":512,"height":512},{"@type":"BreadcrumbList","@id":"https:\/\/talkpal.ai\/gl\/gramatica-sueca\/#breadcrumb","itemListElement":[{"@type":"ListItem","position":1,"name":"Homepage","item":"https:\/\/talkpal.ai\/gl\/"},{"@type":"ListItem","position":2,"name":"Gram\u00e1tica sueca"}]},{"@type":"WebSite","@id":"https:\/\/talkpal.ai\/gl\/#website","url":"https:\/\/talkpal.ai\/gl\/","name":"Talkpal","description":"AI Language Learning","publisher":{"@id":"https:\/\/talkpal.ai\/gl\/#organization"},"alternateName":"Talkpal AI","potentialAction":[{"@type":"SearchAction","target":{"@type":"EntryPoint","urlTemplate":"https:\/\/talkpal.ai\/gl\/?s={search_term_string}"},"query-input":{"@type":"PropertyValueSpecification","valueRequired":true,"valueName":"search_term_string"}}],"inLanguage":"gl-ES"},{"@type":"Organization","@id":"https:\/\/talkpal.ai\/gl\/#organization","name":"Talkpal, Inc.","alternateName":"Talkpal AI","url":"https:\/\/talkpal.ai\/gl\/","logo":{"@type":"ImageObject","inLanguage":"gl-ES","@id":"https:\/\/talkpal.ai\/gl\/#\/schema\/logo\/image\/","url":"https:\/\/talkpal.ai\/wp-content\/uploads\/2024\/03\/Talkpal-Logo-Icon.png","contentUrl":"https:\/\/talkpal.ai\/wp-content\/uploads\/2024\/03\/Talkpal-Logo-Icon.png","width":2880,"height":2880,"caption":"Talkpal, Inc."},"image":{"@id":"https:\/\/talkpal.ai\/gl\/#\/schema\/logo\/image\/"},"sameAs":["https:\/\/www.facebook.com\/profile.php?id=100090733639311","https:\/\/x.com\/talkpalai","https:\/\/www.linkedin.com\/company\/talkpal\/","https:\/\/www.youtube.com\/@TalkPal\/","https:\/\/www.tiktok.com\/@talkpal","https:\/\/www.instagram.com\/talkpal_ai\/","https:\/\/www.crunchbase.com\/organization\/talkpal-9cde","https:\/\/www.g2.com\/products\/talkpal-for-business\/","https:\/\/www.trustpilot.com\/review\/talkpal.ai","https:\/\/www.capterra.com\/p\/10006800\/TalkPal\/"],"description":"Talkpal is a language learning web and mobile education app, powered by the latest AI technologies, that provides engaging experiences to its customers in many different languages to help them improve their language skills. Users can chat about unlimited amount of topics with the app and use other modes to practice their language learning.","email":"support@talkpal.ai","legalName":"Talkpal, Inc.","foundingDate":"2023-04-03","duns":"118989042","numberOfEmployees":{"@type":"QuantitativeValue","minValue":"11","maxValue":"50"},"publishingPrinciples":"https:\/\/talkpal.ai\/publishing-principles\/","actionableFeedbackPolicy":"https:\/\/talkpal.ai\/actionable-feedback-policy\/","correctionsPolicy":"https:\/\/talkpal.ai\/corrections-policy\/","ethicsPolicy":"https:\/\/talkpal.ai\/ethics-policy\/","diversityPolicy":"https:\/\/talkpal.ai\/diversity-policy\/","diversityStaffingReport":"https:\/\/talkpal.ai\/diversity-policy\/"}]}},"_links":{"self":[{"href":"https:\/\/talkpal.ai\/gl\/wp-json\/wp\/v2\/pages\/130780","targetHints":{"allow":["GET"]}}],"collection":[{"href":"https:\/\/talkpal.ai\/gl\/wp-json\/wp\/v2\/pages"}],"about":[{"href":"https:\/\/talkpal.ai\/gl\/wp-json\/wp\/v2\/types\/page"}],"author":[{"embeddable":true,"href":"https:\/\/talkpal.ai\/gl\/wp-json\/wp\/v2\/users\/1"}],"replies":[{"embeddable":true,"href":"https:\/\/talkpal.ai\/gl\/wp-json\/wp\/v2\/comments?post=130780"}],"version-history":[{"count":0,"href":"https:\/\/talkpal.ai\/gl\/wp-json\/wp\/v2\/pages\/130780\/revisions"}],"wp:featuredmedia":[{"embeddable":true,"href":"https:\/\/talkpal.ai\/gl\/wp-json\/wp\/v2\/media\/108433"}],"wp:attachment":[{"href":"https:\/\/talkpal.ai\/gl\/wp-json\/wp\/v2\/media?parent=130780"}],"curies":[{"name":"wp","href":"https:\/\/api.w.org\/{rel}","templated":true}]}}