{"id":130464,"date":"2023-05-14T13:52:27","date_gmt":"2023-05-14T13:52:27","guid":{"rendered":"http:\/\/talkpal.ai\/gramatica-coreana\/"},"modified":"2025-12-11T16:29:42","modified_gmt":"2025-12-11T16:29:42","slug":"gramatica-coreana","status":"publish","type":"page","link":"https:\/\/talkpal.ai\/gl\/gramatica-coreana\/","title":{"rendered":"Gram\u00e1tica coreana"},"content":{"rendered":"\r\n\r\n\r\n<section class=\"languageChallengeSection\">\r\n    <div class=\"languageInfoWrapper\">\r\n        \r\n        <h1>Gram\u00e1tica coreana<\/h1>\r\n        <p>Comeza a dominar a <a href=\"https:\/\/talkpal.ai\/pt-pt\/grammar\/perfeito-na-gramatica-coreana\/\">gram\u00e1tica coreana<\/a> con gu\u00edas f\u00e1ciles de seguir e exemplos pr\u00e1cticos. Aprende a formar frases, usar part\u00edculas e conxugar verbos para expresarte con precisi\u00f3n. Practica as t\u00faas habilidades con exercicios interactivos dese\u00f1ados para aumentar a t\u00faa confianza. D\u00e1 o seguinte paso na t\u00faa viaxe cara \u00e1 lingua coreana e mellora a t\u00faa fluidez hoxe mesmo!<\/p>\r\n\r\n                            <a class=\"getStartedHidden\" href=\"https:\/\/app.talkpal.ai\/signup?lng=\">Empeza<\/a>\r\n        \r\n    <\/div>\r\n\r\n    <figure>\r\n    <img decoding=\"async\" width=\"768\" height=\"768\" src=\"https:\/\/talkpal.ai\/wp-content\/uploads\/2023\/06\/korean-768x768.png\" class=\"languageImage no-lazy\" alt=\"Line-by-line learning for language acquisition\" fetchpriority=\"high\" sizes=\"(max-width: 768px) 150px, 768px\" srcset=\"https:\/\/talkpal.ai\/wp-content\/uploads\/2023\/06\/korean-768x768.png 768w, https:\/\/talkpal.ai\/wp-content\/uploads\/2023\/06\/korean-300x300.png 300w\" \/>\r\n    \r\n\r\n    <\/figure>\r\n\r\n            <a class=\"getStartedVisible\" href=\"https:\/\/app.talkpal.ai\/signup?lng=\">Empeza<\/a>\r\n    \r\n<\/section>\r\n<section class=\"promotionalBanner\">\r\n    <p class=\"promotionalText\">A forma m\u00e1is eficaz de aprender un idioma<\/p>\r\n    <a class=\"promotionalLink\" href=\"https:\/\/app.talkpal.ai\/signup?lng=\">Proba Talkpal de balde<\/a>\r\n<\/section>\n<div class=\"wp-block-group pageContainerStyle\"><div class=\"wp-block-group__inner-container is-layout-constrained wp-block-group-is-layout-constrained\">\n<h2 class=\"wp-block-heading\" id=\"h-demystifying-korean-grammar-a-beginner-s-guide\">Desmitificando a gram\u00e1tica coreana: unha gu\u00eda para principiantes<\/h2>\n\n\n\n<p><a href=\"https:\/\/talkpal.ai\/pt-pt\/aprender-coreano\/\">Aprender coreano<\/a> pode abrir un mundo de oportunidades, xa sexa explorar a coci\u00f1a coreana, ver os \u00faltimos K-dramas ou traballar cunha das moitas empresas innovadoras de Corea do Sur. <a href=\"https:\/\/talkpal.ai\/locations\/language-courses-in-como\/\">Como<\/a> falante non nativo mergullando nesta lingua fascinante, un dos aspectos m\u00e1is desafiantes pode ser dominar a s\u00faa gram\u00e1tica. A gram\u00e1tica coreana pode parecer complexa a primeira <a href=\"https:\/\/talkpal.ai\/locations\/language-courses-in-vista\/\">vista<\/a>, pero ten unha l\u00f3xica e consistencia que poden ser m\u00e1is accesibles do que pensas. Neste artigo, analizaremos as principais caracter\u00edsticas da gram\u00e1tica coreana e proporcionaremos informaci\u00f3n valiosa <a href=\"https:\/\/talkpal.ai\/culture\/how-do-i-use-para-que-correctly\/\">para que<\/a> a t\u00faa viaxe \u00e1 fluidez sexa sinxela e agradable.<\/p>\n\n\n\n<h3 class=\"wp-block-heading\" id=\"h-1-word-nbsp-order-nbsp-get-in-the-flow\"><b>1. Orde das palabras<\/b> <b>: entra no fluxo!<\/b><\/h3>\n\n\n\n<p>O primeiro que debes saber sobre a gram\u00e1tica coreana \u00e9 a s\u00faa orde b\u00e1sica de palabras: Suxeito-Obxecto-Verbo (SOV). Isto significa que os verbos ve\u00f1en ao final dunha oraci\u00f3n, a diferenza da orde Suxeito-Verbo-Obxecto (SVO) do <a href=\"https:\/\/talkpal.ai\/es\/locations\/aprende-ingles-en-orange\/\">ingl\u00e9s<\/a>. Isto pode levar un pouco acostumarse, pero a clave para a fluidez \u00e9 sentirse c\u00f3modo con esta nova estrutura.<\/p>\n\n\n\n<p>Consello: Practica a formaci\u00f3n de frases sinxelas en <a href=\"https:\/\/talkpal.ai\/learn-korean\/\">coreano<\/a> traducindo <a href=\"https:\/\/talkpal.ai\/es\/frases-mas-usadas-en-ingles-y-su-pronunciacion-facil-para-aprender\/\">frases en ingl\u00e9s<\/a> e reordenando a orde das palabras. Conc\u00e9ntrase en comprender a l\u00f3xica detr\u00e1s da estrutura SOV para sentirse m\u00e1is c\u00f3modo con ela.<\/p>\n\n\n\n<h3 class=\"wp-block-heading\" id=\"h-2-particles-attach-and-connect\">2. Part\u00edculas: \u00a1Ax\u00fantate e conecta!<\/h3>\n\n\n\n<p>As oraci\u00f3ns coreanas usan pequenas pezas de informaci\u00f3n gramatical chamadas part\u00edculas para axudar a determinar a funci\u00f3n dunha palabra nunha oraci\u00f3n. Por exemplo, \uc774\/\uac00 e \uc740\/\ub294 marcan o asunto, mentres que \uc744\/\ub97c indican o obxecto. As part\u00edculas son un compo\u00f1ente esencial da gram\u00e1tica coreana, pero o seu uso pode parecer abrumador inicialmente.<\/p>\n\n\n\n<p>Consello: aborda unha part\u00edcula \u00e1 vez, sent\u00edndose c\u00f3modo co seu uso e significado. Elabora unha lista de frases de exemplo utilizando cada part\u00edcula para crear unha colecci\u00f3n de material de referencia.<\/p>\n\n\n\n<h3 class=\"wp-block-heading\" id=\"h-3-verb-conjugation-keep-it-simple\">3. Conxugaci\u00f3n verbal &#8211; Mant\u00e9\u00f1ase sinxelo!<\/h3>\n\n\n\n<p>Os verbos coreanos son notablemente consistentes, o que pode facelos m\u00e1is f\u00e1ciles de aprender que os verbos doutras linguas. Todos os verbos coreanos terminan en \ub2e4 (da) na s\u00faa forma b\u00e1sica, e para crear diferentes tempos verbais ou niveis de cortes\u00eda, simplemente engades varias terminaci\u00f3ns. As m\u00e1is com\u00fans son \u2013\uc694 (yo) para cortes\u00eda informal e \u2013\uc2b5\ub2c8\ub2e4 (seumnida) para situaci\u00f3ns m\u00e1is formais.<\/p>\n\n\n\n<p>Consello: Aprende a conxugar alg\u00fans verbos esenciais nos diferentes niveis de cortes\u00eda, <a href=\"https:\/\/talkpal.ai\/locations\/language-courses-in-como\/\">como<\/a> \ud558\ub2e4 (facer), \uba39\ub2e4 (comer), \uc790\ub2e4 (durmir) e \uac00\ub2e4 (ir). Despois, comeza a incorporalos \u00e1s frases para familiarizarte e sentirte m\u00e1is c\u00f3modo co uso de varias conxugaci\u00f3ns.<\/p>\n\n\n\n<h3 class=\"wp-block-heading\" id=\"h-4-adjectives-treat-them-like-verbs\">4. Adxectivos &#8211; Tr\u00e1taos como verbos!<\/h3>\n\n\n\n<p>Na gram\u00e1tica coreana, os adxectivos funcionan de xeito similar aos verbos e conx\u00faganse usando o mesmo sistema. Moitos adxectivos rematan en ~\ud558\ub2e4 (-hada) e p\u00f3dense conxugar do mesmo xeito que os verbos.<\/p>\n\n\n\n<p>Consello: Practique a conxugaci\u00f3n de adxectivos com\u00fans como \uc88b\ub2e4 (ser bo), \uc608\uc058\ub2e4 (ser bonito), \ub192\ub2e4 (ser alto), \ub0ae\ub2e4 (ser baixo) e \ud06c\ub2e4 (ser grande). Incorporalos en frases axudar\u00e1 a consolidar a s\u00faa comprensi\u00f3n.<\/p>\n\n\n\n<h3 class=\"wp-block-heading\" id=\"h-5-honorifics-show-your-respect\">5. Honor\u00edficos &#8211; Mostra o teu respecto!<\/h3>\n\n\n\n<p>A cultura coreana enfatiza o respecto aos anci\u00e1ns e aos que ocupan postos de autoridade. Isto refl\u00edctese na s\u00faa lingua a trav\u00e9s de honor\u00edficos, que son formas especiais de palabras e estruturas gramaticais utilizadas para mostrar educaci\u00f3n. Alg\u00fans exemplos clave incl\u00faen o uso da part\u00edcula \u2013\uaed8\uc11c (-kkeseo) en lugar de \u2013\uc774\/\uac00 cando se fai referencia a algu\u00e9n con respecto ou a adxunta de \u2013\uc2dc (-si) aos verbos como marcador de cortes\u00eda.<\/p>\n\n\n\n<p>Consello: aprende os conceptos b\u00e1sicos do uso de t\u00edtulos honor\u00edficos, pero non te preocupes demasiado por converterte nun experto de inmediato. Como falante de ingl\u00e9s, \u00e9 probable que os coreanos entendan se cometes erros, pero agradecerase que se esforce por ser respectuoso.<\/p>\n\n\n\n<h3 class=\"wp-block-heading\" id=\"h-conclusion\">Conclusi\u00f3n:<\/h3>\n\n\n\n<p>A gram\u00e1tica coreana pode parecer un reto ao principio, pero a medida que adquira experiencia e comprensi\u00f3n, atopar\u00e1 un marco l\u00f3xico e consistente no seu lugar. Ao centrarte en conceptos clave como a orde das palabras, as part\u00edculas e a conxugaci\u00f3n de verbos, pronto estar\u00e1s constru\u00edndo frases como un profesional. Apaixon\u00e1devos por esta lingua expresiva e observade como o voso dominio da gram\u00e1tica coreana vos abre as portas a un mundo de posibilidades. \ud654\uc774\ud305 (hwaiting) &#8211; deixar<\/p>\n<\/div><\/div>\n\r\n<section class=\"learnNavigationSection\">\r\n            \r\n        <a href=\"https:\/\/talkpal.ai\/gl\/aprende-coreano\/\">\r\n            <div class=\"learnNavigationWrapper\">\r\n                <div class=\"learnNavigationContent\">\r\n                    <img decoding=\"async\" src=\"https:\/\/talkpal.ai\/wp-content\/uploads\/2024\/08\/Korean.jpg\" alt=\"Korean Flag\">\r\n                    <div>\r\n                        <h4>Sobre a aprendizaxe do coreano<\/h4>\r\n                        <p>Descubre todo sobre a gram\u00e1tica coreana.<\/p>\r\n                    <\/div>\r\n                <\/div>\r\n            <\/div>\r\n        <\/a>\r\n\r\n        \r\n        <a href=\"https:\/\/talkpal.ai\/gl\/exercicios-de-gramatica-coreana\/\">\r\n            <div class=\"learnNavigationWrapper\">\r\n                <div class=\"learnNavigationContent\">\r\n                    <img decoding=\"async\" src=\"https:\/\/talkpal.ai\/wp-content\/uploads\/2024\/08\/Korean.jpg\" alt=\"Korean Flag\">\r\n                    <div>\r\n                        <h4>Exercicio de gram\u00e1tica coreana<\/h4>\r\n                        <p>Practica a gram\u00e1tica coreana.<\/p>\r\n                    <\/div>\r\n                <\/div>\r\n            <\/div>\r\n        <\/a>\r\n\r\n        \r\n        <a href=\"https:\/\/talkpal.ai\/vocabulary_language\/korean\/\">\r\n            <div class=\"learnNavigationWrapper\">\r\n                <div class=\"learnNavigationContent\">\r\n                    <img decoding=\"async\" src=\"https:\/\/talkpal.ai\/wp-content\/uploads\/2024\/08\/Korean.jpg\" alt=\"Korean Flag\">\r\n                    <div>\r\n                        <h4>Vocabulario coreano<\/h4>\r\n                        <p>Ampl\u00eda o teu vocabulario coreano.<\/p>\r\n                    <\/div>\r\n                <\/div>\r\n            <\/div>\r\n        <\/a>\r\n\r\n            <\/section>","protected":false},"excerpt":{"rendered":"<p>Desmitificando a gram\u00e1tica coreana: unha gu\u00eda para principiantes Aprender coreano pode abrir un mundo de oportunidades, xa sexa explorar a coci\u00f1a coreana, ver os \u00faltimos K-dramas ou traballar cunha das moitas empresas innovadoras de Corea do Sur. Como falante non nativo mergullando nesta lingua fascinante, un dos aspectos m\u00e1is desafiantes pode ser dominar a s\u00faa [&hellip;]<\/p>\n","protected":false},"author":1,"featured_media":107645,"parent":0,"menu_order":0,"comment_status":"closed","ping_status":"closed","template":"LearningContentPage.php","meta":{"_acf_changed":false,"footnotes":""},"class_list":["post-130464","page","type-page","status-publish","has-post-thumbnail","hentry"],"acf":[],"yoast_head":"<!-- This site is optimized with the Yoast SEO Premium plugin v27.2 (Yoast SEO v27.2) - https:\/\/yoast.com\/product\/yoast-seo-premium-wordpress\/ -->\n<title>Gram\u00e1tica coreana - Talkpal<\/title>\n<meta name=\"description\" content=\"Domina a gram\u00e1tica coreana con confianza: fortalece a estrutura das frases, clarifica as regras e mellora a fluidez facilmente\" \/>\n<meta name=\"robots\" content=\"index, follow, max-snippet:-1, max-image-preview:large, max-video-preview:-1\" \/>\n<link rel=\"canonical\" href=\"https:\/\/talkpal.ai\/gl\/gramatica-coreana\/\" \/>\n<meta property=\"og:locale\" content=\"gl_ES\" \/>\n<meta property=\"og:type\" content=\"article\" \/>\n<meta property=\"og:title\" content=\"Gram\u00e1tica coreana\" \/>\n<meta property=\"og:description\" content=\"Desmitificando a gram\u00e1tica coreana: unha gu\u00eda para principiantes Aprender coreano pode abrir un mundo de oportunidades, xa sexa explorar a coci\u00f1a coreana,\" \/>\n<meta property=\"og:url\" content=\"https:\/\/talkpal.ai\/gl\/gramatica-coreana\/\" \/>\n<meta property=\"og:site_name\" content=\"Talkpal\" \/>\n<meta property=\"article:publisher\" content=\"https:\/\/www.facebook.com\/profile.php?id=100090733639311\" \/>\n<meta property=\"article:modified_time\" content=\"2025-12-11T16:29:42+00:00\" \/>\n<meta property=\"og:image\" content=\"https:\/\/talkpal.ai\/wp-content\/uploads\/2023\/04\/south-korea.png\" \/>\n\t<meta property=\"og:image:width\" content=\"512\" \/>\n\t<meta property=\"og:image:height\" content=\"512\" \/>\n\t<meta property=\"og:image:type\" content=\"image\/png\" \/>\n<meta name=\"twitter:card\" content=\"summary_large_image\" \/>\n<meta name=\"twitter:site\" content=\"@talkpalai\" \/>\n<meta name=\"twitter:label1\" content=\"Tempo de lectura\" \/>\n\t<meta name=\"twitter:data1\" content=\"4 minutos\" \/>\n<script type=\"application\/ld+json\" class=\"yoast-schema-graph\">{\"@context\":\"https:\/\/schema.org\",\"@graph\":[{\"@type\":\"WebPage\",\"@id\":\"https:\/\/talkpal.ai\/gl\/gramatica-coreana\/\",\"url\":\"https:\/\/talkpal.ai\/gl\/gramatica-coreana\/\",\"name\":\"Gram\u00e1tica coreana - Talkpal\",\"isPartOf\":{\"@id\":\"https:\/\/talkpal.ai\/gl\/#website\"},\"primaryImageOfPage\":{\"@id\":\"https:\/\/talkpal.ai\/gl\/gramatica-coreana\/#primaryimage\"},\"image\":{\"@id\":\"https:\/\/talkpal.ai\/gl\/gramatica-coreana\/#primaryimage\"},\"thumbnailUrl\":\"https:\/\/talkpal.ai\/wp-content\/uploads\/2023\/04\/south-korea.png\",\"datePublished\":\"2023-05-14T13:52:27+00:00\",\"dateModified\":\"2025-12-11T16:29:42+00:00\",\"description\":\"Domina a gram\u00e1tica coreana con confianza: fortalece a estrutura das frases, clarifica as regras e mellora a fluidez facilmente\",\"breadcrumb\":{\"@id\":\"https:\/\/talkpal.ai\/gl\/gramatica-coreana\/#breadcrumb\"},\"inLanguage\":\"gl-ES\",\"potentialAction\":[{\"@type\":\"ReadAction\",\"target\":[\"https:\/\/talkpal.ai\/gl\/gramatica-coreana\/\"]}]},{\"@type\":\"ImageObject\",\"inLanguage\":\"gl-ES\",\"@id\":\"https:\/\/talkpal.ai\/gl\/gramatica-coreana\/#primaryimage\",\"url\":\"https:\/\/talkpal.ai\/wp-content\/uploads\/2023\/04\/south-korea.png\",\"contentUrl\":\"https:\/\/talkpal.ai\/wp-content\/uploads\/2023\/04\/south-korea.png\",\"width\":512,\"height\":512},{\"@type\":\"BreadcrumbList\",\"@id\":\"https:\/\/talkpal.ai\/gl\/gramatica-coreana\/#breadcrumb\",\"itemListElement\":[{\"@type\":\"ListItem\",\"position\":1,\"name\":\"Homepage\",\"item\":\"https:\/\/talkpal.ai\/gl\/\"},{\"@type\":\"ListItem\",\"position\":2,\"name\":\"Gram\u00e1tica coreana\"}]},{\"@type\":\"WebSite\",\"@id\":\"https:\/\/talkpal.ai\/gl\/#website\",\"url\":\"https:\/\/talkpal.ai\/gl\/\",\"name\":\"Talkpal\",\"description\":\"AI Language Learning\",\"publisher\":{\"@id\":\"https:\/\/talkpal.ai\/gl\/#organization\"},\"alternateName\":\"Talkpal AI\",\"potentialAction\":[{\"@type\":\"SearchAction\",\"target\":{\"@type\":\"EntryPoint\",\"urlTemplate\":\"https:\/\/talkpal.ai\/gl\/?s={search_term_string}\"},\"query-input\":{\"@type\":\"PropertyValueSpecification\",\"valueRequired\":true,\"valueName\":\"search_term_string\"}}],\"inLanguage\":\"gl-ES\"},{\"@type\":\"Organization\",\"@id\":\"https:\/\/talkpal.ai\/gl\/#organization\",\"name\":\"Talkpal, Inc.\",\"alternateName\":\"Talkpal AI\",\"url\":\"https:\/\/talkpal.ai\/gl\/\",\"logo\":{\"@type\":\"ImageObject\",\"inLanguage\":\"gl-ES\",\"@id\":\"https:\/\/talkpal.ai\/gl\/#\/schema\/logo\/image\/\",\"url\":\"https:\/\/talkpal.ai\/wp-content\/uploads\/2024\/03\/Talkpal-Logo-Icon.png\",\"contentUrl\":\"https:\/\/talkpal.ai\/wp-content\/uploads\/2024\/03\/Talkpal-Logo-Icon.png\",\"width\":2880,\"height\":2880,\"caption\":\"Talkpal, Inc.\"},\"image\":{\"@id\":\"https:\/\/talkpal.ai\/gl\/#\/schema\/logo\/image\/\"},\"sameAs\":[\"https:\/\/www.facebook.com\/profile.php?id=100090733639311\",\"https:\/\/x.com\/talkpalai\",\"https:\/\/www.linkedin.com\/company\/talkpal\/\",\"https:\/\/www.youtube.com\/@TalkPal\/\",\"https:\/\/www.tiktok.com\/@talkpal\",\"https:\/\/www.instagram.com\/talkpal_ai\/\",\"https:\/\/www.crunchbase.com\/organization\/talkpal-9cde\",\"https:\/\/www.g2.com\/products\/talkpal-for-business\/\",\"https:\/\/www.trustpilot.com\/review\/talkpal.ai\",\"https:\/\/www.capterra.com\/p\/10006800\/TalkPal\/\"],\"description\":\"Talkpal is a language learning web and mobile education app, powered by the latest AI technologies, that provides engaging experiences to its customers in many different languages to help them improve their language skills. Users can chat about unlimited amount of topics with the app and use other modes to practice their language learning.\",\"email\":\"support@talkpal.ai\",\"legalName\":\"Talkpal, Inc.\",\"foundingDate\":\"2023-04-03\",\"duns\":\"118989042\",\"numberOfEmployees\":{\"@type\":\"QuantitativeValue\",\"minValue\":\"11\",\"maxValue\":\"50\"},\"publishingPrinciples\":\"https:\/\/talkpal.ai\/publishing-principles\/\",\"actionableFeedbackPolicy\":\"https:\/\/talkpal.ai\/actionable-feedback-policy\/\",\"correctionsPolicy\":\"https:\/\/talkpal.ai\/corrections-policy\/\",\"ethicsPolicy\":\"https:\/\/talkpal.ai\/ethics-policy\/\",\"diversityPolicy\":\"https:\/\/talkpal.ai\/diversity-policy\/\",\"diversityStaffingReport\":\"https:\/\/talkpal.ai\/diversity-policy\/\"}]}<\/script>\n<!-- \/ Yoast SEO Premium plugin. -->","yoast_head_json":{"title":"Gram\u00e1tica coreana - Talkpal","description":"Domina a gram\u00e1tica coreana con confianza: fortalece a estrutura das frases, clarifica as regras e mellora a fluidez facilmente","robots":{"index":"index","follow":"follow","max-snippet":"max-snippet:-1","max-image-preview":"max-image-preview:large","max-video-preview":"max-video-preview:-1"},"canonical":"https:\/\/talkpal.ai\/gl\/gramatica-coreana\/","og_locale":"gl_ES","og_type":"article","og_title":"Gram\u00e1tica coreana","og_description":"Desmitificando a gram\u00e1tica coreana: unha gu\u00eda para principiantes Aprender coreano pode abrir un mundo de oportunidades, xa sexa explorar a coci\u00f1a coreana,","og_url":"https:\/\/talkpal.ai\/gl\/gramatica-coreana\/","og_site_name":"Talkpal","article_publisher":"https:\/\/www.facebook.com\/profile.php?id=100090733639311","article_modified_time":"2025-12-11T16:29:42+00:00","og_image":[{"width":512,"height":512,"url":"https:\/\/talkpal.ai\/wp-content\/uploads\/2023\/04\/south-korea.png","type":"image\/png"}],"twitter_card":"summary_large_image","twitter_site":"@talkpalai","twitter_misc":{"Tempo de lectura":"4 minutos"},"schema":{"@context":"https:\/\/schema.org","@graph":[{"@type":"WebPage","@id":"https:\/\/talkpal.ai\/gl\/gramatica-coreana\/","url":"https:\/\/talkpal.ai\/gl\/gramatica-coreana\/","name":"Gram\u00e1tica coreana - Talkpal","isPartOf":{"@id":"https:\/\/talkpal.ai\/gl\/#website"},"primaryImageOfPage":{"@id":"https:\/\/talkpal.ai\/gl\/gramatica-coreana\/#primaryimage"},"image":{"@id":"https:\/\/talkpal.ai\/gl\/gramatica-coreana\/#primaryimage"},"thumbnailUrl":"https:\/\/talkpal.ai\/wp-content\/uploads\/2023\/04\/south-korea.png","datePublished":"2023-05-14T13:52:27+00:00","dateModified":"2025-12-11T16:29:42+00:00","description":"Domina a gram\u00e1tica coreana con confianza: fortalece a estrutura das frases, clarifica as regras e mellora a fluidez facilmente","breadcrumb":{"@id":"https:\/\/talkpal.ai\/gl\/gramatica-coreana\/#breadcrumb"},"inLanguage":"gl-ES","potentialAction":[{"@type":"ReadAction","target":["https:\/\/talkpal.ai\/gl\/gramatica-coreana\/"]}]},{"@type":"ImageObject","inLanguage":"gl-ES","@id":"https:\/\/talkpal.ai\/gl\/gramatica-coreana\/#primaryimage","url":"https:\/\/talkpal.ai\/wp-content\/uploads\/2023\/04\/south-korea.png","contentUrl":"https:\/\/talkpal.ai\/wp-content\/uploads\/2023\/04\/south-korea.png","width":512,"height":512},{"@type":"BreadcrumbList","@id":"https:\/\/talkpal.ai\/gl\/gramatica-coreana\/#breadcrumb","itemListElement":[{"@type":"ListItem","position":1,"name":"Homepage","item":"https:\/\/talkpal.ai\/gl\/"},{"@type":"ListItem","position":2,"name":"Gram\u00e1tica coreana"}]},{"@type":"WebSite","@id":"https:\/\/talkpal.ai\/gl\/#website","url":"https:\/\/talkpal.ai\/gl\/","name":"Talkpal","description":"AI Language Learning","publisher":{"@id":"https:\/\/talkpal.ai\/gl\/#organization"},"alternateName":"Talkpal AI","potentialAction":[{"@type":"SearchAction","target":{"@type":"EntryPoint","urlTemplate":"https:\/\/talkpal.ai\/gl\/?s={search_term_string}"},"query-input":{"@type":"PropertyValueSpecification","valueRequired":true,"valueName":"search_term_string"}}],"inLanguage":"gl-ES"},{"@type":"Organization","@id":"https:\/\/talkpal.ai\/gl\/#organization","name":"Talkpal, Inc.","alternateName":"Talkpal AI","url":"https:\/\/talkpal.ai\/gl\/","logo":{"@type":"ImageObject","inLanguage":"gl-ES","@id":"https:\/\/talkpal.ai\/gl\/#\/schema\/logo\/image\/","url":"https:\/\/talkpal.ai\/wp-content\/uploads\/2024\/03\/Talkpal-Logo-Icon.png","contentUrl":"https:\/\/talkpal.ai\/wp-content\/uploads\/2024\/03\/Talkpal-Logo-Icon.png","width":2880,"height":2880,"caption":"Talkpal, Inc."},"image":{"@id":"https:\/\/talkpal.ai\/gl\/#\/schema\/logo\/image\/"},"sameAs":["https:\/\/www.facebook.com\/profile.php?id=100090733639311","https:\/\/x.com\/talkpalai","https:\/\/www.linkedin.com\/company\/talkpal\/","https:\/\/www.youtube.com\/@TalkPal\/","https:\/\/www.tiktok.com\/@talkpal","https:\/\/www.instagram.com\/talkpal_ai\/","https:\/\/www.crunchbase.com\/organization\/talkpal-9cde","https:\/\/www.g2.com\/products\/talkpal-for-business\/","https:\/\/www.trustpilot.com\/review\/talkpal.ai","https:\/\/www.capterra.com\/p\/10006800\/TalkPal\/"],"description":"Talkpal is a language learning web and mobile education app, powered by the latest AI technologies, that provides engaging experiences to its customers in many different languages to help them improve their language skills. Users can chat about unlimited amount of topics with the app and use other modes to practice their language learning.","email":"support@talkpal.ai","legalName":"Talkpal, Inc.","foundingDate":"2023-04-03","duns":"118989042","numberOfEmployees":{"@type":"QuantitativeValue","minValue":"11","maxValue":"50"},"publishingPrinciples":"https:\/\/talkpal.ai\/publishing-principles\/","actionableFeedbackPolicy":"https:\/\/talkpal.ai\/actionable-feedback-policy\/","correctionsPolicy":"https:\/\/talkpal.ai\/corrections-policy\/","ethicsPolicy":"https:\/\/talkpal.ai\/ethics-policy\/","diversityPolicy":"https:\/\/talkpal.ai\/diversity-policy\/","diversityStaffingReport":"https:\/\/talkpal.ai\/diversity-policy\/"}]}},"_links":{"self":[{"href":"https:\/\/talkpal.ai\/gl\/wp-json\/wp\/v2\/pages\/130464","targetHints":{"allow":["GET"]}}],"collection":[{"href":"https:\/\/talkpal.ai\/gl\/wp-json\/wp\/v2\/pages"}],"about":[{"href":"https:\/\/talkpal.ai\/gl\/wp-json\/wp\/v2\/types\/page"}],"author":[{"embeddable":true,"href":"https:\/\/talkpal.ai\/gl\/wp-json\/wp\/v2\/users\/1"}],"replies":[{"embeddable":true,"href":"https:\/\/talkpal.ai\/gl\/wp-json\/wp\/v2\/comments?post=130464"}],"version-history":[{"count":0,"href":"https:\/\/talkpal.ai\/gl\/wp-json\/wp\/v2\/pages\/130464\/revisions"}],"wp:featuredmedia":[{"embeddable":true,"href":"https:\/\/talkpal.ai\/gl\/wp-json\/wp\/v2\/media\/107645"}],"wp:attachment":[{"href":"https:\/\/talkpal.ai\/gl\/wp-json\/wp\/v2\/media?parent=130464"}],"curies":[{"name":"wp","href":"https:\/\/api.w.org\/{rel}","templated":true}]}}