{"id":130085,"date":"2023-05-14T13:51:46","date_gmt":"2023-05-14T13:51:46","guid":{"rendered":"http:\/\/talkpal.ai\/gramatica-portuguesa\/"},"modified":"2025-12-11T16:48:07","modified_gmt":"2025-12-11T16:48:07","slug":"gramatica-portuguesa","status":"publish","type":"page","link":"https:\/\/talkpal.ai\/gl\/gramatica-portuguesa\/","title":{"rendered":"Gram\u00e1tica portuguesa"},"content":{"rendered":"\r\n\r\n\r\n<section class=\"languageChallengeSection\">\r\n    <div class=\"languageInfoWrapper\">\r\n        \r\n        <h1>Gram\u00e1tica portuguesa<\/h1>\r\n        <p>Explora os elementos esenciais da <a href=\"https:\/\/talkpal.ai\/it\/cosa-ce-di-speciale-nella-grammatica-portoghese\/\">gram\u00e1tica portuguesa<\/a> e descubre un mundo de oportunidades para conectar con mill\u00f3ns de falantes de todo o mundo. Ao dominar as s\u00faas regras e estruturas clave, estar\u00e1s preparado para comunicarte con confianza e gozar plenamente da cultura portuguesa. Comeza a aprender gram\u00e1tica portuguesa hoxe mesmo e d\u00e1 o teu primeiro paso cara \u00e1 fluidez!<\/p>\r\n\r\n                            <a class=\"getStartedHidden\" href=\"https:\/\/app.talkpal.ai\/signup?lng=\">Empeza<\/a>\r\n        \r\n    <\/div>\r\n\r\n    <figure>\r\n    <img decoding=\"async\" width=\"768\" height=\"768\" src=\"https:\/\/talkpal.ai\/wp-content\/uploads\/2023\/06\/portuguese-768x768.png\" class=\"languageImage no-lazy\" alt=\"Language learning for broader world view\" fetchpriority=\"high\" sizes=\"(max-width: 768px) 150px, 768px\" srcset=\"https:\/\/talkpal.ai\/wp-content\/uploads\/2023\/06\/portuguese-768x768.png 768w, https:\/\/talkpal.ai\/wp-content\/uploads\/2023\/06\/portuguese-300x300.png 300w\" \/>\r\n    \r\n\r\n    <\/figure>\r\n\r\n            <a class=\"getStartedVisible\" href=\"https:\/\/app.talkpal.ai\/signup?lng=\">Empeza<\/a>\r\n    \r\n<\/section>\r\n<section class=\"promotionalBanner\">\r\n    <p class=\"promotionalText\">A forma m\u00e1is eficaz de aprender un idioma<\/p>\r\n    <a class=\"promotionalLink\" href=\"https:\/\/app.talkpal.ai\/signup?lng=\">Proba Talkpal de balde<\/a>\r\n<\/section>\n<div class=\"wp-block-group pageContainerStyle\"><div class=\"wp-block-group__inner-container is-layout-constrained wp-block-group-is-layout-constrained\">\n<h2 class=\"wp-block-heading\" id=\"h-a-beginner-s-guide-to-understanding-portuguese-grammar\">Unha gu\u00eda para principiantes para comprender a gram\u00e1tica portuguesa<\/h2>\n\n\n\n<p>Se est\u00e1s planeando unha viaxe a <a href=\"https:\/\/talkpal.ai\/locations\/language-courses-in-portugal\/\">Portugal<\/a> ou simplemente est\u00e1s interesado en dominar un <a href=\"https:\/\/talkpal.ai\/talkpal-new-years-discount\/\">novo<\/a> idioma, <a href=\"https:\/\/talkpal.ai\/es\/aprendiendo-a-hablar-portugues-guia-rapida-para-principiantes\/\">aprender portugu\u00e9s<\/a> pode ser unha experiencia emocionante e gratificante. Un aspecto esencial da <a href=\"https:\/\/talkpal.ai\/gl\/aprendizaxe\/\">aprendizaxe<\/a> da lingua portuguesa, <a href=\"https:\/\/talkpal.ai\/locations\/language-courses-in-como\/\">como<\/a> calquera outro, \u00e9 comprender a s\u00faa gram\u00e1tica. Este artigo guiarache a trav\u00e9s dos conceptos b\u00e1sicos da gram\u00e1tica portuguesa, proporcion\u00e1ndoche consellos e co\u00f1ecementos esenciais para axudarche a navegar e comunicarte sen esforzo. As\u00ed que, se est\u00e1s esperando para mergullarte no mundo do <a href=\"https:\/\/talkpal.ai\/learn-portuguese\/\">portugu\u00e9s<\/a>, comencemos!<\/p>\n\n\n\n<h3 class=\"wp-block-heading\" id=\"h-1-the-basics-nouns-pronouns-and-articles\">1. O b\u00e1sico: substantivos, pronomes e artigos<\/h3>\n\n\n\n<p><a href=\"https:\/\/talkpal.ai\/locations\/language-courses-in-como\/\">Como<\/a> en <a href=\"https:\/\/talkpal.ai\/es\/locations\/aprende-ingles-en-orange\/\">ingl\u00e9s<\/a>, a gram\u00e1tica portuguesa constr\u00faese en torno a substantivos, pronomes e artigos. Os substantivos en portugu\u00e9s poden ser masculinos ou femininos, e \u00e9 importante establecer o x\u00e9nero para a formaci\u00f3n adecuada das oraci\u00f3ns. Por exemplo, &#8220;o menino&#8221; trad\u00facese como &#8220;o neno&#8221;, mentres que &#8220;a menina&#8221; trad\u00facese como &#8220;a nena&#8221;.<\/p>\n\n\n\n<p>Os pronomes en portugu\u00e9s, como o ingl\u00e9s, act\u00faan como substitutos dos substantivos. Eles tam\u00e9n te\u00f1en x\u00e9neros. Os pronomes persoais incl\u00faen eu (eu), voc\u00ea\/tu (ti), ele\/ela (el\/ela), n\u00f3s (n\u00f3s) e eles\/elas (eles).<\/p>\n\n\n\n<p>Os artigos definidos (o) e os artigos indefinidos (a\/an) tam\u00e9n son espec\u00edficos de x\u00e9nero e son esenciais para a correcta construci\u00f3n da frase. En portugu\u00e9s, os artigos definidos son \u201co\u201d (masculino) e \u201ca\u201d (feminino), e os artigos indefinidos son \u201cum\u201d (masculino) e \u201cuma\u201d (feminino).<\/p>\n\n\n\n<h3 class=\"wp-block-heading\" id=\"h-2-adjectives-and-adverbs-add-spice-to-your-sentences\">2. Adxectivos e adverbios: engade picante \u00e1s t\u00faas frases<\/h3>\n\n\n\n<p>Os adxectivos son palabras que describen ou modifican substantivos e, como os substantivos, te\u00f1en x\u00e9neros. Normalmente, os adxectivos rematados en \u201co\u201d son masculinos, mentres que os rematados en \u201ca\u201d son femininos. \u00c9 esencial relacionar o x\u00e9nero do adxectivo co substantivo que describe. Por exemplo, &#8220;homem alto&#8221; trad\u00facese como &#8220;home alto&#8221;, mentres que &#8220;mulher alta&#8221; significa &#8220;muller alta&#8221;.<\/p>\n\n\n\n<p>Os adverbios, pola s\u00faa banda, modifican verbos, adxectivos ou outros adverbios. En portugu\u00e9s, os adverbios normalmente non te\u00f1en formas espec\u00edficas de x\u00e9nero. Alg\u00fans adverbios com\u00fans incl\u00faen &#8220;r\u00e1pidamente&#8221; (r\u00e1pido), &#8220;lentamente&#8221; (lentamente) e &#8220;sempre&#8221; (sempre).<\/p>\n\n\n\n<h3 class=\"wp-block-heading\" id=\"h-3-verbs-the-action-words\">3. Verbos: as palabras de acci\u00f3n<\/h3>\n\n\n\n<p>Os verbos portugueses clasif\u00edcanse en tres grupos de conxugaci\u00f3n (-ar, -er, -ir) e as s\u00faas formas cambian dependendo do tempo e do suxeito. Estes son alg\u00fans tempos esenciais que debes saber:<\/p>\n\n\n\n<p>\u2013 Presente (Presente): Describe acci\u00f3ns que acontecen agora ou acci\u00f3ns habituais.<br\/>\u2013 Pret\u00e9rito (Pret\u00e9rito): Describe acci\u00f3ns que sucederon no pasado. Hai dous tipos: Pret\u00e9rito Perfeito (pret\u00e9rito simple) e Pret\u00e9rito Imperfeito (pret\u00e9rito continuo).<br\/>\u2013 Tempo futuro (Futuro): Describe acci\u00f3ns que suceder\u00e1n no futuro.<\/p>\n\n\n\n<p>Dominar a conxugaci\u00f3n de verbos pode ser un reto en portugu\u00e9s, pero a pr\u00e1ctica e a coherencia axudarache a comprendela de forma m\u00e1is eficiente.<\/p>\n\n\n\n<h3 class=\"wp-block-heading\" id=\"h-4-word-order-building-understandable-sentences\">4. Orde das palabras: construci\u00f3n de frases comprensibles<\/h3>\n\n\n\n<p>A estrutura t\u00edpica da oraci\u00f3n portuguesa segue a orde Suxeito-Verbo-Obxecto (SVO). Por exemplo, a frase &#8220;Eu amo pizza&#8221; (&#8220;Enc\u00e1ntame a pizza&#8221;) segue este patr\u00f3n. Non obstante, a gram\u00e1tica portuguesa pode ser bastante flexible e podes atopar variaci\u00f3ns na orde das palabras, especialmente na literatura ou nas conversas informais. O contexto e o sentido com\u00fan son fundamentais para comprender estas variaci\u00f3ns.<\/p>\n\n\n\n<h3 class=\"wp-block-heading\" id=\"h-5-negation-and-interrogation-say-no-and-ask-questions\">5. Negaci\u00f3n e interrogatorio: di non e fai preguntas<\/h3>\n\n\n\n<p>Para negar unha oraci\u00f3n en portugu\u00e9s, simplemente coloca a palabra &#8220;n\u00e3o&#8221; antes do verbo. Por exemplo, &#8220;Eu n\u00e3o falo portugu\u00eas&#8221; significa &#8220;Non falo portugu\u00e9s&#8221;.<\/p>\n\n\n\n<p>Para converter unha afirmaci\u00f3n nunha pregunta en portugu\u00e9s, podes cambiar a orde das palabras ou usar unha palabra interrogativa (como &#8220;quem&#8221; para &#8220;quen&#8221;, &#8220;o que&#8221; para &#8220;que&#8221; ou &#8220;onde&#8221; para &#8220;onde&#8221;). . Por exemplo, &#8220;Voc\u00ea fala ingles?&#8221; trad\u00facese como &#8220;Falas ingl\u00e9s?&#8221;<\/p>\n\n\n\n<h3 class=\"wp-block-heading\" id=\"h-conclusion\">Conclusi\u00f3n<\/h3>\n\n\n\n<p>Aprender gram\u00e1tica portuguesa pode parecer desalentador, pero non te desanimes! Cada lingua ten as s\u00faas complexidades, pero con coherencia, pr\u00e1ctica e un pouco de paciencia, atopar\u00e1s que te comuniques con confianza e eficacia. Ten en conta que aprender gram\u00e1tica \u00e9 s\u00f3 unha parte da adquisici\u00f3n da lingua, e tam\u00e9n debes practicar escoitar, falar e ler en portugu\u00e9s. Boa sorte! (Boa sorte!)<\/p>\n<\/div><\/div>\n\r\n<section class=\"learnNavigationSection\">\r\n            \r\n        <a href=\"https:\/\/talkpal.ai\/gl\/aprende-portugues\/\">\r\n            <div class=\"learnNavigationWrapper\">\r\n                <div class=\"learnNavigationContent\">\r\n                    <img decoding=\"async\" src=\"https:\/\/talkpal.ai\/wp-content\/uploads\/2024\/08\/Portuguese.jpg\" alt=\"Portuguese Flag\">\r\n                    <div>\r\n                        <h4>Sobre Portugal Learning<\/h4>\r\n                        <p>Descubra todo sobre a gram\u00e1tica de Portugal.<\/p>\r\n                    <\/div>\r\n                <\/div>\r\n            <\/div>\r\n        <\/a>\r\n\r\n        \r\n        <a href=\"https:\/\/talkpal.ai\/gl\/exercicios-de-gramatica-portuguesa\/\">\r\n            <div class=\"learnNavigationWrapper\">\r\n                <div class=\"learnNavigationContent\">\r\n                    <img decoding=\"async\" src=\"https:\/\/talkpal.ai\/wp-content\/uploads\/2024\/08\/Portuguese.jpg\" alt=\"Portuguese Flag\">\r\n                    <div>\r\n                        <h4>Exercicio de gram\u00e1tica portuguesa<\/h4>\r\n                        <p>Practica a gram\u00e1tica portuguesa.<\/p>\r\n                    <\/div>\r\n                <\/div>\r\n            <\/div>\r\n        <\/a>\r\n\r\n        \r\n        <a href=\"https:\/\/talkpal.ai\/vocabulary_language\/portuguese\/\">\r\n            <div class=\"learnNavigationWrapper\">\r\n                <div class=\"learnNavigationContent\">\r\n                    <img decoding=\"async\" src=\"https:\/\/talkpal.ai\/wp-content\/uploads\/2024\/08\/Portuguese.jpg\" alt=\"Portuguese Flag\">\r\n                    <div>\r\n                        <h4>Vocabulario portugu\u00e9s<\/h4>\r\n                        <p>Ampl\u00eda o teu vocabulario portugu\u00e9s.<\/p>\r\n                    <\/div>\r\n                <\/div>\r\n            <\/div>\r\n        <\/a>\r\n\r\n            <\/section>","protected":false},"excerpt":{"rendered":"<p>Unha gu\u00eda para principiantes para comprender a gram\u00e1tica portuguesa Se est\u00e1s planeando unha viaxe a Portugal ou simplemente est\u00e1s interesado en dominar un novo idioma, aprender portugu\u00e9s pode ser unha experiencia emocionante e gratificante. Un aspecto esencial da aprendizaxe da lingua portuguesa, como calquera outro, \u00e9 comprender a s\u00faa gram\u00e1tica. Este artigo guiarache a trav\u00e9s [&hellip;]<\/p>\n","protected":false},"author":1,"featured_media":107916,"parent":0,"menu_order":0,"comment_status":"closed","ping_status":"closed","template":"LearningContentPage.php","meta":{"_acf_changed":false,"footnotes":""},"class_list":["post-130085","page","type-page","status-publish","has-post-thumbnail","hentry"],"acf":[],"yoast_head":"<!-- This site is optimized with the Yoast SEO Premium plugin v27.2 (Yoast SEO v27.2) - https:\/\/yoast.com\/product\/yoast-seo-premium-wordpress\/ -->\n<title>Gram\u00e1tica portuguesa - Talkpal<\/title>\n<meta name=\"description\" content=\"Domina a gram\u00e1tica portuguesa con exercicios interactivos dese\u00f1ados para todos os niveis. Mellora o teu dominio do idioma!\" \/>\n<meta name=\"robots\" content=\"index, follow, max-snippet:-1, max-image-preview:large, max-video-preview:-1\" \/>\n<link rel=\"canonical\" href=\"https:\/\/talkpal.ai\/gl\/gramatica-portuguesa\/\" \/>\n<meta property=\"og:locale\" content=\"gl_ES\" \/>\n<meta property=\"og:type\" content=\"article\" \/>\n<meta property=\"og:title\" content=\"Gram\u00e1tica portuguesa\" \/>\n<meta property=\"og:description\" content=\"Unha gu\u00eda para principiantes para comprender a gram\u00e1tica portuguesa Se est\u00e1s planeando unha viaxe a Portugal ou simplemente est\u00e1s interesado en dominar un\" \/>\n<meta property=\"og:url\" content=\"https:\/\/talkpal.ai\/gl\/gramatica-portuguesa\/\" \/>\n<meta property=\"og:site_name\" content=\"Talkpal\" \/>\n<meta property=\"article:publisher\" content=\"https:\/\/www.facebook.com\/profile.php?id=100090733639311\" \/>\n<meta property=\"article:modified_time\" content=\"2025-12-11T16:48:07+00:00\" \/>\n<meta property=\"og:image\" content=\"https:\/\/talkpal.ai\/wp-content\/uploads\/2023\/04\/portugal.png\" \/>\n\t<meta property=\"og:image:width\" content=\"512\" \/>\n\t<meta property=\"og:image:height\" content=\"512\" \/>\n\t<meta property=\"og:image:type\" content=\"image\/png\" \/>\n<meta name=\"twitter:card\" content=\"summary_large_image\" \/>\n<meta name=\"twitter:site\" content=\"@talkpalai\" \/>\n<meta name=\"twitter:label1\" content=\"Tempo de lectura\" \/>\n\t<meta name=\"twitter:data1\" content=\"4 minutos\" \/>\n<script type=\"application\/ld+json\" class=\"yoast-schema-graph\">{\"@context\":\"https:\/\/schema.org\",\"@graph\":[{\"@type\":\"WebPage\",\"@id\":\"https:\/\/talkpal.ai\/gl\/gramatica-portuguesa\/\",\"url\":\"https:\/\/talkpal.ai\/gl\/gramatica-portuguesa\/\",\"name\":\"Gram\u00e1tica portuguesa - Talkpal\",\"isPartOf\":{\"@id\":\"https:\/\/talkpal.ai\/gl\/#website\"},\"primaryImageOfPage\":{\"@id\":\"https:\/\/talkpal.ai\/gl\/gramatica-portuguesa\/#primaryimage\"},\"image\":{\"@id\":\"https:\/\/talkpal.ai\/gl\/gramatica-portuguesa\/#primaryimage\"},\"thumbnailUrl\":\"https:\/\/talkpal.ai\/wp-content\/uploads\/2023\/04\/portugal.png\",\"datePublished\":\"2023-05-14T13:51:46+00:00\",\"dateModified\":\"2025-12-11T16:48:07+00:00\",\"description\":\"Domina a gram\u00e1tica portuguesa con exercicios interactivos dese\u00f1ados para todos os niveis. Mellora o teu dominio do idioma!\",\"breadcrumb\":{\"@id\":\"https:\/\/talkpal.ai\/gl\/gramatica-portuguesa\/#breadcrumb\"},\"inLanguage\":\"gl-ES\",\"potentialAction\":[{\"@type\":\"ReadAction\",\"target\":[\"https:\/\/talkpal.ai\/gl\/gramatica-portuguesa\/\"]}]},{\"@type\":\"ImageObject\",\"inLanguage\":\"gl-ES\",\"@id\":\"https:\/\/talkpal.ai\/gl\/gramatica-portuguesa\/#primaryimage\",\"url\":\"https:\/\/talkpal.ai\/wp-content\/uploads\/2023\/04\/portugal.png\",\"contentUrl\":\"https:\/\/talkpal.ai\/wp-content\/uploads\/2023\/04\/portugal.png\",\"width\":512,\"height\":512},{\"@type\":\"BreadcrumbList\",\"@id\":\"https:\/\/talkpal.ai\/gl\/gramatica-portuguesa\/#breadcrumb\",\"itemListElement\":[{\"@type\":\"ListItem\",\"position\":1,\"name\":\"Homepage\",\"item\":\"https:\/\/talkpal.ai\/gl\/\"},{\"@type\":\"ListItem\",\"position\":2,\"name\":\"Gram\u00e1tica portuguesa\"}]},{\"@type\":\"WebSite\",\"@id\":\"https:\/\/talkpal.ai\/gl\/#website\",\"url\":\"https:\/\/talkpal.ai\/gl\/\",\"name\":\"Talkpal\",\"description\":\"AI Language Learning\",\"publisher\":{\"@id\":\"https:\/\/talkpal.ai\/gl\/#organization\"},\"alternateName\":\"Talkpal AI\",\"potentialAction\":[{\"@type\":\"SearchAction\",\"target\":{\"@type\":\"EntryPoint\",\"urlTemplate\":\"https:\/\/talkpal.ai\/gl\/?s={search_term_string}\"},\"query-input\":{\"@type\":\"PropertyValueSpecification\",\"valueRequired\":true,\"valueName\":\"search_term_string\"}}],\"inLanguage\":\"gl-ES\"},{\"@type\":\"Organization\",\"@id\":\"https:\/\/talkpal.ai\/gl\/#organization\",\"name\":\"Talkpal, Inc.\",\"alternateName\":\"Talkpal AI\",\"url\":\"https:\/\/talkpal.ai\/gl\/\",\"logo\":{\"@type\":\"ImageObject\",\"inLanguage\":\"gl-ES\",\"@id\":\"https:\/\/talkpal.ai\/gl\/#\/schema\/logo\/image\/\",\"url\":\"https:\/\/talkpal.ai\/wp-content\/uploads\/2024\/03\/Talkpal-Logo-Icon.png\",\"contentUrl\":\"https:\/\/talkpal.ai\/wp-content\/uploads\/2024\/03\/Talkpal-Logo-Icon.png\",\"width\":2880,\"height\":2880,\"caption\":\"Talkpal, Inc.\"},\"image\":{\"@id\":\"https:\/\/talkpal.ai\/gl\/#\/schema\/logo\/image\/\"},\"sameAs\":[\"https:\/\/www.facebook.com\/profile.php?id=100090733639311\",\"https:\/\/x.com\/talkpalai\",\"https:\/\/www.linkedin.com\/company\/talkpal\/\",\"https:\/\/www.youtube.com\/@TalkPal\/\",\"https:\/\/www.tiktok.com\/@talkpal\",\"https:\/\/www.instagram.com\/talkpal_ai\/\",\"https:\/\/www.crunchbase.com\/organization\/talkpal-9cde\",\"https:\/\/www.g2.com\/products\/talkpal-for-business\/\",\"https:\/\/www.trustpilot.com\/review\/talkpal.ai\",\"https:\/\/www.capterra.com\/p\/10006800\/TalkPal\/\"],\"description\":\"Talkpal is a language learning web and mobile education app, powered by the latest AI technologies, that provides engaging experiences to its customers in many different languages to help them improve their language skills. Users can chat about unlimited amount of topics with the app and use other modes to practice their language learning.\",\"email\":\"support@talkpal.ai\",\"legalName\":\"Talkpal, Inc.\",\"foundingDate\":\"2023-04-03\",\"duns\":\"118989042\",\"numberOfEmployees\":{\"@type\":\"QuantitativeValue\",\"minValue\":\"11\",\"maxValue\":\"50\"},\"publishingPrinciples\":\"https:\/\/talkpal.ai\/publishing-principles\/\",\"actionableFeedbackPolicy\":\"https:\/\/talkpal.ai\/actionable-feedback-policy\/\",\"correctionsPolicy\":\"https:\/\/talkpal.ai\/corrections-policy\/\",\"ethicsPolicy\":\"https:\/\/talkpal.ai\/ethics-policy\/\",\"diversityPolicy\":\"https:\/\/talkpal.ai\/diversity-policy\/\",\"diversityStaffingReport\":\"https:\/\/talkpal.ai\/diversity-policy\/\"}]}<\/script>\n<!-- \/ Yoast SEO Premium plugin. -->","yoast_head_json":{"title":"Gram\u00e1tica portuguesa - Talkpal","description":"Domina a gram\u00e1tica portuguesa con exercicios interactivos dese\u00f1ados para todos os niveis. Mellora o teu dominio do idioma!","robots":{"index":"index","follow":"follow","max-snippet":"max-snippet:-1","max-image-preview":"max-image-preview:large","max-video-preview":"max-video-preview:-1"},"canonical":"https:\/\/talkpal.ai\/gl\/gramatica-portuguesa\/","og_locale":"gl_ES","og_type":"article","og_title":"Gram\u00e1tica portuguesa","og_description":"Unha gu\u00eda para principiantes para comprender a gram\u00e1tica portuguesa Se est\u00e1s planeando unha viaxe a Portugal ou simplemente est\u00e1s interesado en dominar un","og_url":"https:\/\/talkpal.ai\/gl\/gramatica-portuguesa\/","og_site_name":"Talkpal","article_publisher":"https:\/\/www.facebook.com\/profile.php?id=100090733639311","article_modified_time":"2025-12-11T16:48:07+00:00","og_image":[{"width":512,"height":512,"url":"https:\/\/talkpal.ai\/wp-content\/uploads\/2023\/04\/portugal.png","type":"image\/png"}],"twitter_card":"summary_large_image","twitter_site":"@talkpalai","twitter_misc":{"Tempo de lectura":"4 minutos"},"schema":{"@context":"https:\/\/schema.org","@graph":[{"@type":"WebPage","@id":"https:\/\/talkpal.ai\/gl\/gramatica-portuguesa\/","url":"https:\/\/talkpal.ai\/gl\/gramatica-portuguesa\/","name":"Gram\u00e1tica portuguesa - Talkpal","isPartOf":{"@id":"https:\/\/talkpal.ai\/gl\/#website"},"primaryImageOfPage":{"@id":"https:\/\/talkpal.ai\/gl\/gramatica-portuguesa\/#primaryimage"},"image":{"@id":"https:\/\/talkpal.ai\/gl\/gramatica-portuguesa\/#primaryimage"},"thumbnailUrl":"https:\/\/talkpal.ai\/wp-content\/uploads\/2023\/04\/portugal.png","datePublished":"2023-05-14T13:51:46+00:00","dateModified":"2025-12-11T16:48:07+00:00","description":"Domina a gram\u00e1tica portuguesa con exercicios interactivos dese\u00f1ados para todos os niveis. Mellora o teu dominio do idioma!","breadcrumb":{"@id":"https:\/\/talkpal.ai\/gl\/gramatica-portuguesa\/#breadcrumb"},"inLanguage":"gl-ES","potentialAction":[{"@type":"ReadAction","target":["https:\/\/talkpal.ai\/gl\/gramatica-portuguesa\/"]}]},{"@type":"ImageObject","inLanguage":"gl-ES","@id":"https:\/\/talkpal.ai\/gl\/gramatica-portuguesa\/#primaryimage","url":"https:\/\/talkpal.ai\/wp-content\/uploads\/2023\/04\/portugal.png","contentUrl":"https:\/\/talkpal.ai\/wp-content\/uploads\/2023\/04\/portugal.png","width":512,"height":512},{"@type":"BreadcrumbList","@id":"https:\/\/talkpal.ai\/gl\/gramatica-portuguesa\/#breadcrumb","itemListElement":[{"@type":"ListItem","position":1,"name":"Homepage","item":"https:\/\/talkpal.ai\/gl\/"},{"@type":"ListItem","position":2,"name":"Gram\u00e1tica portuguesa"}]},{"@type":"WebSite","@id":"https:\/\/talkpal.ai\/gl\/#website","url":"https:\/\/talkpal.ai\/gl\/","name":"Talkpal","description":"AI Language Learning","publisher":{"@id":"https:\/\/talkpal.ai\/gl\/#organization"},"alternateName":"Talkpal AI","potentialAction":[{"@type":"SearchAction","target":{"@type":"EntryPoint","urlTemplate":"https:\/\/talkpal.ai\/gl\/?s={search_term_string}"},"query-input":{"@type":"PropertyValueSpecification","valueRequired":true,"valueName":"search_term_string"}}],"inLanguage":"gl-ES"},{"@type":"Organization","@id":"https:\/\/talkpal.ai\/gl\/#organization","name":"Talkpal, Inc.","alternateName":"Talkpal AI","url":"https:\/\/talkpal.ai\/gl\/","logo":{"@type":"ImageObject","inLanguage":"gl-ES","@id":"https:\/\/talkpal.ai\/gl\/#\/schema\/logo\/image\/","url":"https:\/\/talkpal.ai\/wp-content\/uploads\/2024\/03\/Talkpal-Logo-Icon.png","contentUrl":"https:\/\/talkpal.ai\/wp-content\/uploads\/2024\/03\/Talkpal-Logo-Icon.png","width":2880,"height":2880,"caption":"Talkpal, Inc."},"image":{"@id":"https:\/\/talkpal.ai\/gl\/#\/schema\/logo\/image\/"},"sameAs":["https:\/\/www.facebook.com\/profile.php?id=100090733639311","https:\/\/x.com\/talkpalai","https:\/\/www.linkedin.com\/company\/talkpal\/","https:\/\/www.youtube.com\/@TalkPal\/","https:\/\/www.tiktok.com\/@talkpal","https:\/\/www.instagram.com\/talkpal_ai\/","https:\/\/www.crunchbase.com\/organization\/talkpal-9cde","https:\/\/www.g2.com\/products\/talkpal-for-business\/","https:\/\/www.trustpilot.com\/review\/talkpal.ai","https:\/\/www.capterra.com\/p\/10006800\/TalkPal\/"],"description":"Talkpal is a language learning web and mobile education app, powered by the latest AI technologies, that provides engaging experiences to its customers in many different languages to help them improve their language skills. Users can chat about unlimited amount of topics with the app and use other modes to practice their language learning.","email":"support@talkpal.ai","legalName":"Talkpal, Inc.","foundingDate":"2023-04-03","duns":"118989042","numberOfEmployees":{"@type":"QuantitativeValue","minValue":"11","maxValue":"50"},"publishingPrinciples":"https:\/\/talkpal.ai\/publishing-principles\/","actionableFeedbackPolicy":"https:\/\/talkpal.ai\/actionable-feedback-policy\/","correctionsPolicy":"https:\/\/talkpal.ai\/corrections-policy\/","ethicsPolicy":"https:\/\/talkpal.ai\/ethics-policy\/","diversityPolicy":"https:\/\/talkpal.ai\/diversity-policy\/","diversityStaffingReport":"https:\/\/talkpal.ai\/diversity-policy\/"}]}},"_links":{"self":[{"href":"https:\/\/talkpal.ai\/gl\/wp-json\/wp\/v2\/pages\/130085","targetHints":{"allow":["GET"]}}],"collection":[{"href":"https:\/\/talkpal.ai\/gl\/wp-json\/wp\/v2\/pages"}],"about":[{"href":"https:\/\/talkpal.ai\/gl\/wp-json\/wp\/v2\/types\/page"}],"author":[{"embeddable":true,"href":"https:\/\/talkpal.ai\/gl\/wp-json\/wp\/v2\/users\/1"}],"replies":[{"embeddable":true,"href":"https:\/\/talkpal.ai\/gl\/wp-json\/wp\/v2\/comments?post=130085"}],"version-history":[{"count":0,"href":"https:\/\/talkpal.ai\/gl\/wp-json\/wp\/v2\/pages\/130085\/revisions"}],"wp:featuredmedia":[{"embeddable":true,"href":"https:\/\/talkpal.ai\/gl\/wp-json\/wp\/v2\/media\/107916"}],"wp:attachment":[{"href":"https:\/\/talkpal.ai\/gl\/wp-json\/wp\/v2\/media?parent=130085"}],"curies":[{"name":"wp","href":"https:\/\/api.w.org\/{rel}","templated":true}]}}