{"id":129787,"date":"2023-05-14T13:51:09","date_gmt":"2023-05-14T13:51:09","guid":{"rendered":"http:\/\/talkpal.ai\/gramatica-xaponesa\/"},"modified":"2025-12-11T16:44:26","modified_gmt":"2025-12-11T16:44:26","slug":"gramatica-xaponesa","status":"publish","type":"page","link":"https:\/\/talkpal.ai\/gl\/gramatica-xaponesa\/","title":{"rendered":"Gram\u00e1tica xaponesa"},"content":{"rendered":"\r\n\r\n\r\n<section class=\"languageChallengeSection\">\r\n    <div class=\"languageInfoWrapper\">\r\n        \r\n        <h1>Gram\u00e1tica xaponesa<\/h1>\r\n        <p>Mellora as t\u00faas habilidades en <a href=\"https:\/\/talkpal.ai\/learn-japanese\/\">xapon\u00e9s<\/a> dominando puntos gramaticais esenciais con explicaci\u00f3ns e exemplos claros. Comeza a t\u00faa viaxe cara \u00e1 fluidez: merg\u00fallate na <a href=\"https:\/\/talkpal.ai\/japanese-grammar\/\">gram\u00e1tica xaponesa<\/a> hoxe mesmo!<\/p>\r\n\r\n                            <a class=\"getStartedHidden\" href=\"https:\/\/app.talkpal.ai\/signup?lng=\">Empeza<\/a>\r\n        \r\n    <\/div>\r\n\r\n    <figure>\r\n    <img decoding=\"async\" width=\"768\" height=\"768\" src=\"https:\/\/talkpal.ai\/wp-content\/uploads\/2023\/06\/japanese-768x768.png\" class=\"languageImage no-lazy\" alt=\"Language learning for world travelers\" fetchpriority=\"high\" sizes=\"(max-width: 768px) 150px, 768px\" srcset=\"https:\/\/talkpal.ai\/wp-content\/uploads\/2023\/06\/japanese-768x768.png 768w, https:\/\/talkpal.ai\/wp-content\/uploads\/2023\/06\/japanese-300x300.png 300w\" \/>\r\n    \r\n\r\n    <\/figure>\r\n\r\n            <a class=\"getStartedVisible\" href=\"https:\/\/app.talkpal.ai\/signup?lng=\">Empeza<\/a>\r\n    \r\n<\/section>\r\n<section class=\"promotionalBanner\">\r\n    <p class=\"promotionalText\">A forma m\u00e1is eficaz de aprender un idioma<\/p>\r\n    <a class=\"promotionalLink\" href=\"https:\/\/app.talkpal.ai\/signup?lng=\">Proba Talkpal de balde<\/a>\r\n<\/section>\n<div class=\"wp-block-group pageContainerStyle\"><div class=\"wp-block-group__inner-container is-layout-constrained wp-block-group-is-layout-constrained\">\n<h2 class=\"wp-block-heading\" id=\"h-mastering-the-intricacies-of-japanese-grammar\">Dominar as complejidades da gram\u00e1tica xaponesa<\/h2>\n\n\n\n<p>Os entusiastas da ling\u00fc\u00edstica adoitan considerar que o xapon\u00e9s \u00e9 unha lingua fascinante e desafiante de aprender, en gran parte debido ao seu sistema gramatical \u00fanico. A pesar diso, comprender a gram\u00e1tica xaponesa pode mellorar significativamente as t\u00faas habilidades comunicativas e a comprensi\u00f3n cultural. Neste artigo, discutiremos varios aspectos esenciais da gram\u00e1tica xaponesa para axudarche na t\u00faa viaxe de <a href=\"https:\/\/talkpal.ai\/gl\/aprendizaxe\/\">aprendizaxe<\/a> de idiomas. Ent\u00f3n, abr\u00f3chate o cintur\u00f3n e afond\u00e1monos no engaiolante mundo da gram\u00e1tica xaponesa.<\/p>\n\n\n\n<h3 class=\"wp-block-heading\" id=\"h-1-sentence-structure-sov\">1. Estrutura da oraci\u00f3n: SOV<\/h3>\n\n\n\n<p>A diferenza do <a href=\"https:\/\/talkpal.ai\/es\/locations\/aprende-ingles-en-orange\/\">ingl\u00e9s<\/a> (Subject \u2013 Verb \u2013 Object ou SVO), o xapon\u00e9s segue unha estrutura de oraci\u00f3ns Suxeito \u2013 Obxecto \u2013 Verbo (SOV). Isto significa que o verbo xeralmente \u00e9 o \u00faltimo dunha oraci\u00f3n. Adquirir esta orde \u00fanica de palabras \u00e9 vital para formar frases comprensibles en xapon\u00e9s.<\/p>\n\n\n\n<p>Exemplo:  <\/p>\n\n\n\n<p>&#8211; \u308f\u305f\u3057\u306f\u308a\u3093\u3054\u3092\u305f\u3079\u307e\u3059\u3002 (Eu <a href=\"https:\/\/talkpal.ai\/locations\/language-courses-in-como\/\">como<\/a> unha maz\u00e1)<\/p>\n\n\n\n<p>\u2013 Watashi wa ringo o tabemasu. (lit. Eu como unha maz\u00e1)<\/p>\n\n\n\n<h3 class=\"wp-block-heading\" id=\"h-2-particles-the-sentence-connectors\">2. Part\u00edculas: Os conectores de oraci\u00f3ns<\/h3>\n\n\n\n<p>As part\u00edculas xogan un papel crucial na gram\u00e1tica xaponesa ao marcar a funci\u00f3n dunha palabra dentro dunha oraci\u00f3n. Algunhas part\u00edculas com\u00fans incl\u00faen \u306f (wa), \u3092 (o), \u304c (ga), \u3067 (de) e \u306b (ni). Ao comprender o funcionamento destas part\u00edculas, descubrir\u00e1s que descifrar e constru\u00edr frases xaponesas faise significativamente m\u00e1is manexable.<\/p>\n\n\n\n<h3 class=\"wp-block-heading\" id=\"h-3-verbs-an-introduction-to-conjugation\">3. Verbos: unha introduci\u00f3n \u00e1 conxugaci\u00f3n<\/h3>\n\n\n\n<p>Os verbos xaponeses te\u00f1en tres grupos principais, identificados pola terminaci\u00f3n da s\u00faa forma base. Estes grupos son considerados cando se conxugan por tempo, cortes\u00eda e estado de \u00e1nimo. A boa noticia \u00e9 que os verbos xaponeses non cambian segundo o tema, o que os fai menos complexos que os doutros idiomas.<\/p>\n\n\n\n<p>\u2013 Grupo 1: verbos en U<\/p>\n\n\n\n<p>\u2013 Grupo 2: Ru-verbos<\/p>\n\n\n\n<p>\u2013 Grupo 3: <a href=\"https:\/\/talkpal.ai\/culture\/what-are-the-most-irregular-verbs-in-galician\/\">verbos irregulares<\/a> (s\u00f3 dous verbos \u2013 \u3059\u308b (suru) e \u6765\u308b (kuru))<\/p>\n\n\n\n<h3 class=\"wp-block-heading\" id=\"h-4-politeness-levels\">4. Niveis de cortes\u00eda<\/h3>\n\n\n\n<p>O xapon\u00e9s \u00e9 unha lingua rica en <a href=\"https:\/\/talkpal.ai\/talkpal-for-education\/\">educaci\u00f3n<\/a>, e a gram\u00e1tica da lingua reflicte isto. Hai tres niveis de educaci\u00f3n primaria: casual, educado e honor\u00edfico. Reco\u00f1ecelos e utilizalos adecuadamente \u00e9 esencial para unha comunicaci\u00f3n natural e respectuosa.<\/p>\n\n\n\n<p>\u2013 Casual: formas verbais simples (por exemplo, \u98df\u3079\u308b \u2013 taberu \u2013 comer)<\/p>\n\n\n\n<p>\u2013 Cort\u00e9s: conxugaci\u00f3n \u307e\u3059 (masu) (p. ex., \u98df\u3079\u307e\u3059 \u2013 tabemasu \u2013 comer (educadamente))<\/p>\n\n\n\n<p>\u2013 Honor\u00edfico: conxugaci\u00f3ns e prefixos especiais (por exemplo, \u304a\u53ec\u3057\u4e0a\u304c\u308a\u306b\u306a\u308b \u2013 omeshiagari ni naru \u2013 comer (honor\u00edfico))<\/p>\n\n\n\n<h3 class=\"wp-block-heading\" id=\"h-5-japanese-adjectives\">5. Adxectivos xaponeses<\/h3>\n\n\n\n<p>Os adxectivos xaponeses ve\u00f1en en dous tipos: adxectivos i e adxectivos na. Ambos os tipos te\u00f1en regras de conxugaci\u00f3n \u00fanicas e interact\u00faan cos substantivos de forma diferente. Dominar o uso destes dous tipos de adxectivos \u00e9 fundamental para unha comunicaci\u00f3n eficaz en xapon\u00e9s.<\/p>\n\n\n\n<h3 class=\"wp-block-heading\" id=\"h-6-engaging-with-the-language\">6. Comprometerse coa lingua<\/h3>\n\n\n\n<p>Unha das formas m\u00e1is eficaces de aprender a gram\u00e1tica xaponesa \u00e9 interactuar co idioma de forma consistente. Desde ver pel\u00edculas e anime xaponeses ata participar en intercambios de conversa con falantes nativos, mergullarse na lingua axudar\u00e1 a solidificar os conceptos gramaticais e a ampliar o seu vocabulario.<\/p>\n\n\n\n<h3 class=\"wp-block-heading\" id=\"h-conclusion\">Conclusi\u00f3n<\/h3>\n\n\n\n<p>A\u00ednda que a gram\u00e1tica xaponesa pode parecer abrumadora ao principio, con dedicaci\u00f3n e tempo, atoparase navegando polas s\u00faas complexidades con facilidade. A clave \u00e9 manter a curiosidade e practicar con regularidade. Boa sorte na t\u00faa viaxe para dominar a gram\u00e1tica xaponesa e goza da aventura ling\u00fc\u00edstica!<\/p>\n<\/div><\/div>\n\r\n<section class=\"learnNavigationSection\">\r\n            \r\n        <a href=\"https:\/\/talkpal.ai\/gl\/aprende-xapones\/\">\r\n            <div class=\"learnNavigationWrapper\">\r\n                <div class=\"learnNavigationContent\">\r\n                    <img decoding=\"async\" src=\"https:\/\/talkpal.ai\/wp-content\/uploads\/2024\/08\/Japanese.jpg\" alt=\"Japanese Flag\">\r\n                    <div>\r\n                        <h4>Sobre a aprendizaxe do xapon\u00e9s<\/h4>\r\n                        <p>Descubre todo sobre a gram\u00e1tica xaponesa.<\/p>\r\n                    <\/div>\r\n                <\/div>\r\n            <\/div>\r\n        <\/a>\r\n\r\n        \r\n        <a href=\"https:\/\/talkpal.ai\/gl\/exercicios-de-gramatica-xaponesa\/\">\r\n            <div class=\"learnNavigationWrapper\">\r\n                <div class=\"learnNavigationContent\">\r\n                    <img decoding=\"async\" src=\"https:\/\/talkpal.ai\/wp-content\/uploads\/2024\/08\/Japanese.jpg\" alt=\"Japanese Flag\">\r\n                    <div>\r\n                        <h4>Exercicio de gram\u00e1tica xaponesa<\/h4>\r\n                        <p>Practica a gram\u00e1tica xaponesa.<\/p>\r\n                    <\/div>\r\n                <\/div>\r\n            <\/div>\r\n        <\/a>\r\n\r\n        \r\n        <a href=\"https:\/\/talkpal.ai\/vocabulary_language\/japanese\/\">\r\n            <div class=\"learnNavigationWrapper\">\r\n                <div class=\"learnNavigationContent\">\r\n                    <img decoding=\"async\" src=\"https:\/\/talkpal.ai\/wp-content\/uploads\/2024\/08\/Japanese.jpg\" alt=\"Japanese Flag\">\r\n                    <div>\r\n                        <h4>Vocabulario xapon\u00e9s<\/h4>\r\n                        <p>Ampl\u00eda o teu vocabulario xapon\u00e9s.<\/p>\r\n                    <\/div>\r\n                <\/div>\r\n            <\/div>\r\n        <\/a>\r\n\r\n            <\/section>","protected":false},"excerpt":{"rendered":"<p>Dominar as complejidades da gram\u00e1tica xaponesa Os entusiastas da ling\u00fc\u00edstica adoitan considerar que o xapon\u00e9s \u00e9 unha lingua fascinante e desafiante de aprender, en gran parte debido ao seu sistema gramatical \u00fanico. A pesar diso, comprender a gram\u00e1tica xaponesa pode mellorar significativamente as t\u00faas habilidades comunicativas e a comprensi\u00f3n cultural. Neste artigo, discutiremos varios aspectos [&hellip;]<\/p>\n","protected":false},"author":1,"featured_media":107385,"parent":0,"menu_order":0,"comment_status":"closed","ping_status":"closed","template":"LearningContentPage.php","meta":{"_acf_changed":false,"footnotes":""},"class_list":["post-129787","page","type-page","status-publish","has-post-thumbnail","hentry"],"acf":[],"yoast_head":"<!-- This site is optimized with the Yoast SEO Premium plugin v27.2 (Yoast SEO v27.2) - https:\/\/yoast.com\/product\/yoast-seo-premium-wordpress\/ -->\n<title>Gram\u00e1tica xaponesa - Talkpal<\/title>\n<meta name=\"description\" content=\"Domina a gram\u00e1tica xaponesa coa nosa aplicaci\u00f3n de aprendizaxe de idiomas con IA. Mellora as t\u00faas habilidades ling\u00fc\u00edsticas facilmente coa compatibilidade coa IA de Talkpal .\" \/>\n<meta name=\"robots\" content=\"index, follow, max-snippet:-1, max-image-preview:large, max-video-preview:-1\" \/>\n<link rel=\"canonical\" href=\"https:\/\/talkpal.ai\/gl\/gramatica-xaponesa\/\" \/>\n<meta property=\"og:locale\" content=\"gl_ES\" \/>\n<meta property=\"og:type\" content=\"article\" \/>\n<meta property=\"og:title\" content=\"Gram\u00e1tica xaponesa\" \/>\n<meta property=\"og:description\" content=\"Dominar as complejidades da gram\u00e1tica xaponesa Os entusiastas da ling\u00fc\u00edstica adoitan considerar que o xapon\u00e9s \u00e9 unha lingua fascinante e desafiante de\" \/>\n<meta property=\"og:url\" content=\"https:\/\/talkpal.ai\/gl\/gramatica-xaponesa\/\" \/>\n<meta property=\"og:site_name\" content=\"Talkpal\" \/>\n<meta property=\"article:publisher\" content=\"https:\/\/www.facebook.com\/profile.php?id=100090733639311\" \/>\n<meta property=\"article:modified_time\" content=\"2025-12-11T16:44:26+00:00\" \/>\n<meta property=\"og:image\" content=\"https:\/\/talkpal.ai\/wp-content\/uploads\/2023\/04\/japan.png\" \/>\n\t<meta property=\"og:image:width\" content=\"512\" \/>\n\t<meta property=\"og:image:height\" content=\"512\" \/>\n\t<meta property=\"og:image:type\" content=\"image\/png\" \/>\n<meta name=\"twitter:card\" content=\"summary_large_image\" \/>\n<meta name=\"twitter:site\" content=\"@talkpalai\" \/>\n<meta name=\"twitter:label1\" content=\"Tempo de lectura\" \/>\n\t<meta name=\"twitter:data1\" content=\"3 minutos\" \/>\n<script type=\"application\/ld+json\" class=\"yoast-schema-graph\">{\"@context\":\"https:\/\/schema.org\",\"@graph\":[{\"@type\":\"WebPage\",\"@id\":\"https:\/\/talkpal.ai\/gl\/gramatica-xaponesa\/\",\"url\":\"https:\/\/talkpal.ai\/gl\/gramatica-xaponesa\/\",\"name\":\"Gram\u00e1tica xaponesa - Talkpal\",\"isPartOf\":{\"@id\":\"https:\/\/talkpal.ai\/gl\/#website\"},\"primaryImageOfPage\":{\"@id\":\"https:\/\/talkpal.ai\/gl\/gramatica-xaponesa\/#primaryimage\"},\"image\":{\"@id\":\"https:\/\/talkpal.ai\/gl\/gramatica-xaponesa\/#primaryimage\"},\"thumbnailUrl\":\"https:\/\/talkpal.ai\/wp-content\/uploads\/2023\/04\/japan.png\",\"datePublished\":\"2023-05-14T13:51:09+00:00\",\"dateModified\":\"2025-12-11T16:44:26+00:00\",\"description\":\"Domina a gram\u00e1tica xaponesa coa nosa aplicaci\u00f3n de aprendizaxe de idiomas con IA. Mellora as t\u00faas habilidades ling\u00fc\u00edsticas facilmente coa compatibilidade coa IA de Talkpal .\",\"breadcrumb\":{\"@id\":\"https:\/\/talkpal.ai\/gl\/gramatica-xaponesa\/#breadcrumb\"},\"inLanguage\":\"gl-ES\",\"potentialAction\":[{\"@type\":\"ReadAction\",\"target\":[\"https:\/\/talkpal.ai\/gl\/gramatica-xaponesa\/\"]}]},{\"@type\":\"ImageObject\",\"inLanguage\":\"gl-ES\",\"@id\":\"https:\/\/talkpal.ai\/gl\/gramatica-xaponesa\/#primaryimage\",\"url\":\"https:\/\/talkpal.ai\/wp-content\/uploads\/2023\/04\/japan.png\",\"contentUrl\":\"https:\/\/talkpal.ai\/wp-content\/uploads\/2023\/04\/japan.png\",\"width\":512,\"height\":512},{\"@type\":\"BreadcrumbList\",\"@id\":\"https:\/\/talkpal.ai\/gl\/gramatica-xaponesa\/#breadcrumb\",\"itemListElement\":[{\"@type\":\"ListItem\",\"position\":1,\"name\":\"Homepage\",\"item\":\"https:\/\/talkpal.ai\/gl\/\"},{\"@type\":\"ListItem\",\"position\":2,\"name\":\"Gram\u00e1tica xaponesa\"}]},{\"@type\":\"WebSite\",\"@id\":\"https:\/\/talkpal.ai\/gl\/#website\",\"url\":\"https:\/\/talkpal.ai\/gl\/\",\"name\":\"Talkpal\",\"description\":\"AI Language Learning\",\"publisher\":{\"@id\":\"https:\/\/talkpal.ai\/gl\/#organization\"},\"alternateName\":\"Talkpal AI\",\"potentialAction\":[{\"@type\":\"SearchAction\",\"target\":{\"@type\":\"EntryPoint\",\"urlTemplate\":\"https:\/\/talkpal.ai\/gl\/?s={search_term_string}\"},\"query-input\":{\"@type\":\"PropertyValueSpecification\",\"valueRequired\":true,\"valueName\":\"search_term_string\"}}],\"inLanguage\":\"gl-ES\"},{\"@type\":\"Organization\",\"@id\":\"https:\/\/talkpal.ai\/gl\/#organization\",\"name\":\"Talkpal, Inc.\",\"alternateName\":\"Talkpal AI\",\"url\":\"https:\/\/talkpal.ai\/gl\/\",\"logo\":{\"@type\":\"ImageObject\",\"inLanguage\":\"gl-ES\",\"@id\":\"https:\/\/talkpal.ai\/gl\/#\/schema\/logo\/image\/\",\"url\":\"https:\/\/talkpal.ai\/wp-content\/uploads\/2024\/03\/Talkpal-Logo-Icon.png\",\"contentUrl\":\"https:\/\/talkpal.ai\/wp-content\/uploads\/2024\/03\/Talkpal-Logo-Icon.png\",\"width\":2880,\"height\":2880,\"caption\":\"Talkpal, Inc.\"},\"image\":{\"@id\":\"https:\/\/talkpal.ai\/gl\/#\/schema\/logo\/image\/\"},\"sameAs\":[\"https:\/\/www.facebook.com\/profile.php?id=100090733639311\",\"https:\/\/x.com\/talkpalai\",\"https:\/\/www.linkedin.com\/company\/talkpal\/\",\"https:\/\/www.youtube.com\/@TalkPal\/\",\"https:\/\/www.tiktok.com\/@talkpal\",\"https:\/\/www.instagram.com\/talkpal_ai\/\",\"https:\/\/www.crunchbase.com\/organization\/talkpal-9cde\",\"https:\/\/www.g2.com\/products\/talkpal-for-business\/\",\"https:\/\/www.trustpilot.com\/review\/talkpal.ai\",\"https:\/\/www.capterra.com\/p\/10006800\/TalkPal\/\"],\"description\":\"Talkpal is a language learning web and mobile education app, powered by the latest AI technologies, that provides engaging experiences to its customers in many different languages to help them improve their language skills. Users can chat about unlimited amount of topics with the app and use other modes to practice their language learning.\",\"email\":\"support@talkpal.ai\",\"legalName\":\"Talkpal, Inc.\",\"foundingDate\":\"2023-04-03\",\"duns\":\"118989042\",\"numberOfEmployees\":{\"@type\":\"QuantitativeValue\",\"minValue\":\"11\",\"maxValue\":\"50\"},\"publishingPrinciples\":\"https:\/\/talkpal.ai\/publishing-principles\/\",\"actionableFeedbackPolicy\":\"https:\/\/talkpal.ai\/actionable-feedback-policy\/\",\"correctionsPolicy\":\"https:\/\/talkpal.ai\/corrections-policy\/\",\"ethicsPolicy\":\"https:\/\/talkpal.ai\/ethics-policy\/\",\"diversityPolicy\":\"https:\/\/talkpal.ai\/diversity-policy\/\",\"diversityStaffingReport\":\"https:\/\/talkpal.ai\/diversity-policy\/\"}]}<\/script>\n<!-- \/ Yoast SEO Premium plugin. -->","yoast_head_json":{"title":"Gram\u00e1tica xaponesa - Talkpal","description":"Domina a gram\u00e1tica xaponesa coa nosa aplicaci\u00f3n de aprendizaxe de idiomas con IA. Mellora as t\u00faas habilidades ling\u00fc\u00edsticas facilmente coa compatibilidade coa IA de Talkpal .","robots":{"index":"index","follow":"follow","max-snippet":"max-snippet:-1","max-image-preview":"max-image-preview:large","max-video-preview":"max-video-preview:-1"},"canonical":"https:\/\/talkpal.ai\/gl\/gramatica-xaponesa\/","og_locale":"gl_ES","og_type":"article","og_title":"Gram\u00e1tica xaponesa","og_description":"Dominar as complejidades da gram\u00e1tica xaponesa Os entusiastas da ling\u00fc\u00edstica adoitan considerar que o xapon\u00e9s \u00e9 unha lingua fascinante e desafiante de","og_url":"https:\/\/talkpal.ai\/gl\/gramatica-xaponesa\/","og_site_name":"Talkpal","article_publisher":"https:\/\/www.facebook.com\/profile.php?id=100090733639311","article_modified_time":"2025-12-11T16:44:26+00:00","og_image":[{"width":512,"height":512,"url":"https:\/\/talkpal.ai\/wp-content\/uploads\/2023\/04\/japan.png","type":"image\/png"}],"twitter_card":"summary_large_image","twitter_site":"@talkpalai","twitter_misc":{"Tempo de lectura":"3 minutos"},"schema":{"@context":"https:\/\/schema.org","@graph":[{"@type":"WebPage","@id":"https:\/\/talkpal.ai\/gl\/gramatica-xaponesa\/","url":"https:\/\/talkpal.ai\/gl\/gramatica-xaponesa\/","name":"Gram\u00e1tica xaponesa - Talkpal","isPartOf":{"@id":"https:\/\/talkpal.ai\/gl\/#website"},"primaryImageOfPage":{"@id":"https:\/\/talkpal.ai\/gl\/gramatica-xaponesa\/#primaryimage"},"image":{"@id":"https:\/\/talkpal.ai\/gl\/gramatica-xaponesa\/#primaryimage"},"thumbnailUrl":"https:\/\/talkpal.ai\/wp-content\/uploads\/2023\/04\/japan.png","datePublished":"2023-05-14T13:51:09+00:00","dateModified":"2025-12-11T16:44:26+00:00","description":"Domina a gram\u00e1tica xaponesa coa nosa aplicaci\u00f3n de aprendizaxe de idiomas con IA. Mellora as t\u00faas habilidades ling\u00fc\u00edsticas facilmente coa compatibilidade coa IA de Talkpal .","breadcrumb":{"@id":"https:\/\/talkpal.ai\/gl\/gramatica-xaponesa\/#breadcrumb"},"inLanguage":"gl-ES","potentialAction":[{"@type":"ReadAction","target":["https:\/\/talkpal.ai\/gl\/gramatica-xaponesa\/"]}]},{"@type":"ImageObject","inLanguage":"gl-ES","@id":"https:\/\/talkpal.ai\/gl\/gramatica-xaponesa\/#primaryimage","url":"https:\/\/talkpal.ai\/wp-content\/uploads\/2023\/04\/japan.png","contentUrl":"https:\/\/talkpal.ai\/wp-content\/uploads\/2023\/04\/japan.png","width":512,"height":512},{"@type":"BreadcrumbList","@id":"https:\/\/talkpal.ai\/gl\/gramatica-xaponesa\/#breadcrumb","itemListElement":[{"@type":"ListItem","position":1,"name":"Homepage","item":"https:\/\/talkpal.ai\/gl\/"},{"@type":"ListItem","position":2,"name":"Gram\u00e1tica xaponesa"}]},{"@type":"WebSite","@id":"https:\/\/talkpal.ai\/gl\/#website","url":"https:\/\/talkpal.ai\/gl\/","name":"Talkpal","description":"AI Language Learning","publisher":{"@id":"https:\/\/talkpal.ai\/gl\/#organization"},"alternateName":"Talkpal AI","potentialAction":[{"@type":"SearchAction","target":{"@type":"EntryPoint","urlTemplate":"https:\/\/talkpal.ai\/gl\/?s={search_term_string}"},"query-input":{"@type":"PropertyValueSpecification","valueRequired":true,"valueName":"search_term_string"}}],"inLanguage":"gl-ES"},{"@type":"Organization","@id":"https:\/\/talkpal.ai\/gl\/#organization","name":"Talkpal, Inc.","alternateName":"Talkpal AI","url":"https:\/\/talkpal.ai\/gl\/","logo":{"@type":"ImageObject","inLanguage":"gl-ES","@id":"https:\/\/talkpal.ai\/gl\/#\/schema\/logo\/image\/","url":"https:\/\/talkpal.ai\/wp-content\/uploads\/2024\/03\/Talkpal-Logo-Icon.png","contentUrl":"https:\/\/talkpal.ai\/wp-content\/uploads\/2024\/03\/Talkpal-Logo-Icon.png","width":2880,"height":2880,"caption":"Talkpal, Inc."},"image":{"@id":"https:\/\/talkpal.ai\/gl\/#\/schema\/logo\/image\/"},"sameAs":["https:\/\/www.facebook.com\/profile.php?id=100090733639311","https:\/\/x.com\/talkpalai","https:\/\/www.linkedin.com\/company\/talkpal\/","https:\/\/www.youtube.com\/@TalkPal\/","https:\/\/www.tiktok.com\/@talkpal","https:\/\/www.instagram.com\/talkpal_ai\/","https:\/\/www.crunchbase.com\/organization\/talkpal-9cde","https:\/\/www.g2.com\/products\/talkpal-for-business\/","https:\/\/www.trustpilot.com\/review\/talkpal.ai","https:\/\/www.capterra.com\/p\/10006800\/TalkPal\/"],"description":"Talkpal is a language learning web and mobile education app, powered by the latest AI technologies, that provides engaging experiences to its customers in many different languages to help them improve their language skills. Users can chat about unlimited amount of topics with the app and use other modes to practice their language learning.","email":"support@talkpal.ai","legalName":"Talkpal, Inc.","foundingDate":"2023-04-03","duns":"118989042","numberOfEmployees":{"@type":"QuantitativeValue","minValue":"11","maxValue":"50"},"publishingPrinciples":"https:\/\/talkpal.ai\/publishing-principles\/","actionableFeedbackPolicy":"https:\/\/talkpal.ai\/actionable-feedback-policy\/","correctionsPolicy":"https:\/\/talkpal.ai\/corrections-policy\/","ethicsPolicy":"https:\/\/talkpal.ai\/ethics-policy\/","diversityPolicy":"https:\/\/talkpal.ai\/diversity-policy\/","diversityStaffingReport":"https:\/\/talkpal.ai\/diversity-policy\/"}]}},"_links":{"self":[{"href":"https:\/\/talkpal.ai\/gl\/wp-json\/wp\/v2\/pages\/129787","targetHints":{"allow":["GET"]}}],"collection":[{"href":"https:\/\/talkpal.ai\/gl\/wp-json\/wp\/v2\/pages"}],"about":[{"href":"https:\/\/talkpal.ai\/gl\/wp-json\/wp\/v2\/types\/page"}],"author":[{"embeddable":true,"href":"https:\/\/talkpal.ai\/gl\/wp-json\/wp\/v2\/users\/1"}],"replies":[{"embeddable":true,"href":"https:\/\/talkpal.ai\/gl\/wp-json\/wp\/v2\/comments?post=129787"}],"version-history":[{"count":0,"href":"https:\/\/talkpal.ai\/gl\/wp-json\/wp\/v2\/pages\/129787\/revisions"}],"wp:featuredmedia":[{"embeddable":true,"href":"https:\/\/talkpal.ai\/gl\/wp-json\/wp\/v2\/media\/107385"}],"wp:attachment":[{"href":"https:\/\/talkpal.ai\/gl\/wp-json\/wp\/v2\/media?parent=129787"}],"curies":[{"name":"wp","href":"https:\/\/api.w.org\/{rel}","templated":true}]}}