{"id":129490,"date":"2023-05-14T13:50:44","date_gmt":"2023-05-14T13:50:44","guid":{"rendered":"http:\/\/talkpal.ai\/gramatica-hindi\/"},"modified":"2025-12-13T15:12:19","modified_gmt":"2025-12-13T15:12:19","slug":"gramatica-hindi","status":"publish","type":"page","link":"https:\/\/talkpal.ai\/gl\/gramatica-hindi\/","title":{"rendered":"Gram\u00e1tica hindi"},"content":{"rendered":"\r\n\r\n\r\n<section class=\"languageChallengeSection\">\r\n    <div class=\"languageInfoWrapper\">\r\n        \r\n        <h1>Gram\u00e1tica hindi<\/h1>\r\n        <p>Listo\/a para aprender <a href=\"https:\/\/talkpal.ai\/learn-hindi\/\">hindi<\/a>? Merg\u00fallate na <a href=\"https:\/\/talkpal.ai\/es\/gramatica-hindi\/\">gram\u00e1tica hindi<\/a>, onde os substantivos con x\u00e9nero diferenciado, unha estrutura oracional suxeito-obxecto-verbo e as conxugaci\u00f3ns verbais expresivas danlle vida \u00e1 lingua. Comeza a t\u00faa viaxe cara ao hindi hoxe mesmo: dominar a s\u00faa gram\u00e1tica permitirache comunicarte con confianza e conectar coa vibrante cultura e tradici\u00f3ns da India!<\/p>\r\n\r\n                            <a class=\"getStartedHidden\" href=\"https:\/\/app.talkpal.ai\/signup?lng=\">Empeza<\/a>\r\n        \r\n    <\/div>\r\n\r\n    <figure>\r\n    <img decoding=\"async\" width=\"768\" height=\"768\" src=\"https:\/\/talkpal.ai\/wp-content\/uploads\/2023\/06\/hindi-768x768.png\" class=\"languageImage no-lazy\" alt=\"Language learning for mental agility\" fetchpriority=\"high\" sizes=\"(max-width: 768px) 150px, 768px\" srcset=\"https:\/\/talkpal.ai\/wp-content\/uploads\/2023\/06\/hindi-768x768.png 768w, https:\/\/talkpal.ai\/wp-content\/uploads\/2023\/06\/hindi-300x300.png 300w\" \/>\r\n    \r\n\r\n    <\/figure>\r\n\r\n            <a class=\"getStartedVisible\" href=\"https:\/\/app.talkpal.ai\/signup?lng=\">Empeza<\/a>\r\n    \r\n<\/section>\r\n<section class=\"promotionalBanner\">\r\n    <p class=\"promotionalText\">A forma m\u00e1is eficaz de aprender un idioma<\/p>\r\n    <a class=\"promotionalLink\" href=\"https:\/\/app.talkpal.ai\/signup?lng=\">Proba Talkpal de balde<\/a>\r\n<\/section>\n<div class=\"wp-block-group pageContainerStyle\"><div class=\"wp-block-group__inner-container is-layout-constrained wp-block-group-is-layout-constrained\">\n<h2 class=\"wp-block-heading\" id=\"h-mastering-hindi-grammar-your-ultimate-guide\">Dominar a gram\u00e1tica hindi: a t\u00faa gu\u00eda definitiva<\/h2>\n\n\n\n<p>Namaste, entusiastas da lingua! Est\u00e1s preparado para explorar o mundo da gram\u00e1tica hindi? Chegaches ao lugar indicado. Cheo de informaci\u00f3n f\u00e1cil de entender e un ton conversacional, este artigo guiarache polo fascinante \u00e1mbito da gram\u00e1tica hindi. En breve, poder\u00e1s constru\u00edr frases e manter conversas significativas con falantes nativos. Ent\u00f3n, mergull\u00e9monos directamente!<\/p>\n\n\n\n<p><strong>Pero primeiro, por que a gram\u00e1tica hindi?<\/strong><\/p>\n\n\n\n<p>Se est\u00e1s aprendendo hindi, unha base s\u00f3lida na gram\u00e1tica \u00e9 fundamental para falar, ler e escribir con fluidez. A\u00ednda que a gram\u00e1tica hindi ao principio pode parecer complexa, faise m\u00e1is accesible cando se divide en segmentos m\u00e1is pequenos e manexables. Este artigo ser\u00e1 o lugar perfecto para <a href=\"https:\/\/talkpal.ai\/ko\/ai-%ec%96%b8%ec%96%b4-%ea%b5%90%ec%82%ac\/\">comezar<\/a> a t\u00faa viaxe cara a dominar a gram\u00e1tica hindi.<\/p>\n\n\n\n<h3 class=\"wp-block-heading\" id=\"h-1-nouns-gender-and-cases\">1. Substantivos, x\u00e9nero e casos<\/h3>\n\n\n\n<p>Os substantivos hindi ve\u00f1en en dous x\u00e9neros: masculino e feminino. \u00c9 importante identificar o x\u00e9nero dos substantivos, xa que isto infl\u00fae noutras partes da oraci\u00f3n, <a href=\"https:\/\/talkpal.ai\/locations\/language-courses-in-como\/\">como<\/a> os adxectivos e os verbos.  <\/p>\n\n\n\n<p>Unha regra xeral sinxela: se un substantivo remata en \u201c-aa\u201d (\u201c\u0906\u201d) xeralmente \u00e9 masculino, mentres que un substantivo remata en \u201c-ii\u201d (\u201c\u0908\u201d) adoita ser feminino. Pero lembrade, como sempre, existen excepci\u00f3ns!  <\/p>\n\n\n\n<p>Os substantivos hindi adoptan diferentes formas dependendo da s\u00faa funci\u00f3n nunha oraci\u00f3n (suxeito, obxecto, posesivo, etc.). Estas formas ch\u00e1manse casos. Os casos principais en hindi son directos (\u201c\u0906\u092e \u0915\u094d\u0930\u092e\u201d), oblicuos (\u201c\u0909\u092a \u0935\u093f\u0932\u094b\u092e\u201d) e vocativos (\u201c\u0938\u0902\u092c\u094b\u0927\u0928\u201d).<\/p>\n\n\n\n<h3 class=\"wp-block-heading\" id=\"h-2-pronouns-and-agreement\">2. Pronomes e acordo<\/h3>\n\n\n\n<p>Os pronomes hindi (eu, ti, el, ela, etc.) cambian segundo o x\u00e9nero e a xerarqu\u00eda. Por exemplo: \u092e\u0948\u0902 (principal &#8211; eu), \u0924\u0941\u092e (tum &#8211; ti, informal), \u0906\u092a (aap &#8211; ti, formal), \u0935\u0939 (vah &#8211; el\/ela), \u0939\u092e (zum &#8211; n\u00f3s) e \u0935\u0947 (ve &#8211; eles).  <\/p>\n\n\n\n<p>\u00c9 fundamental ter en conta a xerarqu\u00eda cando se usan pronomes. Por exemplo, a\u00ednda que \u201c\u0924\u0941\u092e\u201d poida ser axeitado entre amigos, usar \u201c\u0906\u092a\u201d amosa respecto ao dirixirse a persoas <a href=\"https:\/\/talkpal.ai\/talkpal-discount-for-seniors\/\">maiores<\/a> ou a desco\u00f1ecidos.<\/p>\n\n\n\n<h3 class=\"wp-block-heading\" id=\"h-3-verbs-tense-and-conjugation\">3. Verbos, tempo e conxugaci\u00f3n<\/h3>\n\n\n\n<p>Os verbos forman a columna vertebral da gram\u00e1tica hindi, e entendelos \u00e9 vital para constru\u00edr frases. Os verbos en hindi clasif\u00edcanse en termos xerais como transitivos (\u201c\u0938\u0915\u0930\u094d\u092e\u0915\u201d) e intransitivos (\u201c\u0905\u0915\u0930\u094d\u092e\u0915\u201d), con diferentes regras de conxugaci\u00f3n para cada un.  <\/p>\n\n\n\n<p>Para darche unha visi\u00f3n xeral r\u00e1pida, imos discutir a conxugaci\u00f3n do <a href=\"https:\/\/talkpal.ai\/zh-hans\/grammar_exercises\/presente-%e8%a5%bf%e7%8f%ad%e7%89%99%e8%af%ad%e6%b3%95%e7%bb%83%e4%b9%a0\/\">presente<\/a> dos verbos regulares:<\/p>\n\n\n\n<p>\u2013 \u092e\u0948\u0902 \u092a\u0922\u093c\u0924\u093e \u0939\u0942\u0901 (principal padhta hoon &#8211; lin, masculino)<\/p>\n\n\n\n<p>\u2013 \u092e\u0948\u0902 \u092a\u0922\u093c\u0924\u0940 \u0939\u0942\u0901 (principal padhti hoon &#8211; lin, feminino)<\/p>\n\n\n\n<p>\u2013 \u0924\u0941\u092e \u092a\u0922\u093c\u0924\u0947 \u0939\u094b (tum padhte ho &#8211; le, informal, masculino)<\/p>\n\n\n\n<p>\u2013 \u0924\u0941\u092e \u092a\u0922\u093c\u0924\u0940 \u0939\u094b (tum padhti ho &#8211; le, informal, feminino)<\/p>\n\n\n\n<p>Lembra, isto \u00e9 s\u00f3 o comezo! Hai moitos tempos e <a href=\"https:\/\/talkpal.ai\/culture\/what-are-the-most-irregular-verbs-in-galician\/\">verbos irregulares<\/a> para dominar, pero cada novo paso ach\u00e9gate \u00e1 fluidez.<\/p>\n\n\n\n<h3 class=\"wp-block-heading\" id=\"h-4-adjectives-adverbs-and-more\">4. Adxectivos, adverbios e moito m\u00e1is!<\/h3>\n\n\n\n<p>A gram\u00e1tica hindi incl\u00fae outros compo\u00f1entes como adxectivos (que deben coincidir cos substantivos en x\u00e9nero e n\u00famero), adverbios, preposici\u00f3ns e expresi\u00f3ns idiom\u00e1ticas. Cada elemento \u00e9 fundamental para dominar o hindi, as\u00ed que abord\u00e1deos un paso \u00e1 vez.<\/p>\n\n\n\n<p>En conclusi\u00f3n, non hai atallo para dominar a gram\u00e1tica hindi. Require persistencia, pr\u00e1ctica e paciencia. Non obstante, unha vez que o comprendas, poder\u00e1s apreciar os matices de conversar en hindi, descubrir a rica cultura e historia e afondar no teu amor pola lingua. \u0936\u0941\u092d\u0915\u093e\u092e\u0928\u093e\u090f\u0901 (shubhkaamnaayein &#8211; os mellores desexos)!<\/p>\n<\/div><\/div>\n\r\n<section class=\"learnNavigationSection\">\r\n            \r\n        <a href=\"https:\/\/talkpal.ai\/gl\/aprende-hindi\/\">\r\n            <div class=\"learnNavigationWrapper\">\r\n                <div class=\"learnNavigationContent\">\r\n                    <img decoding=\"async\" src=\"https:\/\/talkpal.ai\/wp-content\/uploads\/2024\/08\/Hindi.jpg\" alt=\"Indian Flag\">\r\n                    <div>\r\n                        <h4>Sobre a aprendizaxe do hindi<\/h4>\r\n                        <p>Descubre todo sobre a gram\u00e1tica hindi.<\/p>\r\n                    <\/div>\r\n                <\/div>\r\n            <\/div>\r\n        <\/a>\r\n\r\n        \r\n        <a href=\"https:\/\/talkpal.ai\/gl\/exercicios-de-gramatica-hindi\/\">\r\n            <div class=\"learnNavigationWrapper\">\r\n                <div class=\"learnNavigationContent\">\r\n                    <img decoding=\"async\" src=\"https:\/\/talkpal.ai\/wp-content\/uploads\/2024\/08\/Hindi.jpg\" alt=\"Indian Flag\">\r\n                    <div>\r\n                        <h4>Exercicio de gram\u00e1tica hindi<\/h4>\r\n                        <p>Practica a gram\u00e1tica hindi .<\/p>\r\n                    <\/div>\r\n                <\/div>\r\n            <\/div>\r\n        <\/a>\r\n\r\n        \r\n        <a href=\"https:\/\/talkpal.ai\/vocabulary_language\/hindi\/\">\r\n            <div class=\"learnNavigationWrapper\">\r\n                <div class=\"learnNavigationContent\">\r\n                    <img decoding=\"async\" src=\"https:\/\/talkpal.ai\/wp-content\/uploads\/2024\/08\/Hindi.jpg\" alt=\"Indian Flag\">\r\n                    <div>\r\n                        <h4>Vocabulario hindi<\/h4>\r\n                        <p>Ampl\u00eda o teu vocabulario hindi.<\/p>\r\n                    <\/div>\r\n                <\/div>\r\n            <\/div>\r\n        <\/a>\r\n\r\n            <\/section>","protected":false},"excerpt":{"rendered":"<p>Dominar a gram\u00e1tica hindi: a t\u00faa gu\u00eda definitiva Namaste, entusiastas da lingua! Est\u00e1s preparado para explorar o mundo da gram\u00e1tica hindi? Chegaches ao lugar indicado. Cheo de informaci\u00f3n f\u00e1cil de entender e un ton conversacional, este artigo guiarache polo fascinante \u00e1mbito da gram\u00e1tica hindi. En breve, poder\u00e1s constru\u00edr frases e manter conversas significativas con falantes [&hellip;]<\/p>\n","protected":false},"author":1,"featured_media":188206,"parent":0,"menu_order":0,"comment_status":"closed","ping_status":"closed","template":"LearningContentPage.php","meta":{"_acf_changed":false,"footnotes":""},"class_list":["post-129490","page","type-page","status-publish","has-post-thumbnail","hentry"],"acf":[],"yoast_head":"<!-- This site is optimized with the Yoast SEO Premium plugin v27.2 (Yoast SEO v27.2) - https:\/\/yoast.com\/product\/yoast-seo-premium-wordpress\/ -->\n<title>Gram\u00e1tica hindi - Talkpal<\/title>\n<meta name=\"description\" content=\"Domina a gram\u00e1tica hindi con confianza: aprende regras claras, forma frases correctas e fala mellor coa gu\u00eda sinxela da IA Talkpal .\" \/>\n<meta name=\"robots\" content=\"index, follow, max-snippet:-1, max-image-preview:large, max-video-preview:-1\" \/>\n<link rel=\"canonical\" href=\"https:\/\/talkpal.ai\/gl\/gramatica-hindi\/\" \/>\n<meta property=\"og:locale\" content=\"gl_ES\" \/>\n<meta property=\"og:type\" content=\"article\" \/>\n<meta property=\"og:title\" content=\"Gram\u00e1tica hindi\" \/>\n<meta property=\"og:description\" content=\"Dominar a gram\u00e1tica hindi: a t\u00faa gu\u00eda definitiva Namaste, entusiastas da lingua! Est\u00e1s preparado para explorar o mundo da gram\u00e1tica hindi? Chegaches ao\" \/>\n<meta property=\"og:url\" content=\"https:\/\/talkpal.ai\/gl\/gramatica-hindi\/\" \/>\n<meta property=\"og:site_name\" content=\"Talkpal\" \/>\n<meta property=\"article:publisher\" content=\"https:\/\/www.facebook.com\/profile.php?id=100090733639311\" \/>\n<meta property=\"article:modified_time\" content=\"2025-12-13T15:12:19+00:00\" \/>\n<meta property=\"og:image\" content=\"https:\/\/talkpal.ai\/wp-content\/uploads\/2024\/02\/india.png\" \/>\n\t<meta property=\"og:image:width\" content=\"517\" \/>\n\t<meta property=\"og:image:height\" content=\"517\" \/>\n\t<meta property=\"og:image:type\" content=\"image\/png\" \/>\n<meta name=\"twitter:card\" content=\"summary_large_image\" \/>\n<meta name=\"twitter:site\" content=\"@talkpalai\" \/>\n<meta name=\"twitter:label1\" content=\"Tempo de lectura\" \/>\n\t<meta name=\"twitter:data1\" content=\"3 minutos\" \/>\n<script type=\"application\/ld+json\" class=\"yoast-schema-graph\">{\"@context\":\"https:\/\/schema.org\",\"@graph\":[{\"@type\":\"WebPage\",\"@id\":\"https:\/\/talkpal.ai\/gl\/gramatica-hindi\/\",\"url\":\"https:\/\/talkpal.ai\/gl\/gramatica-hindi\/\",\"name\":\"Gram\u00e1tica hindi - Talkpal\",\"isPartOf\":{\"@id\":\"https:\/\/talkpal.ai\/gl\/#website\"},\"primaryImageOfPage\":{\"@id\":\"https:\/\/talkpal.ai\/gl\/gramatica-hindi\/#primaryimage\"},\"image\":{\"@id\":\"https:\/\/talkpal.ai\/gl\/gramatica-hindi\/#primaryimage\"},\"thumbnailUrl\":\"https:\/\/talkpal.ai\/wp-content\/uploads\/2024\/02\/india.png\",\"datePublished\":\"2023-05-14T13:50:44+00:00\",\"dateModified\":\"2025-12-13T15:12:19+00:00\",\"description\":\"Domina a gram\u00e1tica hindi con confianza: aprende regras claras, forma frases correctas e fala mellor coa gu\u00eda sinxela da IA Talkpal .\",\"breadcrumb\":{\"@id\":\"https:\/\/talkpal.ai\/gl\/gramatica-hindi\/#breadcrumb\"},\"inLanguage\":\"gl-ES\",\"potentialAction\":[{\"@type\":\"ReadAction\",\"target\":[\"https:\/\/talkpal.ai\/gl\/gramatica-hindi\/\"]}]},{\"@type\":\"ImageObject\",\"inLanguage\":\"gl-ES\",\"@id\":\"https:\/\/talkpal.ai\/gl\/gramatica-hindi\/#primaryimage\",\"url\":\"https:\/\/talkpal.ai\/wp-content\/uploads\/2024\/02\/india.png\",\"contentUrl\":\"https:\/\/talkpal.ai\/wp-content\/uploads\/2024\/02\/india.png\",\"width\":517,\"height\":517,\"caption\":\"TalkPal Indian Flag\"},{\"@type\":\"BreadcrumbList\",\"@id\":\"https:\/\/talkpal.ai\/gl\/gramatica-hindi\/#breadcrumb\",\"itemListElement\":[{\"@type\":\"ListItem\",\"position\":1,\"name\":\"Homepage\",\"item\":\"https:\/\/talkpal.ai\/gl\/\"},{\"@type\":\"ListItem\",\"position\":2,\"name\":\"Gram\u00e1tica hindi\"}]},{\"@type\":\"WebSite\",\"@id\":\"https:\/\/talkpal.ai\/gl\/#website\",\"url\":\"https:\/\/talkpal.ai\/gl\/\",\"name\":\"Talkpal\",\"description\":\"AI Language Learning\",\"publisher\":{\"@id\":\"https:\/\/talkpal.ai\/gl\/#organization\"},\"alternateName\":\"Talkpal AI\",\"potentialAction\":[{\"@type\":\"SearchAction\",\"target\":{\"@type\":\"EntryPoint\",\"urlTemplate\":\"https:\/\/talkpal.ai\/gl\/?s={search_term_string}\"},\"query-input\":{\"@type\":\"PropertyValueSpecification\",\"valueRequired\":true,\"valueName\":\"search_term_string\"}}],\"inLanguage\":\"gl-ES\"},{\"@type\":\"Organization\",\"@id\":\"https:\/\/talkpal.ai\/gl\/#organization\",\"name\":\"Talkpal, Inc.\",\"alternateName\":\"Talkpal AI\",\"url\":\"https:\/\/talkpal.ai\/gl\/\",\"logo\":{\"@type\":\"ImageObject\",\"inLanguage\":\"gl-ES\",\"@id\":\"https:\/\/talkpal.ai\/gl\/#\/schema\/logo\/image\/\",\"url\":\"https:\/\/talkpal.ai\/wp-content\/uploads\/2024\/03\/Talkpal-Logo-Icon.png\",\"contentUrl\":\"https:\/\/talkpal.ai\/wp-content\/uploads\/2024\/03\/Talkpal-Logo-Icon.png\",\"width\":2880,\"height\":2880,\"caption\":\"Talkpal, Inc.\"},\"image\":{\"@id\":\"https:\/\/talkpal.ai\/gl\/#\/schema\/logo\/image\/\"},\"sameAs\":[\"https:\/\/www.facebook.com\/profile.php?id=100090733639311\",\"https:\/\/x.com\/talkpalai\",\"https:\/\/www.linkedin.com\/company\/talkpal\/\",\"https:\/\/www.youtube.com\/@TalkPal\/\",\"https:\/\/www.tiktok.com\/@talkpal\",\"https:\/\/www.instagram.com\/talkpal_ai\/\",\"https:\/\/www.crunchbase.com\/organization\/talkpal-9cde\",\"https:\/\/www.g2.com\/products\/talkpal-for-business\/\",\"https:\/\/www.trustpilot.com\/review\/talkpal.ai\",\"https:\/\/www.capterra.com\/p\/10006800\/TalkPal\/\"],\"description\":\"Talkpal is a language learning web and mobile education app, powered by the latest AI technologies, that provides engaging experiences to its customers in many different languages to help them improve their language skills. Users can chat about unlimited amount of topics with the app and use other modes to practice their language learning.\",\"email\":\"support@talkpal.ai\",\"legalName\":\"Talkpal, Inc.\",\"foundingDate\":\"2023-04-03\",\"duns\":\"118989042\",\"numberOfEmployees\":{\"@type\":\"QuantitativeValue\",\"minValue\":\"11\",\"maxValue\":\"50\"},\"publishingPrinciples\":\"https:\/\/talkpal.ai\/publishing-principles\/\",\"actionableFeedbackPolicy\":\"https:\/\/talkpal.ai\/actionable-feedback-policy\/\",\"correctionsPolicy\":\"https:\/\/talkpal.ai\/corrections-policy\/\",\"ethicsPolicy\":\"https:\/\/talkpal.ai\/ethics-policy\/\",\"diversityPolicy\":\"https:\/\/talkpal.ai\/diversity-policy\/\",\"diversityStaffingReport\":\"https:\/\/talkpal.ai\/diversity-policy\/\"}]}<\/script>\n<!-- \/ Yoast SEO Premium plugin. -->","yoast_head_json":{"title":"Gram\u00e1tica hindi - Talkpal","description":"Domina a gram\u00e1tica hindi con confianza: aprende regras claras, forma frases correctas e fala mellor coa gu\u00eda sinxela da IA Talkpal .","robots":{"index":"index","follow":"follow","max-snippet":"max-snippet:-1","max-image-preview":"max-image-preview:large","max-video-preview":"max-video-preview:-1"},"canonical":"https:\/\/talkpal.ai\/gl\/gramatica-hindi\/","og_locale":"gl_ES","og_type":"article","og_title":"Gram\u00e1tica hindi","og_description":"Dominar a gram\u00e1tica hindi: a t\u00faa gu\u00eda definitiva Namaste, entusiastas da lingua! Est\u00e1s preparado para explorar o mundo da gram\u00e1tica hindi? Chegaches ao","og_url":"https:\/\/talkpal.ai\/gl\/gramatica-hindi\/","og_site_name":"Talkpal","article_publisher":"https:\/\/www.facebook.com\/profile.php?id=100090733639311","article_modified_time":"2025-12-13T15:12:19+00:00","og_image":[{"width":517,"height":517,"url":"https:\/\/talkpal.ai\/wp-content\/uploads\/2024\/02\/india.png","type":"image\/png"}],"twitter_card":"summary_large_image","twitter_site":"@talkpalai","twitter_misc":{"Tempo de lectura":"3 minutos"},"schema":{"@context":"https:\/\/schema.org","@graph":[{"@type":"WebPage","@id":"https:\/\/talkpal.ai\/gl\/gramatica-hindi\/","url":"https:\/\/talkpal.ai\/gl\/gramatica-hindi\/","name":"Gram\u00e1tica hindi - Talkpal","isPartOf":{"@id":"https:\/\/talkpal.ai\/gl\/#website"},"primaryImageOfPage":{"@id":"https:\/\/talkpal.ai\/gl\/gramatica-hindi\/#primaryimage"},"image":{"@id":"https:\/\/talkpal.ai\/gl\/gramatica-hindi\/#primaryimage"},"thumbnailUrl":"https:\/\/talkpal.ai\/wp-content\/uploads\/2024\/02\/india.png","datePublished":"2023-05-14T13:50:44+00:00","dateModified":"2025-12-13T15:12:19+00:00","description":"Domina a gram\u00e1tica hindi con confianza: aprende regras claras, forma frases correctas e fala mellor coa gu\u00eda sinxela da IA Talkpal .","breadcrumb":{"@id":"https:\/\/talkpal.ai\/gl\/gramatica-hindi\/#breadcrumb"},"inLanguage":"gl-ES","potentialAction":[{"@type":"ReadAction","target":["https:\/\/talkpal.ai\/gl\/gramatica-hindi\/"]}]},{"@type":"ImageObject","inLanguage":"gl-ES","@id":"https:\/\/talkpal.ai\/gl\/gramatica-hindi\/#primaryimage","url":"https:\/\/talkpal.ai\/wp-content\/uploads\/2024\/02\/india.png","contentUrl":"https:\/\/talkpal.ai\/wp-content\/uploads\/2024\/02\/india.png","width":517,"height":517,"caption":"TalkPal Indian Flag"},{"@type":"BreadcrumbList","@id":"https:\/\/talkpal.ai\/gl\/gramatica-hindi\/#breadcrumb","itemListElement":[{"@type":"ListItem","position":1,"name":"Homepage","item":"https:\/\/talkpal.ai\/gl\/"},{"@type":"ListItem","position":2,"name":"Gram\u00e1tica hindi"}]},{"@type":"WebSite","@id":"https:\/\/talkpal.ai\/gl\/#website","url":"https:\/\/talkpal.ai\/gl\/","name":"Talkpal","description":"AI Language Learning","publisher":{"@id":"https:\/\/talkpal.ai\/gl\/#organization"},"alternateName":"Talkpal AI","potentialAction":[{"@type":"SearchAction","target":{"@type":"EntryPoint","urlTemplate":"https:\/\/talkpal.ai\/gl\/?s={search_term_string}"},"query-input":{"@type":"PropertyValueSpecification","valueRequired":true,"valueName":"search_term_string"}}],"inLanguage":"gl-ES"},{"@type":"Organization","@id":"https:\/\/talkpal.ai\/gl\/#organization","name":"Talkpal, Inc.","alternateName":"Talkpal AI","url":"https:\/\/talkpal.ai\/gl\/","logo":{"@type":"ImageObject","inLanguage":"gl-ES","@id":"https:\/\/talkpal.ai\/gl\/#\/schema\/logo\/image\/","url":"https:\/\/talkpal.ai\/wp-content\/uploads\/2024\/03\/Talkpal-Logo-Icon.png","contentUrl":"https:\/\/talkpal.ai\/wp-content\/uploads\/2024\/03\/Talkpal-Logo-Icon.png","width":2880,"height":2880,"caption":"Talkpal, Inc."},"image":{"@id":"https:\/\/talkpal.ai\/gl\/#\/schema\/logo\/image\/"},"sameAs":["https:\/\/www.facebook.com\/profile.php?id=100090733639311","https:\/\/x.com\/talkpalai","https:\/\/www.linkedin.com\/company\/talkpal\/","https:\/\/www.youtube.com\/@TalkPal\/","https:\/\/www.tiktok.com\/@talkpal","https:\/\/www.instagram.com\/talkpal_ai\/","https:\/\/www.crunchbase.com\/organization\/talkpal-9cde","https:\/\/www.g2.com\/products\/talkpal-for-business\/","https:\/\/www.trustpilot.com\/review\/talkpal.ai","https:\/\/www.capterra.com\/p\/10006800\/TalkPal\/"],"description":"Talkpal is a language learning web and mobile education app, powered by the latest AI technologies, that provides engaging experiences to its customers in many different languages to help them improve their language skills. Users can chat about unlimited amount of topics with the app and use other modes to practice their language learning.","email":"support@talkpal.ai","legalName":"Talkpal, Inc.","foundingDate":"2023-04-03","duns":"118989042","numberOfEmployees":{"@type":"QuantitativeValue","minValue":"11","maxValue":"50"},"publishingPrinciples":"https:\/\/talkpal.ai\/publishing-principles\/","actionableFeedbackPolicy":"https:\/\/talkpal.ai\/actionable-feedback-policy\/","correctionsPolicy":"https:\/\/talkpal.ai\/corrections-policy\/","ethicsPolicy":"https:\/\/talkpal.ai\/ethics-policy\/","diversityPolicy":"https:\/\/talkpal.ai\/diversity-policy\/","diversityStaffingReport":"https:\/\/talkpal.ai\/diversity-policy\/"}]}},"_links":{"self":[{"href":"https:\/\/talkpal.ai\/gl\/wp-json\/wp\/v2\/pages\/129490","targetHints":{"allow":["GET"]}}],"collection":[{"href":"https:\/\/talkpal.ai\/gl\/wp-json\/wp\/v2\/pages"}],"about":[{"href":"https:\/\/talkpal.ai\/gl\/wp-json\/wp\/v2\/types\/page"}],"author":[{"embeddable":true,"href":"https:\/\/talkpal.ai\/gl\/wp-json\/wp\/v2\/users\/1"}],"replies":[{"embeddable":true,"href":"https:\/\/talkpal.ai\/gl\/wp-json\/wp\/v2\/comments?post=129490"}],"version-history":[{"count":0,"href":"https:\/\/talkpal.ai\/gl\/wp-json\/wp\/v2\/pages\/129490\/revisions"}],"wp:featuredmedia":[{"embeddable":true,"href":"https:\/\/talkpal.ai\/gl\/wp-json\/wp\/v2\/media\/188206"}],"wp:attachment":[{"href":"https:\/\/talkpal.ai\/gl\/wp-json\/wp\/v2\/media?parent=129490"}],"curies":[{"name":"wp","href":"https:\/\/api.w.org\/{rel}","templated":true}]}}