{"id":129098,"date":"2023-05-14T13:50:21","date_gmt":"2023-05-14T13:50:21","guid":{"rendered":"http:\/\/talkpal.ai\/gramatica-finlandesa\/"},"modified":"2025-12-11T17:07:30","modified_gmt":"2025-12-11T17:07:30","slug":"gramatica-finlandesa","status":"publish","type":"page","link":"https:\/\/talkpal.ai\/gl\/gramatica-finlandesa\/","title":{"rendered":"Gram\u00e1tica finlandesa"},"content":{"rendered":"\r\n\r\n\r\n<section class=\"languageChallengeSection\">\r\n    <div class=\"languageInfoWrapper\">\r\n        \r\n        <h1>Gram\u00e1tica finlandesa<\/h1>\r\n        <p>Preparado\/a para descubrir os segredos do finland\u00e9s? Merg\u00fallate na <a href=\"https:\/\/talkpal.ai\/es\/gramatica-finlandesa\/\">gram\u00e1tica finlandesa<\/a>, famosa pola s\u00faa estrutura l\u00f3xica, harmon\u00eda voc\u00e1lica e unha impresionante variedade de casos. Comeza a aprender hoxe mesmo: dominar a gram\u00e1tica finesa darache a confianza para falar e conectar, \u00e1 vez que che abre as portas \u00e1 rica cultura e tradici\u00f3ns de Finlandia!<\/p>\r\n\r\n                            <a class=\"getStartedHidden\" href=\"https:\/\/app.talkpal.ai\/signup?lng=\">Empeza<\/a>\r\n        \r\n    <\/div>\r\n\r\n    <figure>\r\n    <img decoding=\"async\" width=\"768\" height=\"768\" src=\"https:\/\/talkpal.ai\/wp-content\/uploads\/2023\/06\/Finnish-768x768.png\" class=\"languageImage no-lazy\" alt=\"Develop your language aptitude learning\" fetchpriority=\"high\" sizes=\"(max-width: 768px) 150px, 768px\" srcset=\"https:\/\/talkpal.ai\/wp-content\/uploads\/2023\/06\/Finnish-768x768.png 768w, https:\/\/talkpal.ai\/wp-content\/uploads\/2023\/06\/Finnish-300x300.png 300w\" \/>\r\n    \r\n\r\n    <\/figure>\r\n\r\n            <a class=\"getStartedVisible\" href=\"https:\/\/app.talkpal.ai\/signup?lng=\">Empeza<\/a>\r\n    \r\n<\/section>\r\n<section class=\"promotionalBanner\">\r\n    <p class=\"promotionalText\">A forma m\u00e1is eficaz de aprender un idioma<\/p>\r\n    <a class=\"promotionalLink\" href=\"https:\/\/app.talkpal.ai\/signup?lng=\">Proba Talkpal de balde<\/a>\r\n<\/section>\n<div class=\"wp-block-group pageContainerStyle\"><div class=\"wp-block-group__inner-container is-layout-constrained wp-block-group-is-layout-constrained\">\n<h2 class=\"wp-block-heading\" id=\"h-finnish-grammar-a-guide-to-mastering-the-complexities-of-the-finnish-language\">Gram\u00e1tica finlandesa: unha gu\u00eda para dominar as complexidades da lingua finlandesa<\/h2>\n\n\n\n<p>O fin\u00e9s, unha lingua \u00fanica e fascinante que falan aproximadamente 5 mill\u00f3ns de persoas, \u00e9 co\u00f1ecida pola s\u00faa complexidade e o seu sistema gramatical distintivo. A primeira <a href=\"https:\/\/talkpal.ai\/locations\/language-courses-in-vista\/\">vista<\/a>, as regras e estruturas da <a href=\"https:\/\/talkpal.ai\/es\/gramatica-finlandesa\/\">gram\u00e1tica finlandesa<\/a> poden parecer desalentadoras, pero non te\u00f1as medo! Con paciencia, pr\u00e1ctica e orientaci\u00f3n, podes descubrir os misterios da gram\u00e1tica finlandesa e mellorar as t\u00faas habilidades ling\u00fc\u00edsticas. Neste artigo, proporcionaremos unha visi\u00f3n xeral da gram\u00e1tica finlandesa e compartiremos alg\u00fans consellos para facilitar a s\u00faa viaxe de <a href=\"https:\/\/talkpal.ai\/gl\/aprendizaxe\/\">aprendizaxe<\/a>.<\/p>\n\n\n\n<h3 class=\"wp-block-heading\" id=\"h-the-basics-of-finnish-grammar\">Fundamentos da gram\u00e1tica finlandesa:<\/h3>\n\n\n\n<p>A gram\u00e1tica finlandesa, moi diferente da <a href=\"https:\/\/talkpal.ai\/pt-pt\/o-que-ha-de-especial-na-gramatica-inglesa\/\">gram\u00e1tica inglesa<\/a>, caracter\u00edzase polo seu rico uso de casos, a falta de x\u00e9nero gramatical e o seu sistema de conxugaci\u00f3n verbal \u00fanico. Aqu\u00ed <a href=\"https:\/\/talkpal.ai\/talkpal-discount-for-test-takers-e-g-toefl-ielts\/\">tes<\/a> alg\u00fans aspectos esenciais da gram\u00e1tica finlandesa cos que deber\u00edas estar familiarizado:<\/p>\n\n\n\n<p><strong>1. Casos nominais:<\/strong> o fin\u00e9s ten 15 casos nominais, o que indica a relaci\u00f3n entre un substantivo e outros constitu\u00edntes dunha oraci\u00f3n. Cada caso substantivo ten unha terminaci\u00f3n espec\u00edfica que se une \u00e1 ra\u00edz do substantivo. Alg\u00fans exemplos de casos nominativos incl\u00faen nominativo, xenitivo, acusativo e partitivo.<\/p>\n\n\n\n<p><strong>2. Sen x\u00e9nero gramatical:<\/strong> a diferenza de moitas linguas, o fin\u00e9s non asigna x\u00e9nero aos substantivos. Pola contra, a lingua <a href=\"https:\/\/talkpal.ai\/locations\/learn-english-in-usa\/\">usa<\/a> unha palabra &#8211; h\u00e4n &#8211; para referirse tanto a &#8216;el&#8217; <a href=\"https:\/\/talkpal.ai\/locations\/language-courses-in-como\/\">como<\/a> a &#8216;ela&#8217;. Esta funci\u00f3n simplifica o proceso de aprendizaxe do fin\u00e9s e elimina a necesidade de memorizar artigos de x\u00e9nero ou formas de pronomes.<\/p>\n\n\n\n<p><strong>3. Conxugaci\u00f3n verbal:<\/strong> os verbos finlandeses conx\u00faganse en funci\u00f3n do tempo, o estado de \u00e1nimo e a voz. Hai catro tempos verbais en fin\u00e9s: <a href=\"https:\/\/talkpal.ai\/zh-hans\/grammar_exercises\/presente-%e8%a5%bf%e7%8f%ad%e7%89%99%e8%af%ad%e6%b3%95%e7%bb%83%e4%b9%a0\/\">presente<\/a>, pasado, perfecto e superperfecto. Ademais, os verbos finlandeses te\u00f1en cinco modos: indicativo, condicional, potencial, imperativo e evento.<\/p>\n\n\n\n<p><strong>4. Harmon\u00eda voc\u00e1lica:<\/strong> en fin\u00e9s, as vogais div\u00eddense en tres grupos: dianteiras (\u00e4, \u00f6, y), traseiras (a, o, u) e neutras (i, e). Debido \u00e1 harmon\u00eda voc\u00e1lica, as vogais dianteiras e traseiras normalmente non poden aparecer na mesma palabra, excepto para as palabras compostas e alg\u00fans pr\u00e9stamos.<\/p>\n\n\n\n<h3 class=\"wp-block-heading\" id=\"h-strategies-for-learning-finnish-grammar\">Estratexias para aprender a gram\u00e1tica finlandesa:<\/h3>\n\n\n\n<p>Entender a gram\u00e1tica finlandesa pode parecer abrumador, pero coa mentalidade e as estratexias de aprendizaxe correctas, poder\u00e1s dominalo. Aqu\u00ed tes alg\u00fans consellos \u00fatiles para guiar o teu estudo:<\/p>\n\n\n\n<p><strong>1. Fai pasos de beb\u00e9:<\/strong> comeza cos conceptos b\u00e1sicos da gram\u00e1tica finlandesa, como os casos nominais e a conxugaci\u00f3n de verbos. Ao dividir as regras complexas en anacos m\u00e1is pequenos e dixeribles, poder\u00e1s progresar de xeito constante e constru\u00edr unha base s\u00f3lida.<\/p>\n\n\n\n<p><strong>2. Practica con regularidade:<\/strong> a coherencia \u00e9 fundamental \u00e1 hora de aprender unha lingua. Asignar tempo cada d\u00eda ou semana para practicar a gram\u00e1tica mediante exercicios, lectura e escritura en fin\u00e9s.<\/p>\n\n\n\n<p><strong>3. Utiliza recursos nativos:<\/strong> para comprender mellor a gram\u00e1tica finlandesa no contexto, merg\u00fallase en materiais nativos, como literatura, artigos de noticias e podcasts. Isto axudarache a interiorizar as regras e mellorar as t\u00faas habilidades auditivas e lectoras.<\/p>\n\n\n\n<p><strong>4. Conecta con falantes nativos:<\/strong> participar nunha conversaci\u00f3n con falantes nativos finland\u00e9s \u00e9 unha excelente forma de practicar a gram\u00e1tica e recibir comentarios valiosos. Considera unirte a grupos de intercambio ling\u00fc\u00edstico ou a foros en li\u00f1a nos que poidas conectarte con persoas que falen fin\u00e9s.<\/p>\n\n\n\n<p><strong>5. Sexa paciente e persistente:<\/strong> aprender a gram\u00e1tica finlandesa \u00e9 unha viaxe desafiante, pero con paciencia e dedicaci\u00f3n, descubrir\u00e1s as s\u00faas complexidades e ser\u00e1s competente no idioma.<\/p>\n\n\n\n<h3 class=\"wp-block-heading\" id=\"h-conclusion\">Conclusi\u00f3n:<\/h3>\n\n\n\n<p>O mundo da gram\u00e1tica finlandesa, a\u00ednda que complexo, \u00e9 intrigante que se pode desvelar a trav\u00e9s da determinaci\u00f3n e da pr\u00e1ctica. Ao familiarizarte cos elementos fundamentais da gram\u00e1tica finlandesa e seguindo as nosas estratexias de aprendizaxe, allanar\u00e1s o cami\u00f1o cara a fluidez e unha apreciaci\u00f3n m\u00e1is profunda desta cativadora lingua. Ent\u00f3n, merg\u00fallase nas complejidades da gram\u00e1tica finlandesa cunha mentalidade positiva e, antes de que te deas conta, navegar\u00e1s con confianza pola paisaxe ling\u00fc\u00edstica de Suomi.<\/p>\n<\/div><\/div>\n\r\n<section class=\"learnNavigationSection\">\r\n            \r\n        <a href=\"https:\/\/talkpal.ai\/gl\/aprende-fines\/\">\r\n            <div class=\"learnNavigationWrapper\">\r\n                <div class=\"learnNavigationContent\">\r\n                    <img decoding=\"async\" src=\"https:\/\/talkpal.ai\/wp-content\/uploads\/2024\/08\/Finnish.jpg\" alt=\"Finnish Flag\">\r\n                    <div>\r\n                        <h4>Sobre a aprendizaxe do finland\u00e9s<\/h4>\r\n                        <p>Descubre todo sobre a gram\u00e1tica finlandesa.<\/p>\r\n                    <\/div>\r\n                <\/div>\r\n            <\/div>\r\n        <\/a>\r\n\r\n        \r\n        <a href=\"https:\/\/talkpal.ai\/gl\/exercicios-de-gramatica-fines\/\">\r\n            <div class=\"learnNavigationWrapper\">\r\n                <div class=\"learnNavigationContent\">\r\n                    <img decoding=\"async\" src=\"https:\/\/talkpal.ai\/wp-content\/uploads\/2024\/08\/Finnish.jpg\" alt=\"Finnish Flag\">\r\n                    <div>\r\n                        <h4>Exercicio de gram\u00e1tica finlandesa<\/h4>\r\n                        <p>Practica a gram\u00e1tica finlandesa.<\/p>\r\n                    <\/div>\r\n                <\/div>\r\n            <\/div>\r\n        <\/a>\r\n\r\n        \r\n        <a href=\"https:\/\/talkpal.ai\/vocabulary_language\/finnish\/\">\r\n            <div class=\"learnNavigationWrapper\">\r\n                <div class=\"learnNavigationContent\">\r\n                    <img decoding=\"async\" src=\"https:\/\/talkpal.ai\/wp-content\/uploads\/2024\/08\/Finnish.jpg\" alt=\"Finnish Flag\">\r\n                    <div>\r\n                        <h4>Vocabulario finland\u00e9s<\/h4>\r\n                        <p>Ampl\u00eda o teu vocabulario finland\u00e9s.<\/p>\r\n                    <\/div>\r\n                <\/div>\r\n            <\/div>\r\n        <\/a>\r\n\r\n            <\/section>","protected":false},"excerpt":{"rendered":"<p>Gram\u00e1tica finlandesa: unha gu\u00eda para dominar as complexidades da lingua finlandesa O fin\u00e9s, unha lingua \u00fanica e fascinante que falan aproximadamente 5 mill\u00f3ns de persoas, \u00e9 co\u00f1ecida pola s\u00faa complexidade e o seu sistema gramatical distintivo. A primeira vista, as regras e estruturas da gram\u00e1tica finlandesa poden parecer desalentadoras, pero non te\u00f1as medo! Con paciencia, [&hellip;]<\/p>\n","protected":false},"author":1,"featured_media":106772,"parent":0,"menu_order":0,"comment_status":"closed","ping_status":"closed","template":"LearningContentPage.php","meta":{"_acf_changed":false,"footnotes":""},"class_list":["post-129098","page","type-page","status-publish","has-post-thumbnail","hentry"],"acf":[],"yoast_head":"<!-- This site is optimized with the Yoast SEO Premium plugin v27.2 (Yoast SEO v27.2) - https:\/\/yoast.com\/product\/yoast-seo-premium-wordpress\/ -->\n<title>Gram\u00e1tica finlandesa - Talkpal<\/title>\n<meta name=\"description\" content=\"Aprende aspectos esenciais da gram\u00e1tica finlandesa, inclu\u00edndo casos, verbos, estrutura de frases e consellos de pronuncia para dominar a lingua finlandesa.\" \/>\n<meta name=\"robots\" content=\"index, follow, max-snippet:-1, max-image-preview:large, max-video-preview:-1\" \/>\n<link rel=\"canonical\" href=\"https:\/\/talkpal.ai\/gl\/gramatica-finlandesa\/\" \/>\n<meta property=\"og:locale\" content=\"gl_ES\" \/>\n<meta property=\"og:type\" content=\"article\" \/>\n<meta property=\"og:title\" content=\"Gram\u00e1tica finlandesa\" \/>\n<meta property=\"og:description\" content=\"Gram\u00e1tica finlandesa: unha gu\u00eda para dominar as complexidades da lingua finlandesa O fin\u00e9s, unha lingua \u00fanica e fascinante que falan aproximadamente 5\" \/>\n<meta property=\"og:url\" content=\"https:\/\/talkpal.ai\/gl\/gramatica-finlandesa\/\" \/>\n<meta property=\"og:site_name\" content=\"Talkpal\" \/>\n<meta property=\"article:publisher\" content=\"https:\/\/www.facebook.com\/profile.php?id=100090733639311\" \/>\n<meta property=\"article:modified_time\" content=\"2025-12-11T17:07:30+00:00\" \/>\n<meta property=\"og:image\" content=\"https:\/\/talkpal.ai\/wp-content\/uploads\/2023\/04\/finland.png\" \/>\n\t<meta property=\"og:image:width\" content=\"512\" \/>\n\t<meta property=\"og:image:height\" content=\"512\" \/>\n\t<meta property=\"og:image:type\" content=\"image\/png\" \/>\n<meta name=\"twitter:card\" content=\"summary_large_image\" \/>\n<meta name=\"twitter:site\" content=\"@talkpalai\" \/>\n<meta name=\"twitter:label1\" content=\"Tempo de lectura\" \/>\n\t<meta name=\"twitter:data1\" content=\"3 minutos\" \/>\n<script type=\"application\/ld+json\" class=\"yoast-schema-graph\">{\"@context\":\"https:\/\/schema.org\",\"@graph\":[{\"@type\":\"WebPage\",\"@id\":\"https:\/\/talkpal.ai\/gl\/gramatica-finlandesa\/\",\"url\":\"https:\/\/talkpal.ai\/gl\/gramatica-finlandesa\/\",\"name\":\"Gram\u00e1tica finlandesa - Talkpal\",\"isPartOf\":{\"@id\":\"https:\/\/talkpal.ai\/gl\/#website\"},\"primaryImageOfPage\":{\"@id\":\"https:\/\/talkpal.ai\/gl\/gramatica-finlandesa\/#primaryimage\"},\"image\":{\"@id\":\"https:\/\/talkpal.ai\/gl\/gramatica-finlandesa\/#primaryimage\"},\"thumbnailUrl\":\"https:\/\/talkpal.ai\/wp-content\/uploads\/2023\/04\/finland.png\",\"datePublished\":\"2023-05-14T13:50:21+00:00\",\"dateModified\":\"2025-12-11T17:07:30+00:00\",\"description\":\"Aprende aspectos esenciais da gram\u00e1tica finlandesa, inclu\u00edndo casos, verbos, estrutura de frases e consellos de pronuncia para dominar a lingua finlandesa.\",\"breadcrumb\":{\"@id\":\"https:\/\/talkpal.ai\/gl\/gramatica-finlandesa\/#breadcrumb\"},\"inLanguage\":\"gl-ES\",\"potentialAction\":[{\"@type\":\"ReadAction\",\"target\":[\"https:\/\/talkpal.ai\/gl\/gramatica-finlandesa\/\"]}]},{\"@type\":\"ImageObject\",\"inLanguage\":\"gl-ES\",\"@id\":\"https:\/\/talkpal.ai\/gl\/gramatica-finlandesa\/#primaryimage\",\"url\":\"https:\/\/talkpal.ai\/wp-content\/uploads\/2023\/04\/finland.png\",\"contentUrl\":\"https:\/\/talkpal.ai\/wp-content\/uploads\/2023\/04\/finland.png\",\"width\":512,\"height\":512,\"caption\":\"TalkPal finland Flag\"},{\"@type\":\"BreadcrumbList\",\"@id\":\"https:\/\/talkpal.ai\/gl\/gramatica-finlandesa\/#breadcrumb\",\"itemListElement\":[{\"@type\":\"ListItem\",\"position\":1,\"name\":\"Homepage\",\"item\":\"https:\/\/talkpal.ai\/gl\/\"},{\"@type\":\"ListItem\",\"position\":2,\"name\":\"Gram\u00e1tica finlandesa\"}]},{\"@type\":\"WebSite\",\"@id\":\"https:\/\/talkpal.ai\/gl\/#website\",\"url\":\"https:\/\/talkpal.ai\/gl\/\",\"name\":\"Talkpal\",\"description\":\"AI Language Learning\",\"publisher\":{\"@id\":\"https:\/\/talkpal.ai\/gl\/#organization\"},\"alternateName\":\"Talkpal AI\",\"potentialAction\":[{\"@type\":\"SearchAction\",\"target\":{\"@type\":\"EntryPoint\",\"urlTemplate\":\"https:\/\/talkpal.ai\/gl\/?s={search_term_string}\"},\"query-input\":{\"@type\":\"PropertyValueSpecification\",\"valueRequired\":true,\"valueName\":\"search_term_string\"}}],\"inLanguage\":\"gl-ES\"},{\"@type\":\"Organization\",\"@id\":\"https:\/\/talkpal.ai\/gl\/#organization\",\"name\":\"Talkpal, Inc.\",\"alternateName\":\"Talkpal AI\",\"url\":\"https:\/\/talkpal.ai\/gl\/\",\"logo\":{\"@type\":\"ImageObject\",\"inLanguage\":\"gl-ES\",\"@id\":\"https:\/\/talkpal.ai\/gl\/#\/schema\/logo\/image\/\",\"url\":\"https:\/\/talkpal.ai\/wp-content\/uploads\/2024\/03\/Talkpal-Logo-Icon.png\",\"contentUrl\":\"https:\/\/talkpal.ai\/wp-content\/uploads\/2024\/03\/Talkpal-Logo-Icon.png\",\"width\":2880,\"height\":2880,\"caption\":\"Talkpal, Inc.\"},\"image\":{\"@id\":\"https:\/\/talkpal.ai\/gl\/#\/schema\/logo\/image\/\"},\"sameAs\":[\"https:\/\/www.facebook.com\/profile.php?id=100090733639311\",\"https:\/\/x.com\/talkpalai\",\"https:\/\/www.linkedin.com\/company\/talkpal\/\",\"https:\/\/www.youtube.com\/@TalkPal\/\",\"https:\/\/www.tiktok.com\/@talkpal\",\"https:\/\/www.instagram.com\/talkpal_ai\/\",\"https:\/\/www.crunchbase.com\/organization\/talkpal-9cde\",\"https:\/\/www.g2.com\/products\/talkpal-for-business\/\",\"https:\/\/www.trustpilot.com\/review\/talkpal.ai\",\"https:\/\/www.capterra.com\/p\/10006800\/TalkPal\/\"],\"description\":\"Talkpal is a language learning web and mobile education app, powered by the latest AI technologies, that provides engaging experiences to its customers in many different languages to help them improve their language skills. Users can chat about unlimited amount of topics with the app and use other modes to practice their language learning.\",\"email\":\"support@talkpal.ai\",\"legalName\":\"Talkpal, Inc.\",\"foundingDate\":\"2023-04-03\",\"duns\":\"118989042\",\"numberOfEmployees\":{\"@type\":\"QuantitativeValue\",\"minValue\":\"11\",\"maxValue\":\"50\"},\"publishingPrinciples\":\"https:\/\/talkpal.ai\/publishing-principles\/\",\"actionableFeedbackPolicy\":\"https:\/\/talkpal.ai\/actionable-feedback-policy\/\",\"correctionsPolicy\":\"https:\/\/talkpal.ai\/corrections-policy\/\",\"ethicsPolicy\":\"https:\/\/talkpal.ai\/ethics-policy\/\",\"diversityPolicy\":\"https:\/\/talkpal.ai\/diversity-policy\/\",\"diversityStaffingReport\":\"https:\/\/talkpal.ai\/diversity-policy\/\"}]}<\/script>\n<!-- \/ Yoast SEO Premium plugin. -->","yoast_head_json":{"title":"Gram\u00e1tica finlandesa - Talkpal","description":"Aprende aspectos esenciais da gram\u00e1tica finlandesa, inclu\u00edndo casos, verbos, estrutura de frases e consellos de pronuncia para dominar a lingua finlandesa.","robots":{"index":"index","follow":"follow","max-snippet":"max-snippet:-1","max-image-preview":"max-image-preview:large","max-video-preview":"max-video-preview:-1"},"canonical":"https:\/\/talkpal.ai\/gl\/gramatica-finlandesa\/","og_locale":"gl_ES","og_type":"article","og_title":"Gram\u00e1tica finlandesa","og_description":"Gram\u00e1tica finlandesa: unha gu\u00eda para dominar as complexidades da lingua finlandesa O fin\u00e9s, unha lingua \u00fanica e fascinante que falan aproximadamente 5","og_url":"https:\/\/talkpal.ai\/gl\/gramatica-finlandesa\/","og_site_name":"Talkpal","article_publisher":"https:\/\/www.facebook.com\/profile.php?id=100090733639311","article_modified_time":"2025-12-11T17:07:30+00:00","og_image":[{"width":512,"height":512,"url":"https:\/\/talkpal.ai\/wp-content\/uploads\/2023\/04\/finland.png","type":"image\/png"}],"twitter_card":"summary_large_image","twitter_site":"@talkpalai","twitter_misc":{"Tempo de lectura":"3 minutos"},"schema":{"@context":"https:\/\/schema.org","@graph":[{"@type":"WebPage","@id":"https:\/\/talkpal.ai\/gl\/gramatica-finlandesa\/","url":"https:\/\/talkpal.ai\/gl\/gramatica-finlandesa\/","name":"Gram\u00e1tica finlandesa - Talkpal","isPartOf":{"@id":"https:\/\/talkpal.ai\/gl\/#website"},"primaryImageOfPage":{"@id":"https:\/\/talkpal.ai\/gl\/gramatica-finlandesa\/#primaryimage"},"image":{"@id":"https:\/\/talkpal.ai\/gl\/gramatica-finlandesa\/#primaryimage"},"thumbnailUrl":"https:\/\/talkpal.ai\/wp-content\/uploads\/2023\/04\/finland.png","datePublished":"2023-05-14T13:50:21+00:00","dateModified":"2025-12-11T17:07:30+00:00","description":"Aprende aspectos esenciais da gram\u00e1tica finlandesa, inclu\u00edndo casos, verbos, estrutura de frases e consellos de pronuncia para dominar a lingua finlandesa.","breadcrumb":{"@id":"https:\/\/talkpal.ai\/gl\/gramatica-finlandesa\/#breadcrumb"},"inLanguage":"gl-ES","potentialAction":[{"@type":"ReadAction","target":["https:\/\/talkpal.ai\/gl\/gramatica-finlandesa\/"]}]},{"@type":"ImageObject","inLanguage":"gl-ES","@id":"https:\/\/talkpal.ai\/gl\/gramatica-finlandesa\/#primaryimage","url":"https:\/\/talkpal.ai\/wp-content\/uploads\/2023\/04\/finland.png","contentUrl":"https:\/\/talkpal.ai\/wp-content\/uploads\/2023\/04\/finland.png","width":512,"height":512,"caption":"TalkPal finland Flag"},{"@type":"BreadcrumbList","@id":"https:\/\/talkpal.ai\/gl\/gramatica-finlandesa\/#breadcrumb","itemListElement":[{"@type":"ListItem","position":1,"name":"Homepage","item":"https:\/\/talkpal.ai\/gl\/"},{"@type":"ListItem","position":2,"name":"Gram\u00e1tica finlandesa"}]},{"@type":"WebSite","@id":"https:\/\/talkpal.ai\/gl\/#website","url":"https:\/\/talkpal.ai\/gl\/","name":"Talkpal","description":"AI Language Learning","publisher":{"@id":"https:\/\/talkpal.ai\/gl\/#organization"},"alternateName":"Talkpal AI","potentialAction":[{"@type":"SearchAction","target":{"@type":"EntryPoint","urlTemplate":"https:\/\/talkpal.ai\/gl\/?s={search_term_string}"},"query-input":{"@type":"PropertyValueSpecification","valueRequired":true,"valueName":"search_term_string"}}],"inLanguage":"gl-ES"},{"@type":"Organization","@id":"https:\/\/talkpal.ai\/gl\/#organization","name":"Talkpal, Inc.","alternateName":"Talkpal AI","url":"https:\/\/talkpal.ai\/gl\/","logo":{"@type":"ImageObject","inLanguage":"gl-ES","@id":"https:\/\/talkpal.ai\/gl\/#\/schema\/logo\/image\/","url":"https:\/\/talkpal.ai\/wp-content\/uploads\/2024\/03\/Talkpal-Logo-Icon.png","contentUrl":"https:\/\/talkpal.ai\/wp-content\/uploads\/2024\/03\/Talkpal-Logo-Icon.png","width":2880,"height":2880,"caption":"Talkpal, Inc."},"image":{"@id":"https:\/\/talkpal.ai\/gl\/#\/schema\/logo\/image\/"},"sameAs":["https:\/\/www.facebook.com\/profile.php?id=100090733639311","https:\/\/x.com\/talkpalai","https:\/\/www.linkedin.com\/company\/talkpal\/","https:\/\/www.youtube.com\/@TalkPal\/","https:\/\/www.tiktok.com\/@talkpal","https:\/\/www.instagram.com\/talkpal_ai\/","https:\/\/www.crunchbase.com\/organization\/talkpal-9cde","https:\/\/www.g2.com\/products\/talkpal-for-business\/","https:\/\/www.trustpilot.com\/review\/talkpal.ai","https:\/\/www.capterra.com\/p\/10006800\/TalkPal\/"],"description":"Talkpal is a language learning web and mobile education app, powered by the latest AI technologies, that provides engaging experiences to its customers in many different languages to help them improve their language skills. Users can chat about unlimited amount of topics with the app and use other modes to practice their language learning.","email":"support@talkpal.ai","legalName":"Talkpal, Inc.","foundingDate":"2023-04-03","duns":"118989042","numberOfEmployees":{"@type":"QuantitativeValue","minValue":"11","maxValue":"50"},"publishingPrinciples":"https:\/\/talkpal.ai\/publishing-principles\/","actionableFeedbackPolicy":"https:\/\/talkpal.ai\/actionable-feedback-policy\/","correctionsPolicy":"https:\/\/talkpal.ai\/corrections-policy\/","ethicsPolicy":"https:\/\/talkpal.ai\/ethics-policy\/","diversityPolicy":"https:\/\/talkpal.ai\/diversity-policy\/","diversityStaffingReport":"https:\/\/talkpal.ai\/diversity-policy\/"}]}},"_links":{"self":[{"href":"https:\/\/talkpal.ai\/gl\/wp-json\/wp\/v2\/pages\/129098","targetHints":{"allow":["GET"]}}],"collection":[{"href":"https:\/\/talkpal.ai\/gl\/wp-json\/wp\/v2\/pages"}],"about":[{"href":"https:\/\/talkpal.ai\/gl\/wp-json\/wp\/v2\/types\/page"}],"author":[{"embeddable":true,"href":"https:\/\/talkpal.ai\/gl\/wp-json\/wp\/v2\/users\/1"}],"replies":[{"embeddable":true,"href":"https:\/\/talkpal.ai\/gl\/wp-json\/wp\/v2\/comments?post=129098"}],"version-history":[{"count":0,"href":"https:\/\/talkpal.ai\/gl\/wp-json\/wp\/v2\/pages\/129098\/revisions"}],"wp:featuredmedia":[{"embeddable":true,"href":"https:\/\/talkpal.ai\/gl\/wp-json\/wp\/v2\/media\/106772"}],"wp:attachment":[{"href":"https:\/\/talkpal.ai\/gl\/wp-json\/wp\/v2\/media?parent=129098"}],"curies":[{"name":"wp","href":"https:\/\/api.w.org\/{rel}","templated":true}]}}