{"id":128740,"date":"2023-05-14T13:49:38","date_gmt":"2023-05-14T13:49:38","guid":{"rendered":"http:\/\/talkpal.ai\/gramatica-holandesa\/"},"modified":"2025-12-11T17:00:15","modified_gmt":"2025-12-11T17:00:15","slug":"gramatica-holandesa","status":"publish","type":"page","link":"https:\/\/talkpal.ai\/gl\/gramatica-holandesa\/","title":{"rendered":"Gram\u00e1tica holandesa"},"content":{"rendered":"\r\n\r\n\r\n<section class=\"languageChallengeSection\">\r\n    <div class=\"languageInfoWrapper\">\r\n        \r\n        <h1>Gram\u00e1tica holandesa<\/h1>\r\n        <p>Explora os fundamentos da lingua neerlandesa aprendendo as s\u00faas regras gramaticais esenciais. Dominar a gram\u00e1tica neerlandesa axudarache a comunicarte eficazmente e a obter unha comprensi\u00f3n m\u00e1is profunda da cultura neerlandesa. Comeza a aprender gram\u00e1tica neerlandesa hoxe mesmo e d\u00e1 o teu primeiro paso cara \u00e1 fluidez!\n<\/p>\r\n\r\n                            <a class=\"getStartedHidden\" href=\"https:\/\/app.talkpal.ai\/signup?lng=\">Empeza<\/a>\r\n        \r\n    <\/div>\r\n\r\n    <figure>\r\n    <img decoding=\"async\" width=\"768\" height=\"768\" src=\"https:\/\/talkpal.ai\/wp-content\/uploads\/2023\/06\/Dutch-768x768.png\" class=\"languageImage no-lazy\" alt=\"Developing skills through language learning\" fetchpriority=\"high\" sizes=\"(max-width: 768px) 150px, 768px\" srcset=\"https:\/\/talkpal.ai\/wp-content\/uploads\/2023\/06\/Dutch-768x768.png 768w, https:\/\/talkpal.ai\/wp-content\/uploads\/2023\/06\/Dutch-300x300.png 300w\" \/>\r\n    \r\n\r\n    <\/figure>\r\n\r\n            <a class=\"getStartedVisible\" href=\"https:\/\/app.talkpal.ai\/signup?lng=\">Empeza<\/a>\r\n    \r\n<\/section>\r\n<section class=\"promotionalBanner\">\r\n    <p class=\"promotionalText\">A forma m\u00e1is eficaz de aprender un idioma<\/p>\r\n    <a class=\"promotionalLink\" href=\"https:\/\/app.talkpal.ai\/signup?lng=\">Proba Talkpal de balde<\/a>\r\n<\/section>\n<div class=\"wp-block-group pageContainerStyle\"><div class=\"wp-block-group__inner-container is-layout-constrained wp-block-group-is-layout-constrained\">\n<h2 class=\"wp-block-heading\" id=\"h-dutch-grammar-master-the-mechanics-of-the-dutch-language\">Gram\u00e1tica holandesa: dominar a mec\u00e1nica da lingua holandesa<\/h2>\n\n\n\n<p>Se deches o <a href=\"https:\/\/talkpal.ai\/locations\/language-courses-in-salto\/\">salto<\/a> para <a href=\"https:\/\/talkpal.ai\/es\/las-mejores-apps-para-aprender-holandes-gratis-y-facilmente\/\">aprender holand\u00e9s<\/a>, est\u00e1s preparado para un paseo emocionante! Con m\u00e1is de 23 mill\u00f3ns de falantes en todo o mundo, o <a href=\"https:\/\/talkpal.ai\/learn-dutch\/\">holand\u00e9s<\/a> \u00e9 un idioma fant\u00e1stico para reforzar a t\u00faa destreza ling\u00fc\u00edstica e ampliar os teus horizontes. Agora, quizais escoitases murmurios sobre as complexidades da <a href=\"https:\/\/talkpal.ai\/es\/gramatica-holandesa\/\">gram\u00e1tica holandesa<\/a>, pero non te\u00f1as medo! Este artigo serve <a href=\"https:\/\/talkpal.ai\/locations\/language-courses-in-como\/\">como<\/a> unha gu\u00eda amigable para principiantes que desglosar\u00e1 a <a href=\"https:\/\/talkpal.ai\/es\/gramatica-holandesa\/\">gram\u00e1tica holandesa<\/a> dun xeito entretido pero completo.<\/p>\n\n\n\n<h3 class=\"wp-block-heading\" id=\"h-1-the-pillar-of-dutch-grammar-word-order\">1. O alicerce da gram\u00e1tica holandesa: orde das palabras<\/h3>\n\n\n\n<p>A gram\u00e1tica holandesa depende en gran medida da orde das palabras. Xeralmente, segue unha estrutura &#8220;suxeito-verbo-obxecto&#8221; semellante \u00e1 lingua inglesa. Non obstante, o holand\u00e9s ten unha caracter\u00edstica \u00fanica: a orde de palabras Verb Second (V2). Nunha oraci\u00f3n con m\u00e1is dun verbo, o segundo verbo l\u00e9vase ata o final. Por exemplo:<\/p>\n\n\n\n<p><a href=\"https:\/\/talkpal.ai\/es\/locations\/aprende-ingles-en-orange\/\">Ingl\u00e9s<\/a>: Te\u00f1o que traballar hoxe.<\/p>\n\n\n\n<p>Holand\u00e9s: Ik moet vandaag werken. (literalmente: &#8220;Hoxe te\u00f1o que traballar&#8221;.)<\/p>\n\n\n\n<p>Dominar a orde de palabras V2 \u00e9 esencial cando se aprende a gram\u00e1tica holandesa.<\/p>\n\n\n\n<h3 class=\"wp-block-heading\" id=\"h-2-get-to-know-your-articles\">2. Co\u00f1ece os teus artigos<\/h3>\n\n\n\n<p>O holand\u00e9s ten dous <a href=\"https:\/\/talkpal.ai\/hi\/grammar_exercises\/articulos-%e0%a4%b8%e0%a5%8d%e0%a4%aa%e0%a5%87%e0%a4%a8%e0%a4%bf%e0%a4%b6-%e0%a4%b5%e0%a5%8d%e0%a4%af%e0%a4%be%e0%a4%95%e0%a4%b0%e0%a4%a3-%e0%a4%95%e0%a5%87-%e0%a4%b2%e0%a4%bf%e0%a4%8f-%e0%a4%b5\/\">artigos definidos<\/a> (&#8220;de&#8221; e &#8220;het&#8221;) e un <a href=\"https:\/\/talkpal.ai\/pt-pt\/grammar\/artigo-indefinido-na-gramatica-galesa\/\">artigo indefinido<\/a> (&#8220;een&#8221;). Elixir entre os dous artigos determinados pode ser complicado, sen ningunha regra definida a seguir. Como principiante, a mellor forma de aprendelos \u00e9 a trav\u00e9s da pr\u00e1ctica e do contexto. Por exemplo:<\/p>\n\n\n\n<p>De man &#8211; O home<\/p>\n\n\n\n<p>Het meisje &#8211; A nena<\/p>\n\n\n\n<p>Een hond &#8211; Un can<\/p>\n\n\n\n<h3 class=\"wp-block-heading\" id=\"h-3-the-dance-of-dutch-conjugations\">3. A danza das conxugaci\u00f3ns holandesas<\/h3>\n\n\n\n<p>Do mesmo xeito que o ingl\u00e9s, os verbos holandeses cambian de forma para transmitir tempo e estado de \u00e1nimo. En holand\u00e9s, hai tres grupos principais de conxugaci\u00f3ns verbais: verbos d\u00e9biles, verbos fortes e verbos irregulares.<\/p>\n\n\n\n<p>Os verbos d\u00e9biles seguen unhas regras establecidas para a conxugaci\u00f3n, o que os fai bastante f\u00e1ciles de aprender.  <\/p>\n\n\n\n<p>Exemplo (tempo presente): Ik werk, jij werkt, hij\/zij\/u werkt, wij\/jullie\/zij werken<\/p>\n\n\n\n<p>Os verbos fortes implican cambios de vogais, moitas veces levando aos alumnos a memorizalos individualmente.<\/p>\n\n\n\n<p>Exemplo (tempo presente): Ik zing, jij zingt, hij\/zij\/u zingt, wij\/jullie\/zij zingen<\/p>\n\n\n\n<p>Os verbos irregulares, como o seu nome indica, non seguen ning\u00fan patr\u00f3n establecido para a conxugaci\u00f3n e deben aprenderse de forma independente.<\/p>\n\n\n\n<p>Exemplo (tempo presente): Ik ben, jij bent, hij\/zij\/u is, wij\/jullie\/zij zijn<\/p>\n\n\n\n<h3 class=\"wp-block-heading\" id=\"h-4-a-flair-for-pronouns\">4. Un estilo para os pronomes<\/h3>\n\n\n\n<p>Os pronomes na gram\u00e1tica holandesa substit\u00faen aos substantivos e son esenciais para que o teu discurso sexa m\u00e1is din\u00e1mico e flu\u00eddo. Hai pronomes persoais, pronomes posesivos, pronomes demostrativos e pronomes reflexivos. Como principiante, comprender os pronomes persoais e posesivos \u00e9 fundamental.<\/p>\n\n\n\n<p>Pronomes persoais: ik (eu), jij\/je (ti), hij\/zij\/ze (el\/ela), wij\/n\u00f3s (n\u00f3s), jullie (todos), zij\/ze (eles)<\/p>\n\n\n\n<p>Pronomes posesivos: mijn (o meu), jouw\/je (o teu), zijn\/haar (o seu), ons\/onze (o noso), jullie (o teu), hun\/hen (o seu)<\/p>\n\n\n\n<h3 class=\"wp-block-heading\" id=\"h-5-cases-no-more-mostly\">5. Xa non hai casos (principalmente)<\/h3>\n\n\n\n<p>A diferenza do alem\u00e1n, o holand\u00e9s xa non usa un sistema de casos na vida diaria, o que proporciona certo alivio dos obst\u00e1culos ling\u00fc\u00edsticos. A \u00fanica excepci\u00f3n \u00e9 cando se trata de variantes neerlandesas de \u201cquen\u201d e \u201cquen\u201d (wie e wie, respectivamente) e algunhas expresi\u00f3ns fixas (como te allen tijde, que significa \u201cen todo momento\u201d).  <\/p>\n\n\n\n<p>Parab\u00e9ns! Daches os primeiros pasos para dominar a gram\u00e1tica holandesa. Lembra que a pr\u00e1ctica \u00e9 fundamental, as\u00ed que non dubides en profundizar, comunicarte con falantes nativos e constru\u00edr unha base s\u00f3lida. Todo \u00e9xito! (Boa sorte!)<\/p>\n<\/div><\/div>\n\r\n<section class=\"learnNavigationSection\">\r\n            \r\n        <a href=\"https:\/\/talkpal.ai\/gl\/aprende-holandes\/\">\r\n            <div class=\"learnNavigationWrapper\">\r\n                <div class=\"learnNavigationContent\">\r\n                    <img decoding=\"async\" src=\"https:\/\/talkpal.ai\/wp-content\/uploads\/2024\/08\/Dutch.jpg\" alt=\"Netherlands Flag\">\r\n                    <div>\r\n                        <h4>Sobre a aprendizaxe do holand\u00e9s<\/h4>\r\n                        <p>Descubre todo sobre a gram\u00e1tica holandesa.<\/p>\r\n                    <\/div>\r\n                <\/div>\r\n            <\/div>\r\n        <\/a>\r\n\r\n        \r\n        <a href=\"https:\/\/talkpal.ai\/gl\/exercicios-de-gramatica-holandesa\/\">\r\n            <div class=\"learnNavigationWrapper\">\r\n                <div class=\"learnNavigationContent\">\r\n                    <img decoding=\"async\" src=\"https:\/\/talkpal.ai\/wp-content\/uploads\/2024\/08\/Dutch.jpg\" alt=\"Netherlands Flag\">\r\n                    <div>\r\n                        <h4>Exercicio de gram\u00e1tica holandesa<\/h4>\r\n                        <p>Practica a gram\u00e1tica holandesa.<\/p>\r\n                    <\/div>\r\n                <\/div>\r\n            <\/div>\r\n        <\/a>\r\n\r\n        \r\n        <a href=\"https:\/\/talkpal.ai\/vocabulary_language\/dutch\/\">\r\n            <div class=\"learnNavigationWrapper\">\r\n                <div class=\"learnNavigationContent\">\r\n                    <img decoding=\"async\" src=\"https:\/\/talkpal.ai\/wp-content\/uploads\/2024\/08\/Dutch.jpg\" alt=\"Netherlands Flag\">\r\n                    <div>\r\n                        <h4>Vocabulario holand\u00e9s<\/h4>\r\n                        <p>Ampl\u00eda o teu vocabulario holand\u00e9s.<\/p>\r\n                    <\/div>\r\n                <\/div>\r\n            <\/div>\r\n        <\/a>\r\n\r\n            <\/section>","protected":false},"excerpt":{"rendered":"<p>Gram\u00e1tica holandesa: dominar a mec\u00e1nica da lingua holandesa Se deches o salto para aprender holand\u00e9s, est\u00e1s preparado para un paseo emocionante! Con m\u00e1is de 23 mill\u00f3ns de falantes en todo o mundo, o holand\u00e9s \u00e9 un idioma fant\u00e1stico para reforzar a t\u00faa destreza ling\u00fc\u00edstica e ampliar os teus horizontes. Agora, quizais escoitases murmurios sobre as [&hellip;]<\/p>\n","protected":false},"author":1,"featured_media":106456,"parent":0,"menu_order":0,"comment_status":"closed","ping_status":"closed","template":"LearningContentPage.php","meta":{"_acf_changed":false,"footnotes":""},"class_list":["post-128740","page","type-page","status-publish","has-post-thumbnail","hentry"],"acf":[],"yoast_head":"<!-- This site is optimized with the Yoast SEO Premium plugin v27.2 (Yoast SEO v27.2) - https:\/\/yoast.com\/product\/yoast-seo-premium-wordpress\/ -->\n<title>Gram\u00e1tica holandesa - Talkpal<\/title>\n<meta name=\"description\" content=\"Domina a gram\u00e1tica neerlandesa con Talkpal , o teu titor de idiomas con IA. Accede a explicaci\u00f3ns claras, exemplos pr\u00e1cticos e exercicios interactivos!\" \/>\n<meta name=\"robots\" content=\"index, follow, max-snippet:-1, max-image-preview:large, max-video-preview:-1\" \/>\n<link rel=\"canonical\" href=\"https:\/\/talkpal.ai\/gl\/gramatica-holandesa\/\" \/>\n<meta property=\"og:locale\" content=\"gl_ES\" \/>\n<meta property=\"og:type\" content=\"article\" \/>\n<meta property=\"og:title\" content=\"Gram\u00e1tica holandesa\" \/>\n<meta property=\"og:description\" content=\"Gram\u00e1tica holandesa: dominar a mec\u00e1nica da lingua holandesa Se deches o salto para aprender holand\u00e9s, est\u00e1s preparado para un paseo emocionante! Con m\u00e1is\" \/>\n<meta property=\"og:url\" content=\"https:\/\/talkpal.ai\/gl\/gramatica-holandesa\/\" \/>\n<meta property=\"og:site_name\" content=\"Talkpal\" \/>\n<meta property=\"article:publisher\" content=\"https:\/\/www.facebook.com\/profile.php?id=100090733639311\" \/>\n<meta property=\"article:modified_time\" content=\"2025-12-11T17:00:15+00:00\" \/>\n<meta property=\"og:image\" content=\"https:\/\/talkpal.ai\/wp-content\/uploads\/2023\/04\/netherlands-dutch.png\" \/>\n\t<meta property=\"og:image:width\" content=\"512\" \/>\n\t<meta property=\"og:image:height\" content=\"512\" \/>\n\t<meta property=\"og:image:type\" content=\"image\/png\" \/>\n<meta name=\"twitter:card\" content=\"summary_large_image\" \/>\n<meta name=\"twitter:site\" content=\"@talkpalai\" \/>\n<meta name=\"twitter:label1\" content=\"Tempo de lectura\" \/>\n\t<meta name=\"twitter:data1\" content=\"3 minutos\" \/>\n<script type=\"application\/ld+json\" class=\"yoast-schema-graph\">{\"@context\":\"https:\/\/schema.org\",\"@graph\":[{\"@type\":\"WebPage\",\"@id\":\"https:\/\/talkpal.ai\/gl\/gramatica-holandesa\/\",\"url\":\"https:\/\/talkpal.ai\/gl\/gramatica-holandesa\/\",\"name\":\"Gram\u00e1tica holandesa - Talkpal\",\"isPartOf\":{\"@id\":\"https:\/\/talkpal.ai\/gl\/#website\"},\"primaryImageOfPage\":{\"@id\":\"https:\/\/talkpal.ai\/gl\/gramatica-holandesa\/#primaryimage\"},\"image\":{\"@id\":\"https:\/\/talkpal.ai\/gl\/gramatica-holandesa\/#primaryimage\"},\"thumbnailUrl\":\"https:\/\/talkpal.ai\/wp-content\/uploads\/2023\/04\/netherlands-dutch.png\",\"datePublished\":\"2023-05-14T13:49:38+00:00\",\"dateModified\":\"2025-12-11T17:00:15+00:00\",\"description\":\"Domina a gram\u00e1tica neerlandesa con Talkpal , o teu titor de idiomas con IA. Accede a explicaci\u00f3ns claras, exemplos pr\u00e1cticos e exercicios interactivos!\",\"breadcrumb\":{\"@id\":\"https:\/\/talkpal.ai\/gl\/gramatica-holandesa\/#breadcrumb\"},\"inLanguage\":\"gl-ES\",\"potentialAction\":[{\"@type\":\"ReadAction\",\"target\":[\"https:\/\/talkpal.ai\/gl\/gramatica-holandesa\/\"]}]},{\"@type\":\"ImageObject\",\"inLanguage\":\"gl-ES\",\"@id\":\"https:\/\/talkpal.ai\/gl\/gramatica-holandesa\/#primaryimage\",\"url\":\"https:\/\/talkpal.ai\/wp-content\/uploads\/2023\/04\/netherlands-dutch.png\",\"contentUrl\":\"https:\/\/talkpal.ai\/wp-content\/uploads\/2023\/04\/netherlands-dutch.png\",\"width\":512,\"height\":512},{\"@type\":\"BreadcrumbList\",\"@id\":\"https:\/\/talkpal.ai\/gl\/gramatica-holandesa\/#breadcrumb\",\"itemListElement\":[{\"@type\":\"ListItem\",\"position\":1,\"name\":\"Homepage\",\"item\":\"https:\/\/talkpal.ai\/gl\/\"},{\"@type\":\"ListItem\",\"position\":2,\"name\":\"Gram\u00e1tica holandesa\"}]},{\"@type\":\"WebSite\",\"@id\":\"https:\/\/talkpal.ai\/gl\/#website\",\"url\":\"https:\/\/talkpal.ai\/gl\/\",\"name\":\"Talkpal\",\"description\":\"AI Language Learning\",\"publisher\":{\"@id\":\"https:\/\/talkpal.ai\/gl\/#organization\"},\"alternateName\":\"Talkpal AI\",\"potentialAction\":[{\"@type\":\"SearchAction\",\"target\":{\"@type\":\"EntryPoint\",\"urlTemplate\":\"https:\/\/talkpal.ai\/gl\/?s={search_term_string}\"},\"query-input\":{\"@type\":\"PropertyValueSpecification\",\"valueRequired\":true,\"valueName\":\"search_term_string\"}}],\"inLanguage\":\"gl-ES\"},{\"@type\":\"Organization\",\"@id\":\"https:\/\/talkpal.ai\/gl\/#organization\",\"name\":\"Talkpal, Inc.\",\"alternateName\":\"Talkpal AI\",\"url\":\"https:\/\/talkpal.ai\/gl\/\",\"logo\":{\"@type\":\"ImageObject\",\"inLanguage\":\"gl-ES\",\"@id\":\"https:\/\/talkpal.ai\/gl\/#\/schema\/logo\/image\/\",\"url\":\"https:\/\/talkpal.ai\/wp-content\/uploads\/2024\/03\/Talkpal-Logo-Icon.png\",\"contentUrl\":\"https:\/\/talkpal.ai\/wp-content\/uploads\/2024\/03\/Talkpal-Logo-Icon.png\",\"width\":2880,\"height\":2880,\"caption\":\"Talkpal, Inc.\"},\"image\":{\"@id\":\"https:\/\/talkpal.ai\/gl\/#\/schema\/logo\/image\/\"},\"sameAs\":[\"https:\/\/www.facebook.com\/profile.php?id=100090733639311\",\"https:\/\/x.com\/talkpalai\",\"https:\/\/www.linkedin.com\/company\/talkpal\/\",\"https:\/\/www.youtube.com\/@TalkPal\/\",\"https:\/\/www.tiktok.com\/@talkpal\",\"https:\/\/www.instagram.com\/talkpal_ai\/\",\"https:\/\/www.crunchbase.com\/organization\/talkpal-9cde\",\"https:\/\/www.g2.com\/products\/talkpal-for-business\/\",\"https:\/\/www.trustpilot.com\/review\/talkpal.ai\",\"https:\/\/www.capterra.com\/p\/10006800\/TalkPal\/\"],\"description\":\"Talkpal is a language learning web and mobile education app, powered by the latest AI technologies, that provides engaging experiences to its customers in many different languages to help them improve their language skills. Users can chat about unlimited amount of topics with the app and use other modes to practice their language learning.\",\"email\":\"support@talkpal.ai\",\"legalName\":\"Talkpal, Inc.\",\"foundingDate\":\"2023-04-03\",\"duns\":\"118989042\",\"numberOfEmployees\":{\"@type\":\"QuantitativeValue\",\"minValue\":\"11\",\"maxValue\":\"50\"},\"publishingPrinciples\":\"https:\/\/talkpal.ai\/publishing-principles\/\",\"actionableFeedbackPolicy\":\"https:\/\/talkpal.ai\/actionable-feedback-policy\/\",\"correctionsPolicy\":\"https:\/\/talkpal.ai\/corrections-policy\/\",\"ethicsPolicy\":\"https:\/\/talkpal.ai\/ethics-policy\/\",\"diversityPolicy\":\"https:\/\/talkpal.ai\/diversity-policy\/\",\"diversityStaffingReport\":\"https:\/\/talkpal.ai\/diversity-policy\/\"}]}<\/script>\n<!-- \/ Yoast SEO Premium plugin. -->","yoast_head_json":{"title":"Gram\u00e1tica holandesa - Talkpal","description":"Domina a gram\u00e1tica neerlandesa con Talkpal , o teu titor de idiomas con IA. Accede a explicaci\u00f3ns claras, exemplos pr\u00e1cticos e exercicios interactivos!","robots":{"index":"index","follow":"follow","max-snippet":"max-snippet:-1","max-image-preview":"max-image-preview:large","max-video-preview":"max-video-preview:-1"},"canonical":"https:\/\/talkpal.ai\/gl\/gramatica-holandesa\/","og_locale":"gl_ES","og_type":"article","og_title":"Gram\u00e1tica holandesa","og_description":"Gram\u00e1tica holandesa: dominar a mec\u00e1nica da lingua holandesa Se deches o salto para aprender holand\u00e9s, est\u00e1s preparado para un paseo emocionante! Con m\u00e1is","og_url":"https:\/\/talkpal.ai\/gl\/gramatica-holandesa\/","og_site_name":"Talkpal","article_publisher":"https:\/\/www.facebook.com\/profile.php?id=100090733639311","article_modified_time":"2025-12-11T17:00:15+00:00","og_image":[{"width":512,"height":512,"url":"https:\/\/talkpal.ai\/wp-content\/uploads\/2023\/04\/netherlands-dutch.png","type":"image\/png"}],"twitter_card":"summary_large_image","twitter_site":"@talkpalai","twitter_misc":{"Tempo de lectura":"3 minutos"},"schema":{"@context":"https:\/\/schema.org","@graph":[{"@type":"WebPage","@id":"https:\/\/talkpal.ai\/gl\/gramatica-holandesa\/","url":"https:\/\/talkpal.ai\/gl\/gramatica-holandesa\/","name":"Gram\u00e1tica holandesa - Talkpal","isPartOf":{"@id":"https:\/\/talkpal.ai\/gl\/#website"},"primaryImageOfPage":{"@id":"https:\/\/talkpal.ai\/gl\/gramatica-holandesa\/#primaryimage"},"image":{"@id":"https:\/\/talkpal.ai\/gl\/gramatica-holandesa\/#primaryimage"},"thumbnailUrl":"https:\/\/talkpal.ai\/wp-content\/uploads\/2023\/04\/netherlands-dutch.png","datePublished":"2023-05-14T13:49:38+00:00","dateModified":"2025-12-11T17:00:15+00:00","description":"Domina a gram\u00e1tica neerlandesa con Talkpal , o teu titor de idiomas con IA. Accede a explicaci\u00f3ns claras, exemplos pr\u00e1cticos e exercicios interactivos!","breadcrumb":{"@id":"https:\/\/talkpal.ai\/gl\/gramatica-holandesa\/#breadcrumb"},"inLanguage":"gl-ES","potentialAction":[{"@type":"ReadAction","target":["https:\/\/talkpal.ai\/gl\/gramatica-holandesa\/"]}]},{"@type":"ImageObject","inLanguage":"gl-ES","@id":"https:\/\/talkpal.ai\/gl\/gramatica-holandesa\/#primaryimage","url":"https:\/\/talkpal.ai\/wp-content\/uploads\/2023\/04\/netherlands-dutch.png","contentUrl":"https:\/\/talkpal.ai\/wp-content\/uploads\/2023\/04\/netherlands-dutch.png","width":512,"height":512},{"@type":"BreadcrumbList","@id":"https:\/\/talkpal.ai\/gl\/gramatica-holandesa\/#breadcrumb","itemListElement":[{"@type":"ListItem","position":1,"name":"Homepage","item":"https:\/\/talkpal.ai\/gl\/"},{"@type":"ListItem","position":2,"name":"Gram\u00e1tica holandesa"}]},{"@type":"WebSite","@id":"https:\/\/talkpal.ai\/gl\/#website","url":"https:\/\/talkpal.ai\/gl\/","name":"Talkpal","description":"AI Language Learning","publisher":{"@id":"https:\/\/talkpal.ai\/gl\/#organization"},"alternateName":"Talkpal AI","potentialAction":[{"@type":"SearchAction","target":{"@type":"EntryPoint","urlTemplate":"https:\/\/talkpal.ai\/gl\/?s={search_term_string}"},"query-input":{"@type":"PropertyValueSpecification","valueRequired":true,"valueName":"search_term_string"}}],"inLanguage":"gl-ES"},{"@type":"Organization","@id":"https:\/\/talkpal.ai\/gl\/#organization","name":"Talkpal, Inc.","alternateName":"Talkpal AI","url":"https:\/\/talkpal.ai\/gl\/","logo":{"@type":"ImageObject","inLanguage":"gl-ES","@id":"https:\/\/talkpal.ai\/gl\/#\/schema\/logo\/image\/","url":"https:\/\/talkpal.ai\/wp-content\/uploads\/2024\/03\/Talkpal-Logo-Icon.png","contentUrl":"https:\/\/talkpal.ai\/wp-content\/uploads\/2024\/03\/Talkpal-Logo-Icon.png","width":2880,"height":2880,"caption":"Talkpal, Inc."},"image":{"@id":"https:\/\/talkpal.ai\/gl\/#\/schema\/logo\/image\/"},"sameAs":["https:\/\/www.facebook.com\/profile.php?id=100090733639311","https:\/\/x.com\/talkpalai","https:\/\/www.linkedin.com\/company\/talkpal\/","https:\/\/www.youtube.com\/@TalkPal\/","https:\/\/www.tiktok.com\/@talkpal","https:\/\/www.instagram.com\/talkpal_ai\/","https:\/\/www.crunchbase.com\/organization\/talkpal-9cde","https:\/\/www.g2.com\/products\/talkpal-for-business\/","https:\/\/www.trustpilot.com\/review\/talkpal.ai","https:\/\/www.capterra.com\/p\/10006800\/TalkPal\/"],"description":"Talkpal is a language learning web and mobile education app, powered by the latest AI technologies, that provides engaging experiences to its customers in many different languages to help them improve their language skills. Users can chat about unlimited amount of topics with the app and use other modes to practice their language learning.","email":"support@talkpal.ai","legalName":"Talkpal, Inc.","foundingDate":"2023-04-03","duns":"118989042","numberOfEmployees":{"@type":"QuantitativeValue","minValue":"11","maxValue":"50"},"publishingPrinciples":"https:\/\/talkpal.ai\/publishing-principles\/","actionableFeedbackPolicy":"https:\/\/talkpal.ai\/actionable-feedback-policy\/","correctionsPolicy":"https:\/\/talkpal.ai\/corrections-policy\/","ethicsPolicy":"https:\/\/talkpal.ai\/ethics-policy\/","diversityPolicy":"https:\/\/talkpal.ai\/diversity-policy\/","diversityStaffingReport":"https:\/\/talkpal.ai\/diversity-policy\/"}]}},"_links":{"self":[{"href":"https:\/\/talkpal.ai\/gl\/wp-json\/wp\/v2\/pages\/128740","targetHints":{"allow":["GET"]}}],"collection":[{"href":"https:\/\/talkpal.ai\/gl\/wp-json\/wp\/v2\/pages"}],"about":[{"href":"https:\/\/talkpal.ai\/gl\/wp-json\/wp\/v2\/types\/page"}],"author":[{"embeddable":true,"href":"https:\/\/talkpal.ai\/gl\/wp-json\/wp\/v2\/users\/1"}],"replies":[{"embeddable":true,"href":"https:\/\/talkpal.ai\/gl\/wp-json\/wp\/v2\/comments?post=128740"}],"version-history":[{"count":0,"href":"https:\/\/talkpal.ai\/gl\/wp-json\/wp\/v2\/pages\/128740\/revisions"}],"wp:featuredmedia":[{"embeddable":true,"href":"https:\/\/talkpal.ai\/gl\/wp-json\/wp\/v2\/media\/106456"}],"wp:attachment":[{"href":"https:\/\/talkpal.ai\/gl\/wp-json\/wp\/v2\/media?parent=128740"}],"curies":[{"name":"wp","href":"https:\/\/api.w.org\/{rel}","templated":true}]}}