{"id":128350,"date":"2023-05-14T13:48:36","date_gmt":"2023-05-14T13:48:36","guid":{"rendered":"http:\/\/talkpal.ai\/gramatica-chinesa\/"},"modified":"2025-06-17T16:40:04","modified_gmt":"2025-06-17T16:40:04","slug":"gramatica-chinesa","status":"publish","type":"page","link":"https:\/\/talkpal.ai\/gl\/gramatica-chinesa\/","title":{"rendered":"Gram\u00e1tica chinesa"},"content":{"rendered":"\r\n\r\n\r\n<section class=\"languageChallengeSection\">\r\n    <div class=\"languageInfoWrapper\">\r\n        \r\n        <h1>Gram\u00e1tica chinesa<\/h1>\r\n        <p>Fortalecer as t\u00faas habilidades de lingua chinesa aprendendo estruturas gramaticais clave e patr\u00f3ns de uso. Comeza a mellorar a t\u00faa <a href=\"https:\/\/talkpal.ai\/pt-pt\/grammar\/questions-na-gramatica-chinesa\/\">gram\u00e1tica chinesa<\/a> hoxe e comun\u00edcate con confianza!<\/p>\r\n\r\n                            <a class=\"getStartedHidden\" href=\"https:\/\/app.talkpal.ai\/signup?lng=\">Empeza<\/a>\r\n        \r\n    <\/div>\r\n\r\n    <figure>\r\n    <img decoding=\"async\" width=\"768\" height=\"768\" src=\"https:\/\/talkpal.ai\/wp-content\/uploads\/2023\/06\/chinese-768x768.png\" class=\"languageImage no-lazy\" alt=\"Language learning for flexible communication\" fetchpriority=\"high\" sizes=\"(max-width: 768px) 150px, 768px\" srcset=\"https:\/\/talkpal.ai\/wp-content\/uploads\/2023\/06\/chinese-768x768.png 768w, https:\/\/talkpal.ai\/wp-content\/uploads\/2023\/06\/chinese-300x300.png 300w\" \/>\r\n    \r\n\r\n    <\/figure>\r\n\r\n            <a class=\"getStartedVisible\" href=\"https:\/\/app.talkpal.ai\/signup?lng=\">Empeza<\/a>\r\n    \r\n<\/section>\r\n<section class=\"promotionalBanner\">\r\n    <p class=\"promotionalText\">A forma m\u00e1is eficaz de aprender un idioma<\/p>\r\n    <a class=\"promotionalLink\" href=\"https:\/\/app.talkpal.ai\/signup?lng=\">Proba Talkpal de balde<\/a>\r\n<\/section>\n<div class=\"wp-block-group pageContainerStyle\"><div class=\"wp-block-group__inner-container is-layout-constrained wp-block-group-is-layout-constrained\">\n<h2 class=\"wp-block-heading\" id=\"h-chinese-grammar-the-key-to-mastering-mandarin\">Gram\u00e1tica chinesa: a clave para dominar o mandar\u00edn<\/h2>\n\n\n\n<p>Es un aprendiz de idiomas ambicioso e ten <a href=\"https:\/\/talkpal.ai\/locations\/language-courses-in-como\/\">como<\/a> obxectivo dominar o mandar\u00edn? Se \u00e9 as\u00ed, parab\u00e9ns! Abordar o <a href=\"https:\/\/talkpal.ai\/learn-chinese\/\">chin\u00e9s<\/a> \u00e9 unha forma fant\u00e1stica de ampliar a t\u00faa mentalidade global, conectarte cunha gran variedade de falantes e desafiarte intelectualmente. Non obstante, con 1.200 mill\u00f3ns de falantes nativos e un sistema ling\u00fc\u00edstico moi diferente das linguas occidentais, a <a href=\"https:\/\/talkpal.ai\/pt-pt\/grammar\/questions-na-gramatica-chinesa\/\">gram\u00e1tica chinesa<\/a> pode parecer bastante desalentadora. Non te\u00f1as medo! Contin\u00faa lendo para obter un curso intensivo de gram\u00e1tica chinesa para principiantes que resulta atractivo e informativo.<\/p>\n\n\n\n<p><strong>Primeiro: esquece o que sabes sobre as linguas europeas!<\/strong><\/p>\n\n\n\n<p>Unha das principais raz\u00f3ns polas que os <a href=\"https:\/\/talkpal.ai\/talkpal-discount-for-students\/\">estudantes<\/a> de linguas est\u00e1n intimidados pola gram\u00e1tica chinesa \u00e9 que \u00e9 radicalmente diferente da estrutura &#8220;suxeito-verbo-obxecto&#8221; \u00e1 que estamos afeitos en idiomas como o <a href=\"https:\/\/talkpal.ai\/es\/locations\/aprende-ingles-en-orange\/\">ingl\u00e9s<\/a>, o <a href=\"https:\/\/talkpal.ai\/es\/locations\/aprende-espanol-leyendo\/\">espa\u00f1ol<\/a> ou o <a href=\"https:\/\/talkpal.ai\/es\/locations\/aprende-frances-leyendo\/\">franc\u00e9s<\/a>. As\u00ed que respira fondo e mergull\u00e9monos nun universo de regras e conceptos ling\u00fc\u00edsticos totalmente <a href=\"https:\/\/talkpal.ai\/talkpal-new-years-discount\/\">novo<\/a>!<\/p>\n\n\n\n<h3 class=\"wp-block-heading\" id=\"h-1-word-order-is-king\">1. A orde das palabras \u00e9 o rei<\/h3>\n\n\n\n<p>A\u00ednda que non hai tempos, conxugaci\u00f3ns verbais ou plurais na gram\u00e1tica chinesa, a estrutura correcta das frases \u00e9 primordial. Ent\u00f3n, como se consegue a orde correcta das palabras? Na maior\u00eda dos casos, simplemente siga o patr\u00f3n &#8220;suxeito-verbo-obxecto&#8221; (semellante ao ingl\u00e9s). Por exemplo:<\/p>\n\n\n\n<p>Ingl\u00e9s: qu\u00e9rote.<br\/>Chin\u00e9s: \u6211\u7231\u4f60\u3002W\u01d2 \u00e0i n\u01d0.<\/p>\n\n\n\n<p>Hai estruturas m\u00e1is complexas, pero desenvolver unha base s\u00f3lida far\u00e1 que sexan m\u00e1is f\u00e1ciles de comprender cando avances.<\/p>\n\n\n\n<h3 class=\"wp-block-heading\" id=\"h-2-particles-particles-everywhere\">2. Part\u00edculas, part\u00edculas por todas partes!<\/h3>\n\n\n\n<p>Na gram\u00e1tica chinesa, as part\u00edculas xogan un papel fundamental na transmisi\u00f3n de significado. Unha das part\u00edculas m\u00e1is com\u00fans \u00e9 &#8220;\u4e86 (le)&#8221;, que sinala unha acci\u00f3n completada. Por exemplo:<\/p>\n\n\n\n<p>\u6211\u5403\u4e86\u3002W\u01d2 ch\u012b le. &#8211; &#8220;Eu com\u00edn&#8221;.<\/p>\n\n\n\n<p>Outra part\u00edcula com\u00fan \u00e9 &#8220;\u5427 (ba)&#8221;, que converte unha afirmaci\u00f3n nunha suxesti\u00f3n ou pregunta:<\/p>\n\n\n\n<p>\u8d70\u5427\uff01Z\u01d2u ba! &#8211; &#8220;Imos!&#8221;<\/p>\n\n\n\n<p>Comprender as funci\u00f3ns de varias part\u00edculas \u00e9 fundamental para dominar os matices da gram\u00e1tica chinesa.<\/p>\n\n\n\n<h3 class=\"wp-block-heading\" id=\"h-3-measure-words-quality-not-quantity\">3. Mide palabras: calidade, non cantidade<\/h3>\n\n\n\n<p>En chin\u00e9s, os substantivos non te\u00f1en plurais. En cambio, usan palabras de medida (tam\u00e9n co\u00f1ecidas como clasificadores) para expresar cantidade. As palabras de medida eng\u00e1dense entre o n\u00famero e o substantivo. Por exemplo:<\/p>\n\n\n\n<p>\u4e00\u672c\u4e66 \u2013 Y\u012b b\u011bn sh\u016b \u2013 \u201cun libro\u201d<\/p>\n\n\n\n<p>Observe o uso de \u672c (b\u011bn) como a palabra de medida para os libros. Os distintos substantivos requiren palabras de medida diferentes, e a\u00ednda que isto poida parecer desconcertante ao principio, converterase nunha segunda natureza coa pr\u00e1ctica.<\/p>\n\n\n\n<h3 class=\"wp-block-heading\" id=\"h-4-the-magic-of-compound-words\">4. A maxia das palabras compostas<\/h3>\n\n\n\n<p>O chin\u00e9s est\u00e1 cheo de palabras compostas, que se forman combinando dous ou m\u00e1is caracteres. Isto non s\u00f3 simplifica a aprendizaxe de vocabulario, sen\u00f3n que tam\u00e9n permite imaxes e contextos vivos. Por exemplo:<\/p>\n\n\n\n<p>\u706b\u8f66 &#8211; Hu\u01d2ch\u0113 &#8211; &#8220;tren&#8221; (literalmente: &#8220;veh\u00edculo de bombeiros&#8221;)<br\/>\u7535\u8bdd &#8211; Di\u00e0nhu\u00e0 &#8211; &#8220;tel\u00e9fono&#8221; (literalmente: &#8220;fala el\u00e9ctrica&#8221;)<\/p>\n\n\n\n<p>Ao comprender o significado dos personaxes individuais, podes deducir facilmente o significado de palabras compostas que nunca atopaches antes.<\/p>\n\n\n\n<h3 class=\"wp-block-heading\" id=\"h-5-no-tenses-no-problem\">5. Sen tempos? Sen problema!<\/h3>\n\n\n\n<p>Un dos aspectos m\u00e1is refrescantes do chin\u00e9s \u00e9 a falta de conxugaci\u00f3ns verbais para diferentes tempos. Pero como expresas o tempo? Simple! S\u00f3 incl\u00fae palabras que indiquen o per\u00edodo de tempo, como:<\/p>\n\n\n\n<p>\u6628\u5929 &#8211; Zu\u00f3ti\u0101n &#8211; &#8220;onte&#8221;<br\/>\u660e\u5929 &#8211; M\u00edngti\u0101n &#8211; &#8220;ma\u00f1\u00e1&#8221;<\/p>\n\n\n\n<p><strong>Por exemplo:<\/strong><\/p>\n\n\n\n<p>\u6211\u6628\u5929\u5403\u4e86\u996d\u3002W\u01d2 zu\u00f3ti\u0101n ch\u012b le f\u00e0n. &#8211; &#8220;Onte com\u00edn comida&#8221;.<br\/>\u6211\u660e\u5929\u5403\u996d\u3002W\u01d2 m\u00edngti\u0101n ch\u012b f\u00e0n. &#8211; &#8220;Comerei ma\u00f1\u00e1&#8221;.<\/p>\n\n\n\n<p>Parab\u00e9ns! Deches os primeiros pasos para dominar a gram\u00e1tica chinesa. Lembra: a pr\u00e1ctica fai a perfecci\u00f3n. Polo tanto, non te desv\u00edes de explorar novas estruturas gramaticais, conversar con falantes nativos e reforzar a t\u00faa base. O mundo do mandar\u00edn esp\u00e9rache: feliz aprendizaxe!<\/p>\n<\/div><\/div>\n\r\n<section class=\"learnNavigationSection\">\r\n            \r\n        <a href=\"https:\/\/talkpal.ai\/gl\/aprende-chines\/\">\r\n            <div class=\"learnNavigationWrapper\">\r\n                <div class=\"learnNavigationContent\">\r\n                    <img decoding=\"async\" src=\"https:\/\/talkpal.ai\/wp-content\/uploads\/2024\/08\/Chinese.jpg\" alt=\"Chinese Flag\u00a0\">\r\n                    <div>\r\n                        <h4>Sobre a aprendizaxe do chin\u00e9s<\/h4>\r\n                        <p>Descubre todo sobre a gram\u00e1tica chinesa.<\/p>\r\n                    <\/div>\r\n                <\/div>\r\n            <\/div>\r\n        <\/a>\r\n\r\n        \r\n        <a href=\"https:\/\/talkpal.ai\/gl\/exercicios-de-gramatica-chinesa\/\">\r\n            <div class=\"learnNavigationWrapper\">\r\n                <div class=\"learnNavigationContent\">\r\n                    <img decoding=\"async\" src=\"https:\/\/talkpal.ai\/wp-content\/uploads\/2024\/08\/Chinese.jpg\" alt=\"Chinese Flag\u00a0\">\r\n                    <div>\r\n                        <h4>Exercicio de gram\u00e1tica chinesa<\/h4>\r\n                        <p>Practica a gram\u00e1tica chinesa.<\/p>\r\n                    <\/div>\r\n                <\/div>\r\n            <\/div>\r\n        <\/a>\r\n\r\n        \r\n        <a href=\"https:\/\/talkpal.ai\/vocabulary_language\/chinese\/\">\r\n            <div class=\"learnNavigationWrapper\">\r\n                <div class=\"learnNavigationContent\">\r\n                    <img decoding=\"async\" src=\"https:\/\/talkpal.ai\/wp-content\/uploads\/2024\/08\/Chinese.jpg\" alt=\"Chinese Flag\u00a0\">\r\n                    <div>\r\n                        <h4>Vocabulario chin\u00e9s<\/h4>\r\n                        <p>Ampl\u00eda o teu vocabulario chin\u00e9s.<\/p>\r\n                    <\/div>\r\n                <\/div>\r\n            <\/div>\r\n        <\/a>\r\n\r\n            <\/section>","protected":false},"excerpt":{"rendered":"<p>Gram\u00e1tica chinesa: a clave para dominar o mandar\u00edn Es un aprendiz de idiomas ambicioso e ten como obxectivo dominar o mandar\u00edn? Se \u00e9 as\u00ed, parab\u00e9ns! Abordar o chin\u00e9s \u00e9 unha forma fant\u00e1stica de ampliar a t\u00faa mentalidade global, conectarte cunha gran variedade de falantes e desafiarte intelectualmente. Non obstante, con 1.200 mill\u00f3ns de falantes nativos [&hellip;]<\/p>\n","protected":false},"author":1,"featured_media":106151,"parent":0,"menu_order":0,"comment_status":"closed","ping_status":"closed","template":"LearningContentPage.php","meta":{"_acf_changed":false,"footnotes":""},"class_list":["post-128350","page","type-page","status-publish","has-post-thumbnail","hentry"],"acf":[],"yoast_head":"<!-- This site is optimized with the Yoast SEO Premium plugin v27.2 (Yoast SEO v27.2) - https:\/\/yoast.com\/product\/yoast-seo-premium-wordpress\/ -->\n<title>Gram\u00e1tica chinesa - Talkpal<\/title>\n<meta name=\"description\" content=\"Desbloquea os segredos da gram\u00e1tica chinesa para unha mellor comprensi\u00f3n da lingua e cultura chinesa.\" \/>\n<meta name=\"robots\" content=\"index, follow, max-snippet:-1, max-image-preview:large, max-video-preview:-1\" \/>\n<link rel=\"canonical\" href=\"https:\/\/talkpal.ai\/gl\/gramatica-chinesa\/\" \/>\n<meta property=\"og:locale\" content=\"gl_ES\" \/>\n<meta property=\"og:type\" content=\"article\" \/>\n<meta property=\"og:title\" content=\"Gram\u00e1tica chinesa\" \/>\n<meta property=\"og:description\" content=\"Gram\u00e1tica chinesa: a clave para dominar o mandar\u00edn Es un aprendiz de idiomas ambicioso e ten como obxectivo dominar o mandar\u00edn? Se \u00e9 as\u00ed, parab\u00e9ns!\" \/>\n<meta property=\"og:url\" content=\"https:\/\/talkpal.ai\/gl\/gramatica-chinesa\/\" \/>\n<meta property=\"og:site_name\" content=\"Talkpal\" \/>\n<meta property=\"article:publisher\" content=\"https:\/\/www.facebook.com\/profile.php?id=100090733639311\" \/>\n<meta property=\"article:modified_time\" content=\"2025-06-17T16:40:04+00:00\" \/>\n<meta property=\"og:image\" content=\"https:\/\/talkpal.ai\/wp-content\/uploads\/2023\/04\/china.png\" \/>\n\t<meta property=\"og:image:width\" content=\"512\" \/>\n\t<meta property=\"og:image:height\" content=\"512\" \/>\n\t<meta property=\"og:image:type\" content=\"image\/png\" \/>\n<meta name=\"twitter:card\" content=\"summary_large_image\" \/>\n<meta name=\"twitter:site\" content=\"@talkpalai\" \/>\n<meta name=\"twitter:label1\" content=\"Tempo de lectura\" \/>\n\t<meta name=\"twitter:data1\" content=\"3 minutos\" \/>\n<script type=\"application\/ld+json\" class=\"yoast-schema-graph\">{\"@context\":\"https:\/\/schema.org\",\"@graph\":[{\"@type\":\"WebPage\",\"@id\":\"https:\/\/talkpal.ai\/gl\/gramatica-chinesa\/\",\"url\":\"https:\/\/talkpal.ai\/gl\/gramatica-chinesa\/\",\"name\":\"Gram\u00e1tica chinesa - Talkpal\",\"isPartOf\":{\"@id\":\"https:\/\/talkpal.ai\/gl\/#website\"},\"primaryImageOfPage\":{\"@id\":\"https:\/\/talkpal.ai\/gl\/gramatica-chinesa\/#primaryimage\"},\"image\":{\"@id\":\"https:\/\/talkpal.ai\/gl\/gramatica-chinesa\/#primaryimage\"},\"thumbnailUrl\":\"https:\/\/talkpal.ai\/wp-content\/uploads\/2023\/04\/china.png\",\"datePublished\":\"2023-05-14T13:48:36+00:00\",\"dateModified\":\"2025-06-17T16:40:04+00:00\",\"description\":\"Desbloquea os segredos da gram\u00e1tica chinesa para unha mellor comprensi\u00f3n da lingua e cultura chinesa.\",\"breadcrumb\":{\"@id\":\"https:\/\/talkpal.ai\/gl\/gramatica-chinesa\/#breadcrumb\"},\"inLanguage\":\"gl-ES\",\"potentialAction\":[{\"@type\":\"ReadAction\",\"target\":[\"https:\/\/talkpal.ai\/gl\/gramatica-chinesa\/\"]}]},{\"@type\":\"ImageObject\",\"inLanguage\":\"gl-ES\",\"@id\":\"https:\/\/talkpal.ai\/gl\/gramatica-chinesa\/#primaryimage\",\"url\":\"https:\/\/talkpal.ai\/wp-content\/uploads\/2023\/04\/china.png\",\"contentUrl\":\"https:\/\/talkpal.ai\/wp-content\/uploads\/2023\/04\/china.png\",\"width\":512,\"height\":512},{\"@type\":\"BreadcrumbList\",\"@id\":\"https:\/\/talkpal.ai\/gl\/gramatica-chinesa\/#breadcrumb\",\"itemListElement\":[{\"@type\":\"ListItem\",\"position\":1,\"name\":\"Homepage\",\"item\":\"https:\/\/talkpal.ai\/gl\/\"},{\"@type\":\"ListItem\",\"position\":2,\"name\":\"Gram\u00e1tica chinesa\"}]},{\"@type\":\"WebSite\",\"@id\":\"https:\/\/talkpal.ai\/gl\/#website\",\"url\":\"https:\/\/talkpal.ai\/gl\/\",\"name\":\"Talkpal\",\"description\":\"AI Language Learning\",\"publisher\":{\"@id\":\"https:\/\/talkpal.ai\/gl\/#organization\"},\"alternateName\":\"Talkpal AI\",\"potentialAction\":[{\"@type\":\"SearchAction\",\"target\":{\"@type\":\"EntryPoint\",\"urlTemplate\":\"https:\/\/talkpal.ai\/gl\/?s={search_term_string}\"},\"query-input\":{\"@type\":\"PropertyValueSpecification\",\"valueRequired\":true,\"valueName\":\"search_term_string\"}}],\"inLanguage\":\"gl-ES\"},{\"@type\":\"Organization\",\"@id\":\"https:\/\/talkpal.ai\/gl\/#organization\",\"name\":\"Talkpal, Inc.\",\"alternateName\":\"Talkpal AI\",\"url\":\"https:\/\/talkpal.ai\/gl\/\",\"logo\":{\"@type\":\"ImageObject\",\"inLanguage\":\"gl-ES\",\"@id\":\"https:\/\/talkpal.ai\/gl\/#\/schema\/logo\/image\/\",\"url\":\"https:\/\/talkpal.ai\/wp-content\/uploads\/2024\/03\/Talkpal-Logo-Icon.png\",\"contentUrl\":\"https:\/\/talkpal.ai\/wp-content\/uploads\/2024\/03\/Talkpal-Logo-Icon.png\",\"width\":2880,\"height\":2880,\"caption\":\"Talkpal, Inc.\"},\"image\":{\"@id\":\"https:\/\/talkpal.ai\/gl\/#\/schema\/logo\/image\/\"},\"sameAs\":[\"https:\/\/www.facebook.com\/profile.php?id=100090733639311\",\"https:\/\/x.com\/talkpalai\",\"https:\/\/www.linkedin.com\/company\/talkpal\/\",\"https:\/\/www.youtube.com\/@TalkPal\/\",\"https:\/\/www.tiktok.com\/@talkpal\",\"https:\/\/www.instagram.com\/talkpal_ai\/\",\"https:\/\/www.crunchbase.com\/organization\/talkpal-9cde\",\"https:\/\/www.g2.com\/products\/talkpal-for-business\/\",\"https:\/\/www.trustpilot.com\/review\/talkpal.ai\",\"https:\/\/www.capterra.com\/p\/10006800\/TalkPal\/\"],\"description\":\"Talkpal is a language learning web and mobile education app, powered by the latest AI technologies, that provides engaging experiences to its customers in many different languages to help them improve their language skills. Users can chat about unlimited amount of topics with the app and use other modes to practice their language learning.\",\"email\":\"support@talkpal.ai\",\"legalName\":\"Talkpal, Inc.\",\"foundingDate\":\"2023-04-03\",\"duns\":\"118989042\",\"numberOfEmployees\":{\"@type\":\"QuantitativeValue\",\"minValue\":\"11\",\"maxValue\":\"50\"},\"publishingPrinciples\":\"https:\/\/talkpal.ai\/publishing-principles\/\",\"actionableFeedbackPolicy\":\"https:\/\/talkpal.ai\/actionable-feedback-policy\/\",\"correctionsPolicy\":\"https:\/\/talkpal.ai\/corrections-policy\/\",\"ethicsPolicy\":\"https:\/\/talkpal.ai\/ethics-policy\/\",\"diversityPolicy\":\"https:\/\/talkpal.ai\/diversity-policy\/\",\"diversityStaffingReport\":\"https:\/\/talkpal.ai\/diversity-policy\/\"}]}<\/script>\n<!-- \/ Yoast SEO Premium plugin. -->","yoast_head_json":{"title":"Gram\u00e1tica chinesa - Talkpal","description":"Desbloquea os segredos da gram\u00e1tica chinesa para unha mellor comprensi\u00f3n da lingua e cultura chinesa.","robots":{"index":"index","follow":"follow","max-snippet":"max-snippet:-1","max-image-preview":"max-image-preview:large","max-video-preview":"max-video-preview:-1"},"canonical":"https:\/\/talkpal.ai\/gl\/gramatica-chinesa\/","og_locale":"gl_ES","og_type":"article","og_title":"Gram\u00e1tica chinesa","og_description":"Gram\u00e1tica chinesa: a clave para dominar o mandar\u00edn Es un aprendiz de idiomas ambicioso e ten como obxectivo dominar o mandar\u00edn? Se \u00e9 as\u00ed, parab\u00e9ns!","og_url":"https:\/\/talkpal.ai\/gl\/gramatica-chinesa\/","og_site_name":"Talkpal","article_publisher":"https:\/\/www.facebook.com\/profile.php?id=100090733639311","article_modified_time":"2025-06-17T16:40:04+00:00","og_image":[{"width":512,"height":512,"url":"https:\/\/talkpal.ai\/wp-content\/uploads\/2023\/04\/china.png","type":"image\/png"}],"twitter_card":"summary_large_image","twitter_site":"@talkpalai","twitter_misc":{"Tempo de lectura":"3 minutos"},"schema":{"@context":"https:\/\/schema.org","@graph":[{"@type":"WebPage","@id":"https:\/\/talkpal.ai\/gl\/gramatica-chinesa\/","url":"https:\/\/talkpal.ai\/gl\/gramatica-chinesa\/","name":"Gram\u00e1tica chinesa - Talkpal","isPartOf":{"@id":"https:\/\/talkpal.ai\/gl\/#website"},"primaryImageOfPage":{"@id":"https:\/\/talkpal.ai\/gl\/gramatica-chinesa\/#primaryimage"},"image":{"@id":"https:\/\/talkpal.ai\/gl\/gramatica-chinesa\/#primaryimage"},"thumbnailUrl":"https:\/\/talkpal.ai\/wp-content\/uploads\/2023\/04\/china.png","datePublished":"2023-05-14T13:48:36+00:00","dateModified":"2025-06-17T16:40:04+00:00","description":"Desbloquea os segredos da gram\u00e1tica chinesa para unha mellor comprensi\u00f3n da lingua e cultura chinesa.","breadcrumb":{"@id":"https:\/\/talkpal.ai\/gl\/gramatica-chinesa\/#breadcrumb"},"inLanguage":"gl-ES","potentialAction":[{"@type":"ReadAction","target":["https:\/\/talkpal.ai\/gl\/gramatica-chinesa\/"]}]},{"@type":"ImageObject","inLanguage":"gl-ES","@id":"https:\/\/talkpal.ai\/gl\/gramatica-chinesa\/#primaryimage","url":"https:\/\/talkpal.ai\/wp-content\/uploads\/2023\/04\/china.png","contentUrl":"https:\/\/talkpal.ai\/wp-content\/uploads\/2023\/04\/china.png","width":512,"height":512},{"@type":"BreadcrumbList","@id":"https:\/\/talkpal.ai\/gl\/gramatica-chinesa\/#breadcrumb","itemListElement":[{"@type":"ListItem","position":1,"name":"Homepage","item":"https:\/\/talkpal.ai\/gl\/"},{"@type":"ListItem","position":2,"name":"Gram\u00e1tica chinesa"}]},{"@type":"WebSite","@id":"https:\/\/talkpal.ai\/gl\/#website","url":"https:\/\/talkpal.ai\/gl\/","name":"Talkpal","description":"AI Language Learning","publisher":{"@id":"https:\/\/talkpal.ai\/gl\/#organization"},"alternateName":"Talkpal AI","potentialAction":[{"@type":"SearchAction","target":{"@type":"EntryPoint","urlTemplate":"https:\/\/talkpal.ai\/gl\/?s={search_term_string}"},"query-input":{"@type":"PropertyValueSpecification","valueRequired":true,"valueName":"search_term_string"}}],"inLanguage":"gl-ES"},{"@type":"Organization","@id":"https:\/\/talkpal.ai\/gl\/#organization","name":"Talkpal, Inc.","alternateName":"Talkpal AI","url":"https:\/\/talkpal.ai\/gl\/","logo":{"@type":"ImageObject","inLanguage":"gl-ES","@id":"https:\/\/talkpal.ai\/gl\/#\/schema\/logo\/image\/","url":"https:\/\/talkpal.ai\/wp-content\/uploads\/2024\/03\/Talkpal-Logo-Icon.png","contentUrl":"https:\/\/talkpal.ai\/wp-content\/uploads\/2024\/03\/Talkpal-Logo-Icon.png","width":2880,"height":2880,"caption":"Talkpal, Inc."},"image":{"@id":"https:\/\/talkpal.ai\/gl\/#\/schema\/logo\/image\/"},"sameAs":["https:\/\/www.facebook.com\/profile.php?id=100090733639311","https:\/\/x.com\/talkpalai","https:\/\/www.linkedin.com\/company\/talkpal\/","https:\/\/www.youtube.com\/@TalkPal\/","https:\/\/www.tiktok.com\/@talkpal","https:\/\/www.instagram.com\/talkpal_ai\/","https:\/\/www.crunchbase.com\/organization\/talkpal-9cde","https:\/\/www.g2.com\/products\/talkpal-for-business\/","https:\/\/www.trustpilot.com\/review\/talkpal.ai","https:\/\/www.capterra.com\/p\/10006800\/TalkPal\/"],"description":"Talkpal is a language learning web and mobile education app, powered by the latest AI technologies, that provides engaging experiences to its customers in many different languages to help them improve their language skills. Users can chat about unlimited amount of topics with the app and use other modes to practice their language learning.","email":"support@talkpal.ai","legalName":"Talkpal, Inc.","foundingDate":"2023-04-03","duns":"118989042","numberOfEmployees":{"@type":"QuantitativeValue","minValue":"11","maxValue":"50"},"publishingPrinciples":"https:\/\/talkpal.ai\/publishing-principles\/","actionableFeedbackPolicy":"https:\/\/talkpal.ai\/actionable-feedback-policy\/","correctionsPolicy":"https:\/\/talkpal.ai\/corrections-policy\/","ethicsPolicy":"https:\/\/talkpal.ai\/ethics-policy\/","diversityPolicy":"https:\/\/talkpal.ai\/diversity-policy\/","diversityStaffingReport":"https:\/\/talkpal.ai\/diversity-policy\/"}]}},"_links":{"self":[{"href":"https:\/\/talkpal.ai\/gl\/wp-json\/wp\/v2\/pages\/128350","targetHints":{"allow":["GET"]}}],"collection":[{"href":"https:\/\/talkpal.ai\/gl\/wp-json\/wp\/v2\/pages"}],"about":[{"href":"https:\/\/talkpal.ai\/gl\/wp-json\/wp\/v2\/types\/page"}],"author":[{"embeddable":true,"href":"https:\/\/talkpal.ai\/gl\/wp-json\/wp\/v2\/users\/1"}],"replies":[{"embeddable":true,"href":"https:\/\/talkpal.ai\/gl\/wp-json\/wp\/v2\/comments?post=128350"}],"version-history":[{"count":0,"href":"https:\/\/talkpal.ai\/gl\/wp-json\/wp\/v2\/pages\/128350\/revisions"}],"wp:featuredmedia":[{"embeddable":true,"href":"https:\/\/talkpal.ai\/gl\/wp-json\/wp\/v2\/media\/106151"}],"wp:attachment":[{"href":"https:\/\/talkpal.ai\/gl\/wp-json\/wp\/v2\/media?parent=128350"}],"curies":[{"name":"wp","href":"https:\/\/api.w.org\/{rel}","templated":true}]}}