{"id":127903,"date":"2023-05-14T13:43:38","date_gmt":"2023-05-14T13:43:38","guid":{"rendered":"http:\/\/talkpal.ai\/gramatica-arabe\/"},"modified":"2025-05-21T11:48:46","modified_gmt":"2025-05-21T11:48:46","slug":"gramatica-arabe","status":"publish","type":"page","link":"https:\/\/talkpal.ai\/gl\/gramatica-arabe\/","title":{"rendered":"Gram\u00e1tica \u00e1rabe"},"content":{"rendered":"\r\n\r\n\r\n<section class=\"languageChallengeSection\">\r\n    <div class=\"languageInfoWrapper\">\r\n        \r\n        <h1>Gram\u00e1tica \u00e1rabe<\/h1>\r\n        <p>Mellora as t\u00faas habilidades en \u00e1rabe explorando conceptos gramaticais esenciais e explicaci\u00f3ns claras e paso a paso. Comeza a dominar a <a href=\"https:\/\/talkpal.ai\/pt-pt\/o-que-ha-de-especial-na-gramatica-arabe\/\">gram\u00e1tica \u00e1rabe<\/a> agora e comun\u00edcate con maior fluidez e confianza!<\/p>\r\n\r\n                            <a class=\"getStartedHidden\" href=\"https:\/\/app.talkpal.ai\/signup?lng=\">Empeza<\/a>\r\n        \r\n    <\/div>\r\n\r\n    <figure>\r\n    <img decoding=\"async\" width=\"768\" height=\"768\" src=\"https:\/\/talkpal.ai\/wp-content\/uploads\/2023\/06\/arabic-768x768.png\" class=\"languageImage no-lazy\" alt=\"Language learning for linguistic diversity\" fetchpriority=\"high\" sizes=\"(max-width: 768px) 150px, 768px\" srcset=\"https:\/\/talkpal.ai\/wp-content\/uploads\/2023\/06\/arabic-768x768.png 768w, https:\/\/talkpal.ai\/wp-content\/uploads\/2023\/06\/arabic-300x300.png 300w\" \/>\r\n    \r\n\r\n    <\/figure>\r\n\r\n            <a class=\"getStartedVisible\" href=\"https:\/\/app.talkpal.ai\/signup?lng=\">Empeza<\/a>\r\n    \r\n<\/section>\r\n<section class=\"promotionalBanner\">\r\n    <p class=\"promotionalText\">A forma m\u00e1is eficaz de aprender un idioma<\/p>\r\n    <a class=\"promotionalLink\" href=\"https:\/\/app.talkpal.ai\/signup?lng=\">Proba Talkpal de balde<\/a>\r\n<\/section>\n<div class=\"wp-block-group pageContainerStyle\"><div class=\"wp-block-group__inner-container is-layout-constrained wp-block-group-is-layout-constrained\">\n<h2 class=\"wp-block-heading\" id=\"h-the-intricacies-of-arabic-grammar-a-journey-through-its-roots-and-beauty\">As complejidades da gram\u00e1tica \u00e1rabe: unha viaxe polas s\u00faas ra\u00edces e beleza<\/h2>\n\n\n\n<p><strong>Lembras cando comezaches a aprender gram\u00e1tica inglesa?<\/strong>  As aparentemente interminables regras, excepci\u00f3ns e terminolox\u00edas poder\u00edan deixarche desbordado \u00e1s veces. Se est\u00e1s pensando en aprender a lingua \u00e1rabe, ten a certeza de que tam\u00e9n ten un sistema gramatical \u00fanico e intrincado. Ent\u00f3n, imos facer unha breve pero esclarecedora viaxe polas ra\u00edces e a beleza da gram\u00e1tica \u00e1rabe.<\/p>\n\n\n\n<p>Para <a href=\"https:\/\/talkpal.ai\/ko\/ai-%ec%96%b8%ec%96%b4-%ea%b5%90%ec%82%ac\/\">comezar<\/a>, imos establecer algunhas <strong>diferenzas clave entre a gram\u00e1tica \u00e1rabe e inglesa.<\/strong> En \u00e1rabe, as palabras div\u00eddense en tres categor\u00edas: substantivos, verbos e part\u00edculas. A diferenza do <a href=\"https:\/\/talkpal.ai\/es\/locations\/aprende-ingles-en-orange\/\">ingl\u00e9s<\/a>, as palabras \u00e1rabes seguen un sistema ra\u00edz, o que significa que podes rastrexar o significado <a href=\"https:\/\/talkpal.ai\/locations\/language-courses-in-central\/\">central<\/a> dunha palabra identificando a s\u00faa ra\u00edz. Este sistema ra\u00edz d\u00e1lle ao \u00e1rabe un nivel excepcional de profundidade e riqueza. Unha cousa incrible da gram\u00e1tica \u00e1rabe \u00e9 a s\u00faa dependencia de patr\u00f3ns, que moitas veces permiten aos falantes crear novas palabras seguindo determinadas estruturas.<\/p>\n\n\n\n<p>Outro aspecto importante da <strong>gram\u00e1tica \u00e1rabe \u00e9 que \u00e9 unha lingua de x\u00e9nero<\/strong> , o que significa que os substantivos e adxectivos te\u00f1en formas espec\u00edficas de x\u00e9nero. Sab\u00edas que o \u00e1rabe incluso ten unha forma dual ademais das formas singular e plural? \u00c9 verdade! A forma dual \u00e1rabe \u00fasase para indicar pares, <a href=\"https:\/\/talkpal.ai\/locations\/language-courses-in-como\/\">como<\/a> ollos, mans ou pais. Engade unha capa extra de especificidade da que carece a lingua inglesa.<\/p>\n\n\n\n<p>Agora imos discutir <strong>a conxugaci\u00f3n de verbos en \u00e1rabe<\/strong> , que \u00e9 un mundo totalmente <a href=\"https:\/\/talkpal.ai\/talkpal-new-years-discount\/\">novo<\/a>. Os verbos \u00e1rabes bas\u00e9anse nun sistema de ra\u00edces, que normalmente constan de tres consoantes fundamentais. A ra\u00edz determina o significado b\u00e1sico do verbo e, engadindo patr\u00f3ns voc\u00e1licos, crea diferentes formas do verbo que expresan diferentes significados e tempos. Por exemplo, cambiar as vogais nunha ra\u00edz pode cambiar o tempo do pasado ao <a href=\"https:\/\/talkpal.ai\/zh-hans\/grammar_exercises\/presente-%e8%a5%bf%e7%8f%ad%e7%89%99%e8%af%ad%e6%b3%95%e7%bb%83%e4%b9%a0\/\">presente<\/a> ou converter un verbo activo nun pasivo. Moi incrible, non?<\/p>\n\n\n\n<p>Un aspecto m\u00e1is fascinante da gram\u00e1tica \u00e1rabe do que debemos falar \u00e9 <strong>a definici\u00f3n<\/strong> . En ingl\u00e9s, usamos a palabra &#8220;the&#8221; para indicar que un substantivo \u00e9 definido. En \u00e1rabe, este concepto est\u00e1 incrustado na lingua a trav\u00e9s dunha pequena part\u00edcula chamada &#8220;Al-&#8221; que se engade ao comezo dunha palabra. Cando un substantivo vai precedido de &#8220;Al-&#8220;, v\u00f3lvese definido sen ning\u00fan cualificativo adicional. Ent\u00f3n, en lugar de dicir &#8220;a casa \u00e9 grande&#8221; en \u00e1rabe, dir\u00edas &#8220;Al-baytu kabir&#8221;, onde &#8220;Al-baytu&#8221; significa &#8220;a casa&#8221;.<\/p>\n\n\n\n<p><strong>O \u00e1rabe conversacional<\/strong> \u00e9 m\u00e1is din\u00e1mico e flu\u00eddo que o \u00e1rabe formal, como \u00e9 o caso de calquera lingua. Non obstante, dominar os principios fundamentais da gram\u00e1tica \u00e1rabe segue sendo esencial para comprender e apreciar verdadeiramente a lingua. Unha vez que comprendas os patr\u00f3ns ra\u00edz, as formas de x\u00e9nero e as conxugaci\u00f3ns verbais, ser\u00e1 moito m\u00e1is f\u00e1cil reco\u00f1ecer e aprender novas palabras.<\/p>\n\n\n\n<p><strong>Aprender a gram\u00e1tica \u00e1rabe<\/strong> pode parecer desalentador ao principio, pero con persistencia e dedicaci\u00f3n, poder\u00e1s apreciar a beleza deste complexo idioma. Do mesmo xeito que resolver un puzzle complexo ou descifrar un c\u00f3digo cifrado, a recompensa reside na satisfacci\u00f3n de descubrir os misterios da lingua \u00e1rabe e mergullarse na s\u00faa rica cultura, historia e literatura. Ent\u00f3n, a que est\u00e1s esperando? Merg\u00fallate no encantador mundo da gram\u00e1tica \u00e1rabe e descubre por ti mesmo a s\u00faa verdadeira esencia.<\/p>\n<\/div><\/div>\n\r\n<section class=\"learnNavigationSection\">\r\n            \r\n        <a href=\"https:\/\/talkpal.ai\/gl\/aprende-arabe\/\">\r\n            <div class=\"learnNavigationWrapper\">\r\n                <div class=\"learnNavigationContent\">\r\n                    <img decoding=\"async\" src=\"https:\/\/talkpal.ai\/wp-content\/uploads\/2024\/08\/Arabic.jpg\" alt=\"Arabic Flag\">\r\n                    <div>\r\n                        <h4>Sobre a aprendizaxe do \u00e1rabe<\/h4>\r\n                        <p>Descubre todo sobre a gram\u00e1tica \u00e1rabe.<\/p>\r\n                    <\/div>\r\n                <\/div>\r\n            <\/div>\r\n        <\/a>\r\n\r\n        \r\n        <a href=\"https:\/\/talkpal.ai\/gl\/exercicios-de-gramatica-arabe\/\">\r\n            <div class=\"learnNavigationWrapper\">\r\n                <div class=\"learnNavigationContent\">\r\n                    <img decoding=\"async\" src=\"https:\/\/talkpal.ai\/wp-content\/uploads\/2024\/08\/Arabic.jpg\" alt=\"Arabic Flag\">\r\n                    <div>\r\n                        <h4>Exercicio de gram\u00e1tica \u00e1rabe<\/h4>\r\n                        <p>Practica a gram\u00e1tica \u00e1rabe.<\/p>\r\n                    <\/div>\r\n                <\/div>\r\n            <\/div>\r\n        <\/a>\r\n\r\n        \r\n        <a href=\"https:\/\/talkpal.ai\/vocabulary_language\/arabic\/\">\r\n            <div class=\"learnNavigationWrapper\">\r\n                <div class=\"learnNavigationContent\">\r\n                    <img decoding=\"async\" src=\"https:\/\/talkpal.ai\/wp-content\/uploads\/2024\/08\/Arabic.jpg\" alt=\"Arabic Flag\">\r\n                    <div>\r\n                        <h4>Vocabulario \u00e1rabe<\/h4>\r\n                        <p>Ampl\u00eda o teu vocabulario \u00e1rabe.<\/p>\r\n                    <\/div>\r\n                <\/div>\r\n            <\/div>\r\n        <\/a>\r\n\r\n            <\/section>","protected":false},"excerpt":{"rendered":"<p>As complejidades da gram\u00e1tica \u00e1rabe: unha viaxe polas s\u00faas ra\u00edces e beleza Lembras cando comezaches a aprender gram\u00e1tica inglesa? As aparentemente interminables regras, excepci\u00f3ns e terminolox\u00edas poder\u00edan deixarche desbordado \u00e1s veces. Se est\u00e1s pensando en aprender a lingua \u00e1rabe, ten a certeza de que tam\u00e9n ten un sistema gramatical \u00fanico e intrincado. Ent\u00f3n, imos facer [&hellip;]<\/p>\n","protected":false},"author":1,"featured_media":105970,"parent":0,"menu_order":0,"comment_status":"closed","ping_status":"closed","template":"LearningContentPage.php","meta":{"_acf_changed":false,"footnotes":""},"class_list":["post-127903","page","type-page","status-publish","has-post-thumbnail","hentry"],"acf":[],"yoast_head":"<!-- This site is optimized with the Yoast SEO Premium plugin v27.2 (Yoast SEO v27.2) - https:\/\/yoast.com\/product\/yoast-seo-premium-wordpress\/ -->\n<title>Gram\u00e1tica \u00e1rabe - Talkpal<\/title>\n<meta name=\"description\" content=\"Explora as complexidades da gram\u00e1tica \u00e1rabe e descubre a s\u00faa estrutura \u00fanica en comparaci\u00f3n coa gram\u00e1tica inglesa.\" \/>\n<meta name=\"robots\" content=\"index, follow, max-snippet:-1, max-image-preview:large, max-video-preview:-1\" \/>\n<link rel=\"canonical\" href=\"https:\/\/talkpal.ai\/gl\/gramatica-arabe\/\" \/>\n<meta property=\"og:locale\" content=\"gl_ES\" \/>\n<meta property=\"og:type\" content=\"article\" \/>\n<meta property=\"og:title\" content=\"Gram\u00e1tica \u00e1rabe\" \/>\n<meta property=\"og:description\" content=\"As complejidades da gram\u00e1tica \u00e1rabe: unha viaxe polas s\u00faas ra\u00edces e beleza Lembras cando comezaches a aprender gram\u00e1tica inglesa? As aparentemente\" \/>\n<meta property=\"og:url\" content=\"https:\/\/talkpal.ai\/gl\/gramatica-arabe\/\" \/>\n<meta property=\"og:site_name\" content=\"Talkpal\" \/>\n<meta property=\"article:publisher\" content=\"https:\/\/www.facebook.com\/profile.php?id=100090733639311\" \/>\n<meta property=\"article:modified_time\" content=\"2025-05-21T11:48:46+00:00\" \/>\n<meta property=\"og:image\" content=\"https:\/\/talkpal.ai\/wp-content\/uploads\/2023\/04\/arabic-united-arab-emirates.png\" \/>\n\t<meta property=\"og:image:width\" content=\"512\" \/>\n\t<meta property=\"og:image:height\" content=\"512\" \/>\n\t<meta property=\"og:image:type\" content=\"image\/png\" \/>\n<meta name=\"twitter:card\" content=\"summary_large_image\" \/>\n<meta name=\"twitter:site\" content=\"@talkpalai\" \/>\n<meta name=\"twitter:label1\" content=\"Tempo de lectura\" \/>\n\t<meta name=\"twitter:data1\" content=\"3 minutos\" \/>\n<script type=\"application\/ld+json\" class=\"yoast-schema-graph\">{\"@context\":\"https:\/\/schema.org\",\"@graph\":[{\"@type\":\"WebPage\",\"@id\":\"https:\/\/talkpal.ai\/gl\/gramatica-arabe\/\",\"url\":\"https:\/\/talkpal.ai\/gl\/gramatica-arabe\/\",\"name\":\"Gram\u00e1tica \u00e1rabe - Talkpal\",\"isPartOf\":{\"@id\":\"https:\/\/talkpal.ai\/gl\/#website\"},\"primaryImageOfPage\":{\"@id\":\"https:\/\/talkpal.ai\/gl\/gramatica-arabe\/#primaryimage\"},\"image\":{\"@id\":\"https:\/\/talkpal.ai\/gl\/gramatica-arabe\/#primaryimage\"},\"thumbnailUrl\":\"https:\/\/talkpal.ai\/wp-content\/uploads\/2023\/04\/arabic-united-arab-emirates.png\",\"datePublished\":\"2023-05-14T13:43:38+00:00\",\"dateModified\":\"2025-05-21T11:48:46+00:00\",\"description\":\"Explora as complexidades da gram\u00e1tica \u00e1rabe e descubre a s\u00faa estrutura \u00fanica en comparaci\u00f3n coa gram\u00e1tica inglesa.\",\"breadcrumb\":{\"@id\":\"https:\/\/talkpal.ai\/gl\/gramatica-arabe\/#breadcrumb\"},\"inLanguage\":\"gl-ES\",\"potentialAction\":[{\"@type\":\"ReadAction\",\"target\":[\"https:\/\/talkpal.ai\/gl\/gramatica-arabe\/\"]}]},{\"@type\":\"ImageObject\",\"inLanguage\":\"gl-ES\",\"@id\":\"https:\/\/talkpal.ai\/gl\/gramatica-arabe\/#primaryimage\",\"url\":\"https:\/\/talkpal.ai\/wp-content\/uploads\/2023\/04\/arabic-united-arab-emirates.png\",\"contentUrl\":\"https:\/\/talkpal.ai\/wp-content\/uploads\/2023\/04\/arabic-united-arab-emirates.png\",\"width\":512,\"height\":512},{\"@type\":\"BreadcrumbList\",\"@id\":\"https:\/\/talkpal.ai\/gl\/gramatica-arabe\/#breadcrumb\",\"itemListElement\":[{\"@type\":\"ListItem\",\"position\":1,\"name\":\"Homepage\",\"item\":\"https:\/\/talkpal.ai\/gl\/\"},{\"@type\":\"ListItem\",\"position\":2,\"name\":\"Gram\u00e1tica \u00e1rabe\"}]},{\"@type\":\"WebSite\",\"@id\":\"https:\/\/talkpal.ai\/gl\/#website\",\"url\":\"https:\/\/talkpal.ai\/gl\/\",\"name\":\"Talkpal\",\"description\":\"AI Language Learning\",\"publisher\":{\"@id\":\"https:\/\/talkpal.ai\/gl\/#organization\"},\"alternateName\":\"Talkpal AI\",\"potentialAction\":[{\"@type\":\"SearchAction\",\"target\":{\"@type\":\"EntryPoint\",\"urlTemplate\":\"https:\/\/talkpal.ai\/gl\/?s={search_term_string}\"},\"query-input\":{\"@type\":\"PropertyValueSpecification\",\"valueRequired\":true,\"valueName\":\"search_term_string\"}}],\"inLanguage\":\"gl-ES\"},{\"@type\":\"Organization\",\"@id\":\"https:\/\/talkpal.ai\/gl\/#organization\",\"name\":\"Talkpal, Inc.\",\"alternateName\":\"Talkpal AI\",\"url\":\"https:\/\/talkpal.ai\/gl\/\",\"logo\":{\"@type\":\"ImageObject\",\"inLanguage\":\"gl-ES\",\"@id\":\"https:\/\/talkpal.ai\/gl\/#\/schema\/logo\/image\/\",\"url\":\"https:\/\/talkpal.ai\/wp-content\/uploads\/2024\/03\/Talkpal-Logo-Icon.png\",\"contentUrl\":\"https:\/\/talkpal.ai\/wp-content\/uploads\/2024\/03\/Talkpal-Logo-Icon.png\",\"width\":2880,\"height\":2880,\"caption\":\"Talkpal, Inc.\"},\"image\":{\"@id\":\"https:\/\/talkpal.ai\/gl\/#\/schema\/logo\/image\/\"},\"sameAs\":[\"https:\/\/www.facebook.com\/profile.php?id=100090733639311\",\"https:\/\/x.com\/talkpalai\",\"https:\/\/www.linkedin.com\/company\/talkpal\/\",\"https:\/\/www.youtube.com\/@TalkPal\/\",\"https:\/\/www.tiktok.com\/@talkpal\",\"https:\/\/www.instagram.com\/talkpal_ai\/\",\"https:\/\/www.crunchbase.com\/organization\/talkpal-9cde\",\"https:\/\/www.g2.com\/products\/talkpal-for-business\/\",\"https:\/\/www.trustpilot.com\/review\/talkpal.ai\",\"https:\/\/www.capterra.com\/p\/10006800\/TalkPal\/\"],\"description\":\"Talkpal is a language learning web and mobile education app, powered by the latest AI technologies, that provides engaging experiences to its customers in many different languages to help them improve their language skills. Users can chat about unlimited amount of topics with the app and use other modes to practice their language learning.\",\"email\":\"support@talkpal.ai\",\"legalName\":\"Talkpal, Inc.\",\"foundingDate\":\"2023-04-03\",\"duns\":\"118989042\",\"numberOfEmployees\":{\"@type\":\"QuantitativeValue\",\"minValue\":\"11\",\"maxValue\":\"50\"},\"publishingPrinciples\":\"https:\/\/talkpal.ai\/publishing-principles\/\",\"actionableFeedbackPolicy\":\"https:\/\/talkpal.ai\/actionable-feedback-policy\/\",\"correctionsPolicy\":\"https:\/\/talkpal.ai\/corrections-policy\/\",\"ethicsPolicy\":\"https:\/\/talkpal.ai\/ethics-policy\/\",\"diversityPolicy\":\"https:\/\/talkpal.ai\/diversity-policy\/\",\"diversityStaffingReport\":\"https:\/\/talkpal.ai\/diversity-policy\/\"}]}<\/script>\n<!-- \/ Yoast SEO Premium plugin. -->","yoast_head_json":{"title":"Gram\u00e1tica \u00e1rabe - Talkpal","description":"Explora as complexidades da gram\u00e1tica \u00e1rabe e descubre a s\u00faa estrutura \u00fanica en comparaci\u00f3n coa gram\u00e1tica inglesa.","robots":{"index":"index","follow":"follow","max-snippet":"max-snippet:-1","max-image-preview":"max-image-preview:large","max-video-preview":"max-video-preview:-1"},"canonical":"https:\/\/talkpal.ai\/gl\/gramatica-arabe\/","og_locale":"gl_ES","og_type":"article","og_title":"Gram\u00e1tica \u00e1rabe","og_description":"As complejidades da gram\u00e1tica \u00e1rabe: unha viaxe polas s\u00faas ra\u00edces e beleza Lembras cando comezaches a aprender gram\u00e1tica inglesa? As aparentemente","og_url":"https:\/\/talkpal.ai\/gl\/gramatica-arabe\/","og_site_name":"Talkpal","article_publisher":"https:\/\/www.facebook.com\/profile.php?id=100090733639311","article_modified_time":"2025-05-21T11:48:46+00:00","og_image":[{"width":512,"height":512,"url":"https:\/\/talkpal.ai\/wp-content\/uploads\/2023\/04\/arabic-united-arab-emirates.png","type":"image\/png"}],"twitter_card":"summary_large_image","twitter_site":"@talkpalai","twitter_misc":{"Tempo de lectura":"3 minutos"},"schema":{"@context":"https:\/\/schema.org","@graph":[{"@type":"WebPage","@id":"https:\/\/talkpal.ai\/gl\/gramatica-arabe\/","url":"https:\/\/talkpal.ai\/gl\/gramatica-arabe\/","name":"Gram\u00e1tica \u00e1rabe - Talkpal","isPartOf":{"@id":"https:\/\/talkpal.ai\/gl\/#website"},"primaryImageOfPage":{"@id":"https:\/\/talkpal.ai\/gl\/gramatica-arabe\/#primaryimage"},"image":{"@id":"https:\/\/talkpal.ai\/gl\/gramatica-arabe\/#primaryimage"},"thumbnailUrl":"https:\/\/talkpal.ai\/wp-content\/uploads\/2023\/04\/arabic-united-arab-emirates.png","datePublished":"2023-05-14T13:43:38+00:00","dateModified":"2025-05-21T11:48:46+00:00","description":"Explora as complexidades da gram\u00e1tica \u00e1rabe e descubre a s\u00faa estrutura \u00fanica en comparaci\u00f3n coa gram\u00e1tica inglesa.","breadcrumb":{"@id":"https:\/\/talkpal.ai\/gl\/gramatica-arabe\/#breadcrumb"},"inLanguage":"gl-ES","potentialAction":[{"@type":"ReadAction","target":["https:\/\/talkpal.ai\/gl\/gramatica-arabe\/"]}]},{"@type":"ImageObject","inLanguage":"gl-ES","@id":"https:\/\/talkpal.ai\/gl\/gramatica-arabe\/#primaryimage","url":"https:\/\/talkpal.ai\/wp-content\/uploads\/2023\/04\/arabic-united-arab-emirates.png","contentUrl":"https:\/\/talkpal.ai\/wp-content\/uploads\/2023\/04\/arabic-united-arab-emirates.png","width":512,"height":512},{"@type":"BreadcrumbList","@id":"https:\/\/talkpal.ai\/gl\/gramatica-arabe\/#breadcrumb","itemListElement":[{"@type":"ListItem","position":1,"name":"Homepage","item":"https:\/\/talkpal.ai\/gl\/"},{"@type":"ListItem","position":2,"name":"Gram\u00e1tica \u00e1rabe"}]},{"@type":"WebSite","@id":"https:\/\/talkpal.ai\/gl\/#website","url":"https:\/\/talkpal.ai\/gl\/","name":"Talkpal","description":"AI Language Learning","publisher":{"@id":"https:\/\/talkpal.ai\/gl\/#organization"},"alternateName":"Talkpal AI","potentialAction":[{"@type":"SearchAction","target":{"@type":"EntryPoint","urlTemplate":"https:\/\/talkpal.ai\/gl\/?s={search_term_string}"},"query-input":{"@type":"PropertyValueSpecification","valueRequired":true,"valueName":"search_term_string"}}],"inLanguage":"gl-ES"},{"@type":"Organization","@id":"https:\/\/talkpal.ai\/gl\/#organization","name":"Talkpal, Inc.","alternateName":"Talkpal AI","url":"https:\/\/talkpal.ai\/gl\/","logo":{"@type":"ImageObject","inLanguage":"gl-ES","@id":"https:\/\/talkpal.ai\/gl\/#\/schema\/logo\/image\/","url":"https:\/\/talkpal.ai\/wp-content\/uploads\/2024\/03\/Talkpal-Logo-Icon.png","contentUrl":"https:\/\/talkpal.ai\/wp-content\/uploads\/2024\/03\/Talkpal-Logo-Icon.png","width":2880,"height":2880,"caption":"Talkpal, Inc."},"image":{"@id":"https:\/\/talkpal.ai\/gl\/#\/schema\/logo\/image\/"},"sameAs":["https:\/\/www.facebook.com\/profile.php?id=100090733639311","https:\/\/x.com\/talkpalai","https:\/\/www.linkedin.com\/company\/talkpal\/","https:\/\/www.youtube.com\/@TalkPal\/","https:\/\/www.tiktok.com\/@talkpal","https:\/\/www.instagram.com\/talkpal_ai\/","https:\/\/www.crunchbase.com\/organization\/talkpal-9cde","https:\/\/www.g2.com\/products\/talkpal-for-business\/","https:\/\/www.trustpilot.com\/review\/talkpal.ai","https:\/\/www.capterra.com\/p\/10006800\/TalkPal\/"],"description":"Talkpal is a language learning web and mobile education app, powered by the latest AI technologies, that provides engaging experiences to its customers in many different languages to help them improve their language skills. Users can chat about unlimited amount of topics with the app and use other modes to practice their language learning.","email":"support@talkpal.ai","legalName":"Talkpal, Inc.","foundingDate":"2023-04-03","duns":"118989042","numberOfEmployees":{"@type":"QuantitativeValue","minValue":"11","maxValue":"50"},"publishingPrinciples":"https:\/\/talkpal.ai\/publishing-principles\/","actionableFeedbackPolicy":"https:\/\/talkpal.ai\/actionable-feedback-policy\/","correctionsPolicy":"https:\/\/talkpal.ai\/corrections-policy\/","ethicsPolicy":"https:\/\/talkpal.ai\/ethics-policy\/","diversityPolicy":"https:\/\/talkpal.ai\/diversity-policy\/","diversityStaffingReport":"https:\/\/talkpal.ai\/diversity-policy\/"}]}},"_links":{"self":[{"href":"https:\/\/talkpal.ai\/gl\/wp-json\/wp\/v2\/pages\/127903","targetHints":{"allow":["GET"]}}],"collection":[{"href":"https:\/\/talkpal.ai\/gl\/wp-json\/wp\/v2\/pages"}],"about":[{"href":"https:\/\/talkpal.ai\/gl\/wp-json\/wp\/v2\/types\/page"}],"author":[{"embeddable":true,"href":"https:\/\/talkpal.ai\/gl\/wp-json\/wp\/v2\/users\/1"}],"replies":[{"embeddable":true,"href":"https:\/\/talkpal.ai\/gl\/wp-json\/wp\/v2\/comments?post=127903"}],"version-history":[{"count":0,"href":"https:\/\/talkpal.ai\/gl\/wp-json\/wp\/v2\/pages\/127903\/revisions"}],"wp:featuredmedia":[{"embeddable":true,"href":"https:\/\/talkpal.ai\/gl\/wp-json\/wp\/v2\/media\/105970"}],"wp:attachment":[{"href":"https:\/\/talkpal.ai\/gl\/wp-json\/wp\/v2\/media?parent=127903"}],"curies":[{"name":"wp","href":"https:\/\/api.w.org\/{rel}","templated":true}]}}