{"id":126881,"date":"2023-03-26T12:27:22","date_gmt":"2023-03-26T12:27:22","guid":{"rendered":"http:\/\/talkpal.ai\/gramatica-italiana\/"},"modified":"2025-05-22T18:44:30","modified_gmt":"2025-05-22T18:44:30","slug":"gramatica-italiana","status":"publish","type":"page","link":"https:\/\/talkpal.ai\/gl\/gramatica-italiana\/","title":{"rendered":"Gram\u00e1tica italiana"},"content":{"rendered":"\r\n\r\n\r\n<section class=\"languageChallengeSection\">\r\n    <div class=\"languageInfoWrapper\">\r\n        \r\n        <h1>Gram\u00e1tica italiana<\/h1>\r\n        <p>Descubra os fundamentos da lingua italiana aprendendo as s\u00faas regras gramaticais esenciais. Dominar a <a href=\"https:\/\/talkpal.ai\/pt-pt\/o-que-ha-de-especial-na-gramatica-italiana\/\">gram\u00e1tica italiana<\/a> axudarache a expresarte con confianza e a conectar m\u00e1is profundamente coa rica cultura italiana. Comeza a aprender gram\u00e1tica italiana hoxe mesmo e d\u00e1 o teu primeiro paso cara \u00e1 fluidez!<\/p>\r\n\r\n                            <a class=\"getStartedHidden\" href=\"https:\/\/app.talkpal.ai\/signup?lng=\">Empeza<\/a>\r\n        \r\n    <\/div>\r\n\r\n    <figure>\r\n    <img decoding=\"async\" width=\"768\" height=\"768\" src=\"https:\/\/talkpal.ai\/wp-content\/uploads\/2023\/06\/italian-768x768.png\" class=\"languageImage no-lazy\" alt=\"Language learning for increased memory capacity\" fetchpriority=\"high\" sizes=\"(max-width: 768px) 150px, 768px\" srcset=\"https:\/\/talkpal.ai\/wp-content\/uploads\/2023\/06\/italian-768x768.png 768w, https:\/\/talkpal.ai\/wp-content\/uploads\/2023\/06\/italian-300x300.png 300w\" \/>\r\n    \r\n\r\n    <\/figure>\r\n\r\n            <a class=\"getStartedVisible\" href=\"https:\/\/app.talkpal.ai\/signup?lng=\">Empeza<\/a>\r\n    \r\n<\/section>\r\n<section class=\"promotionalBanner\">\r\n    <p class=\"promotionalText\">A forma m\u00e1is eficaz de aprender un idioma<\/p>\r\n    <a class=\"promotionalLink\" href=\"https:\/\/app.talkpal.ai\/signup?lng=\">Proba Talkpal de balde<\/a>\r\n<\/section>\n<div class=\"wp-block-group pageContainerStyle\"><div class=\"wp-block-group__inner-container is-layout-constrained wp-block-group-is-layout-constrained\">\n<h2 class=\"wp-block-heading\" id=\"h-mastering-the-art-of-italian-grammar-your-ultimate-guide\">Dominando a arte da gram\u00e1tica italiana: a t\u00faa gu\u00eda definitiva<\/h2>\n\n\n\n<p>\u00a1Ciao, afeccionados \u00e1 lingua! Preparado para mergullarse de cabeza no mundo da gram\u00e1tica italiana? Chegaches ao lugar indicado. Cheo de informaci\u00f3n f\u00e1cil de dixerir e de ton conversacional, este artigo guiarache polo fascinante (e \u00e1s veces complicado) mundo da gram\u00e1tica italiana <a href=\"https:\/\/talkpal.ai\/culture\/how-do-i-use-para-que-correctly\/\">para que<\/a> poidas constru\u00edr frases con confianza e manter conversas significativas con falantes nativos. Ent\u00f3n, abr\u00f3chate o cintur\u00f3n e comezamos!<\/p>\n\n\n\n<h3 class=\"wp-block-heading\" id=\"h-but-first-why-italian-grammar\">Pero primeiro, por que a gram\u00e1tica italiana?<\/h3>\n\n\n\n<p>Se est\u00e1s aprendendo <a href=\"https:\/\/talkpal.ai\/learn-italian\/\">italiano<\/a>, unha base s\u00f3lida na gram\u00e1tica \u00e9 fundamental para falar, ler e escribir con fluidez. A gram\u00e1tica italiana pode parecer complexa ao principio, pero \u00e9 relativamente sinxela unha vez que a divides en pezas m\u00e1is pequenas e m\u00e1is manexables. Ent\u00f3n, imos <a href=\"https:\/\/talkpal.ai\/ko\/ai-%ec%96%b8%ec%96%b4-%ea%b5%90%ec%82%ac\/\">comezar<\/a> a s\u00faa viaxe para dominar a gram\u00e1tica italiana!<\/p>\n\n\n\n<h3 class=\"wp-block-heading\" id=\"h-1-nouns-articles-and-gender\">1. Substantivos, artigos e x\u00e9nero<\/h3>\n\n\n\n<p>Os substantivos italianos ve\u00f1en en dous x\u00e9neros: masculino e feminino. A diferenza do <a href=\"https:\/\/talkpal.ai\/es\/locations\/aprende-ingles-en-orange\/\">ingl\u00e9s<\/a>, onde o x\u00e9nero do substantivo \u00e9 irrelevante, o italiano require o x\u00e9nero correcto para a correcta construci\u00f3n da frase. Podes adivi\u00f1ar o x\u00e9nero de substantivos <a href=\"https:\/\/talkpal.ai\/locations\/language-courses-in-como\/\">como<\/a> &#8220;tavolo&#8221; (mesa) ou &#8220;casa&#8221; (casa)? Se adivi\u00f1aches masculino para &#8220;tavolo&#8221; e feminino para &#8220;casa&#8221;, bravo!<\/p>\n\n\n\n<p>En italiano, os substantivos adoitan rematar con \u201c-o\u201d para masculino e \u201c-a\u201d para feminino. Hai excepci\u00f3ns (algunhas palabras rematan en &#8220;-e&#8221; e poden ser de calquera x\u00e9nero), pero de momento, te\u00f1amos <a href=\"https:\/\/talkpal.ai\/zh-hans\/grammar_exercises\/presente-%e8%a5%bf%e7%8f%ad%e7%89%99%e8%af%ad%e6%b3%95%e7%bb%83%e4%b9%a0\/\">presente<\/a> este principio b\u00e1sico.<\/p>\n\n\n\n<p>Agora, imos falar de artigos. Do mesmo xeito que en ingl\u00e9s, necesitamos artigos antes dos substantivos. O italiano ten artigos definidos (il, lo, la, i, gli, le) e indefinidos (un, uno, una).<\/p>\n\n\n\n<p>Ent\u00f3n, como eliximos que artigo definido usar?<\/p>\n\n\n\n<p>\u2013 \u201cil\u201d e \u201ci\u201d para substantivos masculinos que comezan cunha consoante, por exemplo, il libro (o libro), i libri (os libros)<br\/>\u2013 \u201clo\u201d e \u201cgli\u201d para substantivos masculinos que comezan por \u201cs\u201d seguido dunha consoante, unha vogal (excepto \u201cu\u201d) ou unha \u201cz\u201d, por exemplo, lo studente (o estudante), gli studenti (o estudantes)<br\/>\u2013 \u201cla\u201d e \u201cle\u201d para substantivos femininos, por exemplo, la casa (a casa), le case (as casas)<\/p>\n\n\n\n<h3 class=\"wp-block-heading\" id=\"h-2-adjectives-and-agreement\">2. Adxectivos e acordo<\/h3>\n\n\n\n<p>Os adxectivos en italiano deben concordar co substantivo que modifican en x\u00e9nero e n\u00famero. Por exemplo, para describir unha pizza deliciosa, dir\u00edas &#8220;una pizza deliziosa&#8221; e non &#8220;delizioso&#8221;. Lembre, o adxectivo adoita seguir o substantivo en italiano.<\/p>\n\n\n\n<h3 class=\"wp-block-heading\" id=\"h-3-verbs-tense-and-conjugation\">3. Verbos, tempo e conxugaci\u00f3n<\/h3>\n\n\n\n<p>Os verbos italianos son unha parte importante da gram\u00e1tica. Hai tres categor\u00edas de verbos (-are, -ere e -ire) e toneladas de verbos irregulares, as\u00ed que temos o noso traballo preparado para n\u00f3s! Para darche unha visi\u00f3n xeral r\u00e1pida, imos cubrir o tempo presente dos verbos regulares.<\/p>\n\n\n\n<p>\u2013 verbos \u201c-are\u201d: p.ex., parlare (falar): io parlo, tu parli, lui\/lei parla, noi parliamo, voi parlate, loro parlano<br\/>\u2013 Verbos \u201c-ere\u201d: p.ex., leggere (leer): io leggo, tu leggi, lui\/lei legge, noi leggiamo, voi leggete, loro leggono<br\/>\u2013 Verbos \u201c-ire\u201d: p.ex., finire (acabar): io finisco, tu finisci, lui\/lei finisce, noi finiamo, voi finite, loro finiscono<\/p>\n\n\n\n<p>Ten en conta que esta \u00e9 s\u00f3 a punta do iceberg! Hai moitos outros tempos e verbos irregulares que aprender, pero cada viaxe comeza cun s\u00f3 paso.<\/p>\n\n\n\n<h3 class=\"wp-block-heading\" id=\"h-4-prepositions-pronouns-and-more\">4. Preposici\u00f3ns, pronomes e moito m\u00e1is!<\/h3>\n\n\n\n<p>A gram\u00e1tica italiana ten moitos outros compo\u00f1entes como preposici\u00f3ns (di, a, da, in, su, etc.), pronomes (io, tu, lui\/lei, etc.), verbos reflexivos e expresi\u00f3ns idiom\u00e1ticas. Cada compo\u00f1ente \u00e9 clave para desbloquear a t\u00faa fluidez, as\u00ed que t\u00f3mao un paso \u00e1 vez.<\/p>\n\n\n\n<p>En conclusi\u00f3n, non hai atallo para dominar a gram\u00e1tica italiana. Require persistencia, pr\u00e1ctica e paciencia. Pero unha vez que o aprendas, poder\u00e1s experimentar a beleza de conversar en italiano, descubrir a rica cultura e historia e profundizar no teu aprecio pola lingua. Boa sorte!<\/p>\n<\/div><\/div>\n\r\n<section class=\"learnNavigationSection\">\r\n            \r\n        <a href=\"https:\/\/talkpal.ai\/gl\/aprende-italiano\/\">\r\n            <div class=\"learnNavigationWrapper\">\r\n                <div class=\"learnNavigationContent\">\r\n                    <img decoding=\"async\" src=\"https:\/\/talkpal.ai\/wp-content\/uploads\/2024\/08\/Italian.jpg\" alt=\"Italian Flag\">\r\n                    <div>\r\n                        <h4>Sobre a aprendizaxe do italiano<\/h4>\r\n                        <p>Descubre todo sobre a gram\u00e1tica italiana.<\/p>\r\n                    <\/div>\r\n                <\/div>\r\n            <\/div>\r\n        <\/a>\r\n\r\n        \r\n        <a href=\"https:\/\/talkpal.ai\/gl\/exercicios-de-gramatica-italiana\/\">\r\n            <div class=\"learnNavigationWrapper\">\r\n                <div class=\"learnNavigationContent\">\r\n                    <img decoding=\"async\" src=\"https:\/\/talkpal.ai\/wp-content\/uploads\/2024\/08\/Italian.jpg\" alt=\"Italian Flag\">\r\n                    <div>\r\n                        <h4>Exercicio de gram\u00e1tica italiana<\/h4>\r\n                        <p>Practica a gram\u00e1tica italiana.<\/p>\r\n                    <\/div>\r\n                <\/div>\r\n            <\/div>\r\n        <\/a>\r\n\r\n        \r\n        <a href=\"https:\/\/talkpal.ai\/vocabulary_language\/italian\/\">\r\n            <div class=\"learnNavigationWrapper\">\r\n                <div class=\"learnNavigationContent\">\r\n                    <img decoding=\"async\" src=\"https:\/\/talkpal.ai\/wp-content\/uploads\/2024\/08\/Italian.jpg\" alt=\"Italian Flag\">\r\n                    <div>\r\n                        <h4>Vocabulario italiano<\/h4>\r\n                        <p>Ampl\u00eda o teu vocabulario italiano.<\/p>\r\n                    <\/div>\r\n                <\/div>\r\n            <\/div>\r\n        <\/a>\r\n\r\n            <\/section>","protected":false},"excerpt":{"rendered":"<p>Dominando a arte da gram\u00e1tica italiana: a t\u00faa gu\u00eda definitiva \u00a1Ciao, afeccionados \u00e1 lingua! Preparado para mergullarse de cabeza no mundo da gram\u00e1tica italiana? Chegaches ao lugar indicado. Cheo de informaci\u00f3n f\u00e1cil de dixerir e de ton conversacional, este artigo guiarache polo fascinante (e \u00e1s veces complicado) mundo da gram\u00e1tica italiana para que poidas constru\u00edr [&hellip;]<\/p>\n","protected":false},"author":1,"featured_media":76288,"parent":0,"menu_order":0,"comment_status":"closed","ping_status":"closed","template":"LearningContentPage.php","meta":{"_acf_changed":false,"footnotes":""},"class_list":["post-126881","page","type-page","status-publish","has-post-thumbnail","hentry"],"acf":[],"yoast_head":"<!-- This site is optimized with the Yoast SEO Premium plugin v27.2 (Yoast SEO v27.2) - https:\/\/yoast.com\/product\/yoast-seo-premium-wordpress\/ -->\n<title>Gram\u00e1tica italiana - Talkpal<\/title>\n<meta name=\"description\" content=\"Aprende gram\u00e1tica italiana facilmente: practica con claridade, comprende as regras e fala mellor coa gu\u00eda sinxela de Talkpal AI.\" \/>\n<meta name=\"robots\" content=\"index, follow, max-snippet:-1, max-image-preview:large, max-video-preview:-1\" \/>\n<link rel=\"canonical\" href=\"https:\/\/talkpal.ai\/gl\/gramatica-italiana\/\" \/>\n<meta property=\"og:locale\" content=\"gl_ES\" \/>\n<meta property=\"og:type\" content=\"article\" \/>\n<meta property=\"og:title\" content=\"Gram\u00e1tica italiana\" \/>\n<meta property=\"og:description\" content=\"Dominando a arte da gram\u00e1tica italiana: a t\u00faa gu\u00eda definitiva \u00a1Ciao, afeccionados \u00e1 lingua! Preparado para mergullarse de cabeza no mundo da gram\u00e1tica\" \/>\n<meta property=\"og:url\" content=\"https:\/\/talkpal.ai\/gl\/gramatica-italiana\/\" \/>\n<meta property=\"og:site_name\" content=\"Talkpal\" \/>\n<meta property=\"article:publisher\" content=\"https:\/\/www.facebook.com\/profile.php?id=100090733639311\" \/>\n<meta property=\"article:modified_time\" content=\"2025-05-22T18:44:30+00:00\" \/>\n<meta property=\"og:image\" content=\"https:\/\/talkpal.ai\/wp-content\/uploads\/2023\/03\/italy.png\" \/>\n\t<meta property=\"og:image:width\" content=\"512\" \/>\n\t<meta property=\"og:image:height\" content=\"512\" \/>\n\t<meta property=\"og:image:type\" content=\"image\/png\" \/>\n<meta name=\"twitter:card\" content=\"summary_large_image\" \/>\n<meta name=\"twitter:site\" content=\"@talkpalai\" \/>\n<meta name=\"twitter:label1\" content=\"Tempo de lectura\" \/>\n\t<meta name=\"twitter:data1\" content=\"3 minutos\" \/>\n<script type=\"application\/ld+json\" class=\"yoast-schema-graph\">{\"@context\":\"https:\/\/schema.org\",\"@graph\":[{\"@type\":\"WebPage\",\"@id\":\"https:\/\/talkpal.ai\/gl\/gramatica-italiana\/\",\"url\":\"https:\/\/talkpal.ai\/gl\/gramatica-italiana\/\",\"name\":\"Gram\u00e1tica italiana - Talkpal\",\"isPartOf\":{\"@id\":\"https:\/\/talkpal.ai\/gl\/#website\"},\"primaryImageOfPage\":{\"@id\":\"https:\/\/talkpal.ai\/gl\/gramatica-italiana\/#primaryimage\"},\"image\":{\"@id\":\"https:\/\/talkpal.ai\/gl\/gramatica-italiana\/#primaryimage\"},\"thumbnailUrl\":\"https:\/\/talkpal.ai\/wp-content\/uploads\/2023\/03\/italy.png\",\"datePublished\":\"2023-03-26T12:27:22+00:00\",\"dateModified\":\"2025-05-22T18:44:30+00:00\",\"description\":\"Aprende gram\u00e1tica italiana facilmente: practica con claridade, comprende as regras e fala mellor coa gu\u00eda sinxela de Talkpal AI.\",\"breadcrumb\":{\"@id\":\"https:\/\/talkpal.ai\/gl\/gramatica-italiana\/#breadcrumb\"},\"inLanguage\":\"gl-ES\",\"potentialAction\":[{\"@type\":\"ReadAction\",\"target\":[\"https:\/\/talkpal.ai\/gl\/gramatica-italiana\/\"]}]},{\"@type\":\"ImageObject\",\"inLanguage\":\"gl-ES\",\"@id\":\"https:\/\/talkpal.ai\/gl\/gramatica-italiana\/#primaryimage\",\"url\":\"https:\/\/talkpal.ai\/wp-content\/uploads\/2023\/03\/italy.png\",\"contentUrl\":\"https:\/\/talkpal.ai\/wp-content\/uploads\/2023\/03\/italy.png\",\"width\":512,\"height\":512,\"caption\":\"TalkPal AI learn Italian\"},{\"@type\":\"BreadcrumbList\",\"@id\":\"https:\/\/talkpal.ai\/gl\/gramatica-italiana\/#breadcrumb\",\"itemListElement\":[{\"@type\":\"ListItem\",\"position\":1,\"name\":\"Homepage\",\"item\":\"https:\/\/talkpal.ai\/gl\/\"},{\"@type\":\"ListItem\",\"position\":2,\"name\":\"Gram\u00e1tica italiana\"}]},{\"@type\":\"WebSite\",\"@id\":\"https:\/\/talkpal.ai\/gl\/#website\",\"url\":\"https:\/\/talkpal.ai\/gl\/\",\"name\":\"Talkpal\",\"description\":\"AI Language Learning\",\"publisher\":{\"@id\":\"https:\/\/talkpal.ai\/gl\/#organization\"},\"alternateName\":\"Talkpal AI\",\"potentialAction\":[{\"@type\":\"SearchAction\",\"target\":{\"@type\":\"EntryPoint\",\"urlTemplate\":\"https:\/\/talkpal.ai\/gl\/?s={search_term_string}\"},\"query-input\":{\"@type\":\"PropertyValueSpecification\",\"valueRequired\":true,\"valueName\":\"search_term_string\"}}],\"inLanguage\":\"gl-ES\"},{\"@type\":\"Organization\",\"@id\":\"https:\/\/talkpal.ai\/gl\/#organization\",\"name\":\"Talkpal, Inc.\",\"alternateName\":\"Talkpal AI\",\"url\":\"https:\/\/talkpal.ai\/gl\/\",\"logo\":{\"@type\":\"ImageObject\",\"inLanguage\":\"gl-ES\",\"@id\":\"https:\/\/talkpal.ai\/gl\/#\/schema\/logo\/image\/\",\"url\":\"https:\/\/talkpal.ai\/wp-content\/uploads\/2024\/03\/Talkpal-Logo-Icon.png\",\"contentUrl\":\"https:\/\/talkpal.ai\/wp-content\/uploads\/2024\/03\/Talkpal-Logo-Icon.png\",\"width\":2880,\"height\":2880,\"caption\":\"Talkpal, Inc.\"},\"image\":{\"@id\":\"https:\/\/talkpal.ai\/gl\/#\/schema\/logo\/image\/\"},\"sameAs\":[\"https:\/\/www.facebook.com\/profile.php?id=100090733639311\",\"https:\/\/x.com\/talkpalai\",\"https:\/\/www.linkedin.com\/company\/talkpal\/\",\"https:\/\/www.youtube.com\/@TalkPal\/\",\"https:\/\/www.tiktok.com\/@talkpal\",\"https:\/\/www.instagram.com\/talkpal_ai\/\",\"https:\/\/www.crunchbase.com\/organization\/talkpal-9cde\",\"https:\/\/www.g2.com\/products\/talkpal-for-business\/\",\"https:\/\/www.trustpilot.com\/review\/talkpal.ai\",\"https:\/\/www.capterra.com\/p\/10006800\/TalkPal\/\"],\"description\":\"Talkpal is a language learning web and mobile education app, powered by the latest AI technologies, that provides engaging experiences to its customers in many different languages to help them improve their language skills. Users can chat about unlimited amount of topics with the app and use other modes to practice their language learning.\",\"email\":\"support@talkpal.ai\",\"legalName\":\"Talkpal, Inc.\",\"foundingDate\":\"2023-04-03\",\"duns\":\"118989042\",\"numberOfEmployees\":{\"@type\":\"QuantitativeValue\",\"minValue\":\"11\",\"maxValue\":\"50\"},\"publishingPrinciples\":\"https:\/\/talkpal.ai\/publishing-principles\/\",\"actionableFeedbackPolicy\":\"https:\/\/talkpal.ai\/actionable-feedback-policy\/\",\"correctionsPolicy\":\"https:\/\/talkpal.ai\/corrections-policy\/\",\"ethicsPolicy\":\"https:\/\/talkpal.ai\/ethics-policy\/\",\"diversityPolicy\":\"https:\/\/talkpal.ai\/diversity-policy\/\",\"diversityStaffingReport\":\"https:\/\/talkpal.ai\/diversity-policy\/\"}]}<\/script>\n<!-- \/ Yoast SEO Premium plugin. -->","yoast_head_json":{"title":"Gram\u00e1tica italiana - Talkpal","description":"Aprende gram\u00e1tica italiana facilmente: practica con claridade, comprende as regras e fala mellor coa gu\u00eda sinxela de Talkpal AI.","robots":{"index":"index","follow":"follow","max-snippet":"max-snippet:-1","max-image-preview":"max-image-preview:large","max-video-preview":"max-video-preview:-1"},"canonical":"https:\/\/talkpal.ai\/gl\/gramatica-italiana\/","og_locale":"gl_ES","og_type":"article","og_title":"Gram\u00e1tica italiana","og_description":"Dominando a arte da gram\u00e1tica italiana: a t\u00faa gu\u00eda definitiva \u00a1Ciao, afeccionados \u00e1 lingua! Preparado para mergullarse de cabeza no mundo da gram\u00e1tica","og_url":"https:\/\/talkpal.ai\/gl\/gramatica-italiana\/","og_site_name":"Talkpal","article_publisher":"https:\/\/www.facebook.com\/profile.php?id=100090733639311","article_modified_time":"2025-05-22T18:44:30+00:00","og_image":[{"width":512,"height":512,"url":"https:\/\/talkpal.ai\/wp-content\/uploads\/2023\/03\/italy.png","type":"image\/png"}],"twitter_card":"summary_large_image","twitter_site":"@talkpalai","twitter_misc":{"Tempo de lectura":"3 minutos"},"schema":{"@context":"https:\/\/schema.org","@graph":[{"@type":"WebPage","@id":"https:\/\/talkpal.ai\/gl\/gramatica-italiana\/","url":"https:\/\/talkpal.ai\/gl\/gramatica-italiana\/","name":"Gram\u00e1tica italiana - Talkpal","isPartOf":{"@id":"https:\/\/talkpal.ai\/gl\/#website"},"primaryImageOfPage":{"@id":"https:\/\/talkpal.ai\/gl\/gramatica-italiana\/#primaryimage"},"image":{"@id":"https:\/\/talkpal.ai\/gl\/gramatica-italiana\/#primaryimage"},"thumbnailUrl":"https:\/\/talkpal.ai\/wp-content\/uploads\/2023\/03\/italy.png","datePublished":"2023-03-26T12:27:22+00:00","dateModified":"2025-05-22T18:44:30+00:00","description":"Aprende gram\u00e1tica italiana facilmente: practica con claridade, comprende as regras e fala mellor coa gu\u00eda sinxela de Talkpal AI.","breadcrumb":{"@id":"https:\/\/talkpal.ai\/gl\/gramatica-italiana\/#breadcrumb"},"inLanguage":"gl-ES","potentialAction":[{"@type":"ReadAction","target":["https:\/\/talkpal.ai\/gl\/gramatica-italiana\/"]}]},{"@type":"ImageObject","inLanguage":"gl-ES","@id":"https:\/\/talkpal.ai\/gl\/gramatica-italiana\/#primaryimage","url":"https:\/\/talkpal.ai\/wp-content\/uploads\/2023\/03\/italy.png","contentUrl":"https:\/\/talkpal.ai\/wp-content\/uploads\/2023\/03\/italy.png","width":512,"height":512,"caption":"TalkPal AI learn Italian"},{"@type":"BreadcrumbList","@id":"https:\/\/talkpal.ai\/gl\/gramatica-italiana\/#breadcrumb","itemListElement":[{"@type":"ListItem","position":1,"name":"Homepage","item":"https:\/\/talkpal.ai\/gl\/"},{"@type":"ListItem","position":2,"name":"Gram\u00e1tica italiana"}]},{"@type":"WebSite","@id":"https:\/\/talkpal.ai\/gl\/#website","url":"https:\/\/talkpal.ai\/gl\/","name":"Talkpal","description":"AI Language Learning","publisher":{"@id":"https:\/\/talkpal.ai\/gl\/#organization"},"alternateName":"Talkpal AI","potentialAction":[{"@type":"SearchAction","target":{"@type":"EntryPoint","urlTemplate":"https:\/\/talkpal.ai\/gl\/?s={search_term_string}"},"query-input":{"@type":"PropertyValueSpecification","valueRequired":true,"valueName":"search_term_string"}}],"inLanguage":"gl-ES"},{"@type":"Organization","@id":"https:\/\/talkpal.ai\/gl\/#organization","name":"Talkpal, Inc.","alternateName":"Talkpal AI","url":"https:\/\/talkpal.ai\/gl\/","logo":{"@type":"ImageObject","inLanguage":"gl-ES","@id":"https:\/\/talkpal.ai\/gl\/#\/schema\/logo\/image\/","url":"https:\/\/talkpal.ai\/wp-content\/uploads\/2024\/03\/Talkpal-Logo-Icon.png","contentUrl":"https:\/\/talkpal.ai\/wp-content\/uploads\/2024\/03\/Talkpal-Logo-Icon.png","width":2880,"height":2880,"caption":"Talkpal, Inc."},"image":{"@id":"https:\/\/talkpal.ai\/gl\/#\/schema\/logo\/image\/"},"sameAs":["https:\/\/www.facebook.com\/profile.php?id=100090733639311","https:\/\/x.com\/talkpalai","https:\/\/www.linkedin.com\/company\/talkpal\/","https:\/\/www.youtube.com\/@TalkPal\/","https:\/\/www.tiktok.com\/@talkpal","https:\/\/www.instagram.com\/talkpal_ai\/","https:\/\/www.crunchbase.com\/organization\/talkpal-9cde","https:\/\/www.g2.com\/products\/talkpal-for-business\/","https:\/\/www.trustpilot.com\/review\/talkpal.ai","https:\/\/www.capterra.com\/p\/10006800\/TalkPal\/"],"description":"Talkpal is a language learning web and mobile education app, powered by the latest AI technologies, that provides engaging experiences to its customers in many different languages to help them improve their language skills. Users can chat about unlimited amount of topics with the app and use other modes to practice their language learning.","email":"support@talkpal.ai","legalName":"Talkpal, Inc.","foundingDate":"2023-04-03","duns":"118989042","numberOfEmployees":{"@type":"QuantitativeValue","minValue":"11","maxValue":"50"},"publishingPrinciples":"https:\/\/talkpal.ai\/publishing-principles\/","actionableFeedbackPolicy":"https:\/\/talkpal.ai\/actionable-feedback-policy\/","correctionsPolicy":"https:\/\/talkpal.ai\/corrections-policy\/","ethicsPolicy":"https:\/\/talkpal.ai\/ethics-policy\/","diversityPolicy":"https:\/\/talkpal.ai\/diversity-policy\/","diversityStaffingReport":"https:\/\/talkpal.ai\/diversity-policy\/"}]}},"_links":{"self":[{"href":"https:\/\/talkpal.ai\/gl\/wp-json\/wp\/v2\/pages\/126881","targetHints":{"allow":["GET"]}}],"collection":[{"href":"https:\/\/talkpal.ai\/gl\/wp-json\/wp\/v2\/pages"}],"about":[{"href":"https:\/\/talkpal.ai\/gl\/wp-json\/wp\/v2\/types\/page"}],"author":[{"embeddable":true,"href":"https:\/\/talkpal.ai\/gl\/wp-json\/wp\/v2\/users\/1"}],"replies":[{"embeddable":true,"href":"https:\/\/talkpal.ai\/gl\/wp-json\/wp\/v2\/comments?post=126881"}],"version-history":[{"count":0,"href":"https:\/\/talkpal.ai\/gl\/wp-json\/wp\/v2\/pages\/126881\/revisions"}],"wp:featuredmedia":[{"embeddable":true,"href":"https:\/\/talkpal.ai\/gl\/wp-json\/wp\/v2\/media\/76288"}],"wp:attachment":[{"href":"https:\/\/talkpal.ai\/gl\/wp-json\/wp\/v2\/media?parent=126881"}],"curies":[{"name":"wp","href":"https:\/\/api.w.org\/{rel}","templated":true}]}}