{"id":124381,"date":"2023-03-26T11:55:54","date_gmt":"2023-03-26T11:55:54","guid":{"rendered":"http:\/\/talkpal.ai\/gramatica-espanola\/"},"modified":"2025-05-22T18:51:14","modified_gmt":"2025-05-22T18:51:14","slug":"gramatica-espanola","status":"publish","type":"page","link":"https:\/\/talkpal.ai\/gl\/gramatica-espanola\/","title":{"rendered":"Gram\u00e1tica Espa\u00f1ola"},"content":{"rendered":"\r\n\r\n\r\n<section class=\"languageChallengeSection\">\r\n    <div class=\"languageInfoWrapper\">\r\n        \r\n        <h1>Gram\u00e1tica Espa\u00f1ola<\/h1>\r\n        <p>Merg\u00fallate no vibrante mundo do <a href=\"https:\/\/talkpal.ai\/es\/locations\/aprende-espanol-leyendo\/\">espa\u00f1ol<\/a> dominando as s\u00faas regras gramaticais esenciais. Comprender a <a href=\"https:\/\/talkpal.ai\/spanish-grammar\/\">gram\u00e1tica espa\u00f1ola<\/a> axudarache a comunicarte con confianza e a abrir novas conexi\u00f3ns con mill\u00f3ns de falantes en todo o mundo. Comeza a <a href=\"https:\/\/talkpal.ai\/es\/aprender-gramatica-espanola-facil-y-rapido-guia-definitiva-2024\/\">aprender gram\u00e1tica espa\u00f1ola<\/a> hoxe mesmo e d\u00e1 o teu primeiro paso cara \u00e1 fluidez!<\/p>\r\n\r\n                            <a class=\"getStartedHidden\" href=\"https:\/\/app.talkpal.ai\/signup?lng=\">Empeza<\/a>\r\n        \r\n    <\/div>\r\n\r\n    <figure>\r\n    <img decoding=\"async\" width=\"768\" height=\"768\" src=\"https:\/\/talkpal.ai\/wp-content\/uploads\/2023\/06\/Spanish-768x768.png\" class=\"languageImage no-lazy\" alt=\"Practical application of language learning\" fetchpriority=\"high\" sizes=\"(max-width: 768px) 150px, 768px\" srcset=\"https:\/\/talkpal.ai\/wp-content\/uploads\/2023\/06\/Spanish-768x768.png 768w, https:\/\/talkpal.ai\/wp-content\/uploads\/2023\/06\/Spanish-300x300.png 300w\" \/>\r\n    \r\n\r\n    <\/figure>\r\n\r\n            <a class=\"getStartedVisible\" href=\"https:\/\/app.talkpal.ai\/signup?lng=\">Empeza<\/a>\r\n    \r\n<\/section>\r\n<section class=\"promotionalBanner\">\r\n    <p class=\"promotionalText\"><\/p>\r\n    <a class=\"promotionalLink\" href=\"https:\/\/app.talkpal.ai\/signup?lng=\"><\/a>\r\n<\/section>\n<div class=\"wp-block-group pageContainerStyle\"><div class=\"wp-block-group__inner-container is-layout-constrained wp-block-group-is-layout-constrained\">\n<h2 class=\"wp-block-heading\" id=\"h-a-quick-guide-to-learning-spanish-grammar\">Unha gu\u00eda r\u00e1pida para aprender gram\u00e1tica espa\u00f1ola<\/h2>\n\n\n\n<p>Se algunha vez pensaches en aprender un <a href=\"https:\/\/talkpal.ai\/talkpal-new-years-discount\/\">novo<\/a> idioma, hai moitas posibilidades de que o espa\u00f1ol che pase pola cabeza. <a href=\"https:\/\/talkpal.ai\/locations\/language-courses-in-como\/\">Como<\/a> unha das <a href=\"https:\/\/talkpal.ai\/the-10-most-spoken-languages-in-the-world\/\">linguas m\u00e1is faladas<\/a> a nivel mundial, o espa\u00f1ol ofrece numerosos beneficios para o crecemento persoal e profesional. <a href=\"https:\/\/talkpal.ai\/gl\/aprende-espanol\/\">Aprender espa\u00f1ol<\/a> non s\u00f3 che dar\u00e1 acceso a novas culturas sen\u00f3n que tam\u00e9n mellorar\u00e1 as t\u00faas habilidades comunicativas. A\u00ednda que moitas persoas te\u00f1en medo de enredarse nas regras gramaticais, podes respirar aliviado, xa que a gram\u00e1tica espa\u00f1ola \u00e9 relativamente sinxela. Neste artigo, proporcionar\u00e9mosche unha gu\u00eda r\u00e1pida para axudarche a navegar polo apaixonante mundo da gram\u00e1tica espa\u00f1ola <a href=\"https:\/\/talkpal.ai\/locations\/language-courses-in-como\/\">como<\/a> un profesional.<\/p>\n\n\n\n<h3 class=\"wp-block-heading\" id=\"h-1-understanding-spanish-nouns-and-articles\">1. Comprensi\u00f3n de substantivos e artigos espa\u00f1ois<\/h3>\n\n\n\n<p>Os substantivos espa\u00f1ois, como en ingl\u00e9s, \u00fasanse para identificar persoas, lugares, obxectos, ideas e sentimentos. A primeira regra que hai que lembrar sobre os substantivos espa\u00f1ois \u00e9 que te\u00f1en x\u00e9nero. Os substantivos espa\u00f1ois son masculinos ou femininos. Por exemplo, &#8216;libro&#8217; (libro) \u00e9 masculino e &#8216;casa&#8217; (casa) \u00e9 feminino. Moitas veces, os substantivos rematados en &#8220;o&#8221; son masculinos, mentres que os que terminan en &#8220;a&#8221; son femininos.<\/p>\n\n\n\n<p>Os artigos espa\u00f1ois son similares aos ingleses &#8220;the&#8221;, &#8220;a&#8221; ou &#8220;an&#8221;. Son unha parte crucial da lingua xa que deben coincidir co x\u00e9nero e co n\u00famero do substantivo que describen. Hai catro tipos de artigos en castel\u00e1n:<\/p>\n\n\n\n<p><strong>\u2013 Artigos definidos:<\/strong> el (o masculino singular), la (o feminino singular), los (o masculino plural) e las (o feminino plural).<br\/><strong>\u2013 Artigos indefinidos:<\/strong> un (a\/an masculino singular), unha (a\/an feminino singular), unos (alg\u00fan masculino plural) e unas (alg\u00fan feminino plural).<\/p>\n\n\n\n<h3 class=\"wp-block-heading\" id=\"h-2-slaying-spanish-verbs-conjugation-and-tenses\">2. Matar verbos espa\u00f1ois: conxugaci\u00f3n e tempos<\/h3>\n\n\n\n<p>Un dos aspectos m\u00e1is importantes da aprendizaxe da gram\u00e1tica espa\u00f1ola \u00e9 comprender a conxugaci\u00f3n de verbos. A conxugaci\u00f3n significa simplemente alterar a forma ra\u00edz do verbo para que coincida co suxeito e o tempo. Por exemplo, en castel\u00e1n, dis &#8216;Yo como&#8217; (como) e &#8216;\u00e9l come&#8217; (el come). Te\u00f1a en conta que o verbo comer (comer) cambia de forma cando cambia de suxeito.<\/p>\n\n\n\n<p><strong>Alg\u00fans verbos regulares com\u00fans en espa\u00f1ol incl\u00faen:<\/strong><\/p>\n\n\n\n<p>\u2013 Verbos AR: falar (falar), amar (amar) e bailar (bailar).<br\/>\u2013 Verbos ER: comer (comer), aprender (aprender) e vender (vender).<br\/>\u2013 Verbos IR: vivir (vivir), escribir (escribir) e descubrir (descubrir).<\/p>\n\n\n\n<p>Do mesmo xeito que en ingl\u00e9s, o espa\u00f1ol ten varios tempos verbais para indicar o momento en que ocorre unha acci\u00f3n. As m\u00e1is fundamentais son:<\/p>\n\n\n\n<p><strong>\u2013 Presente<\/strong><br\/><strong>\u2013 Pret\u00e9rito<\/strong><br\/><strong>\u2013 Imperfecto<\/strong><br\/><strong>\u2013 Futuro<\/strong><br\/><strong>&#8211; Condicional<\/strong><br\/><strong>&#8211; Presente de subxuntivo<\/strong><br\/><strong>\u2013 Imperfecto de subxuntivo<\/strong><\/p>\n\n\n\n<p>Non te preocupes por aprender todos os tempos verbais \u00e1 vez. Afrontalos un a un e practica ata que esteas c\u00f3modo us\u00e1ndoos.<\/p>\n\n\n\n<h3 class=\"wp-block-heading\" id=\"h-3-creating-sentences-with-spanish-adjectives-and-adverbs\">3. Creaci\u00f3n de oraci\u00f3ns con adxectivos e adverbios espa\u00f1ois<\/h3>\n\n\n\n<p>Os adxectivos e os adverbios xogan un papel esencial para condimentar as t\u00faas frases en castel\u00e1n. Os adxectivos describen calidades ou caracter\u00edsticas dos substantivos, mentres que os adverbios describen acci\u00f3ns ou verbos. En castel\u00e1n, os adxectivos deben concordar co substantivo que describen, tanto en x\u00e9nero como en n\u00famero.<\/p>\n\n\n\n<p>Unha diferenza fundamental entre espa\u00f1ol e ingl\u00e9s \u00e9 a orde dos adxectivos. Os adxectivos espa\u00f1ois adoitan ir despois do substantivo, por exemplo, &#8216;un coche rojo&#8217; (un coche vermello).<\/p>\n\n\n\n<p>Os adverbios espa\u00f1ois, pola contra, nunca cambian de x\u00e9nero ou n\u00famero. Do mesmo xeito que en ingl\u00e9s, os adverbios adoitan ir despois do verbo que modifican, por exemplo, &#8216;Ella habla r\u00e1pidamente&#8217; (She speaks fast).<\/p>\n\n\n\n<h3 class=\"wp-block-heading\" id=\"h-conclusion\">Conclusi\u00f3n<\/h3>\n\n\n\n<p>A gram\u00e1tica espa\u00f1ola non deber\u00eda asustarche! Por suposto, require pr\u00e1ctica, pero seguindo estas simples pautas, estar\u00e1s no cami\u00f1o de converterte nun excepcional falante de espa\u00f1ol. Lembra sempre interactuar coa lingua dun xeito divertido e conversacional, mentres exploras substantivos, verbos, adxectivos e adverbios. Sigue practicando, abraza a cultura e deixa que a t\u00faa viaxe espa\u00f1ola se desenvolva. \u00a1Buena suerte!<\/p>\n<\/div><\/div>\n\r\n<section class=\"learnNavigationSection\">\r\n            \r\n        <a href=\"https:\/\/talkpal.ai\/gl\/aprende-espanol\/\">\r\n            <div class=\"learnNavigationWrapper\">\r\n                <div class=\"learnNavigationContent\">\r\n                    <img decoding=\"async\" src=\"https:\/\/talkpal.ai\/wp-content\/uploads\/2024\/08\/Spanish.jpg\" alt=\"Spanish Flag\">\r\n                    <div>\r\n                        <h4>Sobre a aprendizaxe do espa\u00f1ol<\/h4>\r\n                        <p>Descubre todo sobre a gram\u00e1tica espa\u00f1ola.<\/p>\r\n                    <\/div>\r\n                <\/div>\r\n            <\/div>\r\n        <\/a>\r\n\r\n        \r\n        <a href=\"https:\/\/talkpal.ai\/gl\/exercicios-de-gramatica-espanola\/\">\r\n            <div class=\"learnNavigationWrapper\">\r\n                <div class=\"learnNavigationContent\">\r\n                    <img decoding=\"async\" src=\"https:\/\/talkpal.ai\/wp-content\/uploads\/2024\/08\/Spanish.jpg\" alt=\"Spanish Flag\">\r\n                    <div>\r\n                        <h4>Exercicio de gram\u00e1tica espa\u00f1ola<\/h4>\r\n                        <p>Practica a gram\u00e1tica espa\u00f1ola.<\/p>\r\n                    <\/div>\r\n                <\/div>\r\n            <\/div>\r\n        <\/a>\r\n\r\n        \r\n        <a href=\"https:\/\/talkpal.ai\/vocabulary_language\/spanish\/\">\r\n            <div class=\"learnNavigationWrapper\">\r\n                <div class=\"learnNavigationContent\">\r\n                    <img decoding=\"async\" src=\"https:\/\/talkpal.ai\/wp-content\/uploads\/2024\/08\/Spanish.jpg\" alt=\"Spanish Flag\">\r\n                    <div>\r\n                        <h4>Vocabulario espa\u00f1ol<\/h4>\r\n                        <p>Ampl\u00eda o teu vocabulario espa\u00f1ol.<\/p>\r\n                    <\/div>\r\n                <\/div>\r\n            <\/div>\r\n        <\/a>\r\n\r\n            <\/section>","protected":false},"excerpt":{"rendered":"<p>Unha gu\u00eda r\u00e1pida para aprender gram\u00e1tica espa\u00f1ola Se algunha vez pensaches en aprender un novo idioma, hai moitas posibilidades de que o espa\u00f1ol che pase pola cabeza. Como unha das linguas m\u00e1is faladas a nivel mundial, o espa\u00f1ol ofrece numerosos beneficios para o crecemento persoal e profesional. Aprender espa\u00f1ol non s\u00f3 che dar\u00e1 acceso a [&hellip;]<\/p>\n","protected":false},"author":1,"featured_media":75431,"parent":0,"menu_order":0,"comment_status":"closed","ping_status":"closed","template":"LearningContentPage.php","meta":{"_acf_changed":false,"footnotes":""},"class_list":["post-124381","page","type-page","status-publish","has-post-thumbnail","hentry"],"acf":[],"yoast_head":"<!-- This site is optimized with the Yoast SEO Premium plugin v27.2 (Yoast SEO v27.2) - https:\/\/yoast.com\/product\/yoast-seo-premium-wordpress\/ -->\n<title>Gram\u00e1tica Espa\u00f1ola - Talkpal<\/title>\n<meta name=\"description\" content=\"Mellora as t\u00faas habilidades gramaticais en espa\u00f1ol con exercicios interactivos dese\u00f1ados para todos os niveis de co\u00f1ecemento. Practica o espa\u00f1ol de forma eficaz!\" \/>\n<meta name=\"robots\" content=\"index, follow, max-snippet:-1, max-image-preview:large, max-video-preview:-1\" \/>\n<link rel=\"canonical\" href=\"https:\/\/talkpal.ai\/gl\/gramatica-espanola\/\" \/>\n<meta property=\"og:locale\" content=\"gl_ES\" \/>\n<meta property=\"og:type\" content=\"article\" \/>\n<meta property=\"og:title\" content=\"Gram\u00e1tica Espa\u00f1ola\" \/>\n<meta property=\"og:description\" content=\"Unha gu\u00eda r\u00e1pida para aprender gram\u00e1tica espa\u00f1ola Se algunha vez pensaches en aprender un novo idioma, hai moitas posibilidades de que o espa\u00f1ol che pase\" \/>\n<meta property=\"og:url\" content=\"https:\/\/talkpal.ai\/gl\/gramatica-espanola\/\" \/>\n<meta property=\"og:site_name\" content=\"Talkpal\" \/>\n<meta property=\"article:publisher\" content=\"https:\/\/www.facebook.com\/profile.php?id=100090733639311\" \/>\n<meta property=\"article:modified_time\" content=\"2025-05-22T18:51:14+00:00\" \/>\n<meta property=\"og:image\" content=\"https:\/\/talkpal.ai\/wp-content\/uploads\/2023\/03\/spain.png\" \/>\n\t<meta property=\"og:image:width\" content=\"512\" \/>\n\t<meta property=\"og:image:height\" content=\"512\" \/>\n\t<meta property=\"og:image:type\" content=\"image\/png\" \/>\n<meta name=\"twitter:card\" content=\"summary_large_image\" \/>\n<meta name=\"twitter:site\" content=\"@talkpalai\" \/>\n<meta name=\"twitter:label1\" content=\"Tempo de lectura\" \/>\n\t<meta name=\"twitter:data1\" content=\"3 minutos\" \/>\n<script type=\"application\/ld+json\" class=\"yoast-schema-graph\">{\"@context\":\"https:\/\/schema.org\",\"@graph\":[{\"@type\":\"WebPage\",\"@id\":\"https:\/\/talkpal.ai\/gl\/gramatica-espanola\/\",\"url\":\"https:\/\/talkpal.ai\/gl\/gramatica-espanola\/\",\"name\":\"Gram\u00e1tica Espa\u00f1ola - Talkpal\",\"isPartOf\":{\"@id\":\"https:\/\/talkpal.ai\/gl\/#website\"},\"primaryImageOfPage\":{\"@id\":\"https:\/\/talkpal.ai\/gl\/gramatica-espanola\/#primaryimage\"},\"image\":{\"@id\":\"https:\/\/talkpal.ai\/gl\/gramatica-espanola\/#primaryimage\"},\"thumbnailUrl\":\"https:\/\/talkpal.ai\/wp-content\/uploads\/2023\/03\/spain.png\",\"datePublished\":\"2023-03-26T11:55:54+00:00\",\"dateModified\":\"2025-05-22T18:51:14+00:00\",\"description\":\"Mellora as t\u00faas habilidades gramaticais en espa\u00f1ol con exercicios interactivos dese\u00f1ados para todos os niveis de co\u00f1ecemento. Practica o espa\u00f1ol de forma eficaz!\",\"breadcrumb\":{\"@id\":\"https:\/\/talkpal.ai\/gl\/gramatica-espanola\/#breadcrumb\"},\"inLanguage\":\"gl-ES\",\"potentialAction\":[{\"@type\":\"ReadAction\",\"target\":[\"https:\/\/talkpal.ai\/gl\/gramatica-espanola\/\"]}]},{\"@type\":\"ImageObject\",\"inLanguage\":\"gl-ES\",\"@id\":\"https:\/\/talkpal.ai\/gl\/gramatica-espanola\/#primaryimage\",\"url\":\"https:\/\/talkpal.ai\/wp-content\/uploads\/2023\/03\/spain.png\",\"contentUrl\":\"https:\/\/talkpal.ai\/wp-content\/uploads\/2023\/03\/spain.png\",\"width\":512,\"height\":512,\"caption\":\"TalkPal AI learn Spanish\"},{\"@type\":\"BreadcrumbList\",\"@id\":\"https:\/\/talkpal.ai\/gl\/gramatica-espanola\/#breadcrumb\",\"itemListElement\":[{\"@type\":\"ListItem\",\"position\":1,\"name\":\"Homepage\",\"item\":\"https:\/\/talkpal.ai\/gl\/\"},{\"@type\":\"ListItem\",\"position\":2,\"name\":\"Gram\u00e1tica Espa\u00f1ola\"}]},{\"@type\":\"WebSite\",\"@id\":\"https:\/\/talkpal.ai\/gl\/#website\",\"url\":\"https:\/\/talkpal.ai\/gl\/\",\"name\":\"Talkpal\",\"description\":\"AI Language Learning\",\"publisher\":{\"@id\":\"https:\/\/talkpal.ai\/gl\/#organization\"},\"alternateName\":\"Talkpal AI\",\"potentialAction\":[{\"@type\":\"SearchAction\",\"target\":{\"@type\":\"EntryPoint\",\"urlTemplate\":\"https:\/\/talkpal.ai\/gl\/?s={search_term_string}\"},\"query-input\":{\"@type\":\"PropertyValueSpecification\",\"valueRequired\":true,\"valueName\":\"search_term_string\"}}],\"inLanguage\":\"gl-ES\"},{\"@type\":\"Organization\",\"@id\":\"https:\/\/talkpal.ai\/gl\/#organization\",\"name\":\"Talkpal, Inc.\",\"alternateName\":\"Talkpal AI\",\"url\":\"https:\/\/talkpal.ai\/gl\/\",\"logo\":{\"@type\":\"ImageObject\",\"inLanguage\":\"gl-ES\",\"@id\":\"https:\/\/talkpal.ai\/gl\/#\/schema\/logo\/image\/\",\"url\":\"https:\/\/talkpal.ai\/wp-content\/uploads\/2024\/03\/Talkpal-Logo-Icon.png\",\"contentUrl\":\"https:\/\/talkpal.ai\/wp-content\/uploads\/2024\/03\/Talkpal-Logo-Icon.png\",\"width\":2880,\"height\":2880,\"caption\":\"Talkpal, Inc.\"},\"image\":{\"@id\":\"https:\/\/talkpal.ai\/gl\/#\/schema\/logo\/image\/\"},\"sameAs\":[\"https:\/\/www.facebook.com\/profile.php?id=100090733639311\",\"https:\/\/x.com\/talkpalai\",\"https:\/\/www.linkedin.com\/company\/talkpal\/\",\"https:\/\/www.youtube.com\/@TalkPal\/\",\"https:\/\/www.tiktok.com\/@talkpal\",\"https:\/\/www.instagram.com\/talkpal_ai\/\",\"https:\/\/www.crunchbase.com\/organization\/talkpal-9cde\",\"https:\/\/www.g2.com\/products\/talkpal-for-business\/\",\"https:\/\/www.trustpilot.com\/review\/talkpal.ai\",\"https:\/\/www.capterra.com\/p\/10006800\/TalkPal\/\"],\"description\":\"Talkpal is a language learning web and mobile education app, powered by the latest AI technologies, that provides engaging experiences to its customers in many different languages to help them improve their language skills. Users can chat about unlimited amount of topics with the app and use other modes to practice their language learning.\",\"email\":\"support@talkpal.ai\",\"legalName\":\"Talkpal, Inc.\",\"foundingDate\":\"2023-04-03\",\"duns\":\"118989042\",\"numberOfEmployees\":{\"@type\":\"QuantitativeValue\",\"minValue\":\"11\",\"maxValue\":\"50\"},\"publishingPrinciples\":\"https:\/\/talkpal.ai\/publishing-principles\/\",\"actionableFeedbackPolicy\":\"https:\/\/talkpal.ai\/actionable-feedback-policy\/\",\"correctionsPolicy\":\"https:\/\/talkpal.ai\/corrections-policy\/\",\"ethicsPolicy\":\"https:\/\/talkpal.ai\/ethics-policy\/\",\"diversityPolicy\":\"https:\/\/talkpal.ai\/diversity-policy\/\",\"diversityStaffingReport\":\"https:\/\/talkpal.ai\/diversity-policy\/\"}]}<\/script>\n<!-- \/ Yoast SEO Premium plugin. -->","yoast_head_json":{"title":"Gram\u00e1tica Espa\u00f1ola - Talkpal","description":"Mellora as t\u00faas habilidades gramaticais en espa\u00f1ol con exercicios interactivos dese\u00f1ados para todos os niveis de co\u00f1ecemento. Practica o espa\u00f1ol de forma eficaz!","robots":{"index":"index","follow":"follow","max-snippet":"max-snippet:-1","max-image-preview":"max-image-preview:large","max-video-preview":"max-video-preview:-1"},"canonical":"https:\/\/talkpal.ai\/gl\/gramatica-espanola\/","og_locale":"gl_ES","og_type":"article","og_title":"Gram\u00e1tica Espa\u00f1ola","og_description":"Unha gu\u00eda r\u00e1pida para aprender gram\u00e1tica espa\u00f1ola Se algunha vez pensaches en aprender un novo idioma, hai moitas posibilidades de que o espa\u00f1ol che pase","og_url":"https:\/\/talkpal.ai\/gl\/gramatica-espanola\/","og_site_name":"Talkpal","article_publisher":"https:\/\/www.facebook.com\/profile.php?id=100090733639311","article_modified_time":"2025-05-22T18:51:14+00:00","og_image":[{"width":512,"height":512,"url":"https:\/\/talkpal.ai\/wp-content\/uploads\/2023\/03\/spain.png","type":"image\/png"}],"twitter_card":"summary_large_image","twitter_site":"@talkpalai","twitter_misc":{"Tempo de lectura":"3 minutos"},"schema":{"@context":"https:\/\/schema.org","@graph":[{"@type":"WebPage","@id":"https:\/\/talkpal.ai\/gl\/gramatica-espanola\/","url":"https:\/\/talkpal.ai\/gl\/gramatica-espanola\/","name":"Gram\u00e1tica Espa\u00f1ola - Talkpal","isPartOf":{"@id":"https:\/\/talkpal.ai\/gl\/#website"},"primaryImageOfPage":{"@id":"https:\/\/talkpal.ai\/gl\/gramatica-espanola\/#primaryimage"},"image":{"@id":"https:\/\/talkpal.ai\/gl\/gramatica-espanola\/#primaryimage"},"thumbnailUrl":"https:\/\/talkpal.ai\/wp-content\/uploads\/2023\/03\/spain.png","datePublished":"2023-03-26T11:55:54+00:00","dateModified":"2025-05-22T18:51:14+00:00","description":"Mellora as t\u00faas habilidades gramaticais en espa\u00f1ol con exercicios interactivos dese\u00f1ados para todos os niveis de co\u00f1ecemento. Practica o espa\u00f1ol de forma eficaz!","breadcrumb":{"@id":"https:\/\/talkpal.ai\/gl\/gramatica-espanola\/#breadcrumb"},"inLanguage":"gl-ES","potentialAction":[{"@type":"ReadAction","target":["https:\/\/talkpal.ai\/gl\/gramatica-espanola\/"]}]},{"@type":"ImageObject","inLanguage":"gl-ES","@id":"https:\/\/talkpal.ai\/gl\/gramatica-espanola\/#primaryimage","url":"https:\/\/talkpal.ai\/wp-content\/uploads\/2023\/03\/spain.png","contentUrl":"https:\/\/talkpal.ai\/wp-content\/uploads\/2023\/03\/spain.png","width":512,"height":512,"caption":"TalkPal AI learn Spanish"},{"@type":"BreadcrumbList","@id":"https:\/\/talkpal.ai\/gl\/gramatica-espanola\/#breadcrumb","itemListElement":[{"@type":"ListItem","position":1,"name":"Homepage","item":"https:\/\/talkpal.ai\/gl\/"},{"@type":"ListItem","position":2,"name":"Gram\u00e1tica Espa\u00f1ola"}]},{"@type":"WebSite","@id":"https:\/\/talkpal.ai\/gl\/#website","url":"https:\/\/talkpal.ai\/gl\/","name":"Talkpal","description":"AI Language Learning","publisher":{"@id":"https:\/\/talkpal.ai\/gl\/#organization"},"alternateName":"Talkpal AI","potentialAction":[{"@type":"SearchAction","target":{"@type":"EntryPoint","urlTemplate":"https:\/\/talkpal.ai\/gl\/?s={search_term_string}"},"query-input":{"@type":"PropertyValueSpecification","valueRequired":true,"valueName":"search_term_string"}}],"inLanguage":"gl-ES"},{"@type":"Organization","@id":"https:\/\/talkpal.ai\/gl\/#organization","name":"Talkpal, Inc.","alternateName":"Talkpal AI","url":"https:\/\/talkpal.ai\/gl\/","logo":{"@type":"ImageObject","inLanguage":"gl-ES","@id":"https:\/\/talkpal.ai\/gl\/#\/schema\/logo\/image\/","url":"https:\/\/talkpal.ai\/wp-content\/uploads\/2024\/03\/Talkpal-Logo-Icon.png","contentUrl":"https:\/\/talkpal.ai\/wp-content\/uploads\/2024\/03\/Talkpal-Logo-Icon.png","width":2880,"height":2880,"caption":"Talkpal, Inc."},"image":{"@id":"https:\/\/talkpal.ai\/gl\/#\/schema\/logo\/image\/"},"sameAs":["https:\/\/www.facebook.com\/profile.php?id=100090733639311","https:\/\/x.com\/talkpalai","https:\/\/www.linkedin.com\/company\/talkpal\/","https:\/\/www.youtube.com\/@TalkPal\/","https:\/\/www.tiktok.com\/@talkpal","https:\/\/www.instagram.com\/talkpal_ai\/","https:\/\/www.crunchbase.com\/organization\/talkpal-9cde","https:\/\/www.g2.com\/products\/talkpal-for-business\/","https:\/\/www.trustpilot.com\/review\/talkpal.ai","https:\/\/www.capterra.com\/p\/10006800\/TalkPal\/"],"description":"Talkpal is a language learning web and mobile education app, powered by the latest AI technologies, that provides engaging experiences to its customers in many different languages to help them improve their language skills. Users can chat about unlimited amount of topics with the app and use other modes to practice their language learning.","email":"support@talkpal.ai","legalName":"Talkpal, Inc.","foundingDate":"2023-04-03","duns":"118989042","numberOfEmployees":{"@type":"QuantitativeValue","minValue":"11","maxValue":"50"},"publishingPrinciples":"https:\/\/talkpal.ai\/publishing-principles\/","actionableFeedbackPolicy":"https:\/\/talkpal.ai\/actionable-feedback-policy\/","correctionsPolicy":"https:\/\/talkpal.ai\/corrections-policy\/","ethicsPolicy":"https:\/\/talkpal.ai\/ethics-policy\/","diversityPolicy":"https:\/\/talkpal.ai\/diversity-policy\/","diversityStaffingReport":"https:\/\/talkpal.ai\/diversity-policy\/"}]}},"_links":{"self":[{"href":"https:\/\/talkpal.ai\/gl\/wp-json\/wp\/v2\/pages\/124381","targetHints":{"allow":["GET"]}}],"collection":[{"href":"https:\/\/talkpal.ai\/gl\/wp-json\/wp\/v2\/pages"}],"about":[{"href":"https:\/\/talkpal.ai\/gl\/wp-json\/wp\/v2\/types\/page"}],"author":[{"embeddable":true,"href":"https:\/\/talkpal.ai\/gl\/wp-json\/wp\/v2\/users\/1"}],"replies":[{"embeddable":true,"href":"https:\/\/talkpal.ai\/gl\/wp-json\/wp\/v2\/comments?post=124381"}],"version-history":[{"count":0,"href":"https:\/\/talkpal.ai\/gl\/wp-json\/wp\/v2\/pages\/124381\/revisions"}],"wp:featuredmedia":[{"embeddable":true,"href":"https:\/\/talkpal.ai\/gl\/wp-json\/wp\/v2\/media\/75431"}],"wp:attachment":[{"href":"https:\/\/talkpal.ai\/gl\/wp-json\/wp\/v2\/media?parent=124381"}],"curies":[{"name":"wp","href":"https:\/\/api.w.org\/{rel}","templated":true}]}}