{"id":124350,"date":"2023-03-26T11:45:19","date_gmt":"2023-03-26T11:45:19","guid":{"rendered":"http:\/\/talkpal.ai\/gramatica-francesa\/"},"modified":"2025-05-22T18:47:31","modified_gmt":"2025-05-22T18:47:31","slug":"gramatica-francesa","status":"publish","type":"page","link":"https:\/\/talkpal.ai\/gl\/gramatica-francesa\/","title":{"rendered":"Gram\u00e1tica francesa"},"content":{"rendered":"\r\n\r\n\r\n<section class=\"languageChallengeSection\">\r\n    <div class=\"languageInfoWrapper\">\r\n        \r\n        <h1>Gram\u00e1tica francesa<\/h1>\r\n        <p>Desbloquea a elegancia da lingua francesa dominando as s\u00faas regras gramaticais esenciais. Un s\u00f3lido co\u00f1ecemento da <a href=\"https:\/\/talkpal.ai\/pt-pt\/o-que-ha-de-especial-na-gramatica-francesa\/\">gram\u00e1tica francesa<\/a> axudarache a comunicarte con facilidade e a apreciar a riqueza da cultura francesa. Comeza a aprender gram\u00e1tica francesa hoxe mesmo e comeza a t\u00faa viaxe cara \u00e1 fluidez!<\/p>\r\n\r\n                            <a class=\"getStartedHidden\" href=\"https:\/\/app.talkpal.ai\/signup?lng=\">Empeza<\/a>\r\n        \r\n    <\/div>\r\n\r\n    <figure>\r\n    <img decoding=\"async\" width=\"768\" height=\"768\" src=\"https:\/\/talkpal.ai\/wp-content\/uploads\/2023\/06\/french-768x768.png\" class=\"languageImage no-lazy\" alt=\"Language learning strategies for professionals\" fetchpriority=\"high\" sizes=\"(max-width: 768px) 150px, 768px\" srcset=\"https:\/\/talkpal.ai\/wp-content\/uploads\/2023\/06\/french-768x768.png 768w, https:\/\/talkpal.ai\/wp-content\/uploads\/2023\/06\/french-300x300.png 300w\" \/>\r\n    \r\n\r\n    <\/figure>\r\n\r\n            <a class=\"getStartedVisible\" href=\"https:\/\/app.talkpal.ai\/signup?lng=\">Empeza<\/a>\r\n    \r\n<\/section>\r\n<section class=\"promotionalBanner\">\r\n    <p class=\"promotionalText\"><\/p>\r\n    <a class=\"promotionalLink\" href=\"https:\/\/app.talkpal.ai\/signup?lng=\"><\/a>\r\n<\/section>\n<div class=\"wp-block-group pageContainerStyle\"><div class=\"wp-block-group__inner-container is-layout-constrained wp-block-group-is-layout-constrained\">\n<h2 class=\"wp-block-heading\" id=\"h-a-beginner-s-guide-to-french-grammar\">Unha gu\u00eda para principiantes da gram\u00e1tica francesa<\/h2>\n\n\n\n<p><a href=\"https:\/\/talkpal.ai\/es\/aprender-frances-en-linea\/\">Aprender franc\u00e9s<\/a> pode ser unha experiencia emocionante e gratificante. Non obstante, dominar a gram\u00e1tica francesa pode ser un reto, mesmo para aqueles que son competentes en <a href=\"https:\/\/talkpal.ai\/es\/locations\/aprende-ingles-en-orange\/\">ingl\u00e9s<\/a>. Neste artigo, comentaremos alg\u00fans consellos esenciais de gram\u00e1tica francesa para axudarche a mellorar as t\u00faas habilidades ling\u00fc\u00edsticas. Ao familiarizarte con estas regras e practicalas regularmente, estar\u00e1s no teu cami\u00f1o para converterte nun experto en gram\u00e1tica francesa.<\/p>\n\n\n\n<h3 class=\"wp-block-heading\" id=\"h-1-the-importance-of-gender-in-french-nouns\">1. A importancia do x\u00e9nero nos substantivos franceses<\/h3>\n\n\n\n<p>Unha das diferenzas m\u00e1is significativas entre a gram\u00e1tica francesa e inglesa \u00e9 o concepto de x\u00e9nero. Todos os substantivos franceses son masculinos ou femininos, o que afecta aos artigos e adxectivos usados \u200b\u200bcon eles. Por exemplo, &#8220;le&#8221; e &#8220;la&#8221; son os <a href=\"https:\/\/talkpal.ai\/hi\/grammar_exercises\/articulos-%e0%a4%b8%e0%a5%8d%e0%a4%aa%e0%a5%87%e0%a4%a8%e0%a4%bf%e0%a4%b6-%e0%a4%b5%e0%a5%8d%e0%a4%af%e0%a4%be%e0%a4%95%e0%a4%b0%e0%a4%a3-%e0%a4%95%e0%a5%87-%e0%a4%b2%e0%a4%bf%e0%a4%8f-%e0%a4%b5\/\">artigos definidos<\/a> dos substantivos masculinos e femininos, respectivamente. Cando atopas un substantivo <a href=\"https:\/\/talkpal.ai\/talkpal-new-years-discount\/\">novo<\/a>, \u00e9 fundamental lembrar o seu x\u00e9nero para evitar cometer erros gramaticais.<\/p>\n\n\n\n<h3 class=\"wp-block-heading\" id=\"h-2-mastering-verb-conjugations\">2. Dominar as conxugaci\u00f3ns verbais<\/h3>\n\n\n\n<p>Os verbos franceses te\u00f1en numerosas conxugaci\u00f3ns baseadas no tempo, o estado de \u00e1nimo e os pronomes suxeitos. Isto pode parecer abrumador, pero hai patr\u00f3ns e atallos que podes usar para simplificar o proceso. Os verbos regulares pertencen a un dos tres grupos en funci\u00f3n das s\u00faas terminaci\u00f3ns de <a href=\"https:\/\/talkpal.ai\/hi\/grammar_exercises\/infinitivo-%e0%a4%b8%e0%a5%8d%e0%a4%aa%e0%a5%87%e0%a4%a8%e0%a4%bf%e0%a4%b6-%e0%a4%b5%e0%a5%8d%e0%a4%af%e0%a4%be%e0%a4%95%e0%a4%b0%e0%a4%a3-%e0%a4%95%e0%a5%87-%e0%a4%b2%e0%a4%bf%e0%a4%8f-%e0%a4%b5\/\">infinitivo<\/a> (-er, -ir e -re), e cada grupo ten o seu propio conxunto de regras de conxugaci\u00f3n. Unha vez que aprendas estas regras, podes conxugar facilmente un n\u00famero significativo de verbos franceses.<\/p>\n\n\n\n<h3 class=\"wp-block-heading\" id=\"h-3-the-partitive-article-du-de-la-and-de-l\">3. Artigo Partitivo: du, de la e de l&#8217;<\/h3>\n\n\n\n<p>Cando se fala dunha porci\u00f3n ou dunha cantidade non especificada de algo, ter\u00e1s que usar o artigo partitivo. O artigo partitivo cambia segundo o x\u00e9nero do substantivo e se comeza por vogal ou consoante. Para substantivos masculinos, use &#8220;du&#8221;, para substantivos femininos use &#8220;de la&#8221; e para substantivos que comezan cunha vogal ou &#8220;h&#8221; silenciosa, use &#8220;de l&#8221;.<\/p>\n\n\n\n<h3 class=\"wp-block-heading\" id=\"h-4-adjective-agreement-and-placement\">4. Acordo e colocaci\u00f3n do adxectivo<\/h3>\n\n\n\n<p>Na gram\u00e1tica francesa, os adxectivos deben concordar co substantivo que est\u00e1n modificando en termos de x\u00e9nero e n\u00famero. Moitas veces, isto significa que ter\u00e1s que engadir unha &#8220;e&#8221; ao adxectivo para facelo feminino e unha &#8220;s&#8221; para facelo plural. Ademais, os adxectivos xeralmente seguen o substantivo que modifican, con algunhas excepci\u00f3ns para adxectivos curtos e com\u00fans <a href=\"https:\/\/talkpal.ai\/locations\/language-courses-in-como\/\">como<\/a> &#8220;beau&#8221;, &#8220;vieil&#8221; e &#8220;grand&#8221;.<\/p>\n\n\n\n<p>Exemplos:<br\/>\u2013 Un chat noir (Un gato negro)<br\/>\u2013 Une voiture noire (Un coche negro)<br\/>\u2013 Deux chats noirs (Dous gatos negros)<\/p>\n\n\n\n<h3 class=\"wp-block-heading\" id=\"h-5-passe-compose-past-tense-made-easy\">5. Passe Compose &#8211; Pasado doado<\/h3>\n\n\n\n<p>A\u00ednda que hai moitas formas de expresar o pasado en <a href=\"https:\/\/talkpal.ai\/es\/locations\/aprende-frances-leyendo\/\">franc\u00e9s<\/a>, o pass\u00e8 compos\u00e9 \u00e9 un dos m\u00e1is \u00fatiles e f\u00e1ciles de aprender. Para formar o <a href=\"https:\/\/talkpal.ai\/ar\/grammar_exercises\/passe-compose-%d8%aa%d9%85%d8%a7%d8%b1%d9%8a%d9%86-%d9%84%d9%84%d9%82%d9%88%d8%a7%d8%b9%d8%af-%d8%a7%d9%84%d9%81%d8%b1%d9%86%d8%b3%d9%8a%d8%a9\/\">pass\u00e9 compos\u00e9<\/a>, necesitar\u00e1s o tempo presente do verbo auxiliar &#8220;avoir&#8221; ou &#8220;\u00eatre&#8221;, seguido do participio pasado do verbo principal. A maior\u00eda dos verbos usan &#8220;avoir&#8221; como auxiliar, mentres que alg\u00fans verbos, principalmente relacionados con verbos de movemento e reflexivos, usan &#8220;\u00eatre&#8221;.<\/p>\n\n\n\n<p>Exemplo:<br\/>\u2013 J&#8217;ai mang\u00e9 (eu com\u00edn)<br\/>\u2013 N\u00f3s somos todos<\/p>\n\n\n\n<h3 class=\"wp-block-heading\" id=\"h-6-engaging-with-the-language\">6. Comprometerse coa lingua<\/h3>\n\n\n\n<p>Unha das mellores formas de mellorar a gram\u00e1tica francesa \u00e9 interactuar co idioma con regularidade. Xa se trate de ler xornais franceses, ver pel\u00edculas francesas ou falar cun falante nativo, a exposici\u00f3n \u00e1 lingua en diferentes contextos axudar\u00e1 a reforzar a s\u00faa comprensi\u00f3n da gram\u00e1tica e a ampliar o seu vocabulario.<\/p>\n\n\n\n<h3 class=\"wp-block-heading\" id=\"h-conclusion\">Conclusi\u00f3n<\/h3>\n\n\n\n<p>Dominar a gram\u00e1tica francesa pode parecer desalentador, pero cunha pr\u00e1ctica constante e dedicaci\u00f3n, podes dominar esta fermosa lingua. Ao centrarse nas regras esenciais descritas anteriormente e interactuar coa lingua en varios contextos, as s\u00faas habilidades gramaticais francesas mellorar\u00e1n rapidamente. Boa oportunidade na t\u00faa viaxe para dominar a gram\u00e1tica francesa!<\/p>\n<\/div><\/div>\n\r\n<section class=\"learnNavigationSection\">\r\n            \r\n        <a href=\"https:\/\/talkpal.ai\/gl\/aprende-frances\/\">\r\n            <div class=\"learnNavigationWrapper\">\r\n                <div class=\"learnNavigationContent\">\r\n                    <img decoding=\"async\" src=\"https:\/\/talkpal.ai\/wp-content\/uploads\/2024\/08\/French.jpg\" alt=\"French Flag\">\r\n                    <div>\r\n                        <h4>Sobre a aprendizaxe do franc\u00e9s<\/h4>\r\n                        <p>Descubre todo sobre a gram\u00e1tica francesa.<\/p>\r\n                    <\/div>\r\n                <\/div>\r\n            <\/div>\r\n        <\/a>\r\n\r\n        \r\n        <a href=\"https:\/\/talkpal.ai\/gl\/exercicios-de-gramatica-francesa\/\">\r\n            <div class=\"learnNavigationWrapper\">\r\n                <div class=\"learnNavigationContent\">\r\n                    <img decoding=\"async\" src=\"https:\/\/talkpal.ai\/wp-content\/uploads\/2024\/08\/French.jpg\" alt=\"French Flag\">\r\n                    <div>\r\n                        <h4>Exercicio de gram\u00e1tica francesa<\/h4>\r\n                        <p>Practica a gram\u00e1tica francesa.<\/p>\r\n                    <\/div>\r\n                <\/div>\r\n            <\/div>\r\n        <\/a>\r\n\r\n        \r\n        <a href=\"https:\/\/talkpal.ai\/vocabulary_language\/french\/\">\r\n            <div class=\"learnNavigationWrapper\">\r\n                <div class=\"learnNavigationContent\">\r\n                    <img decoding=\"async\" src=\"https:\/\/talkpal.ai\/wp-content\/uploads\/2024\/08\/French.jpg\" alt=\"French Flag\">\r\n                    <div>\r\n                        <h4>Vocabulario Franc\u00e9s<\/h4>\r\n                        <p>Ampl\u00eda o teu vocabulario franc\u00e9s.<\/p>\r\n                    <\/div>\r\n                <\/div>\r\n            <\/div>\r\n        <\/a>\r\n\r\n            <\/section>","protected":false},"excerpt":{"rendered":"<p>Unha gu\u00eda para principiantes da gram\u00e1tica francesa Aprender franc\u00e9s pode ser unha experiencia emocionante e gratificante. Non obstante, dominar a gram\u00e1tica francesa pode ser un reto, mesmo para aqueles que son competentes en ingl\u00e9s. Neste artigo, comentaremos alg\u00fans consellos esenciais de gram\u00e1tica francesa para axudarche a mellorar as t\u00faas habilidades ling\u00fc\u00edsticas. Ao familiarizarte con estas [&hellip;]<\/p>\n","protected":false},"author":1,"featured_media":75979,"parent":0,"menu_order":0,"comment_status":"closed","ping_status":"closed","template":"LearningContentPage.php","meta":{"_acf_changed":false,"footnotes":""},"class_list":["post-124350","page","type-page","status-publish","has-post-thumbnail","hentry"],"acf":[],"yoast_head":"<!-- This site is optimized with the Yoast SEO Premium plugin v27.2 (Yoast SEO v27.2) - https:\/\/yoast.com\/product\/yoast-seo-premium-wordpress\/ -->\n<title>Gram\u00e1tica francesa - Talkpal<\/title>\n<meta name=\"description\" content=\"Domina os conceptos esenciais da gram\u00e1tica francesa: verbos, conxugaci\u00f3ns, tempos verbais, substantivos, artigos, adxectivos, pronomes e estrutura das frases.\" \/>\n<meta name=\"robots\" content=\"index, follow, max-snippet:-1, max-image-preview:large, max-video-preview:-1\" \/>\n<link rel=\"canonical\" href=\"https:\/\/talkpal.ai\/gl\/gramatica-francesa\/\" \/>\n<meta property=\"og:locale\" content=\"gl_ES\" \/>\n<meta property=\"og:type\" content=\"article\" \/>\n<meta property=\"og:title\" content=\"Gram\u00e1tica francesa\" \/>\n<meta property=\"og:description\" content=\"Unha gu\u00eda para principiantes da gram\u00e1tica francesa Aprender franc\u00e9s pode ser unha experiencia emocionante e gratificante. Non obstante, dominar a\" \/>\n<meta property=\"og:url\" content=\"https:\/\/talkpal.ai\/gl\/gramatica-francesa\/\" \/>\n<meta property=\"og:site_name\" content=\"Talkpal\" \/>\n<meta property=\"article:publisher\" content=\"https:\/\/www.facebook.com\/profile.php?id=100090733639311\" \/>\n<meta property=\"article:modified_time\" content=\"2025-05-22T18:47:31+00:00\" \/>\n<meta property=\"og:image\" content=\"https:\/\/talkpal.ai\/wp-content\/uploads\/2023\/03\/france.png\" \/>\n\t<meta property=\"og:image:width\" content=\"512\" \/>\n\t<meta property=\"og:image:height\" content=\"512\" \/>\n\t<meta property=\"og:image:type\" content=\"image\/png\" \/>\n<meta name=\"twitter:card\" content=\"summary_large_image\" \/>\n<meta name=\"twitter:site\" content=\"@talkpalai\" \/>\n<meta name=\"twitter:label1\" content=\"Tempo de lectura\" \/>\n\t<meta name=\"twitter:data1\" content=\"3 minutos\" \/>\n<script type=\"application\/ld+json\" class=\"yoast-schema-graph\">{\"@context\":\"https:\/\/schema.org\",\"@graph\":[{\"@type\":\"WebPage\",\"@id\":\"https:\/\/talkpal.ai\/gl\/gramatica-francesa\/\",\"url\":\"https:\/\/talkpal.ai\/gl\/gramatica-francesa\/\",\"name\":\"Gram\u00e1tica francesa - Talkpal\",\"isPartOf\":{\"@id\":\"https:\/\/talkpal.ai\/gl\/#website\"},\"primaryImageOfPage\":{\"@id\":\"https:\/\/talkpal.ai\/gl\/gramatica-francesa\/#primaryimage\"},\"image\":{\"@id\":\"https:\/\/talkpal.ai\/gl\/gramatica-francesa\/#primaryimage\"},\"thumbnailUrl\":\"https:\/\/talkpal.ai\/wp-content\/uploads\/2023\/03\/france.png\",\"datePublished\":\"2023-03-26T11:45:19+00:00\",\"dateModified\":\"2025-05-22T18:47:31+00:00\",\"description\":\"Domina os conceptos esenciais da gram\u00e1tica francesa: verbos, conxugaci\u00f3ns, tempos verbais, substantivos, artigos, adxectivos, pronomes e estrutura das frases.\",\"breadcrumb\":{\"@id\":\"https:\/\/talkpal.ai\/gl\/gramatica-francesa\/#breadcrumb\"},\"inLanguage\":\"gl-ES\",\"potentialAction\":[{\"@type\":\"ReadAction\",\"target\":[\"https:\/\/talkpal.ai\/gl\/gramatica-francesa\/\"]}]},{\"@type\":\"ImageObject\",\"inLanguage\":\"gl-ES\",\"@id\":\"https:\/\/talkpal.ai\/gl\/gramatica-francesa\/#primaryimage\",\"url\":\"https:\/\/talkpal.ai\/wp-content\/uploads\/2023\/03\/france.png\",\"contentUrl\":\"https:\/\/talkpal.ai\/wp-content\/uploads\/2023\/03\/france.png\",\"width\":512,\"height\":512,\"caption\":\"TalkPal AI learn French\"},{\"@type\":\"BreadcrumbList\",\"@id\":\"https:\/\/talkpal.ai\/gl\/gramatica-francesa\/#breadcrumb\",\"itemListElement\":[{\"@type\":\"ListItem\",\"position\":1,\"name\":\"Homepage\",\"item\":\"https:\/\/talkpal.ai\/gl\/\"},{\"@type\":\"ListItem\",\"position\":2,\"name\":\"Gram\u00e1tica francesa\"}]},{\"@type\":\"WebSite\",\"@id\":\"https:\/\/talkpal.ai\/gl\/#website\",\"url\":\"https:\/\/talkpal.ai\/gl\/\",\"name\":\"Talkpal\",\"description\":\"AI Language Learning\",\"publisher\":{\"@id\":\"https:\/\/talkpal.ai\/gl\/#organization\"},\"alternateName\":\"Talkpal AI\",\"potentialAction\":[{\"@type\":\"SearchAction\",\"target\":{\"@type\":\"EntryPoint\",\"urlTemplate\":\"https:\/\/talkpal.ai\/gl\/?s={search_term_string}\"},\"query-input\":{\"@type\":\"PropertyValueSpecification\",\"valueRequired\":true,\"valueName\":\"search_term_string\"}}],\"inLanguage\":\"gl-ES\"},{\"@type\":\"Organization\",\"@id\":\"https:\/\/talkpal.ai\/gl\/#organization\",\"name\":\"Talkpal, Inc.\",\"alternateName\":\"Talkpal AI\",\"url\":\"https:\/\/talkpal.ai\/gl\/\",\"logo\":{\"@type\":\"ImageObject\",\"inLanguage\":\"gl-ES\",\"@id\":\"https:\/\/talkpal.ai\/gl\/#\/schema\/logo\/image\/\",\"url\":\"https:\/\/talkpal.ai\/wp-content\/uploads\/2024\/03\/Talkpal-Logo-Icon.png\",\"contentUrl\":\"https:\/\/talkpal.ai\/wp-content\/uploads\/2024\/03\/Talkpal-Logo-Icon.png\",\"width\":2880,\"height\":2880,\"caption\":\"Talkpal, Inc.\"},\"image\":{\"@id\":\"https:\/\/talkpal.ai\/gl\/#\/schema\/logo\/image\/\"},\"sameAs\":[\"https:\/\/www.facebook.com\/profile.php?id=100090733639311\",\"https:\/\/x.com\/talkpalai\",\"https:\/\/www.linkedin.com\/company\/talkpal\/\",\"https:\/\/www.youtube.com\/@TalkPal\/\",\"https:\/\/www.tiktok.com\/@talkpal\",\"https:\/\/www.instagram.com\/talkpal_ai\/\",\"https:\/\/www.crunchbase.com\/organization\/talkpal-9cde\",\"https:\/\/www.g2.com\/products\/talkpal-for-business\/\",\"https:\/\/www.trustpilot.com\/review\/talkpal.ai\",\"https:\/\/www.capterra.com\/p\/10006800\/TalkPal\/\"],\"description\":\"Talkpal is a language learning web and mobile education app, powered by the latest AI technologies, that provides engaging experiences to its customers in many different languages to help them improve their language skills. Users can chat about unlimited amount of topics with the app and use other modes to practice their language learning.\",\"email\":\"support@talkpal.ai\",\"legalName\":\"Talkpal, Inc.\",\"foundingDate\":\"2023-04-03\",\"duns\":\"118989042\",\"numberOfEmployees\":{\"@type\":\"QuantitativeValue\",\"minValue\":\"11\",\"maxValue\":\"50\"},\"publishingPrinciples\":\"https:\/\/talkpal.ai\/publishing-principles\/\",\"actionableFeedbackPolicy\":\"https:\/\/talkpal.ai\/actionable-feedback-policy\/\",\"correctionsPolicy\":\"https:\/\/talkpal.ai\/corrections-policy\/\",\"ethicsPolicy\":\"https:\/\/talkpal.ai\/ethics-policy\/\",\"diversityPolicy\":\"https:\/\/talkpal.ai\/diversity-policy\/\",\"diversityStaffingReport\":\"https:\/\/talkpal.ai\/diversity-policy\/\"}]}<\/script>\n<!-- \/ Yoast SEO Premium plugin. -->","yoast_head_json":{"title":"Gram\u00e1tica francesa - Talkpal","description":"Domina os conceptos esenciais da gram\u00e1tica francesa: verbos, conxugaci\u00f3ns, tempos verbais, substantivos, artigos, adxectivos, pronomes e estrutura das frases.","robots":{"index":"index","follow":"follow","max-snippet":"max-snippet:-1","max-image-preview":"max-image-preview:large","max-video-preview":"max-video-preview:-1"},"canonical":"https:\/\/talkpal.ai\/gl\/gramatica-francesa\/","og_locale":"gl_ES","og_type":"article","og_title":"Gram\u00e1tica francesa","og_description":"Unha gu\u00eda para principiantes da gram\u00e1tica francesa Aprender franc\u00e9s pode ser unha experiencia emocionante e gratificante. Non obstante, dominar a","og_url":"https:\/\/talkpal.ai\/gl\/gramatica-francesa\/","og_site_name":"Talkpal","article_publisher":"https:\/\/www.facebook.com\/profile.php?id=100090733639311","article_modified_time":"2025-05-22T18:47:31+00:00","og_image":[{"width":512,"height":512,"url":"https:\/\/talkpal.ai\/wp-content\/uploads\/2023\/03\/france.png","type":"image\/png"}],"twitter_card":"summary_large_image","twitter_site":"@talkpalai","twitter_misc":{"Tempo de lectura":"3 minutos"},"schema":{"@context":"https:\/\/schema.org","@graph":[{"@type":"WebPage","@id":"https:\/\/talkpal.ai\/gl\/gramatica-francesa\/","url":"https:\/\/talkpal.ai\/gl\/gramatica-francesa\/","name":"Gram\u00e1tica francesa - Talkpal","isPartOf":{"@id":"https:\/\/talkpal.ai\/gl\/#website"},"primaryImageOfPage":{"@id":"https:\/\/talkpal.ai\/gl\/gramatica-francesa\/#primaryimage"},"image":{"@id":"https:\/\/talkpal.ai\/gl\/gramatica-francesa\/#primaryimage"},"thumbnailUrl":"https:\/\/talkpal.ai\/wp-content\/uploads\/2023\/03\/france.png","datePublished":"2023-03-26T11:45:19+00:00","dateModified":"2025-05-22T18:47:31+00:00","description":"Domina os conceptos esenciais da gram\u00e1tica francesa: verbos, conxugaci\u00f3ns, tempos verbais, substantivos, artigos, adxectivos, pronomes e estrutura das frases.","breadcrumb":{"@id":"https:\/\/talkpal.ai\/gl\/gramatica-francesa\/#breadcrumb"},"inLanguage":"gl-ES","potentialAction":[{"@type":"ReadAction","target":["https:\/\/talkpal.ai\/gl\/gramatica-francesa\/"]}]},{"@type":"ImageObject","inLanguage":"gl-ES","@id":"https:\/\/talkpal.ai\/gl\/gramatica-francesa\/#primaryimage","url":"https:\/\/talkpal.ai\/wp-content\/uploads\/2023\/03\/france.png","contentUrl":"https:\/\/talkpal.ai\/wp-content\/uploads\/2023\/03\/france.png","width":512,"height":512,"caption":"TalkPal AI learn French"},{"@type":"BreadcrumbList","@id":"https:\/\/talkpal.ai\/gl\/gramatica-francesa\/#breadcrumb","itemListElement":[{"@type":"ListItem","position":1,"name":"Homepage","item":"https:\/\/talkpal.ai\/gl\/"},{"@type":"ListItem","position":2,"name":"Gram\u00e1tica francesa"}]},{"@type":"WebSite","@id":"https:\/\/talkpal.ai\/gl\/#website","url":"https:\/\/talkpal.ai\/gl\/","name":"Talkpal","description":"AI Language Learning","publisher":{"@id":"https:\/\/talkpal.ai\/gl\/#organization"},"alternateName":"Talkpal AI","potentialAction":[{"@type":"SearchAction","target":{"@type":"EntryPoint","urlTemplate":"https:\/\/talkpal.ai\/gl\/?s={search_term_string}"},"query-input":{"@type":"PropertyValueSpecification","valueRequired":true,"valueName":"search_term_string"}}],"inLanguage":"gl-ES"},{"@type":"Organization","@id":"https:\/\/talkpal.ai\/gl\/#organization","name":"Talkpal, Inc.","alternateName":"Talkpal AI","url":"https:\/\/talkpal.ai\/gl\/","logo":{"@type":"ImageObject","inLanguage":"gl-ES","@id":"https:\/\/talkpal.ai\/gl\/#\/schema\/logo\/image\/","url":"https:\/\/talkpal.ai\/wp-content\/uploads\/2024\/03\/Talkpal-Logo-Icon.png","contentUrl":"https:\/\/talkpal.ai\/wp-content\/uploads\/2024\/03\/Talkpal-Logo-Icon.png","width":2880,"height":2880,"caption":"Talkpal, Inc."},"image":{"@id":"https:\/\/talkpal.ai\/gl\/#\/schema\/logo\/image\/"},"sameAs":["https:\/\/www.facebook.com\/profile.php?id=100090733639311","https:\/\/x.com\/talkpalai","https:\/\/www.linkedin.com\/company\/talkpal\/","https:\/\/www.youtube.com\/@TalkPal\/","https:\/\/www.tiktok.com\/@talkpal","https:\/\/www.instagram.com\/talkpal_ai\/","https:\/\/www.crunchbase.com\/organization\/talkpal-9cde","https:\/\/www.g2.com\/products\/talkpal-for-business\/","https:\/\/www.trustpilot.com\/review\/talkpal.ai","https:\/\/www.capterra.com\/p\/10006800\/TalkPal\/"],"description":"Talkpal is a language learning web and mobile education app, powered by the latest AI technologies, that provides engaging experiences to its customers in many different languages to help them improve their language skills. Users can chat about unlimited amount of topics with the app and use other modes to practice their language learning.","email":"support@talkpal.ai","legalName":"Talkpal, Inc.","foundingDate":"2023-04-03","duns":"118989042","numberOfEmployees":{"@type":"QuantitativeValue","minValue":"11","maxValue":"50"},"publishingPrinciples":"https:\/\/talkpal.ai\/publishing-principles\/","actionableFeedbackPolicy":"https:\/\/talkpal.ai\/actionable-feedback-policy\/","correctionsPolicy":"https:\/\/talkpal.ai\/corrections-policy\/","ethicsPolicy":"https:\/\/talkpal.ai\/ethics-policy\/","diversityPolicy":"https:\/\/talkpal.ai\/diversity-policy\/","diversityStaffingReport":"https:\/\/talkpal.ai\/diversity-policy\/"}]}},"_links":{"self":[{"href":"https:\/\/talkpal.ai\/gl\/wp-json\/wp\/v2\/pages\/124350","targetHints":{"allow":["GET"]}}],"collection":[{"href":"https:\/\/talkpal.ai\/gl\/wp-json\/wp\/v2\/pages"}],"about":[{"href":"https:\/\/talkpal.ai\/gl\/wp-json\/wp\/v2\/types\/page"}],"author":[{"embeddable":true,"href":"https:\/\/talkpal.ai\/gl\/wp-json\/wp\/v2\/users\/1"}],"replies":[{"embeddable":true,"href":"https:\/\/talkpal.ai\/gl\/wp-json\/wp\/v2\/comments?post=124350"}],"version-history":[{"count":0,"href":"https:\/\/talkpal.ai\/gl\/wp-json\/wp\/v2\/pages\/124350\/revisions"}],"wp:featuredmedia":[{"embeddable":true,"href":"https:\/\/talkpal.ai\/gl\/wp-json\/wp\/v2\/media\/75979"}],"wp:attachment":[{"href":"https:\/\/talkpal.ai\/gl\/wp-json\/wp\/v2\/media?parent=124350"}],"curies":[{"name":"wp","href":"https:\/\/api.w.org\/{rel}","templated":true}]}}