{"id":124083,"date":"2023-03-26T11:40:15","date_gmt":"2023-03-26T11:40:15","guid":{"rendered":"http:\/\/talkpal.ai\/gramatica-alema\/"},"modified":"2025-05-22T19:23:05","modified_gmt":"2025-05-22T19:23:05","slug":"gramatica-alema","status":"publish","type":"page","link":"https:\/\/talkpal.ai\/gl\/gramatica-alema\/","title":{"rendered":"Gram\u00e1tica alem\u00e1"},"content":{"rendered":"\r\n\r\n\r\n<section class=\"languageChallengeSection\">\r\n    <div class=\"languageInfoWrapper\">\r\n        \r\n        <h1>Gram\u00e1tica alem\u00e1<\/h1>\r\n        <p>Desbloquea a estrutura da lingua alem\u00e1 dominando as s\u00faas regras gramaticais esenciais. Comprender a <a href=\"https:\/\/talkpal.ai\/german-grammar\/\">gram\u00e1tica alem\u00e1<\/a> axudarache a comunicarte con confianza e a apreciar plenamente a riqueza das culturas de fala alem\u00e1. Comeza a aprender gram\u00e1tica alem\u00e1 hoxe mesmo e d\u00e1 o teu primeiro paso cara \u00e1 fluidez!\n\n<\/p>\r\n\r\n                            <a class=\"getStartedHidden\" href=\"https:\/\/app.talkpal.ai\/signup?lng=\">Empeza<\/a>\r\n        \r\n    <\/div>\r\n\r\n    <figure>\r\n    <img decoding=\"async\" width=\"768\" height=\"768\" src=\"https:\/\/talkpal.ai\/wp-content\/uploads\/2023\/06\/german-768x768.png\" class=\"languageImage no-lazy\" alt=\"Language learning for global networking\" fetchpriority=\"high\" sizes=\"(max-width: 768px) 150px, 768px\" srcset=\"https:\/\/talkpal.ai\/wp-content\/uploads\/2023\/06\/german-768x768.png 768w, https:\/\/talkpal.ai\/wp-content\/uploads\/2023\/06\/german-300x300.png 300w\" \/>\r\n    \r\n\r\n    <\/figure>\r\n\r\n            <a class=\"getStartedVisible\" href=\"https:\/\/app.talkpal.ai\/signup?lng=\">Empeza<\/a>\r\n    \r\n<\/section>\r\n<section class=\"promotionalBanner\">\r\n    <p class=\"promotionalText\">A forma m\u00e1is eficaz de aprender un idioma<\/p>\r\n    <a class=\"promotionalLink\" href=\"https:\/\/app.talkpal.ai\/signup?lng=\">Proba Talkpal de balde<\/a>\r\n<\/section>\n<div class=\"wp-block-group pageContainerStyle\"><div class=\"wp-block-group__inner-container is-layout-constrained wp-block-group-is-layout-constrained\">\n<h2 class=\"wp-block-heading\" id=\"h-unraveling-the-intricacies-of-german-grammar\">Desvelando as complejidades da gram\u00e1tica alem\u00e1<\/h2>\n\n\n\n<p><a href=\"https:\/\/talkpal.ai\/gl\/aprende-aleman\/\">Aprender alem\u00e1n<\/a> pode ser un esforzo emocionante e gratificante. Non s\u00f3 poder\u00e1s falar con m\u00e1is de 130 mill\u00f3ns de persoas en todo o mundo, sen\u00f3n que tam\u00e9n ter\u00e1s acceso a unha gran cantidade de literatura, m\u00fasica e historia cultural. <a href=\"https:\/\/talkpal.ai\/locations\/language-courses-in-como\/\">Como<\/a> en calquera lingua, dominar o <a href=\"https:\/\/talkpal.ai\/learn-german\/\">alem\u00e1n<\/a> require dedicaci\u00f3n e paciencia, especialmente cando se trata da s\u00faa gram\u00e1tica. A boa noticia \u00e9 que moitos aspectos da gram\u00e1tica alem\u00e1 son bastante similares \u00e1 <a href=\"https:\/\/talkpal.ai\/pt-pt\/o-que-ha-de-especial-na-gramatica-inglesa\/\">gram\u00e1tica inglesa<\/a>, o que fai que os falantes de <a href=\"https:\/\/talkpal.ai\/es\/locations\/aprende-ingles-en-orange\/\">ingl\u00e9s<\/a> sexan m\u00e1is f\u00e1ciles de entender. Neste artigo, exploraremos algunhas das principais caracter\u00edsticas da gram\u00e1tica alem\u00e1, ofrec\u00e9ndoche consellos e trucos \u00fatiles para axudarche a dominar esta fermosa e complexa lingua.<\/p>\n\n\n\n<h3 class=\"wp-block-heading\" id=\"h-1-nouns-and-articles-get-your-cases-right\">1. Substantivos e artigos: acerta os teus casos!<\/h3>\n\n\n\n<p>Un dos primeiros obst\u00e1culos <a href=\"https:\/\/talkpal.ai\/culture\/how-do-i-use-para-que-correctly\/\">para que<\/a> os falantes de ingl\u00e9s aprendan alem\u00e1n \u00e9 comprender os catro casos: nominativo, acusativo, dativo e xenitivo. Cada caso sinala unha funci\u00f3n diferente dun substantivo nunha oraci\u00f3n, como o suxeito, o obxecto directo ou o obxecto indirecto. Ademais, o alem\u00e1n ten tres x\u00e9neros gramaticais (masculino, feminino e neutro), e os artigos para cada x\u00e9nero cambian segundo o caso. Soa confuso? Non te preocupes! A medida que te familiarices co alem\u00e1n, comezar\u00e1s a reco\u00f1ecer patr\u00f3ns e a anticipar que mai\u00fasculas e min\u00fasculas usar\u00e1s.<\/p>\n\n\n\n<p>Consello: Fai un cadro dos artigos determinados (der, die, das) e dos artigos indefinidos (ein, eine, ein) para cada x\u00e9nero e caso. Memor\u00edzaos primeiro, xa que servir\u00e1n como base para comprender a estrutura da frase alem\u00e1.<\/p>\n\n\n\n<h3 class=\"wp-block-heading\" id=\"h-2-verbs-conjugate-and-dominate\">2. Verbos &#8211; Conxugar e dominar!<\/h3>\n\n\n\n<p>En alem\u00e1n, os verbos son esenciais non s\u00f3 para expresar acci\u00f3ns sen\u00f3n tam\u00e9n para indicar tempo e estado de \u00e1nimo. Do mesmo xeito que o ingl\u00e9s, os verbos alem\u00e1ns deben conxugarse para que coincidan co suxeito da oraci\u00f3n. Non obstante, hai algunhas diferenzas clave, inclu\u00edndo o uso de verbos regulares (d\u00e9biles) e irregulares (fortes), as\u00ed como o uso de verbos auxiliares para determinados tempos. A boa noticia \u00e9 que alg\u00fans aspectos da conxugaci\u00f3n de verbos alem\u00e1ns son m\u00e1is sinxelos que o ingl\u00e9s, como non esixir o uso de &#8220;facer&#8221; para preguntas ou negaci\u00f3ns.<\/p>\n\n\n\n<p>Consello: Comeza dominando a conxugaci\u00f3n de verbos regulares e despois aborda os verbos irregulares m\u00e1is com\u00fans. Practica o uso de verbos auxiliares con tempos pasados \u200b\u200be futuros, e pronto poder\u00e1s constru\u00edr frases m\u00e1is complexas.<\/p>\n\n\n\n<h3 class=\"wp-block-heading\" id=\"h-3-adjectives-show-your-agreement\">3. Adxectivos &#8211; Mostra o teu acordo!<\/h3>\n\n\n\n<p>Cando se usan adxectivos para describir substantivos en alem\u00e1n, \u00e9 esencial comprender o acordo dos adxectivos. Isto significa que os adxectivos deben coincidir co x\u00e9nero e o caso do substantivo. Nalg\u00fans casos, isto requirir\u00e1 engadir un final ao adxectivo, en funci\u00f3n do artigo e do caso do substantivo.<\/p>\n\n\n\n<p>Consello: utiliza o cadro de artigos anteriores para axudarche a lembrar as terminaci\u00f3ns correctas dos adxectivos. Mentres practicas o uso de adxectivos nas frases, fai unha nota mental dos patr\u00f3ns de terminaci\u00f3n e como se relacionan co x\u00e9nero e o caso do substantivo.<\/p>\n\n\n\n<h3 class=\"wp-block-heading\" id=\"h-4-word-order-embrace-the-flexibility\">4. Orde das palabras: abraza a flexibilidade!<\/h3>\n\n\n\n<p>Unha das moitas alegr\u00edas da gram\u00e1tica alem\u00e1 \u00e9 a s\u00faa orde flexible de palabras. A diferenza do ingl\u00e9s, que xeralmente segue un patr\u00f3n estrito suxeito-verbo-obxecto, as oraci\u00f3ns alem\u00e1s poden variar na s\u00faa estrutura. A clave \u00e9 comprender a importancia da posici\u00f3n do verbo, que adoita aparecer segundo nunha cl\u00e1usula principal e \u00faltimo nunha cl\u00e1usula subordinada.<\/p>\n\n\n\n<p>Consello: para sentirse c\u00f3modo con diferentes patr\u00f3ns de orde de palabras, proba a traducir frases sinxelas en ingl\u00e9s ao alem\u00e1n e, a continuaci\u00f3n, reordena a frase mantendo o verbo no seu lugar correcto. Isto axudarache a ser m\u00e1is h\u00e1bil na elaboraci\u00f3n de frases con matices e expresivas en alem\u00e1n.<\/p>\n\n\n\n<h3 class=\"wp-block-heading\" id=\"h-5-prepositions-think-in-german\">5. Preposici\u00f3ns \u2013 Pensa en alem\u00e1n!<\/h3>\n\n\n\n<p>Sen d\u00fabida, a parte m\u00e1is complicada de aprender a gram\u00e1tica alem\u00e1 \u00e9 dominar as preposici\u00f3ns. A\u00ednda que as preposici\u00f3ns existen en ingl\u00e9s e te\u00f1en un prop\u00f3sito similar, o seu uso en alem\u00e1n \u00e9 diferente e moitas veces esixe que &#8220;penses en alem\u00e1n&#8221; para seleccionar a correcta. Por exemplo, a preposici\u00f3n inglesa &#8220;in&#8221; pode traducirse en &#8220;in&#8221;, &#8220;an&#8221; ou &#8220;auf&#8221; en alem\u00e1n, dependendo do contexto.<\/p>\n\n\n\n<p>Consello: crea fichas con preposici\u00f3ns com\u00fans e as s\u00faas contrapartes en ingl\u00e9s. Practica o seu uso en oraci\u00f3ns e c\u00e9ntrate nos contextos espec\u00edficos nos que se utiliza cada preposici\u00f3n.<\/p>\n\n\n\n<h3 class=\"wp-block-heading\" id=\"h-conclusion\">Conclusi\u00f3n:<\/h3>\n\n\n\n<p>A gram\u00e1tica alem\u00e1 pode parecer desalentadora ao principio, pero cunha pr\u00e1ctica dedicada, paciencia e un foco na comprensi\u00f3n das regras e patr\u00f3ns subxacentes, pronto estar\u00e1s constru\u00edndo frases sofisticadas con facilidade. Ao comprender as complejidades da gram\u00e1tica alem\u00e1, os falantes de ingl\u00e9s non s\u00f3 mellorar\u00e1n as s\u00faas habilidades ling\u00fc\u00edsticas sen\u00f3n que tam\u00e9n desenvolver\u00e1n un novo aprecio por esta fermosa e complexa lingua. Agora, auf geht&#8217;s! \u00c9 hora de mergullarse no mundo da gram\u00e1tica alem\u00e1 e desbloquear todo o seu potencial de aprendizaxe de idiomas.<\/p>\n<\/div><\/div>\n\r\n<section class=\"learnNavigationSection\">\r\n            \r\n        <a href=\"https:\/\/talkpal.ai\/gl\/aprende-aleman\/\">\r\n            <div class=\"learnNavigationWrapper\">\r\n                <div class=\"learnNavigationContent\">\r\n                    <img decoding=\"async\" src=\"https:\/\/talkpal.ai\/wp-content\/uploads\/2024\/08\/German.jpg\" alt=\"German Flag\">\r\n                    <div>\r\n                        <h4>Sobre a aprendizaxe do alem\u00e1n<\/h4>\r\n                        <p>Descubre todo sobre a gram\u00e1tica alem\u00e1.<\/p>\r\n                    <\/div>\r\n                <\/div>\r\n            <\/div>\r\n        <\/a>\r\n\r\n        \r\n        <a href=\"https:\/\/talkpal.ai\/gl\/exercicios-de-gramatica-alema\/\">\r\n            <div class=\"learnNavigationWrapper\">\r\n                <div class=\"learnNavigationContent\">\r\n                    <img decoding=\"async\" src=\"https:\/\/talkpal.ai\/wp-content\/uploads\/2024\/08\/German.jpg\" alt=\"German Flag\">\r\n                    <div>\r\n                        <h4>Exercicio de gram\u00e1tica alem\u00e1<\/h4>\r\n                        <p>Practica a gram\u00e1tica alem\u00e1.<\/p>\r\n                    <\/div>\r\n                <\/div>\r\n            <\/div>\r\n        <\/a>\r\n\r\n        \r\n        <a href=\"https:\/\/talkpal.ai\/vocabulary_language\/german\/\">\r\n            <div class=\"learnNavigationWrapper\">\r\n                <div class=\"learnNavigationContent\">\r\n                    <img decoding=\"async\" src=\"https:\/\/talkpal.ai\/wp-content\/uploads\/2024\/08\/German.jpg\" alt=\"German Flag\">\r\n                    <div>\r\n                        <h4>Vocabulario alem\u00e1n<\/h4>\r\n                        <p>Ampl\u00eda o teu vocabulario alem\u00e1n.<\/p>\r\n                    <\/div>\r\n                <\/div>\r\n            <\/div>\r\n        <\/a>\r\n\r\n            <\/section>","protected":false},"excerpt":{"rendered":"<p>Desvelando as complejidades da gram\u00e1tica alem\u00e1 Aprender alem\u00e1n pode ser un esforzo emocionante e gratificante. Non s\u00f3 poder\u00e1s falar con m\u00e1is de 130 mill\u00f3ns de persoas en todo o mundo, sen\u00f3n que tam\u00e9n ter\u00e1s acceso a unha gran cantidade de literatura, m\u00fasica e historia cultural. Como en calquera lingua, dominar o alem\u00e1n require dedicaci\u00f3n e [&hellip;]<\/p>\n","protected":false},"author":1,"featured_media":75656,"parent":0,"menu_order":0,"comment_status":"closed","ping_status":"closed","template":"LearningContentPage.php","meta":{"_acf_changed":false,"footnotes":""},"class_list":["post-124083","page","type-page","status-publish","has-post-thumbnail","hentry"],"acf":[],"yoast_head":"<!-- This site is optimized with the Yoast SEO Premium plugin v27.2 (Yoast SEO v27.2) - https:\/\/yoast.com\/product\/yoast-seo-premium-wordpress\/ -->\n<title>Gram\u00e1tica alem\u00e1 - Talkpal<\/title>\n<meta name=\"description\" content=\"Aprende gram\u00e1tica alem\u00e1 facilmente: comprende as regras esenciais, practica a formaci\u00f3n de frases e fala con claridade coa asistencia guiada por IA de Talkpal .\" \/>\n<meta name=\"robots\" content=\"index, follow, max-snippet:-1, max-image-preview:large, max-video-preview:-1\" \/>\n<link rel=\"canonical\" href=\"https:\/\/talkpal.ai\/gl\/gramatica-alema\/\" \/>\n<meta property=\"og:locale\" content=\"gl_ES\" \/>\n<meta property=\"og:type\" content=\"article\" \/>\n<meta property=\"og:title\" content=\"Gram\u00e1tica alem\u00e1\" \/>\n<meta property=\"og:description\" content=\"Desvelando as complejidades da gram\u00e1tica alem\u00e1 Aprender alem\u00e1n pode ser un esforzo emocionante e gratificante. Non s\u00f3 poder\u00e1s falar con m\u00e1is de 130\" \/>\n<meta property=\"og:url\" content=\"https:\/\/talkpal.ai\/gl\/gramatica-alema\/\" \/>\n<meta property=\"og:site_name\" content=\"Talkpal\" \/>\n<meta property=\"article:publisher\" content=\"https:\/\/www.facebook.com\/profile.php?id=100090733639311\" \/>\n<meta property=\"article:modified_time\" content=\"2025-05-22T19:23:05+00:00\" \/>\n<meta property=\"og:image\" content=\"https:\/\/talkpal.ai\/wp-content\/uploads\/2023\/03\/germany.png\" \/>\n\t<meta property=\"og:image:width\" content=\"512\" \/>\n\t<meta property=\"og:image:height\" content=\"512\" \/>\n\t<meta property=\"og:image:type\" content=\"image\/png\" \/>\n<meta name=\"twitter:card\" content=\"summary_large_image\" \/>\n<meta name=\"twitter:site\" content=\"@talkpalai\" \/>\n<meta name=\"twitter:label1\" content=\"Tempo de lectura\" \/>\n\t<meta name=\"twitter:data1\" content=\"4 minutos\" \/>\n<script type=\"application\/ld+json\" class=\"yoast-schema-graph\">{\"@context\":\"https:\/\/schema.org\",\"@graph\":[{\"@type\":\"WebPage\",\"@id\":\"https:\/\/talkpal.ai\/gl\/gramatica-alema\/\",\"url\":\"https:\/\/talkpal.ai\/gl\/gramatica-alema\/\",\"name\":\"Gram\u00e1tica alem\u00e1 - Talkpal\",\"isPartOf\":{\"@id\":\"https:\/\/talkpal.ai\/gl\/#website\"},\"primaryImageOfPage\":{\"@id\":\"https:\/\/talkpal.ai\/gl\/gramatica-alema\/#primaryimage\"},\"image\":{\"@id\":\"https:\/\/talkpal.ai\/gl\/gramatica-alema\/#primaryimage\"},\"thumbnailUrl\":\"https:\/\/talkpal.ai\/wp-content\/uploads\/2023\/03\/germany.png\",\"datePublished\":\"2023-03-26T11:40:15+00:00\",\"dateModified\":\"2025-05-22T19:23:05+00:00\",\"description\":\"Aprende gram\u00e1tica alem\u00e1 facilmente: comprende as regras esenciais, practica a formaci\u00f3n de frases e fala con claridade coa asistencia guiada por IA de Talkpal .\",\"breadcrumb\":{\"@id\":\"https:\/\/talkpal.ai\/gl\/gramatica-alema\/#breadcrumb\"},\"inLanguage\":\"gl-ES\",\"potentialAction\":[{\"@type\":\"ReadAction\",\"target\":[\"https:\/\/talkpal.ai\/gl\/gramatica-alema\/\"]}]},{\"@type\":\"ImageObject\",\"inLanguage\":\"gl-ES\",\"@id\":\"https:\/\/talkpal.ai\/gl\/gramatica-alema\/#primaryimage\",\"url\":\"https:\/\/talkpal.ai\/wp-content\/uploads\/2023\/03\/germany.png\",\"contentUrl\":\"https:\/\/talkpal.ai\/wp-content\/uploads\/2023\/03\/germany.png\",\"width\":512,\"height\":512,\"caption\":\"TalkPal AI learn German\"},{\"@type\":\"BreadcrumbList\",\"@id\":\"https:\/\/talkpal.ai\/gl\/gramatica-alema\/#breadcrumb\",\"itemListElement\":[{\"@type\":\"ListItem\",\"position\":1,\"name\":\"Homepage\",\"item\":\"https:\/\/talkpal.ai\/gl\/\"},{\"@type\":\"ListItem\",\"position\":2,\"name\":\"Gram\u00e1tica alem\u00e1\"}]},{\"@type\":\"WebSite\",\"@id\":\"https:\/\/talkpal.ai\/gl\/#website\",\"url\":\"https:\/\/talkpal.ai\/gl\/\",\"name\":\"Talkpal\",\"description\":\"AI Language Learning\",\"publisher\":{\"@id\":\"https:\/\/talkpal.ai\/gl\/#organization\"},\"alternateName\":\"Talkpal AI\",\"potentialAction\":[{\"@type\":\"SearchAction\",\"target\":{\"@type\":\"EntryPoint\",\"urlTemplate\":\"https:\/\/talkpal.ai\/gl\/?s={search_term_string}\"},\"query-input\":{\"@type\":\"PropertyValueSpecification\",\"valueRequired\":true,\"valueName\":\"search_term_string\"}}],\"inLanguage\":\"gl-ES\"},{\"@type\":\"Organization\",\"@id\":\"https:\/\/talkpal.ai\/gl\/#organization\",\"name\":\"Talkpal, Inc.\",\"alternateName\":\"Talkpal AI\",\"url\":\"https:\/\/talkpal.ai\/gl\/\",\"logo\":{\"@type\":\"ImageObject\",\"inLanguage\":\"gl-ES\",\"@id\":\"https:\/\/talkpal.ai\/gl\/#\/schema\/logo\/image\/\",\"url\":\"https:\/\/talkpal.ai\/wp-content\/uploads\/2024\/03\/Talkpal-Logo-Icon.png\",\"contentUrl\":\"https:\/\/talkpal.ai\/wp-content\/uploads\/2024\/03\/Talkpal-Logo-Icon.png\",\"width\":2880,\"height\":2880,\"caption\":\"Talkpal, Inc.\"},\"image\":{\"@id\":\"https:\/\/talkpal.ai\/gl\/#\/schema\/logo\/image\/\"},\"sameAs\":[\"https:\/\/www.facebook.com\/profile.php?id=100090733639311\",\"https:\/\/x.com\/talkpalai\",\"https:\/\/www.linkedin.com\/company\/talkpal\/\",\"https:\/\/www.youtube.com\/@TalkPal\/\",\"https:\/\/www.tiktok.com\/@talkpal\",\"https:\/\/www.instagram.com\/talkpal_ai\/\",\"https:\/\/www.crunchbase.com\/organization\/talkpal-9cde\",\"https:\/\/www.g2.com\/products\/talkpal-for-business\/\",\"https:\/\/www.trustpilot.com\/review\/talkpal.ai\",\"https:\/\/www.capterra.com\/p\/10006800\/TalkPal\/\"],\"description\":\"Talkpal is a language learning web and mobile education app, powered by the latest AI technologies, that provides engaging experiences to its customers in many different languages to help them improve their language skills. Users can chat about unlimited amount of topics with the app and use other modes to practice their language learning.\",\"email\":\"support@talkpal.ai\",\"legalName\":\"Talkpal, Inc.\",\"foundingDate\":\"2023-04-03\",\"duns\":\"118989042\",\"numberOfEmployees\":{\"@type\":\"QuantitativeValue\",\"minValue\":\"11\",\"maxValue\":\"50\"},\"publishingPrinciples\":\"https:\/\/talkpal.ai\/publishing-principles\/\",\"actionableFeedbackPolicy\":\"https:\/\/talkpal.ai\/actionable-feedback-policy\/\",\"correctionsPolicy\":\"https:\/\/talkpal.ai\/corrections-policy\/\",\"ethicsPolicy\":\"https:\/\/talkpal.ai\/ethics-policy\/\",\"diversityPolicy\":\"https:\/\/talkpal.ai\/diversity-policy\/\",\"diversityStaffingReport\":\"https:\/\/talkpal.ai\/diversity-policy\/\"}]}<\/script>\n<!-- \/ Yoast SEO Premium plugin. -->","yoast_head_json":{"title":"Gram\u00e1tica alem\u00e1 - Talkpal","description":"Aprende gram\u00e1tica alem\u00e1 facilmente: comprende as regras esenciais, practica a formaci\u00f3n de frases e fala con claridade coa asistencia guiada por IA de Talkpal .","robots":{"index":"index","follow":"follow","max-snippet":"max-snippet:-1","max-image-preview":"max-image-preview:large","max-video-preview":"max-video-preview:-1"},"canonical":"https:\/\/talkpal.ai\/gl\/gramatica-alema\/","og_locale":"gl_ES","og_type":"article","og_title":"Gram\u00e1tica alem\u00e1","og_description":"Desvelando as complejidades da gram\u00e1tica alem\u00e1 Aprender alem\u00e1n pode ser un esforzo emocionante e gratificante. Non s\u00f3 poder\u00e1s falar con m\u00e1is de 130","og_url":"https:\/\/talkpal.ai\/gl\/gramatica-alema\/","og_site_name":"Talkpal","article_publisher":"https:\/\/www.facebook.com\/profile.php?id=100090733639311","article_modified_time":"2025-05-22T19:23:05+00:00","og_image":[{"width":512,"height":512,"url":"https:\/\/talkpal.ai\/wp-content\/uploads\/2023\/03\/germany.png","type":"image\/png"}],"twitter_card":"summary_large_image","twitter_site":"@talkpalai","twitter_misc":{"Tempo de lectura":"4 minutos"},"schema":{"@context":"https:\/\/schema.org","@graph":[{"@type":"WebPage","@id":"https:\/\/talkpal.ai\/gl\/gramatica-alema\/","url":"https:\/\/talkpal.ai\/gl\/gramatica-alema\/","name":"Gram\u00e1tica alem\u00e1 - Talkpal","isPartOf":{"@id":"https:\/\/talkpal.ai\/gl\/#website"},"primaryImageOfPage":{"@id":"https:\/\/talkpal.ai\/gl\/gramatica-alema\/#primaryimage"},"image":{"@id":"https:\/\/talkpal.ai\/gl\/gramatica-alema\/#primaryimage"},"thumbnailUrl":"https:\/\/talkpal.ai\/wp-content\/uploads\/2023\/03\/germany.png","datePublished":"2023-03-26T11:40:15+00:00","dateModified":"2025-05-22T19:23:05+00:00","description":"Aprende gram\u00e1tica alem\u00e1 facilmente: comprende as regras esenciais, practica a formaci\u00f3n de frases e fala con claridade coa asistencia guiada por IA de Talkpal .","breadcrumb":{"@id":"https:\/\/talkpal.ai\/gl\/gramatica-alema\/#breadcrumb"},"inLanguage":"gl-ES","potentialAction":[{"@type":"ReadAction","target":["https:\/\/talkpal.ai\/gl\/gramatica-alema\/"]}]},{"@type":"ImageObject","inLanguage":"gl-ES","@id":"https:\/\/talkpal.ai\/gl\/gramatica-alema\/#primaryimage","url":"https:\/\/talkpal.ai\/wp-content\/uploads\/2023\/03\/germany.png","contentUrl":"https:\/\/talkpal.ai\/wp-content\/uploads\/2023\/03\/germany.png","width":512,"height":512,"caption":"TalkPal AI learn German"},{"@type":"BreadcrumbList","@id":"https:\/\/talkpal.ai\/gl\/gramatica-alema\/#breadcrumb","itemListElement":[{"@type":"ListItem","position":1,"name":"Homepage","item":"https:\/\/talkpal.ai\/gl\/"},{"@type":"ListItem","position":2,"name":"Gram\u00e1tica alem\u00e1"}]},{"@type":"WebSite","@id":"https:\/\/talkpal.ai\/gl\/#website","url":"https:\/\/talkpal.ai\/gl\/","name":"Talkpal","description":"AI Language Learning","publisher":{"@id":"https:\/\/talkpal.ai\/gl\/#organization"},"alternateName":"Talkpal AI","potentialAction":[{"@type":"SearchAction","target":{"@type":"EntryPoint","urlTemplate":"https:\/\/talkpal.ai\/gl\/?s={search_term_string}"},"query-input":{"@type":"PropertyValueSpecification","valueRequired":true,"valueName":"search_term_string"}}],"inLanguage":"gl-ES"},{"@type":"Organization","@id":"https:\/\/talkpal.ai\/gl\/#organization","name":"Talkpal, Inc.","alternateName":"Talkpal AI","url":"https:\/\/talkpal.ai\/gl\/","logo":{"@type":"ImageObject","inLanguage":"gl-ES","@id":"https:\/\/talkpal.ai\/gl\/#\/schema\/logo\/image\/","url":"https:\/\/talkpal.ai\/wp-content\/uploads\/2024\/03\/Talkpal-Logo-Icon.png","contentUrl":"https:\/\/talkpal.ai\/wp-content\/uploads\/2024\/03\/Talkpal-Logo-Icon.png","width":2880,"height":2880,"caption":"Talkpal, Inc."},"image":{"@id":"https:\/\/talkpal.ai\/gl\/#\/schema\/logo\/image\/"},"sameAs":["https:\/\/www.facebook.com\/profile.php?id=100090733639311","https:\/\/x.com\/talkpalai","https:\/\/www.linkedin.com\/company\/talkpal\/","https:\/\/www.youtube.com\/@TalkPal\/","https:\/\/www.tiktok.com\/@talkpal","https:\/\/www.instagram.com\/talkpal_ai\/","https:\/\/www.crunchbase.com\/organization\/talkpal-9cde","https:\/\/www.g2.com\/products\/talkpal-for-business\/","https:\/\/www.trustpilot.com\/review\/talkpal.ai","https:\/\/www.capterra.com\/p\/10006800\/TalkPal\/"],"description":"Talkpal is a language learning web and mobile education app, powered by the latest AI technologies, that provides engaging experiences to its customers in many different languages to help them improve their language skills. Users can chat about unlimited amount of topics with the app and use other modes to practice their language learning.","email":"support@talkpal.ai","legalName":"Talkpal, Inc.","foundingDate":"2023-04-03","duns":"118989042","numberOfEmployees":{"@type":"QuantitativeValue","minValue":"11","maxValue":"50"},"publishingPrinciples":"https:\/\/talkpal.ai\/publishing-principles\/","actionableFeedbackPolicy":"https:\/\/talkpal.ai\/actionable-feedback-policy\/","correctionsPolicy":"https:\/\/talkpal.ai\/corrections-policy\/","ethicsPolicy":"https:\/\/talkpal.ai\/ethics-policy\/","diversityPolicy":"https:\/\/talkpal.ai\/diversity-policy\/","diversityStaffingReport":"https:\/\/talkpal.ai\/diversity-policy\/"}]}},"_links":{"self":[{"href":"https:\/\/talkpal.ai\/gl\/wp-json\/wp\/v2\/pages\/124083","targetHints":{"allow":["GET"]}}],"collection":[{"href":"https:\/\/talkpal.ai\/gl\/wp-json\/wp\/v2\/pages"}],"about":[{"href":"https:\/\/talkpal.ai\/gl\/wp-json\/wp\/v2\/types\/page"}],"author":[{"embeddable":true,"href":"https:\/\/talkpal.ai\/gl\/wp-json\/wp\/v2\/users\/1"}],"replies":[{"embeddable":true,"href":"https:\/\/talkpal.ai\/gl\/wp-json\/wp\/v2\/comments?post=124083"}],"version-history":[{"count":0,"href":"https:\/\/talkpal.ai\/gl\/wp-json\/wp\/v2\/pages\/124083\/revisions"}],"wp:featuredmedia":[{"embeddable":true,"href":"https:\/\/talkpal.ai\/gl\/wp-json\/wp\/v2\/media\/75656"}],"wp:attachment":[{"href":"https:\/\/talkpal.ai\/gl\/wp-json\/wp\/v2\/media?parent=124083"}],"curies":[{"name":"wp","href":"https:\/\/api.w.org\/{rel}","templated":true}]}}