{"id":1481651,"date":"2025-11-27T16:56:24","date_gmt":"2025-11-27T16:56:24","guid":{"rendered":"https:\/\/talkpal.ai\/lascaine-nollag-talkpal\/"},"modified":"2026-01-22T14:03:19","modified_gmt":"2026-01-22T14:03:19","slug":"lascaine-nollag-talkpal","status":"publish","type":"page","link":"https:\/\/talkpal.ai\/ga\/lascaine-nollag-talkpal\/","title":{"rendered":"Lascaine Nollag Talkpal"},"content":{"rendered":"<section class=\"languageChallengeSection\">\r\n    <div class=\"languageInfoWrapper\">\r\n        \r\n        <h1>Lascaine Nollag Talkpal<\/h1>\r\n        <p>An bhfuil t\u00fa r\u00e9idh le do scileanna teanga a neart\u00fa? An Nollaig seo, cuireann Talkpal lascaine eisiach 79% ar f\u00e1il chun cabhr\u00fa leat foghlaim n\u00edos tap\u00fala agus n\u00edos cliste. D\u00edghlas\u00e1il gach gn\u00e9 phr\u00e9imhe, d\u00e9an f\u00edorchomhr\u00e1ite a chleachtadh le AI, agus t\u00f3g l\u00edofacht ar leath an chostais.<\/p>\r\n\r\n                    <a class=\"getStartedHidden\" href=\"https:\/\/app.talkpal.ai\/signup?discount=50\">\r\n                Faigh lascaine            <\/a>\r\n            <\/div>\r\n\r\n            <figure>\r\n            <img decoding=\"async\" class=\"no-lazy\" src=\"https:\/\/talkpal.ai\/wp-content\/uploads\/2026\/01\/curly-girl-with-phone-yellow-background.webp\" alt=\"\" fetchpriority=\"high\" \/>\r\n        <\/figure>\r\n        \r\n                    <a class=\"getStartedVisible\" href=\"https:\/\/app.talkpal.ai\/signup?discount=50\">\r\n                Faigh lascaine            <\/a>\r\n        <\/section><section class=\"featureSection\">\r\n    <div class=\"featureIntroduce\">\r\n        <a class=\"introduceLink\" href=\"https:\/\/app.talkpal.ai\/signup?lng=\">\r\n            <img decoding=\"async\" src=\"https:\/\/talkpal.ai\/wp-content\/themes\/talkpal\/assets\/img\/Sparkle.svg\" alt=\"\" \/>an ceann is \u00faire\r\n  AI<\/a>\r\n        <h3 class=\"featureTitle\">An difr\u00edocht talkpal<\/h3>\r\n    <\/div>\r\n            <div class=\"introduceWrapper\">\r\n                            <a class=\"introducCard\" href=\"https:\/\/app.talkpal.ai\/signup?lng=\">\r\n\r\n                    \r\n                                                <img decoding=\"async\" src=\"https:\/\/talkpal.ai\/wp-content\/uploads\/2025\/05\/Immersive_conversations.png\" alt=\"Immersive Conversation Screenshot\" \/>\r\n                        <h4 class=\"introduceTitle\">Oideachas Pearsantaithe<\/h4>\r\n                        <p class=\"cardText\">T\u00e1 cos\u00e1n gach foghlaimeora difri\u00fail, le taisteal, obair, agus sceidil ghn\u00f3thacha sa mheasc\u00e1n. \u00das\u00e1ideann Talkpal ard-AI chun foghlaim \u00f3 na milli\u00fain patr\u00fain staid\u00e9ir agus crutha\u00edonn s\u00e9 eisp\u00e9iris phearsantaithe, \u00e9ifeachtacha agus tarraingteacha at\u00e1 curtha in oiri\u00faint duitse.<\/p>\r\n                    \r\n                <\/a>\r\n                            <a class=\"introducCard\" href=\"https:\/\/app.talkpal.ai\/signup?lng=\">\r\n\r\n                    \r\n                                                <img decoding=\"async\" src=\"https:\/\/talkpal.ai\/wp-content\/uploads\/2025\/05\/Realtime_feedback.png\" alt=\"Feedback Screenshot\" \/>\r\n                        <h4 class=\"introduceTitle\">Teicneola\u00edocht Nua-Aoiseach<\/h4>\r\n                        <p class=\"cardText\">Is \u00e9 \u00e1r misean foghlaim teanga phearsantaithe a dh\u00e9anamh inrochtana do gach duine tr\u00ed AI ceannr\u00f3da\u00edoch a chomhcheangal le modhanna teagaisc cruthaithe. An Nollaig seo, t\u00e1 s\u00e9 n\u00edos inrochtana n\u00e1 riamh. Le Talkpal, gheobhaidh t\u00fa turas saincheaptha a oireann do luas, do st\u00edl mhaireacht\u00e1la agus do spriocanna, cib\u00e9 \u00e1it a dt\u00f3gann an saol t\u00fa.<\/p>\r\n                    \r\n                <\/a>\r\n                            <a class=\"introducCard\" href=\"https:\/\/app.talkpal.ai\/signup?lng=\">\r\n\r\n                    \r\n                                                <img decoding=\"async\" src=\"https:\/\/talkpal.ai\/wp-content\/uploads\/2025\/05\/Personalization.png\" alt=\"Personalization Screenshot\" \/>\r\n                        <h4 class=\"introduceTitle\">Foghlaim a Dh\u00e9anamh Spraoi<\/h4>\r\n                        <p class=\"cardText\">Creidimid gur ch\u00f3ir go mbeadh foghlaim teangacha taitneamhach agus spreag\u00fail. Sin \u00e9 an f\u00e1th go gcoinn\u00edonn Talkpal t\u00fa gafa agus spreagtha, mar sin motha\u00edonn s\u00e9 n\u00edos l\u00fa cos\u00fail le staid\u00e9ar agus n\u00edos m\u00f3 cos\u00fail le heachtra\u00edocht. B\u00ed leis na m\u00edlte foghlaimeoir\u00ed ar fud an domhain agus bain leas as \u00e1r dtairiscint Nollag chun t\u00fas a chur le m\u00e1istreacht a fh\u00e1il ar do ch\u00e9ad teanga eile.<\/p>\r\n                    \r\n                <\/a>\r\n                            <\/div>\r\n                     <a class=\"featureSectionLink\" href=\"https:\/\/app.talkpal.ai\/signup?discount=50\">\r\n                Faigh lascaine            <\/a>\r\n                \r\n<\/section>\r\n\r\n\r\n<section class=\"smartFunSection\">\r\n            \r\n            <div class=\"smartFunCard\">\r\n                <div class=\"smartFunWrapper\"><img decoding=\"async\" src=\"https:\/\/talkpal.ai\/wp-content\/uploads\/2025\/05\/1.png\" alt=\"Learning Stats Screenshot\"><\/div>\r\n                <h3>Curtha in oiri\u00faint duit<\/h3>\r\n                <p>\u00das\u00e1ideann Talkpal teicneola\u00edocht AI-tiom\u00e1inte chun seisi\u00fain phearsantaithe a shol\u00e1thar a mheaitse\u00e1il le do leibh\u00e9al agus do luas. Freastala\u00edonn gach ceacht ar do chuid riachtanas agus cabhra\u00edonn s\u00e9 leat dul chun cinn seasta a dh\u00e9anamh, b\u00edodh t\u00fa sa bhaile n\u00f3 thar lear.<\/p>\r\n            <\/div>\r\n\r\n        \r\n            <div class=\"smartFunCard\">\r\n                <div class=\"smartFunWrapper\"><img decoding=\"async\" src=\"https:\/\/talkpal.ai\/wp-content\/uploads\/2025\/05\/2.png\" alt=\"Pronunciation Score Screenshot\"><\/div>\r\n                <h3>\u00c9ifeachtach &amp; \u00c9ifeachtach<\/h3>\r\n                <p>Neartaigh do scileanna l\u00e9itheoireachta, \u00e9isteachta agus labhartha go h\u00e9ifeachtach le Talkpal. D\u00e9anann \u00e1r n-uirlis\u00ed nu\u00e1lacha staid\u00e9ar teanga \u00e9ifeachtach agus taitneamhach d&#8217;fhoghlaimeoir\u00ed le gach cine\u00e1l sceidil.<\/p>\r\n            <\/div>\r\n\r\n        \r\n            <div class=\"smartFunCard\">\r\n                <div class=\"smartFunWrapper\"><img decoding=\"async\" src=\"https:\/\/talkpal.ai\/wp-content\/uploads\/2025\/05\/3.png\" alt=\"Chat Topics Screenshot\"><\/div>\r\n                <h3>Coinnigh Rannph\u00e1irteach<\/h3>\r\n                <p>Meascann an t-ard\u00e1n eilimint\u00ed gamified, d\u00fashl\u00e1in tarraingteacha, agus leideanna machnaimh chun t\u00fa a choinne\u00e1il spreagtha agus comhsheasmhach. Le Talkpal, is n\u00f3s laeth\u00fail spra\u00ed\u00fail \u00e9 foghlaim teanga, n\u00ed dualgas eile.<\/p>\r\n            <\/div>\r\n\r\n        \r\n            <div class=\"smartFunCard\">\r\n                <div class=\"smartFunWrapper\"><img decoding=\"async\" src=\"https:\/\/talkpal.ai\/wp-content\/uploads\/2025\/05\/4.png\" alt=\"Dashboard Screenshot\"><\/div>\r\n                <h3>Bain sult as an bhfoghlaim<\/h3>\r\n                <p>N\u00ed g\u00e1 go mbeadh m\u00e1istreacht teanga nua tedious. Cuireann Talkpal cleachta\u00ed idirghn\u00edomhacha, carachtair bhr\u00edomhara, agus comhr\u00e1ite AI \u00e9adroma ar f\u00e1il chun foghlaim a dh\u00e9anamh mar chuid taitneamhach de do l\u00e1. Lock in the Christmas 79% discount and start today.<\/p>\r\n            <\/div>\r\n\r\n            \r\n<\/section>\r\n\r\n<section class=\"promotionalBanner\">\r\n    <p class=\"promotionalText\">Lascaine Nollag Talkpal &#8211; Tosaigh ag foghlaim le praghas lascainithe<\/p>\r\n                <a class=\"promotionalLink\" href=\"https:\/\/app.talkpal.ai\/signup?discount=50\">\r\n                Faigh lascaine            <\/a>\r\n            \r\n<\/section>","protected":false},"excerpt":{"rendered":"","protected":false},"author":20,"featured_media":0,"parent":0,"menu_order":0,"comment_status":"closed","ping_status":"closed","template":"LearningContentPage.php","meta":{"_acf_changed":false,"footnotes":""},"class_list":["post-1481651","page","type-page","status-publish","hentry"],"acf":[],"yoast_head":"<!-- This site is optimized with the Yoast SEO Premium plugin v27.2 (Yoast SEO v27.2) - https:\/\/yoast.com\/product\/yoast-seo-premium-wordpress\/ -->\n<title>Lascaine Nollag Talkpal - Talkpal<\/title>\n<meta name=\"description\" content=\"S\u00e1bh\u00e1il 79% ar Talkpal Premium an Nollaig seo agus foghlaim teangacha n\u00edos tap\u00fala len\u00e1r dteagasc\u00f3ir comhr\u00e1 AI chun cinn.\" \/>\n<meta name=\"robots\" content=\"index, follow, max-snippet:-1, max-image-preview:large, max-video-preview:-1\" \/>\n<link rel=\"canonical\" href=\"https:\/\/talkpal.ai\/ga\/lascaine-nollag-talkpal\/\" \/>\n<meta property=\"og:locale\" content=\"ga_IE\" \/>\n<meta property=\"og:type\" content=\"article\" \/>\n<meta property=\"og:title\" content=\"Lascaine Nollag Talkpal\" \/>\n<meta property=\"og:url\" content=\"https:\/\/talkpal.ai\/ga\/lascaine-nollag-talkpal\/\" \/>\n<meta property=\"og:site_name\" content=\"Talkpal\" \/>\n<meta property=\"article:publisher\" content=\"https:\/\/www.facebook.com\/profile.php?id=100090733639311\" \/>\n<meta property=\"article:modified_time\" content=\"2026-01-22T14:03:19+00:00\" \/>\n<meta property=\"og:image\" content=\"https:\/\/talkpal.ai\/wp-content\/uploads\/2025\/02\/Progress-tab-16_9.png\" \/>\n\t<meta property=\"og:image:width\" content=\"2880\" \/>\n\t<meta property=\"og:image:height\" content=\"1620\" \/>\n\t<meta property=\"og:image:type\" content=\"image\/png\" \/>\n<meta name=\"twitter:card\" content=\"summary_large_image\" \/>\n<meta name=\"twitter:site\" content=\"@talkpalai\" \/>\n<script type=\"application\/ld+json\" class=\"yoast-schema-graph\">{\"@context\":\"https:\/\/schema.org\",\"@graph\":[{\"@type\":\"WebPage\",\"@id\":\"https:\/\/talkpal.ai\/ga\/lascaine-nollag-talkpal\/\",\"url\":\"https:\/\/talkpal.ai\/ga\/lascaine-nollag-talkpal\/\",\"name\":\"Lascaine Nollag Talkpal - Talkpal\",\"isPartOf\":{\"@id\":\"https:\/\/talkpal.ai\/ga\/#website\"},\"datePublished\":\"2025-11-27T16:56:24+00:00\",\"dateModified\":\"2026-01-22T14:03:19+00:00\",\"description\":\"S\u00e1bh\u00e1il 79% ar Talkpal Premium an Nollaig seo agus foghlaim teangacha n\u00edos tap\u00fala len\u00e1r dteagasc\u00f3ir comhr\u00e1 AI chun cinn.\",\"breadcrumb\":{\"@id\":\"https:\/\/talkpal.ai\/ga\/lascaine-nollag-talkpal\/#breadcrumb\"},\"inLanguage\":\"ga-IE\",\"potentialAction\":[{\"@type\":\"ReadAction\",\"target\":[\"https:\/\/talkpal.ai\/ga\/lascaine-nollag-talkpal\/\"]}]},{\"@type\":\"BreadcrumbList\",\"@id\":\"https:\/\/talkpal.ai\/ga\/lascaine-nollag-talkpal\/#breadcrumb\",\"itemListElement\":[{\"@type\":\"ListItem\",\"position\":1,\"name\":\"Homepage\",\"item\":\"https:\/\/talkpal.ai\/ga\/\"},{\"@type\":\"ListItem\",\"position\":2,\"name\":\"Lascaine Nollag Talkpal\"}]},{\"@type\":\"WebSite\",\"@id\":\"https:\/\/talkpal.ai\/ga\/#website\",\"url\":\"https:\/\/talkpal.ai\/ga\/\",\"name\":\"Talkpal\",\"description\":\"AI Language Learning\",\"publisher\":{\"@id\":\"https:\/\/talkpal.ai\/ga\/#organization\"},\"alternateName\":\"Talkpal AI\",\"potentialAction\":[{\"@type\":\"SearchAction\",\"target\":{\"@type\":\"EntryPoint\",\"urlTemplate\":\"https:\/\/talkpal.ai\/ga\/?s={search_term_string}\"},\"query-input\":{\"@type\":\"PropertyValueSpecification\",\"valueRequired\":true,\"valueName\":\"search_term_string\"}}],\"inLanguage\":\"ga-IE\"},{\"@type\":\"Organization\",\"@id\":\"https:\/\/talkpal.ai\/ga\/#organization\",\"name\":\"Talkpal, Inc.\",\"alternateName\":\"Talkpal AI\",\"url\":\"https:\/\/talkpal.ai\/ga\/\",\"logo\":{\"@type\":\"ImageObject\",\"inLanguage\":\"ga-IE\",\"@id\":\"https:\/\/talkpal.ai\/ga\/#\/schema\/logo\/image\/\",\"url\":\"https:\/\/talkpal.ai\/wp-content\/uploads\/2024\/03\/Talkpal-Logo-Icon.png\",\"contentUrl\":\"https:\/\/talkpal.ai\/wp-content\/uploads\/2024\/03\/Talkpal-Logo-Icon.png\",\"width\":2880,\"height\":2880,\"caption\":\"Talkpal, Inc.\"},\"image\":{\"@id\":\"https:\/\/talkpal.ai\/ga\/#\/schema\/logo\/image\/\"},\"sameAs\":[\"https:\/\/www.facebook.com\/profile.php?id=100090733639311\",\"https:\/\/x.com\/talkpalai\",\"https:\/\/www.linkedin.com\/company\/talkpal\/\",\"https:\/\/www.youtube.com\/@TalkPal\/\",\"https:\/\/www.tiktok.com\/@talkpal\",\"https:\/\/www.instagram.com\/talkpal_ai\/\",\"https:\/\/www.crunchbase.com\/organization\/talkpal-9cde\",\"https:\/\/www.g2.com\/products\/talkpal-for-business\/\",\"https:\/\/www.trustpilot.com\/review\/talkpal.ai\",\"https:\/\/www.capterra.com\/p\/10006800\/TalkPal\/\"],\"description\":\"Talkpal is a language learning web and mobile education app, powered by the latest AI technologies, that provides engaging experiences to its customers in many different languages to help them improve their language skills. Users can chat about unlimited amount of topics with the app and use other modes to practice their language learning.\",\"email\":\"support@talkpal.ai\",\"legalName\":\"Talkpal, Inc.\",\"foundingDate\":\"2023-04-03\",\"duns\":\"118989042\",\"numberOfEmployees\":{\"@type\":\"QuantitativeValue\",\"minValue\":\"11\",\"maxValue\":\"50\"},\"publishingPrinciples\":\"https:\/\/talkpal.ai\/publishing-principles\/\",\"actionableFeedbackPolicy\":\"https:\/\/talkpal.ai\/actionable-feedback-policy\/\",\"correctionsPolicy\":\"https:\/\/talkpal.ai\/corrections-policy\/\",\"ethicsPolicy\":\"https:\/\/talkpal.ai\/ethics-policy\/\",\"diversityPolicy\":\"https:\/\/talkpal.ai\/diversity-policy\/\",\"diversityStaffingReport\":\"https:\/\/talkpal.ai\/diversity-policy\/\"}]}<\/script>\n<!-- \/ Yoast SEO Premium plugin. -->","yoast_head_json":{"title":"Lascaine Nollag Talkpal - Talkpal","description":"S\u00e1bh\u00e1il 79% ar Talkpal Premium an Nollaig seo agus foghlaim teangacha n\u00edos tap\u00fala len\u00e1r dteagasc\u00f3ir comhr\u00e1 AI chun cinn.","robots":{"index":"index","follow":"follow","max-snippet":"max-snippet:-1","max-image-preview":"max-image-preview:large","max-video-preview":"max-video-preview:-1"},"canonical":"https:\/\/talkpal.ai\/ga\/lascaine-nollag-talkpal\/","og_locale":"ga_IE","og_type":"article","og_title":"Lascaine Nollag Talkpal","og_url":"https:\/\/talkpal.ai\/ga\/lascaine-nollag-talkpal\/","og_site_name":"Talkpal","article_publisher":"https:\/\/www.facebook.com\/profile.php?id=100090733639311","article_modified_time":"2026-01-22T14:03:19+00:00","og_image":[{"width":2880,"height":1620,"url":"https:\/\/talkpal.ai\/wp-content\/uploads\/2025\/02\/Progress-tab-16_9.png","type":"image\/png"}],"twitter_card":"summary_large_image","twitter_site":"@talkpalai","schema":{"@context":"https:\/\/schema.org","@graph":[{"@type":"WebPage","@id":"https:\/\/talkpal.ai\/ga\/lascaine-nollag-talkpal\/","url":"https:\/\/talkpal.ai\/ga\/lascaine-nollag-talkpal\/","name":"Lascaine Nollag Talkpal - Talkpal","isPartOf":{"@id":"https:\/\/talkpal.ai\/ga\/#website"},"datePublished":"2025-11-27T16:56:24+00:00","dateModified":"2026-01-22T14:03:19+00:00","description":"S\u00e1bh\u00e1il 79% ar Talkpal Premium an Nollaig seo agus foghlaim teangacha n\u00edos tap\u00fala len\u00e1r dteagasc\u00f3ir comhr\u00e1 AI chun cinn.","breadcrumb":{"@id":"https:\/\/talkpal.ai\/ga\/lascaine-nollag-talkpal\/#breadcrumb"},"inLanguage":"ga-IE","potentialAction":[{"@type":"ReadAction","target":["https:\/\/talkpal.ai\/ga\/lascaine-nollag-talkpal\/"]}]},{"@type":"BreadcrumbList","@id":"https:\/\/talkpal.ai\/ga\/lascaine-nollag-talkpal\/#breadcrumb","itemListElement":[{"@type":"ListItem","position":1,"name":"Homepage","item":"https:\/\/talkpal.ai\/ga\/"},{"@type":"ListItem","position":2,"name":"Lascaine Nollag Talkpal"}]},{"@type":"WebSite","@id":"https:\/\/talkpal.ai\/ga\/#website","url":"https:\/\/talkpal.ai\/ga\/","name":"Talkpal","description":"AI Language Learning","publisher":{"@id":"https:\/\/talkpal.ai\/ga\/#organization"},"alternateName":"Talkpal AI","potentialAction":[{"@type":"SearchAction","target":{"@type":"EntryPoint","urlTemplate":"https:\/\/talkpal.ai\/ga\/?s={search_term_string}"},"query-input":{"@type":"PropertyValueSpecification","valueRequired":true,"valueName":"search_term_string"}}],"inLanguage":"ga-IE"},{"@type":"Organization","@id":"https:\/\/talkpal.ai\/ga\/#organization","name":"Talkpal, Inc.","alternateName":"Talkpal AI","url":"https:\/\/talkpal.ai\/ga\/","logo":{"@type":"ImageObject","inLanguage":"ga-IE","@id":"https:\/\/talkpal.ai\/ga\/#\/schema\/logo\/image\/","url":"https:\/\/talkpal.ai\/wp-content\/uploads\/2024\/03\/Talkpal-Logo-Icon.png","contentUrl":"https:\/\/talkpal.ai\/wp-content\/uploads\/2024\/03\/Talkpal-Logo-Icon.png","width":2880,"height":2880,"caption":"Talkpal, Inc."},"image":{"@id":"https:\/\/talkpal.ai\/ga\/#\/schema\/logo\/image\/"},"sameAs":["https:\/\/www.facebook.com\/profile.php?id=100090733639311","https:\/\/x.com\/talkpalai","https:\/\/www.linkedin.com\/company\/talkpal\/","https:\/\/www.youtube.com\/@TalkPal\/","https:\/\/www.tiktok.com\/@talkpal","https:\/\/www.instagram.com\/talkpal_ai\/","https:\/\/www.crunchbase.com\/organization\/talkpal-9cde","https:\/\/www.g2.com\/products\/talkpal-for-business\/","https:\/\/www.trustpilot.com\/review\/talkpal.ai","https:\/\/www.capterra.com\/p\/10006800\/TalkPal\/"],"description":"Talkpal is a language learning web and mobile education app, powered by the latest AI technologies, that provides engaging experiences to its customers in many different languages to help them improve their language skills. Users can chat about unlimited amount of topics with the app and use other modes to practice their language learning.","email":"support@talkpal.ai","legalName":"Talkpal, Inc.","foundingDate":"2023-04-03","duns":"118989042","numberOfEmployees":{"@type":"QuantitativeValue","minValue":"11","maxValue":"50"},"publishingPrinciples":"https:\/\/talkpal.ai\/publishing-principles\/","actionableFeedbackPolicy":"https:\/\/talkpal.ai\/actionable-feedback-policy\/","correctionsPolicy":"https:\/\/talkpal.ai\/corrections-policy\/","ethicsPolicy":"https:\/\/talkpal.ai\/ethics-policy\/","diversityPolicy":"https:\/\/talkpal.ai\/diversity-policy\/","diversityStaffingReport":"https:\/\/talkpal.ai\/diversity-policy\/"}]}},"_links":{"self":[{"href":"https:\/\/talkpal.ai\/ga\/wp-json\/wp\/v2\/pages\/1481651","targetHints":{"allow":["GET"]}}],"collection":[{"href":"https:\/\/talkpal.ai\/ga\/wp-json\/wp\/v2\/pages"}],"about":[{"href":"https:\/\/talkpal.ai\/ga\/wp-json\/wp\/v2\/types\/page"}],"author":[{"embeddable":true,"href":"https:\/\/talkpal.ai\/ga\/wp-json\/wp\/v2\/users\/20"}],"replies":[{"embeddable":true,"href":"https:\/\/talkpal.ai\/ga\/wp-json\/wp\/v2\/comments?post=1481651"}],"version-history":[{"count":0,"href":"https:\/\/talkpal.ai\/ga\/wp-json\/wp\/v2\/pages\/1481651\/revisions"}],"wp:attachment":[{"href":"https:\/\/talkpal.ai\/ga\/wp-json\/wp\/v2\/media?parent=1481651"}],"curies":[{"name":"wp","href":"https:\/\/api.w.org\/{rel}","templated":true}]}}