{"id":1476434,"date":"2025-11-12T17:36:06","date_gmt":"2025-11-12T17:36:06","guid":{"rendered":"https:\/\/talkpal.ai\/cleachtai-gramadai-zulu\/"},"modified":"2025-12-30T13:23:50","modified_gmt":"2025-12-30T13:23:50","slug":"cleachtai-gramadai-zulu","status":"publish","type":"page","link":"https:\/\/talkpal.ai\/ga\/cleachtai-gramadai-zulu\/","title":{"rendered":"Cleachta\u00ed Gramada\u00ed Zulu"},"content":{"rendered":"\r\n\r\n\r\n<section class=\"languageChallengeSection\">\r\n    <div class=\"languageInfoWrapper\">\r\n        \r\n        <h1>Cleachta\u00ed Gramada\u00ed Zulu<\/h1>\r\n        <p>R\u00e9idh le tumadh isteach i ngramadach <a href=\"https:\/\/talkpal.ai\/learn-zulu\/\">Zulu<\/a>? Cabhr\u00f3idh cleachtadh c\u00fapla bun\u00fasach leat a bheith compordach leis an teanga uath\u00fail agus \u00e1lainn seo. Bain triail as na cleachta\u00ed seo chun do mhuin\u00edn a th\u00f3g\u00e1il agus spraoi a bheith agat ar an mbealach!<\/p>\r\n\r\n                            <a class=\"getStartedHidden\" href=\"https:\/\/app.talkpal.ai\/signup?lng=\">Tosaigh<\/a>\r\n        \r\n    <\/div>\r\n\r\n    <figure>\r\n    <img decoding=\"async\" width=\"768\" height=\"768\" src=\"https:\/\/talkpal.ai\/wp-content\/uploads\/2023\/06\/welsh-768x768.png\" class=\"languageImage no-lazy\" alt=\"Language learning for better cognitive abilities\" fetchpriority=\"high\" sizes=\"(max-width: 768px) 150px, 768px\" srcset=\"https:\/\/talkpal.ai\/wp-content\/uploads\/2023\/06\/welsh-768x768.png 768w, https:\/\/talkpal.ai\/wp-content\/uploads\/2023\/06\/welsh-300x300.png 300w\" \/>\r\n    \r\n\r\n    <\/figure>\r\n\r\n            <a class=\"getStartedVisible\" href=\"https:\/\/app.talkpal.ai\/signup?lng=\">Tosaigh<\/a>\r\n    \r\n<\/section><section class=\"promotionalBanner\">\r\n    <p class=\"promotionalText\">An bealach is \u00e9ifeachta\u00ed le teanga a fhoghlaim<\/p>\r\n    <a class=\"promotionalLink\" href=\"https:\/\/app.talkpal.ai\/signup?lng=\">Bain triail as Talkpal saor in aisce<\/a>\r\n<\/section>\n<div class=\"wp-block-group pageContainerStyle\"><div class=\"wp-block-group__inner-container is-layout-constrained wp-block-group-is-layout-constrained\">\n<h2 class=\"wp-block-heading\" id=\"h-zulu-grammar-topics\">Topaic\u00ed Gramada\u00ed Zulu<\/h2>\n\n\n\n<p><a href=\"https:\/\/talkpal.ai\/ga\/na-botuin-is-mo-le-seachaint-agus-teanga-nua-a-fhoghlaim-agat\/\">Is f\u00e9idir le teanga nua a fhoghlaim<\/a> a bheith ina iarracht dh\u00fashl\u00e1nach ach luachmhar. N\u00ed haon eisceacht \u00ed an tS\u00fal\u00fais, teanga Bantu a labhra\u00edtear go pr\u00edomha san Afraic Theas. Lena ghn\u00e9ithe agus strucht\u00fair uath\u00fala <a href=\"https:\/\/talkpal.ai\/ga\/talkpal-don-oideachas\/\">,<\/a> \u00e9il\u00edonn <a href=\"https:\/\/talkpal.ai\/ga\/foghlaim-zulu\/\">foghlaim Zulu<\/a> cur chuige c\u00f3rasach chun a <a href=\"https:\/\/talkpal.ai\/grammar\/\">gramadach<\/a> saibhir, agglutinative a thuiscint. Tugann an treoir seo breac-chuntas ar na pr\u00edomhr\u00e9ims\u00ed de <a href=\"https:\/\/talkpal.ai\/ga\/gramadach-na-suluise\/\">ghramadach na S\u00fal\u00faise<\/a> i seicheamh loighci\u00fail <a href=\"https:\/\/talkpal.ai\/ga\/talkpal-don-oideachas\/\">d&#8217;fhoghlaim teanga<\/a>, ag tos\u00fa \u00f3 na bunghn\u00e9ithe ar n\u00f3s ainmfhocail agus ailt, agus ag dul ar aghaidh go r\u00e9ims\u00ed n\u00edos casta cos\u00fail le aimsir agus t\u00f3g\u00e1il abairte.<\/p>\n\n\n\n<h3 class=\"wp-block-heading\" id=\"h-1-nouns\">1. Ainmfhocail:<\/h3>\n\n\n\n<p>Cuir t\u00fas le do thuras teanga Zulu tr\u00ed na hainmfhocail a fhoghlaim. \u00c1ir\u00edtear leis seo tuiscint a fh\u00e1il ar an gc\u00f3ras aicme ainmfhocal lena r\u00e9im\u00edreanna, conas a oibr\u00edonn comhaont\u00fa ar fud na habairte, agus conas a dh\u00e9antar foirmeacha iolra tr\u00ed r\u00e9im\u00edr aicme ainmfhocal a athr\u00fa.<\/p>\n\n\n\n<h3 class=\"wp-block-heading\" id=\"h-2-articles\">2. Airteagail:<\/h3>\n\n\n\n<p>N\u00ed \u00fas\u00e1ideann Zulu ailt chinnte n\u00f3 \u00e9iginnte mar a dh\u00e9anann <a href=\"https:\/\/talkpal.ai\/ai-english-speaking-practice\/\">an B\u00e9arla<\/a> . Is gn\u00e1ch go gcinntear cinnteacht de r\u00e9ir comhth\u00e9acs, ord focal, n\u00f3 l\u00e9irithe. T\u00e1 s\u00e9 r\u00edth\u00e1bhachtach foghlaim conas taispe\u00e1ntais a \u00fas\u00e1id i gceart i dt\u00f3g\u00e1il abairte.<\/p>\n\n\n\n<h3 class=\"wp-block-heading\" id=\"h-3-adjectives\">3. Aidiachta\u00ed:<\/h3>\n\n\n\n<p>De ghn\u00e1th leanann aidiachta\u00ed i S\u00fal\u00fais a n-ainmfhocail agus caithfidh siad aont\u00fa leis an aicme ainmfhocal tr\u00ed concords aidiachta. Beidh ort foghlaim freisin conas compar\u00e1id\u00ed agus superlatives a fhoirmi\u00fa, go minic ag baint \u00fas\u00e1ide as t\u00f3g\u00e1lacha leis an mbriathar a chialla\u00edonn s\u00e1r\u00fa n\u00f3 an c\u00e1ithn\u00edn le haghaidh than, agus treisitheoir\u00ed cos\u00fail le kakhulu.<\/p>\n\n\n\n<h3 class=\"wp-block-heading\" id=\"h-4-pronouns-determiners\">4. Forainmneacha \/ Cinntitheoir\u00ed:<\/h3>\n\n\n\n<p>T\u00e1 forainmneacha agus determiners riachtanach i Zulu; \u00c1ir\u00edtear leo forainmneacha neamhsple\u00e1cha, comhoiri\u00fanachta\u00ed \u00e1bhair agus r\u00e9ad ar an mbriathar, sealbhacha a t\u00f3gadh le concords sealbhachais aicme-bhunaithe, taispe\u00e1ntais, agus cainn\u00edocht\u00f3ir\u00ed. T\u00e1 a gcomhaont\u00fa ceart, aicme-bhunaithe riachtanach chun cumars\u00e1id \u00e9ifeachtach a dh\u00e9anamh.<\/p>\n\n\n\n<h3 class=\"wp-block-heading\" id=\"h-5-verbs\">5. Briathra:<\/h3>\n\n\n\n<p>Athra\u00edonn briathra Zulu foirm tr\u00ed r\u00e9im\u00edreanna agus iarmh\u00edreanna a mharcann \u00e1bhar, rud, aimsir, gn\u00e9 agus gi\u00famar. Tosaigh leis na foirmeacha reatha, ansin d\u00e9an ini\u00fachadh ar an am at\u00e1 thart agus ar an todhcha\u00ed, chomh maith le s\u00ednt\u00ed coitianta cos\u00fail le c\u00faiseach, feidhmeach agus \u00e9ighn\u00edomhach.<\/p>\n\n\n\n<h3 class=\"wp-block-heading\" id=\"h-6-tenses\">6. Aimsir:<\/h3>\n\n\n\n<p>Tar \u00e9is duit m\u00e1istreacht a dh\u00e9anamh ar an strucht\u00far briathartha, d\u00e9an n\u00edos doimhne isteach i aimsir Zulu. \u00c1ir\u00edtear leis seo tuiscint a fh\u00e1il ar an am i l\u00e1thair, san am at\u00e1 thart le d\u00e9ana\u00ed, san am at\u00e1 thart agus sa todhcha\u00ed, chomh maith le foirmeacha foirfe, agus an chaoi a n-idirghn\u00edomha\u00edonn gn\u00e9 leis an am i gcomhth\u00e9acsanna \u00e9ags\u00fala.<\/p>\n\n\n\n<h3 class=\"wp-block-heading\" id=\"h-7-tense-comparison\">7. Compar\u00e1id aimsire:<\/h3>\n\n\n\n<p>Cuid\u00edonn compar\u00e1id a dh\u00e9anamh idir aimsir i Zulu le seicheamh agus nuance a thuiscint. Codarsnacht idir foirmeacha an bhriathar c\u00e9anna an bhriathar c\u00e9anna chun tuiscint n\u00edos soil\u00e9ire a fh\u00e1il ar am agus ar ghn\u00e9.<\/p>\n\n\n\n<h3 class=\"wp-block-heading\" id=\"h-8-progressive\">8. For\u00e1sach:<\/h3>\n\n\n\n<p>Cuirtear an for\u00e1sach i S\u00fal\u00fais in i\u00fal leis an aimsir l\u00e1ithreach ag baint \u00fas\u00e1ide as an marc\u00f3ir -ya- i ndiaidh an \u00e1bhair <a href=\"https:\/\/talkpal.ai\/locations\/language-courses-in-concord\/\">concord<\/a>, agus le marc\u00f3ir\u00ed gn\u00e9 ar n\u00f3s -sa still agus se cheana f\u00e9in. N\u00ed \u00fas\u00e1ideann Zulu briathar c\u00fanta chun na cr\u00edche seo.<\/p>\n\n\n\n<h3 class=\"wp-block-heading\" id=\"h-9-perfect-progressive\">9. For\u00e1sach Foirfe:<\/h3>\n\n\n\n<p>Cuirtear an bhr\u00ed seo in i\u00fal leis an gc\u00fanta a bheith in \u00e9ineacht leis an for\u00e1sach, rud a l\u00e9ir\u00edonn go minic gn\u00edomh at\u00e1 ar si\u00fal suas go pointe \u00e1irithe. \u00das\u00e1ideann Zulu go coitianta a bheith le marc\u00f3ir\u00ed gn\u00e9 n\u00f3 adverbs lean\u00fanachais a <a href=\"https:\/\/talkpal.ai\/locations\/language-courses-in-chur\/\">chur<\/a> in i\u00fal a bh\u00ed \u00e1 dh\u00e9anamh.<\/p>\n\n\n\n<h3 class=\"wp-block-heading\" id=\"h-10-conditionals\">10. Coinn\u00edollacha:<\/h3>\n\n\n\n<p>L\u00e9ir\u00edonn coinn\u00edollacha c\u00e1sanna hipit\u00e9iseacha agus a dtortha\u00ed f\u00e9ideartha. I Zulu d\u00e9antar iad a fhoirmi\u00fa le marc\u00f3ir\u00ed gi\u00famar coinn\u00edollach agus comhcheangail cos\u00fail le uma if, le foirmeacha briathartha cu\u00ed do choinn\u00edollacha f\u00edor agus frithfh\u00edorasacha.<\/p>\n\n\n\n<h3 class=\"wp-block-heading\" id=\"h-11-adverbs\">11. Adverbs:<\/h3>\n\n\n\n<p>Athra\u00edonn adverbs i Zulu briathra, aidiachta\u00ed, n\u00f3 adverbs eile. Ina measc t\u00e1 c\u00e1ithn\u00edn\u00ed adverbial, ideophones, agus focail <a href=\"https:\/\/talkpal.ai\/locations\/language-courses-in-ama\/\">ama<\/a> n\u00f3 modh, agus cuirtear go leor br\u00edonna adverbial in i\u00fal freisin tr\u00ed fhoirmeacha agus fr\u00e1sa\u00ed locative.<\/p>\n\n\n\n<h3 class=\"wp-block-heading\" id=\"h-12-prepositions\">12. Prepositions:<\/h3>\n\n\n\n<p>Is minic a chuirtear caidrimh ama, \u00e1ite agus modh in i\u00fal tr\u00ed fhoirmeacha ainmfhocail locative agus r\u00e9im\u00edreanna r\u00e9amhfhocail mar ku, e, na, agus nga, mar aon lena bpatr\u00fain chomhaontaithe.<\/p>\n\n\n\n<h3 class=\"wp-block-heading\" id=\"h-13-sentences\">13. Abairt\u00ed:<\/h3>\n\n\n\n<p>Ar deireadh, d\u00e9an cleachtadh ar abairt\u00ed a th\u00f3g\u00e1il. Is \u00e9ard a bheidh i gceist leis seo n\u00e1 na point\u00ed gramada\u00ed go l\u00e9ir a foghlaim\u00edodh roimhe seo a \u00fas\u00e1id i gcomhth\u00e9acs, lena n-\u00e1ir\u00edtear ord r\u00e9ad briathar \u00e1bhair, comhaont\u00fa idir aicm\u00ed ainmfhocal, patr\u00fain s\u00e9anta, agus foirmi\u00fa ceisteanna, rud a chinnt\u00edonn tuiscint chuimsitheach ar an teanga Zulu.<\/p>\n<\/div><\/div>\n\r\n<section class=\"learnNavigationSection\">\r\n            \r\n        <a href=\"https:\/\/talkpal.ai\/ga\/foghlaim-zulu\/\">\r\n            <div class=\"learnNavigationWrapper\">\r\n                <div class=\"learnNavigationContent\">\r\n                    <img decoding=\"async\" src=\"https:\/\/talkpal.ai\/wp-content\/uploads\/2025\/11\/Zulu.png\" alt=\"South African Flag\">\r\n                    <div>\r\n                        <h4>Maidir le Foghlaim Zulu<\/h4>\r\n                        <p>Faigh amach gach rud faoi Gramadach Zulu.<\/p>\r\n                    <\/div>\r\n                <\/div>\r\n            <\/div>\r\n        <\/a>\r\n\r\n        \r\n        <a href=\"https:\/\/talkpal.ai\/ga\/gramadach-na-suluise\/\">\r\n            <div class=\"learnNavigationWrapper\">\r\n                <div class=\"learnNavigationContent\">\r\n                    <img decoding=\"async\" src=\"https:\/\/talkpal.ai\/wp-content\/uploads\/2025\/11\/Zulu.png\" alt=\"South African Flag\">\r\n                    <div>\r\n                        <h4>Ceachtanna Gramada\u00ed Zulu<\/h4>\r\n                        <p>Cleachtadh gramadach Zulu.<\/p>\r\n                    <\/div>\r\n                <\/div>\r\n            <\/div>\r\n        <\/a>\r\n\r\n            <\/section>","protected":false},"excerpt":{"rendered":"<p>Topaic\u00ed Gramada\u00ed Zulu Is f\u00e9idir le teanga nua a fhoghlaim a bheith ina iarracht dh\u00fashl\u00e1nach ach luachmhar. N\u00ed haon eisceacht \u00ed an tS\u00fal\u00fais, teanga Bantu a labhra\u00edtear go pr\u00edomha san Afraic Theas. Lena ghn\u00e9ithe agus strucht\u00fair uath\u00fala , \u00e9il\u00edonn foghlaim Zulu cur chuige c\u00f3rasach chun a gramadach saibhir, agglutinative a thuiscint. Tugann an treoir seo [&hellip;]<\/p>\n","protected":false},"author":20,"featured_media":0,"parent":0,"menu_order":0,"comment_status":"closed","ping_status":"closed","template":"LearningContentPage.php","meta":{"_acf_changed":false,"footnotes":""},"class_list":["post-1476434","page","type-page","status-publish","hentry"],"acf":[],"yoast_head":"<!-- This site is optimized with the Yoast SEO Premium plugin v27.2 (Yoast SEO v27.2) - https:\/\/yoast.com\/product\/yoast-seo-premium-wordpress\/ -->\n<title>Cleachta\u00ed Gramada\u00ed Zulu - Talkpal<\/title>\n<meta name=\"description\" content=\"Faigh m\u00e1istreacht ar ghramadach na S\u00fal\u00faise le cleachta\u00ed idirghn\u00edomhacha a chl\u00fada\u00edonn ainmfhocail, briathra agus aimsir\u00ed chun do l\u00edofacht agus do mhuin\u00edn a th\u00f3g\u00e1il.\" \/>\n<meta name=\"robots\" content=\"index, follow, max-snippet:-1, max-image-preview:large, max-video-preview:-1\" \/>\n<link rel=\"canonical\" href=\"https:\/\/talkpal.ai\/ga\/cleachtai-gramadai-zulu\/\" \/>\n<meta property=\"og:locale\" content=\"ga_IE\" \/>\n<meta property=\"og:type\" content=\"article\" \/>\n<meta property=\"og:title\" content=\"Cleachta\u00ed Gramada\u00ed Zulu\" \/>\n<meta property=\"og:description\" content=\"Topaic\u00ed Gramada\u00ed Zulu Is f\u00e9idir le teanga nua a fhoghlaim a bheith ina iarracht dh\u00fashl\u00e1nach ach luachmhar. N\u00ed haon eisceacht \u00ed an tS\u00fal\u00fais, teanga Bantu a\" \/>\n<meta property=\"og:url\" content=\"https:\/\/talkpal.ai\/ga\/cleachtai-gramadai-zulu\/\" \/>\n<meta property=\"og:site_name\" content=\"Talkpal\" \/>\n<meta property=\"article:publisher\" content=\"https:\/\/www.facebook.com\/profile.php?id=100090733639311\" \/>\n<meta property=\"article:modified_time\" content=\"2025-12-30T13:23:50+00:00\" \/>\n<meta property=\"og:image\" content=\"https:\/\/talkpal.ai\/wp-content\/uploads\/2025\/02\/Progress-tab-16_9.png\" \/>\n\t<meta property=\"og:image:width\" content=\"2880\" \/>\n\t<meta property=\"og:image:height\" content=\"1620\" \/>\n\t<meta property=\"og:image:type\" content=\"image\/png\" \/>\n<meta name=\"twitter:card\" content=\"summary_large_image\" \/>\n<meta name=\"twitter:site\" content=\"@talkpalai\" \/>\n<meta name=\"twitter:label1\" content=\"Est. reading time\" \/>\n\t<meta name=\"twitter:data1\" content=\"4 minutes\" \/>\n<script type=\"application\/ld+json\" class=\"yoast-schema-graph\">{\"@context\":\"https:\/\/schema.org\",\"@graph\":[{\"@type\":\"WebPage\",\"@id\":\"https:\/\/talkpal.ai\/ga\/cleachtai-gramadai-zulu\/\",\"url\":\"https:\/\/talkpal.ai\/ga\/cleachtai-gramadai-zulu\/\",\"name\":\"Cleachta\u00ed Gramada\u00ed Zulu - Talkpal\",\"isPartOf\":{\"@id\":\"https:\/\/talkpal.ai\/ga\/#website\"},\"datePublished\":\"2025-11-12T17:36:06+00:00\",\"dateModified\":\"2025-12-30T13:23:50+00:00\",\"description\":\"Faigh m\u00e1istreacht ar ghramadach na S\u00fal\u00faise le cleachta\u00ed idirghn\u00edomhacha a chl\u00fada\u00edonn ainmfhocail, briathra agus aimsir\u00ed chun do l\u00edofacht agus do mhuin\u00edn a th\u00f3g\u00e1il.\",\"breadcrumb\":{\"@id\":\"https:\/\/talkpal.ai\/ga\/cleachtai-gramadai-zulu\/#breadcrumb\"},\"inLanguage\":\"ga-IE\",\"potentialAction\":[{\"@type\":\"ReadAction\",\"target\":[\"https:\/\/talkpal.ai\/ga\/cleachtai-gramadai-zulu\/\"]}]},{\"@type\":\"BreadcrumbList\",\"@id\":\"https:\/\/talkpal.ai\/ga\/cleachtai-gramadai-zulu\/#breadcrumb\",\"itemListElement\":[{\"@type\":\"ListItem\",\"position\":1,\"name\":\"Homepage\",\"item\":\"https:\/\/talkpal.ai\/ga\/\"},{\"@type\":\"ListItem\",\"position\":2,\"name\":\"Cleachta\u00ed Gramada\u00ed Zulu\"}]},{\"@type\":\"WebSite\",\"@id\":\"https:\/\/talkpal.ai\/ga\/#website\",\"url\":\"https:\/\/talkpal.ai\/ga\/\",\"name\":\"Talkpal\",\"description\":\"AI Language Learning\",\"publisher\":{\"@id\":\"https:\/\/talkpal.ai\/ga\/#organization\"},\"alternateName\":\"Talkpal AI\",\"potentialAction\":[{\"@type\":\"SearchAction\",\"target\":{\"@type\":\"EntryPoint\",\"urlTemplate\":\"https:\/\/talkpal.ai\/ga\/?s={search_term_string}\"},\"query-input\":{\"@type\":\"PropertyValueSpecification\",\"valueRequired\":true,\"valueName\":\"search_term_string\"}}],\"inLanguage\":\"ga-IE\"},{\"@type\":\"Organization\",\"@id\":\"https:\/\/talkpal.ai\/ga\/#organization\",\"name\":\"Talkpal, Inc.\",\"alternateName\":\"Talkpal AI\",\"url\":\"https:\/\/talkpal.ai\/ga\/\",\"logo\":{\"@type\":\"ImageObject\",\"inLanguage\":\"ga-IE\",\"@id\":\"https:\/\/talkpal.ai\/ga\/#\/schema\/logo\/image\/\",\"url\":\"https:\/\/talkpal.ai\/wp-content\/uploads\/2024\/03\/Talkpal-Logo-Icon.png\",\"contentUrl\":\"https:\/\/talkpal.ai\/wp-content\/uploads\/2024\/03\/Talkpal-Logo-Icon.png\",\"width\":2880,\"height\":2880,\"caption\":\"Talkpal, Inc.\"},\"image\":{\"@id\":\"https:\/\/talkpal.ai\/ga\/#\/schema\/logo\/image\/\"},\"sameAs\":[\"https:\/\/www.facebook.com\/profile.php?id=100090733639311\",\"https:\/\/x.com\/talkpalai\",\"https:\/\/www.linkedin.com\/company\/talkpal\/\",\"https:\/\/www.youtube.com\/@TalkPal\/\",\"https:\/\/www.tiktok.com\/@talkpal\",\"https:\/\/www.instagram.com\/talkpal_ai\/\",\"https:\/\/www.crunchbase.com\/organization\/talkpal-9cde\",\"https:\/\/www.g2.com\/products\/talkpal-for-business\/\",\"https:\/\/www.trustpilot.com\/review\/talkpal.ai\",\"https:\/\/www.capterra.com\/p\/10006800\/TalkPal\/\"],\"description\":\"Talkpal is a language learning web and mobile education app, powered by the latest AI technologies, that provides engaging experiences to its customers in many different languages to help them improve their language skills. Users can chat about unlimited amount of topics with the app and use other modes to practice their language learning.\",\"email\":\"support@talkpal.ai\",\"legalName\":\"Talkpal, Inc.\",\"foundingDate\":\"2023-04-03\",\"duns\":\"118989042\",\"numberOfEmployees\":{\"@type\":\"QuantitativeValue\",\"minValue\":\"11\",\"maxValue\":\"50\"},\"publishingPrinciples\":\"https:\/\/talkpal.ai\/publishing-principles\/\",\"actionableFeedbackPolicy\":\"https:\/\/talkpal.ai\/actionable-feedback-policy\/\",\"correctionsPolicy\":\"https:\/\/talkpal.ai\/corrections-policy\/\",\"ethicsPolicy\":\"https:\/\/talkpal.ai\/ethics-policy\/\",\"diversityPolicy\":\"https:\/\/talkpal.ai\/diversity-policy\/\",\"diversityStaffingReport\":\"https:\/\/talkpal.ai\/diversity-policy\/\"}]}<\/script>\n<!-- \/ Yoast SEO Premium plugin. -->","yoast_head_json":{"title":"Cleachta\u00ed Gramada\u00ed Zulu - Talkpal","description":"Faigh m\u00e1istreacht ar ghramadach na S\u00fal\u00faise le cleachta\u00ed idirghn\u00edomhacha a chl\u00fada\u00edonn ainmfhocail, briathra agus aimsir\u00ed chun do l\u00edofacht agus do mhuin\u00edn a th\u00f3g\u00e1il.","robots":{"index":"index","follow":"follow","max-snippet":"max-snippet:-1","max-image-preview":"max-image-preview:large","max-video-preview":"max-video-preview:-1"},"canonical":"https:\/\/talkpal.ai\/ga\/cleachtai-gramadai-zulu\/","og_locale":"ga_IE","og_type":"article","og_title":"Cleachta\u00ed Gramada\u00ed Zulu","og_description":"Topaic\u00ed Gramada\u00ed Zulu Is f\u00e9idir le teanga nua a fhoghlaim a bheith ina iarracht dh\u00fashl\u00e1nach ach luachmhar. N\u00ed haon eisceacht \u00ed an tS\u00fal\u00fais, teanga Bantu a","og_url":"https:\/\/talkpal.ai\/ga\/cleachtai-gramadai-zulu\/","og_site_name":"Talkpal","article_publisher":"https:\/\/www.facebook.com\/profile.php?id=100090733639311","article_modified_time":"2025-12-30T13:23:50+00:00","og_image":[{"width":2880,"height":1620,"url":"https:\/\/talkpal.ai\/wp-content\/uploads\/2025\/02\/Progress-tab-16_9.png","type":"image\/png"}],"twitter_card":"summary_large_image","twitter_site":"@talkpalai","twitter_misc":{"Est. reading time":"4 minutes"},"schema":{"@context":"https:\/\/schema.org","@graph":[{"@type":"WebPage","@id":"https:\/\/talkpal.ai\/ga\/cleachtai-gramadai-zulu\/","url":"https:\/\/talkpal.ai\/ga\/cleachtai-gramadai-zulu\/","name":"Cleachta\u00ed Gramada\u00ed Zulu - Talkpal","isPartOf":{"@id":"https:\/\/talkpal.ai\/ga\/#website"},"datePublished":"2025-11-12T17:36:06+00:00","dateModified":"2025-12-30T13:23:50+00:00","description":"Faigh m\u00e1istreacht ar ghramadach na S\u00fal\u00faise le cleachta\u00ed idirghn\u00edomhacha a chl\u00fada\u00edonn ainmfhocail, briathra agus aimsir\u00ed chun do l\u00edofacht agus do mhuin\u00edn a th\u00f3g\u00e1il.","breadcrumb":{"@id":"https:\/\/talkpal.ai\/ga\/cleachtai-gramadai-zulu\/#breadcrumb"},"inLanguage":"ga-IE","potentialAction":[{"@type":"ReadAction","target":["https:\/\/talkpal.ai\/ga\/cleachtai-gramadai-zulu\/"]}]},{"@type":"BreadcrumbList","@id":"https:\/\/talkpal.ai\/ga\/cleachtai-gramadai-zulu\/#breadcrumb","itemListElement":[{"@type":"ListItem","position":1,"name":"Homepage","item":"https:\/\/talkpal.ai\/ga\/"},{"@type":"ListItem","position":2,"name":"Cleachta\u00ed Gramada\u00ed Zulu"}]},{"@type":"WebSite","@id":"https:\/\/talkpal.ai\/ga\/#website","url":"https:\/\/talkpal.ai\/ga\/","name":"Talkpal","description":"AI Language Learning","publisher":{"@id":"https:\/\/talkpal.ai\/ga\/#organization"},"alternateName":"Talkpal AI","potentialAction":[{"@type":"SearchAction","target":{"@type":"EntryPoint","urlTemplate":"https:\/\/talkpal.ai\/ga\/?s={search_term_string}"},"query-input":{"@type":"PropertyValueSpecification","valueRequired":true,"valueName":"search_term_string"}}],"inLanguage":"ga-IE"},{"@type":"Organization","@id":"https:\/\/talkpal.ai\/ga\/#organization","name":"Talkpal, Inc.","alternateName":"Talkpal AI","url":"https:\/\/talkpal.ai\/ga\/","logo":{"@type":"ImageObject","inLanguage":"ga-IE","@id":"https:\/\/talkpal.ai\/ga\/#\/schema\/logo\/image\/","url":"https:\/\/talkpal.ai\/wp-content\/uploads\/2024\/03\/Talkpal-Logo-Icon.png","contentUrl":"https:\/\/talkpal.ai\/wp-content\/uploads\/2024\/03\/Talkpal-Logo-Icon.png","width":2880,"height":2880,"caption":"Talkpal, Inc."},"image":{"@id":"https:\/\/talkpal.ai\/ga\/#\/schema\/logo\/image\/"},"sameAs":["https:\/\/www.facebook.com\/profile.php?id=100090733639311","https:\/\/x.com\/talkpalai","https:\/\/www.linkedin.com\/company\/talkpal\/","https:\/\/www.youtube.com\/@TalkPal\/","https:\/\/www.tiktok.com\/@talkpal","https:\/\/www.instagram.com\/talkpal_ai\/","https:\/\/www.crunchbase.com\/organization\/talkpal-9cde","https:\/\/www.g2.com\/products\/talkpal-for-business\/","https:\/\/www.trustpilot.com\/review\/talkpal.ai","https:\/\/www.capterra.com\/p\/10006800\/TalkPal\/"],"description":"Talkpal is a language learning web and mobile education app, powered by the latest AI technologies, that provides engaging experiences to its customers in many different languages to help them improve their language skills. Users can chat about unlimited amount of topics with the app and use other modes to practice their language learning.","email":"support@talkpal.ai","legalName":"Talkpal, Inc.","foundingDate":"2023-04-03","duns":"118989042","numberOfEmployees":{"@type":"QuantitativeValue","minValue":"11","maxValue":"50"},"publishingPrinciples":"https:\/\/talkpal.ai\/publishing-principles\/","actionableFeedbackPolicy":"https:\/\/talkpal.ai\/actionable-feedback-policy\/","correctionsPolicy":"https:\/\/talkpal.ai\/corrections-policy\/","ethicsPolicy":"https:\/\/talkpal.ai\/ethics-policy\/","diversityPolicy":"https:\/\/talkpal.ai\/diversity-policy\/","diversityStaffingReport":"https:\/\/talkpal.ai\/diversity-policy\/"}]}},"_links":{"self":[{"href":"https:\/\/talkpal.ai\/ga\/wp-json\/wp\/v2\/pages\/1476434","targetHints":{"allow":["GET"]}}],"collection":[{"href":"https:\/\/talkpal.ai\/ga\/wp-json\/wp\/v2\/pages"}],"about":[{"href":"https:\/\/talkpal.ai\/ga\/wp-json\/wp\/v2\/types\/page"}],"author":[{"embeddable":true,"href":"https:\/\/talkpal.ai\/ga\/wp-json\/wp\/v2\/users\/20"}],"replies":[{"embeddable":true,"href":"https:\/\/talkpal.ai\/ga\/wp-json\/wp\/v2\/comments?post=1476434"}],"version-history":[{"count":0,"href":"https:\/\/talkpal.ai\/ga\/wp-json\/wp\/v2\/pages\/1476434\/revisions"}],"wp:attachment":[{"href":"https:\/\/talkpal.ai\/ga\/wp-json\/wp\/v2\/media?parent=1476434"}],"curies":[{"name":"wp","href":"https:\/\/api.w.org\/{rel}","templated":true}]}}