{"id":1476404,"date":"2025-11-12T17:13:26","date_gmt":"2025-11-12T17:13:26","guid":{"rendered":"https:\/\/talkpal.ai\/cleachtai-gramadai-teileaguis\/"},"modified":"2025-12-30T13:43:16","modified_gmt":"2025-12-30T13:43:16","slug":"cleachtai-gramadai-teileaguis","status":"publish","type":"page","link":"https:\/\/talkpal.ai\/ga\/cleachtai-gramadai-teileaguis\/","title":{"rendered":"Cleachta\u00ed Gramada\u00ed Teileag\u00fais"},"content":{"rendered":"\r\n\r\n\r\n<section class=\"languageChallengeSection\">\r\n    <div class=\"languageInfoWrapper\">\r\n        \r\n        <h1>Cleachta\u00ed Gramada\u00ed Teileag\u00fais<\/h1>\r\n        <p>R\u00e9idh le tumadh isteach i ngramadach <a href=\"https:\/\/talkpal.ai\/learn-telugu\/\">Teileag\u00fais<\/a>? Cabhr\u00f3idh cleachtadh c\u00fapla bun\u00fasach leat a bheith compordach leis an teanga uath\u00fail agus \u00e1lainn seo. Bain triail as na cleachta\u00ed seo chun do mhuin\u00edn a th\u00f3g\u00e1il agus spraoi a bheith agat ar an mbealach!<\/p>\r\n\r\n                            <a class=\"getStartedHidden\" href=\"https:\/\/app.talkpal.ai\/signup?lng=\">Tosaigh<\/a>\r\n        \r\n    <\/div>\r\n\r\n    <figure>\r\n    <img decoding=\"async\" width=\"768\" height=\"768\" src=\"https:\/\/talkpal.ai\/wp-content\/uploads\/2023\/06\/welsh-768x768.png\" class=\"languageImage no-lazy\" alt=\"Language learning for better cognitive abilities\" fetchpriority=\"high\" sizes=\"(max-width: 768px) 150px, 768px\" srcset=\"https:\/\/talkpal.ai\/wp-content\/uploads\/2023\/06\/welsh-768x768.png 768w, https:\/\/talkpal.ai\/wp-content\/uploads\/2023\/06\/welsh-300x300.png 300w\" \/>\r\n    \r\n\r\n    <\/figure>\r\n\r\n            <a class=\"getStartedVisible\" href=\"https:\/\/app.talkpal.ai\/signup?lng=\">Tosaigh<\/a>\r\n    \r\n<\/section><section class=\"promotionalBanner\">\r\n    <p class=\"promotionalText\">An bealach is \u00e9ifeachta\u00ed le teanga a fhoghlaim<\/p>\r\n    <a class=\"promotionalLink\" href=\"https:\/\/app.talkpal.ai\/signup?lng=\">Bain triail as Talkpal saor in aisce<\/a>\r\n<\/section>\n<div class=\"wp-block-group pageContainerStyle\"><div class=\"wp-block-group__inner-container is-layout-constrained wp-block-group-is-layout-constrained\">\n<h2 class=\"wp-block-heading\" id=\"h-telugu-grammar-topics\">Topaic\u00ed Gramada\u00ed Teileag\u00fais<\/h2>\n\n\n\n<p><a href=\"https:\/\/talkpal.ai\/ga\/na-botuin-is-mo-le-seachaint-agus-teanga-nua-a-fhoghlaim-agat\/\">Is f\u00e9idir le teanga nua a fhoghlaim <\/a>a bheith ina iarracht dh\u00fashl\u00e1nach ach luachmhar. N\u00ed haon eisceacht \u00ed Teileag\u00fais, teanga Dravidian a labhra\u00edtear go pr\u00edomha i st\u00e1it Indiach Andhra Pradesh agus Telangana. Lena ghn\u00e9ithe agus strucht\u00fair uath\u00fala <a href=\"https:\/\/talkpal.ai\/ga\/talkpal-don-oideachas\/\">,<\/a> \u00e9il\u00edonn foghlaim na Teileag\u00faise cur chuige c\u00f3rasach chun a <a href=\"https:\/\/talkpal.ai\/grammar\/\">gramadach<\/a> a thuiscint. Tugann an treoir seo breac-chuntas ar na pr\u00edomhr\u00e9ims\u00ed de <a href=\"https:\/\/talkpal.ai\/ga\/gramadach-teileaguis\/\">ghramadach na Teileag\u00faise<\/a> i seicheamh loighci\u00fail <a href=\"https:\/\/talkpal.ai\/ga\/talkpal-don-oideachas\/\">d&#8217;fhoghlaim teanga<\/a>, ag tos\u00fa \u00f3 na bunghn\u00e9ithe ar n\u00f3s ainmfhocail agus ailt, agus ag dul ar aghaidh go r\u00e9ims\u00ed n\u00edos casta cos\u00fail le aimsir agus t\u00f3g\u00e1il abairte.<\/p>\n\n\n\n<h3 class=\"wp-block-heading\" id=\"h-1-nouns\">1. Ainmfhocail:<\/h3>\n\n\n\n<p>Cuir t\u00fas le do thuras teanga Teileag\u00fais tr\u00ed na hainmfhocail a fhoghlaim. \u00c1ir\u00edtear leis seo tuiscint a fh\u00e1il ar na catag\u00f3ir\u00ed \u00e9ags\u00fala ainmfhocal, mar shampla ainmfhocail choitianta agus d\u00edlse, a bhfoirmeacha uatha agus iolra, agus conas a cheangla\u00edonn marc\u00f3ir\u00ed c\u00e1is le hainmfhocail chun caidrimh cos\u00fail le rud, seilbh, su\u00edomh agus treo a thaispe\u00e1int.<\/p>\n\n\n\n<h3 class=\"wp-block-heading\" id=\"h-2-articles\">2. Airteagail:<\/h3>\n\n\n\n<p>N\u00ed \u00fas\u00e1ideann Teileag\u00fais ailt chinnte n\u00f3 \u00e9iginnte mar a dh\u00e9anann <a href=\"https:\/\/talkpal.ai\/ai-english-speaking-practice\/\">an B\u00e9arla<\/a> . Cuirtear cinnteacht agus \u00e9iginnteacht in i\u00fal tr\u00ed chomhth\u00e9acs n\u00f3 tr\u00ed thaispe\u00e1ntais mar seo agus sin a \u00fas\u00e1id, agus is f\u00e9idir leis an uimhir uimhir feidhmi\u00fa mar alt \u00e9iginnte.<\/p>\n\n\n\n<h3 class=\"wp-block-heading\" id=\"h-3-adjectives\">3. Aidiachta\u00ed:<\/h3>\n\n\n\n<p>I dTeileag\u00fais, is gn\u00e1ch go mb\u00edonn aidiachta\u00ed roimh na hainmfhocail a mhodhna\u00edonn siad. Foghlaim foirmeacha aidiachta coitianta, rannph\u00e1irtithe aidiachta\u00ed, agus conas compar\u00e1id\u00ed a fhoirmi\u00fa ag baint \u00fas\u00e1ide as focail mar n\u00edos m\u00f3 agus n\u00e1, chomh maith le superlatives ag baint \u00fas\u00e1ide as nathanna mar very n\u00f3 an chuid is m\u00f3 laistigh de ghr\u00fapa.<\/p>\n\n\n\n<h3 class=\"wp-block-heading\" id=\"h-4-pronouns-determiners\">4. Forainmneacha \/ Cinntitheoir\u00ed:<\/h3>\n\n\n\n<p>T\u00e1 forainmneacha agus cinnteoir\u00ed riachtanach i dTeileag\u00fais. D\u00e9an staid\u00e9ar ar fhorainmneacha pearsanta, l\u00e9iritheacha agus ceisti\u00fala, chomh maith le cainn\u00edocht\u00f3ir\u00ed agus sealbhacha. Taispe\u00e1ntar seilbh le marc\u00f3ir\u00ed ginideacha n\u00f3 foirmeacha sealbhacha, agus t\u00e1 g\u00e1 le h\u00fas\u00e1id cheart le haghaidh cumars\u00e1ide \u00e9ifeachtach agus leibh\u00e9il on\u00f3racha cu\u00ed.<\/p>\n\n\n\n<h3 class=\"wp-block-heading\" id=\"h-5-verbs\">5. Briathra:<\/h3>\n\n\n\n<p>Athra\u00edonn briathra Teileag\u00fais foirm de r\u00e9ir aimsire, gn\u00e9, gi\u00famar, duine, uimhir, agus uaireanta inscne n\u00f3 leibh\u00e9al oinigh. Tosaigh le gais bhriathar bun\u00fasach agus na foirmeacha at\u00e1 ann faoi l\u00e1thair, san am at\u00e1 thart agus sa todhcha\u00ed, ansin foghlaim orda\u00edochta\u00ed coitianta agus ainmfhocail bhriathartha a \u00fas\u00e1idtear le haghaidh feidhmeanna cos\u00fail le infinitive.<\/p>\n\n\n\n<h3 class=\"wp-block-heading\" id=\"h-6-tenses\">6. Aimsir:<\/h3>\n\n\n\n<p>Tar \u00e9is duit m\u00e1istreacht a dh\u00e9anamh ar fhoirmeacha briathartha bun\u00fasacha, d\u00e9an n\u00edos doimhne isteach san aimsir agus sa ghn\u00e9 Teileag\u00fais. Tuiscint a fh\u00e1il ar an gcaoi a n-oibr\u00edonn aimsir l\u00e1ithreach, san am at\u00e1 thart agus sa todhcha\u00ed, chomh maith le br\u00edonna foirfe agus gn\u00e1th, agus conas a chuireann eilimint\u00ed c\u00fanta le nuance.<\/p>\n\n\n\n<h3 class=\"wp-block-heading\" id=\"h-7-tense-comparison\">7. Compar\u00e1id aimsire:<\/h3>\n\n\n\n<p>Cuid\u00edonn compar\u00e1id idir aimsir i dTeileag\u00fais le seicheamh agus gn\u00e9 na n-imeachta\u00ed a thuiscint. Tabharfaidh an briathar c\u00e9anna a chomhcheangal thar an am at\u00e1 inniu ann, san am at\u00e1 caite, sa todhcha\u00ed, agus ar \u00fas\u00e1id\u00ed foirfe n\u00f3 gn\u00e1th\u00fas\u00e1id\u00ed tuiscint n\u00edos soil\u00e9ire ar an gcaoi a gcuireann Teileag\u00fais am in i\u00fal.<\/p>\n\n\n\n<h3 class=\"wp-block-heading\" id=\"h-8-progressive\">8. For\u00e1sach:<\/h3>\n\n\n\n<p>L\u00e9ir\u00edonn an for\u00e1sach i dTeileag\u00fais gn\u00edomhartha lean\u00fanacha agus d\u00e9antar \u00e9 leis an gas briathartha m\u00f3ide an marc\u00f3ir for\u00e1sach agus na foircinn phearsanta. Mar shampla, t\u00e1 I am coming d\u00e9anta le gas for\u00e1sach agus an deireadh cu\u00ed.<\/p>\n\n\n\n<h3 class=\"wp-block-heading\" id=\"h-9-perfect-progressive\">9. For\u00e1sach Foirfe:<\/h3>\n\n\n\n<p>Is gn\u00e1ch gn\u00edomhartha a bh\u00ed ar si\u00fal suas go pointe \u00e1irithe a <a href=\"https:\/\/talkpal.ai\/locations\/language-courses-in-chur\/\">chur<\/a> in i\u00fal ag baint \u00fas\u00e1ide as an bhfoirm fhor\u00e1sach mar aon le nathanna <a href=\"https:\/\/talkpal.ai\/locations\/language-courses-in-ama\/\">ama<\/a> mar since, n\u00f3 tr\u00ed chomhcheangal a dh\u00e9anamh ar an for\u00e1sach le br\u00ed ch\u00fanta a bheith san aimsir chu\u00ed.<\/p>\n\n\n\n<h3 class=\"wp-block-heading\" id=\"h-10-conditionals\">10. Coinn\u00edollacha:<\/h3>\n\n\n\n<p>L\u00e9ir\u00edonn coinn\u00edollacha c\u00e1sanna hipit\u00e9iseacha agus a dtortha\u00ed f\u00e9ideartha. \u00das\u00e1ideann Teileag\u00fais foircinn choinn\u00edollacha agus c\u00e1ithn\u00edn\u00ed a chialla\u00edonn m\u00e1s rud \u00e9, at\u00e1 t\u00e1bhachtach chun abairt\u00ed n\u00edos nuanced a th\u00f3g\u00e1il.<\/p>\n\n\n\n<h3 class=\"wp-block-heading\" id=\"h-11-adverbs\">11. Adverbs:<\/h3>\n\n\n\n<p>Athra\u00edonn adverbs i dTeileag\u00fais briathra, aidiachta\u00ed, n\u00f3 adverbs eile. Sol\u00e1thra\u00edonn siad faisn\u00e9is faoi bhealach, \u00e1it, am, c\u00e9im, agus go leor eile, agus t\u00e1 go leor acu d\u00e9anta as aidiachta\u00ed le deireadh aidiachta tiomnaithe.<\/p>\n\n\n\n<h3 class=\"wp-block-heading\" id=\"h-12-prepositions\">12. Prepositions:<\/h3>\n\n\n\n<p>\u00das\u00e1ideann Teileag\u00fais postpositions go pr\u00edomha seachas r\u00e9amhfhocail. Leanann siad seo an t-ainmfhocal n\u00f3 an fr\u00e1sa ainmfhocal agus l\u00e9ir\u00edonn siad caidrimh ama, \u00e1ite, treo, tionlacan, agus go leor eile, go minic i gcomhcheangal le marc\u00f3ir\u00ed c\u00e1is.<\/p>\n\n\n\n<h3 class=\"wp-block-heading\" id=\"h-13-sentences\">13. Abairt\u00ed:<\/h3>\n\n\n\n<p>Ar deireadh, d\u00e9an cleachtadh ar abairt\u00ed a th\u00f3g\u00e1il. De ghn\u00e1th leanann Teileag\u00fais ord briathartha r\u00e9ad \u00e1bhair, agus is \u00e9ard at\u00e1 i gceist le t\u00f3g\u00e1il abairt\u00ed n\u00e1 na point\u00ed gramada\u00ed go l\u00e9ir a foghlaim\u00edodh roimhe seo a \u00fas\u00e1id i gcomhth\u00e9acs, ag cinnti\u00fa tuiscint chuimsitheach ar an teanga.<\/p>\n<\/div><\/div>\n\r\n<section class=\"learnNavigationSection\">\r\n            \r\n        <a href=\"https:\/\/talkpal.ai\/ga\/foghlaim-teileaguis\/\">\r\n            <div class=\"learnNavigationWrapper\">\r\n                <div class=\"learnNavigationContent\">\r\n                    <img decoding=\"async\" src=\"https:\/\/talkpal.ai\/wp-content\/uploads\/2025\/11\/Telugu.png\" alt=\"Indian Simplified Flag\">\r\n                    <div>\r\n                        <h4>Maidir le Foghlaim Teileag\u00fais<\/h4>\r\n                        <p>Faigh amach gach rud faoi Gramadach Teileag\u00fais.<\/p>\r\n                    <\/div>\r\n                <\/div>\r\n            <\/div>\r\n        <\/a>\r\n\r\n        \r\n        <a href=\"https:\/\/talkpal.ai\/ga\/gramadach-teileaguis\/\">\r\n            <div class=\"learnNavigationWrapper\">\r\n                <div class=\"learnNavigationContent\">\r\n                    <img decoding=\"async\" src=\"https:\/\/talkpal.ai\/wp-content\/uploads\/2025\/11\/Telugu.png\" alt=\"Indian Simplified Flag\">\r\n                    <div>\r\n                        <h4>Ceachtanna Gramada\u00ed Teileag\u00fais<\/h4>\r\n                        <p>Cleachtadh gramadach Teileag\u00fais.<\/p>\r\n                    <\/div>\r\n                <\/div>\r\n            <\/div>\r\n        <\/a>\r\n\r\n            <\/section>","protected":false},"excerpt":{"rendered":"<p>Topaic\u00ed Gramada\u00ed Teileag\u00fais Is f\u00e9idir le teanga nua a fhoghlaim a bheith ina iarracht dh\u00fashl\u00e1nach ach luachmhar. N\u00ed haon eisceacht \u00ed Teileag\u00fais, teanga Dravidian a labhra\u00edtear go pr\u00edomha i st\u00e1it Indiach Andhra Pradesh agus Telangana. Lena ghn\u00e9ithe agus strucht\u00fair uath\u00fala , \u00e9il\u00edonn foghlaim na Teileag\u00faise cur chuige c\u00f3rasach chun a gramadach a thuiscint. Tugann an [&hellip;]<\/p>\n","protected":false},"author":20,"featured_media":0,"parent":0,"menu_order":0,"comment_status":"closed","ping_status":"closed","template":"LearningContentPage.php","meta":{"_acf_changed":false,"footnotes":""},"class_list":["post-1476404","page","type-page","status-publish","hentry"],"acf":[],"yoast_head":"<!-- This site is optimized with the Yoast SEO Premium plugin v27.2 (Yoast SEO v27.2) - https:\/\/yoast.com\/product\/yoast-seo-premium-wordpress\/ -->\n<title>Cleachta\u00ed Gramada\u00ed Teileag\u00fais - Talkpal<\/title>\n<meta name=\"description\" content=\"Faigh m\u00e1istreacht ar ghramadach na Teileag\u00faise len\u00e1r gcleachta\u00ed faoi thiom\u00e1int na hintleachta saorga a chl\u00fada\u00edonn ainmfhocail, briathra, aimsir\u00ed agus strucht\u00far abairt\u00ed le haghaidh foghlama \u00e9ifeachtach.\" \/>\n<meta name=\"robots\" content=\"index, follow, max-snippet:-1, max-image-preview:large, max-video-preview:-1\" \/>\n<link rel=\"canonical\" href=\"https:\/\/talkpal.ai\/ga\/cleachtai-gramadai-teileaguis\/\" \/>\n<meta property=\"og:locale\" content=\"ga_IE\" \/>\n<meta property=\"og:type\" content=\"article\" \/>\n<meta property=\"og:title\" content=\"Cleachta\u00ed Gramada\u00ed Teileag\u00fais\" \/>\n<meta property=\"og:description\" content=\"Topaic\u00ed Gramada\u00ed Teileag\u00fais Is f\u00e9idir le teanga nua a fhoghlaim a bheith ina iarracht dh\u00fashl\u00e1nach ach luachmhar. N\u00ed haon eisceacht \u00ed Teileag\u00fais, teanga\" \/>\n<meta property=\"og:url\" content=\"https:\/\/talkpal.ai\/ga\/cleachtai-gramadai-teileaguis\/\" \/>\n<meta property=\"og:site_name\" content=\"Talkpal\" \/>\n<meta property=\"article:publisher\" content=\"https:\/\/www.facebook.com\/profile.php?id=100090733639311\" \/>\n<meta property=\"article:modified_time\" content=\"2025-12-30T13:43:16+00:00\" \/>\n<meta property=\"og:image\" content=\"https:\/\/talkpal.ai\/wp-content\/uploads\/2025\/02\/Progress-tab-16_9.png\" \/>\n\t<meta property=\"og:image:width\" content=\"2880\" \/>\n\t<meta property=\"og:image:height\" content=\"1620\" \/>\n\t<meta property=\"og:image:type\" content=\"image\/png\" \/>\n<meta name=\"twitter:card\" content=\"summary_large_image\" \/>\n<meta name=\"twitter:site\" content=\"@talkpalai\" \/>\n<meta name=\"twitter:label1\" content=\"Est. reading time\" \/>\n\t<meta name=\"twitter:data1\" content=\"4 minutes\" \/>\n<script type=\"application\/ld+json\" class=\"yoast-schema-graph\">{\"@context\":\"https:\/\/schema.org\",\"@graph\":[{\"@type\":\"WebPage\",\"@id\":\"https:\/\/talkpal.ai\/ga\/cleachtai-gramadai-teileaguis\/\",\"url\":\"https:\/\/talkpal.ai\/ga\/cleachtai-gramadai-teileaguis\/\",\"name\":\"Cleachta\u00ed Gramada\u00ed Teileag\u00fais - Talkpal\",\"isPartOf\":{\"@id\":\"https:\/\/talkpal.ai\/ga\/#website\"},\"datePublished\":\"2025-11-12T17:13:26+00:00\",\"dateModified\":\"2025-12-30T13:43:16+00:00\",\"description\":\"Faigh m\u00e1istreacht ar ghramadach na Teileag\u00faise len\u00e1r gcleachta\u00ed faoi thiom\u00e1int na hintleachta saorga a chl\u00fada\u00edonn ainmfhocail, briathra, aimsir\u00ed agus strucht\u00far abairt\u00ed le haghaidh foghlama \u00e9ifeachtach.\",\"breadcrumb\":{\"@id\":\"https:\/\/talkpal.ai\/ga\/cleachtai-gramadai-teileaguis\/#breadcrumb\"},\"inLanguage\":\"ga-IE\",\"potentialAction\":[{\"@type\":\"ReadAction\",\"target\":[\"https:\/\/talkpal.ai\/ga\/cleachtai-gramadai-teileaguis\/\"]}]},{\"@type\":\"BreadcrumbList\",\"@id\":\"https:\/\/talkpal.ai\/ga\/cleachtai-gramadai-teileaguis\/#breadcrumb\",\"itemListElement\":[{\"@type\":\"ListItem\",\"position\":1,\"name\":\"Homepage\",\"item\":\"https:\/\/talkpal.ai\/ga\/\"},{\"@type\":\"ListItem\",\"position\":2,\"name\":\"Cleachta\u00ed Gramada\u00ed Teileag\u00fais\"}]},{\"@type\":\"WebSite\",\"@id\":\"https:\/\/talkpal.ai\/ga\/#website\",\"url\":\"https:\/\/talkpal.ai\/ga\/\",\"name\":\"Talkpal\",\"description\":\"AI Language Learning\",\"publisher\":{\"@id\":\"https:\/\/talkpal.ai\/ga\/#organization\"},\"alternateName\":\"Talkpal AI\",\"potentialAction\":[{\"@type\":\"SearchAction\",\"target\":{\"@type\":\"EntryPoint\",\"urlTemplate\":\"https:\/\/talkpal.ai\/ga\/?s={search_term_string}\"},\"query-input\":{\"@type\":\"PropertyValueSpecification\",\"valueRequired\":true,\"valueName\":\"search_term_string\"}}],\"inLanguage\":\"ga-IE\"},{\"@type\":\"Organization\",\"@id\":\"https:\/\/talkpal.ai\/ga\/#organization\",\"name\":\"Talkpal, Inc.\",\"alternateName\":\"Talkpal AI\",\"url\":\"https:\/\/talkpal.ai\/ga\/\",\"logo\":{\"@type\":\"ImageObject\",\"inLanguage\":\"ga-IE\",\"@id\":\"https:\/\/talkpal.ai\/ga\/#\/schema\/logo\/image\/\",\"url\":\"https:\/\/talkpal.ai\/wp-content\/uploads\/2024\/03\/Talkpal-Logo-Icon.png\",\"contentUrl\":\"https:\/\/talkpal.ai\/wp-content\/uploads\/2024\/03\/Talkpal-Logo-Icon.png\",\"width\":2880,\"height\":2880,\"caption\":\"Talkpal, Inc.\"},\"image\":{\"@id\":\"https:\/\/talkpal.ai\/ga\/#\/schema\/logo\/image\/\"},\"sameAs\":[\"https:\/\/www.facebook.com\/profile.php?id=100090733639311\",\"https:\/\/x.com\/talkpalai\",\"https:\/\/www.linkedin.com\/company\/talkpal\/\",\"https:\/\/www.youtube.com\/@TalkPal\/\",\"https:\/\/www.tiktok.com\/@talkpal\",\"https:\/\/www.instagram.com\/talkpal_ai\/\",\"https:\/\/www.crunchbase.com\/organization\/talkpal-9cde\",\"https:\/\/www.g2.com\/products\/talkpal-for-business\/\",\"https:\/\/www.trustpilot.com\/review\/talkpal.ai\",\"https:\/\/www.capterra.com\/p\/10006800\/TalkPal\/\"],\"description\":\"Talkpal is a language learning web and mobile education app, powered by the latest AI technologies, that provides engaging experiences to its customers in many different languages to help them improve their language skills. Users can chat about unlimited amount of topics with the app and use other modes to practice their language learning.\",\"email\":\"support@talkpal.ai\",\"legalName\":\"Talkpal, Inc.\",\"foundingDate\":\"2023-04-03\",\"duns\":\"118989042\",\"numberOfEmployees\":{\"@type\":\"QuantitativeValue\",\"minValue\":\"11\",\"maxValue\":\"50\"},\"publishingPrinciples\":\"https:\/\/talkpal.ai\/publishing-principles\/\",\"actionableFeedbackPolicy\":\"https:\/\/talkpal.ai\/actionable-feedback-policy\/\",\"correctionsPolicy\":\"https:\/\/talkpal.ai\/corrections-policy\/\",\"ethicsPolicy\":\"https:\/\/talkpal.ai\/ethics-policy\/\",\"diversityPolicy\":\"https:\/\/talkpal.ai\/diversity-policy\/\",\"diversityStaffingReport\":\"https:\/\/talkpal.ai\/diversity-policy\/\"}]}<\/script>\n<!-- \/ Yoast SEO Premium plugin. -->","yoast_head_json":{"title":"Cleachta\u00ed Gramada\u00ed Teileag\u00fais - Talkpal","description":"Faigh m\u00e1istreacht ar ghramadach na Teileag\u00faise len\u00e1r gcleachta\u00ed faoi thiom\u00e1int na hintleachta saorga a chl\u00fada\u00edonn ainmfhocail, briathra, aimsir\u00ed agus strucht\u00far abairt\u00ed le haghaidh foghlama \u00e9ifeachtach.","robots":{"index":"index","follow":"follow","max-snippet":"max-snippet:-1","max-image-preview":"max-image-preview:large","max-video-preview":"max-video-preview:-1"},"canonical":"https:\/\/talkpal.ai\/ga\/cleachtai-gramadai-teileaguis\/","og_locale":"ga_IE","og_type":"article","og_title":"Cleachta\u00ed Gramada\u00ed Teileag\u00fais","og_description":"Topaic\u00ed Gramada\u00ed Teileag\u00fais Is f\u00e9idir le teanga nua a fhoghlaim a bheith ina iarracht dh\u00fashl\u00e1nach ach luachmhar. N\u00ed haon eisceacht \u00ed Teileag\u00fais, teanga","og_url":"https:\/\/talkpal.ai\/ga\/cleachtai-gramadai-teileaguis\/","og_site_name":"Talkpal","article_publisher":"https:\/\/www.facebook.com\/profile.php?id=100090733639311","article_modified_time":"2025-12-30T13:43:16+00:00","og_image":[{"width":2880,"height":1620,"url":"https:\/\/talkpal.ai\/wp-content\/uploads\/2025\/02\/Progress-tab-16_9.png","type":"image\/png"}],"twitter_card":"summary_large_image","twitter_site":"@talkpalai","twitter_misc":{"Est. reading time":"4 minutes"},"schema":{"@context":"https:\/\/schema.org","@graph":[{"@type":"WebPage","@id":"https:\/\/talkpal.ai\/ga\/cleachtai-gramadai-teileaguis\/","url":"https:\/\/talkpal.ai\/ga\/cleachtai-gramadai-teileaguis\/","name":"Cleachta\u00ed Gramada\u00ed Teileag\u00fais - Talkpal","isPartOf":{"@id":"https:\/\/talkpal.ai\/ga\/#website"},"datePublished":"2025-11-12T17:13:26+00:00","dateModified":"2025-12-30T13:43:16+00:00","description":"Faigh m\u00e1istreacht ar ghramadach na Teileag\u00faise len\u00e1r gcleachta\u00ed faoi thiom\u00e1int na hintleachta saorga a chl\u00fada\u00edonn ainmfhocail, briathra, aimsir\u00ed agus strucht\u00far abairt\u00ed le haghaidh foghlama \u00e9ifeachtach.","breadcrumb":{"@id":"https:\/\/talkpal.ai\/ga\/cleachtai-gramadai-teileaguis\/#breadcrumb"},"inLanguage":"ga-IE","potentialAction":[{"@type":"ReadAction","target":["https:\/\/talkpal.ai\/ga\/cleachtai-gramadai-teileaguis\/"]}]},{"@type":"BreadcrumbList","@id":"https:\/\/talkpal.ai\/ga\/cleachtai-gramadai-teileaguis\/#breadcrumb","itemListElement":[{"@type":"ListItem","position":1,"name":"Homepage","item":"https:\/\/talkpal.ai\/ga\/"},{"@type":"ListItem","position":2,"name":"Cleachta\u00ed Gramada\u00ed Teileag\u00fais"}]},{"@type":"WebSite","@id":"https:\/\/talkpal.ai\/ga\/#website","url":"https:\/\/talkpal.ai\/ga\/","name":"Talkpal","description":"AI Language Learning","publisher":{"@id":"https:\/\/talkpal.ai\/ga\/#organization"},"alternateName":"Talkpal AI","potentialAction":[{"@type":"SearchAction","target":{"@type":"EntryPoint","urlTemplate":"https:\/\/talkpal.ai\/ga\/?s={search_term_string}"},"query-input":{"@type":"PropertyValueSpecification","valueRequired":true,"valueName":"search_term_string"}}],"inLanguage":"ga-IE"},{"@type":"Organization","@id":"https:\/\/talkpal.ai\/ga\/#organization","name":"Talkpal, Inc.","alternateName":"Talkpal AI","url":"https:\/\/talkpal.ai\/ga\/","logo":{"@type":"ImageObject","inLanguage":"ga-IE","@id":"https:\/\/talkpal.ai\/ga\/#\/schema\/logo\/image\/","url":"https:\/\/talkpal.ai\/wp-content\/uploads\/2024\/03\/Talkpal-Logo-Icon.png","contentUrl":"https:\/\/talkpal.ai\/wp-content\/uploads\/2024\/03\/Talkpal-Logo-Icon.png","width":2880,"height":2880,"caption":"Talkpal, Inc."},"image":{"@id":"https:\/\/talkpal.ai\/ga\/#\/schema\/logo\/image\/"},"sameAs":["https:\/\/www.facebook.com\/profile.php?id=100090733639311","https:\/\/x.com\/talkpalai","https:\/\/www.linkedin.com\/company\/talkpal\/","https:\/\/www.youtube.com\/@TalkPal\/","https:\/\/www.tiktok.com\/@talkpal","https:\/\/www.instagram.com\/talkpal_ai\/","https:\/\/www.crunchbase.com\/organization\/talkpal-9cde","https:\/\/www.g2.com\/products\/talkpal-for-business\/","https:\/\/www.trustpilot.com\/review\/talkpal.ai","https:\/\/www.capterra.com\/p\/10006800\/TalkPal\/"],"description":"Talkpal is a language learning web and mobile education app, powered by the latest AI technologies, that provides engaging experiences to its customers in many different languages to help them improve their language skills. Users can chat about unlimited amount of topics with the app and use other modes to practice their language learning.","email":"support@talkpal.ai","legalName":"Talkpal, Inc.","foundingDate":"2023-04-03","duns":"118989042","numberOfEmployees":{"@type":"QuantitativeValue","minValue":"11","maxValue":"50"},"publishingPrinciples":"https:\/\/talkpal.ai\/publishing-principles\/","actionableFeedbackPolicy":"https:\/\/talkpal.ai\/actionable-feedback-policy\/","correctionsPolicy":"https:\/\/talkpal.ai\/corrections-policy\/","ethicsPolicy":"https:\/\/talkpal.ai\/ethics-policy\/","diversityPolicy":"https:\/\/talkpal.ai\/diversity-policy\/","diversityStaffingReport":"https:\/\/talkpal.ai\/diversity-policy\/"}]}},"_links":{"self":[{"href":"https:\/\/talkpal.ai\/ga\/wp-json\/wp\/v2\/pages\/1476404","targetHints":{"allow":["GET"]}}],"collection":[{"href":"https:\/\/talkpal.ai\/ga\/wp-json\/wp\/v2\/pages"}],"about":[{"href":"https:\/\/talkpal.ai\/ga\/wp-json\/wp\/v2\/types\/page"}],"author":[{"embeddable":true,"href":"https:\/\/talkpal.ai\/ga\/wp-json\/wp\/v2\/users\/20"}],"replies":[{"embeddable":true,"href":"https:\/\/talkpal.ai\/ga\/wp-json\/wp\/v2\/comments?post=1476404"}],"version-history":[{"count":0,"href":"https:\/\/talkpal.ai\/ga\/wp-json\/wp\/v2\/pages\/1476404\/revisions"}],"wp:attachment":[{"href":"https:\/\/talkpal.ai\/ga\/wp-json\/wp\/v2\/media?parent=1476404"}],"curies":[{"name":"wp","href":"https:\/\/api.w.org\/{rel}","templated":true}]}}