{"id":1476388,"date":"2025-11-12T17:00:53","date_gmt":"2025-11-12T17:00:53","guid":{"rendered":"https:\/\/talkpal.ai\/cleachtai-gramadai-na-somaile\/"},"modified":"2025-12-30T11:14:56","modified_gmt":"2025-12-30T11:14:56","slug":"cleachtai-gramadai-na-somaile","status":"publish","type":"page","link":"https:\/\/talkpal.ai\/ga\/cleachtai-gramadai-na-somaile\/","title":{"rendered":"Cleachta\u00ed Gramada\u00ed na Som\u00e1ile"},"content":{"rendered":"\r\n\r\n\r\n<section class=\"languageChallengeSection\">\r\n    <div class=\"languageInfoWrapper\">\r\n        \r\n        <h1>Cleachta\u00ed Gramada\u00ed na Som\u00e1ile<\/h1>\r\n        <p>R\u00e9idh le tumadh isteach i ngramadach na Som\u00e1ile? Cabhr\u00f3idh cleachtadh c\u00fapla bun\u00fasach leat a bheith compordach leis an teanga uath\u00fail agus \u00e1lainn seo. Bain triail as na cleachta\u00ed seo chun do mhuin\u00edn a th\u00f3g\u00e1il agus spraoi a bheith agat ar an mbealach!<\/p>\r\n\r\n                            <a class=\"getStartedHidden\" href=\"https:\/\/app.talkpal.ai\/signup?lng=\">Tosaigh<\/a>\r\n        \r\n    <\/div>\r\n\r\n    <figure>\r\n    <img decoding=\"async\" width=\"768\" height=\"768\" src=\"https:\/\/talkpal.ai\/wp-content\/uploads\/2023\/06\/welsh-768x768.png\" class=\"languageImage no-lazy\" alt=\"Language learning for better cognitive abilities\" fetchpriority=\"high\" sizes=\"(max-width: 768px) 150px, 768px\" srcset=\"https:\/\/talkpal.ai\/wp-content\/uploads\/2023\/06\/welsh-768x768.png 768w, https:\/\/talkpal.ai\/wp-content\/uploads\/2023\/06\/welsh-300x300.png 300w\" \/>\r\n    \r\n\r\n    <\/figure>\r\n\r\n            <a class=\"getStartedVisible\" href=\"https:\/\/app.talkpal.ai\/signup?lng=\">Tosaigh<\/a>\r\n    \r\n<\/section><section class=\"promotionalBanner\">\r\n    <p class=\"promotionalText\">An bealach is \u00e9ifeachta\u00ed le teanga a fhoghlaim<\/p>\r\n    <a class=\"promotionalLink\" href=\"https:\/\/app.talkpal.ai\/signup?lng=\">Bain triail as Talkpal saor in aisce<\/a>\r\n<\/section>\n<div class=\"wp-block-group pageContainerStyle\"><div class=\"wp-block-group__inner-container is-layout-constrained wp-block-group-is-layout-constrained\">\n<h2 class=\"wp-block-heading\" id=\"h-somali-grammar-topics\">Topaic\u00ed Gramada\u00ed na Som\u00e1ile<\/h2>\n\n\n\n<p><a href=\"https:\/\/talkpal.ai\/ga\/na-botuin-is-mo-le-seachaint-agus-teanga-nua-a-fhoghlaim-agat\/\">Is f\u00e9idir le teanga nua a fhoghlaim<\/a> a bheith ina iarracht dh\u00fashl\u00e1nach ach luachmhar. N\u00ed haon eisceacht \u00ed an tSom\u00e1ilis, teanga Chushitis a labhra\u00edtear go pr\u00edomha sa tSom\u00e1il agus ar fud Chorn na hAfraice agus an diasp\u00f3ra. Leis na gn\u00e9ithe agus na strucht\u00fair uath\u00fala, teasta\u00edonn cur chuige c\u00f3rasach chun a <a href=\"https:\/\/talkpal.ai\/grammar\/\">gramadach<\/a> a <a href=\"https:\/\/talkpal.ai\/ga\/talkpal-don-oideachas\/\">thuiscint<\/a> . Tugann an treoir seo breac-chuntas ar na pr\u00edomhr\u00e9ims\u00ed de<a href=\"https:\/\/talkpal.ai\/ga\/gramadach-na-somaile\/\"> ghramadach na Som\u00e1ile<\/a> i seicheamh loighci\u00fail <a href=\"https:\/\/talkpal.ai\/ga\/talkpal-don-oideachas\/\">d&#8217;fhoghlaim teanga<\/a>, ag tos\u00fa \u00f3 na bunghn\u00e9ithe ar n\u00f3s ainmfhocail agus ailt, agus ag dul ar aghaidh go r\u00e9ims\u00ed n\u00edos casta cos\u00fail le aimsir agus t\u00f3g\u00e1il abairte.<\/p>\n\n\n\n<h3 class=\"wp-block-heading\" id=\"h-1-nouns\">1. Ainmfhocail:<\/h3>\n\n\n\n<p>Cuir t\u00fas le do thuras teanga <a href=\"https:\/\/talkpal.ai\/learn-somali\/\">Som\u00e1ilis<\/a> tr\u00ed na hainmfhocail a fhoghlaim. \u00c1ir\u00edtear leis seo tuiscint a fh\u00e1il ar na catag\u00f3ir\u00ed \u00e9ags\u00fala ainmfhocail, mar shampla ainmfhocail choitianta agus d\u00edlse, a n-inscne ghramada\u00ed, agus a bhfoirmeacha iolra le hiarmh\u00edreanna coitianta agus patr\u00fain neamhrialta.<\/p>\n\n\n\n<h3 class=\"wp-block-heading\" id=\"h-2-articles\">2. Airteagail:<\/h3>\n\n\n\n<p>\u00das\u00e1idtear ailt sa tSom\u00e1ilis ar bhealach difri\u00fail n\u00e1 sa <a href=\"https:\/\/talkpal.ai\/ai-english-speaking-practice\/\">Bh\u00e9arla<\/a>. \u00das\u00e1ideann an tSom\u00e1ilis alt cinnte suffix, de ghn\u00e1th -ka n\u00f3 -ta agus -ga n\u00f3 -da, a cheangla\u00edonn leis an bhfocal deireanach i bhfr\u00e1sa ainmfhocal, agus is gn\u00e1ch go gcuirtear an \u00e9iginnteacht in i\u00fal leis an ainmfhocal lom n\u00f3 le focail cos\u00fail le mid n\u00f3 hal.<\/p>\n\n\n\n<h3 class=\"wp-block-heading\" id=\"h-3-adjectives\">3. Aidiachta\u00ed:<\/h3>\n\n\n\n<p>Leanann aidiachta\u00ed sa tSom\u00e1ilis a n-ainmfhocail, at\u00e1 difri\u00fail \u00f3n mB\u00e9arla. They agree in gender and number and often carry the definite suffix when the noun phrase is definite; foghlaim conas compar\u00e1id\u00ed agus superlatives a fhoirmi\u00fa le ka &#8230; Badan, agus Ugu &#8230; Badan.<\/p>\n\n\n\n<h3 class=\"wp-block-heading\" id=\"h-4-pronouns-determiners\">4. Forainmneacha \/ Cinntitheoir\u00ed:<\/h3>\n\n\n\n<p>T\u00e1 forainmneacha agus determiners riachtanach sa tSom\u00e1ilis; Cuirtear siad in ionad ainmfhocail agus sol\u00e1thra\u00edonn siad faisn\u00e9is faoi chainn\u00edocht, seilbh, agus go leor eile. Foghlaim forainmneacha neamhsple\u00e1cha, l\u00e9irithe cos\u00fail le kan, tan, kuwaas, cainn\u00edocht\u00f3ir\u00ed mar qaar agus badan, agus foircinn shealbhacha cos\u00fail le -kayga agus -tayda ceangailte le hainmfhocail chinnte.<\/p>\n\n\n\n<h3 class=\"wp-block-heading\" id=\"h-5-verbs\">5. Briathra:<\/h3>\n\n\n\n<p>T\u00e1 foirmeacha difri\u00fala ag briathra na Som\u00e1ile ag brath ar aims, gn\u00e9 agus gi\u00famar. Tosaigh le foirmeacha reatha mar an gn\u00e1th-aa agus an -ayaa for\u00e1sach, ansin d\u00e9an ini\u00fachadh ar fhoirmeacha agus beala\u00ed san am at\u00e1 thart chun an todhcha\u00ed a <a href=\"https:\/\/talkpal.ai\/locations\/language-courses-in-chur\/\">chur<\/a> in i\u00fal, chomh maith le marc\u00f3ir\u00ed \u00e1bhair choitianta agus s\u00e9anadh le ma.<\/p>\n\n\n\n<h3 class=\"wp-block-heading\" id=\"h-6-tenses\">6. Aimsir:<\/h3>\n\n\n\n<p>Tar \u00e9is duit m\u00e1istreacht a fh\u00e1il ar na foirmeacha briathartha, d\u00e9an n\u00edos doimhne isteach i aimsir agus i ngn\u00e9ithe na Som\u00e1ile. \u00c1ir\u00edtear leis seo tuiscint a fh\u00e1il ar an ngn\u00e1th at\u00e1 ann faoi l\u00e1thair, for\u00e1sach l\u00e1ithreach, simpl\u00ed san am at\u00e1 caite, for\u00e1sach san am at\u00e1 caite, agus beala\u00ed chun am sa todhcha\u00ed a chur in i\u00fal le adverbs doon agus <a href=\"https:\/\/talkpal.ai\/locations\/language-courses-in-ama\/\">ama<\/a>, chomh maith le r\u00f3il c\u00e1ithn\u00edn\u00ed cos\u00fail le waa, baa, agus ayaa.<\/p>\n\n\n\n<h3 class=\"wp-block-heading\" id=\"h-7-tense-comparison\">7. Compar\u00e1id aimsire:<\/h3>\n\n\n\n<p>Cuid\u00edonn compar\u00e1id idir aimsir sa tSom\u00e1ilis le seicheamh na n-imeachta\u00ed a thuiscint. M\u00e1 dh\u00e9antar compar\u00e1id idir an briathar c\u00e9anna i bhfoirmeacha gn\u00e1th, for\u00e1sacha, san am at\u00e1 thart agus sa todhcha\u00ed, tabharfar tuiscint n\u00edos fearr ar an gcaoi a n-athra\u00edonn iarmh\u00edreanna agus c\u00e1ithn\u00edn\u00ed br\u00ed i gcomhth\u00e9acs.<\/p>\n\n\n\n<h3 class=\"wp-block-heading\" id=\"h-8-progressive\">8. For\u00e1sach:<\/h3>\n\n\n\n<p>\u00das\u00e1idtear an aimsir fhor\u00e1sach sa tSom\u00e1ilis chun gn\u00edomhartha lean\u00fanacha a chur in i\u00fal. T\u00e1 s\u00e9 d\u00e9anta leis an gas briathartha m\u00f3ide -ayaa agus marc\u00f3ir\u00ed \u00e1bhair chu\u00ed, mar shampla waan akhriyayaa do t\u00e1 m\u00e9 ag l\u00e9amh.<\/p>\n\n\n\n<h3 class=\"wp-block-heading\" id=\"h-9-perfect-progressive\">9. For\u00e1sach Foirfe:<\/h3>\n\n\n\n<p>\u00das\u00e1idtear an aimsir seo chun gn\u00edomhartha a bh\u00ed ar si\u00fal go dt\u00ed pointe \u00e1irithe a chur in i\u00fal. Sa tSom\u00e1ilis, is gn\u00e1ch go gcuirtear in i\u00fal \u00e9 leis an am at\u00e1 caite for\u00e1sach -ayay chomh maith le nathanna ama ar n\u00f3s tan <a href=\"https:\/\/talkpal.ai\/locations\/language-courses-in-iyo\/\">iyo<\/a> agus ilaa n\u00f3 le t\u00f3g\u00e1lacha cos\u00fail le ku jiray m\u00f3ide ainmfhocal briathartha.<\/p>\n\n\n\n<h3 class=\"wp-block-heading\" id=\"h-10-conditionals\">10. Coinn\u00edollacha:<\/h3>\n\n\n\n<p>L\u00e9ir\u00edonn coinn\u00edollacha c\u00e1sanna hipit\u00e9iseacha agus a dtortha\u00ed f\u00e9ideartha. Is gn\u00e1ch go n-\u00fas\u00e1ideann siad an comhcheangal haddii leis an bhfoirm bhriathar subjunctive, agus t\u00e1 s\u00e9anadh le feice\u00e1il le foirmeacha cos\u00fail le uusan n\u00f3 aadan de r\u00e9ir mar is cu\u00ed.<\/p>\n\n\n\n<h3 class=\"wp-block-heading\" id=\"h-11-adverbs\">11. Adverbs:<\/h3>\n\n\n\n<p>Modhna\u00edonn adverbs sa tSom\u00e1ilis briathar, aidiachta\u00ed, n\u00f3 adverbs eile. Sol\u00e1thra\u00edonn siad faisn\u00e9is faoi bhealach, \u00e1it, am, c\u00e9im, agus n\u00edos m\u00f3, go minic a fhoirm\u00edtear le si le haghaidh modh agus lena n-\u00e1ir\u00edtear m\u00edreanna coitianta cos\u00fail le hadda, <a href=\"https:\/\/talkpal.ai\/talkpal-new-years-discount\/\">berri<\/a>, halkaa, agus aad.<\/p>\n\n\n\n<h3 class=\"wp-block-heading\" id=\"h-12-prepositions\">12. Prepositions:<\/h3>\n\n\n\n<p>Nascann r\u00e9amhfhocail agus fr\u00e1sa\u00ed le ch\u00e9ile. \u00das\u00e1ideann an tSom\u00e1ilis m\u00edreanna cos\u00fail le ku in n\u00f3 at, ka from, you to or for, la with, agus dhex between, a chomhcheangla\u00edonn le hiarmh\u00edreanna pronominal mar igu, kaa, agus ugu.<\/p>\n\n\n\n<h3 class=\"wp-block-heading\" id=\"h-13-sentences\">13. Abairt\u00ed:<\/h3>\n\n\n\n<p>Ar deireadh, d\u00e9an cleachtadh ar abairt\u00ed a th\u00f3g\u00e1il. Is \u00e9ard a bheidh i gceist leis seo n\u00e1 na point\u00ed gramada\u00ed go l\u00e9ir a foghlaim\u00edodh roimhe seo a \u00fas\u00e1id i gcomhth\u00e9acs, ag tabhairt faoi deara go mb\u00edonn claonadh ag an tSom\u00e1ilis i dtreo ord briathartha-deiridh agus go n-\u00fas\u00e1ideann s\u00e9 marc\u00f3ir\u00ed f\u00f3cais agus topaic\u00ed cos\u00fail le waa, baa, agus ayaa, le s\u00e9anadh marc\u00e1ilte ag ma.<\/p>\n<\/div><\/div>\n\r\n<section class=\"learnNavigationSection\">\r\n            \r\n        <a href=\"https:\/\/talkpal.ai\/ga\/foghlaim-somailis\/\">\r\n            <div class=\"learnNavigationWrapper\">\r\n                <div class=\"learnNavigationContent\">\r\n                    <img decoding=\"async\" src=\"https:\/\/talkpal.ai\/wp-content\/uploads\/2025\/11\/Somali.png\" alt=\"Somalian Flag\">\r\n                    <div>\r\n                        <h4>Maidir le Foghlaim na Som\u00e1ile<\/h4>\r\n                        <p>Faigh amach gach rud faoi Gramadach na Som\u00e1ile.<\/p>\r\n                    <\/div>\r\n                <\/div>\r\n            <\/div>\r\n        <\/a>\r\n\r\n        \r\n        <a href=\"https:\/\/talkpal.ai\/ga\/gramadach-na-somaile\/\">\r\n            <div class=\"learnNavigationWrapper\">\r\n                <div class=\"learnNavigationContent\">\r\n                    <img decoding=\"async\" src=\"https:\/\/talkpal.ai\/wp-content\/uploads\/2025\/11\/Somali.png\" alt=\"Somalian Flag\">\r\n                    <div>\r\n                        <h4>Ceachtanna Gramada\u00ed na Som\u00e1ile<\/h4>\r\n                        <p>Cleachtadh gramadach na Som\u00e1ile.<\/p>\r\n                    <\/div>\r\n                <\/div>\r\n            <\/div>\r\n        <\/a>\r\n\r\n            <\/section>","protected":false},"excerpt":{"rendered":"<p>Topaic\u00ed Gramada\u00ed na Som\u00e1ile Is f\u00e9idir le teanga nua a fhoghlaim a bheith ina iarracht dh\u00fashl\u00e1nach ach luachmhar. N\u00ed haon eisceacht \u00ed an tSom\u00e1ilis, teanga Chushitis a labhra\u00edtear go pr\u00edomha sa tSom\u00e1il agus ar fud Chorn na hAfraice agus an diasp\u00f3ra. Leis na gn\u00e9ithe agus na strucht\u00fair uath\u00fala, teasta\u00edonn cur chuige c\u00f3rasach chun a gramadach [&hellip;]<\/p>\n","protected":false},"author":20,"featured_media":0,"parent":0,"menu_order":0,"comment_status":"closed","ping_status":"closed","template":"LearningContentPage.php","meta":{"_acf_changed":false,"footnotes":""},"class_list":["post-1476388","page","type-page","status-publish","hentry"],"acf":[],"yoast_head":"<!-- This site is optimized with the Yoast SEO Premium plugin v27.2 (Yoast SEO v27.2) - https:\/\/yoast.com\/product\/yoast-seo-premium-wordpress\/ -->\n<title>Cleachta\u00ed Gramada\u00ed na Som\u00e1ile - Talkpal<\/title>\n<meta name=\"description\" content=\"D\u00e9an m\u00e1istreacht ar ghramadach na Som\u00e1ile len\u00e1r gcleachta\u00ed cuimsitheacha a chl\u00fada\u00edonn ainmfhocail, briathra agus aimsir\u00ed le haghaidh foghlaim teanga \u00e9ifeachtach.\" \/>\n<meta name=\"robots\" content=\"index, follow, max-snippet:-1, max-image-preview:large, max-video-preview:-1\" \/>\n<link rel=\"canonical\" href=\"https:\/\/talkpal.ai\/ga\/cleachtai-gramadai-na-somaile\/\" \/>\n<meta property=\"og:locale\" content=\"ga_IE\" \/>\n<meta property=\"og:type\" content=\"article\" \/>\n<meta property=\"og:title\" content=\"Cleachta\u00ed Gramada\u00ed na Som\u00e1ile\" \/>\n<meta property=\"og:description\" content=\"Topaic\u00ed Gramada\u00ed na Som\u00e1ile Is f\u00e9idir le teanga nua a fhoghlaim a bheith ina iarracht dh\u00fashl\u00e1nach ach luachmhar. N\u00ed haon eisceacht \u00ed an tSom\u00e1ilis, teanga\" \/>\n<meta property=\"og:url\" content=\"https:\/\/talkpal.ai\/ga\/cleachtai-gramadai-na-somaile\/\" \/>\n<meta property=\"og:site_name\" content=\"Talkpal\" \/>\n<meta property=\"article:publisher\" content=\"https:\/\/www.facebook.com\/profile.php?id=100090733639311\" \/>\n<meta property=\"article:modified_time\" content=\"2025-12-30T11:14:56+00:00\" \/>\n<meta property=\"og:image\" content=\"https:\/\/talkpal.ai\/wp-content\/uploads\/2025\/02\/Progress-tab-16_9.png\" \/>\n\t<meta property=\"og:image:width\" content=\"2880\" \/>\n\t<meta property=\"og:image:height\" content=\"1620\" \/>\n\t<meta property=\"og:image:type\" content=\"image\/png\" \/>\n<meta name=\"twitter:card\" content=\"summary_large_image\" \/>\n<meta name=\"twitter:site\" content=\"@talkpalai\" \/>\n<meta name=\"twitter:label1\" content=\"Est. reading time\" \/>\n\t<meta name=\"twitter:data1\" content=\"5 minutes\" \/>\n<script type=\"application\/ld+json\" class=\"yoast-schema-graph\">{\"@context\":\"https:\/\/schema.org\",\"@graph\":[{\"@type\":\"WebPage\",\"@id\":\"https:\/\/talkpal.ai\/ga\/cleachtai-gramadai-na-somaile\/\",\"url\":\"https:\/\/talkpal.ai\/ga\/cleachtai-gramadai-na-somaile\/\",\"name\":\"Cleachta\u00ed Gramada\u00ed na Som\u00e1ile - Talkpal\",\"isPartOf\":{\"@id\":\"https:\/\/talkpal.ai\/ga\/#website\"},\"datePublished\":\"2025-11-12T17:00:53+00:00\",\"dateModified\":\"2025-12-30T11:14:56+00:00\",\"description\":\"D\u00e9an m\u00e1istreacht ar ghramadach na Som\u00e1ile len\u00e1r gcleachta\u00ed cuimsitheacha a chl\u00fada\u00edonn ainmfhocail, briathra agus aimsir\u00ed le haghaidh foghlaim teanga \u00e9ifeachtach.\",\"breadcrumb\":{\"@id\":\"https:\/\/talkpal.ai\/ga\/cleachtai-gramadai-na-somaile\/#breadcrumb\"},\"inLanguage\":\"ga-IE\",\"potentialAction\":[{\"@type\":\"ReadAction\",\"target\":[\"https:\/\/talkpal.ai\/ga\/cleachtai-gramadai-na-somaile\/\"]}]},{\"@type\":\"BreadcrumbList\",\"@id\":\"https:\/\/talkpal.ai\/ga\/cleachtai-gramadai-na-somaile\/#breadcrumb\",\"itemListElement\":[{\"@type\":\"ListItem\",\"position\":1,\"name\":\"Homepage\",\"item\":\"https:\/\/talkpal.ai\/ga\/\"},{\"@type\":\"ListItem\",\"position\":2,\"name\":\"Cleachta\u00ed Gramada\u00ed na Som\u00e1ile\"}]},{\"@type\":\"WebSite\",\"@id\":\"https:\/\/talkpal.ai\/ga\/#website\",\"url\":\"https:\/\/talkpal.ai\/ga\/\",\"name\":\"Talkpal\",\"description\":\"AI Language Learning\",\"publisher\":{\"@id\":\"https:\/\/talkpal.ai\/ga\/#organization\"},\"alternateName\":\"Talkpal AI\",\"potentialAction\":[{\"@type\":\"SearchAction\",\"target\":{\"@type\":\"EntryPoint\",\"urlTemplate\":\"https:\/\/talkpal.ai\/ga\/?s={search_term_string}\"},\"query-input\":{\"@type\":\"PropertyValueSpecification\",\"valueRequired\":true,\"valueName\":\"search_term_string\"}}],\"inLanguage\":\"ga-IE\"},{\"@type\":\"Organization\",\"@id\":\"https:\/\/talkpal.ai\/ga\/#organization\",\"name\":\"Talkpal, Inc.\",\"alternateName\":\"Talkpal AI\",\"url\":\"https:\/\/talkpal.ai\/ga\/\",\"logo\":{\"@type\":\"ImageObject\",\"inLanguage\":\"ga-IE\",\"@id\":\"https:\/\/talkpal.ai\/ga\/#\/schema\/logo\/image\/\",\"url\":\"https:\/\/talkpal.ai\/wp-content\/uploads\/2024\/03\/Talkpal-Logo-Icon.png\",\"contentUrl\":\"https:\/\/talkpal.ai\/wp-content\/uploads\/2024\/03\/Talkpal-Logo-Icon.png\",\"width\":2880,\"height\":2880,\"caption\":\"Talkpal, Inc.\"},\"image\":{\"@id\":\"https:\/\/talkpal.ai\/ga\/#\/schema\/logo\/image\/\"},\"sameAs\":[\"https:\/\/www.facebook.com\/profile.php?id=100090733639311\",\"https:\/\/x.com\/talkpalai\",\"https:\/\/www.linkedin.com\/company\/talkpal\/\",\"https:\/\/www.youtube.com\/@TalkPal\/\",\"https:\/\/www.tiktok.com\/@talkpal\",\"https:\/\/www.instagram.com\/talkpal_ai\/\",\"https:\/\/www.crunchbase.com\/organization\/talkpal-9cde\",\"https:\/\/www.g2.com\/products\/talkpal-for-business\/\",\"https:\/\/www.trustpilot.com\/review\/talkpal.ai\",\"https:\/\/www.capterra.com\/p\/10006800\/TalkPal\/\"],\"description\":\"Talkpal is a language learning web and mobile education app, powered by the latest AI technologies, that provides engaging experiences to its customers in many different languages to help them improve their language skills. Users can chat about unlimited amount of topics with the app and use other modes to practice their language learning.\",\"email\":\"support@talkpal.ai\",\"legalName\":\"Talkpal, Inc.\",\"foundingDate\":\"2023-04-03\",\"duns\":\"118989042\",\"numberOfEmployees\":{\"@type\":\"QuantitativeValue\",\"minValue\":\"11\",\"maxValue\":\"50\"},\"publishingPrinciples\":\"https:\/\/talkpal.ai\/publishing-principles\/\",\"actionableFeedbackPolicy\":\"https:\/\/talkpal.ai\/actionable-feedback-policy\/\",\"correctionsPolicy\":\"https:\/\/talkpal.ai\/corrections-policy\/\",\"ethicsPolicy\":\"https:\/\/talkpal.ai\/ethics-policy\/\",\"diversityPolicy\":\"https:\/\/talkpal.ai\/diversity-policy\/\",\"diversityStaffingReport\":\"https:\/\/talkpal.ai\/diversity-policy\/\"}]}<\/script>\n<!-- \/ Yoast SEO Premium plugin. -->","yoast_head_json":{"title":"Cleachta\u00ed Gramada\u00ed na Som\u00e1ile - Talkpal","description":"D\u00e9an m\u00e1istreacht ar ghramadach na Som\u00e1ile len\u00e1r gcleachta\u00ed cuimsitheacha a chl\u00fada\u00edonn ainmfhocail, briathra agus aimsir\u00ed le haghaidh foghlaim teanga \u00e9ifeachtach.","robots":{"index":"index","follow":"follow","max-snippet":"max-snippet:-1","max-image-preview":"max-image-preview:large","max-video-preview":"max-video-preview:-1"},"canonical":"https:\/\/talkpal.ai\/ga\/cleachtai-gramadai-na-somaile\/","og_locale":"ga_IE","og_type":"article","og_title":"Cleachta\u00ed Gramada\u00ed na Som\u00e1ile","og_description":"Topaic\u00ed Gramada\u00ed na Som\u00e1ile Is f\u00e9idir le teanga nua a fhoghlaim a bheith ina iarracht dh\u00fashl\u00e1nach ach luachmhar. N\u00ed haon eisceacht \u00ed an tSom\u00e1ilis, teanga","og_url":"https:\/\/talkpal.ai\/ga\/cleachtai-gramadai-na-somaile\/","og_site_name":"Talkpal","article_publisher":"https:\/\/www.facebook.com\/profile.php?id=100090733639311","article_modified_time":"2025-12-30T11:14:56+00:00","og_image":[{"width":2880,"height":1620,"url":"https:\/\/talkpal.ai\/wp-content\/uploads\/2025\/02\/Progress-tab-16_9.png","type":"image\/png"}],"twitter_card":"summary_large_image","twitter_site":"@talkpalai","twitter_misc":{"Est. reading time":"5 minutes"},"schema":{"@context":"https:\/\/schema.org","@graph":[{"@type":"WebPage","@id":"https:\/\/talkpal.ai\/ga\/cleachtai-gramadai-na-somaile\/","url":"https:\/\/talkpal.ai\/ga\/cleachtai-gramadai-na-somaile\/","name":"Cleachta\u00ed Gramada\u00ed na Som\u00e1ile - Talkpal","isPartOf":{"@id":"https:\/\/talkpal.ai\/ga\/#website"},"datePublished":"2025-11-12T17:00:53+00:00","dateModified":"2025-12-30T11:14:56+00:00","description":"D\u00e9an m\u00e1istreacht ar ghramadach na Som\u00e1ile len\u00e1r gcleachta\u00ed cuimsitheacha a chl\u00fada\u00edonn ainmfhocail, briathra agus aimsir\u00ed le haghaidh foghlaim teanga \u00e9ifeachtach.","breadcrumb":{"@id":"https:\/\/talkpal.ai\/ga\/cleachtai-gramadai-na-somaile\/#breadcrumb"},"inLanguage":"ga-IE","potentialAction":[{"@type":"ReadAction","target":["https:\/\/talkpal.ai\/ga\/cleachtai-gramadai-na-somaile\/"]}]},{"@type":"BreadcrumbList","@id":"https:\/\/talkpal.ai\/ga\/cleachtai-gramadai-na-somaile\/#breadcrumb","itemListElement":[{"@type":"ListItem","position":1,"name":"Homepage","item":"https:\/\/talkpal.ai\/ga\/"},{"@type":"ListItem","position":2,"name":"Cleachta\u00ed Gramada\u00ed na Som\u00e1ile"}]},{"@type":"WebSite","@id":"https:\/\/talkpal.ai\/ga\/#website","url":"https:\/\/talkpal.ai\/ga\/","name":"Talkpal","description":"AI Language Learning","publisher":{"@id":"https:\/\/talkpal.ai\/ga\/#organization"},"alternateName":"Talkpal AI","potentialAction":[{"@type":"SearchAction","target":{"@type":"EntryPoint","urlTemplate":"https:\/\/talkpal.ai\/ga\/?s={search_term_string}"},"query-input":{"@type":"PropertyValueSpecification","valueRequired":true,"valueName":"search_term_string"}}],"inLanguage":"ga-IE"},{"@type":"Organization","@id":"https:\/\/talkpal.ai\/ga\/#organization","name":"Talkpal, Inc.","alternateName":"Talkpal AI","url":"https:\/\/talkpal.ai\/ga\/","logo":{"@type":"ImageObject","inLanguage":"ga-IE","@id":"https:\/\/talkpal.ai\/ga\/#\/schema\/logo\/image\/","url":"https:\/\/talkpal.ai\/wp-content\/uploads\/2024\/03\/Talkpal-Logo-Icon.png","contentUrl":"https:\/\/talkpal.ai\/wp-content\/uploads\/2024\/03\/Talkpal-Logo-Icon.png","width":2880,"height":2880,"caption":"Talkpal, Inc."},"image":{"@id":"https:\/\/talkpal.ai\/ga\/#\/schema\/logo\/image\/"},"sameAs":["https:\/\/www.facebook.com\/profile.php?id=100090733639311","https:\/\/x.com\/talkpalai","https:\/\/www.linkedin.com\/company\/talkpal\/","https:\/\/www.youtube.com\/@TalkPal\/","https:\/\/www.tiktok.com\/@talkpal","https:\/\/www.instagram.com\/talkpal_ai\/","https:\/\/www.crunchbase.com\/organization\/talkpal-9cde","https:\/\/www.g2.com\/products\/talkpal-for-business\/","https:\/\/www.trustpilot.com\/review\/talkpal.ai","https:\/\/www.capterra.com\/p\/10006800\/TalkPal\/"],"description":"Talkpal is a language learning web and mobile education app, powered by the latest AI technologies, that provides engaging experiences to its customers in many different languages to help them improve their language skills. Users can chat about unlimited amount of topics with the app and use other modes to practice their language learning.","email":"support@talkpal.ai","legalName":"Talkpal, Inc.","foundingDate":"2023-04-03","duns":"118989042","numberOfEmployees":{"@type":"QuantitativeValue","minValue":"11","maxValue":"50"},"publishingPrinciples":"https:\/\/talkpal.ai\/publishing-principles\/","actionableFeedbackPolicy":"https:\/\/talkpal.ai\/actionable-feedback-policy\/","correctionsPolicy":"https:\/\/talkpal.ai\/corrections-policy\/","ethicsPolicy":"https:\/\/talkpal.ai\/ethics-policy\/","diversityPolicy":"https:\/\/talkpal.ai\/diversity-policy\/","diversityStaffingReport":"https:\/\/talkpal.ai\/diversity-policy\/"}]}},"_links":{"self":[{"href":"https:\/\/talkpal.ai\/ga\/wp-json\/wp\/v2\/pages\/1476388","targetHints":{"allow":["GET"]}}],"collection":[{"href":"https:\/\/talkpal.ai\/ga\/wp-json\/wp\/v2\/pages"}],"about":[{"href":"https:\/\/talkpal.ai\/ga\/wp-json\/wp\/v2\/types\/page"}],"author":[{"embeddable":true,"href":"https:\/\/talkpal.ai\/ga\/wp-json\/wp\/v2\/users\/20"}],"replies":[{"embeddable":true,"href":"https:\/\/talkpal.ai\/ga\/wp-json\/wp\/v2\/comments?post=1476388"}],"version-history":[{"count":0,"href":"https:\/\/talkpal.ai\/ga\/wp-json\/wp\/v2\/pages\/1476388\/revisions"}],"wp:attachment":[{"href":"https:\/\/talkpal.ai\/ga\/wp-json\/wp\/v2\/media?parent=1476388"}],"curies":[{"name":"wp","href":"https:\/\/api.w.org\/{rel}","templated":true}]}}