{"id":1476338,"date":"2025-11-12T16:22:22","date_gmt":"2025-11-12T16:22:22","guid":{"rendered":"https:\/\/talkpal.ai\/cleachtai-gramadai-pashto\/"},"modified":"2025-12-30T11:36:56","modified_gmt":"2025-12-30T11:36:56","slug":"cleachtai-gramadai-pashto","status":"publish","type":"page","link":"https:\/\/talkpal.ai\/ga\/cleachtai-gramadai-pashto\/","title":{"rendered":"Cleachta\u00ed Gramada\u00ed Pashto"},"content":{"rendered":"\r\n\r\n\r\n<section class=\"languageChallengeSection\">\r\n    <div class=\"languageInfoWrapper\">\r\n        \r\n        <h1>Cleachta\u00ed Gramada\u00ed Pashto<\/h1>\r\n        <p>R\u00e9idh le tumadh isteach i ngramadach <a href=\"https:\/\/talkpal.ai\/learn-pashto\/\">Pashto<\/a>? Cabhr\u00f3idh cleachtadh c\u00fapla bun\u00fasach leat a bheith compordach leis an teanga uath\u00fail agus \u00e1lainn seo. Bain triail as na cleachta\u00ed seo chun do mhuin\u00edn a th\u00f3g\u00e1il agus spraoi a bheith agat ar an mbealach!<\/p>\r\n\r\n                            <a class=\"getStartedHidden\" href=\"https:\/\/app.talkpal.ai\/signup?lng=\">Tosaigh<\/a>\r\n        \r\n    <\/div>\r\n\r\n    <figure>\r\n    <img decoding=\"async\" width=\"768\" height=\"768\" src=\"https:\/\/talkpal.ai\/wp-content\/uploads\/2023\/06\/welsh-768x768.png\" class=\"languageImage no-lazy\" alt=\"Language learning for better cognitive abilities\" fetchpriority=\"high\" sizes=\"(max-width: 768px) 150px, 768px\" srcset=\"https:\/\/talkpal.ai\/wp-content\/uploads\/2023\/06\/welsh-768x768.png 768w, https:\/\/talkpal.ai\/wp-content\/uploads\/2023\/06\/welsh-300x300.png 300w\" \/>\r\n    \r\n\r\n    <\/figure>\r\n\r\n            <a class=\"getStartedVisible\" href=\"https:\/\/app.talkpal.ai\/signup?lng=\">Tosaigh<\/a>\r\n    \r\n<\/section><section class=\"promotionalBanner\">\r\n    <p class=\"promotionalText\">An bealach is \u00e9ifeachta\u00ed le teanga a fhoghlaim<\/p>\r\n    <a class=\"promotionalLink\" href=\"https:\/\/app.talkpal.ai\/signup?lng=\">Bain triail as Talkpal saor in aisce<\/a>\r\n<\/section>\n<div class=\"wp-block-group pageContainerStyle\"><div class=\"wp-block-group__inner-container is-layout-constrained wp-block-group-is-layout-constrained\">\n<h2 class=\"wp-block-heading\" id=\"h-pashto-grammar-topics\">Topaic\u00ed Gramada\u00ed Pashto<\/h2>\n\n\n\n<p><a href=\"https:\/\/talkpal.ai\/ga\/na-botuin-is-mo-le-seachaint-agus-teanga-nua-a-fhoghlaim-agat\/\">Is f\u00e9idir le teanga nua a fhoghlaim<\/a> a bheith ina iarracht dh\u00fashl\u00e1nach ach luachmhar. N\u00ed haon eisceacht \u00e9 Pashto, teanga Oirthear na hIar\u00e1ine a labhra\u00edtear go pr\u00edomha san Afganast\u00e1in agus sa Phacast\u00e1in. Leis na gn\u00e9ithe agus na strucht\u00fair uath\u00fala <a href=\"https:\/\/talkpal.ai\/ga\/talkpal-don-oideachas\/\">,<\/a> \u00e9il\u00edonn foghlaim Pashto cur chuige c\u00f3rasach chun a ghramadach a thuiscint. Tugann an treoir seo breac-chuntas ar na pr\u00edomhr\u00e9ims\u00ed de <a href=\"https:\/\/talkpal.ai\/ga\/gramadach-pashto\/\">ghramadach na Pashta<\/a> i seicheamh loighci\u00fail <a href=\"https:\/\/talkpal.ai\/ga\/talkpal-don-oideachas\/\">d&#8217;fhoghlaim teanga<\/a>, ag tos\u00fa \u00f3 na bunghn\u00e9ithe ar n\u00f3s ainmfhocail agus ailt, agus ag dul ar aghaidh go r\u00e9ims\u00ed n\u00edos casta cos\u00fail le aimsir agus t\u00f3g\u00e1il abairte.<\/p>\n\n\n\n<h3 class=\"wp-block-heading\" id=\"h-1-nouns\">1. Ainmfhocail:<\/h3>\n\n\n\n<p>Cuir t\u00fas le do thuras teanga Pashto tr\u00ed na hainmfhocail a fhoghlaim. \u00c1ir\u00edtear leis seo tuiscint a fh\u00e1il ar na catag\u00f3ir\u00ed \u00e9ags\u00fala ainmfhocal, mar shampla ainmfhocail choitianta agus d\u00edlse, a n-inscne ghramada\u00ed, agus a bhfoirmeacha iolra.<\/p>\n\n\n\n<h3 class=\"wp-block-heading\" id=\"h-2-articles\">2. Airteagail:<\/h3>\n\n\n\n<p>Oibr\u00edonn ailt sa teanga Pashto ar bhealach difri\u00fail n\u00e1 sa <a href=\"https:\/\/talkpal.ai\/ai-english-speaking-practice\/\">Bh\u00e9arla<\/a>. N\u00edl aon alt cinnte ag Pashto, agus is minic a bh\u00edonn indefiniteness gan mharc\u00e1il n\u00f3 l\u00e9irithe leis an uimhir &#8220;yaw&#8221; a chialla\u00edonn &#8220;a.&#8221; Foghlaim conas a chuirtear cinnteacht in i\u00fal tr\u00ed chomhth\u00e9acs, taispe\u00e1ntais, agus ord focal.<\/p>\n\n\n\n<h3 class=\"wp-block-heading\" id=\"h-3-adjectives\">3. Aidiachta\u00ed:<\/h3>\n\n\n\n<p>Is gn\u00e1ch go mb\u00edonn aidiachta\u00ed i bPashto roimh a n-ainmfhocail. Beidh ort foghlaim freisin faoin bhfuaim nascaire &#8220;-e&#8221; a \u00fas\u00e1idtear idir ainmfhocail agus modhn\u00f3ir\u00ed i go leor comhth\u00e9acsanna, agus conas compar\u00e1id\u00ed agus superlatives a fhoirmi\u00fa, go coitianta le &#8220;tar&#8221; agus &#8220;tar tulo.&#8221;<\/p>\n\n\n\n<h3 class=\"wp-block-heading\" id=\"h-4-pronouns-determiners\">4. Forainmneacha \/ Cinntitheoir\u00ed:<\/h3>\n\n\n\n<p>T\u00e1 forainmneacha agus cinnteoir\u00ed riachtanach i Pashto; Cuirtear siad in ionad ainmfhocail agus sol\u00e1thra\u00edonn siad faisn\u00e9is faoi dhuine, uimhir, inscne, seilbh agus cainn\u00edocht. T\u00e1 foirmeacha d\u00edreacha agus oblique ag forainmneacha Pashto, agus is minic a bh\u00edonn seilbh marc\u00e1ilte leis an gc\u00e1ithn\u00edn &#8220;da&#8221; n\u00f3 le clitics pronominal.<\/p>\n\n\n\n<h3 class=\"wp-block-heading\" id=\"h-5-verbs\">5. Briathra:<\/h3>\n\n\n\n<p>T\u00e1 foirmeacha difri\u00fala ag briathra Pashto ag brath ar aimsir, gn\u00e9, gi\u00famar, guth, duine, agus uimhir. T\u00e1 go leor briathra cumaisc, go minic ag baint \u00fas\u00e1ide as &#8220;kol&#8221; do n\u00f3 &#8220;kedal&#8221; a dh\u00e9anamh. Tosaigh leis an aimsir l\u00e1ithreach agus an riachtanas agus d\u00e9an ini\u00fachadh de r\u00e9ir a ch\u00e9ile ar an aimsir at\u00e1 thart agus sa todhcha\u00ed.<\/p>\n\n\n\n<h3 class=\"wp-block-heading\" id=\"h-6-tenses\">6. Aimsir:<\/h3>\n\n\n\n<p>Tar \u00e9is duit m\u00e1istreacht a dh\u00e9anamh ar na foirmeacha briathartha, d\u00e9an dul n\u00edos doimhne isteach sa ch\u00f3ras aimsire agus gn\u00e9 Pashto. \u00c1ir\u00edtear leis seo tuiscint a fh\u00e1il ar an am i l\u00e1thair, san am at\u00e1 thart agus sa todhcha\u00ed, chomh maith leis an gcodarsnacht idir gn\u00e9ithe neamhfhoirfe agus foirfeachta agus an chaoi a n-\u00fas\u00e1idtear iad i gcomhth\u00e9acsanna \u00e9ags\u00fala.<\/p>\n\n\n\n<h3 class=\"wp-block-heading\" id=\"h-7-tense-comparison\">7. Compar\u00e1id aimsire:<\/h3>\n\n\n\n<p>Cuid\u00edonn compar\u00e1id a dh\u00e9anamh idir aimsir i Pashto le gn\u00e9 agus seicheamh na n-imeachta\u00ed a thuiscint. M\u00e1 dh\u00e9antar compar\u00e1id idir an briathar c\u00e9anna in aimsir \u00e9ags\u00fala, go h\u00e1irithe foirfeachta agus imperfective past, gheobhaidh t\u00fa tuiscint n\u00edos fearr ar an teanga Pashto.<\/p>\n\n\n\n<h3 class=\"wp-block-heading\" id=\"h-8-progressive\">8. For\u00e1sach:<\/h3>\n\n\n\n<p>Is minic a chuirtear an ghn\u00e9 fhor\u00e1sach i bPashto in i\u00fal leis an l\u00e1thair shimpl\u00ed, go h\u00e1irithe le briathra cumaisc cos\u00fail le hobair &#8220;kar kol&#8221;. Is f\u00e9idir \u00e9 a dh\u00e9anamh sainr\u00e1ite freisin ag baint \u00fas\u00e1ide as aidiachta\u00ed rannph\u00e1irteacha mar &#8220;rawan&#8221; ag dul in \u00e9ineacht leis an mbriathar &#8220;a bheith.&#8221;<\/p>\n\n\n\n<h3 class=\"wp-block-heading\" id=\"h-9-perfect-progressive\">9. For\u00e1sach Foirfe:<\/h3>\n\n\n\n<p>Cuirtear an bhr\u00ed seo in i\u00fal go coitianta le nathanna <a href=\"https:\/\/talkpal.ai\/locations\/language-courses-in-ama\/\">ama<\/a> agus t\u00f3g\u00e1lacha gn\u00e9, mar shampla &#8220;keghegi &#8230; che + present&#8221; t\u00e1 s\u00e9 ag tarl\u00fa go &#8230;, n\u00f3 tr\u00ed fhoirmeacha rannph\u00e1irteacha a chomhcheangal le foirmeacha roimhe seo de &#8220;a bheith,&#8221; ag brath ar an mbriathar agus ar an gcomhth\u00e9acs.<\/p>\n\n\n\n<h3 class=\"wp-block-heading\" id=\"h-10-conditionals\">10. Coinn\u00edollacha:<\/h3>\n\n\n\n<p>L\u00e9ir\u00edonn coinn\u00edollacha c\u00e1sanna hipit\u00e9iseacha agus a dtortha\u00ed f\u00e9ideartha. I Pashto, bain \u00fas\u00e1id as &#8220;ka&#8221; le haghaidh if. Is minic a \u00fas\u00e1ideann coinn\u00edollacha r\u00e9adacha foirmeacha reatha n\u00f3 amach anseo, agus \u00fas\u00e1ideann coinn\u00edollacha hipit\u00e9iseacha n\u00f3 frithfh\u00edorasacha foirmeacha san am at\u00e1 thart agus d&#8217;fh\u00e9adfadh an c\u00e1ithn\u00edn &#8220;ba&#8221; a <a href=\"https:\/\/talkpal.ai\/locations\/language-courses-in-chur\/\">chur<\/a> san \u00e1ireamh chun a chur in i\u00fal.<\/p>\n\n\n\n<h3 class=\"wp-block-heading\" id=\"h-11-adverbs\">11. Adverbs:<\/h3>\n\n\n\n<p>Modhna\u00edonn adverbs i Pashto briathra, aidiachta\u00ed, n\u00f3 adverbs eile. Sol\u00e1thra\u00edonn siad eolas faoi bhealach, \u00e1it, am, c\u00e9im, agus go leor eile, agus is minic a dh\u00e9antar iad \u00f3 aidiachta\u00ed n\u00f3 a chuirtear in i\u00fal le fr\u00e1sa\u00ed r\u00e9amhfhocail.<\/p>\n\n\n\n<h3 class=\"wp-block-heading\" id=\"h-12-prepositions\">12. Prepositions:<\/h3>\n\n\n\n<p>Nascann r\u00e9amhfhocail agus fr\u00e1sa\u00ed le ch\u00e9ile. I Pashto, i measc na r\u00e9amhfhocail choitianta t\u00e1 &#8220;pa,&#8221; &#8220;la,&#8221; &#8220;tar,&#8221; &#8220;par,&#8221; agus &#8220;da.&#8221; L\u00e9ir\u00edonn siad caidrimh ama, \u00e1ite, treo, foinse, seilbhe, agus n\u00edos m\u00f3, agus d&#8217;fh\u00e9adfadh go mbeadh foirmeacha oblique forainmneacha ag teast\u00e1il.<\/p>\n\n\n\n<h3 class=\"wp-block-heading\" id=\"h-13-sentences\">13. Abairt\u00ed:<\/h3>\n\n\n\n<p>Ar deireadh, d\u00e9an cleachtadh ar abairt\u00ed a th\u00f3g\u00e1il. De ghn\u00e1th leanann Pashto ord briathartha r\u00e9ad \u00e1bhair, agus is minic a bh\u00edonn an briathar ag an deireadh. Is \u00e9ard at\u00e1 i gceist leis seo n\u00e1 na point\u00ed gramada\u00ed go l\u00e9ir a foghlaim\u00edodh roimhe seo a \u00fas\u00e1id i gcomhth\u00e9acs, rud a chinnteoidh tuiscint chuimsitheach ar an teanga Pashto.<\/p>\n<\/div><\/div>\n\r\n<section class=\"learnNavigationSection\">\r\n            \r\n        <a href=\"https:\/\/talkpal.ai\/ga\/foghlaim-pashto\/\">\r\n            <div class=\"learnNavigationWrapper\">\r\n                <div class=\"learnNavigationContent\">\r\n                    <img decoding=\"async\" src=\"https:\/\/talkpal.ai\/wp-content\/uploads\/2025\/11\/Pashto.png\" alt=\"Afghan Flag\">\r\n                    <div>\r\n                        <h4>Maidir le Foghlaim Pashto<\/h4>\r\n                        <p>Faigh amach gach rud faoi Ghramadach Pashto.<\/p>\r\n                    <\/div>\r\n                <\/div>\r\n            <\/div>\r\n        <\/a>\r\n\r\n        \r\n        <a href=\"https:\/\/talkpal.ai\/ga\/gramadach-pashto\/\">\r\n            <div class=\"learnNavigationWrapper\">\r\n                <div class=\"learnNavigationContent\">\r\n                    <img decoding=\"async\" src=\"https:\/\/talkpal.ai\/wp-content\/uploads\/2025\/11\/Pashto.png\" alt=\"Afghan Flag\">\r\n                    <div>\r\n                        <h4>Ceachtanna Gramada\u00ed Pashto<\/h4>\r\n                        <p>Cleachtadh gramadach Pashto.<\/p>\r\n                    <\/div>\r\n                <\/div>\r\n            <\/div>\r\n        <\/a>\r\n\r\n            <\/section>","protected":false},"excerpt":{"rendered":"<p>Topaic\u00ed Gramada\u00ed Pashto Is f\u00e9idir le teanga nua a fhoghlaim a bheith ina iarracht dh\u00fashl\u00e1nach ach luachmhar. N\u00ed haon eisceacht \u00e9 Pashto, teanga Oirthear na hIar\u00e1ine a labhra\u00edtear go pr\u00edomha san Afganast\u00e1in agus sa Phacast\u00e1in. Leis na gn\u00e9ithe agus na strucht\u00fair uath\u00fala , \u00e9il\u00edonn foghlaim Pashto cur chuige c\u00f3rasach chun a ghramadach a thuiscint. Tugann [&hellip;]<\/p>\n","protected":false},"author":20,"featured_media":0,"parent":0,"menu_order":0,"comment_status":"closed","ping_status":"closed","template":"LearningContentPage.php","meta":{"_acf_changed":false,"footnotes":""},"class_list":["post-1476338","page","type-page","status-publish","hentry"],"acf":[],"yoast_head":"<!-- This site is optimized with the Yoast SEO Premium plugin v27.2 (Yoast SEO v27.2) - https:\/\/yoast.com\/product\/yoast-seo-premium-wordpress\/ -->\n<title>Cleachta\u00ed Gramada\u00ed Pashto - Talkpal<\/title>\n<meta name=\"description\" content=\"D\u00e9an m\u00e1istreacht ar ghramadach na Paistise le cleachta\u00ed cuimsitheacha a chl\u00fada\u00edonn ainmfhocail, briathra, aimsir\u00ed agus strucht\u00far abairt\u00ed le haghaidh foghlaim teanga \u00e9ifeachtach.\" \/>\n<meta name=\"robots\" content=\"index, follow, max-snippet:-1, max-image-preview:large, max-video-preview:-1\" \/>\n<link rel=\"canonical\" href=\"https:\/\/talkpal.ai\/ga\/cleachtai-gramadai-pashto\/\" \/>\n<meta property=\"og:locale\" content=\"ga_IE\" \/>\n<meta property=\"og:type\" content=\"article\" \/>\n<meta property=\"og:title\" content=\"Cleachta\u00ed Gramada\u00ed Pashto\" \/>\n<meta property=\"og:description\" content=\"Topaic\u00ed Gramada\u00ed Pashto Is f\u00e9idir le teanga nua a fhoghlaim a bheith ina iarracht dh\u00fashl\u00e1nach ach luachmhar. N\u00ed haon eisceacht \u00e9 Pashto, teanga Oirthear\" \/>\n<meta property=\"og:url\" content=\"https:\/\/talkpal.ai\/ga\/cleachtai-gramadai-pashto\/\" \/>\n<meta property=\"og:site_name\" content=\"Talkpal\" \/>\n<meta property=\"article:publisher\" content=\"https:\/\/www.facebook.com\/profile.php?id=100090733639311\" \/>\n<meta property=\"article:modified_time\" content=\"2025-12-30T11:36:56+00:00\" \/>\n<meta property=\"og:image\" content=\"https:\/\/talkpal.ai\/wp-content\/uploads\/2025\/02\/Progress-tab-16_9.png\" \/>\n\t<meta property=\"og:image:width\" content=\"2880\" \/>\n\t<meta property=\"og:image:height\" content=\"1620\" \/>\n\t<meta property=\"og:image:type\" content=\"image\/png\" \/>\n<meta name=\"twitter:card\" content=\"summary_large_image\" \/>\n<meta name=\"twitter:site\" content=\"@talkpalai\" \/>\n<meta name=\"twitter:label1\" content=\"Est. reading time\" \/>\n\t<meta name=\"twitter:data1\" content=\"4 minutes\" \/>\n<script type=\"application\/ld+json\" class=\"yoast-schema-graph\">{\"@context\":\"https:\/\/schema.org\",\"@graph\":[{\"@type\":\"WebPage\",\"@id\":\"https:\/\/talkpal.ai\/ga\/cleachtai-gramadai-pashto\/\",\"url\":\"https:\/\/talkpal.ai\/ga\/cleachtai-gramadai-pashto\/\",\"name\":\"Cleachta\u00ed Gramada\u00ed Pashto - Talkpal\",\"isPartOf\":{\"@id\":\"https:\/\/talkpal.ai\/ga\/#website\"},\"datePublished\":\"2025-11-12T16:22:22+00:00\",\"dateModified\":\"2025-12-30T11:36:56+00:00\",\"description\":\"D\u00e9an m\u00e1istreacht ar ghramadach na Paistise le cleachta\u00ed cuimsitheacha a chl\u00fada\u00edonn ainmfhocail, briathra, aimsir\u00ed agus strucht\u00far abairt\u00ed le haghaidh foghlaim teanga \u00e9ifeachtach.\",\"breadcrumb\":{\"@id\":\"https:\/\/talkpal.ai\/ga\/cleachtai-gramadai-pashto\/#breadcrumb\"},\"inLanguage\":\"ga-IE\",\"potentialAction\":[{\"@type\":\"ReadAction\",\"target\":[\"https:\/\/talkpal.ai\/ga\/cleachtai-gramadai-pashto\/\"]}]},{\"@type\":\"BreadcrumbList\",\"@id\":\"https:\/\/talkpal.ai\/ga\/cleachtai-gramadai-pashto\/#breadcrumb\",\"itemListElement\":[{\"@type\":\"ListItem\",\"position\":1,\"name\":\"Homepage\",\"item\":\"https:\/\/talkpal.ai\/ga\/\"},{\"@type\":\"ListItem\",\"position\":2,\"name\":\"Cleachta\u00ed Gramada\u00ed Pashto\"}]},{\"@type\":\"WebSite\",\"@id\":\"https:\/\/talkpal.ai\/ga\/#website\",\"url\":\"https:\/\/talkpal.ai\/ga\/\",\"name\":\"Talkpal\",\"description\":\"AI Language Learning\",\"publisher\":{\"@id\":\"https:\/\/talkpal.ai\/ga\/#organization\"},\"alternateName\":\"Talkpal AI\",\"potentialAction\":[{\"@type\":\"SearchAction\",\"target\":{\"@type\":\"EntryPoint\",\"urlTemplate\":\"https:\/\/talkpal.ai\/ga\/?s={search_term_string}\"},\"query-input\":{\"@type\":\"PropertyValueSpecification\",\"valueRequired\":true,\"valueName\":\"search_term_string\"}}],\"inLanguage\":\"ga-IE\"},{\"@type\":\"Organization\",\"@id\":\"https:\/\/talkpal.ai\/ga\/#organization\",\"name\":\"Talkpal, Inc.\",\"alternateName\":\"Talkpal AI\",\"url\":\"https:\/\/talkpal.ai\/ga\/\",\"logo\":{\"@type\":\"ImageObject\",\"inLanguage\":\"ga-IE\",\"@id\":\"https:\/\/talkpal.ai\/ga\/#\/schema\/logo\/image\/\",\"url\":\"https:\/\/talkpal.ai\/wp-content\/uploads\/2024\/03\/Talkpal-Logo-Icon.png\",\"contentUrl\":\"https:\/\/talkpal.ai\/wp-content\/uploads\/2024\/03\/Talkpal-Logo-Icon.png\",\"width\":2880,\"height\":2880,\"caption\":\"Talkpal, Inc.\"},\"image\":{\"@id\":\"https:\/\/talkpal.ai\/ga\/#\/schema\/logo\/image\/\"},\"sameAs\":[\"https:\/\/www.facebook.com\/profile.php?id=100090733639311\",\"https:\/\/x.com\/talkpalai\",\"https:\/\/www.linkedin.com\/company\/talkpal\/\",\"https:\/\/www.youtube.com\/@TalkPal\/\",\"https:\/\/www.tiktok.com\/@talkpal\",\"https:\/\/www.instagram.com\/talkpal_ai\/\",\"https:\/\/www.crunchbase.com\/organization\/talkpal-9cde\",\"https:\/\/www.g2.com\/products\/talkpal-for-business\/\",\"https:\/\/www.trustpilot.com\/review\/talkpal.ai\",\"https:\/\/www.capterra.com\/p\/10006800\/TalkPal\/\"],\"description\":\"Talkpal is a language learning web and mobile education app, powered by the latest AI technologies, that provides engaging experiences to its customers in many different languages to help them improve their language skills. Users can chat about unlimited amount of topics with the app and use other modes to practice their language learning.\",\"email\":\"support@talkpal.ai\",\"legalName\":\"Talkpal, Inc.\",\"foundingDate\":\"2023-04-03\",\"duns\":\"118989042\",\"numberOfEmployees\":{\"@type\":\"QuantitativeValue\",\"minValue\":\"11\",\"maxValue\":\"50\"},\"publishingPrinciples\":\"https:\/\/talkpal.ai\/publishing-principles\/\",\"actionableFeedbackPolicy\":\"https:\/\/talkpal.ai\/actionable-feedback-policy\/\",\"correctionsPolicy\":\"https:\/\/talkpal.ai\/corrections-policy\/\",\"ethicsPolicy\":\"https:\/\/talkpal.ai\/ethics-policy\/\",\"diversityPolicy\":\"https:\/\/talkpal.ai\/diversity-policy\/\",\"diversityStaffingReport\":\"https:\/\/talkpal.ai\/diversity-policy\/\"}]}<\/script>\n<!-- \/ Yoast SEO Premium plugin. -->","yoast_head_json":{"title":"Cleachta\u00ed Gramada\u00ed Pashto - Talkpal","description":"D\u00e9an m\u00e1istreacht ar ghramadach na Paistise le cleachta\u00ed cuimsitheacha a chl\u00fada\u00edonn ainmfhocail, briathra, aimsir\u00ed agus strucht\u00far abairt\u00ed le haghaidh foghlaim teanga \u00e9ifeachtach.","robots":{"index":"index","follow":"follow","max-snippet":"max-snippet:-1","max-image-preview":"max-image-preview:large","max-video-preview":"max-video-preview:-1"},"canonical":"https:\/\/talkpal.ai\/ga\/cleachtai-gramadai-pashto\/","og_locale":"ga_IE","og_type":"article","og_title":"Cleachta\u00ed Gramada\u00ed Pashto","og_description":"Topaic\u00ed Gramada\u00ed Pashto Is f\u00e9idir le teanga nua a fhoghlaim a bheith ina iarracht dh\u00fashl\u00e1nach ach luachmhar. N\u00ed haon eisceacht \u00e9 Pashto, teanga Oirthear","og_url":"https:\/\/talkpal.ai\/ga\/cleachtai-gramadai-pashto\/","og_site_name":"Talkpal","article_publisher":"https:\/\/www.facebook.com\/profile.php?id=100090733639311","article_modified_time":"2025-12-30T11:36:56+00:00","og_image":[{"width":2880,"height":1620,"url":"https:\/\/talkpal.ai\/wp-content\/uploads\/2025\/02\/Progress-tab-16_9.png","type":"image\/png"}],"twitter_card":"summary_large_image","twitter_site":"@talkpalai","twitter_misc":{"Est. reading time":"4 minutes"},"schema":{"@context":"https:\/\/schema.org","@graph":[{"@type":"WebPage","@id":"https:\/\/talkpal.ai\/ga\/cleachtai-gramadai-pashto\/","url":"https:\/\/talkpal.ai\/ga\/cleachtai-gramadai-pashto\/","name":"Cleachta\u00ed Gramada\u00ed Pashto - Talkpal","isPartOf":{"@id":"https:\/\/talkpal.ai\/ga\/#website"},"datePublished":"2025-11-12T16:22:22+00:00","dateModified":"2025-12-30T11:36:56+00:00","description":"D\u00e9an m\u00e1istreacht ar ghramadach na Paistise le cleachta\u00ed cuimsitheacha a chl\u00fada\u00edonn ainmfhocail, briathra, aimsir\u00ed agus strucht\u00far abairt\u00ed le haghaidh foghlaim teanga \u00e9ifeachtach.","breadcrumb":{"@id":"https:\/\/talkpal.ai\/ga\/cleachtai-gramadai-pashto\/#breadcrumb"},"inLanguage":"ga-IE","potentialAction":[{"@type":"ReadAction","target":["https:\/\/talkpal.ai\/ga\/cleachtai-gramadai-pashto\/"]}]},{"@type":"BreadcrumbList","@id":"https:\/\/talkpal.ai\/ga\/cleachtai-gramadai-pashto\/#breadcrumb","itemListElement":[{"@type":"ListItem","position":1,"name":"Homepage","item":"https:\/\/talkpal.ai\/ga\/"},{"@type":"ListItem","position":2,"name":"Cleachta\u00ed Gramada\u00ed Pashto"}]},{"@type":"WebSite","@id":"https:\/\/talkpal.ai\/ga\/#website","url":"https:\/\/talkpal.ai\/ga\/","name":"Talkpal","description":"AI Language Learning","publisher":{"@id":"https:\/\/talkpal.ai\/ga\/#organization"},"alternateName":"Talkpal AI","potentialAction":[{"@type":"SearchAction","target":{"@type":"EntryPoint","urlTemplate":"https:\/\/talkpal.ai\/ga\/?s={search_term_string}"},"query-input":{"@type":"PropertyValueSpecification","valueRequired":true,"valueName":"search_term_string"}}],"inLanguage":"ga-IE"},{"@type":"Organization","@id":"https:\/\/talkpal.ai\/ga\/#organization","name":"Talkpal, Inc.","alternateName":"Talkpal AI","url":"https:\/\/talkpal.ai\/ga\/","logo":{"@type":"ImageObject","inLanguage":"ga-IE","@id":"https:\/\/talkpal.ai\/ga\/#\/schema\/logo\/image\/","url":"https:\/\/talkpal.ai\/wp-content\/uploads\/2024\/03\/Talkpal-Logo-Icon.png","contentUrl":"https:\/\/talkpal.ai\/wp-content\/uploads\/2024\/03\/Talkpal-Logo-Icon.png","width":2880,"height":2880,"caption":"Talkpal, Inc."},"image":{"@id":"https:\/\/talkpal.ai\/ga\/#\/schema\/logo\/image\/"},"sameAs":["https:\/\/www.facebook.com\/profile.php?id=100090733639311","https:\/\/x.com\/talkpalai","https:\/\/www.linkedin.com\/company\/talkpal\/","https:\/\/www.youtube.com\/@TalkPal\/","https:\/\/www.tiktok.com\/@talkpal","https:\/\/www.instagram.com\/talkpal_ai\/","https:\/\/www.crunchbase.com\/organization\/talkpal-9cde","https:\/\/www.g2.com\/products\/talkpal-for-business\/","https:\/\/www.trustpilot.com\/review\/talkpal.ai","https:\/\/www.capterra.com\/p\/10006800\/TalkPal\/"],"description":"Talkpal is a language learning web and mobile education app, powered by the latest AI technologies, that provides engaging experiences to its customers in many different languages to help them improve their language skills. Users can chat about unlimited amount of topics with the app and use other modes to practice their language learning.","email":"support@talkpal.ai","legalName":"Talkpal, Inc.","foundingDate":"2023-04-03","duns":"118989042","numberOfEmployees":{"@type":"QuantitativeValue","minValue":"11","maxValue":"50"},"publishingPrinciples":"https:\/\/talkpal.ai\/publishing-principles\/","actionableFeedbackPolicy":"https:\/\/talkpal.ai\/actionable-feedback-policy\/","correctionsPolicy":"https:\/\/talkpal.ai\/corrections-policy\/","ethicsPolicy":"https:\/\/talkpal.ai\/ethics-policy\/","diversityPolicy":"https:\/\/talkpal.ai\/diversity-policy\/","diversityStaffingReport":"https:\/\/talkpal.ai\/diversity-policy\/"}]}},"_links":{"self":[{"href":"https:\/\/talkpal.ai\/ga\/wp-json\/wp\/v2\/pages\/1476338","targetHints":{"allow":["GET"]}}],"collection":[{"href":"https:\/\/talkpal.ai\/ga\/wp-json\/wp\/v2\/pages"}],"about":[{"href":"https:\/\/talkpal.ai\/ga\/wp-json\/wp\/v2\/types\/page"}],"author":[{"embeddable":true,"href":"https:\/\/talkpal.ai\/ga\/wp-json\/wp\/v2\/users\/20"}],"replies":[{"embeddable":true,"href":"https:\/\/talkpal.ai\/ga\/wp-json\/wp\/v2\/comments?post=1476338"}],"version-history":[{"count":0,"href":"https:\/\/talkpal.ai\/ga\/wp-json\/wp\/v2\/pages\/1476338\/revisions"}],"wp:attachment":[{"href":"https:\/\/talkpal.ai\/ga\/wp-json\/wp\/v2\/media?parent=1476338"}],"curies":[{"name":"wp","href":"https:\/\/api.w.org\/{rel}","templated":true}]}}