{"id":1476328,"date":"2025-11-12T16:20:16","date_gmt":"2025-11-12T16:20:16","guid":{"rendered":"https:\/\/talkpal.ai\/gramadach-pashto\/"},"modified":"2025-12-30T11:43:43","modified_gmt":"2025-12-30T11:43:43","slug":"gramadach-pashto","status":"publish","type":"page","link":"https:\/\/talkpal.ai\/ga\/gramadach-pashto\/","title":{"rendered":"Gramadach Pashto"},"content":{"rendered":"\r\n\r\n\r\n<section class=\"languageChallengeSection\">\r\n    <div class=\"languageInfoWrapper\">\r\n        \r\n        <h1>Gramadach Pashto<\/h1>\r\n        <p>B&#039;fh\u00e9idir go bhfuil <a href=\"https:\/\/talkpal.ai\/grammar\/\">gramadach<\/a> <a href=\"https:\/\/talkpal.ai\/learn-pashto\/\">Pashto<\/a> d\u00fashl\u00e1nach ar dt\u00fas, ach is eisp\u00e9ireas luachmhar \u00e9 foghlaim na teanga. Tr\u00ed ini\u00fachadh a dh\u00e9anamh ar a aib\u00edtir, s\u00f3ch\u00e1in, agus rialacha gramada\u00ed, gheobhaidh t\u00fa l\u00e9argas ar thraidisi\u00fan saibhir teanga. Cuir t\u00fas le do thuras agus faigh amach \u00e1illeacht Pashto!<\/p>\r\n\r\n                            <a class=\"getStartedHidden\" href=\"https:\/\/app.talkpal.ai\/signup?lng=\">Tosaigh<\/a>\r\n        \r\n    <\/div>\r\n\r\n    <figure>\r\n    <img decoding=\"async\" width=\"768\" height=\"768\" src=\"https:\/\/talkpal.ai\/wp-content\/uploads\/2023\/06\/welsh-768x768.png\" class=\"languageImage no-lazy\" alt=\"Language learning for better cognitive abilities\" fetchpriority=\"high\" sizes=\"(max-width: 768px) 150px, 768px\" srcset=\"https:\/\/talkpal.ai\/wp-content\/uploads\/2023\/06\/welsh-768x768.png 768w, https:\/\/talkpal.ai\/wp-content\/uploads\/2023\/06\/welsh-300x300.png 300w\" \/>\r\n    \r\n\r\n    <\/figure>\r\n\r\n            <a class=\"getStartedVisible\" href=\"https:\/\/app.talkpal.ai\/signup?lng=\">Tosaigh<\/a>\r\n    \r\n<\/section><section class=\"promotionalBanner\">\r\n    <p class=\"promotionalText\">An bealach is \u00e9ifeachta\u00ed le teanga a fhoghlaim<\/p>\r\n    <a class=\"promotionalLink\" href=\"https:\/\/app.talkpal.ai\/signup?lng=\">Bain triail as Talkpal saor in aisce<\/a>\r\n<\/section>\n<div class=\"wp-block-group pageContainerStyle\"><div class=\"wp-block-group__inner-container is-layout-constrained wp-block-group-is-layout-constrained\">\n<h2 class=\"wp-block-heading\" id=\"h-navigating-the-intricacies-of-pashto-grammar\">Nasclean\u00faint a dh\u00e9anamh ar Intricacies na Gramada\u00ed Pashto<\/h2>\n\n\n\n<p><a href=\"https:\/\/talkpal.ai\/ga\/foghlaim-pashto\/\">Pashto<\/a>, teanga Oirthear na hIar\u00e1ine a bhfuil stair shaibhir agus t\u00e1bhacht chult\u00fartha aici ar fud na hAfganast\u00e1ine agus na Pacast\u00e1ine, cuireann eisp\u00e9ireas teangeola\u00edoch spreag\u00fail ar f\u00e1il d\u00f3ibh si\u00fad a bhfuil fonn orthu a c\u00f3ras gramada\u00ed uath\u00fail a ini\u00fachadh. Agus t\u00fa ag dul isteach i r\u00e9imse na Pashto, n\u00ed hamh\u00e1in go saibhreoidh t\u00fa do repertoire teangeola\u00edoch ach glacfaidh t\u00fa le turas cult\u00fartha suimi\u00fail freisin. C\u00e9 go bhf\u00e9adfadh gramadach Pashto a bheith casta ar dt\u00fas, d\u00e9anann s\u00e9 foghlaim na teanga n\u00edos inrochtana. San alt seo, d\u00e9anfaimid ini\u00fachadh ar shaol mealltach na gramada\u00ed Pashto agus tabharfaimid leideanna <a href=\"https:\/\/talkpal.ai\/ga\/maidir\/\">maidir<\/a> le conas a chastachta\u00ed a mh\u00e1istir.<\/p>\n\n\n\n<h3 class=\"wp-block-heading\" id=\"h-1-pashto-alphabet-and-phonetics\">1. Aib\u00edtir agus Foghra\u00edocht Pashto<\/h3>\n\n\n\n<p>T\u00e1 an c\u00f3ras scr\u00edbhneoireachta Pashto bunaithe ar an script Perso-Araibis agus cuims\u00edonn s\u00e9 litreacha breise at\u00e1 uath\u00fail do Pashto, mar shampla \u067c, \u0689, \u0693, \u06bc, \u0685, \u0681, \u069a, \u0696, agus \u06ab. Chun gramadach Pashto a fhoghlaim, t\u00e1 s\u00e9 r\u00edth\u00e1bhachtach eolas a <a href=\"https:\/\/talkpal.ai\/locations\/language-courses-in-chur\/\">chur<\/a> ar an script shaini\u00fail seo agus ar ch\u00f3ras fuaime Pashto, ina bhfuil consan retroflex agus aspirated, chomh maith le codarsnachta\u00ed guta tr\u00e9ithi\u00fala.<\/p>\n\n\n\n<h3 class=\"wp-block-heading\" id=\"h-2-split-ergativity-a-peculiar-pashto-feature\">2. Scoilt Ergativity: Gn\u00e9 Aisteach Pashto<\/h3>\n\n\n\n<p>Ceann de na gn\u00e9ithe is suntasa\u00ed de ghramadach Pashto is ea a ergativity scoilte i go leor cl\u00e1sail transitive aimsir chaite. Sna comhth\u00e9acsanna seo, t\u00e1 an gn\u00edomhaire le feice\u00e1il sa ch\u00e1s oblique agus is gn\u00e1ch go n-aonta\u00edonn an briathar leis an r\u00e9ad d\u00edreach in inscne agus uimhir seachas leis an ngn\u00edomhaire. T\u00e1 tuiscint a fh\u00e1il ar cathain a bhaineann an patr\u00fan ail\u00ednithe seo agus conas a oibr\u00edonn comhaont\u00fa r\u00edth\u00e1bhachtach chun cumars\u00e1id chruinn a dh\u00e9anamh i Pashto.<\/p>\n\n\n\n<h3 class=\"wp-block-heading\" id=\"h-3-nouns-and-pronouns-gender-and-cases\">3. Ainmfhocail agus Forainmneacha: Inscne agus C\u00e1sanna<\/h3>\n\n\n\n<p>T\u00e1 inscne ghramada\u00ed ag ainmfhocail Pashto (firinscneach n\u00f3 baininscneach) agus leanann siad roinnt patr\u00fain foirmithe iolra a athra\u00edonn de r\u00e9ir aicme ainmfhocail. D\u00e9anann Pashto idirdheal\u00fa freisin idir c\u00e1sanna d\u00edreacha agus oblique, a th\u00e9ann i bhfeidhm ar an gcaoi a n-iompra\u00edonn ainmfhocail agus forainmneacha le postpositions agus i dt\u00f3g\u00e1lacha briathra \u00e1irithe. I measc na bhforainmneacha i Pashto t\u00e1 foirmeacha pearsanta, sealbhacha, machnamhacha, l\u00e9iritheacha agus ceisti\u00fala, le leaganacha neamhsple\u00e1cha agus enclitic araon. M\u00e1 \u00e9ir\u00edonn t\u00fa eolach ar na foirmeacha seo agus ar a n-idirdhealuithe c\u00e1sanna, feabhs\u00f3idh s\u00e9 go m\u00f3r do thuiscint ar ghramadach Pashto.<\/p>\n\n\n\n<h3 class=\"wp-block-heading\" id=\"h-4-verbs-structure-and-conjugation\">4. Briathra: Strucht\u00far agus Comhchuingi\u00fa<\/h3>\n\n\n\n<p>Leanann briathra Pashto c\u00f3ras saini\u00fail eagraithe timpeall ar ghn\u00e9 agus aimsir, le comhaont\u00fa duine agus uimhreacha. I measc na gcro\u00ed-aimsir t\u00e1 an l\u00e1 at\u00e1 inniu ann, an t-am at\u00e1 thart agus an todhcha\u00ed, agus an todhcha\u00ed marc\u00e1ilte go coitianta ag baint \u00fas\u00e1ide as an gc\u00e1ithn\u00edn ba. Baineann Pashto \u00fas\u00e1id l\u00e1idir as gi\u00famar cos\u00fail le coinn\u00edollach, subjunctive, agus imperative, agus \u00fas\u00e1ideann s\u00e9 c\u00e1ithn\u00edn\u00ed s\u00e9anadh at\u00e1 difri\u00fail idir r\u00e1itis agus orduithe. Feabhs\u00f3idh foghlaim na bpatr\u00fain comhchuingithe, lena n-\u00e1ir\u00edtear gais foirfeachta agus neamhfhoirfe, do chumas cumars\u00e1id a dh\u00e9anamh go h\u00e9ifeachtach i Pashto.<\/p>\n\n\n\n<h3 class=\"wp-block-heading\" id=\"h-5-adjectives-agreement-and-placement\">5. Aidiachta\u00ed: Comhaont\u00fa agus Socr\u00fach\u00e1n<\/h3>\n\n\n\n<p>I ngramadach Pashto, is gn\u00e1ch go mb\u00edonn aidiachta\u00ed roimh an ainmfhocal a mhodhna\u00edonn siad, agus n\u00ed athra\u00edonn go leor aidiachta\u00ed foirm le haghaidh inscne n\u00f3 uimhir. Crutha\u00edonn roinnt aidiachta\u00ed br\u00edonna compar\u00e1ideacha agus superlative go neamhrialta n\u00f3 tr\u00ed nathanna socraithe, at\u00e1 riachtanach chun foghlaim cumars\u00e1id n\u00edos n\u00e1d\u00fartha.<\/p>\n\n\n\n<p><strong>Sampla\u00ed:<\/strong><\/p>\n\n\n\n<p><strong>&#8211; Loy Kor (Teach M\u00f3r)<\/strong><\/p>\n\n\n\n<p><strong>&#8211; Kuchni Mashuman (Leana\u00ed Beaga)<\/strong><\/p>\n\n\n\n<h3 class=\"wp-block-heading\" id=\"h-6-engaging-with-the-language\">6. Dul i ngleic leis an teanga<\/h3>\n\n\n\n<p>Is \u00e9 an bealach is \u00e9ifeachta\u00ed chun gramadach Pashto a thuiscint agus a inmhe\u00e1n\u00fa go hioml\u00e1n n\u00e1 dul i ngleic go comhsheasmhach leis an teanga. Tr\u00ed litr\u00edocht Pashto a l\u00e9amh, f\u00e9achaint ar scann\u00e1in n\u00f3 sraitheanna teilif\u00edse Pashto, \u00e9isteacht le raidi\u00f3 agus ceol, agus cumars\u00e1id ghn\u00edomhach a dh\u00e9anamh le cainteoir\u00ed d\u00fachais, treiseoidh t\u00fa do thuiscint ar an ngramadach agus leathn\u00f3idh t\u00fa do st\u00f3r focal.<\/p>\n\n\n\n<h3 class=\"wp-block-heading\" id=\"h-conclusion\">Concl\u00faid<\/h3>\n\n\n\n<p>C\u00e9 go bhf\u00e9adfadh gramadach Pashto a bheith casta, is f\u00e9idir leat a bheith inni\u00fail sa teanga \u00e1lainn seo le d\u00fathracht, cleachtas agus d\u00edograis. Tr\u00ed dh\u00edri\u00fa ar na rialacha bun\u00fasacha agus dul i ngleic leis an teanga i gcomhth\u00e9acsanna \u00e9ags\u00fala, cuirfidh t\u00fa feabhas tapa ar do <a href=\"https:\/\/talkpal.ai\/ga\/gramadach\/\">scileanna gramada\u00ed<\/a> Pashto. Kha bakht (\u00e1dh m\u00f3r) le do thuras teanga Pashto, agus bain sult as domhan enigmatic ach mealltach na gramada\u00ed Pashto a nochtadh!<\/p>\n<\/div><\/div>\n\r\n<section class=\"learnNavigationSection\">\r\n            \r\n        <a href=\"https:\/\/talkpal.ai\/ga\/foghlaim-pashto\/\">\r\n            <div class=\"learnNavigationWrapper\">\r\n                <div class=\"learnNavigationContent\">\r\n                    <img decoding=\"async\" src=\"https:\/\/talkpal.ai\/wp-content\/uploads\/2025\/11\/Pashto.png\" alt=\"Afghan Flag\">\r\n                    <div>\r\n                        <h4>Maidir le Foghlaim Pashto<\/h4>\r\n                        <p>Faigh amach gach rud faoi Ghramadach Pashto.<\/p>\r\n                    <\/div>\r\n                <\/div>\r\n            <\/div>\r\n        <\/a>\r\n\r\n        \r\n        <a href=\"https:\/\/talkpal.ai\/ga\/cleachtai-gramadai-pashto\/\">\r\n            <div class=\"learnNavigationWrapper\">\r\n                <div class=\"learnNavigationContent\">\r\n                    <img decoding=\"async\" src=\"https:\/\/talkpal.ai\/wp-content\/uploads\/2025\/11\/Pashto.png\" alt=\"Afghan Flag\">\r\n                    <div>\r\n                        <h4>Cleachtadh Gramada\u00ed Pashto<\/h4>\r\n                        <p>Cleachtadh Pashto.<\/p>\r\n                    <\/div>\r\n                <\/div>\r\n            <\/div>\r\n        <\/a>\r\n\r\n            <\/section>","protected":false},"excerpt":{"rendered":"<p>Nasclean\u00faint a dh\u00e9anamh ar Intricacies na Gramada\u00ed Pashto Pashto, teanga Oirthear na hIar\u00e1ine a bhfuil stair shaibhir agus t\u00e1bhacht chult\u00fartha aici ar fud na hAfganast\u00e1ine agus na Pacast\u00e1ine, cuireann eisp\u00e9ireas teangeola\u00edoch spreag\u00fail ar f\u00e1il d\u00f3ibh si\u00fad a bhfuil fonn orthu a c\u00f3ras gramada\u00ed uath\u00fail a ini\u00fachadh. Agus t\u00fa ag dul isteach i r\u00e9imse na Pashto, [&hellip;]<\/p>\n","protected":false},"author":20,"featured_media":0,"parent":0,"menu_order":0,"comment_status":"closed","ping_status":"closed","template":"LearningContentPage.php","meta":{"_acf_changed":false,"footnotes":""},"class_list":["post-1476328","page","type-page","status-publish","hentry"],"acf":[],"yoast_head":"<!-- This site is optimized with the Yoast SEO Premium plugin v27.2 (Yoast SEO v27.2) - https:\/\/yoast.com\/product\/yoast-seo-premium-wordpress\/ -->\n<title>Gramadach Pashto - Talkpal<\/title>\n<meta name=\"description\" content=\"D\u00e9an m\u00e1istreacht ar ghramadach na Paistise leis an treoir chuimsitheach seo a chl\u00fada\u00edonn an aib\u00edtir, f\u00f3ineola\u00edocht, scoilt-\u00e9ag\u00e1ideacht, ainmfhocail, forainmneacha, briathra agus aidiachta\u00ed.\" \/>\n<meta name=\"robots\" content=\"index, follow, max-snippet:-1, max-image-preview:large, max-video-preview:-1\" \/>\n<link rel=\"canonical\" href=\"https:\/\/talkpal.ai\/ga\/gramadach-pashto\/\" \/>\n<meta property=\"og:locale\" content=\"ga_IE\" \/>\n<meta property=\"og:type\" content=\"article\" \/>\n<meta property=\"og:title\" content=\"Gramadach Pashto\" \/>\n<meta property=\"og:description\" content=\"Nasclean\u00faint a dh\u00e9anamh ar Intricacies na Gramada\u00ed Pashto Pashto, teanga Oirthear na hIar\u00e1ine a bhfuil stair shaibhir agus t\u00e1bhacht chult\u00fartha aici ar fud\" \/>\n<meta property=\"og:url\" content=\"https:\/\/talkpal.ai\/ga\/gramadach-pashto\/\" \/>\n<meta property=\"og:site_name\" content=\"Talkpal\" \/>\n<meta property=\"article:publisher\" content=\"https:\/\/www.facebook.com\/profile.php?id=100090733639311\" \/>\n<meta property=\"article:modified_time\" content=\"2025-12-30T11:43:43+00:00\" \/>\n<meta property=\"og:image\" content=\"https:\/\/talkpal.ai\/wp-content\/uploads\/2025\/02\/Progress-tab-16_9.png\" \/>\n\t<meta property=\"og:image:width\" content=\"2880\" \/>\n\t<meta property=\"og:image:height\" content=\"1620\" \/>\n\t<meta property=\"og:image:type\" content=\"image\/png\" \/>\n<meta name=\"twitter:card\" content=\"summary_large_image\" \/>\n<meta name=\"twitter:site\" content=\"@talkpalai\" \/>\n<meta name=\"twitter:label1\" content=\"Est. reading time\" \/>\n\t<meta name=\"twitter:data1\" content=\"4 minutes\" \/>\n<script type=\"application\/ld+json\" class=\"yoast-schema-graph\">{\"@context\":\"https:\/\/schema.org\",\"@graph\":[{\"@type\":\"WebPage\",\"@id\":\"https:\/\/talkpal.ai\/ga\/gramadach-pashto\/\",\"url\":\"https:\/\/talkpal.ai\/ga\/gramadach-pashto\/\",\"name\":\"Gramadach Pashto - Talkpal\",\"isPartOf\":{\"@id\":\"https:\/\/talkpal.ai\/ga\/#website\"},\"datePublished\":\"2025-11-12T16:20:16+00:00\",\"dateModified\":\"2025-12-30T11:43:43+00:00\",\"description\":\"D\u00e9an m\u00e1istreacht ar ghramadach na Paistise leis an treoir chuimsitheach seo a chl\u00fada\u00edonn an aib\u00edtir, f\u00f3ineola\u00edocht, scoilt-\u00e9ag\u00e1ideacht, ainmfhocail, forainmneacha, briathra agus aidiachta\u00ed.\",\"breadcrumb\":{\"@id\":\"https:\/\/talkpal.ai\/ga\/gramadach-pashto\/#breadcrumb\"},\"inLanguage\":\"ga-IE\",\"potentialAction\":[{\"@type\":\"ReadAction\",\"target\":[\"https:\/\/talkpal.ai\/ga\/gramadach-pashto\/\"]}]},{\"@type\":\"BreadcrumbList\",\"@id\":\"https:\/\/talkpal.ai\/ga\/gramadach-pashto\/#breadcrumb\",\"itemListElement\":[{\"@type\":\"ListItem\",\"position\":1,\"name\":\"Homepage\",\"item\":\"https:\/\/talkpal.ai\/ga\/\"},{\"@type\":\"ListItem\",\"position\":2,\"name\":\"Gramadach Pashto\"}]},{\"@type\":\"WebSite\",\"@id\":\"https:\/\/talkpal.ai\/ga\/#website\",\"url\":\"https:\/\/talkpal.ai\/ga\/\",\"name\":\"Talkpal\",\"description\":\"AI Language Learning\",\"publisher\":{\"@id\":\"https:\/\/talkpal.ai\/ga\/#organization\"},\"alternateName\":\"Talkpal AI\",\"potentialAction\":[{\"@type\":\"SearchAction\",\"target\":{\"@type\":\"EntryPoint\",\"urlTemplate\":\"https:\/\/talkpal.ai\/ga\/?s={search_term_string}\"},\"query-input\":{\"@type\":\"PropertyValueSpecification\",\"valueRequired\":true,\"valueName\":\"search_term_string\"}}],\"inLanguage\":\"ga-IE\"},{\"@type\":\"Organization\",\"@id\":\"https:\/\/talkpal.ai\/ga\/#organization\",\"name\":\"Talkpal, Inc.\",\"alternateName\":\"Talkpal AI\",\"url\":\"https:\/\/talkpal.ai\/ga\/\",\"logo\":{\"@type\":\"ImageObject\",\"inLanguage\":\"ga-IE\",\"@id\":\"https:\/\/talkpal.ai\/ga\/#\/schema\/logo\/image\/\",\"url\":\"https:\/\/talkpal.ai\/wp-content\/uploads\/2024\/03\/Talkpal-Logo-Icon.png\",\"contentUrl\":\"https:\/\/talkpal.ai\/wp-content\/uploads\/2024\/03\/Talkpal-Logo-Icon.png\",\"width\":2880,\"height\":2880,\"caption\":\"Talkpal, Inc.\"},\"image\":{\"@id\":\"https:\/\/talkpal.ai\/ga\/#\/schema\/logo\/image\/\"},\"sameAs\":[\"https:\/\/www.facebook.com\/profile.php?id=100090733639311\",\"https:\/\/x.com\/talkpalai\",\"https:\/\/www.linkedin.com\/company\/talkpal\/\",\"https:\/\/www.youtube.com\/@TalkPal\/\",\"https:\/\/www.tiktok.com\/@talkpal\",\"https:\/\/www.instagram.com\/talkpal_ai\/\",\"https:\/\/www.crunchbase.com\/organization\/talkpal-9cde\",\"https:\/\/www.g2.com\/products\/talkpal-for-business\/\",\"https:\/\/www.trustpilot.com\/review\/talkpal.ai\",\"https:\/\/www.capterra.com\/p\/10006800\/TalkPal\/\"],\"description\":\"Talkpal is a language learning web and mobile education app, powered by the latest AI technologies, that provides engaging experiences to its customers in many different languages to help them improve their language skills. Users can chat about unlimited amount of topics with the app and use other modes to practice their language learning.\",\"email\":\"support@talkpal.ai\",\"legalName\":\"Talkpal, Inc.\",\"foundingDate\":\"2023-04-03\",\"duns\":\"118989042\",\"numberOfEmployees\":{\"@type\":\"QuantitativeValue\",\"minValue\":\"11\",\"maxValue\":\"50\"},\"publishingPrinciples\":\"https:\/\/talkpal.ai\/publishing-principles\/\",\"actionableFeedbackPolicy\":\"https:\/\/talkpal.ai\/actionable-feedback-policy\/\",\"correctionsPolicy\":\"https:\/\/talkpal.ai\/corrections-policy\/\",\"ethicsPolicy\":\"https:\/\/talkpal.ai\/ethics-policy\/\",\"diversityPolicy\":\"https:\/\/talkpal.ai\/diversity-policy\/\",\"diversityStaffingReport\":\"https:\/\/talkpal.ai\/diversity-policy\/\"}]}<\/script>\n<!-- \/ Yoast SEO Premium plugin. -->","yoast_head_json":{"title":"Gramadach Pashto - Talkpal","description":"D\u00e9an m\u00e1istreacht ar ghramadach na Paistise leis an treoir chuimsitheach seo a chl\u00fada\u00edonn an aib\u00edtir, f\u00f3ineola\u00edocht, scoilt-\u00e9ag\u00e1ideacht, ainmfhocail, forainmneacha, briathra agus aidiachta\u00ed.","robots":{"index":"index","follow":"follow","max-snippet":"max-snippet:-1","max-image-preview":"max-image-preview:large","max-video-preview":"max-video-preview:-1"},"canonical":"https:\/\/talkpal.ai\/ga\/gramadach-pashto\/","og_locale":"ga_IE","og_type":"article","og_title":"Gramadach Pashto","og_description":"Nasclean\u00faint a dh\u00e9anamh ar Intricacies na Gramada\u00ed Pashto Pashto, teanga Oirthear na hIar\u00e1ine a bhfuil stair shaibhir agus t\u00e1bhacht chult\u00fartha aici ar fud","og_url":"https:\/\/talkpal.ai\/ga\/gramadach-pashto\/","og_site_name":"Talkpal","article_publisher":"https:\/\/www.facebook.com\/profile.php?id=100090733639311","article_modified_time":"2025-12-30T11:43:43+00:00","og_image":[{"width":2880,"height":1620,"url":"https:\/\/talkpal.ai\/wp-content\/uploads\/2025\/02\/Progress-tab-16_9.png","type":"image\/png"}],"twitter_card":"summary_large_image","twitter_site":"@talkpalai","twitter_misc":{"Est. reading time":"4 minutes"},"schema":{"@context":"https:\/\/schema.org","@graph":[{"@type":"WebPage","@id":"https:\/\/talkpal.ai\/ga\/gramadach-pashto\/","url":"https:\/\/talkpal.ai\/ga\/gramadach-pashto\/","name":"Gramadach Pashto - Talkpal","isPartOf":{"@id":"https:\/\/talkpal.ai\/ga\/#website"},"datePublished":"2025-11-12T16:20:16+00:00","dateModified":"2025-12-30T11:43:43+00:00","description":"D\u00e9an m\u00e1istreacht ar ghramadach na Paistise leis an treoir chuimsitheach seo a chl\u00fada\u00edonn an aib\u00edtir, f\u00f3ineola\u00edocht, scoilt-\u00e9ag\u00e1ideacht, ainmfhocail, forainmneacha, briathra agus aidiachta\u00ed.","breadcrumb":{"@id":"https:\/\/talkpal.ai\/ga\/gramadach-pashto\/#breadcrumb"},"inLanguage":"ga-IE","potentialAction":[{"@type":"ReadAction","target":["https:\/\/talkpal.ai\/ga\/gramadach-pashto\/"]}]},{"@type":"BreadcrumbList","@id":"https:\/\/talkpal.ai\/ga\/gramadach-pashto\/#breadcrumb","itemListElement":[{"@type":"ListItem","position":1,"name":"Homepage","item":"https:\/\/talkpal.ai\/ga\/"},{"@type":"ListItem","position":2,"name":"Gramadach Pashto"}]},{"@type":"WebSite","@id":"https:\/\/talkpal.ai\/ga\/#website","url":"https:\/\/talkpal.ai\/ga\/","name":"Talkpal","description":"AI Language Learning","publisher":{"@id":"https:\/\/talkpal.ai\/ga\/#organization"},"alternateName":"Talkpal AI","potentialAction":[{"@type":"SearchAction","target":{"@type":"EntryPoint","urlTemplate":"https:\/\/talkpal.ai\/ga\/?s={search_term_string}"},"query-input":{"@type":"PropertyValueSpecification","valueRequired":true,"valueName":"search_term_string"}}],"inLanguage":"ga-IE"},{"@type":"Organization","@id":"https:\/\/talkpal.ai\/ga\/#organization","name":"Talkpal, Inc.","alternateName":"Talkpal AI","url":"https:\/\/talkpal.ai\/ga\/","logo":{"@type":"ImageObject","inLanguage":"ga-IE","@id":"https:\/\/talkpal.ai\/ga\/#\/schema\/logo\/image\/","url":"https:\/\/talkpal.ai\/wp-content\/uploads\/2024\/03\/Talkpal-Logo-Icon.png","contentUrl":"https:\/\/talkpal.ai\/wp-content\/uploads\/2024\/03\/Talkpal-Logo-Icon.png","width":2880,"height":2880,"caption":"Talkpal, Inc."},"image":{"@id":"https:\/\/talkpal.ai\/ga\/#\/schema\/logo\/image\/"},"sameAs":["https:\/\/www.facebook.com\/profile.php?id=100090733639311","https:\/\/x.com\/talkpalai","https:\/\/www.linkedin.com\/company\/talkpal\/","https:\/\/www.youtube.com\/@TalkPal\/","https:\/\/www.tiktok.com\/@talkpal","https:\/\/www.instagram.com\/talkpal_ai\/","https:\/\/www.crunchbase.com\/organization\/talkpal-9cde","https:\/\/www.g2.com\/products\/talkpal-for-business\/","https:\/\/www.trustpilot.com\/review\/talkpal.ai","https:\/\/www.capterra.com\/p\/10006800\/TalkPal\/"],"description":"Talkpal is a language learning web and mobile education app, powered by the latest AI technologies, that provides engaging experiences to its customers in many different languages to help them improve their language skills. Users can chat about unlimited amount of topics with the app and use other modes to practice their language learning.","email":"support@talkpal.ai","legalName":"Talkpal, Inc.","foundingDate":"2023-04-03","duns":"118989042","numberOfEmployees":{"@type":"QuantitativeValue","minValue":"11","maxValue":"50"},"publishingPrinciples":"https:\/\/talkpal.ai\/publishing-principles\/","actionableFeedbackPolicy":"https:\/\/talkpal.ai\/actionable-feedback-policy\/","correctionsPolicy":"https:\/\/talkpal.ai\/corrections-policy\/","ethicsPolicy":"https:\/\/talkpal.ai\/ethics-policy\/","diversityPolicy":"https:\/\/talkpal.ai\/diversity-policy\/","diversityStaffingReport":"https:\/\/talkpal.ai\/diversity-policy\/"}]}},"_links":{"self":[{"href":"https:\/\/talkpal.ai\/ga\/wp-json\/wp\/v2\/pages\/1476328","targetHints":{"allow":["GET"]}}],"collection":[{"href":"https:\/\/talkpal.ai\/ga\/wp-json\/wp\/v2\/pages"}],"about":[{"href":"https:\/\/talkpal.ai\/ga\/wp-json\/wp\/v2\/types\/page"}],"author":[{"embeddable":true,"href":"https:\/\/talkpal.ai\/ga\/wp-json\/wp\/v2\/users\/20"}],"replies":[{"embeddable":true,"href":"https:\/\/talkpal.ai\/ga\/wp-json\/wp\/v2\/comments?post=1476328"}],"version-history":[{"count":0,"href":"https:\/\/talkpal.ai\/ga\/wp-json\/wp\/v2\/pages\/1476328\/revisions"}],"wp:attachment":[{"href":"https:\/\/talkpal.ai\/ga\/wp-json\/wp\/v2\/media?parent=1476328"}],"curies":[{"name":"wp","href":"https:\/\/api.w.org\/{rel}","templated":true}]}}